{"id":53,"date":"2022-06-03T14:50:23","date_gmt":"2022-06-03T12:50:23","guid":{"rendered":"https:\/\/nailner.com\/at\/?page_id=53"},"modified":"2025-09-22T08:16:41","modified_gmt":"2025-09-22T06:16:41","slug":"ueber-nailner","status":"publish","type":"page","link":"https:\/\/nailner.com\/at\/ueber-nailner\/","title":{"rendered":"\u00dcber Nailner"},"content":{"rendered":"\n<div class=\"wp-block-karopharma-background-image-with-text-v2 background-image-with-text-v2 undefined content-position-center fixed-height-layout\" datatest=\"root\"><div class=\"background-image-with-text-wrapper\"><picture class=\"background-image-with-text-image\"><source media=\"(max-width: 560px)\" srcset=\"https:\/\/nailner.com\/cdn-cgi\/image\/format=auto,width=560\/app\/uploads\/sites\/10\/2022\/06\/Nailner_Nagelpiltz_Stift_2-In-1_DE-AT_Background.png\"\/><source media=\"(max-width: 800px)\" srcset=\"https:\/\/nailner.com\/cdn-cgi\/image\/format=auto,width=800\/app\/uploads\/sites\/10\/2022\/06\/Nailner_Nagelpiltz_Stift_2-In-1_DE-AT_Background.png\"\/><source media=\"(max-width: 1920px)\" srcset=\"https:\/\/nailner.com\/cdn-cgi\/image\/format=auto,width=1920\/app\/uploads\/sites\/10\/2022\/06\/Nailner_Nagelpiltz_Stift_2-In-1_DE-AT_Background.png\"\/><img decoding=\"async\" width=\"2000\" height=\"1333\" datatest=\"background-image\" loading=\"lazy\" class=\"object-center object-cover\" src=\"https:\/\/nailner.com\/cdn-cgi\/image\/format=auto\/app\/uploads\/sites\/10\/2022\/06\/Nailner_Nagelpiltz_Stift_2-In-1_DE-AT_Background.png\" alt=\"Nailner_Nagelpiltz_Stift_2-In-1_DE-AT_Background\"\/><\/picture><div datatest=\"content-wrapper\" class=\"background-image-with-text-content-wrapper container max-w-medium text-alignment-left  pt-large pb-large\"><div class=\"content\">\n<div class=\"wp-block-buttons is-layout-flex wp-block-buttons-is-layout-flex\"><\/div>\n<\/div><\/div><\/div><\/div>\n\n\n\n<div class=\"wp-block-karopharma-free-text undefined bg-center bg-contain bg-no-repeat  is-style-secondary\" style=\"background-image:url()\"><div class=\"free-text-wrapper container max-w-medium text-center\">\n<h1 class=\"is-style-heading-huge wp-block-heading\">\u00dcber Nailner<\/h1>\n\n\n\n<p class=\"is-style-paragraph-preamble\">Mehr als ein Mittel gegen Nagelpilz<\/p>\n\n\n\n<p>Mit Nailner tun Sie nicht nur etwas gegen Nagelpilz, sondern verbessern auch das Aussehen Ihrer N\u00e4gel \u2013 schon w\u00e4hrend der Behandlung. Das perfekte Produkt f\u00fcr Ihre Bed\u00fcrfnisse: einfach in der Anwendung und rasch in der Wirkung.<\/p>\n<\/div><\/div>\n\n\n\n<div class=\"wp-block-karopharma-accordions\"><div class=\"container\">\n<details class=\"wp-block-karopharma-accordion\"><summary><h2 class=\"accordion-title\">Wie lange dauert die Behandlung?<\/h2><\/summary><div class=\"accordion-content\">\n<p>Um die Infektion zu beseitigen, braucht es in der Regel 12&nbsp;Wochen. 12&nbsp;Monate nach der Behandlung ist der neue Nagel meist vollst\u00e4ndig nachgewachsen.<\/p>\n<\/div><\/details>\n\n\n\n<details class=\"wp-block-karopharma-accordion\"><summary><h2 class=\"accordion-title\">Wie lange dauert es, bis die betroffenen N\u00e4gel wieder besser aussehen?<\/h2><\/summary><div class=\"accordion-content\">\n<p>Alle Produkte von Nailner verbessern das Aussehen Ihrer N\u00e4gel schon w\u00e4hrend der Behandlung. F\u00fcr gesund und sch\u00f6n aussehende N\u00e4gel \u2013 trotz Nagelpilz.<\/p>\n<\/div><\/details>\n\n\n\n<details class=\"wp-block-karopharma-accordion\"><summary><h2 class=\"accordion-title\">Muss der Nagel vor dem Auftragen gefeilt werden?<\/h2><\/summary><div class=\"accordion-content\">\n<p>Nein. Alle Produkte von Nailner sind praktisch und einfach in der Anwendung. Da Sie den Nagel nicht feilen m\u00fcssen, ben\u00f6tigen Sie nur 1 bis 2 Minuten pro Tag f\u00fcr die Behandlung.<\/p>\n<\/div><\/details>\n\n\n\n<details class=\"wp-block-karopharma-accordion\"><summary><h2 class=\"accordion-title\">Wie wirkt Nailner?<\/h2><\/summary><div class=\"accordion-content\">\n<p>Nailner dringt tief in die Keratinschicht des Nagels ein und senkt dort den pH-Wert. Es entsteht ein Umfeld, in dem der Pilz nicht \u00fcberleben kann und die Infektion abklingt. Auch Neuinfektionen haben keine Chance, da die Pilzsporen an der Ausbreitung gehindert werden. Alle Nailner-Produkte enthalten feuchtigkeitsspendende Inhaltsstoffe, die den besch\u00e4digten Nagel pflegen und den Heilungsprozess beschleunigen. Sie m\u00fcssen daf\u00fcr nur die L\u00f6sung mit dem beiliegenden Stift oder Pinsel auftragen \u2013 fertig! Eine Nagelfeile brauchen Sie nicht.<br><br>Klinische Studien zeigten, dass bei Patienten, die Nailner einmal pro Tag auftrugen, der Nagelpilz nach 12&nbsp;Wochen vollst\u00e4ndig verschwand. Die Inhaltsstoffe von Nailner sch\u00e4digen den Nagel nicht, daher k\u00f6nnen Sie Nailner sowohl zur Behandlung als auch zur Vorbeugung von Nagelpilz verwenden.<\/p>\n<\/div><\/details>\n<\/div><\/div>\n\n\n\n<div class=\"wp-block-karopharma-free-text undefined bg-center bg-contain bg-no-repeat\" style=\"background-image:url()\"><div class=\"free-text-wrapper container max-w-medium text-left\">\n<h2 class=\"is-style-heading-h2 wp-block-heading\">Nailner behandelt Nagelpilz doppelt wirksam:<\/h2>\n\n\n\n<h3 class=\"is-style-heading-h3 wp-block-heading\">Bek\u00e4mpft die Pilzinfektion im Inneren des Nagels:<\/h3>\n\n\n\n<p>Pilze befallen nicht nur die Nageloberfl\u00e4che, sondern dringen in allen Schichten des Nagels vor. Um den vorhandenen Pilz vollst\u00e4ndig zu entfernen, verteilt sich Nailner im gesamten Nagel. So wirken die aktiven Inhaltsstoffe nicht nur auf der Oberfl\u00e4che, sondern auch tief im Inneren des Nagels.<\/p>\n\n\n\n<h3 class=\"is-style-heading-h4 wp-block-heading\">Senkt den pH-Wert zur Beseitigung der Infektion:<\/h3>\n\n\n\n<p>Pilze f\u00fchlen sich in Umgebungen mit hohem pH-Wert besonders wohl. In solchen Milieus setzen sie Wirkstoffe frei, die das Keratin im Nagel zersetzen und sichtbare Sch\u00e4den verursachen. Nailner bek\u00e4mpft den Pilz mit Milchs\u00e4ure. Sie senkt den pH-Wert im Nagel und schafft so eine Umgebung, in der Pilze nicht \u00fcberleben k\u00f6nnen. Nailner eignet sich nicht nur zur Anwendung am Fu\u00dfnagelpilz, sondern auch bei Befall der Fingern\u00e4gel.<\/p>\n<\/div><\/div>\n\n\n<div class=\"product-list wp-block-karopharma-product-list\" data-testid=\"product-list\">\n      <div class=\"swiper-container\">\n      <div class=\"swiper\">\n        <div class=\"swiper-wrapper\">\n                      <div class=\"swiper-slide\">\n              <div class=\"product-card\" data-testid=\"product-card\">\n  <a\n    href=https:\/\/nailner.com\/at\/produkt\/nailner-2-in-1-nagelpilz-stift\/\n    class=\"product-card-link\"\n    title=\"Nailner 2 In 1 Nagelpilz-Stift\"\n  >\n  <figure class=\"product-card-image\" data-testid=\"product-image\">\n                          <img decoding=\"async\" src=\"https:\/\/nailner.com\/cdn-cgi\/image\/width=700,format=auto\/app\/uploads\/sites\/10\/2025\/04\/Nailner_2in1-stift.png\"\n        srcset=\"https:\/\/nailner.com\/cdn-cgi\/image\/width=250,format=auto\/app\/uploads\/sites\/10\/2025\/04\/Nailner_2in1-stift.png 250w,\n                https:\/\/nailner.com\/cdn-cgi\/image\/width=500,format=auto\/app\/uploads\/sites\/10\/2025\/04\/Nailner_2in1-stift.png 500w,\n                https:\/\/nailner.com\/cdn-cgi\/image\/width=700,format=auto\/app\/uploads\/sites\/10\/2025\/04\/Nailner_2in1-stift.png 700w\"\n        sizes=\"(max-width: 400px) 250px, (max-width: 800px) 500px, 700px\"\n        alt=\"Nailner_2in1-stift\"\n        class=\"img\">\n            <\/figure>\n    <div class=\"product-card-content\">\n      <div class=\"heading-wrapper\">\n        <h2 class=\"heading\">Nailner 2 In 1 Nagelpilz-Stift<\/h2>\n      <\/div>\n      <div class=\"product-card-description\">F\u00fcr ges\u00fcndere, hellere N\u00e4gel<\/div>\n                      <\/div>\n  <\/a>\n          <div class=\"button-wrapper buy-now \" data-testid=\"buy-now\">\n      <div class=\"buy-now-container dropdown-container\">\n      <div class=\"theme-button button-primary-color dropdown-link\" aria-label=\"Jetzt kaufen\">\n          Jetzt kaufen <i class=\"dropdown\"><\/i>\n      <\/div>\n      <ul class=\"reseller-list submenu\">\n                    <li>\n              <a\n                href=\"https:\/\/www.newpharma.at\/nailner\/614319\/nailner-nagelpilz-stift-2in1-stift-4ml.html\" onclick=\"dataLayer.push({'event':'ga_event', 'eventCategory':'Click on Reseller', 'eventAction':'New Pharma', 'eventLabel':'Nailner 2 In 1 Nagelpilz-Stift', 'eventValue': undefined})\" rel=\"noopener\" target=\"_blank\" title=\"New Pharma\"\n                data-testid=\"buy-now-reseller\">\n                <i class=\"fa-solid fa-arrow-right\"><\/i> New Pharma\n              <\/a>\n          <\/li>\n                    <li>\n              <a\n                href=\"https:\/\/www.vamida.at\/nailner-nagelpilz-stift.html\" onclick=\"dataLayer.push({'event':'ga_event', 'eventCategory':'Click on Reseller', 'eventAction':'Vamida', 'eventLabel':'Nailner 2 In 1 Nagelpilz-Stift', 'eventValue': undefined})\" rel=\"noopener\" target=\"_blank\" title=\"Vamida\"\n                data-testid=\"buy-now-reseller\">\n                <i class=\"fa-solid fa-arrow-right\"><\/i> Vamida\n              <\/a>\n          <\/li>\n                <\/ul>\n    <\/div>\n  <\/div>\n  <\/div>\n            <\/div>\n                      <div class=\"swiper-slide\">\n              <div class=\"product-card\" data-testid=\"product-card\">\n  <a\n    href=https:\/\/nailner.com\/at\/produkt\/nailner-2-in-1\/\n    class=\"product-card-link\"\n    title=\"Nailner 2 In 1 Pinsell\u00f6sung\"\n  >\n  <figure class=\"product-card-image\" data-testid=\"product-image\">\n                          <img decoding=\"async\" src=\"https:\/\/nailner.com\/cdn-cgi\/image\/width=700,format=auto\/app\/uploads\/sites\/10\/2025\/04\/Nailner-2in1-pinselloesung.png\"\n        srcset=\"https:\/\/nailner.com\/cdn-cgi\/image\/width=250,format=auto\/app\/uploads\/sites\/10\/2025\/04\/Nailner-2in1-pinselloesung.png 250w,\n                https:\/\/nailner.com\/cdn-cgi\/image\/width=500,format=auto\/app\/uploads\/sites\/10\/2025\/04\/Nailner-2in1-pinselloesung.png 500w,\n                https:\/\/nailner.com\/cdn-cgi\/image\/width=700,format=auto\/app\/uploads\/sites\/10\/2025\/04\/Nailner-2in1-pinselloesung.png 700w\"\n        sizes=\"(max-width: 400px) 250px, (max-width: 800px) 500px, 700px\"\n        alt=\"Nailner-2in1-pinsello\u0308sung\"\n        class=\"img\">\n            <\/figure>\n    <div class=\"product-card-content\">\n      <div class=\"heading-wrapper\">\n        <h2 class=\"heading\">Nailner 2 In 1 Pinsell\u00f6sung<\/h2>\n      <\/div>\n      <div class=\"product-card-description\">F\u00fcr ges\u00fcndere, hellere N\u00e4gel<\/div>\n                      <\/div>\n  <\/a>\n          <div class=\"button-wrapper buy-now \" data-testid=\"buy-now\">\n      <div class=\"buy-now-container dropdown-container\">\n      <div class=\"theme-button button-primary-color dropdown-link\" aria-label=\"Jetzt kaufen\">\n          Jetzt kaufen <i class=\"dropdown\"><\/i>\n      <\/div>\n      <ul class=\"reseller-list submenu\">\n                    <li>\n              <a\n                href=\"https:\/\/www.newpharma.at\/nailner\/505999\/nailner-nagelpilz-losung-pinsel-2in1-flakon-5ml.html\" onclick=\"dataLayer.push({'event':'ga_event', 'eventCategory':'Click on Reseller', 'eventAction':'New Pharma', 'eventLabel':'Nailner 2 In 1 Pinsell\u00f6sung', 'eventValue': undefined})\" rel=\"noopener\" target=\"_blank\" title=\"New Pharma\"\n                data-testid=\"buy-now-reseller\">\n                <i class=\"fa-solid fa-arrow-right\"><\/i> New Pharma\n              <\/a>\n          <\/li>\n                    <li>\n              <a\n                href=\"https:\/\/www.shop-apotheke.at\/arzneimittel\/A4296084\/nailner-2-in-1-nagelpilz-pinselloesung-fuer-gesuendere-hellere-naegel.htm?eventName=click%20on%20product%20list%20item&amp;eventType=click&amp;objectIDs=[A4296084]&amp;position=1&amp;query=nailner&amp;queryID=13e05d995e149541e50963dbf648cae4\" onclick=\"dataLayer.push({'event':'ga_event', 'eventCategory':'Click on Reseller', 'eventAction':'Shop Apotheke', 'eventLabel':'Nailner 2 In 1 Pinsell\u00f6sung', 'eventValue': undefined})\" rel=\"noopener\" target=\"_blank\" title=\"Shop Apotheke\"\n                data-testid=\"buy-now-reseller\">\n                <i class=\"fa-solid fa-arrow-right\"><\/i> Shop Apotheke\n              <\/a>\n          <\/li>\n                    <li>\n              <a\n                href=\"https:\/\/www.vamida.at\/nailner-nagelpilz-2-in-1-pinsellosung.html\" onclick=\"dataLayer.push({'event':'ga_event', 'eventCategory':'Click on Reseller', 'eventAction':'Vamida', 'eventLabel':'Nailner 2 In 1 Pinsell\u00f6sung', 'eventValue': undefined})\" rel=\"noopener\" target=\"_blank\" title=\"Vamida\"\n                data-testid=\"buy-now-reseller\">\n                <i class=\"fa-solid fa-arrow-right\"><\/i> Vamida\n              <\/a>\n          <\/li>\n                <\/ul>\n    <\/div>\n  <\/div>\n  <\/div>\n            <\/div>\n                  <\/div>\n        <div class=\"swiper-scrollbar\"><\/div>\n      <\/div>\n    <\/div>\n  <\/div>\n","protected":false},"excerpt":{"rendered":"","protected":false},"author":3,"featured_media":0,"parent":0,"menu_order":0,"comment_status":"closed","ping_status":"closed","template":"","meta":{"_acf_changed":false,"footnotes":""},"from-article-database":[],"class_list":["post-53","page","type-page","status-publish","hentry"],"acf":[],"yoast_head":"<!-- This site is optimized with the Yoast SEO plugin v26.6 - https:\/\/yoast.com\/wordpress\/plugins\/seo\/ -->\n<title>\u00dcber Nailner - Nailner<\/title>\n<meta name=\"description\" content=\"Mit Nailner tun Sie nicht nur etwas gegen Nagelpilz, sondern verbessern auch das Aussehen Ihrer N\u00e4gel \u2013 schon w\u00e4hrend der Behandlung.\" \/>\n<meta name=\"robots\" content=\"index, follow, max-snippet:-1, max-image-preview:large, max-video-preview:-1\" \/>\n<link rel=\"canonical\" href=\"https:\/\/nailner.com\/at\/ueber-nailner\/\" \/>\n<meta property=\"og:locale\" content=\"de_DE\" \/>\n<meta property=\"og:type\" content=\"article\" \/>\n<meta property=\"og:title\" content=\"\u00dcber Nailner - Nailner\" \/>\n<meta property=\"og:description\" content=\"Mit Nailner tun Sie nicht nur etwas gegen Nagelpilz, sondern verbessern auch das Aussehen Ihrer N\u00e4gel \u2013 schon w\u00e4hrend der Behandlung.\" \/>\n<meta property=\"og:url\" content=\"https:\/\/nailner.com\/at\/ueber-nailner\/\" \/>\n<meta property=\"og:site_name\" content=\"Nailner\" \/>\n<meta property=\"article:modified_time\" content=\"2025-09-22T06:16:41+00:00\" \/>\n<meta property=\"og:image\" content=\"https:\/\/nailner.com\/cdn-cgi\/image\/format=auto\/app\/uploads\/sites\/10\/2022\/06\/Nailner_Nagelpiltz_Stift_2-In-1_DE-AT_Background.png\" \/>\n<meta name=\"twitter:card\" content=\"summary_large_image\" \/>\n<meta name=\"twitter:label1\" content=\"Gesch\u00e4tzte Lesezeit\" \/>\n\t<meta name=\"twitter:data1\" content=\"3 Minuten\" \/>\n<script type=\"application\/ld+json\" class=\"yoast-schema-graph\">{\"@context\":\"https:\/\/schema.org\",\"@graph\":[{\"@type\":\"WebPage\",\"@id\":\"https:\/\/nailner.com\/at\/ueber-nailner\/\",\"url\":\"https:\/\/nailner.com\/at\/ueber-nailner\/\",\"name\":\"\u00dcber Nailner - Nailner\",\"isPartOf\":{\"@id\":\"https:\/\/nailner.com\/at\/#website\"},\"primaryImageOfPage\":{\"@id\":\"https:\/\/nailner.com\/at\/ueber-nailner\/#primaryimage\"},\"image\":{\"@id\":\"https:\/\/nailner.com\/at\/ueber-nailner\/#primaryimage\"},\"thumbnailUrl\":\"https:\/\/nailner.com\/cdn-cgi\/image\/format=auto\/app\/uploads\/sites\/10\/2022\/06\/Nailner_Nagelpiltz_Stift_2-In-1_DE-AT_Background.png\",\"datePublished\":\"2022-06-03T12:50:23+00:00\",\"dateModified\":\"2025-09-22T06:16:41+00:00\",\"description\":\"Mit Nailner tun Sie nicht nur etwas gegen Nagelpilz, sondern verbessern auch das Aussehen Ihrer N\u00e4gel \u2013 schon w\u00e4hrend der Behandlung.\",\"breadcrumb\":{\"@id\":\"https:\/\/nailner.com\/at\/ueber-nailner\/#breadcrumb\"},\"inLanguage\":\"de-AT\",\"potentialAction\":[{\"@type\":\"ReadAction\",\"target\":[\"https:\/\/nailner.com\/at\/ueber-nailner\/\"]}]},{\"@type\":\"ImageObject\",\"inLanguage\":\"de-AT\",\"@id\":\"https:\/\/nailner.com\/at\/ueber-nailner\/#primaryimage\",\"url\":\"https:\/\/nailner.com\/cdn-cgi\/image\/format=auto\/app\/uploads\/sites\/10\/2022\/06\/Nailner_Nagelpiltz_Stift_2-In-1_DE-AT_Background.png\",\"contentUrl\":\"https:\/\/nailner.com\/cdn-cgi\/image\/format=auto\/app\/uploads\/sites\/10\/2022\/06\/Nailner_Nagelpiltz_Stift_2-In-1_DE-AT_Background.png\"},{\"@type\":\"BreadcrumbList\",\"@id\":\"https:\/\/nailner.com\/at\/ueber-nailner\/#breadcrumb\",\"itemListElement\":[{\"@type\":\"ListItem\",\"position\":1,\"name\":\"Home\",\"item\":\"https:\/\/nailner.com\/at\/\"},{\"@type\":\"ListItem\",\"position\":2,\"name\":\"\u00dcber Nailner\"}]},{\"@type\":\"WebSite\",\"@id\":\"https:\/\/nailner.com\/at\/#website\",\"url\":\"https:\/\/nailner.com\/at\/\",\"name\":\"Nailner\",\"description\":\"\",\"publisher\":{\"@id\":\"https:\/\/nailner.com\/at\/#organization\"},\"potentialAction\":[{\"@type\":\"SearchAction\",\"target\":{\"@type\":\"EntryPoint\",\"urlTemplate\":\"https:\/\/nailner.com\/at\/?s={search_term_string}\"},\"query-input\":{\"@type\":\"PropertyValueSpecification\",\"valueRequired\":true,\"valueName\":\"search_term_string\"}}],\"inLanguage\":\"de-AT\"},{\"@type\":\"Organization\",\"@id\":\"https:\/\/nailner.com\/at\/#organization\",\"name\":\"Nailner\",\"url\":\"https:\/\/nailner.com\/at\/\",\"logo\":{\"@type\":\"ImageObject\",\"inLanguage\":\"de-AT\",\"@id\":\"https:\/\/nailner.com\/at\/#\/schema\/logo\/image\/\",\"url\":\"https:\/\/nailner.com\/app\/uploads\/sites\/10\/2025\/04\/Nailner-logo.png\",\"contentUrl\":\"https:\/\/nailner.com\/app\/uploads\/sites\/10\/2025\/04\/Nailner-logo.png\",\"width\":134,\"height\":32,\"caption\":\"Nailner\"},\"image\":{\"@id\":\"https:\/\/nailner.com\/at\/#\/schema\/logo\/image\/\"}}]}<\/script>\n<!-- \/ Yoast SEO plugin. -->","yoast_head_json":{"title":"\u00dcber Nailner - Nailner","description":"Mit Nailner tun Sie nicht nur etwas gegen Nagelpilz, sondern verbessern auch das Aussehen Ihrer N\u00e4gel \u2013 schon w\u00e4hrend der Behandlung.","robots":{"index":"index","follow":"follow","max-snippet":"max-snippet:-1","max-image-preview":"max-image-preview:large","max-video-preview":"max-video-preview:-1"},"canonical":"https:\/\/nailner.com\/at\/ueber-nailner\/","og_locale":"de_DE","og_type":"article","og_title":"\u00dcber Nailner - Nailner","og_description":"Mit Nailner tun Sie nicht nur etwas gegen Nagelpilz, sondern verbessern auch das Aussehen Ihrer N\u00e4gel \u2013 schon w\u00e4hrend der Behandlung.","og_url":"https:\/\/nailner.com\/at\/ueber-nailner\/","og_site_name":"Nailner","article_modified_time":"2025-09-22T06:16:41+00:00","og_image":[{"url":"https:\/\/nailner.com\/cdn-cgi\/image\/format=auto\/app\/uploads\/sites\/10\/2022\/06\/Nailner_Nagelpiltz_Stift_2-In-1_DE-AT_Background.png","type":"","width":"","height":""}],"twitter_card":"summary_large_image","twitter_misc":{"Gesch\u00e4tzte Lesezeit":"3 Minuten"},"schema":{"@context":"https:\/\/schema.org","@graph":[{"@type":"WebPage","@id":"https:\/\/nailner.com\/at\/ueber-nailner\/","url":"https:\/\/nailner.com\/at\/ueber-nailner\/","name":"\u00dcber Nailner - Nailner","isPartOf":{"@id":"https:\/\/nailner.com\/at\/#website"},"primaryImageOfPage":{"@id":"https:\/\/nailner.com\/at\/ueber-nailner\/#primaryimage"},"image":{"@id":"https:\/\/nailner.com\/at\/ueber-nailner\/#primaryimage"},"thumbnailUrl":"https:\/\/nailner.com\/cdn-cgi\/image\/format=auto\/app\/uploads\/sites\/10\/2022\/06\/Nailner_Nagelpiltz_Stift_2-In-1_DE-AT_Background.png","datePublished":"2022-06-03T12:50:23+00:00","dateModified":"2025-09-22T06:16:41+00:00","description":"Mit Nailner tun Sie nicht nur etwas gegen Nagelpilz, sondern verbessern auch das Aussehen Ihrer N\u00e4gel \u2013 schon w\u00e4hrend der Behandlung.","breadcrumb":{"@id":"https:\/\/nailner.com\/at\/ueber-nailner\/#breadcrumb"},"inLanguage":"de-AT","potentialAction":[{"@type":"ReadAction","target":["https:\/\/nailner.com\/at\/ueber-nailner\/"]}]},{"@type":"ImageObject","inLanguage":"de-AT","@id":"https:\/\/nailner.com\/at\/ueber-nailner\/#primaryimage","url":"https:\/\/nailner.com\/cdn-cgi\/image\/format=auto\/app\/uploads\/sites\/10\/2022\/06\/Nailner_Nagelpiltz_Stift_2-In-1_DE-AT_Background.png","contentUrl":"https:\/\/nailner.com\/cdn-cgi\/image\/format=auto\/app\/uploads\/sites\/10\/2022\/06\/Nailner_Nagelpiltz_Stift_2-In-1_DE-AT_Background.png"},{"@type":"BreadcrumbList","@id":"https:\/\/nailner.com\/at\/ueber-nailner\/#breadcrumb","itemListElement":[{"@type":"ListItem","position":1,"name":"Home","item":"https:\/\/nailner.com\/at\/"},{"@type":"ListItem","position":2,"name":"\u00dcber Nailner"}]},{"@type":"WebSite","@id":"https:\/\/nailner.com\/at\/#website","url":"https:\/\/nailner.com\/at\/","name":"Nailner","description":"","publisher":{"@id":"https:\/\/nailner.com\/at\/#organization"},"potentialAction":[{"@type":"SearchAction","target":{"@type":"EntryPoint","urlTemplate":"https:\/\/nailner.com\/at\/?s={search_term_string}"},"query-input":{"@type":"PropertyValueSpecification","valueRequired":true,"valueName":"search_term_string"}}],"inLanguage":"de-AT"},{"@type":"Organization","@id":"https:\/\/nailner.com\/at\/#organization","name":"Nailner","url":"https:\/\/nailner.com\/at\/","logo":{"@type":"ImageObject","inLanguage":"de-AT","@id":"https:\/\/nailner.com\/at\/#\/schema\/logo\/image\/","url":"https:\/\/nailner.com\/app\/uploads\/sites\/10\/2025\/04\/Nailner-logo.png","contentUrl":"https:\/\/nailner.com\/app\/uploads\/sites\/10\/2025\/04\/Nailner-logo.png","width":134,"height":32,"caption":"Nailner"},"image":{"@id":"https:\/\/nailner.com\/at\/#\/schema\/logo\/image\/"}}]}},"_links":{"self":[{"href":"https:\/\/nailner.com\/at\/wp-json\/wp\/v2\/pages\/53","targetHints":{"allow":["GET"]}}],"collection":[{"href":"https:\/\/nailner.com\/at\/wp-json\/wp\/v2\/pages"}],"about":[{"href":"https:\/\/nailner.com\/at\/wp-json\/wp\/v2\/types\/page"}],"author":[{"embeddable":true,"href":"https:\/\/nailner.com\/at\/wp-json\/wp\/v2\/users\/3"}],"replies":[{"embeddable":true,"href":"https:\/\/nailner.com\/at\/wp-json\/wp\/v2\/comments?post=53"}],"version-history":[{"count":2,"href":"https:\/\/nailner.com\/at\/wp-json\/wp\/v2\/pages\/53\/revisions"}],"predecessor-version":[{"id":368,"href":"https:\/\/nailner.com\/at\/wp-json\/wp\/v2\/pages\/53\/revisions\/368"}],"wp:attachment":[{"href":"https:\/\/nailner.com\/at\/wp-json\/wp\/v2\/media?parent=53"}],"wp:term":[{"taxonomy":"from-article-database","embeddable":true,"href":"https:\/\/nailner.com\/at\/wp-json\/wp\/v2\/from-article-database?post=53"}],"curies":[{"name":"wp","href":"https:\/\/api.w.org\/{rel}","templated":true}]}}