{"id":58,"date":"2022-06-03T14:56:00","date_gmt":"2022-06-03T12:56:00","guid":{"rendered":"https:\/\/nailner.com\/at\/?page_id=58"},"modified":"2025-09-22T08:16:39","modified_gmt":"2025-09-22T06:16:39","slug":"faq","status":"publish","type":"page","link":"https:\/\/nailner.com\/at\/faq\/","title":{"rendered":"FAQ"},"content":{"rendered":"\n<div class=\"wp-block-karopharma-free-text undefined bg-center bg-contain bg-no-repeat  is-style-secondary\" style=\"background-image:url()\"><div class=\"free-text-wrapper container max-w-medium text-center\">\n<h1 class=\"is-style-heading-huge wp-block-heading\">H\u00e4ufig gestellte Fragen<\/h1>\n\n\n\n<p class=\"is-style-paragraph-preamble\">Hier finden Sie einige der h\u00e4ufigsten Fragen zu Produkten von Nailner.<\/p>\n<\/div><\/div>\n\n\n\n<div class=\"wp-block-karopharma-accordions\"><div class=\"container\">\n<details class=\"wp-block-karopharma-accordion\"><summary><h2 class=\"accordion-title\">Wie wirkt Nailner?<\/h2><\/summary><div class=\"accordion-content\">\n<p>Die spezielle Rezeptur von Nailner bek\u00e4mpft Nagelpilz und beugt einer Infektion vor. Dank der einzigartigen Zusammensetzung verteilen sich die Inhaltsstoffe auch im Inneren des Nagels und ver\u00e4ndern hier den pH-Wert. So packt Nailner den Pilz direkt an der Wurzel.<\/p>\n<\/div><\/details>\n\n\n\n<details class=\"wp-block-karopharma-accordion\"><summary><h2 class=\"accordion-title\">Kann Nailner \u00fcber Nagellack aufgetragen werden?<\/h2><\/summary><div class=\"accordion-content\">\n<p>Nein. Tragen Sie Nailner nicht auf lackierte N\u00e4gel auf, sondern entfernen Sie vor jeder Behandlung zuvor aufgetragenen Nagellack.<\/p>\n<\/div><\/details>\n\n\n\n<details class=\"wp-block-karopharma-accordion\"><summary><h2 class=\"accordion-title\">F\u00fcr wie viele Anwendungen reicht die L\u00f6sung in Nailner 2 in 1?<\/h2><\/summary><div class=\"accordion-content\">\n<p>Die Pinsell\u00f6sung enth\u00e4lt 5 ml f\u00fcr rund 300 Anwendungen. <\/p>\n\n\n\n<p>Der Stift enth\u00e4lt 4 ml f\u00fcr rund 400 Anwendungen.<\/p>\n<\/div><\/details>\n\n\n\n<details class=\"wp-block-karopharma-accordion\"><summary><h2 class=\"accordion-title\">Woraus besteht die L\u00f6sung in Nailner 2 in 1?<\/h2><\/summary><div class=\"accordion-content\">\n<p>Ethyl Lactate, Aqua, Glycerin, Lactic Acid, Citric Acid, Resacetophenone.<\/p>\n<\/div><\/details>\n\n\n\n<details class=\"wp-block-karopharma-accordion\"><summary><h2 class=\"accordion-title\">K\u00f6nnen Diabetiker mit schlechter Durchblutung Nailner verwenden?<\/h2><\/summary><div class=\"accordion-content\">\n<p>Falls Sie an Diabetes oder schlechter Durchblutung leiden, fragen Sie bitte einen Arzt oder eine \u00c4rztin, bevor Sie Produkte von Nailner verwenden.<\/p>\n<\/div><\/details>\n\n\n\n<details class=\"wp-block-karopharma-accordion\"><summary><h2 class=\"accordion-title\">Darf Nailner w\u00e4hrend der Schwangerschaft und Stillzeit verwendet werden?<\/h2><\/summary><div class=\"accordion-content\">\n<p>Die Wirkung von Nailner wurde bei Schwangeren oder stillenden Frauen noch nicht getestet. Schwangere und stillende Frauen, die Nagelpilz behandeln m\u00f6chten, sollten sich daher vor jeder Behandlung an ihren Arzt oder Ihre \u00c4rztin wenden.<\/p>\n<\/div><\/details>\n\n\n\n<details class=\"wp-block-karopharma-accordion\"><summary><h2 class=\"accordion-title\">Darf Nailner f\u00fcr die Behandlung von Nagelpilz bei Kindern verwendet werden?<\/h2><\/summary><div class=\"accordion-content\">\n<p>Es gibt keine Altersbegrenzung f\u00fcr die Verwendung von Nailner. Falls das zu behandelnde Kind unter 16&nbsp;Jahre alt ist, wir empfehlen es Ihnen vor der Anwendung Ihren Arzt oder Ihre \u00c4rztin zu fragen. Da Nagelpilz bei Kindern nur selten auftritt, empfehlen wir Ihnen, immer den Rat Ihres Arztes oder Ihrer \u00c4rztin einzuholen. Diagnostiziert der Arzt oder Ihre \u00c4rztin den Nagelpilz beim Kind, kann Nailner verwendet werden.<\/p>\n<\/div><\/details>\n\n\n\n<details class=\"wp-block-karopharma-accordion\"><summary><h2 class=\"accordion-title\">Kann sich Nagelpilz auf andere N\u00e4gel \u00fcbertragen, wenn die L\u00f6sung auf mehr als einem Nagel verwendet wird?<\/h2><\/summary><div class=\"accordion-content\">\n<p>Die L\u00f6sungen von Nailner enthalten Inhaltsstoffe, die Nagelpilz bek\u00e4mpfen. Daher kann sich der Pilz bei der Anwendung nicht auf andere N\u00e4gel \u00fcbertragen.<\/p>\n<\/div><\/details>\n\n\n\n<details class=\"wp-block-karopharma-accordion\"><summary><h2 class=\"accordion-title\">Wie lange muss Nailner verwendet werden?<\/h2><\/summary><div class=\"accordion-content\">\n<p>Behandeln Sie den infizierten Nagel bzw. die infizierten N\u00e4gel zweimal t\u00e4glich vier&nbsp;Wochen lang. Danach reduzieren Sie die Anwendung auf einmal pro Tag, bis der gesunde den besch\u00e4digten Nagel vollst\u00e4ndig ersetzt hat. Zur Vorbeugung sollten Sie Nailner w\u00e4hrend der Behandlung einmal pro Tag auch auf die anderen gesunden N\u00e4gel auftragen.<\/p>\n<\/div><\/details>\n\n\n\n<details class=\"wp-block-karopharma-accordion\"><summary><h2 class=\"accordion-title\">Wir erkennt man, dass der Stift leer ist?<\/h2><\/summary><div class=\"accordion-content\">\n<p>Direkt nach dem Auftragen der L\u00f6sung sollten Sie auf dem Nagel eine d\u00fcnne gl\u00e4nzende Schicht erkennen k\u00f6nnen. Danach dringt die L\u00f6sung in den Nagel ein. Sie k\u00f6nnen den Stift auch auf einem Blatt Papier ausprobieren. Hinterl\u00e4sst er eine feuchte Linie auf dem Papier, enth\u00e4lt er noch ausreichend L\u00f6sung.<\/p>\n<\/div><\/details>\n\n\n\n<details class=\"wp-block-karopharma-accordion\"><summary><h2 class=\"accordion-title\">Wie sollten Nailner-Produkte aufbewahrt werden?<\/h2><\/summary><div class=\"accordion-content\">\n<p>Produkte von Nailner sollten bei Raumtemperatur und au\u00dferhalb der Reichweite von Kindern aufbewahrt werden.<\/p>\n<\/div><\/details>\n\n\n\n<details class=\"wp-block-karopharma-accordion\"><summary><h2 class=\"accordion-title\">Enthalten die Produkte von Nailner Teebaum\u00f6l?<\/h2><\/summary><div class=\"accordion-content\">\n<p>Nein, die Produkte von Nailner enthalten kein Teebaum\u00f6l.<\/p>\n<\/div><\/details>\n<\/div><\/div>\n","protected":false},"excerpt":{"rendered":"","protected":false},"author":3,"featured_media":0,"parent":0,"menu_order":0,"comment_status":"closed","ping_status":"closed","template":"","meta":{"_acf_changed":false,"footnotes":""},"from-article-database":[],"class_list":["post-58","page","type-page","status-publish","hentry"],"acf":[],"yoast_head":"<!-- This site is optimized with the Yoast SEO plugin v26.6 - https:\/\/yoast.com\/wordpress\/plugins\/seo\/ -->\n<title>FAQ - Nailner<\/title>\n<meta name=\"description\" content=\"H\u00e4ufig gestellte Fragen - Hier finden Sie einige der h\u00e4ufigsten Fragen zu Produkten von Nailner. Wie wirkt Nailner?\" \/>\n<meta name=\"robots\" content=\"index, follow, max-snippet:-1, max-image-preview:large, max-video-preview:-1\" \/>\n<link rel=\"canonical\" href=\"https:\/\/nailner.com\/at\/faq\/\" \/>\n<meta property=\"og:locale\" content=\"de_DE\" \/>\n<meta property=\"og:type\" content=\"article\" \/>\n<meta property=\"og:title\" content=\"FAQ - Nailner\" \/>\n<meta property=\"og:description\" content=\"H\u00e4ufig gestellte Fragen - Hier finden Sie einige der h\u00e4ufigsten Fragen zu Produkten von Nailner. Wie wirkt Nailner?\" \/>\n<meta property=\"og:url\" content=\"https:\/\/nailner.com\/at\/faq\/\" \/>\n<meta property=\"og:site_name\" content=\"Nailner\" \/>\n<meta property=\"article:modified_time\" content=\"2025-09-22T06:16:39+00:00\" \/>\n<meta name=\"twitter:card\" content=\"summary_large_image\" \/>\n<meta name=\"twitter:label1\" content=\"Gesch\u00e4tzte Lesezeit\" \/>\n\t<meta name=\"twitter:data1\" content=\"3 Minuten\" \/>\n<script type=\"application\/ld+json\" class=\"yoast-schema-graph\">{\"@context\":\"https:\/\/schema.org\",\"@graph\":[{\"@type\":\"WebPage\",\"@id\":\"https:\/\/nailner.com\/at\/faq\/\",\"url\":\"https:\/\/nailner.com\/at\/faq\/\",\"name\":\"FAQ - Nailner\",\"isPartOf\":{\"@id\":\"https:\/\/nailner.com\/at\/#website\"},\"datePublished\":\"2022-06-03T12:56:00+00:00\",\"dateModified\":\"2025-09-22T06:16:39+00:00\",\"description\":\"H\u00e4ufig gestellte Fragen - Hier finden Sie einige der h\u00e4ufigsten Fragen zu Produkten von Nailner. Wie wirkt Nailner?\",\"breadcrumb\":{\"@id\":\"https:\/\/nailner.com\/at\/faq\/#breadcrumb\"},\"inLanguage\":\"de-AT\",\"potentialAction\":[{\"@type\":\"ReadAction\",\"target\":[\"https:\/\/nailner.com\/at\/faq\/\"]}]},{\"@type\":\"BreadcrumbList\",\"@id\":\"https:\/\/nailner.com\/at\/faq\/#breadcrumb\",\"itemListElement\":[{\"@type\":\"ListItem\",\"position\":1,\"name\":\"Home\",\"item\":\"https:\/\/nailner.com\/at\/\"},{\"@type\":\"ListItem\",\"position\":2,\"name\":\"FAQ\"}]},{\"@type\":\"WebSite\",\"@id\":\"https:\/\/nailner.com\/at\/#website\",\"url\":\"https:\/\/nailner.com\/at\/\",\"name\":\"Nailner\",\"description\":\"\",\"publisher\":{\"@id\":\"https:\/\/nailner.com\/at\/#organization\"},\"potentialAction\":[{\"@type\":\"SearchAction\",\"target\":{\"@type\":\"EntryPoint\",\"urlTemplate\":\"https:\/\/nailner.com\/at\/?s={search_term_string}\"},\"query-input\":{\"@type\":\"PropertyValueSpecification\",\"valueRequired\":true,\"valueName\":\"search_term_string\"}}],\"inLanguage\":\"de-AT\"},{\"@type\":\"Organization\",\"@id\":\"https:\/\/nailner.com\/at\/#organization\",\"name\":\"Nailner\",\"url\":\"https:\/\/nailner.com\/at\/\",\"logo\":{\"@type\":\"ImageObject\",\"inLanguage\":\"de-AT\",\"@id\":\"https:\/\/nailner.com\/at\/#\/schema\/logo\/image\/\",\"url\":\"https:\/\/nailner.com\/app\/uploads\/sites\/10\/2025\/04\/Nailner-logo.png\",\"contentUrl\":\"https:\/\/nailner.com\/app\/uploads\/sites\/10\/2025\/04\/Nailner-logo.png\",\"width\":134,\"height\":32,\"caption\":\"Nailner\"},\"image\":{\"@id\":\"https:\/\/nailner.com\/at\/#\/schema\/logo\/image\/\"}}]}<\/script>\n<!-- \/ Yoast SEO plugin. -->","yoast_head_json":{"title":"FAQ - Nailner","description":"H\u00e4ufig gestellte Fragen - Hier finden Sie einige der h\u00e4ufigsten Fragen zu Produkten von Nailner. Wie wirkt Nailner?","robots":{"index":"index","follow":"follow","max-snippet":"max-snippet:-1","max-image-preview":"max-image-preview:large","max-video-preview":"max-video-preview:-1"},"canonical":"https:\/\/nailner.com\/at\/faq\/","og_locale":"de_DE","og_type":"article","og_title":"FAQ - Nailner","og_description":"H\u00e4ufig gestellte Fragen - Hier finden Sie einige der h\u00e4ufigsten Fragen zu Produkten von Nailner. Wie wirkt Nailner?","og_url":"https:\/\/nailner.com\/at\/faq\/","og_site_name":"Nailner","article_modified_time":"2025-09-22T06:16:39+00:00","twitter_card":"summary_large_image","twitter_misc":{"Gesch\u00e4tzte Lesezeit":"3 Minuten"},"schema":{"@context":"https:\/\/schema.org","@graph":[{"@type":"WebPage","@id":"https:\/\/nailner.com\/at\/faq\/","url":"https:\/\/nailner.com\/at\/faq\/","name":"FAQ - Nailner","isPartOf":{"@id":"https:\/\/nailner.com\/at\/#website"},"datePublished":"2022-06-03T12:56:00+00:00","dateModified":"2025-09-22T06:16:39+00:00","description":"H\u00e4ufig gestellte Fragen - Hier finden Sie einige der h\u00e4ufigsten Fragen zu Produkten von Nailner. Wie wirkt Nailner?","breadcrumb":{"@id":"https:\/\/nailner.com\/at\/faq\/#breadcrumb"},"inLanguage":"de-AT","potentialAction":[{"@type":"ReadAction","target":["https:\/\/nailner.com\/at\/faq\/"]}]},{"@type":"BreadcrumbList","@id":"https:\/\/nailner.com\/at\/faq\/#breadcrumb","itemListElement":[{"@type":"ListItem","position":1,"name":"Home","item":"https:\/\/nailner.com\/at\/"},{"@type":"ListItem","position":2,"name":"FAQ"}]},{"@type":"WebSite","@id":"https:\/\/nailner.com\/at\/#website","url":"https:\/\/nailner.com\/at\/","name":"Nailner","description":"","publisher":{"@id":"https:\/\/nailner.com\/at\/#organization"},"potentialAction":[{"@type":"SearchAction","target":{"@type":"EntryPoint","urlTemplate":"https:\/\/nailner.com\/at\/?s={search_term_string}"},"query-input":{"@type":"PropertyValueSpecification","valueRequired":true,"valueName":"search_term_string"}}],"inLanguage":"de-AT"},{"@type":"Organization","@id":"https:\/\/nailner.com\/at\/#organization","name":"Nailner","url":"https:\/\/nailner.com\/at\/","logo":{"@type":"ImageObject","inLanguage":"de-AT","@id":"https:\/\/nailner.com\/at\/#\/schema\/logo\/image\/","url":"https:\/\/nailner.com\/app\/uploads\/sites\/10\/2025\/04\/Nailner-logo.png","contentUrl":"https:\/\/nailner.com\/app\/uploads\/sites\/10\/2025\/04\/Nailner-logo.png","width":134,"height":32,"caption":"Nailner"},"image":{"@id":"https:\/\/nailner.com\/at\/#\/schema\/logo\/image\/"}}]}},"_links":{"self":[{"href":"https:\/\/nailner.com\/at\/wp-json\/wp\/v2\/pages\/58","targetHints":{"allow":["GET"]}}],"collection":[{"href":"https:\/\/nailner.com\/at\/wp-json\/wp\/v2\/pages"}],"about":[{"href":"https:\/\/nailner.com\/at\/wp-json\/wp\/v2\/types\/page"}],"author":[{"embeddable":true,"href":"https:\/\/nailner.com\/at\/wp-json\/wp\/v2\/users\/3"}],"replies":[{"embeddable":true,"href":"https:\/\/nailner.com\/at\/wp-json\/wp\/v2\/comments?post=58"}],"version-history":[{"count":3,"href":"https:\/\/nailner.com\/at\/wp-json\/wp\/v2\/pages\/58\/revisions"}],"predecessor-version":[{"id":369,"href":"https:\/\/nailner.com\/at\/wp-json\/wp\/v2\/pages\/58\/revisions\/369"}],"wp:attachment":[{"href":"https:\/\/nailner.com\/at\/wp-json\/wp\/v2\/media?parent=58"}],"wp:term":[{"taxonomy":"from-article-database","embeddable":true,"href":"https:\/\/nailner.com\/at\/wp-json\/wp\/v2\/from-article-database?post=58"}],"curies":[{"name":"wp","href":"https:\/\/api.w.org\/{rel}","templated":true}]}}