{"id":9,"date":"2022-06-02T13:24:35","date_gmt":"2022-06-02T11:24:35","guid":{"rendered":"https:\/\/nailner.com\/at\/?page_id=9"},"modified":"2025-09-22T08:16:46","modified_gmt":"2025-09-22T06:16:46","slug":"nailner","status":"publish","type":"page","link":"https:\/\/nailner.com\/at\/","title":{"rendered":"Nailner"},"content":{"rendered":"\n\n\n\n<div class=\"product-list wp-block-karopharma-product-list\" data-testid=\"product-list\">\n      <div class=\"swiper-container\">\n      <div class=\"swiper\">\n        <div class=\"swiper-wrapper\">\n                      <div class=\"swiper-slide\">\n              <div class=\"product-card\" data-testid=\"product-card\">\n  <a\n    href=https:\/\/nailner.com\/at\/produkt\/nailner-2-in-1-nagelpilz-stift\/\n    class=\"product-card-link\"\n    title=\"Nailner 2 In 1 Nagelpilz-Stift\"\n  >\n  <figure class=\"product-card-image\" data-testid=\"product-image\">\n                          <img decoding=\"async\" src=\"https:\/\/nailner.com\/cdn-cgi\/image\/width=700,format=auto\/app\/uploads\/sites\/10\/2025\/04\/Nailner_2in1-stift.png\"\n        srcset=\"https:\/\/nailner.com\/cdn-cgi\/image\/width=250,format=auto\/app\/uploads\/sites\/10\/2025\/04\/Nailner_2in1-stift.png 250w,\n                https:\/\/nailner.com\/cdn-cgi\/image\/width=500,format=auto\/app\/uploads\/sites\/10\/2025\/04\/Nailner_2in1-stift.png 500w,\n                https:\/\/nailner.com\/cdn-cgi\/image\/width=700,format=auto\/app\/uploads\/sites\/10\/2025\/04\/Nailner_2in1-stift.png 700w\"\n        sizes=\"(max-width: 400px) 250px, (max-width: 800px) 500px, 700px\"\n        alt=\"Nailner_2in1-stift\"\n        class=\"img\">\n            <\/figure>\n    <div class=\"product-card-content\">\n      <div class=\"heading-wrapper\">\n        <h2 class=\"heading\">Nailner 2 In 1 Nagelpilz-Stift<\/h2>\n      <\/div>\n      <div class=\"product-card-description\">F\u00fcr ges\u00fcndere, hellere N\u00e4gel<\/div>\n                      <\/div>\n  <\/a>\n          <div class=\"button-wrapper buy-now \" data-testid=\"buy-now\">\n      <div class=\"buy-now-container dropdown-container\">\n      <div class=\"theme-button button-primary-color dropdown-link\" aria-label=\"Jetzt kaufen\">\n          Jetzt kaufen <i class=\"dropdown\"><\/i>\n      <\/div>\n      <ul class=\"reseller-list submenu\">\n                    <li>\n              <a\n                href=\"https:\/\/www.newpharma.at\/nailner\/614319\/nailner-nagelpilz-stift-2in1-stift-4ml.html\" onclick=\"dataLayer.push({'event':'ga_event', 'eventCategory':'Click on Reseller', 'eventAction':'New Pharma', 'eventLabel':'Nailner 2 In 1 Nagelpilz-Stift', 'eventValue': undefined})\" rel=\"noopener\" target=\"_blank\" title=\"New Pharma\"\n                data-testid=\"buy-now-reseller\">\n                <i class=\"fa-solid fa-arrow-right\"><\/i> New Pharma\n              <\/a>\n          <\/li>\n                    <li>\n              <a\n                href=\"https:\/\/www.vamida.at\/nailner-nagelpilz-stift.html\" onclick=\"dataLayer.push({'event':'ga_event', 'eventCategory':'Click on Reseller', 'eventAction':'Vamida', 'eventLabel':'Nailner 2 In 1 Nagelpilz-Stift', 'eventValue': undefined})\" rel=\"noopener\" target=\"_blank\" title=\"Vamida\"\n                data-testid=\"buy-now-reseller\">\n                <i class=\"fa-solid fa-arrow-right\"><\/i> Vamida\n              <\/a>\n          <\/li>\n                <\/ul>\n    <\/div>\n  <\/div>\n  <\/div>\n            <\/div>\n                      <div class=\"swiper-slide\">\n              <div class=\"product-card\" data-testid=\"product-card\">\n  <a\n    href=https:\/\/nailner.com\/at\/produkt\/nailner-2-in-1\/\n    class=\"product-card-link\"\n    title=\"Nailner 2 In 1 Pinsell\u00f6sung\"\n  >\n  <figure class=\"product-card-image\" data-testid=\"product-image\">\n                          <img decoding=\"async\" src=\"https:\/\/nailner.com\/cdn-cgi\/image\/width=700,format=auto\/app\/uploads\/sites\/10\/2025\/04\/Nailner-2in1-pinselloesung.png\"\n        srcset=\"https:\/\/nailner.com\/cdn-cgi\/image\/width=250,format=auto\/app\/uploads\/sites\/10\/2025\/04\/Nailner-2in1-pinselloesung.png 250w,\n                https:\/\/nailner.com\/cdn-cgi\/image\/width=500,format=auto\/app\/uploads\/sites\/10\/2025\/04\/Nailner-2in1-pinselloesung.png 500w,\n                https:\/\/nailner.com\/cdn-cgi\/image\/width=700,format=auto\/app\/uploads\/sites\/10\/2025\/04\/Nailner-2in1-pinselloesung.png 700w\"\n        sizes=\"(max-width: 400px) 250px, (max-width: 800px) 500px, 700px\"\n        alt=\"Nailner-2in1-pinsello\u0308sung\"\n        class=\"img\">\n            <\/figure>\n    <div class=\"product-card-content\">\n      <div class=\"heading-wrapper\">\n        <h2 class=\"heading\">Nailner 2 In 1 Pinsell\u00f6sung<\/h2>\n      <\/div>\n      <div class=\"product-card-description\">F\u00fcr ges\u00fcndere, hellere N\u00e4gel<\/div>\n                      <\/div>\n  <\/a>\n          <div class=\"button-wrapper buy-now \" data-testid=\"buy-now\">\n      <div class=\"buy-now-container dropdown-container\">\n      <div class=\"theme-button button-primary-color dropdown-link\" aria-label=\"Jetzt kaufen\">\n          Jetzt kaufen <i class=\"dropdown\"><\/i>\n      <\/div>\n      <ul class=\"reseller-list submenu\">\n                    <li>\n              <a\n                href=\"https:\/\/www.newpharma.at\/nailner\/505999\/nailner-nagelpilz-losung-pinsel-2in1-flakon-5ml.html\" onclick=\"dataLayer.push({'event':'ga_event', 'eventCategory':'Click on Reseller', 'eventAction':'New Pharma', 'eventLabel':'Nailner 2 In 1 Pinsell\u00f6sung', 'eventValue': undefined})\" rel=\"noopener\" target=\"_blank\" title=\"New Pharma\"\n                data-testid=\"buy-now-reseller\">\n                <i class=\"fa-solid fa-arrow-right\"><\/i> New Pharma\n              <\/a>\n          <\/li>\n                    <li>\n              <a\n                href=\"https:\/\/www.shop-apotheke.at\/arzneimittel\/A4296084\/nailner-2-in-1-nagelpilz-pinselloesung-fuer-gesuendere-hellere-naegel.htm?eventName=click%20on%20product%20list%20item&amp;eventType=click&amp;objectIDs=[A4296084]&amp;position=1&amp;query=nailner&amp;queryID=13e05d995e149541e50963dbf648cae4\" onclick=\"dataLayer.push({'event':'ga_event', 'eventCategory':'Click on Reseller', 'eventAction':'Shop Apotheke', 'eventLabel':'Nailner 2 In 1 Pinsell\u00f6sung', 'eventValue': undefined})\" rel=\"noopener\" target=\"_blank\" title=\"Shop Apotheke\"\n                data-testid=\"buy-now-reseller\">\n                <i class=\"fa-solid fa-arrow-right\"><\/i> Shop Apotheke\n              <\/a>\n          <\/li>\n                    <li>\n              <a\n                href=\"https:\/\/www.vamida.at\/nailner-nagelpilz-2-in-1-pinsellosung.html\" onclick=\"dataLayer.push({'event':'ga_event', 'eventCategory':'Click on Reseller', 'eventAction':'Vamida', 'eventLabel':'Nailner 2 In 1 Pinsell\u00f6sung', 'eventValue': undefined})\" rel=\"noopener\" target=\"_blank\" title=\"Vamida\"\n                data-testid=\"buy-now-reseller\">\n                <i class=\"fa-solid fa-arrow-right\"><\/i> Vamida\n              <\/a>\n          <\/li>\n                <\/ul>\n    <\/div>\n  <\/div>\n  <\/div>\n            <\/div>\n                  <\/div>\n        <div class=\"swiper-scrollbar\"><\/div>\n      <\/div>\n    <\/div>\n  <\/div>\n\n\n\n<div class=\"wp-block-karopharma-free-text pt-large pb-large bg-center bg-cover bg-no-repeat bg-box undefined bg small is-style-transparent\" style=\"background-image:url(https:\/\/nailner.com\/cdn-cgi\/image\/format=auto\/app\/uploads\/sites\/10\/2022\/06\/Nailner_Nagelpiltz_Stift_2-In-1_DE-AT_Background.png)\"><div class=\"free-text-wrapper container small text-center\">\n<h2 class=\"wp-block-heading is-style-heading-huge\" id=\"active-cover\">Nailner 2 in 1<\/h2>\n\n\n\n<p class=\"is-style-paragraph-preamble\">Mit den Produkten von Nailner behandeln Sie die Infektion effektiv und verbessern zugleich das Aussehen Ihrer N\u00e4gel: F\u00fcr sch\u00f6ne N\u00e4gel trotz Nagelpilz.<\/p>\n\n\n\n<div class=\"wp-block-buttons is-layout-flex wp-block-buttons-is-layout-flex\">\n<div class=\"wp-block-button\"><a class=\"wp-block-button__link wp-element-button\" href=\"https:\/\/nailner.com\/at\/produkte\/\">Mehr dazu<\/a><\/div>\n<\/div>\n<\/div><\/div>\n","protected":false},"excerpt":{"rendered":"","protected":false},"author":1,"featured_media":0,"parent":0,"menu_order":0,"comment_status":"closed","ping_status":"closed","template":"","meta":{"_acf_changed":false,"footnotes":""},"from-article-database":[],"class_list":["post-9","page","type-page","status-publish","hentry"],"acf":[],"yoast_head":"<!-- This site is optimized with the Yoast SEO plugin v26.6 - https:\/\/yoast.com\/wordpress\/plugins\/seo\/ -->\n<title>Nailner - Nailner<\/title>\n<meta name=\"description\" content=\"Mit den Produkten von Nailner behandeln Sie die Infektion effektiv und verbessern zugleich das Aussehen Ihrer N\u00e4gel: F\u00fcr sch\u00f6ne N\u00e4gel trotz Nagelpilz.\" \/>\n<meta name=\"robots\" content=\"index, follow, max-snippet:-1, max-image-preview:large, max-video-preview:-1\" \/>\n<link rel=\"canonical\" href=\"https:\/\/nailner.com\/at\/\" \/>\n<meta property=\"og:locale\" content=\"de_DE\" \/>\n<meta property=\"og:type\" content=\"article\" \/>\n<meta property=\"og:title\" content=\"Nailner - Nailner\" \/>\n<meta property=\"og:description\" content=\"Mit den Produkten von Nailner behandeln Sie die Infektion effektiv und verbessern zugleich das Aussehen Ihrer N\u00e4gel: F\u00fcr sch\u00f6ne N\u00e4gel trotz Nagelpilz.\" \/>\n<meta property=\"og:url\" content=\"https:\/\/nailner.com\/at\/\" \/>\n<meta property=\"og:site_name\" content=\"Nailner\" \/>\n<meta property=\"article:modified_time\" content=\"2025-09-22T06:16:46+00:00\" \/>\n<meta name=\"twitter:card\" content=\"summary_large_image\" \/>\n<meta name=\"twitter:label1\" content=\"Gesch\u00e4tzte Lesezeit\" \/>\n\t<meta name=\"twitter:data1\" content=\"1 Minute\" \/>\n<script type=\"application\/ld+json\" class=\"yoast-schema-graph\">{\"@context\":\"https:\/\/schema.org\",\"@graph\":[{\"@type\":\"WebPage\",\"@id\":\"https:\/\/nailner.com\/at\/\",\"url\":\"https:\/\/nailner.com\/at\/\",\"name\":\"Nailner - Nailner\",\"isPartOf\":{\"@id\":\"https:\/\/nailner.com\/at\/#website\"},\"datePublished\":\"2022-06-02T11:24:35+00:00\",\"dateModified\":\"2025-09-22T06:16:46+00:00\",\"description\":\"Mit den Produkten von Nailner behandeln Sie die Infektion effektiv und verbessern zugleich das Aussehen Ihrer N\u00e4gel: F\u00fcr sch\u00f6ne N\u00e4gel trotz Nagelpilz.\",\"breadcrumb\":{\"@id\":\"https:\/\/nailner.com\/at\/#breadcrumb\"},\"inLanguage\":\"de-AT\",\"potentialAction\":[{\"@type\":\"ReadAction\",\"target\":[\"https:\/\/nailner.com\/at\/\"]}]},{\"@type\":\"BreadcrumbList\",\"@id\":\"https:\/\/nailner.com\/at\/#breadcrumb\",\"itemListElement\":[{\"@type\":\"ListItem\",\"position\":1,\"name\":\"Home\",\"item\":\"https:\/\/nailner.com\/at\/\"},{\"@type\":\"ListItem\",\"position\":2,\"name\":\"Nailner\"}]},{\"@type\":\"WebSite\",\"@id\":\"https:\/\/nailner.com\/at\/#website\",\"url\":\"https:\/\/nailner.com\/at\/\",\"name\":\"Nailner\",\"description\":\"\",\"publisher\":{\"@id\":\"https:\/\/nailner.com\/at\/#organization\"},\"potentialAction\":[{\"@type\":\"SearchAction\",\"target\":{\"@type\":\"EntryPoint\",\"urlTemplate\":\"https:\/\/nailner.com\/at\/?s={search_term_string}\"},\"query-input\":{\"@type\":\"PropertyValueSpecification\",\"valueRequired\":true,\"valueName\":\"search_term_string\"}}],\"inLanguage\":\"de-AT\"},{\"@type\":\"Organization\",\"@id\":\"https:\/\/nailner.com\/at\/#organization\",\"name\":\"Nailner\",\"url\":\"https:\/\/nailner.com\/at\/\",\"logo\":{\"@type\":\"ImageObject\",\"inLanguage\":\"de-AT\",\"@id\":\"https:\/\/nailner.com\/at\/#\/schema\/logo\/image\/\",\"url\":\"https:\/\/nailner.com\/app\/uploads\/sites\/10\/2025\/04\/Nailner-logo.png\",\"contentUrl\":\"https:\/\/nailner.com\/app\/uploads\/sites\/10\/2025\/04\/Nailner-logo.png\",\"width\":134,\"height\":32,\"caption\":\"Nailner\"},\"image\":{\"@id\":\"https:\/\/nailner.com\/at\/#\/schema\/logo\/image\/\"}}]}<\/script>\n<!-- \/ Yoast SEO plugin. -->","yoast_head_json":{"title":"Nailner - Nailner","description":"Mit den Produkten von Nailner behandeln Sie die Infektion effektiv und verbessern zugleich das Aussehen Ihrer N\u00e4gel: F\u00fcr sch\u00f6ne N\u00e4gel trotz Nagelpilz.","robots":{"index":"index","follow":"follow","max-snippet":"max-snippet:-1","max-image-preview":"max-image-preview:large","max-video-preview":"max-video-preview:-1"},"canonical":"https:\/\/nailner.com\/at\/","og_locale":"de_DE","og_type":"article","og_title":"Nailner - Nailner","og_description":"Mit den Produkten von Nailner behandeln Sie die Infektion effektiv und verbessern zugleich das Aussehen Ihrer N\u00e4gel: F\u00fcr sch\u00f6ne N\u00e4gel trotz Nagelpilz.","og_url":"https:\/\/nailner.com\/at\/","og_site_name":"Nailner","article_modified_time":"2025-09-22T06:16:46+00:00","twitter_card":"summary_large_image","twitter_misc":{"Gesch\u00e4tzte Lesezeit":"1 Minute"},"schema":{"@context":"https:\/\/schema.org","@graph":[{"@type":"WebPage","@id":"https:\/\/nailner.com\/at\/","url":"https:\/\/nailner.com\/at\/","name":"Nailner - Nailner","isPartOf":{"@id":"https:\/\/nailner.com\/at\/#website"},"datePublished":"2022-06-02T11:24:35+00:00","dateModified":"2025-09-22T06:16:46+00:00","description":"Mit den Produkten von Nailner behandeln Sie die Infektion effektiv und verbessern zugleich das Aussehen Ihrer N\u00e4gel: F\u00fcr sch\u00f6ne N\u00e4gel trotz Nagelpilz.","breadcrumb":{"@id":"https:\/\/nailner.com\/at\/#breadcrumb"},"inLanguage":"de-AT","potentialAction":[{"@type":"ReadAction","target":["https:\/\/nailner.com\/at\/"]}]},{"@type":"BreadcrumbList","@id":"https:\/\/nailner.com\/at\/#breadcrumb","itemListElement":[{"@type":"ListItem","position":1,"name":"Home","item":"https:\/\/nailner.com\/at\/"},{"@type":"ListItem","position":2,"name":"Nailner"}]},{"@type":"WebSite","@id":"https:\/\/nailner.com\/at\/#website","url":"https:\/\/nailner.com\/at\/","name":"Nailner","description":"","publisher":{"@id":"https:\/\/nailner.com\/at\/#organization"},"potentialAction":[{"@type":"SearchAction","target":{"@type":"EntryPoint","urlTemplate":"https:\/\/nailner.com\/at\/?s={search_term_string}"},"query-input":{"@type":"PropertyValueSpecification","valueRequired":true,"valueName":"search_term_string"}}],"inLanguage":"de-AT"},{"@type":"Organization","@id":"https:\/\/nailner.com\/at\/#organization","name":"Nailner","url":"https:\/\/nailner.com\/at\/","logo":{"@type":"ImageObject","inLanguage":"de-AT","@id":"https:\/\/nailner.com\/at\/#\/schema\/logo\/image\/","url":"https:\/\/nailner.com\/app\/uploads\/sites\/10\/2025\/04\/Nailner-logo.png","contentUrl":"https:\/\/nailner.com\/app\/uploads\/sites\/10\/2025\/04\/Nailner-logo.png","width":134,"height":32,"caption":"Nailner"},"image":{"@id":"https:\/\/nailner.com\/at\/#\/schema\/logo\/image\/"}}]}},"_links":{"self":[{"href":"https:\/\/nailner.com\/at\/wp-json\/wp\/v2\/pages\/9","targetHints":{"allow":["GET"]}}],"collection":[{"href":"https:\/\/nailner.com\/at\/wp-json\/wp\/v2\/pages"}],"about":[{"href":"https:\/\/nailner.com\/at\/wp-json\/wp\/v2\/types\/page"}],"author":[{"embeddable":true,"href":"https:\/\/nailner.com\/at\/wp-json\/wp\/v2\/users\/1"}],"replies":[{"embeddable":true,"href":"https:\/\/nailner.com\/at\/wp-json\/wp\/v2\/comments?post=9"}],"version-history":[{"count":9,"href":"https:\/\/nailner.com\/at\/wp-json\/wp\/v2\/pages\/9\/revisions"}],"predecessor-version":[{"id":477,"href":"https:\/\/nailner.com\/at\/wp-json\/wp\/v2\/pages\/9\/revisions\/477"}],"wp:attachment":[{"href":"https:\/\/nailner.com\/at\/wp-json\/wp\/v2\/media?parent=9"}],"wp:term":[{"taxonomy":"from-article-database","embeddable":true,"href":"https:\/\/nailner.com\/at\/wp-json\/wp\/v2\/from-article-database?post=9"}],"curies":[{"name":"wp","href":"https:\/\/api.w.org\/{rel}","templated":true}]}}