{"id":43,"date":"2022-06-03T14:37:03","date_gmt":"2022-06-03T12:37:03","guid":{"rendered":"https:\/\/nailner.com\/at\/?post_type=product&#038;p=43"},"modified":"2025-09-29T14:57:56","modified_gmt":"2025-09-29T12:57:56","slug":"nailner-2-in-1","status":"publish","type":"product","link":"https:\/\/nailner.com\/at\/produkt\/nailner-2-in-1\/","title":{"rendered":"Nailner 2 In 1 Pinsell\u00f6sung"},"content":{"rendered":"\n<section class=\"wp-block-karopharma-usp is-style-transparent usp is-style-transparent\"><div class=\"usp-wrapper\">\n<section class=\"wp-block-karopharma-usp-single usp-single undefined\"><div class=\"icon\"><svg width=\"21\" height=\"16\" viewBox=\"0 0 21 16\" fill=\"none\" xmlns=\"http:\/\/www.w3.org\/2000\/svg\"><path d=\"M19.2567 0.164742L6.13095 13.2905L1.49056 8.65006C1.2709 8.4304 0.914742 8.4304 0.695039 8.65006L0.164742 9.18036C-0.0549141 9.40001 -0.0549141 9.75617 0.164742 9.97587L5.73321 15.5443C5.95287 15.764 6.30903 15.764 6.52873 15.5443L20.5825 1.4906C20.8021 1.27095 20.8021 0.914789 20.5825 0.695086L20.0521 0.164742C19.8325 -0.0549141 19.4763 -0.0549141 19.2567 0.164742Z\" fill=\"white\"><\/path><\/svg><\/div>\n<h4 class=\"wp-block-heading has-text-align-center is-style-heading-h4\">Schritt 1<\/h4>\n\n\n\n<p class=\"has-text-align-center is-style-body-text\">Reinigen Sie den betroffenen Nagel und entfernen Sie vor jeder Anwendung zuvor aufgetragenen Nagellack. Der Nagel muss vor der Anwendung nicht gefeilt werden. Tragen Sie die L\u00f6sung in den ersten 4&nbsp;Wochen zweimal t\u00e4glich auf.<\/p>\n<\/section>\n\n\n\n<section class=\"wp-block-karopharma-usp-single usp-single undefined\"><div class=\"icon\"><svg width=\"21\" height=\"16\" viewBox=\"0 0 21 16\" fill=\"none\" xmlns=\"http:\/\/www.w3.org\/2000\/svg\"><path d=\"M19.2567 0.164742L6.13095 13.2905L1.49056 8.65006C1.2709 8.4304 0.914742 8.4304 0.695039 8.65006L0.164742 9.18036C-0.0549141 9.40001 -0.0549141 9.75617 0.164742 9.97587L5.73321 15.5443C5.95287 15.764 6.30903 15.764 6.52873 15.5443L20.5825 1.4906C20.8021 1.27095 20.8021 0.914789 20.5825 0.695086L20.0521 0.164742C19.8325 -0.0549141 19.4763 -0.0549141 19.2567 0.164742Z\" fill=\"white\"><\/path><\/svg><\/div>\n<h4 class=\"wp-block-heading has-text-align-center is-style-heading-h4\">Schritt 2<\/h4>\n\n\n\n<p class=\"has-text-align-center is-style-body-text\">Danach reduzieren Sie die Anwendung auf einmal pro Tag, bis der gesunde Nagel den besch\u00e4digten vollst\u00e4ndig ersetzt hat. Achten Sie darauf, die L\u00f6sung immer auf die gesamte Oberfl\u00e4che des Nagels sowie die Unterseite des hervorstehenden Nagelendes aufzutragen.<\/p>\n<\/section>\n\n\n\n<section class=\"wp-block-karopharma-usp-single usp-single undefined\"><div class=\"icon\"><svg width=\"21\" height=\"16\" viewBox=\"0 0 21 16\" fill=\"none\" xmlns=\"http:\/\/www.w3.org\/2000\/svg\"><path d=\"M19.2567 0.164742L6.13095 13.2905L1.49056 8.65006C1.2709 8.4304 0.914742 8.4304 0.695039 8.65006L0.164742 9.18036C-0.0549141 9.40001 -0.0549141 9.75617 0.164742 9.97587L5.73321 15.5443C5.95287 15.764 6.30903 15.764 6.52873 15.5443L20.5825 1.4906C20.8021 1.27095 20.8021 0.914789 20.5825 0.695086L20.0521 0.164742C19.8325 -0.0549141 19.4763 -0.0549141 19.2567 0.164742Z\" fill=\"white\"><\/path><\/svg><\/div>\n<h4 class=\"wp-block-heading has-text-align-center is-style-heading-h4\">Schritt 3<\/h4>\n\n\n\n<p class=\"has-text-align-center is-style-body-text\">Verschlie\u00dfen Sie das Fl\u00e4schchen bzw. den Stift nach jeder Anwendung.Sie k\u00f6nnen Nailner 2 in 1 zur Vorbeugung von Nagelpilzinfektionen anwenden. Einmal t\u00e4glich reicht hier aus.<\/p>\n<\/section>\n<\/div><\/section>\n","protected":false},"excerpt":{"rendered":"<p>F\u00fcr ges\u00fcndere, hellere N\u00e4gel<\/p>\n","protected":false},"featured_media":459,"comment_status":"closed","ping_status":"closed","template":"","meta":{"_acf_changed":false,"footnotes":""},"product_brand":[],"product_cat":[],"product_tag":[],"class_list":{"0":"post-43","1":"product","2":"type-product","3":"status-publish","4":"has-post-thumbnail","7":"first","8":"instock","9":"shipping-taxable","10":"product-type-simple"},"acf":[],"yoast_head":"<!-- This site is optimized with the Yoast SEO plugin v26.6 - https:\/\/yoast.com\/wordpress\/plugins\/seo\/ -->\n<title>Nailner 2 In 1 Pinsell\u00f6sung - Nailner<\/title>\n<meta name=\"description\" content=\"Hellt den Nagel in nur 7 Tagen sichtbar auf, Nachweislich erfolgreich in der Behandlung von Nagelpilz, Bek\u00e4mpft und verhindert Pilzinfektionen am Nagel\" \/>\n<meta name=\"robots\" content=\"index, follow, max-snippet:-1, max-image-preview:large, max-video-preview:-1\" \/>\n<link rel=\"canonical\" href=\"https:\/\/nailner.com\/at\/produkt\/nailner-2-in-1\/\" \/>\n<meta property=\"og:locale\" content=\"de_DE\" \/>\n<meta property=\"og:type\" content=\"article\" \/>\n<meta property=\"og:title\" content=\"Nailner 2 In 1 Pinsell\u00f6sung - Nailner\" \/>\n<meta property=\"og:description\" content=\"Hellt den Nagel in nur 7 Tagen sichtbar auf, Nachweislich erfolgreich in der Behandlung von Nagelpilz, Bek\u00e4mpft und verhindert Pilzinfektionen am Nagel\" \/>\n<meta property=\"og:url\" content=\"https:\/\/nailner.com\/at\/produkt\/nailner-2-in-1\/\" \/>\n<meta property=\"og:site_name\" content=\"Nailner\" \/>\n<meta property=\"article:modified_time\" content=\"2025-09-29T12:57:56+00:00\" \/>\n<meta property=\"og:image\" content=\"https:\/\/nailner.com\/app\/uploads\/sites\/10\/2025\/04\/Nailner-2in1-pinselloesung.png\" \/>\n\t<meta property=\"og:image:width\" content=\"700\" \/>\n\t<meta property=\"og:image:height\" content=\"700\" \/>\n\t<meta property=\"og:image:type\" content=\"image\/png\" \/>\n<meta name=\"twitter:card\" content=\"summary_large_image\" \/>\n<meta name=\"twitter:label1\" content=\"Gesch\u00e4tzte Lesezeit\" \/>\n\t<meta name=\"twitter:data1\" content=\"1 Minute\" \/>\n<script type=\"application\/ld+json\" class=\"yoast-schema-graph\">{\"@context\":\"https:\/\/schema.org\",\"@graph\":[{\"@type\":\"WebPage\",\"@id\":\"https:\/\/nailner.com\/at\/produkt\/nailner-2-in-1\/\",\"url\":\"https:\/\/nailner.com\/at\/produkt\/nailner-2-in-1\/\",\"name\":\"Nailner 2 In 1 Pinsell\u00f6sung - Nailner\",\"isPartOf\":{\"@id\":\"https:\/\/nailner.com\/at\/#website\"},\"primaryImageOfPage\":{\"@id\":\"https:\/\/nailner.com\/at\/produkt\/nailner-2-in-1\/#primaryimage\"},\"image\":{\"@id\":\"https:\/\/nailner.com\/at\/produkt\/nailner-2-in-1\/#primaryimage\"},\"thumbnailUrl\":\"https:\/\/nailner.com\/app\/uploads\/sites\/10\/2025\/04\/Nailner-2in1-pinselloesung.png\",\"datePublished\":\"2022-06-03T12:37:03+00:00\",\"dateModified\":\"2025-09-29T12:57:56+00:00\",\"description\":\"Hellt den Nagel in nur 7 Tagen sichtbar auf, Nachweislich erfolgreich in der Behandlung von Nagelpilz, Bek\u00e4mpft und verhindert Pilzinfektionen am Nagel\",\"breadcrumb\":{\"@id\":\"https:\/\/nailner.com\/at\/produkt\/nailner-2-in-1\/#breadcrumb\"},\"inLanguage\":\"de-AT\",\"potentialAction\":[{\"@type\":\"ReadAction\",\"target\":[\"https:\/\/nailner.com\/at\/produkt\/nailner-2-in-1\/\"]}]},{\"@type\":\"ImageObject\",\"inLanguage\":\"de-AT\",\"@id\":\"https:\/\/nailner.com\/at\/produkt\/nailner-2-in-1\/#primaryimage\",\"url\":\"https:\/\/nailner.com\/app\/uploads\/sites\/10\/2025\/04\/Nailner-2in1-pinselloesung.png\",\"contentUrl\":\"https:\/\/nailner.com\/app\/uploads\/sites\/10\/2025\/04\/Nailner-2in1-pinselloesung.png\",\"width\":700,\"height\":700,\"caption\":\"Nailner-2in1-pinsello\u0308sung\"},{\"@type\":\"BreadcrumbList\",\"@id\":\"https:\/\/nailner.com\/at\/produkt\/nailner-2-in-1\/#breadcrumb\",\"itemListElement\":[{\"@type\":\"ListItem\",\"position\":1,\"name\":\"Home\",\"item\":\"https:\/\/nailner.com\/at\/\"},{\"@type\":\"ListItem\",\"position\":2,\"name\":\"Produkte\",\"item\":\"https:\/\/nailner.com\/at\/produkte\/\"},{\"@type\":\"ListItem\",\"position\":3,\"name\":\"Nailner 2 In 1 Pinsell\u00f6sung\"}]},{\"@type\":\"WebSite\",\"@id\":\"https:\/\/nailner.com\/at\/#website\",\"url\":\"https:\/\/nailner.com\/at\/\",\"name\":\"Nailner\",\"description\":\"\",\"publisher\":{\"@id\":\"https:\/\/nailner.com\/at\/#organization\"},\"potentialAction\":[{\"@type\":\"SearchAction\",\"target\":{\"@type\":\"EntryPoint\",\"urlTemplate\":\"https:\/\/nailner.com\/at\/?s={search_term_string}\"},\"query-input\":{\"@type\":\"PropertyValueSpecification\",\"valueRequired\":true,\"valueName\":\"search_term_string\"}}],\"inLanguage\":\"de-AT\"},{\"@type\":\"Organization\",\"@id\":\"https:\/\/nailner.com\/at\/#organization\",\"name\":\"Nailner\",\"url\":\"https:\/\/nailner.com\/at\/\",\"logo\":{\"@type\":\"ImageObject\",\"inLanguage\":\"de-AT\",\"@id\":\"https:\/\/nailner.com\/at\/#\/schema\/logo\/image\/\",\"url\":\"https:\/\/nailner.com\/app\/uploads\/sites\/10\/2025\/04\/Nailner-logo.png\",\"contentUrl\":\"https:\/\/nailner.com\/app\/uploads\/sites\/10\/2025\/04\/Nailner-logo.png\",\"width\":134,\"height\":32,\"caption\":\"Nailner\"},\"image\":{\"@id\":\"https:\/\/nailner.com\/at\/#\/schema\/logo\/image\/\"}}]}<\/script>\n<!-- \/ Yoast SEO plugin. -->","yoast_head_json":{"title":"Nailner 2 In 1 Pinsell\u00f6sung - Nailner","description":"Hellt den Nagel in nur 7 Tagen sichtbar auf, Nachweislich erfolgreich in der Behandlung von Nagelpilz, Bek\u00e4mpft und verhindert Pilzinfektionen am Nagel","robots":{"index":"index","follow":"follow","max-snippet":"max-snippet:-1","max-image-preview":"max-image-preview:large","max-video-preview":"max-video-preview:-1"},"canonical":"https:\/\/nailner.com\/at\/produkt\/nailner-2-in-1\/","og_locale":"de_DE","og_type":"article","og_title":"Nailner 2 In 1 Pinsell\u00f6sung - Nailner","og_description":"Hellt den Nagel in nur 7 Tagen sichtbar auf, Nachweislich erfolgreich in der Behandlung von Nagelpilz, Bek\u00e4mpft und verhindert Pilzinfektionen am Nagel","og_url":"https:\/\/nailner.com\/at\/produkt\/nailner-2-in-1\/","og_site_name":"Nailner","article_modified_time":"2025-09-29T12:57:56+00:00","og_image":[{"width":700,"height":700,"url":"https:\/\/nailner.com\/app\/uploads\/sites\/10\/2025\/04\/Nailner-2in1-pinselloesung.png","type":"image\/png"}],"twitter_card":"summary_large_image","twitter_misc":{"Gesch\u00e4tzte Lesezeit":"1 Minute"},"schema":{"@context":"https:\/\/schema.org","@graph":[{"@type":"WebPage","@id":"https:\/\/nailner.com\/at\/produkt\/nailner-2-in-1\/","url":"https:\/\/nailner.com\/at\/produkt\/nailner-2-in-1\/","name":"Nailner 2 In 1 Pinsell\u00f6sung - Nailner","isPartOf":{"@id":"https:\/\/nailner.com\/at\/#website"},"primaryImageOfPage":{"@id":"https:\/\/nailner.com\/at\/produkt\/nailner-2-in-1\/#primaryimage"},"image":{"@id":"https:\/\/nailner.com\/at\/produkt\/nailner-2-in-1\/#primaryimage"},"thumbnailUrl":"https:\/\/nailner.com\/app\/uploads\/sites\/10\/2025\/04\/Nailner-2in1-pinselloesung.png","datePublished":"2022-06-03T12:37:03+00:00","dateModified":"2025-09-29T12:57:56+00:00","description":"Hellt den Nagel in nur 7 Tagen sichtbar auf, Nachweislich erfolgreich in der Behandlung von Nagelpilz, Bek\u00e4mpft und verhindert Pilzinfektionen am Nagel","breadcrumb":{"@id":"https:\/\/nailner.com\/at\/produkt\/nailner-2-in-1\/#breadcrumb"},"inLanguage":"de-AT","potentialAction":[{"@type":"ReadAction","target":["https:\/\/nailner.com\/at\/produkt\/nailner-2-in-1\/"]}]},{"@type":"ImageObject","inLanguage":"de-AT","@id":"https:\/\/nailner.com\/at\/produkt\/nailner-2-in-1\/#primaryimage","url":"https:\/\/nailner.com\/app\/uploads\/sites\/10\/2025\/04\/Nailner-2in1-pinselloesung.png","contentUrl":"https:\/\/nailner.com\/app\/uploads\/sites\/10\/2025\/04\/Nailner-2in1-pinselloesung.png","width":700,"height":700,"caption":"Nailner-2in1-pinsello\u0308sung"},{"@type":"BreadcrumbList","@id":"https:\/\/nailner.com\/at\/produkt\/nailner-2-in-1\/#breadcrumb","itemListElement":[{"@type":"ListItem","position":1,"name":"Home","item":"https:\/\/nailner.com\/at\/"},{"@type":"ListItem","position":2,"name":"Produkte","item":"https:\/\/nailner.com\/at\/produkte\/"},{"@type":"ListItem","position":3,"name":"Nailner 2 In 1 Pinsell\u00f6sung"}]},{"@type":"WebSite","@id":"https:\/\/nailner.com\/at\/#website","url":"https:\/\/nailner.com\/at\/","name":"Nailner","description":"","publisher":{"@id":"https:\/\/nailner.com\/at\/#organization"},"potentialAction":[{"@type":"SearchAction","target":{"@type":"EntryPoint","urlTemplate":"https:\/\/nailner.com\/at\/?s={search_term_string}"},"query-input":{"@type":"PropertyValueSpecification","valueRequired":true,"valueName":"search_term_string"}}],"inLanguage":"de-AT"},{"@type":"Organization","@id":"https:\/\/nailner.com\/at\/#organization","name":"Nailner","url":"https:\/\/nailner.com\/at\/","logo":{"@type":"ImageObject","inLanguage":"de-AT","@id":"https:\/\/nailner.com\/at\/#\/schema\/logo\/image\/","url":"https:\/\/nailner.com\/app\/uploads\/sites\/10\/2025\/04\/Nailner-logo.png","contentUrl":"https:\/\/nailner.com\/app\/uploads\/sites\/10\/2025\/04\/Nailner-logo.png","width":134,"height":32,"caption":"Nailner"},"image":{"@id":"https:\/\/nailner.com\/at\/#\/schema\/logo\/image\/"}}]}},"_links":{"self":[{"href":"https:\/\/nailner.com\/at\/wp-json\/wp\/v2\/product\/43","targetHints":{"allow":["GET"]}}],"collection":[{"href":"https:\/\/nailner.com\/at\/wp-json\/wp\/v2\/product"}],"about":[{"href":"https:\/\/nailner.com\/at\/wp-json\/wp\/v2\/types\/product"}],"replies":[{"embeddable":true,"href":"https:\/\/nailner.com\/at\/wp-json\/wp\/v2\/comments?post=43"}],"version-history":[{"count":10,"href":"https:\/\/nailner.com\/at\/wp-json\/wp\/v2\/product\/43\/revisions"}],"predecessor-version":[{"id":503,"href":"https:\/\/nailner.com\/at\/wp-json\/wp\/v2\/product\/43\/revisions\/503"}],"wp:featuredmedia":[{"embeddable":true,"href":"https:\/\/nailner.com\/at\/wp-json\/wp\/v2\/media\/459"}],"wp:attachment":[{"href":"https:\/\/nailner.com\/at\/wp-json\/wp\/v2\/media?parent=43"}],"wp:term":[{"taxonomy":"product_brand","embeddable":true,"href":"https:\/\/nailner.com\/at\/wp-json\/wp\/v2\/product_brand?post=43"},{"taxonomy":"product_cat","embeddable":true,"href":"https:\/\/nailner.com\/at\/wp-json\/wp\/v2\/product_cat?post=43"},{"taxonomy":"product_tag","embeddable":true,"href":"https:\/\/nailner.com\/at\/wp-json\/wp\/v2\/product_tag?post=43"}],"curies":[{"name":"wp","href":"https:\/\/api.w.org\/{rel}","templated":true}]}}