{"id":27,"date":"2022-05-09T10:39:22","date_gmt":"2022-05-09T08:39:22","guid":{"rendered":"https:\/\/nailner.com\/be\/nailner\/"},"modified":"2025-09-24T09:45:39","modified_gmt":"2025-09-24T07:45:39","slug":"start","status":"publish","type":"page","link":"https:\/\/nailner.com\/be\/fr\/","title":{"rendered":"Start"},"content":{"rendered":"\n\n\n\n\n<div class=\"wp-block-karopharma-free-text pt-large pb-large bg-center bg-cover bg-no-repeat\" style=\"background-image:url()\"><div class=\"free-text-wrapper container max-w-medium text-left\">\n<p class=\"is-style-paragraph-preamble\">Chez Nailner, nous comprenons que lorsque vous souffrez de mycose des ongles, vous souhaitez vous d\u00e9barrasser du probl\u00e8me le plus rapidement et le plus facilement possible, afin de retrouver des ongles d&rsquo;apparence saine. C&rsquo;est pourquoi les produits de traitement des mycoses de l&rsquo;ongle de Nailner p\u00e9n\u00e8trent rapidement dans l&rsquo;ongle et sont cliniquement test\u00e9s et prouv\u00e9s efficaces pour traiter et pr\u00e9venir les mycoses de l&rsquo;ongle.<\/p>\n\n\n\n<p class=\"is-style-paragraph-preamble\">Nailner est plus qu&rsquo;un traitement pour la mycose des ongles. Nous proposons une gamme de produits dont certains am\u00e9liorent l&rsquo;apparence de l&rsquo;ongle, avec des r\u00e9sultats visibles en 7 jours, et d&rsquo;autres masquent la mycose de l&rsquo;ongle avec une couverture imm\u00e9diate de la d\u00e9coloration. Que vous souhaitiez des ongles naturels ou color\u00e9s, des ongles d&rsquo;apparence plus saine ou simplement traiter l&rsquo;infection, Nailner a le produit qu&rsquo;il vous faut.<\/p>\n<\/div><\/div>\n\n\n<div class=\"product-list wp-block-karopharma-product-list\" data-testid=\"product-list\">\n      <div class=\"swiper-container\">\n      <div class=\"swiper\">\n        <div class=\"swiper-wrapper\">\n                      <div class=\"swiper-slide\">\n              <div class=\"product-card\" data-testid=\"product-card\">\n  <a\n    href=https:\/\/nailner.com\/be\/fr\/produit\/nailner-pinceau-vernis-2-en-1\/\n    class=\"product-card-link\"\n    title=\"Nailner Pinceau (vernis) 2 en 1\"\n  >\n  <figure class=\"product-card-image\" data-testid=\"product-image\">\n                          <img decoding=\"async\" src=\"https:\/\/nailner.com\/cdn-cgi\/image\/width=700,format=auto\/app\/uploads\/sites\/4\/2022\/06\/nailner-brush-2in1-befr.png\"\n        srcset=\"https:\/\/nailner.com\/cdn-cgi\/image\/width=250,format=auto\/app\/uploads\/sites\/4\/2022\/06\/nailner-brush-2in1-befr.png 250w,\n                https:\/\/nailner.com\/cdn-cgi\/image\/width=500,format=auto\/app\/uploads\/sites\/4\/2022\/06\/nailner-brush-2in1-befr.png 500w,\n                https:\/\/nailner.com\/cdn-cgi\/image\/width=700,format=auto\/app\/uploads\/sites\/4\/2022\/06\/nailner-brush-2in1-befr.png 700w\"\n        sizes=\"(max-width: 400px) 250px, (max-width: 800px) 500px, 700px\"\n        alt=\"\"\n        class=\"img\">\n            <\/figure>\n    <div class=\"product-card-content\">\n      <div class=\"heading-wrapper\">\n        <h2 class=\"heading\">Nailner Pinceau (vernis) 2 en 1<\/h2>\n      <\/div>\n      <div class=\"product-card-description\">Traite et embellit les ongles<\/div>\n                      <\/div>\n  <\/a>\n          <div class=\"button-wrapper buy-now \" data-testid=\"buy-now\">\n      <div class=\"buy-now-container dropdown-container\">\n      <div class=\"theme-button button-primary-color dropdown-link\" aria-label=\"Acheter maintenant\">\n          Acheter maintenant <i class=\"dropdown\"><\/i>\n      <\/div>\n      <ul class=\"reseller-list submenu\">\n                    <li>\n              <a\n                href=\"https:\/\/www.bol.com\/be\/nl\/p\/nailner-kalknagel-kwastje-2-in-1-5-ml\/9200000056969759\/\" onclick=\"dataLayer.push({'event':'ga_event', 'eventCategory':'Click on Reseller', 'eventAction':'Bol', 'eventLabel':'Nailner Pinceau (vernis) 2 en 1', 'eventValue': undefined})\" rel=\"noopener\" target=\"_blank\" title=\"Bol\"\n                data-testid=\"buy-now-reseller\">\n                <i class=\"fa-solid fa-arrow-right\"><\/i> Bol\n              <\/a>\n          <\/li>\n                    <li>\n              <a\n                href=\"https:\/\/www.farmaline.be\/apotheek\/bestellen\/nailner-brush-2-in-1\/\" onclick=\"dataLayer.push({'event':'ga_event', 'eventCategory':'Click on Reseller', 'eventAction':'Farmaline', 'eventLabel':'Nailner Pinceau (vernis) 2 en 1', 'eventValue': undefined})\" rel=\"noopener\" target=\"_blank\" title=\"Farmaline\"\n                data-testid=\"buy-now-reseller\">\n                <i class=\"fa-solid fa-arrow-right\"><\/i> Farmaline\n              <\/a>\n          <\/li>\n                    <li>\n              <a\n                href=\"https:\/\/www.newpharma.be\/apotheek\/nailner\/505999\/nailner-2-in-1-borsteltje-voor-schimmelnagels-5ml.html\" onclick=\"dataLayer.push({'event':'ga_event', 'eventCategory':'Click on Reseller', 'eventAction':'New Pharma', 'eventLabel':'Nailner Pinceau (vernis) 2 en 1', 'eventValue': undefined})\" rel=\"noopener\" target=\"_blank\" title=\"New Pharma\"\n                data-testid=\"buy-now-reseller\">\n                <i class=\"fa-solid fa-arrow-right\"><\/i> New Pharma\n              <\/a>\n          <\/li>\n                <\/ul>\n    <\/div>\n  <\/div>\n  <\/div>\n            <\/div>\n                      <div class=\"swiper-slide\">\n              <div class=\"product-card\" data-testid=\"product-card\">\n  <a\n    href=https:\/\/nailner.com\/be\/fr\/produit\/nailner-stylo-2-en-1\/\n    class=\"product-card-link\"\n    title=\"Nailner Stylo 2 en 1\"\n  >\n  <figure class=\"product-card-image\" data-testid=\"product-image\">\n                          <img decoding=\"async\" src=\"https:\/\/nailner.com\/cdn-cgi\/image\/width=700,format=auto\/app\/uploads\/sites\/4\/2022\/06\/nailner-pen-2in1-befr.png\"\n        srcset=\"https:\/\/nailner.com\/cdn-cgi\/image\/width=250,format=auto\/app\/uploads\/sites\/4\/2022\/06\/nailner-pen-2in1-befr.png 250w,\n                https:\/\/nailner.com\/cdn-cgi\/image\/width=500,format=auto\/app\/uploads\/sites\/4\/2022\/06\/nailner-pen-2in1-befr.png 500w,\n                https:\/\/nailner.com\/cdn-cgi\/image\/width=700,format=auto\/app\/uploads\/sites\/4\/2022\/06\/nailner-pen-2in1-befr.png 700w\"\n        sizes=\"(max-width: 400px) 250px, (max-width: 800px) 500px, 700px\"\n        alt=\"\"\n        class=\"img\">\n            <\/figure>\n    <div class=\"product-card-content\">\n      <div class=\"heading-wrapper\">\n        <h2 class=\"heading\">Nailner Stylo 2 en 1<\/h2>\n      <\/div>\n      <div class=\"product-card-description\">Traite et embellit les ongles<\/div>\n                      <\/div>\n  <\/a>\n          <div class=\"button-wrapper buy-now \" data-testid=\"buy-now\">\n      <div class=\"buy-now-container dropdown-container\">\n      <div class=\"theme-button button-primary-color dropdown-link\" aria-label=\"Acheter maintenant\">\n          Acheter maintenant <i class=\"dropdown\"><\/i>\n      <\/div>\n      <ul class=\"reseller-list submenu\">\n                    <li>\n              <a\n                href=\"https:\/\/www.bol.com\/nl\/fr\/p\/nailner-2-in-1-kalknagelbehandeling-kalknagelpen-bevat-2-pennen\/9300000108167875\/\" onclick=\"dataLayer.push({'event':'ga_event', 'eventCategory':'Click on Reseller', 'eventAction':'Bol', 'eventLabel':'Nailner Stylo 2 en 1', 'eventValue': undefined})\" rel=\"noopener\" target=\"_blank\" title=\"Bol\"\n                data-testid=\"buy-now-reseller\">\n                <i class=\"fa-solid fa-arrow-right\"><\/i> Bol\n              <\/a>\n          <\/li>\n                    <li>\n              <a\n                href=\"https:\/\/www.farmaline.be\/apotheek\/bestellen\/nailner-pen-2-in-1\/\" onclick=\"dataLayer.push({'event':'ga_event', 'eventCategory':'Click on Reseller', 'eventAction':'Farmaline', 'eventLabel':'Nailner Stylo 2 en 1', 'eventValue': undefined})\" rel=\"noopener\" target=\"_blank\" title=\"Farmaline\"\n                data-testid=\"buy-now-reseller\">\n                <i class=\"fa-solid fa-arrow-right\"><\/i> Farmaline\n              <\/a>\n          <\/li>\n                    <li>\n              <a\n                href=\"https:\/\/www.newpharma.be\/apotheek\/nailner\/614319\/nailner-2-in-1-schimmelnagel-pen-4ml.html\" onclick=\"dataLayer.push({'event':'ga_event', 'eventCategory':'Click on Reseller', 'eventAction':'New Pharma', 'eventLabel':'Nailner Stylo 2 en 1', 'eventValue': undefined})\" rel=\"noopener\" target=\"_blank\" title=\"New Pharma\"\n                data-testid=\"buy-now-reseller\">\n                <i class=\"fa-solid fa-arrow-right\"><\/i> New Pharma\n              <\/a>\n          <\/li>\n                <\/ul>\n    <\/div>\n  <\/div>\n  <\/div>\n            <\/div>\n                  <\/div>\n        <div class=\"swiper-scrollbar\"><\/div>\n      <\/div>\n    <\/div>\n  <\/div>\n\n\n\n<div class=\"wp-block-karopharma-free-text pt-large pb-large bg-center bg-cover bg-no-repeat bg-box undefined bg small is-style-transparent\" style=\"background-image:url(https:\/\/nailner.com\/cdn-cgi\/image\/format=auto\/app\/uploads\/sites\/4\/2022\/06\/2-In-1_NudeBathroomNLA02.png)\"><div class=\"free-text-wrapper container small text-center\">\n<h2 class=\"is-style-heading-huge wp-block-heading\" id=\"active-cover\">Pinceau 2 en 1<\/h2>\n\n\n\n<p class=\"is-style-paragraph-preamble\">Des r\u00e9sultats visibles apr\u00e8s 1 semaine. Un pinceau d&rsquo;un grand confort d&rsquo;utilisation contre la mycose des ongles, avec effet embellissant.<\/p>\n\n\n\n<div class=\"wp-block-buttons is-layout-flex wp-block-buttons-is-layout-flex\">\n<div class=\"wp-block-button\"><a class=\"wp-block-button__link\" href=\"https:\/\/nailner.com\/be\/fr\/producten\/\">En savoir plus<\/a><\/div>\n<\/div>\n<\/div><\/div>\n","protected":false},"excerpt":{"rendered":"","protected":false},"author":3,"featured_media":182,"parent":0,"menu_order":0,"comment_status":"closed","ping_status":"closed","template":"","meta":{"_acf_changed":false,"footnotes":""},"from-article-database":[],"class_list":["post-27","page","type-page","status-publish","has-post-thumbnail","hentry"],"acf":[],"yoast_head":"<!-- This site is optimized with the Yoast SEO plugin v26.6 - https:\/\/yoast.com\/wordpress\/plugins\/seo\/ -->\n<title>Start - Nailner<\/title>\n<meta name=\"description\" content=\"Chez Nailner, nous comprenons que lorsque vous souffrez de mycose des ongles, vous souhaitez vous d\u00e9barrasser du probl\u00e8me le plus rapidement et le plus facilement possible, afin de retrouver des ongles d\u2019apparence saine.\" \/>\n<meta name=\"robots\" content=\"index, follow, max-snippet:-1, max-image-preview:large, max-video-preview:-1\" \/>\n<link rel=\"canonical\" href=\"https:\/\/nailner.com\/be\/fr\/\" \/>\n<meta property=\"og:locale\" content=\"fr_FR\" \/>\n<meta property=\"og:type\" content=\"article\" \/>\n<meta property=\"og:title\" content=\"Start - Nailner\" \/>\n<meta property=\"og:description\" content=\"Chez Nailner, nous comprenons que lorsque vous souffrez de mycose des ongles, vous souhaitez vous d\u00e9barrasser du probl\u00e8me le plus rapidement et le plus facilement possible, afin de retrouver des ongles d\u2019apparence saine.\" \/>\n<meta property=\"og:url\" content=\"https:\/\/nailner.com\/be\/fr\/\" \/>\n<meta property=\"og:site_name\" content=\"Nailner\" \/>\n<meta property=\"article:modified_time\" content=\"2025-09-24T07:45:39+00:00\" \/>\n<meta property=\"og:image\" content=\"https:\/\/nailner.com\/app\/uploads\/sites\/4\/2022\/06\/Nailner_Group_Image_Products_NL-BE.png\" \/>\n\t<meta property=\"og:image:width\" content=\"1000\" \/>\n\t<meta property=\"og:image:height\" content=\"1000\" \/>\n\t<meta property=\"og:image:type\" content=\"image\/png\" \/>\n<meta name=\"twitter:card\" content=\"summary_large_image\" \/>\n<meta name=\"twitter:label1\" content=\"Dur\u00e9e de lecture est.\" \/>\n\t<meta name=\"twitter:data1\" content=\"1 minute\" \/>\n<script type=\"application\/ld+json\" class=\"yoast-schema-graph\">{\"@context\":\"https:\/\/schema.org\",\"@graph\":[{\"@type\":\"WebPage\",\"@id\":\"https:\/\/nailner.com\/be\/fr\/\",\"url\":\"https:\/\/nailner.com\/be\/fr\/\",\"name\":\"Start - Nailner\",\"isPartOf\":{\"@id\":\"https:\/\/nailner.com\/be\/fr\/#website\"},\"primaryImageOfPage\":{\"@id\":\"https:\/\/nailner.com\/be\/fr\/#primaryimage\"},\"image\":{\"@id\":\"https:\/\/nailner.com\/be\/fr\/#primaryimage\"},\"thumbnailUrl\":\"https:\/\/nailner.com\/app\/uploads\/sites\/4\/2022\/06\/Nailner_Group_Image_Products_NL-BE.png\",\"datePublished\":\"2022-05-09T08:39:22+00:00\",\"dateModified\":\"2025-09-24T07:45:39+00:00\",\"description\":\"Chez Nailner, nous comprenons que lorsque vous souffrez de mycose des ongles, vous souhaitez vous d\u00e9barrasser du probl\u00e8me le plus rapidement et le plus facilement possible, afin de retrouver des ongles d\u2019apparence saine.\",\"breadcrumb\":{\"@id\":\"https:\/\/nailner.com\/be\/fr\/#breadcrumb\"},\"inLanguage\":\"fr-BE\",\"potentialAction\":[{\"@type\":\"ReadAction\",\"target\":[\"https:\/\/nailner.com\/be\/fr\/\"]}]},{\"@type\":\"ImageObject\",\"inLanguage\":\"fr-BE\",\"@id\":\"https:\/\/nailner.com\/be\/fr\/#primaryimage\",\"url\":\"https:\/\/nailner.com\/app\/uploads\/sites\/4\/2022\/06\/Nailner_Group_Image_Products_NL-BE.png\",\"contentUrl\":\"https:\/\/nailner.com\/app\/uploads\/sites\/4\/2022\/06\/Nailner_Group_Image_Products_NL-BE.png\",\"width\":1000,\"height\":1000,\"caption\":\"Nailner_Group_Image_Products_NL-BE\"},{\"@type\":\"BreadcrumbList\",\"@id\":\"https:\/\/nailner.com\/be\/fr\/#breadcrumb\",\"itemListElement\":[{\"@type\":\"ListItem\",\"position\":1,\"name\":\"Home\",\"item\":\"https:\/\/nailner.com\/be\/fr\/\"},{\"@type\":\"ListItem\",\"position\":2,\"name\":\"Start\"}]},{\"@type\":\"WebSite\",\"@id\":\"https:\/\/nailner.com\/be\/fr\/#website\",\"url\":\"https:\/\/nailner.com\/be\/fr\/\",\"name\":\"Nailner\",\"description\":\"\",\"publisher\":{\"@id\":\"https:\/\/nailner.com\/be\/fr\/#organization\"},\"potentialAction\":[{\"@type\":\"SearchAction\",\"target\":{\"@type\":\"EntryPoint\",\"urlTemplate\":\"https:\/\/nailner.com\/be\/fr\/?s={search_term_string}\"},\"query-input\":{\"@type\":\"PropertyValueSpecification\",\"valueRequired\":true,\"valueName\":\"search_term_string\"}}],\"inLanguage\":\"fr-BE\"},{\"@type\":\"Organization\",\"@id\":\"https:\/\/nailner.com\/be\/fr\/#organization\",\"name\":\"Nailner\",\"url\":\"https:\/\/nailner.com\/be\/fr\/\",\"logo\":{\"@type\":\"ImageObject\",\"inLanguage\":\"fr-BE\",\"@id\":\"https:\/\/nailner.com\/be\/fr\/#\/schema\/logo\/image\/\",\"url\":\"https:\/\/nailner.com\/app\/uploads\/sites\/4\/2025\/09\/Nailner-logo.png\",\"contentUrl\":\"https:\/\/nailner.com\/app\/uploads\/sites\/4\/2025\/09\/Nailner-logo.png\",\"width\":134,\"height\":32,\"caption\":\"Nailner\"},\"image\":{\"@id\":\"https:\/\/nailner.com\/be\/fr\/#\/schema\/logo\/image\/\"}}]}<\/script>\n<!-- \/ Yoast SEO plugin. -->","yoast_head_json":{"title":"Start - Nailner","description":"Chez Nailner, nous comprenons que lorsque vous souffrez de mycose des ongles, vous souhaitez vous d\u00e9barrasser du probl\u00e8me le plus rapidement et le plus facilement possible, afin de retrouver des ongles d\u2019apparence saine.","robots":{"index":"index","follow":"follow","max-snippet":"max-snippet:-1","max-image-preview":"max-image-preview:large","max-video-preview":"max-video-preview:-1"},"canonical":"https:\/\/nailner.com\/be\/fr\/","og_locale":"fr_FR","og_type":"article","og_title":"Start - Nailner","og_description":"Chez Nailner, nous comprenons que lorsque vous souffrez de mycose des ongles, vous souhaitez vous d\u00e9barrasser du probl\u00e8me le plus rapidement et le plus facilement possible, afin de retrouver des ongles d\u2019apparence saine.","og_url":"https:\/\/nailner.com\/be\/fr\/","og_site_name":"Nailner","article_modified_time":"2025-09-24T07:45:39+00:00","og_image":[{"width":1000,"height":1000,"url":"https:\/\/nailner.com\/app\/uploads\/sites\/4\/2022\/06\/Nailner_Group_Image_Products_NL-BE.png","type":"image\/png"}],"twitter_card":"summary_large_image","twitter_misc":{"Dur\u00e9e de lecture est.":"1 minute"},"schema":{"@context":"https:\/\/schema.org","@graph":[{"@type":"WebPage","@id":"https:\/\/nailner.com\/be\/fr\/","url":"https:\/\/nailner.com\/be\/fr\/","name":"Start - Nailner","isPartOf":{"@id":"https:\/\/nailner.com\/be\/fr\/#website"},"primaryImageOfPage":{"@id":"https:\/\/nailner.com\/be\/fr\/#primaryimage"},"image":{"@id":"https:\/\/nailner.com\/be\/fr\/#primaryimage"},"thumbnailUrl":"https:\/\/nailner.com\/app\/uploads\/sites\/4\/2022\/06\/Nailner_Group_Image_Products_NL-BE.png","datePublished":"2022-05-09T08:39:22+00:00","dateModified":"2025-09-24T07:45:39+00:00","description":"Chez Nailner, nous comprenons que lorsque vous souffrez de mycose des ongles, vous souhaitez vous d\u00e9barrasser du probl\u00e8me le plus rapidement et le plus facilement possible, afin de retrouver des ongles d\u2019apparence saine.","breadcrumb":{"@id":"https:\/\/nailner.com\/be\/fr\/#breadcrumb"},"inLanguage":"fr-BE","potentialAction":[{"@type":"ReadAction","target":["https:\/\/nailner.com\/be\/fr\/"]}]},{"@type":"ImageObject","inLanguage":"fr-BE","@id":"https:\/\/nailner.com\/be\/fr\/#primaryimage","url":"https:\/\/nailner.com\/app\/uploads\/sites\/4\/2022\/06\/Nailner_Group_Image_Products_NL-BE.png","contentUrl":"https:\/\/nailner.com\/app\/uploads\/sites\/4\/2022\/06\/Nailner_Group_Image_Products_NL-BE.png","width":1000,"height":1000,"caption":"Nailner_Group_Image_Products_NL-BE"},{"@type":"BreadcrumbList","@id":"https:\/\/nailner.com\/be\/fr\/#breadcrumb","itemListElement":[{"@type":"ListItem","position":1,"name":"Home","item":"https:\/\/nailner.com\/be\/fr\/"},{"@type":"ListItem","position":2,"name":"Start"}]},{"@type":"WebSite","@id":"https:\/\/nailner.com\/be\/fr\/#website","url":"https:\/\/nailner.com\/be\/fr\/","name":"Nailner","description":"","publisher":{"@id":"https:\/\/nailner.com\/be\/fr\/#organization"},"potentialAction":[{"@type":"SearchAction","target":{"@type":"EntryPoint","urlTemplate":"https:\/\/nailner.com\/be\/fr\/?s={search_term_string}"},"query-input":{"@type":"PropertyValueSpecification","valueRequired":true,"valueName":"search_term_string"}}],"inLanguage":"fr-BE"},{"@type":"Organization","@id":"https:\/\/nailner.com\/be\/fr\/#organization","name":"Nailner","url":"https:\/\/nailner.com\/be\/fr\/","logo":{"@type":"ImageObject","inLanguage":"fr-BE","@id":"https:\/\/nailner.com\/be\/fr\/#\/schema\/logo\/image\/","url":"https:\/\/nailner.com\/app\/uploads\/sites\/4\/2025\/09\/Nailner-logo.png","contentUrl":"https:\/\/nailner.com\/app\/uploads\/sites\/4\/2025\/09\/Nailner-logo.png","width":134,"height":32,"caption":"Nailner"},"image":{"@id":"https:\/\/nailner.com\/be\/fr\/#\/schema\/logo\/image\/"}}]}},"_links":{"self":[{"href":"https:\/\/nailner.com\/be\/fr\/wp-json\/wp\/v2\/pages\/27","targetHints":{"allow":["GET"]}}],"collection":[{"href":"https:\/\/nailner.com\/be\/fr\/wp-json\/wp\/v2\/pages"}],"about":[{"href":"https:\/\/nailner.com\/be\/fr\/wp-json\/wp\/v2\/types\/page"}],"author":[{"embeddable":true,"href":"https:\/\/nailner.com\/be\/fr\/wp-json\/wp\/v2\/users\/3"}],"replies":[{"embeddable":true,"href":"https:\/\/nailner.com\/be\/fr\/wp-json\/wp\/v2\/comments?post=27"}],"version-history":[{"count":10,"href":"https:\/\/nailner.com\/be\/fr\/wp-json\/wp\/v2\/pages\/27\/revisions"}],"predecessor-version":[{"id":550,"href":"https:\/\/nailner.com\/be\/fr\/wp-json\/wp\/v2\/pages\/27\/revisions\/550"}],"wp:featuredmedia":[{"embeddable":true,"href":"https:\/\/nailner.com\/be\/fr\/wp-json\/wp\/v2\/media\/182"}],"wp:attachment":[{"href":"https:\/\/nailner.com\/be\/fr\/wp-json\/wp\/v2\/media?parent=27"}],"wp:term":[{"taxonomy":"from-article-database","embeddable":true,"href":"https:\/\/nailner.com\/be\/fr\/wp-json\/wp\/v2\/from-article-database?post=27"}],"curies":[{"name":"wp","href":"https:\/\/api.w.org\/{rel}","templated":true}]}}