{"id":62,"date":"2022-05-27T14:38:18","date_gmt":"2022-05-27T12:38:18","guid":{"rendered":"https:\/\/nailner.com\/be\/over-nailner\/"},"modified":"2025-09-24T09:45:26","modified_gmt":"2025-09-24T07:45:26","slug":"sur-nailner","status":"publish","type":"page","link":"https:\/\/nailner.com\/be\/fr\/sur-nailner\/","title":{"rendered":"Sur Nailner"},"content":{"rendered":"\n<div class=\"wp-block-karopharma-background-image-with-text-v2 background-image-with-text-v2 undefined content-position-center fixed-height-layout\" datatest=\"root\"><div class=\"background-image-with-text-wrapper\"><picture class=\"background-image-with-text-image\"><source media=\"(max-width: 560px)\" srcset=\"https:\/\/nailner.com\/cdn-cgi\/image\/format=auto,width=560\/app\/uploads\/sites\/4\/2022\/11\/2in1_NudeBathroomNLA02_2.jpg\"\/><source media=\"(max-width: 800px)\" srcset=\"https:\/\/nailner.com\/cdn-cgi\/image\/format=auto,width=800\/app\/uploads\/sites\/4\/2022\/11\/2in1_NudeBathroomNLA02_2.jpg\"\/><source media=\"(max-width: 1920px)\" srcset=\"https:\/\/nailner.com\/cdn-cgi\/image\/format=auto,width=1920\/app\/uploads\/sites\/4\/2022\/11\/2in1_NudeBathroomNLA02_2.jpg\"\/><img decoding=\"async\" width=\"2000\" height=\"1333\" datatest=\"background-image\" loading=\"lazy\" class=\"object-center object-cover\" src=\"https:\/\/nailner.com\/cdn-cgi\/image\/format=auto\/app\/uploads\/sites\/4\/2022\/11\/2in1_NudeBathroomNLA02_2.jpg\" alt=\"2in1_NudeBathroomNLA02_2\"\/><\/picture><div datatest=\"content-wrapper\" class=\"background-image-with-text-content-wrapper container max-w-medium text-alignment-left  pt-large pb-large\"><div class=\"content\">\n<div class=\"wp-block-buttons is-layout-flex wp-block-buttons-is-layout-flex\"><\/div>\n<\/div><\/div><\/div><\/div>\n\n\n\n<div class=\"wp-block-karopharma-free-text undefined bg-center bg-contain bg-no-repeat  is-style-secondary\" style=\"background-image:url()\"><div class=\"free-text-wrapper container max-w-medium text-center\">\n<h1 class=\"is-style-heading-huge wp-block-heading\">Sur Nailner<\/h1>\n\n\n\n<p class=\"is-style-paragraph-preamble\">Chez Nailner, nous comprenons que lorsque vous souffrez de mycose des ongles, vous souhaitez vous d\u00e9barrasser du probl\u00e8me le plus rapidement et le plus facilement possible, afin de retrouver des ongles d&rsquo;apparence saine.<\/p>\n\n\n\n<p>C&rsquo;est pourquoi les produits de traitement des mycoses de l&rsquo;ongle de Nailner p\u00e9n\u00e8trent rapidement dans l&rsquo;ongle et sont cliniquement test\u00e9s et prouv\u00e9s efficaces pour traiter et pr\u00e9venir les mycoses de l&rsquo;ongle. Nous proposons une gamme de produits dont certains am\u00e9liorent l&rsquo;apparence de l&rsquo;ongle, avec des r\u00e9sultats visibles en 7 jours, et d&rsquo;autres masquent la mycose de l&rsquo;ongle avec une couverture imm\u00e9diate de la d\u00e9coloration.<\/p>\n\n\n\n<p>Que vous souhaitiez des ongles naturels ou color\u00e9s, des ongles d&rsquo;apparence plus saine ou simplement traiter l&rsquo;infection, Nailner a le produit qu&rsquo;il vous faut.<\/p>\n<\/div><\/div>\n\n\n\n<div class=\"wp-block-karopharma-accordions\"><div class=\"container\">\n<details class=\"wp-block-karopharma-accordion\"><summary><h2 class=\"accordion-title\">Quelle est la dur\u00e9e d&rsquo;un traitement ?<\/h2><\/summary><div class=\"accordion-content\">\n<p>Le traitement de l&rsquo;infection dure g\u00e9n\u00e9ralement 12 semaines, mais le nouvel ongle doit pousser compl\u00e8tement, ce qui peut prendre jusqu&rsquo;\u00e0 12 mois.<\/p>\n<\/div><\/details>\n\n\n\n<details class=\"wp-block-karopharma-accordion\"><summary><h2 class=\"accordion-title\">Quand l&rsquo;ongle sera-t-il plus joli ?<\/h2><\/summary><div class=\"accordion-content\">\n<p>Contrairement \u00e0 de nombreux autres traitements, les produits Nailner am\u00e9liorent rapidement l&rsquo;apparence de l&rsquo;ongle ou traitent et camouflent les ongles inesth\u00e9tiques afin que vous puissiez toujours avoir des ongles sains et beaux tout en les traitant.<\/p>\n<\/div><\/details>\n\n\n\n<details class=\"wp-block-karopharma-accordion\"><summary><h2 class=\"accordion-title\">Dois-je limer mon ongle pour le traitement ?<\/h2><\/summary><div class=\"accordion-content\">\n<p>Tous les produits Nailner sont faciles et pratiques \u00e0 appliquer. Ils ne prennent que 1 \u00e0 2 minutes par jour et vous n&rsquo;avez pas besoin de limer l&rsquo;ongle avant de l&rsquo;appliquer.<\/p>\n<\/div><\/details>\n\n\n\n<details class=\"wp-block-karopharma-accordion\"><summary><h2 class=\"accordion-title\">Comment fonctionnent les traitements de Nailner ?<\/h2><\/summary><div class=\"accordion-content\">\n<p>Tous les produits Nailner agissent en p\u00e9n\u00e9trant profond\u00e9ment dans la couche de k\u00e9ratine de l&rsquo;ongle et en abaissant le niveau de pH de l&rsquo;ongle infect\u00e9. Cela cr\u00e9e un environnement d\u00e9favorable aux mycoses, ce qui \u00e9limine l&rsquo;infection et l&#8217;emp\u00eache de se propager \u00e0 d&rsquo;autres ongles et de revenir. Les produits Nailner contiennent \u00e9galement un ingr\u00e9dient hydratant pour revitaliser et am\u00e9liorer les ongles endommag\u00e9s. Il suffit d&rsquo;appliquer la solution \u00e0 l&rsquo;aide du pinceau ou du stylo fourni. Il n&rsquo;est pas n\u00e9cessaire de limer l&rsquo;ongle avant l&rsquo;application. Des \u00e9tudes cliniques ont montr\u00e9 que tous les patients ont \u00e9t\u00e9 soulag\u00e9s des mycoses de l&rsquo;ongle en utilisant Nailner tous les jours pendant 12 semaines. Nailner utilise des ingr\u00e9dients qui n&rsquo;endommagent pas l&rsquo;ongle et peut \u00eatre utilis\u00e9 pour le traitement, ainsi que pour la pr\u00e9vention, des mycoses de l&rsquo;ongle.<\/p>\n<\/div><\/details>\n<\/div><\/div>\n\n\n\n<div class=\"wp-block-karopharma-free-text undefined bg-center bg-contain bg-no-repeat\" style=\"background-image:url()\"><div class=\"free-text-wrapper container max-w-medium text-left\">\n<h2 class=\"is-style-heading-h2 wp-block-heading\">Nailner traite les mycoses de l&rsquo;ongle par deux actions cruciales :<\/h2>\n\n\n\n<h3 class=\"is-style-heading-h3 wp-block-heading\">Saturation totale de l&rsquo;ongle :<\/h3>\n\n\n\n<p>Les mycoses ne se trouvent pas seulement \u00e0 la surface de l&rsquo;ongle, mais dans toute la structure de l&rsquo;ongle. Nailer p\u00e9n\u00e8tre enti\u00e8rement dans l&rsquo;ongle et \u00e9limine efficacement les mycoses existantes. Les ingr\u00e9dients actifs traitent ainsi la surface et la profondeur de l&rsquo;ongle.<\/p>\n\n\n\n<h3 class=\"is-style-heading-h4 wp-block-heading\">Abaisser les valeurs de PH pour \u00e9liminer la mycose :<\/h3>\n\n\n\n<p>Les mycoses se d\u00e9veloppent de pr\u00e9f\u00e9rence dans un environnement alcalin, avec un pH \u00e9lev\u00e9. Ils lib\u00e8rent des substances qui d\u00e9composent la k\u00e9ratine de l&rsquo;ongle et causent des dommages visuels. Nailner contient de l&rsquo;acide lactique qui abaisse le pH et cr\u00e9e un environnement d\u00e9favorable aux mycoses.<\/p>\n<\/div><\/div>\n\n\n<div class=\"product-list wp-block-karopharma-product-list\" data-testid=\"product-list\">\n      <div class=\"swiper-container\">\n      <div class=\"swiper\">\n        <div class=\"swiper-wrapper\">\n                      <div class=\"swiper-slide\">\n              <div class=\"product-card\" data-testid=\"product-card\">\n  <a\n    href=https:\/\/nailner.com\/be\/fr\/produit\/nailner-pinceau-vernis-2-en-1\/\n    class=\"product-card-link\"\n    title=\"Nailner Pinceau (vernis) 2 en 1\"\n  >\n  <figure class=\"product-card-image\" data-testid=\"product-image\">\n                          <img decoding=\"async\" src=\"https:\/\/nailner.com\/cdn-cgi\/image\/width=700,format=auto\/app\/uploads\/sites\/4\/2022\/06\/nailner-brush-2in1-befr.png\"\n        srcset=\"https:\/\/nailner.com\/cdn-cgi\/image\/width=250,format=auto\/app\/uploads\/sites\/4\/2022\/06\/nailner-brush-2in1-befr.png 250w,\n                https:\/\/nailner.com\/cdn-cgi\/image\/width=500,format=auto\/app\/uploads\/sites\/4\/2022\/06\/nailner-brush-2in1-befr.png 500w,\n                https:\/\/nailner.com\/cdn-cgi\/image\/width=700,format=auto\/app\/uploads\/sites\/4\/2022\/06\/nailner-brush-2in1-befr.png 700w\"\n        sizes=\"(max-width: 400px) 250px, (max-width: 800px) 500px, 700px\"\n        alt=\"\"\n        class=\"img\">\n            <\/figure>\n    <div class=\"product-card-content\">\n      <div class=\"heading-wrapper\">\n        <h2 class=\"heading\">Nailner Pinceau (vernis) 2 en 1<\/h2>\n      <\/div>\n      <div class=\"product-card-description\">Traite et embellit les ongles<\/div>\n                      <\/div>\n  <\/a>\n          <div class=\"button-wrapper buy-now \" data-testid=\"buy-now\">\n      <div class=\"buy-now-container dropdown-container\">\n      <div class=\"theme-button button-primary-color dropdown-link\" aria-label=\"Acheter maintenant\">\n          Acheter maintenant <i class=\"dropdown\"><\/i>\n      <\/div>\n      <ul class=\"reseller-list submenu\">\n                    <li>\n              <a\n                href=\"https:\/\/www.bol.com\/be\/nl\/p\/nailner-kalknagel-kwastje-2-in-1-5-ml\/9200000056969759\/\" onclick=\"dataLayer.push({'event':'ga_event', 'eventCategory':'Click on Reseller', 'eventAction':'Bol', 'eventLabel':'Nailner Pinceau (vernis) 2 en 1', 'eventValue': undefined})\" rel=\"noopener\" target=\"_blank\" title=\"Bol\"\n                data-testid=\"buy-now-reseller\">\n                <i class=\"fa-solid fa-arrow-right\"><\/i> Bol\n              <\/a>\n          <\/li>\n                    <li>\n              <a\n                href=\"https:\/\/www.farmaline.be\/apotheek\/bestellen\/nailner-brush-2-in-1\/\" onclick=\"dataLayer.push({'event':'ga_event', 'eventCategory':'Click on Reseller', 'eventAction':'Farmaline', 'eventLabel':'Nailner Pinceau (vernis) 2 en 1', 'eventValue': undefined})\" rel=\"noopener\" target=\"_blank\" title=\"Farmaline\"\n                data-testid=\"buy-now-reseller\">\n                <i class=\"fa-solid fa-arrow-right\"><\/i> Farmaline\n              <\/a>\n          <\/li>\n                    <li>\n              <a\n                href=\"https:\/\/www.newpharma.be\/apotheek\/nailner\/505999\/nailner-2-in-1-borsteltje-voor-schimmelnagels-5ml.html\" onclick=\"dataLayer.push({'event':'ga_event', 'eventCategory':'Click on Reseller', 'eventAction':'New Pharma', 'eventLabel':'Nailner Pinceau (vernis) 2 en 1', 'eventValue': undefined})\" rel=\"noopener\" target=\"_blank\" title=\"New Pharma\"\n                data-testid=\"buy-now-reseller\">\n                <i class=\"fa-solid fa-arrow-right\"><\/i> New Pharma\n              <\/a>\n          <\/li>\n                <\/ul>\n    <\/div>\n  <\/div>\n  <\/div>\n            <\/div>\n                      <div class=\"swiper-slide\">\n              <div class=\"product-card\" data-testid=\"product-card\">\n  <a\n    href=https:\/\/nailner.com\/be\/fr\/produit\/nailner-stylo-2-en-1\/\n    class=\"product-card-link\"\n    title=\"Nailner Stylo 2 en 1\"\n  >\n  <figure class=\"product-card-image\" data-testid=\"product-image\">\n                          <img decoding=\"async\" src=\"https:\/\/nailner.com\/cdn-cgi\/image\/width=700,format=auto\/app\/uploads\/sites\/4\/2022\/06\/nailner-pen-2in1-befr.png\"\n        srcset=\"https:\/\/nailner.com\/cdn-cgi\/image\/width=250,format=auto\/app\/uploads\/sites\/4\/2022\/06\/nailner-pen-2in1-befr.png 250w,\n                https:\/\/nailner.com\/cdn-cgi\/image\/width=500,format=auto\/app\/uploads\/sites\/4\/2022\/06\/nailner-pen-2in1-befr.png 500w,\n                https:\/\/nailner.com\/cdn-cgi\/image\/width=700,format=auto\/app\/uploads\/sites\/4\/2022\/06\/nailner-pen-2in1-befr.png 700w\"\n        sizes=\"(max-width: 400px) 250px, (max-width: 800px) 500px, 700px\"\n        alt=\"\"\n        class=\"img\">\n            <\/figure>\n    <div class=\"product-card-content\">\n      <div class=\"heading-wrapper\">\n        <h2 class=\"heading\">Nailner Stylo 2 en 1<\/h2>\n      <\/div>\n      <div class=\"product-card-description\">Traite et embellit les ongles<\/div>\n                      <\/div>\n  <\/a>\n          <div class=\"button-wrapper buy-now \" data-testid=\"buy-now\">\n      <div class=\"buy-now-container dropdown-container\">\n      <div class=\"theme-button button-primary-color dropdown-link\" aria-label=\"Acheter maintenant\">\n          Acheter maintenant <i class=\"dropdown\"><\/i>\n      <\/div>\n      <ul class=\"reseller-list submenu\">\n                    <li>\n              <a\n                href=\"https:\/\/www.bol.com\/nl\/fr\/p\/nailner-2-in-1-kalknagelbehandeling-kalknagelpen-bevat-2-pennen\/9300000108167875\/\" onclick=\"dataLayer.push({'event':'ga_event', 'eventCategory':'Click on Reseller', 'eventAction':'Bol', 'eventLabel':'Nailner Stylo 2 en 1', 'eventValue': undefined})\" rel=\"noopener\" target=\"_blank\" title=\"Bol\"\n                data-testid=\"buy-now-reseller\">\n                <i class=\"fa-solid fa-arrow-right\"><\/i> Bol\n              <\/a>\n          <\/li>\n                    <li>\n              <a\n                href=\"https:\/\/www.farmaline.be\/apotheek\/bestellen\/nailner-pen-2-in-1\/\" onclick=\"dataLayer.push({'event':'ga_event', 'eventCategory':'Click on Reseller', 'eventAction':'Farmaline', 'eventLabel':'Nailner Stylo 2 en 1', 'eventValue': undefined})\" rel=\"noopener\" target=\"_blank\" title=\"Farmaline\"\n                data-testid=\"buy-now-reseller\">\n                <i class=\"fa-solid fa-arrow-right\"><\/i> Farmaline\n              <\/a>\n          <\/li>\n                    <li>\n              <a\n                href=\"https:\/\/www.newpharma.be\/apotheek\/nailner\/614319\/nailner-2-in-1-schimmelnagel-pen-4ml.html\" onclick=\"dataLayer.push({'event':'ga_event', 'eventCategory':'Click on Reseller', 'eventAction':'New Pharma', 'eventLabel':'Nailner Stylo 2 en 1', 'eventValue': undefined})\" rel=\"noopener\" target=\"_blank\" title=\"New Pharma\"\n                data-testid=\"buy-now-reseller\">\n                <i class=\"fa-solid fa-arrow-right\"><\/i> New Pharma\n              <\/a>\n          <\/li>\n                <\/ul>\n    <\/div>\n  <\/div>\n  <\/div>\n            <\/div>\n                  <\/div>\n        <div class=\"swiper-scrollbar\"><\/div>\n      <\/div>\n    <\/div>\n  <\/div>\n","protected":false},"excerpt":{"rendered":"","protected":false},"author":1,"featured_media":0,"parent":0,"menu_order":10,"comment_status":"closed","ping_status":"closed","template":"","meta":{"_acf_changed":false,"footnotes":""},"from-article-database":[],"class_list":["post-62","page","type-page","status-publish","hentry"],"acf":[],"yoast_head":"<!-- This site is optimized with the Yoast SEO plugin v26.6 - https:\/\/yoast.com\/wordpress\/plugins\/seo\/ -->\n<title>Sur Nailner - Nailner<\/title>\n<meta name=\"description\" content=\"Nailner, c&#039;est plus qu&#039;un traitement par lime \u00e0 ongles - Les produits Nailner renforcent \u00e9galement la beaut\u00e9 des ongles.\" \/>\n<meta name=\"robots\" content=\"index, follow, max-snippet:-1, max-image-preview:large, max-video-preview:-1\" \/>\n<link rel=\"canonical\" href=\"https:\/\/nailner.com\/be\/fr\/sur-nailner\/\" \/>\n<meta property=\"og:locale\" content=\"fr_FR\" \/>\n<meta property=\"og:type\" content=\"article\" \/>\n<meta property=\"og:title\" content=\"Sur Nailner - Nailner\" \/>\n<meta property=\"og:description\" content=\"Nailner, c&#039;est plus qu&#039;un traitement par lime \u00e0 ongles - Les produits Nailner renforcent \u00e9galement la beaut\u00e9 des ongles.\" \/>\n<meta property=\"og:url\" content=\"https:\/\/nailner.com\/be\/fr\/sur-nailner\/\" \/>\n<meta property=\"og:site_name\" content=\"Nailner\" \/>\n<meta property=\"article:modified_time\" content=\"2025-09-24T07:45:26+00:00\" \/>\n<meta property=\"og:image\" content=\"https:\/\/nailner.com\/cdn-cgi\/image\/format=auto\/app\/uploads\/sites\/4\/2022\/11\/2in1_NudeBathroomNLA02_2.jpg\" \/>\n<meta name=\"twitter:card\" content=\"summary_large_image\" \/>\n<meta name=\"twitter:label1\" content=\"Dur\u00e9e de lecture est.\" \/>\n\t<meta name=\"twitter:data1\" content=\"3 minutes\" \/>\n<script type=\"application\/ld+json\" class=\"yoast-schema-graph\">{\"@context\":\"https:\/\/schema.org\",\"@graph\":[{\"@type\":\"WebPage\",\"@id\":\"https:\/\/nailner.com\/be\/fr\/sur-nailner\/\",\"url\":\"https:\/\/nailner.com\/be\/fr\/sur-nailner\/\",\"name\":\"Sur Nailner - Nailner\",\"isPartOf\":{\"@id\":\"https:\/\/nailner.com\/be\/fr\/#website\"},\"primaryImageOfPage\":{\"@id\":\"https:\/\/nailner.com\/be\/fr\/sur-nailner\/#primaryimage\"},\"image\":{\"@id\":\"https:\/\/nailner.com\/be\/fr\/sur-nailner\/#primaryimage\"},\"thumbnailUrl\":\"https:\/\/nailner.com\/cdn-cgi\/image\/format=auto\/app\/uploads\/sites\/4\/2022\/11\/2in1_NudeBathroomNLA02_2.jpg\",\"datePublished\":\"2022-05-27T12:38:18+00:00\",\"dateModified\":\"2025-09-24T07:45:26+00:00\",\"description\":\"Nailner, c'est plus qu'un traitement par lime \u00e0 ongles - Les produits Nailner renforcent \u00e9galement la beaut\u00e9 des ongles.\",\"breadcrumb\":{\"@id\":\"https:\/\/nailner.com\/be\/fr\/sur-nailner\/#breadcrumb\"},\"inLanguage\":\"fr-BE\",\"potentialAction\":[{\"@type\":\"ReadAction\",\"target\":[\"https:\/\/nailner.com\/be\/fr\/sur-nailner\/\"]}]},{\"@type\":\"ImageObject\",\"inLanguage\":\"fr-BE\",\"@id\":\"https:\/\/nailner.com\/be\/fr\/sur-nailner\/#primaryimage\",\"url\":\"https:\/\/nailner.com\/cdn-cgi\/image\/format=auto\/app\/uploads\/sites\/4\/2022\/11\/2in1_NudeBathroomNLA02_2.jpg\",\"contentUrl\":\"https:\/\/nailner.com\/cdn-cgi\/image\/format=auto\/app\/uploads\/sites\/4\/2022\/11\/2in1_NudeBathroomNLA02_2.jpg\"},{\"@type\":\"BreadcrumbList\",\"@id\":\"https:\/\/nailner.com\/be\/fr\/sur-nailner\/#breadcrumb\",\"itemListElement\":[{\"@type\":\"ListItem\",\"position\":1,\"name\":\"Home\",\"item\":\"https:\/\/nailner.com\/be\/fr\/\"},{\"@type\":\"ListItem\",\"position\":2,\"name\":\"Sur Nailner\"}]},{\"@type\":\"WebSite\",\"@id\":\"https:\/\/nailner.com\/be\/fr\/#website\",\"url\":\"https:\/\/nailner.com\/be\/fr\/\",\"name\":\"Nailner\",\"description\":\"\",\"publisher\":{\"@id\":\"https:\/\/nailner.com\/be\/fr\/#organization\"},\"potentialAction\":[{\"@type\":\"SearchAction\",\"target\":{\"@type\":\"EntryPoint\",\"urlTemplate\":\"https:\/\/nailner.com\/be\/fr\/?s={search_term_string}\"},\"query-input\":{\"@type\":\"PropertyValueSpecification\",\"valueRequired\":true,\"valueName\":\"search_term_string\"}}],\"inLanguage\":\"fr-BE\"},{\"@type\":\"Organization\",\"@id\":\"https:\/\/nailner.com\/be\/fr\/#organization\",\"name\":\"Nailner\",\"url\":\"https:\/\/nailner.com\/be\/fr\/\",\"logo\":{\"@type\":\"ImageObject\",\"inLanguage\":\"fr-BE\",\"@id\":\"https:\/\/nailner.com\/be\/fr\/#\/schema\/logo\/image\/\",\"url\":\"https:\/\/nailner.com\/app\/uploads\/sites\/4\/2025\/09\/Nailner-logo.png\",\"contentUrl\":\"https:\/\/nailner.com\/app\/uploads\/sites\/4\/2025\/09\/Nailner-logo.png\",\"width\":134,\"height\":32,\"caption\":\"Nailner\"},\"image\":{\"@id\":\"https:\/\/nailner.com\/be\/fr\/#\/schema\/logo\/image\/\"}}]}<\/script>\n<!-- \/ Yoast SEO plugin. -->","yoast_head_json":{"title":"Sur Nailner - Nailner","description":"Nailner, c'est plus qu'un traitement par lime \u00e0 ongles - Les produits Nailner renforcent \u00e9galement la beaut\u00e9 des ongles.","robots":{"index":"index","follow":"follow","max-snippet":"max-snippet:-1","max-image-preview":"max-image-preview:large","max-video-preview":"max-video-preview:-1"},"canonical":"https:\/\/nailner.com\/be\/fr\/sur-nailner\/","og_locale":"fr_FR","og_type":"article","og_title":"Sur Nailner - Nailner","og_description":"Nailner, c'est plus qu'un traitement par lime \u00e0 ongles - Les produits Nailner renforcent \u00e9galement la beaut\u00e9 des ongles.","og_url":"https:\/\/nailner.com\/be\/fr\/sur-nailner\/","og_site_name":"Nailner","article_modified_time":"2025-09-24T07:45:26+00:00","og_image":[{"url":"https:\/\/nailner.com\/cdn-cgi\/image\/format=auto\/app\/uploads\/sites\/4\/2022\/11\/2in1_NudeBathroomNLA02_2.jpg","type":"","width":"","height":""}],"twitter_card":"summary_large_image","twitter_misc":{"Dur\u00e9e de lecture est.":"3 minutes"},"schema":{"@context":"https:\/\/schema.org","@graph":[{"@type":"WebPage","@id":"https:\/\/nailner.com\/be\/fr\/sur-nailner\/","url":"https:\/\/nailner.com\/be\/fr\/sur-nailner\/","name":"Sur Nailner - Nailner","isPartOf":{"@id":"https:\/\/nailner.com\/be\/fr\/#website"},"primaryImageOfPage":{"@id":"https:\/\/nailner.com\/be\/fr\/sur-nailner\/#primaryimage"},"image":{"@id":"https:\/\/nailner.com\/be\/fr\/sur-nailner\/#primaryimage"},"thumbnailUrl":"https:\/\/nailner.com\/cdn-cgi\/image\/format=auto\/app\/uploads\/sites\/4\/2022\/11\/2in1_NudeBathroomNLA02_2.jpg","datePublished":"2022-05-27T12:38:18+00:00","dateModified":"2025-09-24T07:45:26+00:00","description":"Nailner, c'est plus qu'un traitement par lime \u00e0 ongles - Les produits Nailner renforcent \u00e9galement la beaut\u00e9 des ongles.","breadcrumb":{"@id":"https:\/\/nailner.com\/be\/fr\/sur-nailner\/#breadcrumb"},"inLanguage":"fr-BE","potentialAction":[{"@type":"ReadAction","target":["https:\/\/nailner.com\/be\/fr\/sur-nailner\/"]}]},{"@type":"ImageObject","inLanguage":"fr-BE","@id":"https:\/\/nailner.com\/be\/fr\/sur-nailner\/#primaryimage","url":"https:\/\/nailner.com\/cdn-cgi\/image\/format=auto\/app\/uploads\/sites\/4\/2022\/11\/2in1_NudeBathroomNLA02_2.jpg","contentUrl":"https:\/\/nailner.com\/cdn-cgi\/image\/format=auto\/app\/uploads\/sites\/4\/2022\/11\/2in1_NudeBathroomNLA02_2.jpg"},{"@type":"BreadcrumbList","@id":"https:\/\/nailner.com\/be\/fr\/sur-nailner\/#breadcrumb","itemListElement":[{"@type":"ListItem","position":1,"name":"Home","item":"https:\/\/nailner.com\/be\/fr\/"},{"@type":"ListItem","position":2,"name":"Sur Nailner"}]},{"@type":"WebSite","@id":"https:\/\/nailner.com\/be\/fr\/#website","url":"https:\/\/nailner.com\/be\/fr\/","name":"Nailner","description":"","publisher":{"@id":"https:\/\/nailner.com\/be\/fr\/#organization"},"potentialAction":[{"@type":"SearchAction","target":{"@type":"EntryPoint","urlTemplate":"https:\/\/nailner.com\/be\/fr\/?s={search_term_string}"},"query-input":{"@type":"PropertyValueSpecification","valueRequired":true,"valueName":"search_term_string"}}],"inLanguage":"fr-BE"},{"@type":"Organization","@id":"https:\/\/nailner.com\/be\/fr\/#organization","name":"Nailner","url":"https:\/\/nailner.com\/be\/fr\/","logo":{"@type":"ImageObject","inLanguage":"fr-BE","@id":"https:\/\/nailner.com\/be\/fr\/#\/schema\/logo\/image\/","url":"https:\/\/nailner.com\/app\/uploads\/sites\/4\/2025\/09\/Nailner-logo.png","contentUrl":"https:\/\/nailner.com\/app\/uploads\/sites\/4\/2025\/09\/Nailner-logo.png","width":134,"height":32,"caption":"Nailner"},"image":{"@id":"https:\/\/nailner.com\/be\/fr\/#\/schema\/logo\/image\/"}}]}},"_links":{"self":[{"href":"https:\/\/nailner.com\/be\/fr\/wp-json\/wp\/v2\/pages\/62","targetHints":{"allow":["GET"]}}],"collection":[{"href":"https:\/\/nailner.com\/be\/fr\/wp-json\/wp\/v2\/pages"}],"about":[{"href":"https:\/\/nailner.com\/be\/fr\/wp-json\/wp\/v2\/types\/page"}],"author":[{"embeddable":true,"href":"https:\/\/nailner.com\/be\/fr\/wp-json\/wp\/v2\/users\/1"}],"replies":[{"embeddable":true,"href":"https:\/\/nailner.com\/be\/fr\/wp-json\/wp\/v2\/comments?post=62"}],"version-history":[{"count":10,"href":"https:\/\/nailner.com\/be\/fr\/wp-json\/wp\/v2\/pages\/62\/revisions"}],"predecessor-version":[{"id":538,"href":"https:\/\/nailner.com\/be\/fr\/wp-json\/wp\/v2\/pages\/62\/revisions\/538"}],"wp:attachment":[{"href":"https:\/\/nailner.com\/be\/fr\/wp-json\/wp\/v2\/media?parent=62"}],"wp:term":[{"taxonomy":"from-article-database","embeddable":true,"href":"https:\/\/nailner.com\/be\/fr\/wp-json\/wp\/v2\/from-article-database?post=62"}],"curies":[{"name":"wp","href":"https:\/\/api.w.org\/{rel}","templated":true}]}}