{"id":136,"date":"2022-06-02T10:07:19","date_gmt":"2022-06-02T08:07:19","guid":{"rendered":"https:\/\/nailner.com\/be\/product\/nailner-pinceau-vernis-2-en-1\/"},"modified":"2025-09-24T09:45:18","modified_gmt":"2025-09-24T07:45:18","slug":"nailner-pinceau-vernis-2-en-1","status":"publish","type":"product","link":"https:\/\/nailner.com\/be\/fr\/produit\/nailner-pinceau-vernis-2-en-1\/","title":{"rendered":"Nailner Pinceau (vernis) 2 en 1"},"content":{"rendered":"\n<section class=\"wp-block-karopharma-usp is-style-secondary usp is-style-secondary\"><div class=\"usp-wrapper\">\n<section class=\"wp-block-karopharma-usp-single usp-single undefined\"><div class=\"icon\"><svg width=\"21\" height=\"16\" viewBox=\"0 0 21 16\" fill=\"none\" xmlns=\"http:\/\/www.w3.org\/2000\/svg\"><path d=\"M19.2567 0.164742L6.13095 13.2905L1.49056 8.65006C1.2709 8.4304 0.914742 8.4304 0.695039 8.65006L0.164742 9.18036C-0.0549141 9.40001 -0.0549141 9.75617 0.164742 9.97587L5.73321 15.5443C5.95287 15.764 6.30903 15.764 6.52873 15.5443L20.5825 1.4906C20.8021 1.27095 20.8021 0.914789 20.5825 0.695086L20.0521 0.164742C19.8325 -0.0549141 19.4763 -0.0549141 19.2567 0.164742Z\" fill=\"white\"><\/path><\/svg><\/div>\n<h4 class=\"wp-block-heading has-text-align-center is-style-heading-h4\">\u00c9tape 1<\/h4>\n\n\n\n<p class=\"has-text-align-center is-style-body-text\">Avant chaque application, retirez tout r\u00e9sidu de vernis sur les ongles \u00e0 traiter avec un dissolvant (de pr\u00e9f\u00e9rence sans ac\u00e9tone). Il n\u2019est pas n\u00e9cessaire de limer l\u2019ongle atteint avant utilisation du produit Nailner. <\/p>\n<\/section>\n\n\n\n<section class=\"wp-block-karopharma-usp-single usp-single undefined\"><div class=\"icon\"><svg width=\"21\" height=\"16\" viewBox=\"0 0 21 16\" fill=\"none\" xmlns=\"http:\/\/www.w3.org\/2000\/svg\"><path d=\"M19.2567 0.164742L6.13095 13.2905L1.49056 8.65006C1.2709 8.4304 0.914742 8.4304 0.695039 8.65006L0.164742 9.18036C-0.0549141 9.40001 -0.0549141 9.75617 0.164742 9.97587L5.73321 15.5443C5.95287 15.764 6.30903 15.764 6.52873 15.5443L20.5825 1.4906C20.8021 1.27095 20.8021 0.914789 20.5825 0.695086L20.0521 0.164742C19.8325 -0.0549141 19.4763 -0.0549141 19.2567 0.164742Z\" fill=\"white\"><\/path><\/svg><\/div>\n<h4 class=\"wp-block-heading has-text-align-center is-style-heading-h4\">\u00c9tape 2<\/h4>\n\n\n\n<p class=\"has-text-align-center is-style-body-text\">Appliquer deux fois par jour pendant les quatre premi\u00e8res semaines de traitement. puis une fois par jour jusqu\u2019\u00e0 ce que l\u2019ongle sain ait enti\u00e8rement remplac\u00e9 l\u2019ongle infect\u00e9. La solution doit \u00eatre appliqu\u00e9e sur toute la surface de l&rsquo;ongle affect\u00e9, y compris la partie inf\u00e9rieure du bord le plus en avant.<\/p>\n<\/section>\n\n\n\n<section class=\"wp-block-karopharma-usp-single usp-single undefined\"><div class=\"icon\"><svg width=\"21\" height=\"16\" viewBox=\"0 0 21 16\" fill=\"none\" xmlns=\"http:\/\/www.w3.org\/2000\/svg\"><path d=\"M19.2567 0.164742L6.13095 13.2905L1.49056 8.65006C1.2709 8.4304 0.914742 8.4304 0.695039 8.65006L0.164742 9.18036C-0.0549141 9.40001 -0.0549141 9.75617 0.164742 9.97587L5.73321 15.5443C5.95287 15.764 6.30903 15.764 6.52873 15.5443L20.5825 1.4906C20.8021 1.27095 20.8021 0.914789 20.5825 0.695086L20.0521 0.164742C19.8325 -0.0549141 19.4763 -0.0549141 19.2567 0.164742Z\" fill=\"white\"><\/path><\/svg><\/div>\n<h4 class=\"wp-block-heading has-text-align-center is-style-heading-h4\">\u00c9tape 3<\/h4>\n\n\n\n<p class=\"has-text-align-center is-style-body-text\">Refermer le stylo apr\u00e8s chaque utilisation.<br>Nailner Stylo 2 en 1 permet environ 400 applications. <\/p>\n<\/section>\n<\/div><\/section>\n\n\n\n<div class=\"wp-block-karopharma-accordions is-style-secondary\"><div class=\"container\">\n<details class=\"wp-block-karopharma-accordion\"><summary><h2 class=\"accordion-title\">Combien de traitements contient Nailner 2 en 1 ?<\/h2><\/summary><div class=\"accordion-content\">\n<p>Le pinceau Nailner 2 en 1 contient 5 ml, soit environ 300 traitements.<\/p>\n<\/div><\/details>\n\n\n\n<details class=\"wp-block-karopharma-accordion\"><summary><h2 class=\"accordion-title\">Quels sont les ingr\u00e9dients du pinceau et du stylo Nailner 2 en 1 ?<\/h2><\/summary><div class=\"accordion-content\">\n<p>Ethyl Lactate, Glycerin, Aqua, Lactic Acid, Resacetophenone, Citric Acid.<\/p>\n<\/div><\/details>\n<\/div><\/div>\n","protected":false},"excerpt":{"rendered":"<p>Traite et embellit les ongles<\/p>\n","protected":false},"featured_media":92,"comment_status":"closed","ping_status":"closed","template":"","meta":{"_acf_changed":false,"footnotes":""},"product_brand":[],"product_cat":[25],"product_tag":[],"class_list":{"0":"post-136","1":"product","2":"type-product","3":"status-publish","4":"has-post-thumbnail","6":"product_cat-uncategorized","8":"first","9":"instock","10":"shipping-taxable","11":"product-type-simple"},"acf":[],"yoast_head":"<!-- This site is optimized with the Yoast SEO plugin v26.6 - https:\/\/yoast.com\/wordpress\/plugins\/seo\/ -->\n<title>Nailner Pinceau (vernis) 2 en 1 - Nailner<\/title>\n<meta name=\"description\" content=\"Traite la mycose des ongles en saturant la tablette ungu\u00e9ale et en abaissant le pH de l\u2019ongle infect\u00e9. Nailner cr\u00e9e un environnement d\u00e9favorable\" \/>\n<meta name=\"robots\" content=\"index, follow, max-snippet:-1, max-image-preview:large, max-video-preview:-1\" \/>\n<link rel=\"canonical\" href=\"https:\/\/nailner.com\/be\/fr\/produit\/nailner-pinceau-vernis-2-en-1\/\" \/>\n<meta property=\"og:locale\" content=\"fr_FR\" \/>\n<meta property=\"og:type\" content=\"article\" \/>\n<meta property=\"og:title\" content=\"Nailner Pinceau (vernis) 2 en 1 - Nailner\" \/>\n<meta property=\"og:description\" content=\"Traite la mycose des ongles en saturant la tablette ungu\u00e9ale et en abaissant le pH de l\u2019ongle infect\u00e9. Nailner cr\u00e9e un environnement d\u00e9favorable\" \/>\n<meta property=\"og:url\" content=\"https:\/\/nailner.com\/be\/fr\/produit\/nailner-pinceau-vernis-2-en-1\/\" \/>\n<meta property=\"og:site_name\" content=\"Nailner\" \/>\n<meta property=\"article:modified_time\" content=\"2025-09-24T07:45:18+00:00\" \/>\n<meta property=\"og:image\" content=\"https:\/\/nailner.com\/app\/uploads\/sites\/4\/2022\/06\/nailner-brush-2in1-befr.png\" \/>\n\t<meta property=\"og:image:width\" content=\"1002\" \/>\n\t<meta property=\"og:image:height\" content=\"1002\" \/>\n\t<meta property=\"og:image:type\" content=\"image\/png\" \/>\n<meta name=\"twitter:card\" content=\"summary_large_image\" \/>\n<meta name=\"twitter:label1\" content=\"Dur\u00e9e de lecture est.\" \/>\n\t<meta name=\"twitter:data1\" content=\"1 minute\" \/>\n<script type=\"application\/ld+json\" class=\"yoast-schema-graph\">{\"@context\":\"https:\/\/schema.org\",\"@graph\":[{\"@type\":\"WebPage\",\"@id\":\"https:\/\/nailner.com\/be\/fr\/produit\/nailner-pinceau-vernis-2-en-1\/\",\"url\":\"https:\/\/nailner.com\/be\/fr\/produit\/nailner-pinceau-vernis-2-en-1\/\",\"name\":\"Nailner Pinceau (vernis) 2 en 1 - Nailner\",\"isPartOf\":{\"@id\":\"https:\/\/nailner.com\/be\/fr\/#website\"},\"primaryImageOfPage\":{\"@id\":\"https:\/\/nailner.com\/be\/fr\/produit\/nailner-pinceau-vernis-2-en-1\/#primaryimage\"},\"image\":{\"@id\":\"https:\/\/nailner.com\/be\/fr\/produit\/nailner-pinceau-vernis-2-en-1\/#primaryimage\"},\"thumbnailUrl\":\"https:\/\/nailner.com\/app\/uploads\/sites\/4\/2022\/06\/nailner-brush-2in1-befr.png\",\"datePublished\":\"2022-06-02T08:07:19+00:00\",\"dateModified\":\"2025-09-24T07:45:18+00:00\",\"description\":\"Traite la mycose des ongles en saturant la tablette ungu\u00e9ale et en abaissant le pH de l\u2019ongle infect\u00e9. Nailner cr\u00e9e un environnement d\u00e9favorable\",\"breadcrumb\":{\"@id\":\"https:\/\/nailner.com\/be\/fr\/produit\/nailner-pinceau-vernis-2-en-1\/#breadcrumb\"},\"inLanguage\":\"fr-BE\",\"potentialAction\":[{\"@type\":\"ReadAction\",\"target\":[\"https:\/\/nailner.com\/be\/fr\/produit\/nailner-pinceau-vernis-2-en-1\/\"]}]},{\"@type\":\"ImageObject\",\"inLanguage\":\"fr-BE\",\"@id\":\"https:\/\/nailner.com\/be\/fr\/produit\/nailner-pinceau-vernis-2-en-1\/#primaryimage\",\"url\":\"https:\/\/nailner.com\/app\/uploads\/sites\/4\/2022\/06\/nailner-brush-2in1-befr.png\",\"contentUrl\":\"https:\/\/nailner.com\/app\/uploads\/sites\/4\/2022\/06\/nailner-brush-2in1-befr.png\",\"width\":1002,\"height\":1002},{\"@type\":\"BreadcrumbList\",\"@id\":\"https:\/\/nailner.com\/be\/fr\/produit\/nailner-pinceau-vernis-2-en-1\/#breadcrumb\",\"itemListElement\":[{\"@type\":\"ListItem\",\"position\":1,\"name\":\"Home\",\"item\":\"https:\/\/nailner.com\/be\/fr\/\"},{\"@type\":\"ListItem\",\"position\":2,\"name\":\"Produits\",\"item\":\"https:\/\/nailner.com\/be\/nl\/producten\/\"},{\"@type\":\"ListItem\",\"position\":3,\"name\":\"Nailner Pinceau (vernis) 2 en 1\"}]},{\"@type\":\"WebSite\",\"@id\":\"https:\/\/nailner.com\/be\/fr\/#website\",\"url\":\"https:\/\/nailner.com\/be\/fr\/\",\"name\":\"Nailner\",\"description\":\"\",\"publisher\":{\"@id\":\"https:\/\/nailner.com\/be\/fr\/#organization\"},\"potentialAction\":[{\"@type\":\"SearchAction\",\"target\":{\"@type\":\"EntryPoint\",\"urlTemplate\":\"https:\/\/nailner.com\/be\/fr\/?s={search_term_string}\"},\"query-input\":{\"@type\":\"PropertyValueSpecification\",\"valueRequired\":true,\"valueName\":\"search_term_string\"}}],\"inLanguage\":\"fr-BE\"},{\"@type\":\"Organization\",\"@id\":\"https:\/\/nailner.com\/be\/fr\/#organization\",\"name\":\"Nailner\",\"url\":\"https:\/\/nailner.com\/be\/fr\/\",\"logo\":{\"@type\":\"ImageObject\",\"inLanguage\":\"fr-BE\",\"@id\":\"https:\/\/nailner.com\/be\/fr\/#\/schema\/logo\/image\/\",\"url\":\"https:\/\/nailner.com\/app\/uploads\/sites\/4\/2025\/09\/Nailner-logo.png\",\"contentUrl\":\"https:\/\/nailner.com\/app\/uploads\/sites\/4\/2025\/09\/Nailner-logo.png\",\"width\":134,\"height\":32,\"caption\":\"Nailner\"},\"image\":{\"@id\":\"https:\/\/nailner.com\/be\/fr\/#\/schema\/logo\/image\/\"}}]}<\/script>\n<!-- \/ Yoast SEO plugin. -->","yoast_head_json":{"title":"Nailner Pinceau (vernis) 2 en 1 - Nailner","description":"Traite la mycose des ongles en saturant la tablette ungu\u00e9ale et en abaissant le pH de l\u2019ongle infect\u00e9. Nailner cr\u00e9e un environnement d\u00e9favorable","robots":{"index":"index","follow":"follow","max-snippet":"max-snippet:-1","max-image-preview":"max-image-preview:large","max-video-preview":"max-video-preview:-1"},"canonical":"https:\/\/nailner.com\/be\/fr\/produit\/nailner-pinceau-vernis-2-en-1\/","og_locale":"fr_FR","og_type":"article","og_title":"Nailner Pinceau (vernis) 2 en 1 - Nailner","og_description":"Traite la mycose des ongles en saturant la tablette ungu\u00e9ale et en abaissant le pH de l\u2019ongle infect\u00e9. Nailner cr\u00e9e un environnement d\u00e9favorable","og_url":"https:\/\/nailner.com\/be\/fr\/produit\/nailner-pinceau-vernis-2-en-1\/","og_site_name":"Nailner","article_modified_time":"2025-09-24T07:45:18+00:00","og_image":[{"width":1002,"height":1002,"url":"https:\/\/nailner.com\/app\/uploads\/sites\/4\/2022\/06\/nailner-brush-2in1-befr.png","type":"image\/png"}],"twitter_card":"summary_large_image","twitter_misc":{"Dur\u00e9e de lecture est.":"1 minute"},"schema":{"@context":"https:\/\/schema.org","@graph":[{"@type":"WebPage","@id":"https:\/\/nailner.com\/be\/fr\/produit\/nailner-pinceau-vernis-2-en-1\/","url":"https:\/\/nailner.com\/be\/fr\/produit\/nailner-pinceau-vernis-2-en-1\/","name":"Nailner Pinceau (vernis) 2 en 1 - Nailner","isPartOf":{"@id":"https:\/\/nailner.com\/be\/fr\/#website"},"primaryImageOfPage":{"@id":"https:\/\/nailner.com\/be\/fr\/produit\/nailner-pinceau-vernis-2-en-1\/#primaryimage"},"image":{"@id":"https:\/\/nailner.com\/be\/fr\/produit\/nailner-pinceau-vernis-2-en-1\/#primaryimage"},"thumbnailUrl":"https:\/\/nailner.com\/app\/uploads\/sites\/4\/2022\/06\/nailner-brush-2in1-befr.png","datePublished":"2022-06-02T08:07:19+00:00","dateModified":"2025-09-24T07:45:18+00:00","description":"Traite la mycose des ongles en saturant la tablette ungu\u00e9ale et en abaissant le pH de l\u2019ongle infect\u00e9. Nailner cr\u00e9e un environnement d\u00e9favorable","breadcrumb":{"@id":"https:\/\/nailner.com\/be\/fr\/produit\/nailner-pinceau-vernis-2-en-1\/#breadcrumb"},"inLanguage":"fr-BE","potentialAction":[{"@type":"ReadAction","target":["https:\/\/nailner.com\/be\/fr\/produit\/nailner-pinceau-vernis-2-en-1\/"]}]},{"@type":"ImageObject","inLanguage":"fr-BE","@id":"https:\/\/nailner.com\/be\/fr\/produit\/nailner-pinceau-vernis-2-en-1\/#primaryimage","url":"https:\/\/nailner.com\/app\/uploads\/sites\/4\/2022\/06\/nailner-brush-2in1-befr.png","contentUrl":"https:\/\/nailner.com\/app\/uploads\/sites\/4\/2022\/06\/nailner-brush-2in1-befr.png","width":1002,"height":1002},{"@type":"BreadcrumbList","@id":"https:\/\/nailner.com\/be\/fr\/produit\/nailner-pinceau-vernis-2-en-1\/#breadcrumb","itemListElement":[{"@type":"ListItem","position":1,"name":"Home","item":"https:\/\/nailner.com\/be\/fr\/"},{"@type":"ListItem","position":2,"name":"Produits","item":"https:\/\/nailner.com\/be\/nl\/producten\/"},{"@type":"ListItem","position":3,"name":"Nailner Pinceau (vernis) 2 en 1"}]},{"@type":"WebSite","@id":"https:\/\/nailner.com\/be\/fr\/#website","url":"https:\/\/nailner.com\/be\/fr\/","name":"Nailner","description":"","publisher":{"@id":"https:\/\/nailner.com\/be\/fr\/#organization"},"potentialAction":[{"@type":"SearchAction","target":{"@type":"EntryPoint","urlTemplate":"https:\/\/nailner.com\/be\/fr\/?s={search_term_string}"},"query-input":{"@type":"PropertyValueSpecification","valueRequired":true,"valueName":"search_term_string"}}],"inLanguage":"fr-BE"},{"@type":"Organization","@id":"https:\/\/nailner.com\/be\/fr\/#organization","name":"Nailner","url":"https:\/\/nailner.com\/be\/fr\/","logo":{"@type":"ImageObject","inLanguage":"fr-BE","@id":"https:\/\/nailner.com\/be\/fr\/#\/schema\/logo\/image\/","url":"https:\/\/nailner.com\/app\/uploads\/sites\/4\/2025\/09\/Nailner-logo.png","contentUrl":"https:\/\/nailner.com\/app\/uploads\/sites\/4\/2025\/09\/Nailner-logo.png","width":134,"height":32,"caption":"Nailner"},"image":{"@id":"https:\/\/nailner.com\/be\/fr\/#\/schema\/logo\/image\/"}}]}},"_links":{"self":[{"href":"https:\/\/nailner.com\/be\/fr\/wp-json\/wp\/v2\/product\/136","targetHints":{"allow":["GET"]}}],"collection":[{"href":"https:\/\/nailner.com\/be\/fr\/wp-json\/wp\/v2\/product"}],"about":[{"href":"https:\/\/nailner.com\/be\/fr\/wp-json\/wp\/v2\/types\/product"}],"replies":[{"embeddable":true,"href":"https:\/\/nailner.com\/be\/fr\/wp-json\/wp\/v2\/comments?post=136"}],"version-history":[{"count":10,"href":"https:\/\/nailner.com\/be\/fr\/wp-json\/wp\/v2\/product\/136\/revisions"}],"predecessor-version":[{"id":693,"href":"https:\/\/nailner.com\/be\/fr\/wp-json\/wp\/v2\/product\/136\/revisions\/693"}],"wp:featuredmedia":[{"embeddable":true,"href":"https:\/\/nailner.com\/be\/fr\/wp-json\/wp\/v2\/media\/92"}],"wp:attachment":[{"href":"https:\/\/nailner.com\/be\/fr\/wp-json\/wp\/v2\/media?parent=136"}],"wp:term":[{"taxonomy":"product_brand","embeddable":true,"href":"https:\/\/nailner.com\/be\/fr\/wp-json\/wp\/v2\/product_brand?post=136"},{"taxonomy":"product_cat","embeddable":true,"href":"https:\/\/nailner.com\/be\/fr\/wp-json\/wp\/v2\/product_cat?post=136"},{"taxonomy":"product_tag","embeddable":true,"href":"https:\/\/nailner.com\/be\/fr\/wp-json\/wp\/v2\/product_tag?post=136"}],"curies":[{"name":"wp","href":"https:\/\/api.w.org\/{rel}","templated":true}]}}