{"id":47,"date":"2022-05-27T14:36:47","date_gmt":"2022-05-27T12:36:47","guid":{"rendered":"https:\/\/nailner.com\/be\/?page_id=47"},"modified":"2025-09-24T09:45:28","modified_gmt":"2025-09-24T07:45:28","slug":"faq","status":"publish","type":"page","link":"https:\/\/nailner.com\/be\/nl\/faq\/","title":{"rendered":"FAQ"},"content":{"rendered":"\n<div class=\"wp-block-karopharma-free-text undefined bg-center bg-contain bg-no-repeat  is-style-secondary\" style=\"background-image:url()\"><div class=\"free-text-wrapper container max-w-medium text-center\">\n<h1 class=\"is-style-heading-huge wp-block-heading\">Veelgestelde vragen<\/h1>\n\n\n\n<p class=\"is-style-paragraph-preamble\">Dit zijn enkele veelgestelde vragen over producten van Nailner.<\/p>\n<\/div><\/div>\n\n\n\n<div class=\"wp-block-karopharma-accordions\"><div class=\"container\">\n<details class=\"wp-block-karopharma-accordion\"><summary><h2 class=\"accordion-title\">Hoe werkt Nailner?<\/h2><\/summary><div class=\"accordion-content\">\n<p>De producten van Nailner behandelen en voorkomen kalknagels op zowel handen als voeten. Het unieke transportsysteem in de formules zorgt ervoor dat de ingredi\u00ebnten de nagel verzadigen en de schimmel in de kern bestrijden. De pH-waarde wordt verlaagd, waardoor er een omgeving ontstaat waarin de schimmel niet kan overleven.<\/p>\n<\/div><\/details>\n\n\n\n<details class=\"wp-block-karopharma-accordion\"><summary><h2 class=\"accordion-title\">Werken Nailner behandelingen op gelakte nagels?<\/h2><\/summary><div class=\"accordion-content\">\n<p>Nee, Nailner behandelingen horen niet op gelakte nagels aangebracht te worden. Nagellak hoort eerst verwijderd te worden, voordat de behandeling wordt aangebracht. Het is echter wel mogelijk om ademende nagellak, zoals Nailner Ademende Nagellak, aan te brengen na het aanbrengen van de behandeling. Een andere mogelijkheid is Nailner Active Cover. Nailner Active Cover combineert behandeling en ademende nagellak in \u00e9\u00e9n, waardoor je niet nog een keer over de behandeling heen hoeft te gaan met ademende nagellak.<\/p>\n<\/div><\/details>\n\n\n\n<details class=\"wp-block-karopharma-accordion\"><summary><h2 class=\"accordion-title\">Kunnen diabetici en mensen met verminderde bloedcirculatie Nailner gebruiken?<\/h2><\/summary><div class=\"accordion-content\">\n<p>Raadpleeg een arts voor gebruik van Nailner behandelingen wanneer je diabeticus bent or verminderde bloedcirculatie hebt.<\/p>\n<\/div><\/details>\n\n\n\n<details class=\"wp-block-karopharma-accordion\"><summary><h2 class=\"accordion-title\">Kan Nailner gebruikt worden wanneer je zwanger bent of borstvoeding geeft?<\/h2><\/summary><div class=\"accordion-content\">\n<p>Nailner is niet specifiek getest op de veiligheid voor zwangere vrouwen of vrouwen die borstvoeding geven. Vrouwen die aan een kalknagelbehandeling willen beginnen terwijl ze zwanger zijn of borstvoeding geven, horen een arts te raadplegen voor ze beginnen met de behandeling.<\/p>\n<\/div><\/details>\n\n\n\n<details class=\"wp-block-karopharma-accordion\"><summary><h2 class=\"accordion-title\">Is Nailner geschikt voor kinderen?<\/h2><\/summary><div class=\"accordion-content\">\n<p>Er zit geen leeftijdsgrens op het gebruik van Nailner producten, maar raadpleeg voor de zekerheid een huisarts wanneer het kind jonger is dan 16 jaar. Kalknagels komen namelijk zelden voor bij kinderen. Bevestigt de huisarts dat het om kalknagels gaat, dan kun je Nailner gebruiken om de nagelinfectie van je kind te behandelen.<\/p>\n<\/div><\/details>\n\n\n\n<details class=\"wp-block-karopharma-accordion\"><summary><h2 class=\"accordion-title\">Wanneer je de behandeling op meer dan \u00e9\u00e9n nagel aanbrengt, kunnen de andere nagels dan ge\u00efnfecteerd raken?<\/h2><\/summary><div class=\"accordion-content\">\n<p>Nailner behandelingen bevatten ingredi\u00ebnten die schimmelinfecties bestrijden. Hierdoor kan de schimmel zich niet verspreiden en zullen andere nagels niet ge\u00efnfecteerd worden wanneer je de behandeling hierop aanbrengt.<\/p>\n<\/div><\/details>\n\n\n\n<details class=\"wp-block-karopharma-accordion\"><summary><h2 class=\"accordion-title\">Hoe lang moet ik Nailner gebruiken?<\/h2><\/summary><div class=\"accordion-content\">\n<p>Behandel de ge\u00efnfecteerde nagel(s) twee keer per dag, de eerste vier weken. Daarna volstaat \u00e9\u00e9n behandeling per dag, totdat een gezond ogende nagel de beschadigde nagel compleet heeft vervangen. De beschadigde nagel is dan compleet uitgegroeid. Hoe lang dit duurt, ligt eraan hoe snel je nagels groeien. Behandel tegelijkertijd ook preventief de gezonde nagels (\u00e9\u00e9n keer per dag is voldoende).<\/p>\n<\/div><\/details>\n\n\n\n<details class=\"wp-block-karopharma-accordion\"><summary><h2 class=\"accordion-title\">Hoe lang duurt het voordat mijn nagels er gezond uitzien?<\/h2><\/summary><div class=\"accordion-content\">\n<p>Dit ligt aan welk Nailner product gebruikt wordt. Nailner 2 in 1 kan na 7 dagen al zichtbaar resultaat geven, door het uiterlijk van de nagel te verbeteren. Andere Nailner producten zoals Nailner Active Cover geven direct resultaat, omdat deze de kalknagel bedekken.<\/p>\n<\/div><\/details>\n\n\n\n<details class=\"wp-block-karopharma-accordion\"><summary><h2 class=\"accordion-title\">Hoe bewaar je Nailner?<\/h2><\/summary><div class=\"accordion-content\">\n<p>Nailner producten horen bij kamertemperatuur en buiten bereik van kinderen bewaard te worden.<\/p>\n<\/div><\/details>\n\n\n\n<details class=\"wp-block-karopharma-accordion\"><summary><h2 class=\"accordion-title\">Bevat Nailner tea tree olie?<\/h2><\/summary><div class=\"accordion-content\">\n<p>Nailner producten bevatten geen tea tree olie.<\/p>\n<\/div><\/details>\n<\/div><\/div>\n\n\n<div class=\"product-list wp-block-karopharma-product-list\" data-testid=\"product-list\">\n      <div class=\"swiper-container\">\n      <div class=\"swiper\">\n        <div class=\"swiper-wrapper\">\n                      <div class=\"swiper-slide\">\n              <div class=\"product-card\" data-testid=\"product-card\">\n  <a\n    href=https:\/\/nailner.com\/be\/nl\/product\/nailner-2-in-1-kwastje\/\n    class=\"product-card-link\"\n    title=\"Nailner 2 in 1 Kwastje\"\n  >\n  <figure class=\"product-card-image\" data-testid=\"product-image\">\n                          <img decoding=\"async\" src=\"https:\/\/nailner.com\/cdn-cgi\/image\/width=700,format=auto\/app\/uploads\/sites\/4\/2022\/06\/Nailner_Brush_2-in-1_NL-BE.png\"\n        srcset=\"https:\/\/nailner.com\/cdn-cgi\/image\/width=250,format=auto\/app\/uploads\/sites\/4\/2022\/06\/Nailner_Brush_2-in-1_NL-BE.png 250w,\n                https:\/\/nailner.com\/cdn-cgi\/image\/width=500,format=auto\/app\/uploads\/sites\/4\/2022\/06\/Nailner_Brush_2-in-1_NL-BE.png 500w,\n                https:\/\/nailner.com\/cdn-cgi\/image\/width=700,format=auto\/app\/uploads\/sites\/4\/2022\/06\/Nailner_Brush_2-in-1_NL-BE.png 700w\"\n        sizes=\"(max-width: 400px) 250px, (max-width: 800px) 500px, 700px\"\n        alt=\"\"\n        class=\"img\">\n            <\/figure>\n    <div class=\"product-card-content\">\n      <div class=\"heading-wrapper\">\n        <h2 class=\"heading\">Nailner 2 in 1 Kwastje<\/h2>\n      <\/div>\n      <div class=\"product-card-description\">Kalknagelkwastje met kleurverbeterend effect<\/div>\n                      <\/div>\n  <\/a>\n          <div class=\"button-wrapper buy-now \" data-testid=\"buy-now\">\n      <div class=\"buy-now-container dropdown-container\">\n      <div class=\"theme-button button-primary-color dropdown-link\" aria-label=\"Bestel nu\">\n          Bestel nu <i class=\"dropdown\"><\/i>\n      <\/div>\n      <ul class=\"reseller-list submenu\">\n                    <li>\n              <a\n                href=\"https:\/\/www.bol.com\/be\/nl\/p\/nailner-kalknagel-kwastje-2-in-1-5-ml\/9200000056969759\/\" onclick=\"dataLayer.push({'event':'ga_event', 'eventCategory':'Click on Reseller', 'eventAction':'Bol', 'eventLabel':'Nailner 2 in 1 Kwastje', 'eventValue': undefined})\" rel=\"noopener\" target=\"_blank\" title=\"Bol\"\n                data-testid=\"buy-now-reseller\">\n                <i class=\"fa-solid fa-arrow-right\"><\/i> Bol\n              <\/a>\n          <\/li>\n                    <li>\n              <a\n                href=\"https:\/\/www.farmaline.be\/apotheek\/bestellen\/nailner-brush-2-in-1\/\" onclick=\"dataLayer.push({'event':'ga_event', 'eventCategory':'Click on Reseller', 'eventAction':'Farmaline', 'eventLabel':'Nailner 2 in 1 Kwastje', 'eventValue': undefined})\" rel=\"noopener\" target=\"_blank\" title=\"Farmaline\"\n                data-testid=\"buy-now-reseller\">\n                <i class=\"fa-solid fa-arrow-right\"><\/i> Farmaline\n              <\/a>\n          <\/li>\n                    <li>\n              <a\n                href=\"https:\/\/www.newpharma.be\/apotheek\/nailner\/505999\/nailner-2-in-1-borsteltje-voor-schimmelnagels-5ml.html\" onclick=\"dataLayer.push({'event':'ga_event', 'eventCategory':'Click on Reseller', 'eventAction':'New Pharma', 'eventLabel':'Nailner 2 in 1 Kwastje', 'eventValue': undefined})\" rel=\"noopener\" target=\"_blank\" title=\"New Pharma\"\n                data-testid=\"buy-now-reseller\">\n                <i class=\"fa-solid fa-arrow-right\"><\/i> New Pharma\n              <\/a>\n          <\/li>\n                <\/ul>\n    <\/div>\n  <\/div>\n  <\/div>\n            <\/div>\n                      <div class=\"swiper-slide\">\n              <div class=\"product-card\" data-testid=\"product-card\">\n  <a\n    href=https:\/\/nailner.com\/be\/nl\/product\/nailner-2-in-1-pen\/\n    class=\"product-card-link\"\n    title=\"Nailner 2 in 1 Pen\"\n  >\n  <figure class=\"product-card-image\" data-testid=\"product-image\">\n                          <img decoding=\"async\" src=\"https:\/\/nailner.com\/cdn-cgi\/image\/width=700,format=auto\/app\/uploads\/sites\/4\/2022\/06\/Nailner_Pen_2-in-1_NL-BE.png\"\n        srcset=\"https:\/\/nailner.com\/cdn-cgi\/image\/width=250,format=auto\/app\/uploads\/sites\/4\/2022\/06\/Nailner_Pen_2-in-1_NL-BE.png 250w,\n                https:\/\/nailner.com\/cdn-cgi\/image\/width=500,format=auto\/app\/uploads\/sites\/4\/2022\/06\/Nailner_Pen_2-in-1_NL-BE.png 500w,\n                https:\/\/nailner.com\/cdn-cgi\/image\/width=700,format=auto\/app\/uploads\/sites\/4\/2022\/06\/Nailner_Pen_2-in-1_NL-BE.png 700w\"\n        sizes=\"(max-width: 400px) 250px, (max-width: 800px) 500px, 700px\"\n        alt=\"\"\n        class=\"img\">\n            <\/figure>\n    <div class=\"product-card-content\">\n      <div class=\"heading-wrapper\">\n        <h2 class=\"heading\">Nailner 2 in 1 Pen<\/h2>\n      <\/div>\n      <div class=\"product-card-description\">Behandelt en geeft een kleurverbeterend effect<\/div>\n                      <\/div>\n  <\/a>\n          <div class=\"button-wrapper buy-now \" data-testid=\"buy-now\">\n      <div class=\"buy-now-container dropdown-container\">\n      <div class=\"theme-button button-primary-color dropdown-link\" aria-label=\"Bestel nu\">\n          Bestel nu <i class=\"dropdown\"><\/i>\n      <\/div>\n      <ul class=\"reseller-list submenu\">\n                    <li>\n              <a\n                href=\"https:\/\/www.bol.com\/nl\/fr\/p\/nailner-2-in-1-kalknagelbehandeling-kalknagelpen-bevat-2-pennen\/9300000108167875\/\" onclick=\"dataLayer.push({'event':'ga_event', 'eventCategory':'Click on Reseller', 'eventAction':'Bol', 'eventLabel':'Nailner 2 in 1 Pen', 'eventValue': undefined})\" rel=\"noopener\" target=\"_blank\" title=\"Bol\"\n                data-testid=\"buy-now-reseller\">\n                <i class=\"fa-solid fa-arrow-right\"><\/i> Bol\n              <\/a>\n          <\/li>\n                    <li>\n              <a\n                href=\"https:\/\/www.farmaline.be\/apotheek\/bestellen\/nailner-pen-2-in-1\/\" onclick=\"dataLayer.push({'event':'ga_event', 'eventCategory':'Click on Reseller', 'eventAction':'Farmaline', 'eventLabel':'Nailner 2 in 1 Pen', 'eventValue': undefined})\" rel=\"noopener\" target=\"_blank\" title=\"Farmaline\"\n                data-testid=\"buy-now-reseller\">\n                <i class=\"fa-solid fa-arrow-right\"><\/i> Farmaline\n              <\/a>\n          <\/li>\n                    <li>\n              <a\n                href=\"https:\/\/www.newpharma.be\/apotheek\/nailner\/614319\/nailner-2-in-1-schimmelnagel-pen-4ml.html\" onclick=\"dataLayer.push({'event':'ga_event', 'eventCategory':'Click on Reseller', 'eventAction':'New Pharma', 'eventLabel':'Nailner 2 in 1 Pen', 'eventValue': undefined})\" rel=\"noopener\" target=\"_blank\" title=\"New Pharma\"\n                data-testid=\"buy-now-reseller\">\n                <i class=\"fa-solid fa-arrow-right\"><\/i> New Pharma\n              <\/a>\n          <\/li>\n                <\/ul>\n    <\/div>\n  <\/div>\n  <\/div>\n            <\/div>\n                  <\/div>\n        <div class=\"swiper-scrollbar\"><\/div>\n      <\/div>\n    <\/div>\n  <\/div>\n","protected":false},"excerpt":{"rendered":"","protected":false},"author":1,"featured_media":0,"parent":0,"menu_order":30,"comment_status":"closed","ping_status":"closed","template":"","meta":{"_acf_changed":false,"footnotes":""},"from-article-database":[],"class_list":["post-47","page","type-page","status-publish","hentry"],"acf":[],"yoast_head":"<!-- This site is optimized with the Yoast SEO plugin v26.6 - https:\/\/yoast.com\/wordpress\/plugins\/seo\/ -->\n<title>FAQ - Nailner<\/title>\n<meta name=\"description\" content=\"Dit zijn enkele veelgestelde vragen over producten van Nailner. Hoe werkt Nailner? Werken Nailner behandelingen op gelakte nagels?\" \/>\n<meta name=\"robots\" content=\"index, follow, max-snippet:-1, max-image-preview:large, max-video-preview:-1\" \/>\n<link rel=\"canonical\" href=\"https:\/\/nailner.com\/be\/nl\/faq\/\" \/>\n<meta property=\"og:locale\" content=\"nl_BE\" \/>\n<meta property=\"og:type\" content=\"article\" \/>\n<meta property=\"og:title\" content=\"FAQ - Nailner\" \/>\n<meta property=\"og:description\" content=\"Dit zijn enkele veelgestelde vragen over producten van Nailner. Hoe werkt Nailner? Werken Nailner behandelingen op gelakte nagels?\" \/>\n<meta property=\"og:url\" content=\"https:\/\/nailner.com\/be\/nl\/faq\/\" \/>\n<meta property=\"og:site_name\" content=\"Nailner\" \/>\n<meta property=\"article:modified_time\" content=\"2025-09-24T07:45:28+00:00\" \/>\n<meta name=\"twitter:card\" content=\"summary_large_image\" \/>\n<meta name=\"twitter:label1\" content=\"Geschatte leestijd\" \/>\n\t<meta name=\"twitter:data1\" content=\"3 minuten\" \/>\n<script type=\"application\/ld+json\" class=\"yoast-schema-graph\">{\"@context\":\"https:\/\/schema.org\",\"@graph\":[{\"@type\":\"WebPage\",\"@id\":\"https:\/\/nailner.com\/be\/nl\/faq\/\",\"url\":\"https:\/\/nailner.com\/be\/nl\/faq\/\",\"name\":\"FAQ - Nailner\",\"isPartOf\":{\"@id\":\"https:\/\/nailner.com\/be\/nl\/#website\"},\"datePublished\":\"2022-05-27T12:36:47+00:00\",\"dateModified\":\"2025-09-24T07:45:28+00:00\",\"description\":\"Dit zijn enkele veelgestelde vragen over producten van Nailner. Hoe werkt Nailner? Werken Nailner behandelingen op gelakte nagels?\",\"breadcrumb\":{\"@id\":\"https:\/\/nailner.com\/be\/nl\/faq\/#breadcrumb\"},\"inLanguage\":\"nl-BE\",\"potentialAction\":[{\"@type\":\"ReadAction\",\"target\":[\"https:\/\/nailner.com\/be\/nl\/faq\/\"]}]},{\"@type\":\"BreadcrumbList\",\"@id\":\"https:\/\/nailner.com\/be\/nl\/faq\/#breadcrumb\",\"itemListElement\":[{\"@type\":\"ListItem\",\"position\":1,\"name\":\"Home\",\"item\":\"https:\/\/nailner.com\/be\/nl\/\"},{\"@type\":\"ListItem\",\"position\":2,\"name\":\"FAQ\"}]},{\"@type\":\"WebSite\",\"@id\":\"https:\/\/nailner.com\/be\/nl\/#website\",\"url\":\"https:\/\/nailner.com\/be\/nl\/\",\"name\":\"Nailner\",\"description\":\"\",\"publisher\":{\"@id\":\"https:\/\/nailner.com\/be\/nl\/#organization\"},\"potentialAction\":[{\"@type\":\"SearchAction\",\"target\":{\"@type\":\"EntryPoint\",\"urlTemplate\":\"https:\/\/nailner.com\/be\/nl\/?s={search_term_string}\"},\"query-input\":{\"@type\":\"PropertyValueSpecification\",\"valueRequired\":true,\"valueName\":\"search_term_string\"}}],\"inLanguage\":\"nl-BE\"},{\"@type\":\"Organization\",\"@id\":\"https:\/\/nailner.com\/be\/nl\/#organization\",\"name\":\"Nailner\",\"url\":\"https:\/\/nailner.com\/be\/nl\/\",\"logo\":{\"@type\":\"ImageObject\",\"inLanguage\":\"nl-BE\",\"@id\":\"https:\/\/nailner.com\/be\/nl\/#\/schema\/logo\/image\/\",\"url\":\"https:\/\/nailner.com\/app\/uploads\/sites\/4\/2025\/09\/Nailner-logo.png\",\"contentUrl\":\"https:\/\/nailner.com\/app\/uploads\/sites\/4\/2025\/09\/Nailner-logo.png\",\"width\":134,\"height\":32,\"caption\":\"Nailner\"},\"image\":{\"@id\":\"https:\/\/nailner.com\/be\/nl\/#\/schema\/logo\/image\/\"}}]}<\/script>\n<!-- \/ Yoast SEO plugin. -->","yoast_head_json":{"title":"FAQ - Nailner","description":"Dit zijn enkele veelgestelde vragen over producten van Nailner. Hoe werkt Nailner? Werken Nailner behandelingen op gelakte nagels?","robots":{"index":"index","follow":"follow","max-snippet":"max-snippet:-1","max-image-preview":"max-image-preview:large","max-video-preview":"max-video-preview:-1"},"canonical":"https:\/\/nailner.com\/be\/nl\/faq\/","og_locale":"nl_BE","og_type":"article","og_title":"FAQ - Nailner","og_description":"Dit zijn enkele veelgestelde vragen over producten van Nailner. Hoe werkt Nailner? Werken Nailner behandelingen op gelakte nagels?","og_url":"https:\/\/nailner.com\/be\/nl\/faq\/","og_site_name":"Nailner","article_modified_time":"2025-09-24T07:45:28+00:00","twitter_card":"summary_large_image","twitter_misc":{"Geschatte leestijd":"3 minuten"},"schema":{"@context":"https:\/\/schema.org","@graph":[{"@type":"WebPage","@id":"https:\/\/nailner.com\/be\/nl\/faq\/","url":"https:\/\/nailner.com\/be\/nl\/faq\/","name":"FAQ - Nailner","isPartOf":{"@id":"https:\/\/nailner.com\/be\/nl\/#website"},"datePublished":"2022-05-27T12:36:47+00:00","dateModified":"2025-09-24T07:45:28+00:00","description":"Dit zijn enkele veelgestelde vragen over producten van Nailner. Hoe werkt Nailner? Werken Nailner behandelingen op gelakte nagels?","breadcrumb":{"@id":"https:\/\/nailner.com\/be\/nl\/faq\/#breadcrumb"},"inLanguage":"nl-BE","potentialAction":[{"@type":"ReadAction","target":["https:\/\/nailner.com\/be\/nl\/faq\/"]}]},{"@type":"BreadcrumbList","@id":"https:\/\/nailner.com\/be\/nl\/faq\/#breadcrumb","itemListElement":[{"@type":"ListItem","position":1,"name":"Home","item":"https:\/\/nailner.com\/be\/nl\/"},{"@type":"ListItem","position":2,"name":"FAQ"}]},{"@type":"WebSite","@id":"https:\/\/nailner.com\/be\/nl\/#website","url":"https:\/\/nailner.com\/be\/nl\/","name":"Nailner","description":"","publisher":{"@id":"https:\/\/nailner.com\/be\/nl\/#organization"},"potentialAction":[{"@type":"SearchAction","target":{"@type":"EntryPoint","urlTemplate":"https:\/\/nailner.com\/be\/nl\/?s={search_term_string}"},"query-input":{"@type":"PropertyValueSpecification","valueRequired":true,"valueName":"search_term_string"}}],"inLanguage":"nl-BE"},{"@type":"Organization","@id":"https:\/\/nailner.com\/be\/nl\/#organization","name":"Nailner","url":"https:\/\/nailner.com\/be\/nl\/","logo":{"@type":"ImageObject","inLanguage":"nl-BE","@id":"https:\/\/nailner.com\/be\/nl\/#\/schema\/logo\/image\/","url":"https:\/\/nailner.com\/app\/uploads\/sites\/4\/2025\/09\/Nailner-logo.png","contentUrl":"https:\/\/nailner.com\/app\/uploads\/sites\/4\/2025\/09\/Nailner-logo.png","width":134,"height":32,"caption":"Nailner"},"image":{"@id":"https:\/\/nailner.com\/be\/nl\/#\/schema\/logo\/image\/"}}]}},"_links":{"self":[{"href":"https:\/\/nailner.com\/be\/nl\/wp-json\/wp\/v2\/pages\/47","targetHints":{"allow":["GET"]}}],"collection":[{"href":"https:\/\/nailner.com\/be\/nl\/wp-json\/wp\/v2\/pages"}],"about":[{"href":"https:\/\/nailner.com\/be\/nl\/wp-json\/wp\/v2\/types\/page"}],"author":[{"embeddable":true,"href":"https:\/\/nailner.com\/be\/nl\/wp-json\/wp\/v2\/users\/1"}],"replies":[{"embeddable":true,"href":"https:\/\/nailner.com\/be\/nl\/wp-json\/wp\/v2\/comments?post=47"}],"version-history":[{"count":3,"href":"https:\/\/nailner.com\/be\/nl\/wp-json\/wp\/v2\/pages\/47\/revisions"}],"predecessor-version":[{"id":190,"href":"https:\/\/nailner.com\/be\/nl\/wp-json\/wp\/v2\/pages\/47\/revisions\/190"}],"wp:attachment":[{"href":"https:\/\/nailner.com\/be\/nl\/wp-json\/wp\/v2\/media?parent=47"}],"wp:term":[{"taxonomy":"from-article-database","embeddable":true,"href":"https:\/\/nailner.com\/be\/nl\/wp-json\/wp\/v2\/from-article-database?post=47"}],"curies":[{"name":"wp","href":"https:\/\/api.w.org\/{rel}","templated":true}]}}