{"id":32,"date":"2022-05-27T15:58:37","date_gmt":"2022-05-27T13:58:37","guid":{"rendered":"https:\/\/nailner.com\/ch\/?page_id=32"},"modified":"2025-09-22T08:23:52","modified_gmt":"2025-09-22T06:23:52","slug":"faq","status":"publish","type":"page","link":"https:\/\/nailner.com\/ch\/de\/faq\/","title":{"rendered":"FAQ"},"content":{"rendered":"\n<div class=\"wp-block-karopharma-free-text pt-medium pb-medium bg-center bg-contain bg-no-repeat  pt-large pb-large undefined is-style-secondary\" style=\"background-image:url()\"><div class=\"free-text-wrapper container max-w-medium text-center\">\n<h1 class=\"is-style-heading-huge wp-block-heading\" id=\"frequently-asked-questions\">H\u00e4ufig gestellte Fragen<\/h1>\n<\/div><\/div>\n\n\n\n<div class=\"wp-block-karopharma-accordions\"><div class=\"container\">\n<details class=\"wp-block-karopharma-accordion\"><summary><h2 class=\"accordion-title\">Wie wirkt Nailner\u00ae 2 in 1<\/h2><\/summary><div class=\"accordion-content\">\n<p>Nailner 2 in 1 behandelt Nagelpilz und sch\u00fctzt vor Nagelpilzinfektionen.<\/p>\n\n\n\n<p>Ein einzigartiges Tr\u00e4gersystem erm\u00f6glicht, dass die Inhaltsstoffe den Nagel durchdringen und den Pilz in seinem Ursprung bek\u00e4mpfen, indem sie das Milieu des Nagels zum Nachteil des Pilzes ver\u00e4ndern.<\/p>\n\n\n\n<p>Sch\u00fctzt den neu gewachsenen Nagel vor einer erneuten Infektion.<\/p>\n\n\n\n<p>Nailner 2 in 1 ist nicht nur Nagelpilzbehandlung und Schutz sondern zugleich auch Aufheller f\u00fcr die Verf\u00e4rbungen, welche bei einem infizierten Nagel entstehen k\u00f6nnen.<\/p>\n<\/div><\/details>\n\n\n\n<details class=\"wp-block-karopharma-accordion\"><summary><h2 class=\"accordion-title\">Was ist in den Nailner Produkten enthalten?<\/h2><\/summary><div class=\"accordion-content\">\n<p><strong>Nailner Nagelpilz-Stift 2 IN 1 &amp; Nagelpilz-L\u00f6sung 2 IN 1<\/strong><br>Ethyllactat, Glycerin, Aqua, Milchs\u00e4ure, Resacetophenon, Zitronens\u00e4ure<\/p>\n<\/div><\/details>\n\n\n\n<details class=\"wp-block-karopharma-accordion\"><summary><h2 class=\"accordion-title\">Ist Nailner f\u00fcr Kinder geeignet?<\/h2><\/summary><div class=\"accordion-content\">\n<p>Kinder sind selten von Nagelpilz betroffen, weil ihre N\u00e4gel sehr biegsam sind und daher nicht leicht rei\u00dfen (wodurch der Pilz in den Nagel eindringen kann). Bei Kindern k\u00f6nnen Nagelverf\u00e4rbungen auch durch Psoriasis oder physische Traumata wie Vitamin-, Aminos\u00e4uren- und\/oder Kalziummangel verursacht werden. Wir empfehlen Ihnen, sich an Ihre(n) Haus\u00e4rztin\/Hausarzt zu wenden, bevor Sie bei einem Kind Nagelabnormit\u00e4ten behandeln. Wenn die \u00c4rztin bzw. der Arzt feststellt, dass Ihr Kind an Nagelpilz leidet, kann Nailner nach R\u00fccksprache mit dem Arzt zur Behandlung der Nagelinfektion verwendet werden.<\/p>\n\n\n\n<p>Die Sicherheit von Nailner ist nicht separat f\u00fcr Kinder getestet worden. Wir empfehlen, das Produkt zun\u00e4chst an einem Nagel anzuwenden. Auf diese Weise l\u00e4sst sich feststellen, ob das Kind empfindlich auf das Produkt reagiert (Kinder haben oft sehr empfindliche Haut und \u00f6fter Allergien gegen bestimmte Inhaltsstoffe von Produkten).<\/p>\n<\/div><\/details>\n\n\n\n<details class=\"wp-block-karopharma-accordion\"><summary><h2 class=\"accordion-title\">Ich verwende Nailner 2 in 1. Wie lange dauert es, bis meine N\u00e4gel wieder vorzeigbar sind?<\/h2><\/summary><div class=\"accordion-content\">\n<p>Die Wirkung von Nailner ist in der Regel innerhalb einiger Wochen nach der erstmaligen Verwendung sichtbar. Innerhalb von 12 Wochen wird die Pilzinfektion mit Nailner 2 in 1 wirksam behandelt. Es dauert jedoch eine gewisse Zeit, bis der Nagel wieder ganz normal aussieht, weil der gesch\u00e4digte Nagel erst durch den gesund nachwachsenden Nagel ersetzt werden muss. Die f\u00fcr diesen Ersatz erforderliche Zeit h\u00e4ngt von der Gr\u00f6sse des Nagels sowie vom Umfang der Infektion ab. Zehenn\u00e4gel ben\u00f6tigen bis zu 12 Monate bis sie vollst\u00e4ndig nachgewachsen sind. In diesem Zeitraum ersetzt ein gesunder Nagel langsam den gesch\u00e4digten Nagel.<\/p>\n<\/div><\/details>\n\n\n\n<details class=\"wp-block-karopharma-accordion\"><summary><h2 class=\"accordion-title\">Wie und wie oft muss ich Nailner 2 in 1 anwenden?<\/h2><\/summary><div class=\"accordion-content\">\n<p>Behandeln Sie den befallenen Nagel bzw. die befallenen N\u00e4gel vier Wochen lang zweimal t\u00e4glich und danach einmal t\u00e4glich.<\/p>\n\n\n\n<p>Vorsorglich tragen Sie Nailner 2 in 1 t\u00e4glich auf alle gesunden N\u00e4gel auf, um zu verhindern, dass auch diese N\u00e4gel vom Pilz infiziert werden und so eine Reinfektion zu vermeiden.<\/p>\n<\/div><\/details>\n\n\n\n<details class=\"wp-block-karopharma-accordion\"><summary><h2 class=\"accordion-title\">Woran erkenne ich, dass der Stift leer ist?<\/h2><\/summary><div class=\"accordion-content\">\n<p>Beim Auftragen des Produkts sehen Sie die glitzernde Fl\u00fcssigkeit auf dem Nagel. Dabei handelt es sich um eine d\u00fcnne Fl\u00fcssigkeitsschicht auf der Nageloberfl\u00e4che. Diese Fl\u00fcssigkeit zieht schnell in den Nagel ein, der dann wie zuvor aussieht. Solange diese d\u00fcnne Fl\u00fcssigkeitsschicht beim Auftragen auf dem Nagel zu sehen ist, ist der Stift noch nicht leer.<\/p>\n\n\n\n<p>Der Stift kann auch auf einem St\u00fcck Papier ausprobiert werden. Wenn man mit dem Stift eine feuchte Linie auf dem Papier ziehen kann, ist er noch nicht leer.<\/p>\n<\/div><\/details>\n<\/div><\/div>\n","protected":false},"excerpt":{"rendered":"","protected":false},"author":1,"featured_media":0,"parent":0,"menu_order":30,"comment_status":"closed","ping_status":"closed","template":"","meta":{"_acf_changed":false,"footnotes":""},"from-article-database":[],"class_list":["post-32","page","type-page","status-publish","hentry"],"acf":[],"yoast_head":"<!-- This site is optimized with the Yoast SEO plugin v26.6 - https:\/\/yoast.com\/wordpress\/plugins\/seo\/ -->\n<title>FAQ - Nailner<\/title>\n<meta name=\"description\" content=\"H\u00e4ufig gestellte Fragen: Wie wirkt Nailner\u00ae 2 in 1, Was ist in den Nailner Produkten enthalten? Ich verwende Nailner 2 in 1.\" \/>\n<meta name=\"robots\" content=\"index, follow, max-snippet:-1, max-image-preview:large, max-video-preview:-1\" \/>\n<link rel=\"canonical\" href=\"https:\/\/nailner.com\/ch\/de\/faq\/\" \/>\n<meta property=\"og:locale\" content=\"de_DE\" \/>\n<meta property=\"og:type\" content=\"article\" \/>\n<meta property=\"og:title\" content=\"FAQ - Nailner\" \/>\n<meta property=\"og:description\" content=\"H\u00e4ufig gestellte Fragen: Wie wirkt Nailner\u00ae 2 in 1, Was ist in den Nailner Produkten enthalten? Ich verwende Nailner 2 in 1.\" \/>\n<meta property=\"og:url\" content=\"https:\/\/nailner.com\/ch\/de\/faq\/\" \/>\n<meta property=\"og:site_name\" content=\"Nailner\" \/>\n<meta property=\"article:modified_time\" content=\"2025-09-22T06:23:52+00:00\" \/>\n<meta name=\"twitter:card\" content=\"summary_large_image\" \/>\n<meta name=\"twitter:label1\" content=\"Gesch\u00e4tzte Lesezeit\" \/>\n\t<meta name=\"twitter:data1\" content=\"3\u00a0Minuten\" \/>\n<script type=\"application\/ld+json\" class=\"yoast-schema-graph\">{\"@context\":\"https:\/\/schema.org\",\"@graph\":[{\"@type\":\"WebPage\",\"@id\":\"https:\/\/nailner.com\/ch\/de\/faq\/\",\"url\":\"https:\/\/nailner.com\/ch\/de\/faq\/\",\"name\":\"FAQ - Nailner\",\"isPartOf\":{\"@id\":\"https:\/\/nailner.com\/ch\/de\/#website\"},\"datePublished\":\"2022-05-27T13:58:37+00:00\",\"dateModified\":\"2025-09-22T06:23:52+00:00\",\"description\":\"H\u00e4ufig gestellte Fragen: Wie wirkt Nailner\u00ae 2 in 1, Was ist in den Nailner Produkten enthalten? Ich verwende Nailner 2 in 1.\",\"breadcrumb\":{\"@id\":\"https:\/\/nailner.com\/ch\/de\/faq\/#breadcrumb\"},\"inLanguage\":\"de-CH\",\"potentialAction\":[{\"@type\":\"ReadAction\",\"target\":[\"https:\/\/nailner.com\/ch\/de\/faq\/\"]}]},{\"@type\":\"BreadcrumbList\",\"@id\":\"https:\/\/nailner.com\/ch\/de\/faq\/#breadcrumb\",\"itemListElement\":[{\"@type\":\"ListItem\",\"position\":1,\"name\":\"Home\",\"item\":\"https:\/\/nailner.com\/ch\/de\/\"},{\"@type\":\"ListItem\",\"position\":2,\"name\":\"FAQ\"}]},{\"@type\":\"WebSite\",\"@id\":\"https:\/\/nailner.com\/ch\/de\/#website\",\"url\":\"https:\/\/nailner.com\/ch\/de\/\",\"name\":\"Nailner\",\"description\":\"\",\"publisher\":{\"@id\":\"https:\/\/nailner.com\/ch\/de\/#organization\"},\"potentialAction\":[{\"@type\":\"SearchAction\",\"target\":{\"@type\":\"EntryPoint\",\"urlTemplate\":\"https:\/\/nailner.com\/ch\/de\/?s={search_term_string}\"},\"query-input\":{\"@type\":\"PropertyValueSpecification\",\"valueRequired\":true,\"valueName\":\"search_term_string\"}}],\"inLanguage\":\"de-CH\"},{\"@type\":\"Organization\",\"@id\":\"https:\/\/nailner.com\/ch\/de\/#organization\",\"name\":\"Nailner\",\"url\":\"https:\/\/nailner.com\/ch\/de\/\",\"logo\":{\"@type\":\"ImageObject\",\"inLanguage\":\"de-CH\",\"@id\":\"https:\/\/nailner.com\/ch\/de\/#\/schema\/logo\/image\/\",\"url\":\"https:\/\/nailner.com\/app\/uploads\/sites\/8\/2025\/04\/Nailner-logo.png\",\"contentUrl\":\"https:\/\/nailner.com\/app\/uploads\/sites\/8\/2025\/04\/Nailner-logo.png\",\"width\":134,\"height\":32,\"caption\":\"Nailner\"},\"image\":{\"@id\":\"https:\/\/nailner.com\/ch\/de\/#\/schema\/logo\/image\/\"}}]}<\/script>\n<!-- \/ Yoast SEO plugin. -->","yoast_head_json":{"title":"FAQ - Nailner","description":"H\u00e4ufig gestellte Fragen: Wie wirkt Nailner\u00ae 2 in 1, Was ist in den Nailner Produkten enthalten? Ich verwende Nailner 2 in 1.","robots":{"index":"index","follow":"follow","max-snippet":"max-snippet:-1","max-image-preview":"max-image-preview:large","max-video-preview":"max-video-preview:-1"},"canonical":"https:\/\/nailner.com\/ch\/de\/faq\/","og_locale":"de_DE","og_type":"article","og_title":"FAQ - Nailner","og_description":"H\u00e4ufig gestellte Fragen: Wie wirkt Nailner\u00ae 2 in 1, Was ist in den Nailner Produkten enthalten? Ich verwende Nailner 2 in 1.","og_url":"https:\/\/nailner.com\/ch\/de\/faq\/","og_site_name":"Nailner","article_modified_time":"2025-09-22T06:23:52+00:00","twitter_card":"summary_large_image","twitter_misc":{"Gesch\u00e4tzte Lesezeit":"3\u00a0Minuten"},"schema":{"@context":"https:\/\/schema.org","@graph":[{"@type":"WebPage","@id":"https:\/\/nailner.com\/ch\/de\/faq\/","url":"https:\/\/nailner.com\/ch\/de\/faq\/","name":"FAQ - Nailner","isPartOf":{"@id":"https:\/\/nailner.com\/ch\/de\/#website"},"datePublished":"2022-05-27T13:58:37+00:00","dateModified":"2025-09-22T06:23:52+00:00","description":"H\u00e4ufig gestellte Fragen: Wie wirkt Nailner\u00ae 2 in 1, Was ist in den Nailner Produkten enthalten? Ich verwende Nailner 2 in 1.","breadcrumb":{"@id":"https:\/\/nailner.com\/ch\/de\/faq\/#breadcrumb"},"inLanguage":"de-CH","potentialAction":[{"@type":"ReadAction","target":["https:\/\/nailner.com\/ch\/de\/faq\/"]}]},{"@type":"BreadcrumbList","@id":"https:\/\/nailner.com\/ch\/de\/faq\/#breadcrumb","itemListElement":[{"@type":"ListItem","position":1,"name":"Home","item":"https:\/\/nailner.com\/ch\/de\/"},{"@type":"ListItem","position":2,"name":"FAQ"}]},{"@type":"WebSite","@id":"https:\/\/nailner.com\/ch\/de\/#website","url":"https:\/\/nailner.com\/ch\/de\/","name":"Nailner","description":"","publisher":{"@id":"https:\/\/nailner.com\/ch\/de\/#organization"},"potentialAction":[{"@type":"SearchAction","target":{"@type":"EntryPoint","urlTemplate":"https:\/\/nailner.com\/ch\/de\/?s={search_term_string}"},"query-input":{"@type":"PropertyValueSpecification","valueRequired":true,"valueName":"search_term_string"}}],"inLanguage":"de-CH"},{"@type":"Organization","@id":"https:\/\/nailner.com\/ch\/de\/#organization","name":"Nailner","url":"https:\/\/nailner.com\/ch\/de\/","logo":{"@type":"ImageObject","inLanguage":"de-CH","@id":"https:\/\/nailner.com\/ch\/de\/#\/schema\/logo\/image\/","url":"https:\/\/nailner.com\/app\/uploads\/sites\/8\/2025\/04\/Nailner-logo.png","contentUrl":"https:\/\/nailner.com\/app\/uploads\/sites\/8\/2025\/04\/Nailner-logo.png","width":134,"height":32,"caption":"Nailner"},"image":{"@id":"https:\/\/nailner.com\/ch\/de\/#\/schema\/logo\/image\/"}}]}},"_links":{"self":[{"href":"https:\/\/nailner.com\/ch\/de\/wp-json\/wp\/v2\/pages\/32","targetHints":{"allow":["GET"]}}],"collection":[{"href":"https:\/\/nailner.com\/ch\/de\/wp-json\/wp\/v2\/pages"}],"about":[{"href":"https:\/\/nailner.com\/ch\/de\/wp-json\/wp\/v2\/types\/page"}],"author":[{"embeddable":true,"href":"https:\/\/nailner.com\/ch\/de\/wp-json\/wp\/v2\/users\/1"}],"replies":[{"embeddable":true,"href":"https:\/\/nailner.com\/ch\/de\/wp-json\/wp\/v2\/comments?post=32"}],"version-history":[{"count":3,"href":"https:\/\/nailner.com\/ch\/de\/wp-json\/wp\/v2\/pages\/32\/revisions"}],"predecessor-version":[{"id":175,"href":"https:\/\/nailner.com\/ch\/de\/wp-json\/wp\/v2\/pages\/32\/revisions\/175"}],"wp:attachment":[{"href":"https:\/\/nailner.com\/ch\/de\/wp-json\/wp\/v2\/media?parent=32"}],"wp:term":[{"taxonomy":"from-article-database","embeddable":true,"href":"https:\/\/nailner.com\/ch\/de\/wp-json\/wp\/v2\/from-article-database?post=32"}],"curies":[{"name":"wp","href":"https:\/\/api.w.org\/{rel}","templated":true}]}}