{"id":187,"date":"2022-08-17T10:58:07","date_gmt":"2022-08-17T08:58:07","guid":{"rendered":"https:\/\/nailner.com\/ch\/?post_type=product&#038;p=187"},"modified":"2025-09-29T14:28:19","modified_gmt":"2025-09-29T12:28:19","slug":"nailner-nagelpilz-stift-2-in-1","status":"publish","type":"product","link":"https:\/\/nailner.com\/ch\/de\/produkt\/nailner-nagelpilz-stift-2-in-1\/","title":{"rendered":"Nailner Nagelpilz-Stift 2 in 1"},"content":{"rendered":"\n<div class=\"wp-block-karopharma-accordions\"><div class=\"container\">\n<details class=\"wp-block-karopharma-accordion\"><summary><h2 class=\"accordion-title\">Anwendung<\/h2><\/summary><div class=\"accordion-content\">\n<ol class=\"is-style-default wp-block-list\"><li>Auf saubere, trockene N\u00e4gel auftragen. Vor der Anwendung Nagellack entfernen. Das vorg\u00e4ngige Abfeilen des Nagels ist nicht notwendig.<\/li><li>Nailner\u00ae 2 in 1 zweimal t\u00e4glich (morgens und abends) w\u00e4hrend 4 Wochen anwenden. Auf die ganze Oberfl\u00e4che des infizierten Nagels auftragen und 1\u20132 Minuten an der Luft trocknen lassen bevor Socken oder Schuhe angezogen werden.<\/li><li>Nach 4 Wochen kann die Anwendung auf einmal t\u00e4glich reduziert werden, bis der gesunde Nagel vollst\u00e4ndig nachgewachsen ist.<\/li><li>Die F\u00fcsse w\u00e4hrend mehreren Stunden nach der Anwendung nicht waschen. Nailner\u00ae 2 in 1 kann auch prophylaktisch angewendet werden. Zur Verhinderung von Nagelpilzinfektionen m\u00fcssen die gef\u00e4hrdeten N\u00e4gel mindestens einmal t\u00e4glich mit Nailner\u00ae 2 in 1 behandelt werden. Als besonderer Zusatz enth\u00e4lt Nailner\u00ae 2 in 1 einen Aufheller gegen Verf\u00e4rbungen, welche bei einem infizierten Nagel entstehen k\u00f6nnen. Dieser Zusatz erm\u00f6glicht sichtbare Resultate bereits nach 7 Tagen.<\/li><\/ol>\n<\/div><\/details>\n<\/div><\/div>\n","protected":false},"excerpt":{"rendered":"","protected":false},"featured_media":182,"comment_status":"closed","ping_status":"closed","template":"","meta":{"_acf_changed":false,"footnotes":""},"product_brand":[],"product_cat":[],"product_tag":[],"class_list":{"0":"post-187","1":"product","2":"type-product","3":"status-publish","4":"has-post-thumbnail","7":"first","8":"instock","9":"shipping-taxable","10":"product-type-simple"},"acf":[],"yoast_head":"<!-- This site is optimized with the Yoast SEO plugin v26.6 - https:\/\/yoast.com\/wordpress\/plugins\/seo\/ -->\n<title>Nailner Nagelpilz-Stift 2 in 1 - Nailner<\/title>\n<meta name=\"description\" content=\"Als besonderer Zusatz enth\u00e4lt Nailner\u00ae 2 in 1 einen Aufheller gegen Verf\u00e4rbungen, welche bei einem infizierten Nagel entstehen k\u00f6nnen.\" \/>\n<meta name=\"robots\" content=\"index, follow, max-snippet:-1, max-image-preview:large, max-video-preview:-1\" \/>\n<link rel=\"canonical\" href=\"https:\/\/nailner.com\/ch\/de\/produkt\/nailner-nagelpilz-stift-2-in-1\/\" \/>\n<meta property=\"og:locale\" content=\"de_DE\" \/>\n<meta property=\"og:type\" content=\"article\" \/>\n<meta property=\"og:title\" content=\"Nailner Nagelpilz-Stift 2 in 1 - Nailner\" \/>\n<meta property=\"og:description\" content=\"Als besonderer Zusatz enth\u00e4lt Nailner\u00ae 2 in 1 einen Aufheller gegen Verf\u00e4rbungen, welche bei einem infizierten Nagel entstehen k\u00f6nnen.\" \/>\n<meta property=\"og:url\" content=\"https:\/\/nailner.com\/ch\/de\/produkt\/nailner-nagelpilz-stift-2-in-1\/\" \/>\n<meta property=\"og:site_name\" content=\"Nailner\" \/>\n<meta property=\"article:modified_time\" content=\"2025-09-29T12:28:19+00:00\" \/>\n<meta property=\"og:image\" content=\"https:\/\/nailner.com\/app\/uploads\/sites\/8\/2022\/08\/Nailner-Nagelpilz.png\" \/>\n\t<meta property=\"og:image:width\" content=\"800\" \/>\n\t<meta property=\"og:image:height\" content=\"800\" \/>\n\t<meta property=\"og:image:type\" content=\"image\/png\" \/>\n<meta name=\"twitter:card\" content=\"summary_large_image\" \/>\n<meta name=\"twitter:label1\" content=\"Gesch\u00e4tzte Lesezeit\" \/>\n\t<meta name=\"twitter:data1\" content=\"1\u00a0Minute\" \/>\n<script type=\"application\/ld+json\" class=\"yoast-schema-graph\">{\"@context\":\"https:\/\/schema.org\",\"@graph\":[{\"@type\":\"WebPage\",\"@id\":\"https:\/\/nailner.com\/ch\/de\/produkt\/nailner-nagelpilz-stift-2-in-1\/\",\"url\":\"https:\/\/nailner.com\/ch\/de\/produkt\/nailner-nagelpilz-stift-2-in-1\/\",\"name\":\"Nailner Nagelpilz-Stift 2 in 1 - Nailner\",\"isPartOf\":{\"@id\":\"https:\/\/nailner.com\/ch\/de\/#website\"},\"primaryImageOfPage\":{\"@id\":\"https:\/\/nailner.com\/ch\/de\/produkt\/nailner-nagelpilz-stift-2-in-1\/#primaryimage\"},\"image\":{\"@id\":\"https:\/\/nailner.com\/ch\/de\/produkt\/nailner-nagelpilz-stift-2-in-1\/#primaryimage\"},\"thumbnailUrl\":\"https:\/\/nailner.com\/app\/uploads\/sites\/8\/2022\/08\/Nailner-Nagelpilz.png\",\"datePublished\":\"2022-08-17T08:58:07+00:00\",\"dateModified\":\"2025-09-29T12:28:19+00:00\",\"description\":\"Als besonderer Zusatz enth\u00e4lt Nailner\u00ae 2 in 1 einen Aufheller gegen Verf\u00e4rbungen, welche bei einem infizierten Nagel entstehen k\u00f6nnen.\",\"breadcrumb\":{\"@id\":\"https:\/\/nailner.com\/ch\/de\/produkt\/nailner-nagelpilz-stift-2-in-1\/#breadcrumb\"},\"inLanguage\":\"de-CH\",\"potentialAction\":[{\"@type\":\"ReadAction\",\"target\":[\"https:\/\/nailner.com\/ch\/de\/produkt\/nailner-nagelpilz-stift-2-in-1\/\"]}]},{\"@type\":\"ImageObject\",\"inLanguage\":\"de-CH\",\"@id\":\"https:\/\/nailner.com\/ch\/de\/produkt\/nailner-nagelpilz-stift-2-in-1\/#primaryimage\",\"url\":\"https:\/\/nailner.com\/app\/uploads\/sites\/8\/2022\/08\/Nailner-Nagelpilz.png\",\"contentUrl\":\"https:\/\/nailner.com\/app\/uploads\/sites\/8\/2022\/08\/Nailner-Nagelpilz.png\",\"width\":800,\"height\":800,\"caption\":\"Nailner Nagelpilz-Stift 2 in 1\"},{\"@type\":\"BreadcrumbList\",\"@id\":\"https:\/\/nailner.com\/ch\/de\/produkt\/nailner-nagelpilz-stift-2-in-1\/#breadcrumb\",\"itemListElement\":[{\"@type\":\"ListItem\",\"position\":1,\"name\":\"Home\",\"item\":\"https:\/\/nailner.com\/ch\/de\/\"},{\"@type\":\"ListItem\",\"position\":2,\"name\":\"Produkte\",\"item\":\"https:\/\/nailner.com\/ch\/de\/produkte\/\"},{\"@type\":\"ListItem\",\"position\":3,\"name\":\"Nailner Nagelpilz-Stift 2 in 1\"}]},{\"@type\":\"WebSite\",\"@id\":\"https:\/\/nailner.com\/ch\/de\/#website\",\"url\":\"https:\/\/nailner.com\/ch\/de\/\",\"name\":\"Nailner\",\"description\":\"\",\"publisher\":{\"@id\":\"https:\/\/nailner.com\/ch\/de\/#organization\"},\"potentialAction\":[{\"@type\":\"SearchAction\",\"target\":{\"@type\":\"EntryPoint\",\"urlTemplate\":\"https:\/\/nailner.com\/ch\/de\/?s={search_term_string}\"},\"query-input\":{\"@type\":\"PropertyValueSpecification\",\"valueRequired\":true,\"valueName\":\"search_term_string\"}}],\"inLanguage\":\"de-CH\"},{\"@type\":\"Organization\",\"@id\":\"https:\/\/nailner.com\/ch\/de\/#organization\",\"name\":\"Nailner\",\"url\":\"https:\/\/nailner.com\/ch\/de\/\",\"logo\":{\"@type\":\"ImageObject\",\"inLanguage\":\"de-CH\",\"@id\":\"https:\/\/nailner.com\/ch\/de\/#\/schema\/logo\/image\/\",\"url\":\"https:\/\/nailner.com\/app\/uploads\/sites\/8\/2025\/04\/Nailner-logo.png\",\"contentUrl\":\"https:\/\/nailner.com\/app\/uploads\/sites\/8\/2025\/04\/Nailner-logo.png\",\"width\":134,\"height\":32,\"caption\":\"Nailner\"},\"image\":{\"@id\":\"https:\/\/nailner.com\/ch\/de\/#\/schema\/logo\/image\/\"}}]}<\/script>\n<!-- \/ Yoast SEO plugin. -->","yoast_head_json":{"title":"Nailner Nagelpilz-Stift 2 in 1 - Nailner","description":"Als besonderer Zusatz enth\u00e4lt Nailner\u00ae 2 in 1 einen Aufheller gegen Verf\u00e4rbungen, welche bei einem infizierten Nagel entstehen k\u00f6nnen.","robots":{"index":"index","follow":"follow","max-snippet":"max-snippet:-1","max-image-preview":"max-image-preview:large","max-video-preview":"max-video-preview:-1"},"canonical":"https:\/\/nailner.com\/ch\/de\/produkt\/nailner-nagelpilz-stift-2-in-1\/","og_locale":"de_DE","og_type":"article","og_title":"Nailner Nagelpilz-Stift 2 in 1 - Nailner","og_description":"Als besonderer Zusatz enth\u00e4lt Nailner\u00ae 2 in 1 einen Aufheller gegen Verf\u00e4rbungen, welche bei einem infizierten Nagel entstehen k\u00f6nnen.","og_url":"https:\/\/nailner.com\/ch\/de\/produkt\/nailner-nagelpilz-stift-2-in-1\/","og_site_name":"Nailner","article_modified_time":"2025-09-29T12:28:19+00:00","og_image":[{"width":800,"height":800,"url":"https:\/\/nailner.com\/app\/uploads\/sites\/8\/2022\/08\/Nailner-Nagelpilz.png","type":"image\/png"}],"twitter_card":"summary_large_image","twitter_misc":{"Gesch\u00e4tzte Lesezeit":"1\u00a0Minute"},"schema":{"@context":"https:\/\/schema.org","@graph":[{"@type":"WebPage","@id":"https:\/\/nailner.com\/ch\/de\/produkt\/nailner-nagelpilz-stift-2-in-1\/","url":"https:\/\/nailner.com\/ch\/de\/produkt\/nailner-nagelpilz-stift-2-in-1\/","name":"Nailner Nagelpilz-Stift 2 in 1 - Nailner","isPartOf":{"@id":"https:\/\/nailner.com\/ch\/de\/#website"},"primaryImageOfPage":{"@id":"https:\/\/nailner.com\/ch\/de\/produkt\/nailner-nagelpilz-stift-2-in-1\/#primaryimage"},"image":{"@id":"https:\/\/nailner.com\/ch\/de\/produkt\/nailner-nagelpilz-stift-2-in-1\/#primaryimage"},"thumbnailUrl":"https:\/\/nailner.com\/app\/uploads\/sites\/8\/2022\/08\/Nailner-Nagelpilz.png","datePublished":"2022-08-17T08:58:07+00:00","dateModified":"2025-09-29T12:28:19+00:00","description":"Als besonderer Zusatz enth\u00e4lt Nailner\u00ae 2 in 1 einen Aufheller gegen Verf\u00e4rbungen, welche bei einem infizierten Nagel entstehen k\u00f6nnen.","breadcrumb":{"@id":"https:\/\/nailner.com\/ch\/de\/produkt\/nailner-nagelpilz-stift-2-in-1\/#breadcrumb"},"inLanguage":"de-CH","potentialAction":[{"@type":"ReadAction","target":["https:\/\/nailner.com\/ch\/de\/produkt\/nailner-nagelpilz-stift-2-in-1\/"]}]},{"@type":"ImageObject","inLanguage":"de-CH","@id":"https:\/\/nailner.com\/ch\/de\/produkt\/nailner-nagelpilz-stift-2-in-1\/#primaryimage","url":"https:\/\/nailner.com\/app\/uploads\/sites\/8\/2022\/08\/Nailner-Nagelpilz.png","contentUrl":"https:\/\/nailner.com\/app\/uploads\/sites\/8\/2022\/08\/Nailner-Nagelpilz.png","width":800,"height":800,"caption":"Nailner Nagelpilz-Stift 2 in 1"},{"@type":"BreadcrumbList","@id":"https:\/\/nailner.com\/ch\/de\/produkt\/nailner-nagelpilz-stift-2-in-1\/#breadcrumb","itemListElement":[{"@type":"ListItem","position":1,"name":"Home","item":"https:\/\/nailner.com\/ch\/de\/"},{"@type":"ListItem","position":2,"name":"Produkte","item":"https:\/\/nailner.com\/ch\/de\/produkte\/"},{"@type":"ListItem","position":3,"name":"Nailner Nagelpilz-Stift 2 in 1"}]},{"@type":"WebSite","@id":"https:\/\/nailner.com\/ch\/de\/#website","url":"https:\/\/nailner.com\/ch\/de\/","name":"Nailner","description":"","publisher":{"@id":"https:\/\/nailner.com\/ch\/de\/#organization"},"potentialAction":[{"@type":"SearchAction","target":{"@type":"EntryPoint","urlTemplate":"https:\/\/nailner.com\/ch\/de\/?s={search_term_string}"},"query-input":{"@type":"PropertyValueSpecification","valueRequired":true,"valueName":"search_term_string"}}],"inLanguage":"de-CH"},{"@type":"Organization","@id":"https:\/\/nailner.com\/ch\/de\/#organization","name":"Nailner","url":"https:\/\/nailner.com\/ch\/de\/","logo":{"@type":"ImageObject","inLanguage":"de-CH","@id":"https:\/\/nailner.com\/ch\/de\/#\/schema\/logo\/image\/","url":"https:\/\/nailner.com\/app\/uploads\/sites\/8\/2025\/04\/Nailner-logo.png","contentUrl":"https:\/\/nailner.com\/app\/uploads\/sites\/8\/2025\/04\/Nailner-logo.png","width":134,"height":32,"caption":"Nailner"},"image":{"@id":"https:\/\/nailner.com\/ch\/de\/#\/schema\/logo\/image\/"}}]}},"_links":{"self":[{"href":"https:\/\/nailner.com\/ch\/de\/wp-json\/wp\/v2\/product\/187","targetHints":{"allow":["GET"]}}],"collection":[{"href":"https:\/\/nailner.com\/ch\/de\/wp-json\/wp\/v2\/product"}],"about":[{"href":"https:\/\/nailner.com\/ch\/de\/wp-json\/wp\/v2\/types\/product"}],"replies":[{"embeddable":true,"href":"https:\/\/nailner.com\/ch\/de\/wp-json\/wp\/v2\/comments?post=187"}],"version-history":[{"count":10,"href":"https:\/\/nailner.com\/ch\/de\/wp-json\/wp\/v2\/product\/187\/revisions"}],"predecessor-version":[{"id":937,"href":"https:\/\/nailner.com\/ch\/de\/wp-json\/wp\/v2\/product\/187\/revisions\/937"}],"wp:featuredmedia":[{"embeddable":true,"href":"https:\/\/nailner.com\/ch\/de\/wp-json\/wp\/v2\/media\/182"}],"wp:attachment":[{"href":"https:\/\/nailner.com\/ch\/de\/wp-json\/wp\/v2\/media?parent=187"}],"wp:term":[{"taxonomy":"product_brand","embeddable":true,"href":"https:\/\/nailner.com\/ch\/de\/wp-json\/wp\/v2\/product_brand?post=187"},{"taxonomy":"product_cat","embeddable":true,"href":"https:\/\/nailner.com\/ch\/de\/wp-json\/wp\/v2\/product_cat?post=187"},{"taxonomy":"product_tag","embeddable":true,"href":"https:\/\/nailner.com\/ch\/de\/wp-json\/wp\/v2\/product_tag?post=187"}],"curies":[{"name":"wp","href":"https:\/\/api.w.org\/{rel}","templated":true}]}}