{"id":56,"date":"2022-05-27T15:58:37","date_gmt":"2022-05-27T13:58:37","guid":{"rendered":"https:\/\/nailner.com\/ch\/faq\/"},"modified":"2025-09-22T08:23:54","modified_gmt":"2025-09-22T06:23:54","slug":"faq","status":"publish","type":"page","link":"https:\/\/nailner.com\/ch\/fr\/faq\/","title":{"rendered":"FAQ"},"content":{"rendered":"\n<div class=\"wp-block-karopharma-free-text undefined bg-center bg-contain bg-no-repeat  is-style-secondary\" style=\"background-image:url()\"><div class=\"free-text-wrapper container max-w-medium text-center\">\n<h1 class=\"is-style-heading-huge wp-block-heading\">Questions Fr\u00e9quemment Pos\u00e9es<\/h1>\n\n\n\n<p class=\"is-style-paragraph-preamble\">Les questions suivantes sont quelques-unes des questions fr\u00e9quemment pos\u00e9es au sujet des produits Nailner.<\/p>\n<\/div><\/div>\n\n\n\n<div class=\"wp-block-karopharma-accordions\"><div class=\"container\">\n<details class=\"wp-block-karopharma-accordion\"><summary><h2 class=\"accordion-title\">Comment agit Nailner ?<\/h2><\/summary><div class=\"accordion-content\">\n<p>Les formules de Nailner traitent et pr\u00e9viennent efficacement la mycose des ongles qui peut appara\u00eetre dans les ongles des pieds et des mains. Un syst\u00e8me porteur unique permet aux ingr\u00e9dients de saturer l&#8217;ongle et de p\u00e9n\u00e9trer au c\u0153ur du champignon pour le combattre en modifiant le pH de l&#8217;ongle , cr\u00e9ant ainsi un environnement dans lequel le champignon ne peut pas survivre.<\/p>\n<\/div><\/details>\n\n\n\n<details class=\"wp-block-karopharma-accordion\"><summary><h2 class=\"accordion-title\">Les produits Nailner peuvent-ils \u00eatre appliqu\u00e9s sur des ongles vernis ?<\/h2><\/summary><div class=\"accordion-content\">\n<p>Non &#8211; Il est d\u00e9conseill\u00e9 d&#8217;appliquer les produits Nailner sur des ongles vernis. Il convient d&#8217;enlever le vernis \u00e0 ongles avant d&#8217;appliquer le produit. Il est toutefois possible d&#8217;appliquer du vernis perm\u00e9able, tel que Nailer Breathable Nail Polish, apr\u00e8s avoir utilis\u00e9 le produit soignant. Une autre option est l&#8217;application de Nailner Active Cover. Comme ce produit combine un traitement avec un vernis \u00e0 ongle, il n&#8217;est pas n\u00e9cessaire d&#8217;appliquer une nouvelle fois du vernis \u00e0 ongles perm\u00e9able sur le produit soignant.<\/p>\n<\/div><\/details>\n\n\n\n<details class=\"wp-block-karopharma-accordion\"><summary><h2 class=\"accordion-title\">Les personnes atteintes de diab\u00e8tes et d&#8217;un drainage lymphatique r\u00e9duit peuvent-elles utiliser Nailner ?<\/h2><\/summary><div class=\"accordion-content\">\n<p>Consultez un m\u00e9decin avant d&#8217;utiliser les produits Nailner si vous \u00eates atteint(e) de diab\u00e8tes ou d&#8217;un drainage lymphatique r\u00e9duit.<\/p>\n<\/div><\/details>\n\n\n\n<details class=\"wp-block-karopharma-accordion\"><summary><h2 class=\"accordion-title\">Puis-je utiliser Nailner pendant la grossesse et l&#8217;allaitement ?<\/h2><\/summary><div class=\"accordion-content\">\n<p>Nailner n&#8217;a pas \u00e9t\u00e9 test\u00e9 sur des femmes pendant la grossesse ou l&#8217;allaitement. En g\u00e9n\u00e9ral, les femmes enceintes ou qui allaitent et souhaitent traiter une mycose des ongles devraient consulter leur m\u00e9decin avant d&#8217;entamer tout traitement.<\/p>\n<\/div><\/details>\n\n\n\n<details class=\"wp-block-karopharma-accordion\"><summary><h2 class=\"accordion-title\">Les enfants peuvent-ils utiliser les produits Nailner ?<\/h2><\/summary><div class=\"accordion-content\">\n<p>Il n&#8217;y a pas de limite d&#8217;\u00e2ge impos\u00e9e \u00e0 l&#8217;usage des produits Nailner, mais nous recommandons aux enfants de moins de 16 ans de consulter un m\u00e9decin. La mycose des ongles \u00e9tant rarement constat\u00e9e chez les enfants, nous recommandons de consulter un m\u00e9decin avant toute utilisation. Si le m\u00e9decin confirme une mycose des ongles chez l&#8217;enfant, Nailner peut alors \u00eatre utilis\u00e9.<\/p>\n<\/div><\/details>\n\n\n\n<details class=\"wp-block-karopharma-accordion\"><summary><h2 class=\"accordion-title\">Les autres ongles peuvent-ils \u00eatre infect\u00e9s si j&#8217;applique le traitement sur plusieurs ongles ?<\/h2><\/summary><div class=\"accordion-content\">\n<p>Les produits Nailner contiennent des substances qui combattent la mycose des ongles. Par cons\u00e9quent, l&#8217;infection ne peut pas se propager et infecter d&#8217;autres ongles pendant l&#8217;application du traitement.<\/p>\n<\/div><\/details>\n\n\n\n<details class=\"wp-block-karopharma-accordion\"><summary><h2 class=\"accordion-title\">Combien de temps dois-je utiliser Nailner ?<\/h2><\/summary><div class=\"accordion-content\">\n<p>Traitez l&#8217;ongle\/les ongles infect\u00e9(s) deux fois par jour pendant les quatre premi\u00e8res semaines et, ensuite, une fois par jour, jusqu&#8217;\u00e0 ce qu&#8217;un ongle d&#8217;apparence saine ait remplac\u00e9 l&#8217;ongle abim\u00e9. Pendant le traitement, utilisez les produits Nailner \u00e0 titre pr\u00e9ventif sur les ongles sains (une fois par jour suffit).<\/p>\n<\/div><\/details>\n\n\n\n<details class=\"wp-block-karopharma-accordion\"><summary><h2 class=\"accordion-title\">Apr\u00e8s combien de temps les ongles auront-ils l&#8217;aspect sain ?<\/h2><\/summary><div class=\"accordion-content\">\n<p>Cela d\u00e9pend du produit Nailner utilis\u00e9. Nailner 2en1 conf\u00e8re des r\u00e9sultats visibles apr\u00e8s 2 semaines, car il embellit l&#8217;aspect de l&#8217;ongle. D&#8217;autres produits Nailner, comme Active Cover et Treat &amp; Colour, fournissent des r\u00e9sultats imm\u00e9diats puisqu&#8217;ils camouflent l&#8217;ongle infect\u00e9.<\/p>\n<\/div><\/details>\n\n\n\n<details class=\"wp-block-karopharma-accordion\"><summary><h2 class=\"accordion-title\">Comment dois-je conserver les produits Nailner ?<\/h2><\/summary><div class=\"accordion-content\">\n<p>Les produits Nailner se conservent \u00e0 temp\u00e9rature ambiante et hors de port\u00e9e des enfants.<\/p>\n<\/div><\/details>\n\n\n\n<details class=\"wp-block-karopharma-accordion\"><summary><h2 class=\"accordion-title\">Les produits Nailner contiennent-ils de l&#8217;huile de th\u00e9ier ?<\/h2><\/summary><div class=\"accordion-content\">\n<p>Les produits Nailner ne contiennent pas d&#8217;huile de th\u00e9ier.<\/p>\n<\/div><\/details>\n<\/div><\/div>\n","protected":false},"excerpt":{"rendered":"","protected":false},"author":1,"featured_media":0,"parent":0,"menu_order":30,"comment_status":"closed","ping_status":"closed","template":"","meta":{"_acf_changed":false,"footnotes":""},"from-article-database":[],"class_list":["post-56","page","type-page","status-publish","hentry"],"acf":[],"yoast_head":"<!-- This site is optimized with the Yoast SEO plugin v26.6 - https:\/\/yoast.com\/wordpress\/plugins\/seo\/ -->\n<title>FAQ - Nailner<\/title>\n<meta name=\"description\" content=\"Les questions suivantes sont quelques-unes des questions fr\u00e9quemment pos\u00e9es au sujet des produits Nailner.\" \/>\n<meta name=\"robots\" content=\"index, follow, max-snippet:-1, max-image-preview:large, max-video-preview:-1\" \/>\n<link rel=\"canonical\" href=\"https:\/\/nailner.com\/ch\/fr\/faq\/\" \/>\n<meta property=\"og:locale\" content=\"fr_FR\" \/>\n<meta property=\"og:type\" content=\"article\" \/>\n<meta property=\"og:title\" content=\"FAQ - Nailner\" \/>\n<meta property=\"og:description\" content=\"Les questions suivantes sont quelques-unes des questions fr\u00e9quemment pos\u00e9es au sujet des produits Nailner.\" \/>\n<meta property=\"og:url\" content=\"https:\/\/nailner.com\/ch\/fr\/faq\/\" \/>\n<meta property=\"og:site_name\" content=\"Nailner\" \/>\n<meta property=\"article:modified_time\" content=\"2025-09-22T06:23:54+00:00\" \/>\n<meta name=\"twitter:card\" content=\"summary_large_image\" \/>\n<meta name=\"twitter:label1\" content=\"Est. reading time\" \/>\n\t<meta name=\"twitter:data1\" content=\"3 minutes\" \/>\n<script type=\"application\/ld+json\" class=\"yoast-schema-graph\">{\"@context\":\"https:\/\/schema.org\",\"@graph\":[{\"@type\":\"WebPage\",\"@id\":\"https:\/\/nailner.com\/ch\/fr\/faq\/\",\"url\":\"https:\/\/nailner.com\/ch\/fr\/faq\/\",\"name\":\"FAQ - Nailner\",\"isPartOf\":{\"@id\":\"https:\/\/nailner.com\/ch\/fr\/#website\"},\"datePublished\":\"2022-05-27T13:58:37+00:00\",\"dateModified\":\"2025-09-22T06:23:54+00:00\",\"description\":\"Les questions suivantes sont quelques-unes des questions fr\u00e9quemment pos\u00e9es au sujet des produits Nailner.\",\"breadcrumb\":{\"@id\":\"https:\/\/nailner.com\/ch\/fr\/faq\/#breadcrumb\"},\"inLanguage\":\"fr-CH\",\"potentialAction\":[{\"@type\":\"ReadAction\",\"target\":[\"https:\/\/nailner.com\/ch\/fr\/faq\/\"]}]},{\"@type\":\"BreadcrumbList\",\"@id\":\"https:\/\/nailner.com\/ch\/fr\/faq\/#breadcrumb\",\"itemListElement\":[{\"@type\":\"ListItem\",\"position\":1,\"name\":\"Home\",\"item\":\"https:\/\/nailner.com\/ch\/fr\/\"},{\"@type\":\"ListItem\",\"position\":2,\"name\":\"FAQ\"}]},{\"@type\":\"WebSite\",\"@id\":\"https:\/\/nailner.com\/ch\/fr\/#website\",\"url\":\"https:\/\/nailner.com\/ch\/fr\/\",\"name\":\"Nailner\",\"description\":\"\",\"publisher\":{\"@id\":\"https:\/\/nailner.com\/ch\/fr\/#organization\"},\"potentialAction\":[{\"@type\":\"SearchAction\",\"target\":{\"@type\":\"EntryPoint\",\"urlTemplate\":\"https:\/\/nailner.com\/ch\/fr\/?s={search_term_string}\"},\"query-input\":{\"@type\":\"PropertyValueSpecification\",\"valueRequired\":true,\"valueName\":\"search_term_string\"}}],\"inLanguage\":\"fr-CH\"},{\"@type\":\"Organization\",\"@id\":\"https:\/\/nailner.com\/ch\/fr\/#organization\",\"name\":\"Nailner\",\"url\":\"https:\/\/nailner.com\/ch\/fr\/\",\"logo\":{\"@type\":\"ImageObject\",\"inLanguage\":\"fr-CH\",\"@id\":\"https:\/\/nailner.com\/ch\/fr\/#\/schema\/logo\/image\/\",\"url\":\"https:\/\/nailner.com\/app\/uploads\/sites\/8\/2025\/04\/Nailner-logo.png\",\"contentUrl\":\"https:\/\/nailner.com\/app\/uploads\/sites\/8\/2025\/04\/Nailner-logo.png\",\"width\":134,\"height\":32,\"caption\":\"Nailner\"},\"image\":{\"@id\":\"https:\/\/nailner.com\/ch\/fr\/#\/schema\/logo\/image\/\"}}]}<\/script>\n<!-- \/ Yoast SEO plugin. -->","yoast_head_json":{"title":"FAQ - Nailner","description":"Les questions suivantes sont quelques-unes des questions fr\u00e9quemment pos\u00e9es au sujet des produits Nailner.","robots":{"index":"index","follow":"follow","max-snippet":"max-snippet:-1","max-image-preview":"max-image-preview:large","max-video-preview":"max-video-preview:-1"},"canonical":"https:\/\/nailner.com\/ch\/fr\/faq\/","og_locale":"fr_FR","og_type":"article","og_title":"FAQ - Nailner","og_description":"Les questions suivantes sont quelques-unes des questions fr\u00e9quemment pos\u00e9es au sujet des produits Nailner.","og_url":"https:\/\/nailner.com\/ch\/fr\/faq\/","og_site_name":"Nailner","article_modified_time":"2025-09-22T06:23:54+00:00","twitter_card":"summary_large_image","twitter_misc":{"Est. reading time":"3 minutes"},"schema":{"@context":"https:\/\/schema.org","@graph":[{"@type":"WebPage","@id":"https:\/\/nailner.com\/ch\/fr\/faq\/","url":"https:\/\/nailner.com\/ch\/fr\/faq\/","name":"FAQ - Nailner","isPartOf":{"@id":"https:\/\/nailner.com\/ch\/fr\/#website"},"datePublished":"2022-05-27T13:58:37+00:00","dateModified":"2025-09-22T06:23:54+00:00","description":"Les questions suivantes sont quelques-unes des questions fr\u00e9quemment pos\u00e9es au sujet des produits Nailner.","breadcrumb":{"@id":"https:\/\/nailner.com\/ch\/fr\/faq\/#breadcrumb"},"inLanguage":"fr-CH","potentialAction":[{"@type":"ReadAction","target":["https:\/\/nailner.com\/ch\/fr\/faq\/"]}]},{"@type":"BreadcrumbList","@id":"https:\/\/nailner.com\/ch\/fr\/faq\/#breadcrumb","itemListElement":[{"@type":"ListItem","position":1,"name":"Home","item":"https:\/\/nailner.com\/ch\/fr\/"},{"@type":"ListItem","position":2,"name":"FAQ"}]},{"@type":"WebSite","@id":"https:\/\/nailner.com\/ch\/fr\/#website","url":"https:\/\/nailner.com\/ch\/fr\/","name":"Nailner","description":"","publisher":{"@id":"https:\/\/nailner.com\/ch\/fr\/#organization"},"potentialAction":[{"@type":"SearchAction","target":{"@type":"EntryPoint","urlTemplate":"https:\/\/nailner.com\/ch\/fr\/?s={search_term_string}"},"query-input":{"@type":"PropertyValueSpecification","valueRequired":true,"valueName":"search_term_string"}}],"inLanguage":"fr-CH"},{"@type":"Organization","@id":"https:\/\/nailner.com\/ch\/fr\/#organization","name":"Nailner","url":"https:\/\/nailner.com\/ch\/fr\/","logo":{"@type":"ImageObject","inLanguage":"fr-CH","@id":"https:\/\/nailner.com\/ch\/fr\/#\/schema\/logo\/image\/","url":"https:\/\/nailner.com\/app\/uploads\/sites\/8\/2025\/04\/Nailner-logo.png","contentUrl":"https:\/\/nailner.com\/app\/uploads\/sites\/8\/2025\/04\/Nailner-logo.png","width":134,"height":32,"caption":"Nailner"},"image":{"@id":"https:\/\/nailner.com\/ch\/fr\/#\/schema\/logo\/image\/"}}]}},"_links":{"self":[{"href":"https:\/\/nailner.com\/ch\/fr\/wp-json\/wp\/v2\/pages\/56","targetHints":{"allow":["GET"]}}],"collection":[{"href":"https:\/\/nailner.com\/ch\/fr\/wp-json\/wp\/v2\/pages"}],"about":[{"href":"https:\/\/nailner.com\/ch\/fr\/wp-json\/wp\/v2\/types\/page"}],"author":[{"embeddable":true,"href":"https:\/\/nailner.com\/ch\/fr\/wp-json\/wp\/v2\/users\/1"}],"replies":[{"embeddable":true,"href":"https:\/\/nailner.com\/ch\/fr\/wp-json\/wp\/v2\/comments?post=56"}],"version-history":[{"count":1,"href":"https:\/\/nailner.com\/ch\/fr\/wp-json\/wp\/v2\/pages\/56\/revisions"}],"predecessor-version":[{"id":201,"href":"https:\/\/nailner.com\/ch\/fr\/wp-json\/wp\/v2\/pages\/56\/revisions\/201"}],"wp:attachment":[{"href":"https:\/\/nailner.com\/ch\/fr\/wp-json\/wp\/v2\/media?parent=56"}],"wp:term":[{"taxonomy":"from-article-database","embeddable":true,"href":"https:\/\/nailner.com\/ch\/fr\/wp-json\/wp\/v2\/from-article-database?post=56"}],"curies":[{"name":"wp","href":"https:\/\/api.w.org\/{rel}","templated":true}]}}