{"id":212,"date":"2022-08-17T10:51:04","date_gmt":"2022-08-17T08:51:04","guid":{"rendered":"https:\/\/nailner.com\/ch\/?post_type=product&#038;p=212"},"modified":"2025-09-30T07:43:42","modified_gmt":"2025-09-30T05:43:42","slug":"nailner-pinceau-vernis-2-en-1","status":"publish","type":"product","link":"https:\/\/nailner.com\/ch\/fr\/produit\/nailner-pinceau-vernis-2-en-1\/","title":{"rendered":"Nailner Pinceau (vernis) 2 en 1"},"content":{"rendered":"\n<div class=\"wp-block-karopharma-accordions is-style-transparent\"><div class=\"container\">\n<details class=\"wp-block-karopharma-accordion\"><summary><h2 class=\"accordion-title\">Anwendung<\/h2><\/summary><div class=\"accordion-content\">\n<p>Patogus ir tikslus pie\u0161tukas leid\u017eia paprastai ir greitai u\u017etepti priemon\u0119. Vienu pie\u0161tuku galima tepti apie 400 kart\u0173.<\/p>\n\n\n\n<ol class=\"wp-block-list is-style-default\">\n<li>Auf saubere, trockene N\u00e4gel auftragen. Vor der Anwendung Nagellack entfernen. Das vorg\u00e4ngige Abfeilen des Nagels ist nicht notwendig.<br><\/li>\n\n\n\n<li>Nailner\u00ae 2 in 1 zweimal t\u00e4glich (morgens und abends) w\u00e4hrend 4 Wochen anwenden. Auf die ganze Oberfl\u00e4che des infizierten Nagels auftragen und 1\u20132 Minuten an der Luft trocknen lassen bevor Socken oder Schuhe angezogen werden.<br><\/li>\n\n\n\n<li>Nach 4 Wochen kann die Anwendung auf einmal t\u00e4glich reduziert werden, bis der gesunde Nagel vollst\u00e4ndig nachgewachsen ist.<br><\/li>\n\n\n\n<li>Die F\u00fcsse w\u00e4hrend mehreren Stunden nach der Anwendung nicht waschen. Nailner\u00ae 2 in 1 kann auch prophylaktisch angewendet werden. Zur Verhinderung von Nagelpilzinfektionen m\u00fcssen die gef\u00e4hrdeten N\u00e4gel mindestens einmal t\u00e4glich mit Nailner\u00ae 2 in 1 behandelt werden. Als besonderer Zusatz enth\u00e4lt Nailner\u00ae 2 in 1 einen Aufheller gegen Verf\u00e4rbungen, welche bei einem infizierten Nagel entstehen k\u00f6nnen. Dieser Zusatz erm\u00f6glicht sichtbare Resultate bereits nach 7 Tagen.<\/li>\n<\/ol>\n<\/div><\/details>\n<\/div><\/div>\n","protected":false},"excerpt":{"rendered":"","protected":false},"featured_media":180,"comment_status":"closed","ping_status":"closed","template":"","meta":{"_acf_changed":false,"footnotes":""},"product_brand":[],"product_cat":[],"product_tag":[],"class_list":{"0":"post-212","1":"product","2":"type-product","3":"status-publish","4":"has-post-thumbnail","7":"first","8":"instock","9":"shipping-taxable","10":"product-type-simple"},"acf":[],"yoast_head":"<!-- This site is optimized with the Yoast SEO plugin v26.6 - https:\/\/yoast.com\/wordpress\/plugins\/seo\/ -->\n<title>Nailner Pinceau (vernis) 2 en 1 - Nailner<\/title>\n<meta name=\"description\" content=\"Traite la mycose des ongles en saturant la tablette ungu\u00e9ale et en abaissant le pH de l\u2019ongle infect\u00e9. Nailner cr\u00e9e un environnement d\u00e9favorable\" \/>\n<meta name=\"robots\" content=\"index, follow, max-snippet:-1, max-image-preview:large, max-video-preview:-1\" \/>\n<link rel=\"canonical\" href=\"https:\/\/nailner.com\/ch\/fr\/produit\/nailner-pinceau-vernis-2-en-1\/\" \/>\n<meta property=\"og:locale\" content=\"fr_FR\" \/>\n<meta property=\"og:type\" content=\"article\" \/>\n<meta property=\"og:title\" content=\"Nailner Pinceau (vernis) 2 en 1 - Nailner\" \/>\n<meta property=\"og:description\" content=\"Traite la mycose des ongles en saturant la tablette ungu\u00e9ale et en abaissant le pH de l\u2019ongle infect\u00e9. Nailner cr\u00e9e un environnement d\u00e9favorable\" \/>\n<meta property=\"og:url\" content=\"https:\/\/nailner.com\/ch\/fr\/produit\/nailner-pinceau-vernis-2-en-1\/\" \/>\n<meta property=\"og:site_name\" content=\"Nailner\" \/>\n<meta property=\"article:modified_time\" content=\"2025-09-30T05:43:42+00:00\" \/>\n<meta property=\"og:image\" content=\"https:\/\/nailner.com\/app\/uploads\/sites\/8\/2022\/08\/Nailner-Nagelpilz-Losung.png\" \/>\n\t<meta property=\"og:image:width\" content=\"800\" \/>\n\t<meta property=\"og:image:height\" content=\"800\" \/>\n\t<meta property=\"og:image:type\" content=\"image\/png\" \/>\n<meta name=\"twitter:card\" content=\"summary_large_image\" \/>\n<meta name=\"twitter:label1\" content=\"Est. reading time\" \/>\n\t<meta name=\"twitter:data1\" content=\"1 minute\" \/>\n<script type=\"application\/ld+json\" class=\"yoast-schema-graph\">{\"@context\":\"https:\/\/schema.org\",\"@graph\":[{\"@type\":\"WebPage\",\"@id\":\"https:\/\/nailner.com\/ch\/fr\/produit\/nailner-pinceau-vernis-2-en-1\/\",\"url\":\"https:\/\/nailner.com\/ch\/fr\/produit\/nailner-pinceau-vernis-2-en-1\/\",\"name\":\"Nailner Pinceau (vernis) 2 en 1 - Nailner\",\"isPartOf\":{\"@id\":\"https:\/\/nailner.com\/ch\/fr\/#website\"},\"primaryImageOfPage\":{\"@id\":\"https:\/\/nailner.com\/ch\/fr\/produit\/nailner-pinceau-vernis-2-en-1\/#primaryimage\"},\"image\":{\"@id\":\"https:\/\/nailner.com\/ch\/fr\/produit\/nailner-pinceau-vernis-2-en-1\/#primaryimage\"},\"thumbnailUrl\":\"https:\/\/nailner.com\/app\/uploads\/sites\/8\/2022\/08\/Nailner-Nagelpilz-Losung.png\",\"datePublished\":\"2022-08-17T08:51:04+00:00\",\"dateModified\":\"2025-09-30T05:43:42+00:00\",\"description\":\"Traite la mycose des ongles en saturant la tablette ungu\u00e9ale et en abaissant le pH de l\u2019ongle infect\u00e9. Nailner cr\u00e9e un environnement d\u00e9favorable\",\"breadcrumb\":{\"@id\":\"https:\/\/nailner.com\/ch\/fr\/produit\/nailner-pinceau-vernis-2-en-1\/#breadcrumb\"},\"inLanguage\":\"fr-CH\",\"potentialAction\":[{\"@type\":\"ReadAction\",\"target\":[\"https:\/\/nailner.com\/ch\/fr\/produit\/nailner-pinceau-vernis-2-en-1\/\"]}]},{\"@type\":\"ImageObject\",\"inLanguage\":\"fr-CH\",\"@id\":\"https:\/\/nailner.com\/ch\/fr\/produit\/nailner-pinceau-vernis-2-en-1\/#primaryimage\",\"url\":\"https:\/\/nailner.com\/app\/uploads\/sites\/8\/2022\/08\/Nailner-Nagelpilz-Losung.png\",\"contentUrl\":\"https:\/\/nailner.com\/app\/uploads\/sites\/8\/2022\/08\/Nailner-Nagelpilz-Losung.png\",\"width\":800,\"height\":800,\"caption\":\"Nailner Nagelpilz-L\u00f6sung 2 in 1\"},{\"@type\":\"BreadcrumbList\",\"@id\":\"https:\/\/nailner.com\/ch\/fr\/produit\/nailner-pinceau-vernis-2-en-1\/#breadcrumb\",\"itemListElement\":[{\"@type\":\"ListItem\",\"position\":1,\"name\":\"Home\",\"item\":\"https:\/\/nailner.com\/ch\/fr\/\"},{\"@type\":\"ListItem\",\"position\":2,\"name\":\"Produits\",\"item\":\"https:\/\/nailner.com\/ch\/de\/produkte\/\"},{\"@type\":\"ListItem\",\"position\":3,\"name\":\"Nailner Pinceau (vernis) 2 en 1\"}]},{\"@type\":\"WebSite\",\"@id\":\"https:\/\/nailner.com\/ch\/fr\/#website\",\"url\":\"https:\/\/nailner.com\/ch\/fr\/\",\"name\":\"Nailner\",\"description\":\"\",\"publisher\":{\"@id\":\"https:\/\/nailner.com\/ch\/fr\/#organization\"},\"potentialAction\":[{\"@type\":\"SearchAction\",\"target\":{\"@type\":\"EntryPoint\",\"urlTemplate\":\"https:\/\/nailner.com\/ch\/fr\/?s={search_term_string}\"},\"query-input\":{\"@type\":\"PropertyValueSpecification\",\"valueRequired\":true,\"valueName\":\"search_term_string\"}}],\"inLanguage\":\"fr-CH\"},{\"@type\":\"Organization\",\"@id\":\"https:\/\/nailner.com\/ch\/fr\/#organization\",\"name\":\"Nailner\",\"url\":\"https:\/\/nailner.com\/ch\/fr\/\",\"logo\":{\"@type\":\"ImageObject\",\"inLanguage\":\"fr-CH\",\"@id\":\"https:\/\/nailner.com\/ch\/fr\/#\/schema\/logo\/image\/\",\"url\":\"https:\/\/nailner.com\/app\/uploads\/sites\/8\/2025\/04\/Nailner-logo.png\",\"contentUrl\":\"https:\/\/nailner.com\/app\/uploads\/sites\/8\/2025\/04\/Nailner-logo.png\",\"width\":134,\"height\":32,\"caption\":\"Nailner\"},\"image\":{\"@id\":\"https:\/\/nailner.com\/ch\/fr\/#\/schema\/logo\/image\/\"}}]}<\/script>\n<!-- \/ Yoast SEO plugin. -->","yoast_head_json":{"title":"Nailner Pinceau (vernis) 2 en 1 - Nailner","description":"Traite la mycose des ongles en saturant la tablette ungu\u00e9ale et en abaissant le pH de l\u2019ongle infect\u00e9. Nailner cr\u00e9e un environnement d\u00e9favorable","robots":{"index":"index","follow":"follow","max-snippet":"max-snippet:-1","max-image-preview":"max-image-preview:large","max-video-preview":"max-video-preview:-1"},"canonical":"https:\/\/nailner.com\/ch\/fr\/produit\/nailner-pinceau-vernis-2-en-1\/","og_locale":"fr_FR","og_type":"article","og_title":"Nailner Pinceau (vernis) 2 en 1 - Nailner","og_description":"Traite la mycose des ongles en saturant la tablette ungu\u00e9ale et en abaissant le pH de l\u2019ongle infect\u00e9. Nailner cr\u00e9e un environnement d\u00e9favorable","og_url":"https:\/\/nailner.com\/ch\/fr\/produit\/nailner-pinceau-vernis-2-en-1\/","og_site_name":"Nailner","article_modified_time":"2025-09-30T05:43:42+00:00","og_image":[{"width":800,"height":800,"url":"https:\/\/nailner.com\/app\/uploads\/sites\/8\/2022\/08\/Nailner-Nagelpilz-Losung.png","type":"image\/png"}],"twitter_card":"summary_large_image","twitter_misc":{"Est. reading time":"1 minute"},"schema":{"@context":"https:\/\/schema.org","@graph":[{"@type":"WebPage","@id":"https:\/\/nailner.com\/ch\/fr\/produit\/nailner-pinceau-vernis-2-en-1\/","url":"https:\/\/nailner.com\/ch\/fr\/produit\/nailner-pinceau-vernis-2-en-1\/","name":"Nailner Pinceau (vernis) 2 en 1 - Nailner","isPartOf":{"@id":"https:\/\/nailner.com\/ch\/fr\/#website"},"primaryImageOfPage":{"@id":"https:\/\/nailner.com\/ch\/fr\/produit\/nailner-pinceau-vernis-2-en-1\/#primaryimage"},"image":{"@id":"https:\/\/nailner.com\/ch\/fr\/produit\/nailner-pinceau-vernis-2-en-1\/#primaryimage"},"thumbnailUrl":"https:\/\/nailner.com\/app\/uploads\/sites\/8\/2022\/08\/Nailner-Nagelpilz-Losung.png","datePublished":"2022-08-17T08:51:04+00:00","dateModified":"2025-09-30T05:43:42+00:00","description":"Traite la mycose des ongles en saturant la tablette ungu\u00e9ale et en abaissant le pH de l\u2019ongle infect\u00e9. Nailner cr\u00e9e un environnement d\u00e9favorable","breadcrumb":{"@id":"https:\/\/nailner.com\/ch\/fr\/produit\/nailner-pinceau-vernis-2-en-1\/#breadcrumb"},"inLanguage":"fr-CH","potentialAction":[{"@type":"ReadAction","target":["https:\/\/nailner.com\/ch\/fr\/produit\/nailner-pinceau-vernis-2-en-1\/"]}]},{"@type":"ImageObject","inLanguage":"fr-CH","@id":"https:\/\/nailner.com\/ch\/fr\/produit\/nailner-pinceau-vernis-2-en-1\/#primaryimage","url":"https:\/\/nailner.com\/app\/uploads\/sites\/8\/2022\/08\/Nailner-Nagelpilz-Losung.png","contentUrl":"https:\/\/nailner.com\/app\/uploads\/sites\/8\/2022\/08\/Nailner-Nagelpilz-Losung.png","width":800,"height":800,"caption":"Nailner Nagelpilz-L\u00f6sung 2 in 1"},{"@type":"BreadcrumbList","@id":"https:\/\/nailner.com\/ch\/fr\/produit\/nailner-pinceau-vernis-2-en-1\/#breadcrumb","itemListElement":[{"@type":"ListItem","position":1,"name":"Home","item":"https:\/\/nailner.com\/ch\/fr\/"},{"@type":"ListItem","position":2,"name":"Produits","item":"https:\/\/nailner.com\/ch\/de\/produkte\/"},{"@type":"ListItem","position":3,"name":"Nailner Pinceau (vernis) 2 en 1"}]},{"@type":"WebSite","@id":"https:\/\/nailner.com\/ch\/fr\/#website","url":"https:\/\/nailner.com\/ch\/fr\/","name":"Nailner","description":"","publisher":{"@id":"https:\/\/nailner.com\/ch\/fr\/#organization"},"potentialAction":[{"@type":"SearchAction","target":{"@type":"EntryPoint","urlTemplate":"https:\/\/nailner.com\/ch\/fr\/?s={search_term_string}"},"query-input":{"@type":"PropertyValueSpecification","valueRequired":true,"valueName":"search_term_string"}}],"inLanguage":"fr-CH"},{"@type":"Organization","@id":"https:\/\/nailner.com\/ch\/fr\/#organization","name":"Nailner","url":"https:\/\/nailner.com\/ch\/fr\/","logo":{"@type":"ImageObject","inLanguage":"fr-CH","@id":"https:\/\/nailner.com\/ch\/fr\/#\/schema\/logo\/image\/","url":"https:\/\/nailner.com\/app\/uploads\/sites\/8\/2025\/04\/Nailner-logo.png","contentUrl":"https:\/\/nailner.com\/app\/uploads\/sites\/8\/2025\/04\/Nailner-logo.png","width":134,"height":32,"caption":"Nailner"},"image":{"@id":"https:\/\/nailner.com\/ch\/fr\/#\/schema\/logo\/image\/"}}]}},"_links":{"self":[{"href":"https:\/\/nailner.com\/ch\/fr\/wp-json\/wp\/v2\/product\/212","targetHints":{"allow":["GET"]}}],"collection":[{"href":"https:\/\/nailner.com\/ch\/fr\/wp-json\/wp\/v2\/product"}],"about":[{"href":"https:\/\/nailner.com\/ch\/fr\/wp-json\/wp\/v2\/types\/product"}],"replies":[{"embeddable":true,"href":"https:\/\/nailner.com\/ch\/fr\/wp-json\/wp\/v2\/comments?post=212"}],"version-history":[{"count":10,"href":"https:\/\/nailner.com\/ch\/fr\/wp-json\/wp\/v2\/product\/212\/revisions"}],"predecessor-version":[{"id":974,"href":"https:\/\/nailner.com\/ch\/fr\/wp-json\/wp\/v2\/product\/212\/revisions\/974"}],"wp:featuredmedia":[{"embeddable":true,"href":"https:\/\/nailner.com\/ch\/fr\/wp-json\/wp\/v2\/media\/180"}],"wp:attachment":[{"href":"https:\/\/nailner.com\/ch\/fr\/wp-json\/wp\/v2\/media?parent=212"}],"wp:term":[{"taxonomy":"product_brand","embeddable":true,"href":"https:\/\/nailner.com\/ch\/fr\/wp-json\/wp\/v2\/product_brand?post=212"},{"taxonomy":"product_cat","embeddable":true,"href":"https:\/\/nailner.com\/ch\/fr\/wp-json\/wp\/v2\/product_cat?post=212"},{"taxonomy":"product_tag","embeddable":true,"href":"https:\/\/nailner.com\/ch\/fr\/wp-json\/wp\/v2\/product_tag?post=212"}],"curies":[{"name":"wp","href":"https:\/\/api.w.org\/{rel}","templated":true}]}}