{"id":57,"date":"2022-05-27T15:58:37","date_gmt":"2022-05-27T13:58:37","guid":{"rendered":"https:\/\/nailner.com\/ch\/faq\/"},"modified":"2025-09-22T08:23:56","modified_gmt":"2025-09-22T06:23:56","slug":"faq","status":"publish","type":"page","link":"https:\/\/nailner.com\/ch\/it\/faq\/","title":{"rendered":"FAQ"},"content":{"rendered":"\n<div class=\"wp-block-karopharma-free-text undefined bg-center bg-contain bg-no-repeat  is-style-secondary\" style=\"background-image:url()\"><div class=\"free-text-wrapper container max-w-medium text-center\">\n<h1 class=\"is-style-heading-huge wp-block-heading\">Domande frequenti<\/h1>\n\n\n\n<p class=\"is-style-paragraph-preamble\">Le seguenti domande sono alcune delle domande pi\u00f9 frequenti sui prodotti Nailner.<\/p>\n<\/div><\/div>\n\n\n\n<div class=\"wp-block-karopharma-accordions\"><div class=\"container\">\n<details class=\"wp-block-karopharma-accordion\"><summary><h2 class=\"accordion-title\">Come funziona Nailner<sup>\u00ae<\/sup> 2 in 1?<\/h2><\/summary><div class=\"accordion-content\">\n<p>Nailner<sup>\u00ae<\/sup>\u00a0 2 in 1 tratta la micosi delle unghie e protegge contro le infezioni da funghi delle unghie.<\/p>\n\n\n\n<ul class=\"wp-block-list\"><li>Un sistema di supporto unico nel suo genere consente ai componenti di permeare l\u2019unghia e di combattere il fungo alla sua origine, modificando l\u2019ambiente ungueale a sfavore del fungo.<\/li><\/ul>\n\n\n\n<ul class=\"wp-block-list\"><li>Protegge l\u2019unghia nuova da una recidiva dell\u2019infezione.<\/li><\/ul>\n\n\n\n<p>Nailner<sup>\u00ae<\/sup>\u00a0 2 in 1 non \u00e8 soltanto una terapia per la micosi e una protezione dell\u2019unghia, ma rischiara anche le decolorazioni che possono manifestarsi in un\u2019unghia infetta.<\/p>\n<\/div><\/details>\n\n\n\n<details class=\"wp-block-karopharma-accordion\"><summary><h2 class=\"accordion-title\">In che modo Nailner<sup>\u00ae<\/sup> tratta e amp; Lavoro a colori?<\/h2><\/summary><div class=\"accordion-content\">\n<p>La formula del trattamento Nailner<sup>\u00ae<\/sup> Brush \u00e8 clinicamente testata per trattare e prevenire efficacemente le infezioni fungine delle unghie grazie a una combinazione unica di ingredienti.<\/p>\n\n\n\n<p>Il trattamento Nailner<sup>\u00ae<\/sup> Brush combatte le infezioni fungine delle unghie in tre modi:<\/p>\n\n\n\n<p>Penetrando nell&#8217;unghia: ingredienti unici saturano l&#8217;unghia e combattono il fungo al suo interno.<br>Rimozione dell&#8217;infezione: abbassando il pH dell&#8217;unghia, Nailner ripristina il suo ambiente sano e uccide i funghi.<br>Prevenzione di nuove infezioni: Nailner protegge l&#8217;unghia appena cresciuta dalle infezioni quando applicato come manutenzione quotidiana.<\/p>\n\n\n\n<p>Lo smalto per unghie traspirante Nailner<sup>\u00ae<\/sup> maschera gli antiestetici danni con un attraente colore dall&#8217;aspetto naturale, rendendolo una soluzione ideale per indossare scarpe aperte. Questa formula traspirante pu\u00f2 essere utilizzata su tutte le unghie, infette o sane.<\/p>\n<\/div><\/details>\n\n\n\n<details class=\"wp-block-karopharma-accordion\"><summary><h2 class=\"accordion-title\">Che cosa contengono i prodotti Nailner<sup>\u00ae<\/sup>?<\/h2><\/summary><div class=\"accordion-content\">\n<p><strong>Nailner<sup>\u00ae<\/sup> Penna 2 in 1 &amp; Soluzione 2 in 1<\/strong><\/p>\n\n\n\n<p>Lattato di etile, gliceraina, acqua, acido lattico, resacetofenone, acido citrico.<\/p>\n<\/div><\/details>\n\n\n\n<details class=\"wp-block-karopharma-accordion\"><summary><h2 class=\"accordion-title\">Quali sono gli ingredienti di Nailner<sup>\u00ae<\/sup> Treat &amp; Colore?<\/h2><\/summary><div class=\"accordion-content\">\n<p>Trattamento INCI Nailner<sup>\u00ae<\/sup> Brush (Dispositivo Medico): Lattato di Etile, Glicerina, Acqua, Acido Lattico, Acido Citrico.<\/p>\n\n\n\n<p>INCI Nailner<sup>\u00ae<\/sup> Smalto Traspirante (Prodotto Cosmetico):<\/p>\n\n\n\n<p>Acetato di butile, acetato di etile, nitrocellulosa, citrato di acetiltributile,<\/p>\n\n\n\n<p>Alcool isopropilico, acido adipico\/glicole neopentilico\/anidride trimellitica copolimero, CI 77891, polietilmetacrilato, acetato di saccarosio isobutirrato, bentonite di stearalconio, silice, alcol diacetone, benzofenone-1, CI 77491, CI 77499, alcol N-butilico, trimetilpentandiil dibenzoato, CI 19140 , Poliuretano-67, Dimeticone, Metossiisopropilacetato,<\/p>\n\n\n\n<p>Trimetilsilossisilicato, alcool decilico, acido fosforico.<\/p>\n<\/div><\/details>\n\n\n\n<details class=\"wp-block-karopharma-accordion\"><summary><h2 class=\"accordion-title\">Nailner\u00ae pu\u00f2 essere utilizzato nei bambini?<\/h2><\/summary><div class=\"accordion-content\">\n<p>La micosi delle unghie \u00e8 rara nei bambini. Questo perch\u00e9 i bambini hanno unghie molto flessibili che non si incrinano facilmente (consentendo ai funghi di penetrare nell\u2019unghia). Lo scolorimento delle unghie nei bambini pu\u00f2 anche essere causato da psoriasi o traumi fisici come carenze di vitamine, aminoacidi e\/o calcio. Si consiglia di consultare il medico prima di trattare un\u2019anomalia delle unghie dei bambini. Se il medico accerta che il bambino ha una micosi delle unghie, dopo aver parlato col medico, per trattare l\u2019infezione alle unghie pu\u00f2 essere utilizzato Nailner.<\/p>\n\n\n\n<p>La sicurezza di Nailner sui bambini non \u00e8 stata testata separatamente. Consigliamo di usare inizialmente il prodotto su una sola unghia. In questo modo si potr\u00e0 appurare se il bambino \u00e8 sensibile al prodotto (i bambini hanno spesso una pelle molto sensibile e sviluppano pi\u00f9 spesso allergie nei confronti di ingredienti di prodotti).<\/p>\n<\/div><\/details>\n\n\n\n<details class=\"wp-block-karopharma-accordion\"><summary><h2 class=\"accordion-title\">Sto utilizzando Nailner\u00ae . Quanto tempo \u00e8 necessario prima che le mie unghie tornino ad essere presentabili?<\/h2><\/summary><div class=\"accordion-content\">\n<p>Di norma, l\u2019effetto di Nailner\u00ae&nbsp; \u00e8 visibile entro alcune settimane dal primo utilizzo. L\u2019infezione fungina viene trattata efficacemente con Nailner entro 12 settimane. Il completo ripristino dell\u2019unghia richieder\u00e0 tuttavia un po\u2019 di tempo in quanto l\u2019unghia danneggiata dovr\u00e0 essere sostituita dalla crescita di una nuova unghia sana. Il tempo necessario alla sostituzione dipende dalle dimensioni dell\u2019unghia e dallo stato dell\u2019infezione. Il periodo di ricrescita delle unghie dei piedi pu\u00f2 durare anche 12 mesi. In questo periodo, l\u2019unghia sana sostituir\u00e0 lentamente quella danneggiata.<\/p>\n<\/div><\/details>\n\n\n\n<details class=\"wp-block-karopharma-accordion\"><summary><h2 class=\"accordion-title\">Come faccio a sapere quando la penna \u00e8 terminata?<\/h2><\/summary><div class=\"accordion-content\">\n<p>Quando si applica il prodotto si noter\u00e0 la presenza di un liquido brillante sull\u2019unghia. Si tratta di uno sottile strato di liquido sulla superficie dell\u2019unghia. Esso si satura rapidamente all\u2019interno dell\u2019unghia senza alterarne l\u2019aspetto. Fino a quando si noter\u00e0 la presenza del liquido sull\u2019unghia, significa che la penna non \u00e8 ancora vuota.<\/p>\n\n\n\n<p>Si pu\u00f2 anche provare la penna su un pezzo di carta. Se lascia una striscia umida significa che non \u00e8 ancora terminata.<\/p>\n<\/div><\/details>\n\n\n\n<details class=\"wp-block-karopharma-accordion\"><summary><h2 class=\"accordion-title\">Come e con che frequenza devo applicare Nailner\u00ae ?<\/h2><\/summary><div class=\"accordion-content\">\n<p>Trattare l\u2019unghia o le unghie interessate due volte al giorno per quattro settimane, dopodich\u00e9 una volta al giorno. Utilizzare Nailner preventivamente sulle unghie sane, tutti i giorni, per evitare che l\u2019infezione fungina si trasmetta anche ad esse.<\/p>\n\n\n\n<p>Una volta che le unghie sono state trattate, Nailner\u00ae&nbsp; deve essere applicato una volta alla settimana per prevenire reinfezioni.<\/p>\n<\/div><\/details>\n<\/div><\/div>\n","protected":false},"excerpt":{"rendered":"","protected":false},"author":1,"featured_media":0,"parent":0,"menu_order":30,"comment_status":"closed","ping_status":"closed","template":"","meta":{"_acf_changed":false,"footnotes":""},"from-article-database":[],"class_list":["post-57","page","type-page","status-publish","hentry"],"acf":[],"yoast_head":"<!-- This site is optimized with the Yoast SEO plugin v26.6 - https:\/\/yoast.com\/wordpress\/plugins\/seo\/ -->\n<title>FAQ - Nailner<\/title>\n<meta name=\"description\" content=\"Le seguenti domande sono alcune delle domande pi\u00f9 frequenti sui prodotti Nailner. Come funziona Nailner\u00ae 2 in 1?\" \/>\n<meta name=\"robots\" content=\"index, follow, max-snippet:-1, max-image-preview:large, max-video-preview:-1\" \/>\n<link rel=\"canonical\" href=\"https:\/\/nailner.com\/ch\/it\/faq\/\" \/>\n<meta property=\"og:locale\" content=\"it_IT\" \/>\n<meta property=\"og:type\" content=\"article\" \/>\n<meta property=\"og:title\" content=\"FAQ - Nailner\" \/>\n<meta property=\"og:description\" content=\"Le seguenti domande sono alcune delle domande pi\u00f9 frequenti sui prodotti Nailner. Come funziona Nailner\u00ae 2 in 1?\" \/>\n<meta property=\"og:url\" content=\"https:\/\/nailner.com\/ch\/it\/faq\/\" \/>\n<meta property=\"og:site_name\" content=\"Nailner\" \/>\n<meta property=\"article:modified_time\" content=\"2025-09-22T06:23:56+00:00\" \/>\n<meta name=\"twitter:card\" content=\"summary_large_image\" \/>\n<meta name=\"twitter:label1\" content=\"Est. reading time\" \/>\n\t<meta name=\"twitter:data1\" content=\"4 minutes\" \/>\n<script type=\"application\/ld+json\" class=\"yoast-schema-graph\">{\"@context\":\"https:\/\/schema.org\",\"@graph\":[{\"@type\":\"WebPage\",\"@id\":\"https:\/\/nailner.com\/ch\/it\/faq\/\",\"url\":\"https:\/\/nailner.com\/ch\/it\/faq\/\",\"name\":\"FAQ - Nailner\",\"isPartOf\":{\"@id\":\"https:\/\/nailner.com\/ch\/it\/#website\"},\"datePublished\":\"2022-05-27T13:58:37+00:00\",\"dateModified\":\"2025-09-22T06:23:56+00:00\",\"description\":\"Le seguenti domande sono alcune delle domande pi\u00f9 frequenti sui prodotti Nailner. Come funziona Nailner\u00ae 2 in 1?\",\"breadcrumb\":{\"@id\":\"https:\/\/nailner.com\/ch\/it\/faq\/#breadcrumb\"},\"inLanguage\":\"it-CH\",\"potentialAction\":[{\"@type\":\"ReadAction\",\"target\":[\"https:\/\/nailner.com\/ch\/it\/faq\/\"]}]},{\"@type\":\"BreadcrumbList\",\"@id\":\"https:\/\/nailner.com\/ch\/it\/faq\/#breadcrumb\",\"itemListElement\":[{\"@type\":\"ListItem\",\"position\":1,\"name\":\"Home\",\"item\":\"https:\/\/nailner.com\/ch\/it\/\"},{\"@type\":\"ListItem\",\"position\":2,\"name\":\"FAQ\"}]},{\"@type\":\"WebSite\",\"@id\":\"https:\/\/nailner.com\/ch\/it\/#website\",\"url\":\"https:\/\/nailner.com\/ch\/it\/\",\"name\":\"Nailner\",\"description\":\"\",\"publisher\":{\"@id\":\"https:\/\/nailner.com\/ch\/it\/#organization\"},\"potentialAction\":[{\"@type\":\"SearchAction\",\"target\":{\"@type\":\"EntryPoint\",\"urlTemplate\":\"https:\/\/nailner.com\/ch\/it\/?s={search_term_string}\"},\"query-input\":{\"@type\":\"PropertyValueSpecification\",\"valueRequired\":true,\"valueName\":\"search_term_string\"}}],\"inLanguage\":\"it-CH\"},{\"@type\":\"Organization\",\"@id\":\"https:\/\/nailner.com\/ch\/it\/#organization\",\"name\":\"Nailner\",\"url\":\"https:\/\/nailner.com\/ch\/it\/\",\"logo\":{\"@type\":\"ImageObject\",\"inLanguage\":\"it-CH\",\"@id\":\"https:\/\/nailner.com\/ch\/it\/#\/schema\/logo\/image\/\",\"url\":\"https:\/\/nailner.com\/app\/uploads\/sites\/8\/2025\/04\/Nailner-logo.png\",\"contentUrl\":\"https:\/\/nailner.com\/app\/uploads\/sites\/8\/2025\/04\/Nailner-logo.png\",\"width\":134,\"height\":32,\"caption\":\"Nailner\"},\"image\":{\"@id\":\"https:\/\/nailner.com\/ch\/it\/#\/schema\/logo\/image\/\"}}]}<\/script>\n<!-- \/ Yoast SEO plugin. -->","yoast_head_json":{"title":"FAQ - Nailner","description":"Le seguenti domande sono alcune delle domande pi\u00f9 frequenti sui prodotti Nailner. Come funziona Nailner\u00ae 2 in 1?","robots":{"index":"index","follow":"follow","max-snippet":"max-snippet:-1","max-image-preview":"max-image-preview:large","max-video-preview":"max-video-preview:-1"},"canonical":"https:\/\/nailner.com\/ch\/it\/faq\/","og_locale":"it_IT","og_type":"article","og_title":"FAQ - Nailner","og_description":"Le seguenti domande sono alcune delle domande pi\u00f9 frequenti sui prodotti Nailner. Come funziona Nailner\u00ae 2 in 1?","og_url":"https:\/\/nailner.com\/ch\/it\/faq\/","og_site_name":"Nailner","article_modified_time":"2025-09-22T06:23:56+00:00","twitter_card":"summary_large_image","twitter_misc":{"Est. reading time":"4 minutes"},"schema":{"@context":"https:\/\/schema.org","@graph":[{"@type":"WebPage","@id":"https:\/\/nailner.com\/ch\/it\/faq\/","url":"https:\/\/nailner.com\/ch\/it\/faq\/","name":"FAQ - Nailner","isPartOf":{"@id":"https:\/\/nailner.com\/ch\/it\/#website"},"datePublished":"2022-05-27T13:58:37+00:00","dateModified":"2025-09-22T06:23:56+00:00","description":"Le seguenti domande sono alcune delle domande pi\u00f9 frequenti sui prodotti Nailner. Come funziona Nailner\u00ae 2 in 1?","breadcrumb":{"@id":"https:\/\/nailner.com\/ch\/it\/faq\/#breadcrumb"},"inLanguage":"it-CH","potentialAction":[{"@type":"ReadAction","target":["https:\/\/nailner.com\/ch\/it\/faq\/"]}]},{"@type":"BreadcrumbList","@id":"https:\/\/nailner.com\/ch\/it\/faq\/#breadcrumb","itemListElement":[{"@type":"ListItem","position":1,"name":"Home","item":"https:\/\/nailner.com\/ch\/it\/"},{"@type":"ListItem","position":2,"name":"FAQ"}]},{"@type":"WebSite","@id":"https:\/\/nailner.com\/ch\/it\/#website","url":"https:\/\/nailner.com\/ch\/it\/","name":"Nailner","description":"","publisher":{"@id":"https:\/\/nailner.com\/ch\/it\/#organization"},"potentialAction":[{"@type":"SearchAction","target":{"@type":"EntryPoint","urlTemplate":"https:\/\/nailner.com\/ch\/it\/?s={search_term_string}"},"query-input":{"@type":"PropertyValueSpecification","valueRequired":true,"valueName":"search_term_string"}}],"inLanguage":"it-CH"},{"@type":"Organization","@id":"https:\/\/nailner.com\/ch\/it\/#organization","name":"Nailner","url":"https:\/\/nailner.com\/ch\/it\/","logo":{"@type":"ImageObject","inLanguage":"it-CH","@id":"https:\/\/nailner.com\/ch\/it\/#\/schema\/logo\/image\/","url":"https:\/\/nailner.com\/app\/uploads\/sites\/8\/2025\/04\/Nailner-logo.png","contentUrl":"https:\/\/nailner.com\/app\/uploads\/sites\/8\/2025\/04\/Nailner-logo.png","width":134,"height":32,"caption":"Nailner"},"image":{"@id":"https:\/\/nailner.com\/ch\/it\/#\/schema\/logo\/image\/"}}]}},"_links":{"self":[{"href":"https:\/\/nailner.com\/ch\/it\/wp-json\/wp\/v2\/pages\/57","targetHints":{"allow":["GET"]}}],"collection":[{"href":"https:\/\/nailner.com\/ch\/it\/wp-json\/wp\/v2\/pages"}],"about":[{"href":"https:\/\/nailner.com\/ch\/it\/wp-json\/wp\/v2\/types\/page"}],"author":[{"embeddable":true,"href":"https:\/\/nailner.com\/ch\/it\/wp-json\/wp\/v2\/users\/1"}],"replies":[{"embeddable":true,"href":"https:\/\/nailner.com\/ch\/it\/wp-json\/wp\/v2\/comments?post=57"}],"version-history":[{"count":6,"href":"https:\/\/nailner.com\/ch\/it\/wp-json\/wp\/v2\/pages\/57\/revisions"}],"predecessor-version":[{"id":564,"href":"https:\/\/nailner.com\/ch\/it\/wp-json\/wp\/v2\/pages\/57\/revisions\/564"}],"wp:attachment":[{"href":"https:\/\/nailner.com\/ch\/it\/wp-json\/wp\/v2\/media?parent=57"}],"wp:term":[{"taxonomy":"from-article-database","embeddable":true,"href":"https:\/\/nailner.com\/ch\/it\/wp-json\/wp\/v2\/from-article-database?post=57"}],"curies":[{"name":"wp","href":"https:\/\/api.w.org\/{rel}","templated":true}]}}