{"id":40,"date":"2022-08-25T16:05:07","date_gmt":"2022-08-25T13:05:07","guid":{"rendered":"https:\/\/nailner.com\/ee\/?page_id=40"},"modified":"2025-09-19T16:24:39","modified_gmt":"2025-09-19T13:24:39","slug":"kkk","status":"publish","type":"page","link":"https:\/\/nailner.com\/ee\/kkk\/","title":{"rendered":"KKK"},"content":{"rendered":"\n<div class=\"wp-block-karopharma-free-text pt-large pb-large bg-center bg-cover bg-no-repeat  is-style-primary\" style=\"background-image:url()\"><div class=\"free-text-wrapper container max-w-medium text-center\">\n<h1 class=\"wp-block-heading is-style-heading-huge has-primary-color has-text-color has-link-color wp-elements-98fba9eaa44df6a7d77fc508ff07cc3e\">KKK<\/h1>\n\n\n\n<p class=\"is-style-paragraph-preamble has-primary-color has-text-color has-link-color wp-elements-ce62b567d393e01dd9f00a8cd7097fcd\"><strong>Korduma kippuvad k\u00fcsimused<\/strong><\/p>\n<\/div><\/div>\n\n\n\n<div class=\"wp-block-karopharma-accordions\"><div class=\"container\">\n<details class=\"wp-block-karopharma-accordion\"><summary><h2 class=\"accordion-title\">Kuidas Nailner toimib?<\/h2><\/summary><div class=\"accordion-content\">\n<p>Nailner ravib t\u00f5husalt ja takistab seennakkuse uuenemist nii varba- kui s\u00f5rmek\u00fc\u00fcntel. Unikaalne s\u00fcsteem v\u00f5imaldab komponentidel k\u00fcllastada k\u00fc\u00fcnt ja v\u00f5idelda otsustavalt seene vastu, muutes pH taset ja luues seene elutegevuseks ebasoodsa keskkonna.<\/p>\n<\/div><\/details>\n\n\n\n<details class=\"wp-block-karopharma-accordion\"><summary><h2 class=\"accordion-title\">Kas Nailner ravivahendit v\u00f5ib m\u00e4\u00e4rida lakitud k\u00fc\u00fcntele?<\/h2><\/summary><div class=\"accordion-content\">\n<p>Ei &#8211; Nailner ravivahendeid ei v\u00f5i m\u00e4\u00e4rida lakitud k\u00fc\u00fcntele. Enne raviga alustamist peab k\u00fc\u00fcnelaki eemaldama.<\/p>\n\n\n\n<p>Nailner Treat and Color koostises on \u00f5hku l\u00e4bilaskev k\u00fc\u00fcnelakk, mida v\u00f5ib kasutada ravimise ajal, kuid ka selle peab eemaldama enne ravivahendi pealekandmist.<\/p>\n<\/div><\/details>\n\n\n\n<details class=\"wp-block-karopharma-accordion\"><summary><h2 class=\"accordion-title\">Mitmeks korraks piisab Nailner 2 in 1?<\/h2><\/summary><div class=\"accordion-content\">\n<p>Nailner 5 ml pintsliga pudelist piisab umbes 300 m\u00e4\u00e4rimiseks.<br>Nailner pliiatsis on 4 ml, umbes 400 m\u00e4\u00e4rimiseks.<\/p>\n<\/div><\/details>\n\n\n\n<details class=\"wp-block-karopharma-accordion\"><summary><h2 class=\"accordion-title\">Milline on Nailner 2 in 1 pintsliga ja pliiatsi koostis?<\/h2><\/summary><div class=\"accordion-content\">\n<p>Et\u00fc\u00fcllaktaat, vesi, gl\u00fctseriin, piimhape, sidrunhape, resatsetofenoon.<\/p>\n<\/div><\/details>\n\n\n\n<details class=\"wp-block-karopharma-accordion\"><summary><h2 class=\"accordion-title\">Milline on Nailner Treat &amp; Color koostis?<\/h2><\/summary><div class=\"accordion-content\">\n<p>Et\u00fc\u00fcllaktaat, gl\u00fctseriin, vesi, piimhape, sidrunhape.<\/p>\n<\/div><\/details>\n\n\n\n<details class=\"wp-block-karopharma-accordion\"><summary><h2 class=\"accordion-title\">Kas Nailner tooteid v\u00f5ivad kasutada diabeetikud ja vereringeh\u00e4iretega inimesed?<\/h2><\/summary><div class=\"accordion-content\">\n<p>Kui teil on diabeet v\u00f5i vereringeh\u00e4ired, pidage n\u00f5u oma arstiga enne kui alustate Nailner ravivahendite kasutamist.<\/p>\n<\/div><\/details>\n\n\n\n<details class=\"wp-block-karopharma-accordion\"><summary><h2 class=\"accordion-title\">Kas Nailner tootedi v\u00f5ib kasutada raseduse ja rinnaga toitmise ajal?<\/h2><\/summary><div class=\"accordion-content\">\n<p>Nailner toodete kasutamist raseduse v\u00f5i rinnaga toitmise perioodil ei ole spetsiaalselt testitud. Naised, kes soovivad raseduse v\u00f5i rinnaga toitmise perioodil ravida k\u00fc\u00fcneseent, peaksid enne ravi alustamist pidama n\u00f5u oma arstiga.<\/p>\n<\/div><\/details>\n\n\n\n<details class=\"wp-block-karopharma-accordion\"><summary><h2 class=\"accordion-title\">Kas lapsed v\u00f5ivad kasutada Nailner tooteid?<\/h2><\/summary><div class=\"accordion-content\">\n<p>Nailner toodete kasutamisel puuduvad vanusepiirangud, kuid pidage siiski n\u00f5u oma arstiga, kui laps on noorem kui 16 aastane. Kuna lastel esineb k\u00fc\u00fcneseent harva, soovitame enne kasutamist pidada n\u00f5u arstiga. Kui arst kinnitab, et lapsel on k\u00fc\u00fcneseen, v\u00f5ib Nailner toodet kasutada.<\/p>\n<\/div><\/details>\n\n\n\n<details class=\"wp-block-karopharma-accordion\"><summary><h2 class=\"accordion-title\">Kas ravivahendi kasutamisel rohkem kui \u00fchel k\u00fc\u00fcnel v\u00f5ivad nakatuda teised k\u00fc\u00fcned?<\/h2><\/summary><div class=\"accordion-content\">\n<p>Nailner tooted sisaldavad koostisaineid, mis v\u00f5itlevad k\u00fc\u00fcneseene vastu, seet\u00f5ttu ei v\u00f5i seen levida ja nakatada teisi k\u00fc\u00fcni.<\/p>\n<\/div><\/details>\n\n\n\n<details class=\"wp-block-karopharma-accordion\"><summary><h2 class=\"accordion-title\">Kui kaua ma pean kasutama Nailner?<\/h2><\/summary><div class=\"accordion-content\">\n<p>Esimesed neli n\u00e4dalat ravige nakatanud (-tud) k\u00fc\u00fcnt (-si) kaks korda p\u00e4evas, hiljem \u00fcks kord p\u00e4evas, kuni kahjustunud k\u00fc\u00fcne asendub terve v\u00e4limusega k\u00fc\u00fcn. Ravi ajal kasutage Nailner toodet tervetele k\u00fc\u00fcntele prof\u00fclaktiliselt (piisab \u00fchest korrast p\u00e4evas).<\/p>\n<\/div><\/details>\n\n\n\n<details class=\"wp-block-karopharma-accordion\"><summary><h2 class=\"accordion-title\">Kui kaua kulub aega, et k\u00fc\u00fcned n\u00e4eksid v\u00e4lja j\u00e4lle terved?<\/h2><\/summary><div class=\"accordion-content\">\n<p>S\u00f5ltub sellest, millist Nailner toodet kasutatakse. Nailner 2 in 1 puhul n\u00e4ete tulemust juba 1 n\u00e4dala m\u00f6\u00f6dumisel, kuna k\u00fc\u00fcs muutub heledamaks. K\u00fc\u00fcne t\u00e4ielikuks taastumiseks peab vana k\u00fc\u00fcs v\u00e4lja kasvama ja asenduma uue terve k\u00fc\u00fcnega. Aeg, mille jooksul kasvab terve k\u00fc\u00fcs, s\u00f5ltub nakkuse raskusest, k\u00fc\u00fcne paksusest ja nakkuse levikust. Uus varbak\u00fc\u00fcs kasvab tavaliselt kuni 12 kuuga, s\u00f5rmek\u00fc\u00fcned kasvavad kiiremini.<\/p>\n<\/div><\/details>\n\n\n\n<details class=\"wp-block-karopharma-accordion\"><summary><h2 class=\"accordion-title\">Kuidas saada teada, et pliiats on t\u00fchi?<\/h2><\/summary><div class=\"accordion-content\">\n<p>Vahendi m\u00e4\u00e4rimisel k\u00fc\u00fcnele peab enne imendumist tekkima k\u00fc\u00fcnele \u00f5huke l\u00e4ikiv kiht. Samuti v\u00f5ite pliiatsit proovida paberilehel, kui paberile j\u00e4\u00e4b m\u00e4rg joon, t\u00e4hendab pliiatsis on veel vedelikku.<\/p>\n<\/div><\/details>\n\n\n\n<details class=\"wp-block-karopharma-accordion\"><summary><h2 class=\"accordion-title\">Kuidas peaks Nailner tooteid s\u00e4ilitama?<\/h2><\/summary><div class=\"accordion-content\">\n<p>Nailner tooteid peab hoidma toatemperatuuril, lastele k\u00e4ttesaamatus kohas.<\/p>\n<\/div><\/details>\n\n\n\n<details class=\"wp-block-karopharma-accordion\"><summary><h2 class=\"accordion-title\">Kas Nailner tooted sisaldavad tee\u00f5li?<\/h2><\/summary><div class=\"accordion-content\">\n<p>Nailner tooted ei sisalda tee\u00f5li.<\/p>\n<\/div><\/details>\n<\/div><\/div>\n","protected":false},"excerpt":{"rendered":"","protected":false},"author":3,"featured_media":0,"parent":0,"menu_order":0,"comment_status":"closed","ping_status":"closed","template":"","meta":{"_acf_changed":false,"footnotes":""},"from-article-database":[],"class_list":["post-40","page","type-page","status-publish","hentry"],"acf":[],"yoast_head":"<!-- This site is optimized with the Yoast SEO plugin v26.6 - https:\/\/yoast.com\/wordpress\/plugins\/seo\/ -->\n<title>KKK - Nailner<\/title>\n<meta name=\"description\" content=\"Kuidas Nailner tooted toimivad? Kas Nailner tooted on ohutud lastele kasutamiseks? Kuidas ma tean, millal Nailner k\u00fc\u00fcnepliiats on t\u00fchjaks saanud?\" \/>\n<meta name=\"robots\" content=\"index, follow, max-snippet:-1, max-image-preview:large, max-video-preview:-1\" \/>\n<link rel=\"canonical\" href=\"https:\/\/nailner.com\/ee\/kkk\/\" \/>\n<meta property=\"og:locale\" content=\"et_EE\" \/>\n<meta property=\"og:type\" content=\"article\" \/>\n<meta property=\"og:title\" content=\"KKK - Nailner\" \/>\n<meta property=\"og:description\" content=\"Kuidas Nailner tooted toimivad? Kas Nailner tooted on ohutud lastele kasutamiseks? Kuidas ma tean, millal Nailner k\u00fc\u00fcnepliiats on t\u00fchjaks saanud?\" \/>\n<meta property=\"og:url\" content=\"https:\/\/nailner.com\/ee\/kkk\/\" \/>\n<meta property=\"og:site_name\" content=\"Nailner\" \/>\n<meta property=\"article:modified_time\" content=\"2025-09-19T13:24:39+00:00\" \/>\n<meta name=\"twitter:card\" content=\"summary_large_image\" \/>\n<meta name=\"twitter:label1\" content=\"Est. reading time\" \/>\n\t<meta name=\"twitter:data1\" content=\"3 minutes\" \/>\n<script type=\"application\/ld+json\" class=\"yoast-schema-graph\">{\"@context\":\"https:\/\/schema.org\",\"@graph\":[{\"@type\":\"WebPage\",\"@id\":\"https:\/\/nailner.com\/ee\/kkk\/\",\"url\":\"https:\/\/nailner.com\/ee\/kkk\/\",\"name\":\"KKK - Nailner\",\"isPartOf\":{\"@id\":\"https:\/\/nailner.com\/ee\/#website\"},\"datePublished\":\"2022-08-25T13:05:07+00:00\",\"dateModified\":\"2025-09-19T13:24:39+00:00\",\"description\":\"Kuidas Nailner tooted toimivad? Kas Nailner tooted on ohutud lastele kasutamiseks? Kuidas ma tean, millal Nailner k\u00fc\u00fcnepliiats on t\u00fchjaks saanud?\",\"breadcrumb\":{\"@id\":\"https:\/\/nailner.com\/ee\/kkk\/#breadcrumb\"},\"inLanguage\":\"et-EE\",\"potentialAction\":[{\"@type\":\"ReadAction\",\"target\":[\"https:\/\/nailner.com\/ee\/kkk\/\"]}]},{\"@type\":\"BreadcrumbList\",\"@id\":\"https:\/\/nailner.com\/ee\/kkk\/#breadcrumb\",\"itemListElement\":[{\"@type\":\"ListItem\",\"position\":1,\"name\":\"Home\",\"item\":\"https:\/\/nailner.com\/ee\/\"},{\"@type\":\"ListItem\",\"position\":2,\"name\":\"KKK\"}]},{\"@type\":\"WebSite\",\"@id\":\"https:\/\/nailner.com\/ee\/#website\",\"url\":\"https:\/\/nailner.com\/ee\/\",\"name\":\"Nailner\",\"description\":\"\",\"publisher\":{\"@id\":\"https:\/\/nailner.com\/ee\/#organization\"},\"potentialAction\":[{\"@type\":\"SearchAction\",\"target\":{\"@type\":\"EntryPoint\",\"urlTemplate\":\"https:\/\/nailner.com\/ee\/?s={search_term_string}\"},\"query-input\":{\"@type\":\"PropertyValueSpecification\",\"valueRequired\":true,\"valueName\":\"search_term_string\"}}],\"inLanguage\":\"et-EE\"},{\"@type\":\"Organization\",\"@id\":\"https:\/\/nailner.com\/ee\/#organization\",\"name\":\"Nailner\",\"url\":\"https:\/\/nailner.com\/ee\/\",\"logo\":{\"@type\":\"ImageObject\",\"inLanguage\":\"et-EE\",\"@id\":\"https:\/\/nailner.com\/ee\/#\/schema\/logo\/image\/\",\"url\":\"https:\/\/nailner.com\/app\/uploads\/sites\/12\/2025\/04\/Nailner-logo.png\",\"contentUrl\":\"https:\/\/nailner.com\/app\/uploads\/sites\/12\/2025\/04\/Nailner-logo.png\",\"width\":134,\"height\":32,\"caption\":\"Nailner\"},\"image\":{\"@id\":\"https:\/\/nailner.com\/ee\/#\/schema\/logo\/image\/\"}}]}<\/script>\n<!-- \/ Yoast SEO plugin. -->","yoast_head_json":{"title":"KKK - Nailner","description":"Kuidas Nailner tooted toimivad? Kas Nailner tooted on ohutud lastele kasutamiseks? Kuidas ma tean, millal Nailner k\u00fc\u00fcnepliiats on t\u00fchjaks saanud?","robots":{"index":"index","follow":"follow","max-snippet":"max-snippet:-1","max-image-preview":"max-image-preview:large","max-video-preview":"max-video-preview:-1"},"canonical":"https:\/\/nailner.com\/ee\/kkk\/","og_locale":"et_EE","og_type":"article","og_title":"KKK - Nailner","og_description":"Kuidas Nailner tooted toimivad? Kas Nailner tooted on ohutud lastele kasutamiseks? Kuidas ma tean, millal Nailner k\u00fc\u00fcnepliiats on t\u00fchjaks saanud?","og_url":"https:\/\/nailner.com\/ee\/kkk\/","og_site_name":"Nailner","article_modified_time":"2025-09-19T13:24:39+00:00","twitter_card":"summary_large_image","twitter_misc":{"Est. reading time":"3 minutes"},"schema":{"@context":"https:\/\/schema.org","@graph":[{"@type":"WebPage","@id":"https:\/\/nailner.com\/ee\/kkk\/","url":"https:\/\/nailner.com\/ee\/kkk\/","name":"KKK - Nailner","isPartOf":{"@id":"https:\/\/nailner.com\/ee\/#website"},"datePublished":"2022-08-25T13:05:07+00:00","dateModified":"2025-09-19T13:24:39+00:00","description":"Kuidas Nailner tooted toimivad? Kas Nailner tooted on ohutud lastele kasutamiseks? Kuidas ma tean, millal Nailner k\u00fc\u00fcnepliiats on t\u00fchjaks saanud?","breadcrumb":{"@id":"https:\/\/nailner.com\/ee\/kkk\/#breadcrumb"},"inLanguage":"et-EE","potentialAction":[{"@type":"ReadAction","target":["https:\/\/nailner.com\/ee\/kkk\/"]}]},{"@type":"BreadcrumbList","@id":"https:\/\/nailner.com\/ee\/kkk\/#breadcrumb","itemListElement":[{"@type":"ListItem","position":1,"name":"Home","item":"https:\/\/nailner.com\/ee\/"},{"@type":"ListItem","position":2,"name":"KKK"}]},{"@type":"WebSite","@id":"https:\/\/nailner.com\/ee\/#website","url":"https:\/\/nailner.com\/ee\/","name":"Nailner","description":"","publisher":{"@id":"https:\/\/nailner.com\/ee\/#organization"},"potentialAction":[{"@type":"SearchAction","target":{"@type":"EntryPoint","urlTemplate":"https:\/\/nailner.com\/ee\/?s={search_term_string}"},"query-input":{"@type":"PropertyValueSpecification","valueRequired":true,"valueName":"search_term_string"}}],"inLanguage":"et-EE"},{"@type":"Organization","@id":"https:\/\/nailner.com\/ee\/#organization","name":"Nailner","url":"https:\/\/nailner.com\/ee\/","logo":{"@type":"ImageObject","inLanguage":"et-EE","@id":"https:\/\/nailner.com\/ee\/#\/schema\/logo\/image\/","url":"https:\/\/nailner.com\/app\/uploads\/sites\/12\/2025\/04\/Nailner-logo.png","contentUrl":"https:\/\/nailner.com\/app\/uploads\/sites\/12\/2025\/04\/Nailner-logo.png","width":134,"height":32,"caption":"Nailner"},"image":{"@id":"https:\/\/nailner.com\/ee\/#\/schema\/logo\/image\/"}}]}},"_links":{"self":[{"href":"https:\/\/nailner.com\/ee\/wp-json\/wp\/v2\/pages\/40","targetHints":{"allow":["GET"]}}],"collection":[{"href":"https:\/\/nailner.com\/ee\/wp-json\/wp\/v2\/pages"}],"about":[{"href":"https:\/\/nailner.com\/ee\/wp-json\/wp\/v2\/types\/page"}],"author":[{"embeddable":true,"href":"https:\/\/nailner.com\/ee\/wp-json\/wp\/v2\/users\/3"}],"replies":[{"embeddable":true,"href":"https:\/\/nailner.com\/ee\/wp-json\/wp\/v2\/comments?post=40"}],"version-history":[{"count":6,"href":"https:\/\/nailner.com\/ee\/wp-json\/wp\/v2\/pages\/40\/revisions"}],"predecessor-version":[{"id":367,"href":"https:\/\/nailner.com\/ee\/wp-json\/wp\/v2\/pages\/40\/revisions\/367"}],"wp:attachment":[{"href":"https:\/\/nailner.com\/ee\/wp-json\/wp\/v2\/media?parent=40"}],"wp:term":[{"taxonomy":"from-article-database","embeddable":true,"href":"https:\/\/nailner.com\/ee\/wp-json\/wp\/v2\/from-article-database?post=40"}],"curies":[{"name":"wp","href":"https:\/\/api.w.org\/{rel}","templated":true}]}}