{"id":6,"date":"2022-08-25T09:06:00","date_gmt":"2022-08-25T06:06:00","guid":{"rendered":"https:\/\/nailner.com\/ee\/?page_id=6"},"modified":"2025-09-19T16:23:27","modified_gmt":"2025-09-19T13:23:27","slug":"nailner","status":"publish","type":"page","link":"https:\/\/nailner.com\/ee\/","title":{"rendered":"Avaleht"},"content":{"rendered":"\n\n\n\n\n<div class=\"wp-block-karopharma-free-text pt-large pb-none bg-center bg-cover bg-no-repeat\" style=\"background-image:url()\"><div class=\"free-text-wrapper container max-w-medium text-left\">\n<p class=\"is-style-paragraph-preamble\">K\u00fc\u00fcneseene korral tahaks sellest probleemist v\u00f5imalikult kiiresti ja lihtsasti vabaneda ja omada j\u00e4lle terve v\u00e4limusega k\u00fc\u00fcni. Nailner k\u00fc\u00fcneseene ravivahend tungib kiiresti k\u00fc\u00fcnesse, kliiniliselt t\u00f5estatud t\u00f5hus vahend aitab k\u00fc\u00fcnt ravida ja kaitsta k\u00fc\u00fcneseene eest.<\/p>\n\n\n\n<p class=\"is-style-paragraph-preamble\">Pakume tooteid, mis parandavad k\u00fc\u00fcne v\u00e4limust juba 7 p\u00e4evaga, aitavad peita k\u00fc\u00fcneseene ja k\u00f5rvaldada koheselt k\u00fc\u00fcne v\u00e4rvimuutuse. K\u00f5ikidele, kes soovivad naturaalseid v\u00f5i v\u00e4rvilisi, tervema v\u00e4limusega k\u00fc\u00fcni v\u00f5i ravida nakkust, pakub Nailner just selleks etten\u00e4htud toodet.<\/p>\n<\/div><\/div>\n\n\n<div class=\"product-list wp-block-karopharma-product-list\" data-testid=\"product-list\">\n      <div class=\"swiper-container\">\n      <div class=\"swiper\">\n        <div class=\"swiper-wrapper\">\n                      <div class=\"swiper-slide\">\n              <div class=\"product-card\" data-testid=\"product-card\">\n  <a\n    href=https:\/\/nailner.com\/ee\/toode\/nailner-kuunepintsel-2-in-1\/\n    class=\"product-card-link\"\n    title=\"Nailner\u00a0K\u00fc\u00fcnepintsel 2 in 1\"\n  >\n  <figure class=\"product-card-image\" data-testid=\"product-image\">\n                          <img decoding=\"async\" src=\"https:\/\/nailner.com\/cdn-cgi\/image\/width=700,format=auto\/app\/uploads\/sites\/12\/2022\/08\/nailner-brush-2in1-baltics.png\"\n        srcset=\"https:\/\/nailner.com\/cdn-cgi\/image\/width=250,format=auto\/app\/uploads\/sites\/12\/2022\/08\/nailner-brush-2in1-baltics.png 250w,\n                https:\/\/nailner.com\/cdn-cgi\/image\/width=500,format=auto\/app\/uploads\/sites\/12\/2022\/08\/nailner-brush-2in1-baltics.png 500w,\n                https:\/\/nailner.com\/cdn-cgi\/image\/width=700,format=auto\/app\/uploads\/sites\/12\/2022\/08\/nailner-brush-2in1-baltics.png 700w\"\n        sizes=\"(max-width: 400px) 250px, (max-width: 800px) 500px, 700px\"\n        alt=\"Nailner K\u00fc\u00fcnepintsel 2 in 1\"\n        class=\"img\">\n            <\/figure>\n    <div class=\"product-card-content\">\n      <div class=\"heading-wrapper\">\n        <h2 class=\"heading\">Nailner\u00a0K\u00fc\u00fcnepintsel 2 in 1<\/h2>\n      <\/div>\n      <div class=\"product-card-description\">K\u00fc\u00fcnepintsel Nailner 2 IN 1 sisaldab koostisainet, mis aitab kiiresti parandada nakatunud k\u00fc\u00fcne v\u00e4limust juba 7 p\u00e4evaga.<\/div>\n                      <\/div>\n  <\/a>\n          <div class=\"button-wrapper buy-now \" data-testid=\"buy-now\">\n      <div class=\"buy-now-container dropdown-container\">\n      <div class=\"theme-button button-primary-color dropdown-link\" aria-label=\"Osta kohe\">\n          Osta kohe <i class=\"dropdown\"><\/i>\n      <\/div>\n      <ul class=\"reseller-list submenu\">\n                    <li>\n              <a\n                href=\"https:\/\/www.apotheka.ee\/nailner-2in1-kuunepintsel-seenhaiguste-raviks-5ml-pmm0137490ee\" onclick=\"dataLayer.push({'event':'ga_event', 'eventCategory':'Click on Reseller', 'eventAction':'Apotheka', 'eventLabel':'Nailner\u00a0K\u00fc\u00fcnepintsel 2 in 1', 'eventValue': undefined})\" rel=\"noopener\" target=\"_blank\" title=\"Apotheka\"\n                data-testid=\"buy-now-reseller\">\n                <i class=\"fa-solid fa-arrow-right\"><\/i> Apotheka\n              <\/a>\n          <\/li>\n                    <li>\n              <a\n                href=\"https:\/\/www.benu.ee\/tooted\/ilu-ja-nahahooldus\/kate-ja-jalahooldus\/kuune-ja-nahaseen\/nailner-2in1-kuunepintsel-seenhaigustele-5ml\" onclick=\"dataLayer.push({'event':'ga_event', 'eventCategory':'Click on Reseller', 'eventAction':'Benu', 'eventLabel':'Nailner\u00a0K\u00fc\u00fcnepintsel 2 in 1', 'eventValue': undefined})\" rel=\"noopener\" target=\"_blank\" title=\"Benu\"\n                data-testid=\"buy-now-reseller\">\n                <i class=\"fa-solid fa-arrow-right\"><\/i> Benu\n              <\/a>\n          <\/li>\n                <\/ul>\n    <\/div>\n  <\/div>\n  <\/div>\n            <\/div>\n                      <div class=\"swiper-slide\">\n              <div class=\"product-card\" data-testid=\"product-card\">\n  <a\n    href=https:\/\/nailner.com\/ee\/toode\/nailner-kuunepliiats-2-in-1\/\n    class=\"product-card-link\"\n    title=\"Nailner\u00a0K\u00fc\u00fcnepliiats 2 In 1\"\n  >\n  <figure class=\"product-card-image\" data-testid=\"product-image\">\n                          <img decoding=\"async\" src=\"https:\/\/nailner.com\/cdn-cgi\/image\/width=700,format=auto\/app\/uploads\/sites\/12\/2022\/08\/nailner-pen-2in1-baltics.png\"\n        srcset=\"https:\/\/nailner.com\/cdn-cgi\/image\/width=250,format=auto\/app\/uploads\/sites\/12\/2022\/08\/nailner-pen-2in1-baltics.png 250w,\n                https:\/\/nailner.com\/cdn-cgi\/image\/width=500,format=auto\/app\/uploads\/sites\/12\/2022\/08\/nailner-pen-2in1-baltics.png 500w,\n                https:\/\/nailner.com\/cdn-cgi\/image\/width=700,format=auto\/app\/uploads\/sites\/12\/2022\/08\/nailner-pen-2in1-baltics.png 700w\"\n        sizes=\"(max-width: 400px) 250px, (max-width: 800px) 500px, 700px\"\n        alt=\"Nailner K\u00fc\u00fcnepliiats 2 In 1\"\n        class=\"img\">\n            <\/figure>\n    <div class=\"product-card-content\">\n      <div class=\"heading-wrapper\">\n        <h2 class=\"heading\">Nailner\u00a0K\u00fc\u00fcnepliiats 2 In 1<\/h2>\n      <\/div>\n      <div class=\"product-card-description\">K\u00fc\u00fcnepliiats Nailner 2 IN 1 sisaldab koostisainet, mis aitab kiiresti parandada nakatunud k\u00fc\u00fcne v\u00e4limust ainult 7 p\u00e4evaga.<\/div>\n                      <\/div>\n  <\/a>\n          <div class=\"button-wrapper buy-now no-resellers\" data-testid=\"buy-now\">\n          <div class=\"buy-now-container dropdown-container\">\n    <a\n      class=\"theme-button button-primary-color rounded-button\"\n      href=\"https:\/\/www.benu.ee\/tooted\/ilu-ja-nahahooldus\/kate-ja-jalahooldus\/kuune-ja-nahaseen\/nailner-2in1-kuunepliiats-seenhaigustele-4ml\" onclick=\"dataLayer.push({'event':'ga_event', 'eventCategory':'Click on Reseller', 'eventAction':'Benu', 'eventLabel':'Nailner\u00a0K\u00fc\u00fcnepliiats 2 In 1', 'eventValue': undefined})\" rel=\"noopener\" target=\"_blank\" title=\"Benu\"\n      data-testid=\"buy-now-reseller\">\n      Osta kohe\n    <\/a>\n    <\/div>\n  <\/div>\n  <\/div>\n            <\/div>\n                      <div class=\"swiper-slide\">\n              <div class=\"product-card\" data-testid=\"product-card\">\n  <a\n    href=https:\/\/nailner.com\/ee\/toode\/nailner-treat-colour\/\n    class=\"product-card-link\"\n    title=\"Nailner Treat &#038; Colour\"\n  >\n  <figure class=\"product-card-image\" data-testid=\"product-image\">\n                          <img decoding=\"async\" src=\"https:\/\/nailner.com\/cdn-cgi\/image\/width=700,format=auto\/app\/uploads\/sites\/12\/2022\/10\/treat-and-colour.png\"\n        srcset=\"https:\/\/nailner.com\/cdn-cgi\/image\/width=250,format=auto\/app\/uploads\/sites\/12\/2022\/10\/treat-and-colour.png 250w,\n                https:\/\/nailner.com\/cdn-cgi\/image\/width=500,format=auto\/app\/uploads\/sites\/12\/2022\/10\/treat-and-colour.png 500w,\n                https:\/\/nailner.com\/cdn-cgi\/image\/width=700,format=auto\/app\/uploads\/sites\/12\/2022\/10\/treat-and-colour.png 700w\"\n        sizes=\"(max-width: 400px) 250px, (max-width: 800px) 500px, 700px\"\n        alt=\"Nailner Treat &#038; Colour\"\n        class=\"img\">\n            <\/figure>\n    <div class=\"product-card-content\">\n      <div class=\"heading-wrapper\">\n        <h2 class=\"heading\">Nailner Treat &#038; Colour<\/h2>\n      <\/div>\n      <div class=\"product-card-description\">Ravi + k\u00fc\u00fcnelakk<\/div>\n                      <\/div>\n  <\/a>\n      <div class=\"button-wrapper\">\n    <a\n      href=https:\/\/nailner.com\/ee\/toode\/nailner-treat-colour\/\n      target=_self\n      class=\"theme-button button-primary-color rounded-button\"\n      rel=\"noopener\"\n      title=\"Lisateave\"\n    >\n       Lisateave\n    <\/a>\n<\/div>  <\/div>\n            <\/div>\n                  <\/div>\n        <div class=\"swiper-scrollbar\"><\/div>\n      <\/div>\n    <\/div>\n  <\/div>\n","protected":false},"excerpt":{"rendered":"","protected":false},"author":3,"featured_media":0,"parent":0,"menu_order":0,"comment_status":"closed","ping_status":"closed","template":"","meta":{"_acf_changed":false,"footnotes":""},"from-article-database":[],"class_list":["post-6","page","type-page","status-publish","hentry"],"acf":[],"yoast_head":"<!-- This site is optimized with the Yoast SEO plugin v26.6 - https:\/\/yoast.com\/wordpress\/plugins\/seo\/ -->\n<title>Avaleht - Nailner<\/title>\n<meta name=\"description\" content=\"K\u00fc\u00fcnepliiats Nailner 2 IN 1 sisaldab koostisainet, mis aitab kiiresti parandada nakatunud k\u00fc\u00fcne v\u00e4limust ainult 7 p\u00e4evaga.\" \/>\n<meta name=\"robots\" content=\"index, follow, max-snippet:-1, max-image-preview:large, max-video-preview:-1\" \/>\n<link rel=\"canonical\" href=\"https:\/\/nailner.com\/ee\/\" \/>\n<meta property=\"og:locale\" content=\"et_EE\" \/>\n<meta property=\"og:type\" content=\"article\" \/>\n<meta property=\"og:title\" content=\"Avaleht - Nailner\" \/>\n<meta property=\"og:description\" content=\"K\u00fc\u00fcnepliiats Nailner 2 IN 1 sisaldab koostisainet, mis aitab kiiresti parandada nakatunud k\u00fc\u00fcne v\u00e4limust ainult 7 p\u00e4evaga.\" \/>\n<meta property=\"og:url\" content=\"https:\/\/nailner.com\/ee\/\" \/>\n<meta property=\"og:site_name\" content=\"Nailner\" \/>\n<meta property=\"article:modified_time\" content=\"2025-09-19T13:23:27+00:00\" \/>\n<meta name=\"twitter:card\" content=\"summary_large_image\" \/>\n<meta name=\"twitter:label1\" content=\"Est. reading time\" \/>\n\t<meta name=\"twitter:data1\" content=\"1 minute\" \/>\n<script type=\"application\/ld+json\" class=\"yoast-schema-graph\">{\"@context\":\"https:\/\/schema.org\",\"@graph\":[{\"@type\":\"WebPage\",\"@id\":\"https:\/\/nailner.com\/ee\/\",\"url\":\"https:\/\/nailner.com\/ee\/\",\"name\":\"Avaleht - Nailner\",\"isPartOf\":{\"@id\":\"https:\/\/nailner.com\/ee\/#website\"},\"datePublished\":\"2022-08-25T06:06:00+00:00\",\"dateModified\":\"2025-09-19T13:23:27+00:00\",\"description\":\"K\u00fc\u00fcnepliiats Nailner 2 IN 1 sisaldab koostisainet, mis aitab kiiresti parandada nakatunud k\u00fc\u00fcne v\u00e4limust ainult 7 p\u00e4evaga.\",\"breadcrumb\":{\"@id\":\"https:\/\/nailner.com\/ee\/#breadcrumb\"},\"inLanguage\":\"et-EE\",\"potentialAction\":[{\"@type\":\"ReadAction\",\"target\":[\"https:\/\/nailner.com\/ee\/\"]}]},{\"@type\":\"BreadcrumbList\",\"@id\":\"https:\/\/nailner.com\/ee\/#breadcrumb\",\"itemListElement\":[{\"@type\":\"ListItem\",\"position\":1,\"name\":\"Home\",\"item\":\"https:\/\/nailner.com\/ee\/\"},{\"@type\":\"ListItem\",\"position\":2,\"name\":\"Avaleht\"}]},{\"@type\":\"WebSite\",\"@id\":\"https:\/\/nailner.com\/ee\/#website\",\"url\":\"https:\/\/nailner.com\/ee\/\",\"name\":\"Nailner\",\"description\":\"\",\"publisher\":{\"@id\":\"https:\/\/nailner.com\/ee\/#organization\"},\"potentialAction\":[{\"@type\":\"SearchAction\",\"target\":{\"@type\":\"EntryPoint\",\"urlTemplate\":\"https:\/\/nailner.com\/ee\/?s={search_term_string}\"},\"query-input\":{\"@type\":\"PropertyValueSpecification\",\"valueRequired\":true,\"valueName\":\"search_term_string\"}}],\"inLanguage\":\"et-EE\"},{\"@type\":\"Organization\",\"@id\":\"https:\/\/nailner.com\/ee\/#organization\",\"name\":\"Nailner\",\"url\":\"https:\/\/nailner.com\/ee\/\",\"logo\":{\"@type\":\"ImageObject\",\"inLanguage\":\"et-EE\",\"@id\":\"https:\/\/nailner.com\/ee\/#\/schema\/logo\/image\/\",\"url\":\"https:\/\/nailner.com\/app\/uploads\/sites\/12\/2025\/04\/Nailner-logo.png\",\"contentUrl\":\"https:\/\/nailner.com\/app\/uploads\/sites\/12\/2025\/04\/Nailner-logo.png\",\"width\":134,\"height\":32,\"caption\":\"Nailner\"},\"image\":{\"@id\":\"https:\/\/nailner.com\/ee\/#\/schema\/logo\/image\/\"}}]}<\/script>\n<!-- \/ Yoast SEO plugin. -->","yoast_head_json":{"title":"Avaleht - Nailner","description":"K\u00fc\u00fcnepliiats Nailner 2 IN 1 sisaldab koostisainet, mis aitab kiiresti parandada nakatunud k\u00fc\u00fcne v\u00e4limust ainult 7 p\u00e4evaga.","robots":{"index":"index","follow":"follow","max-snippet":"max-snippet:-1","max-image-preview":"max-image-preview:large","max-video-preview":"max-video-preview:-1"},"canonical":"https:\/\/nailner.com\/ee\/","og_locale":"et_EE","og_type":"article","og_title":"Avaleht - Nailner","og_description":"K\u00fc\u00fcnepliiats Nailner 2 IN 1 sisaldab koostisainet, mis aitab kiiresti parandada nakatunud k\u00fc\u00fcne v\u00e4limust ainult 7 p\u00e4evaga.","og_url":"https:\/\/nailner.com\/ee\/","og_site_name":"Nailner","article_modified_time":"2025-09-19T13:23:27+00:00","twitter_card":"summary_large_image","twitter_misc":{"Est. reading time":"1 minute"},"schema":{"@context":"https:\/\/schema.org","@graph":[{"@type":"WebPage","@id":"https:\/\/nailner.com\/ee\/","url":"https:\/\/nailner.com\/ee\/","name":"Avaleht - Nailner","isPartOf":{"@id":"https:\/\/nailner.com\/ee\/#website"},"datePublished":"2022-08-25T06:06:00+00:00","dateModified":"2025-09-19T13:23:27+00:00","description":"K\u00fc\u00fcnepliiats Nailner 2 IN 1 sisaldab koostisainet, mis aitab kiiresti parandada nakatunud k\u00fc\u00fcne v\u00e4limust ainult 7 p\u00e4evaga.","breadcrumb":{"@id":"https:\/\/nailner.com\/ee\/#breadcrumb"},"inLanguage":"et-EE","potentialAction":[{"@type":"ReadAction","target":["https:\/\/nailner.com\/ee\/"]}]},{"@type":"BreadcrumbList","@id":"https:\/\/nailner.com\/ee\/#breadcrumb","itemListElement":[{"@type":"ListItem","position":1,"name":"Home","item":"https:\/\/nailner.com\/ee\/"},{"@type":"ListItem","position":2,"name":"Avaleht"}]},{"@type":"WebSite","@id":"https:\/\/nailner.com\/ee\/#website","url":"https:\/\/nailner.com\/ee\/","name":"Nailner","description":"","publisher":{"@id":"https:\/\/nailner.com\/ee\/#organization"},"potentialAction":[{"@type":"SearchAction","target":{"@type":"EntryPoint","urlTemplate":"https:\/\/nailner.com\/ee\/?s={search_term_string}"},"query-input":{"@type":"PropertyValueSpecification","valueRequired":true,"valueName":"search_term_string"}}],"inLanguage":"et-EE"},{"@type":"Organization","@id":"https:\/\/nailner.com\/ee\/#organization","name":"Nailner","url":"https:\/\/nailner.com\/ee\/","logo":{"@type":"ImageObject","inLanguage":"et-EE","@id":"https:\/\/nailner.com\/ee\/#\/schema\/logo\/image\/","url":"https:\/\/nailner.com\/app\/uploads\/sites\/12\/2025\/04\/Nailner-logo.png","contentUrl":"https:\/\/nailner.com\/app\/uploads\/sites\/12\/2025\/04\/Nailner-logo.png","width":134,"height":32,"caption":"Nailner"},"image":{"@id":"https:\/\/nailner.com\/ee\/#\/schema\/logo\/image\/"}}]}},"_links":{"self":[{"href":"https:\/\/nailner.com\/ee\/wp-json\/wp\/v2\/pages\/6","targetHints":{"allow":["GET"]}}],"collection":[{"href":"https:\/\/nailner.com\/ee\/wp-json\/wp\/v2\/pages"}],"about":[{"href":"https:\/\/nailner.com\/ee\/wp-json\/wp\/v2\/types\/page"}],"author":[{"embeddable":true,"href":"https:\/\/nailner.com\/ee\/wp-json\/wp\/v2\/users\/3"}],"replies":[{"embeddable":true,"href":"https:\/\/nailner.com\/ee\/wp-json\/wp\/v2\/comments?post=6"}],"version-history":[{"count":10,"href":"https:\/\/nailner.com\/ee\/wp-json\/wp\/v2\/pages\/6\/revisions"}],"predecessor-version":[{"id":332,"href":"https:\/\/nailner.com\/ee\/wp-json\/wp\/v2\/pages\/6\/revisions\/332"}],"wp:attachment":[{"href":"https:\/\/nailner.com\/ee\/wp-json\/wp\/v2\/media?parent=6"}],"wp:term":[{"taxonomy":"from-article-database","embeddable":true,"href":"https:\/\/nailner.com\/ee\/wp-json\/wp\/v2\/from-article-database?post=6"}],"curies":[{"name":"wp","href":"https:\/\/api.w.org\/{rel}","templated":true}]}}