{"id":75,"date":"2022-08-25T16:24:31","date_gmt":"2022-08-25T13:24:31","guid":{"rendered":"https:\/\/nailner.com\/ee\/?page_id=75"},"modified":"2025-09-19T16:23:16","modified_gmt":"2025-09-19T13:23:16","slug":"nailner-kohta","status":"publish","type":"page","link":"https:\/\/nailner.com\/ee\/nailner-kohta\/","title":{"rendered":"Nailner kohta"},"content":{"rendered":"\n<div class=\"wp-block-karopharma-background-image-with-text-v2 background-image-with-text-v2 undefined content-position-center fixed-height-layout\" datatest=\"root\"><div class=\"background-image-with-text-wrapper\"><picture class=\"background-image-with-text-image\"><source media=\"(max-width: 560px)\" srcset=\"https:\/\/nailner.com\/cdn-cgi\/image\/format=auto,width=560\/app\/uploads\/sites\/12\/2022\/08\/Hero-Image-3-scaled-1-EE.png\"\/><source media=\"(max-width: 800px)\" srcset=\"https:\/\/nailner.com\/cdn-cgi\/image\/format=auto,width=800\/app\/uploads\/sites\/12\/2022\/08\/Hero-Image-3-scaled-1-EE.png\"\/><source media=\"(max-width: 1920px)\" srcset=\"https:\/\/nailner.com\/cdn-cgi\/image\/format=auto,width=1920\/app\/uploads\/sites\/12\/2022\/08\/Hero-Image-3-scaled-1-EE.png\"\/><img decoding=\"async\" width=\"2560\" height=\"999\" datatest=\"background-image\" loading=\"lazy\" class=\"object-center object-cover\" src=\"https:\/\/nailner.com\/cdn-cgi\/image\/format=auto\/app\/uploads\/sites\/12\/2022\/08\/Hero-Image-3-scaled-1-EE.png\" alt=\"Hero-Image\"\/><\/picture><div datatest=\"content-wrapper\" class=\"background-image-with-text-content-wrapper container max-w-medium text-alignment-left  pt-large pb-large\"><div class=\"content\">\n<div class=\"wp-block-buttons is-layout-flex wp-block-buttons-is-layout-flex\"><\/div>\n<\/div><\/div><\/div><\/div>\n\n\n\n<div class=\"wp-block-karopharma-free-text undefined bg-center bg-contain bg-no-repeat  is-style-secondary\" style=\"background-image:url()\"><div class=\"free-text-wrapper container max-w-medium text-center\">\n<h1 class=\"is-style-heading-huge wp-block-heading\" id=\"about-nailner\">Nailner<\/h1>\n\n\n\n<p class=\"is-style-paragraph-preamble\">K\u00fc\u00fcneseene korral tahaks sellest probleemist v\u00f5imalikult kiiresti ja lihtsalt lahti saada ning omada taas terveid k\u00fc\u00fcni.<\/p>\n\n\n\n<p class=\"is-style-paragraph-body-text\">Nailner k\u00fc\u00fcneseene ravivahendid tungivad kiiresti k\u00fc\u00fcnesse, aga kliiniliselt t\u00f5estatud t\u00f5hus vahend aitab ravida ja kaitsta k\u00fc\u00fcni k\u00fc\u00fcneseene eest. Pakume tooteid, mis parandavad k\u00fc\u00fcne v\u00e4limust juba 7 p\u00e4evaga, aitavad peita k\u00fc\u00fcneseene ja k\u00f5rvaldada koheselt k\u00fc\u00fcne v\u00e4rvimuutuse.<\/p>\n\n\n\n<p>K\u00f5ikidele, kes soovivad naturaalseid v\u00f5i v\u00e4rvilisi, tervema v\u00e4limusega k\u00fc\u00fcni v\u00f5i ravida nakkust, pakub Nailner just selleks etten\u00e4htud toodet.<\/p>\n<\/div><\/div>\n\n\n\n<div class=\"wp-block-karopharma-accordions\"><div class=\"container\">\n<details class=\"wp-block-karopharma-accordion\"><summary><h2 class=\"accordion-title\">Kaua kestab ravi?<\/h2><\/summary><div class=\"accordion-content\">\n<p>Nakkuse raviperiood kestab tavaliselt 12 n\u00e4dalat, kuid kasvama peab veel uus k\u00fc\u00fcs, mis v\u00f5ib v\u00f5tta aega kuni 12 kuud.<\/p>\n<\/div><\/details>\n\n\n\n<details class=\"wp-block-karopharma-accordion\"><summary><h2 class=\"accordion-title\">Millal paraneb k\u00fc\u00fcne v\u00e4limus?<\/h2><\/summary><div class=\"accordion-content\">\n<p>Erinevalt paljudest teistest raviviisidest parandavad Nailneri tooted kiiresti k\u00fc\u00fcnte v\u00e4limust v\u00f5i ravivad ja maskeerivad inetuid k\u00fc\u00fcsi, et need n\u00e4eksid juba ravi ajal v\u00e4lja terved ja kaunid.<\/p>\n<\/div><\/details>\n\n\n\n<details class=\"wp-block-karopharma-accordion\"><summary><h2 class=\"accordion-title\">Kas k\u00fc\u00fcnt on tarvis enne ravi viilida?<\/h2><\/summary><div class=\"accordion-content\">\n<p>K\u00f5igi Nailner toodete kasutamine on kerge ja lihtne. Selleks kulub vaid 1-2 minutit p\u00e4evas, aga enne toote pealekandmist pole tarvis k\u00fc\u00fcnt viilida.<\/p>\n<\/div><\/details>\n\n\n\n<details class=\"wp-block-karopharma-accordion\"><summary><h2 class=\"accordion-title\">Kuidas Nailner tooted toimivad?<\/h2><\/summary><div class=\"accordion-content\">\n<p>K\u00f5ik Nailner tooted tungivad s\u00fcgavale k\u00fc\u00fcne keratiinikihti ja v\u00e4hendavad nakatanud k\u00fc\u00fcne pH taset. See loob seenele ebasoodsa keskkonna, k\u00f5rvaldab nakkuse, takistab selle levikut teistele k\u00fc\u00fcntele v\u00f5i taastumist. Nailner tooted sisaldavad ka niisutavaid komponente, mis parandavad kahjustatud k\u00fc\u00fcne seisukorda. M\u00e4\u00e4rige lahus kaasasoleva pintslikese v\u00f5i pliiatsiga k\u00fc\u00fcnele ja ongi k\u00f5ik. Enne pealekandmist pole k\u00fc\u00fcnt tarvis viilida. Kliinilistes katsetes paranesid k\u00fc\u00fcneseenest k\u00f5ik patsiendid, kes kasutasid Nailnerit iga p\u00e4ev 12 n\u00e4dala jooksul. Nailner \u00b4koostises ei ole k\u00fc\u00fcnt kahjustavaid komponente, seet\u00f5ttu v\u00f5ib seda kasutada nii k\u00fc\u00fcneseene ravi kui prof\u00fclaktika eesm\u00e4rgil.<\/p>\n<\/div><\/details>\n<\/div><\/div>\n\n\n\n<div class=\"wp-block-karopharma-free-text undefined bg-center bg-contain bg-no-repeat\" style=\"background-image:url()\"><div class=\"free-text-wrapper container max-w-medium text-left\">\n<h2 class=\"is-style-heading-h2 wp-block-heading\" id=\"nailner-treats-nail-fungus-through-two-crucial-actions\"><strong>Nailner ravib k\u00fc\u00fcneseent kahel p\u00f5hilisel viisil:<\/strong><\/h2>\n\n\n\n<h3 class=\"is-style-heading-h4 wp-block-heading\" id=\"total-saturation-of-the-nail\">K\u00fc\u00fcne k\u00fcllastamine:<\/h3>\n\n\n\n<p>Fungi sit not only on the surface of the nail, but throughout the entire nail structure. Nailer penetrates the entire nail and thus effectively eliminates any fungus present. The active ingredients thus treat both the surface and deep in the nail.<\/p>\n\n\n\n<h3 class=\"is-style-heading-h4 wp-block-heading\" id=\"total-saturation-of-the-nail\">pH taseme alandamine k\u00fc\u00fcneseene h\u00e4vitamise eesm\u00e4rgil:<\/h3>\n\n\n\n<p>On t\u00f5estatud, et k\u00fc\u00fcneseenele sobib paremini leeliseline keskkond. Seen eraldab aineid, mis l\u00f5hustavad keratiini ja tekitavad k\u00fc\u00fcne nakkusega kaasnevaid h\u00e4stin\u00e4htavaid vigastusi. Nailner koostises on piimhape, mis alandab pH taset ja loob k\u00fc\u00fcneseene eluks ebasoodsa keskkonna.<\/p>\n<\/div><\/div>\n\n\n<div class=\"product-list wp-block-karopharma-product-list\" data-testid=\"product-list\">\n      <div class=\"swiper-container\">\n      <div class=\"swiper\">\n        <div class=\"swiper-wrapper\">\n                      <div class=\"swiper-slide\">\n              <div class=\"product-card\" data-testid=\"product-card\">\n  <a\n    href=https:\/\/nailner.com\/ee\/toode\/nailner-kuunepintsel-2-in-1\/\n    class=\"product-card-link\"\n    title=\"Nailner\u00a0K\u00fc\u00fcnepintsel 2 in 1\"\n  >\n  <figure class=\"product-card-image\" data-testid=\"product-image\">\n                          <img decoding=\"async\" src=\"https:\/\/nailner.com\/cdn-cgi\/image\/width=700,format=auto\/app\/uploads\/sites\/12\/2022\/08\/nailner-brush-2in1-baltics.png\"\n        srcset=\"https:\/\/nailner.com\/cdn-cgi\/image\/width=250,format=auto\/app\/uploads\/sites\/12\/2022\/08\/nailner-brush-2in1-baltics.png 250w,\n                https:\/\/nailner.com\/cdn-cgi\/image\/width=500,format=auto\/app\/uploads\/sites\/12\/2022\/08\/nailner-brush-2in1-baltics.png 500w,\n                https:\/\/nailner.com\/cdn-cgi\/image\/width=700,format=auto\/app\/uploads\/sites\/12\/2022\/08\/nailner-brush-2in1-baltics.png 700w\"\n        sizes=\"(max-width: 400px) 250px, (max-width: 800px) 500px, 700px\"\n        alt=\"Nailner K\u00fc\u00fcnepintsel 2 in 1\"\n        class=\"img\">\n            <\/figure>\n    <div class=\"product-card-content\">\n      <div class=\"heading-wrapper\">\n        <h2 class=\"heading\">Nailner\u00a0K\u00fc\u00fcnepintsel 2 in 1<\/h2>\n      <\/div>\n      <div class=\"product-card-description\">K\u00fc\u00fcnepintsel Nailner 2 IN 1 sisaldab koostisainet, mis aitab kiiresti parandada nakatunud k\u00fc\u00fcne v\u00e4limust juba 7 p\u00e4evaga.<\/div>\n                      <\/div>\n  <\/a>\n          <div class=\"button-wrapper buy-now \" data-testid=\"buy-now\">\n      <div class=\"buy-now-container dropdown-container\">\n      <div class=\"theme-button button-primary-color dropdown-link\" aria-label=\"Osta kohe\">\n          Osta kohe <i class=\"dropdown\"><\/i>\n      <\/div>\n      <ul class=\"reseller-list submenu\">\n                    <li>\n              <a\n                href=\"https:\/\/www.apotheka.ee\/nailner-2in1-kuunepintsel-seenhaiguste-raviks-5ml-pmm0137490ee\" onclick=\"dataLayer.push({'event':'ga_event', 'eventCategory':'Click on Reseller', 'eventAction':'Apotheka', 'eventLabel':'Nailner\u00a0K\u00fc\u00fcnepintsel 2 in 1', 'eventValue': undefined})\" rel=\"noopener\" target=\"_blank\" title=\"Apotheka\"\n                data-testid=\"buy-now-reseller\">\n                <i class=\"fa-solid fa-arrow-right\"><\/i> Apotheka\n              <\/a>\n          <\/li>\n                    <li>\n              <a\n                href=\"https:\/\/www.benu.ee\/tooted\/ilu-ja-nahahooldus\/kate-ja-jalahooldus\/kuune-ja-nahaseen\/nailner-2in1-kuunepintsel-seenhaigustele-5ml\" onclick=\"dataLayer.push({'event':'ga_event', 'eventCategory':'Click on Reseller', 'eventAction':'Benu', 'eventLabel':'Nailner\u00a0K\u00fc\u00fcnepintsel 2 in 1', 'eventValue': undefined})\" rel=\"noopener\" target=\"_blank\" title=\"Benu\"\n                data-testid=\"buy-now-reseller\">\n                <i class=\"fa-solid fa-arrow-right\"><\/i> Benu\n              <\/a>\n          <\/li>\n                <\/ul>\n    <\/div>\n  <\/div>\n  <\/div>\n            <\/div>\n                      <div class=\"swiper-slide\">\n              <div class=\"product-card\" data-testid=\"product-card\">\n  <a\n    href=https:\/\/nailner.com\/ee\/toode\/nailner-kuunepliiats-2-in-1\/\n    class=\"product-card-link\"\n    title=\"Nailner\u00a0K\u00fc\u00fcnepliiats 2 In 1\"\n  >\n  <figure class=\"product-card-image\" data-testid=\"product-image\">\n                          <img decoding=\"async\" src=\"https:\/\/nailner.com\/cdn-cgi\/image\/width=700,format=auto\/app\/uploads\/sites\/12\/2022\/08\/nailner-pen-2in1-baltics.png\"\n        srcset=\"https:\/\/nailner.com\/cdn-cgi\/image\/width=250,format=auto\/app\/uploads\/sites\/12\/2022\/08\/nailner-pen-2in1-baltics.png 250w,\n                https:\/\/nailner.com\/cdn-cgi\/image\/width=500,format=auto\/app\/uploads\/sites\/12\/2022\/08\/nailner-pen-2in1-baltics.png 500w,\n                https:\/\/nailner.com\/cdn-cgi\/image\/width=700,format=auto\/app\/uploads\/sites\/12\/2022\/08\/nailner-pen-2in1-baltics.png 700w\"\n        sizes=\"(max-width: 400px) 250px, (max-width: 800px) 500px, 700px\"\n        alt=\"Nailner K\u00fc\u00fcnepliiats 2 In 1\"\n        class=\"img\">\n            <\/figure>\n    <div class=\"product-card-content\">\n      <div class=\"heading-wrapper\">\n        <h2 class=\"heading\">Nailner\u00a0K\u00fc\u00fcnepliiats 2 In 1<\/h2>\n      <\/div>\n      <div class=\"product-card-description\">K\u00fc\u00fcnepliiats Nailner 2 IN 1 sisaldab koostisainet, mis aitab kiiresti parandada nakatunud k\u00fc\u00fcne v\u00e4limust ainult 7 p\u00e4evaga.<\/div>\n                      <\/div>\n  <\/a>\n          <div class=\"button-wrapper buy-now no-resellers\" data-testid=\"buy-now\">\n          <div class=\"buy-now-container dropdown-container\">\n    <a\n      class=\"theme-button button-primary-color rounded-button\"\n      href=\"https:\/\/www.benu.ee\/tooted\/ilu-ja-nahahooldus\/kate-ja-jalahooldus\/kuune-ja-nahaseen\/nailner-2in1-kuunepliiats-seenhaigustele-4ml\" onclick=\"dataLayer.push({'event':'ga_event', 'eventCategory':'Click on Reseller', 'eventAction':'Benu', 'eventLabel':'Nailner\u00a0K\u00fc\u00fcnepliiats 2 In 1', 'eventValue': undefined})\" rel=\"noopener\" target=\"_blank\" title=\"Benu\"\n      data-testid=\"buy-now-reseller\">\n      Osta kohe\n    <\/a>\n    <\/div>\n  <\/div>\n  <\/div>\n            <\/div>\n                      <div class=\"swiper-slide\">\n              <div class=\"product-card\" data-testid=\"product-card\">\n  <a\n    href=https:\/\/nailner.com\/ee\/toode\/nailner-treat-colour\/\n    class=\"product-card-link\"\n    title=\"Nailner Treat &#038; Colour\"\n  >\n  <figure class=\"product-card-image\" data-testid=\"product-image\">\n                          <img decoding=\"async\" src=\"https:\/\/nailner.com\/cdn-cgi\/image\/width=700,format=auto\/app\/uploads\/sites\/12\/2022\/10\/treat-and-colour.png\"\n        srcset=\"https:\/\/nailner.com\/cdn-cgi\/image\/width=250,format=auto\/app\/uploads\/sites\/12\/2022\/10\/treat-and-colour.png 250w,\n                https:\/\/nailner.com\/cdn-cgi\/image\/width=500,format=auto\/app\/uploads\/sites\/12\/2022\/10\/treat-and-colour.png 500w,\n                https:\/\/nailner.com\/cdn-cgi\/image\/width=700,format=auto\/app\/uploads\/sites\/12\/2022\/10\/treat-and-colour.png 700w\"\n        sizes=\"(max-width: 400px) 250px, (max-width: 800px) 500px, 700px\"\n        alt=\"Nailner Treat &#038; Colour\"\n        class=\"img\">\n            <\/figure>\n    <div class=\"product-card-content\">\n      <div class=\"heading-wrapper\">\n        <h2 class=\"heading\">Nailner Treat &#038; Colour<\/h2>\n      <\/div>\n      <div class=\"product-card-description\">Ravi + k\u00fc\u00fcnelakk<\/div>\n                      <\/div>\n  <\/a>\n      <div class=\"button-wrapper\">\n    <a\n      href=https:\/\/nailner.com\/ee\/toode\/nailner-treat-colour\/\n      target=_self\n      class=\"theme-button button-primary-color rounded-button\"\n      rel=\"noopener\"\n      title=\"Lisateave\"\n    >\n       Lisateave\n    <\/a>\n<\/div>  <\/div>\n            <\/div>\n                  <\/div>\n        <div class=\"swiper-scrollbar\"><\/div>\n      <\/div>\n    <\/div>\n  <\/div>\n","protected":false},"excerpt":{"rendered":"","protected":false},"author":3,"featured_media":0,"parent":0,"menu_order":0,"comment_status":"closed","ping_status":"closed","template":"","meta":{"_acf_changed":false,"footnotes":""},"from-article-database":[],"class_list":["post-75","page","type-page","status-publish","hentry"],"acf":[],"yoast_head":"<!-- This site is optimized with the Yoast SEO plugin v26.6 - https:\/\/yoast.com\/wordpress\/plugins\/seo\/ -->\n<title>Nailner kohta - Nailner<\/title>\n<meta name=\"description\" content=\"Nailner tooted parandavad ka k\u00fc\u00fcne v\u00e4limust. Nii et olenemata sellest, kas soovite naturaalseid v\u00f5i lakitud k\u00fc\u00fcsi, tervemaid ja heledamaid k\u00fc\u00fcsi v\u00f5i soovite ravida nakkust, on Nailner teile sobiv toode, mida on lihtne kasutada.\" \/>\n<meta name=\"robots\" content=\"index, follow, max-snippet:-1, max-image-preview:large, max-video-preview:-1\" \/>\n<link rel=\"canonical\" href=\"https:\/\/nailner.com\/ee\/nailner-kohta\/\" \/>\n<meta property=\"og:locale\" content=\"et_EE\" \/>\n<meta property=\"og:type\" content=\"article\" \/>\n<meta property=\"og:title\" content=\"Nailner kohta - Nailner\" \/>\n<meta property=\"og:description\" content=\"Nailner tooted parandavad ka k\u00fc\u00fcne v\u00e4limust. Nii et olenemata sellest, kas soovite naturaalseid v\u00f5i lakitud k\u00fc\u00fcsi, tervemaid ja heledamaid k\u00fc\u00fcsi v\u00f5i soovite ravida nakkust, on Nailner teile sobiv toode, mida on lihtne kasutada.\" \/>\n<meta property=\"og:url\" content=\"https:\/\/nailner.com\/ee\/nailner-kohta\/\" \/>\n<meta property=\"og:site_name\" content=\"Nailner\" \/>\n<meta property=\"article:modified_time\" content=\"2025-09-19T13:23:16+00:00\" \/>\n<meta property=\"og:image\" content=\"https:\/\/nailner.com\/cdn-cgi\/image\/format=auto\/app\/uploads\/sites\/12\/2022\/08\/Hero-Image-3-scaled-1-EE.png\" \/>\n<meta name=\"twitter:card\" content=\"summary_large_image\" \/>\n<meta name=\"twitter:label1\" content=\"Est. reading time\" \/>\n\t<meta name=\"twitter:data1\" content=\"3 minutes\" \/>\n<script type=\"application\/ld+json\" class=\"yoast-schema-graph\">{\"@context\":\"https:\/\/schema.org\",\"@graph\":[{\"@type\":\"WebPage\",\"@id\":\"https:\/\/nailner.com\/ee\/nailner-kohta\/\",\"url\":\"https:\/\/nailner.com\/ee\/nailner-kohta\/\",\"name\":\"Nailner kohta - Nailner\",\"isPartOf\":{\"@id\":\"https:\/\/nailner.com\/ee\/#website\"},\"primaryImageOfPage\":{\"@id\":\"https:\/\/nailner.com\/ee\/nailner-kohta\/#primaryimage\"},\"image\":{\"@id\":\"https:\/\/nailner.com\/ee\/nailner-kohta\/#primaryimage\"},\"thumbnailUrl\":\"https:\/\/nailner.com\/cdn-cgi\/image\/format=auto\/app\/uploads\/sites\/12\/2022\/08\/Hero-Image-3-scaled-1-EE.png\",\"datePublished\":\"2022-08-25T13:24:31+00:00\",\"dateModified\":\"2025-09-19T13:23:16+00:00\",\"description\":\"Nailner tooted parandavad ka k\u00fc\u00fcne v\u00e4limust. Nii et olenemata sellest, kas soovite naturaalseid v\u00f5i lakitud k\u00fc\u00fcsi, tervemaid ja heledamaid k\u00fc\u00fcsi v\u00f5i soovite ravida nakkust, on Nailner teile sobiv toode, mida on lihtne kasutada.\",\"breadcrumb\":{\"@id\":\"https:\/\/nailner.com\/ee\/nailner-kohta\/#breadcrumb\"},\"inLanguage\":\"et-EE\",\"potentialAction\":[{\"@type\":\"ReadAction\",\"target\":[\"https:\/\/nailner.com\/ee\/nailner-kohta\/\"]}]},{\"@type\":\"ImageObject\",\"inLanguage\":\"et-EE\",\"@id\":\"https:\/\/nailner.com\/ee\/nailner-kohta\/#primaryimage\",\"url\":\"https:\/\/nailner.com\/cdn-cgi\/image\/format=auto\/app\/uploads\/sites\/12\/2022\/08\/Hero-Image-3-scaled-1-EE.png\",\"contentUrl\":\"https:\/\/nailner.com\/cdn-cgi\/image\/format=auto\/app\/uploads\/sites\/12\/2022\/08\/Hero-Image-3-scaled-1-EE.png\"},{\"@type\":\"BreadcrumbList\",\"@id\":\"https:\/\/nailner.com\/ee\/nailner-kohta\/#breadcrumb\",\"itemListElement\":[{\"@type\":\"ListItem\",\"position\":1,\"name\":\"Home\",\"item\":\"https:\/\/nailner.com\/ee\/\"},{\"@type\":\"ListItem\",\"position\":2,\"name\":\"Nailner kohta\"}]},{\"@type\":\"WebSite\",\"@id\":\"https:\/\/nailner.com\/ee\/#website\",\"url\":\"https:\/\/nailner.com\/ee\/\",\"name\":\"Nailner\",\"description\":\"\",\"publisher\":{\"@id\":\"https:\/\/nailner.com\/ee\/#organization\"},\"potentialAction\":[{\"@type\":\"SearchAction\",\"target\":{\"@type\":\"EntryPoint\",\"urlTemplate\":\"https:\/\/nailner.com\/ee\/?s={search_term_string}\"},\"query-input\":{\"@type\":\"PropertyValueSpecification\",\"valueRequired\":true,\"valueName\":\"search_term_string\"}}],\"inLanguage\":\"et-EE\"},{\"@type\":\"Organization\",\"@id\":\"https:\/\/nailner.com\/ee\/#organization\",\"name\":\"Nailner\",\"url\":\"https:\/\/nailner.com\/ee\/\",\"logo\":{\"@type\":\"ImageObject\",\"inLanguage\":\"et-EE\",\"@id\":\"https:\/\/nailner.com\/ee\/#\/schema\/logo\/image\/\",\"url\":\"https:\/\/nailner.com\/app\/uploads\/sites\/12\/2025\/04\/Nailner-logo.png\",\"contentUrl\":\"https:\/\/nailner.com\/app\/uploads\/sites\/12\/2025\/04\/Nailner-logo.png\",\"width\":134,\"height\":32,\"caption\":\"Nailner\"},\"image\":{\"@id\":\"https:\/\/nailner.com\/ee\/#\/schema\/logo\/image\/\"}}]}<\/script>\n<!-- \/ Yoast SEO plugin. -->","yoast_head_json":{"title":"Nailner kohta - Nailner","description":"Nailner tooted parandavad ka k\u00fc\u00fcne v\u00e4limust. Nii et olenemata sellest, kas soovite naturaalseid v\u00f5i lakitud k\u00fc\u00fcsi, tervemaid ja heledamaid k\u00fc\u00fcsi v\u00f5i soovite ravida nakkust, on Nailner teile sobiv toode, mida on lihtne kasutada.","robots":{"index":"index","follow":"follow","max-snippet":"max-snippet:-1","max-image-preview":"max-image-preview:large","max-video-preview":"max-video-preview:-1"},"canonical":"https:\/\/nailner.com\/ee\/nailner-kohta\/","og_locale":"et_EE","og_type":"article","og_title":"Nailner kohta - Nailner","og_description":"Nailner tooted parandavad ka k\u00fc\u00fcne v\u00e4limust. Nii et olenemata sellest, kas soovite naturaalseid v\u00f5i lakitud k\u00fc\u00fcsi, tervemaid ja heledamaid k\u00fc\u00fcsi v\u00f5i soovite ravida nakkust, on Nailner teile sobiv toode, mida on lihtne kasutada.","og_url":"https:\/\/nailner.com\/ee\/nailner-kohta\/","og_site_name":"Nailner","article_modified_time":"2025-09-19T13:23:16+00:00","og_image":[{"url":"https:\/\/nailner.com\/cdn-cgi\/image\/format=auto\/app\/uploads\/sites\/12\/2022\/08\/Hero-Image-3-scaled-1-EE.png","type":"","width":"","height":""}],"twitter_card":"summary_large_image","twitter_misc":{"Est. reading time":"3 minutes"},"schema":{"@context":"https:\/\/schema.org","@graph":[{"@type":"WebPage","@id":"https:\/\/nailner.com\/ee\/nailner-kohta\/","url":"https:\/\/nailner.com\/ee\/nailner-kohta\/","name":"Nailner kohta - Nailner","isPartOf":{"@id":"https:\/\/nailner.com\/ee\/#website"},"primaryImageOfPage":{"@id":"https:\/\/nailner.com\/ee\/nailner-kohta\/#primaryimage"},"image":{"@id":"https:\/\/nailner.com\/ee\/nailner-kohta\/#primaryimage"},"thumbnailUrl":"https:\/\/nailner.com\/cdn-cgi\/image\/format=auto\/app\/uploads\/sites\/12\/2022\/08\/Hero-Image-3-scaled-1-EE.png","datePublished":"2022-08-25T13:24:31+00:00","dateModified":"2025-09-19T13:23:16+00:00","description":"Nailner tooted parandavad ka k\u00fc\u00fcne v\u00e4limust. Nii et olenemata sellest, kas soovite naturaalseid v\u00f5i lakitud k\u00fc\u00fcsi, tervemaid ja heledamaid k\u00fc\u00fcsi v\u00f5i soovite ravida nakkust, on Nailner teile sobiv toode, mida on lihtne kasutada.","breadcrumb":{"@id":"https:\/\/nailner.com\/ee\/nailner-kohta\/#breadcrumb"},"inLanguage":"et-EE","potentialAction":[{"@type":"ReadAction","target":["https:\/\/nailner.com\/ee\/nailner-kohta\/"]}]},{"@type":"ImageObject","inLanguage":"et-EE","@id":"https:\/\/nailner.com\/ee\/nailner-kohta\/#primaryimage","url":"https:\/\/nailner.com\/cdn-cgi\/image\/format=auto\/app\/uploads\/sites\/12\/2022\/08\/Hero-Image-3-scaled-1-EE.png","contentUrl":"https:\/\/nailner.com\/cdn-cgi\/image\/format=auto\/app\/uploads\/sites\/12\/2022\/08\/Hero-Image-3-scaled-1-EE.png"},{"@type":"BreadcrumbList","@id":"https:\/\/nailner.com\/ee\/nailner-kohta\/#breadcrumb","itemListElement":[{"@type":"ListItem","position":1,"name":"Home","item":"https:\/\/nailner.com\/ee\/"},{"@type":"ListItem","position":2,"name":"Nailner kohta"}]},{"@type":"WebSite","@id":"https:\/\/nailner.com\/ee\/#website","url":"https:\/\/nailner.com\/ee\/","name":"Nailner","description":"","publisher":{"@id":"https:\/\/nailner.com\/ee\/#organization"},"potentialAction":[{"@type":"SearchAction","target":{"@type":"EntryPoint","urlTemplate":"https:\/\/nailner.com\/ee\/?s={search_term_string}"},"query-input":{"@type":"PropertyValueSpecification","valueRequired":true,"valueName":"search_term_string"}}],"inLanguage":"et-EE"},{"@type":"Organization","@id":"https:\/\/nailner.com\/ee\/#organization","name":"Nailner","url":"https:\/\/nailner.com\/ee\/","logo":{"@type":"ImageObject","inLanguage":"et-EE","@id":"https:\/\/nailner.com\/ee\/#\/schema\/logo\/image\/","url":"https:\/\/nailner.com\/app\/uploads\/sites\/12\/2025\/04\/Nailner-logo.png","contentUrl":"https:\/\/nailner.com\/app\/uploads\/sites\/12\/2025\/04\/Nailner-logo.png","width":134,"height":32,"caption":"Nailner"},"image":{"@id":"https:\/\/nailner.com\/ee\/#\/schema\/logo\/image\/"}}]}},"_links":{"self":[{"href":"https:\/\/nailner.com\/ee\/wp-json\/wp\/v2\/pages\/75","targetHints":{"allow":["GET"]}}],"collection":[{"href":"https:\/\/nailner.com\/ee\/wp-json\/wp\/v2\/pages"}],"about":[{"href":"https:\/\/nailner.com\/ee\/wp-json\/wp\/v2\/types\/page"}],"author":[{"embeddable":true,"href":"https:\/\/nailner.com\/ee\/wp-json\/wp\/v2\/users\/3"}],"replies":[{"embeddable":true,"href":"https:\/\/nailner.com\/ee\/wp-json\/wp\/v2\/comments?post=75"}],"version-history":[{"count":7,"href":"https:\/\/nailner.com\/ee\/wp-json\/wp\/v2\/pages\/75\/revisions"}],"predecessor-version":[{"id":328,"href":"https:\/\/nailner.com\/ee\/wp-json\/wp\/v2\/pages\/75\/revisions\/328"}],"wp:attachment":[{"href":"https:\/\/nailner.com\/ee\/wp-json\/wp\/v2\/media?parent=75"}],"wp:term":[{"taxonomy":"from-article-database","embeddable":true,"href":"https:\/\/nailner.com\/ee\/wp-json\/wp\/v2\/from-article-database?post=75"}],"curies":[{"name":"wp","href":"https:\/\/api.w.org\/{rel}","templated":true}]}}