{"id":286,"date":"2022-10-18T11:32:23","date_gmt":"2022-10-18T08:32:23","guid":{"rendered":"https:\/\/nailner.com\/ee\/?post_type=product&#038;p=286"},"modified":"2025-09-19T16:23:13","modified_gmt":"2025-09-19T13:23:13","slug":"nailner-treat-colour","status":"publish","type":"product","link":"https:\/\/nailner.com\/ee\/toode\/nailner-treat-colour\/","title":{"rendered":"Nailner Treat &#038; Colour"},"content":{"rendered":"\n<section class=\"wp-block-karopharma-usp is-style-secondary usp is-style-secondary\"><div class=\"usp-wrapper\">\n<section class=\"wp-block-karopharma-usp-single usp-single undefined\"><div class=\"icon\"><svg width=\"21\" height=\"16\" viewbox=\"0 0 21 16\" fill=\"none\" xmlns=\"http:\/\/www.w3.org\/2000\/svg\"><path d=\"M19.2567 0.164742L6.13095 13.2905L1.49056 8.65006C1.2709 8.4304 0.914742 8.4304 0.695039 8.65006L0.164742 9.18036C-0.0549141 9.40001 -0.0549141 9.75617 0.164742 9.97587L5.73321 15.5443C5.95287 15.764 6.30903 15.764 6.52873 15.5443L20.5825 1.4906C20.8021 1.27095 20.8021 0.914789 20.5825 0.695086L20.0521 0.164742C19.8325 -0.0549141 19.4763 -0.0549141 19.2567 0.164742Z\" fill=\"white\"><\/path><\/svg><\/div>\n<h4 class=\"has-text-align-center is-style-heading-h4 wp-block-heading\">1.<\/h4>\n\n\n\n<p class=\"has-text-align-center is-style-body-text\">Enne iga kasutamist eemaldage ravi vajavalt k\u00fc\u00fcnelt k\u00fc\u00fcnelakk.<\/p>\n<\/section>\n\n\n\n<section class=\"wp-block-karopharma-usp-single usp-single undefined\"><div class=\"icon\"><svg width=\"21\" height=\"16\" viewbox=\"0 0 21 16\" fill=\"none\" xmlns=\"http:\/\/www.w3.org\/2000\/svg\"><path d=\"M19.2567 0.164742L6.13095 13.2905L1.49056 8.65006C1.2709 8.4304 0.914742 8.4304 0.695039 8.65006L0.164742 9.18036C-0.0549141 9.40001 -0.0549141 9.75617 0.164742 9.97587L5.73321 15.5443C5.95287 15.764 6.30903 15.764 6.52873 15.5443L20.5825 1.4906C20.8021 1.27095 20.8021 0.914789 20.5825 0.695086L20.0521 0.164742C19.8325 -0.0549141 19.4763 -0.0549141 19.2567 0.164742Z\" fill=\"white\"><\/path><\/svg><\/div>\n<h4 class=\"has-text-align-center is-style-heading-h4 wp-block-heading\">2.<\/h4>\n\n\n\n<p class=\"has-text-align-center is-style-body-text\">M\u00e4\u00e4rige Nailner Brush (l\u00e4bipaistev vedelik) kogu kahjustatud k\u00fc\u00fcne pinnale, sealhulgas k\u00fc\u00fcneserva alla.<\/p>\n<\/section>\n\n\n\n<section class=\"wp-block-karopharma-usp-single usp-single undefined\"><div class=\"icon\"><svg width=\"21\" height=\"16\" viewbox=\"0 0 21 16\" fill=\"none\" xmlns=\"http:\/\/www.w3.org\/2000\/svg\"><path d=\"M19.2567 0.164742L6.13095 13.2905L1.49056 8.65006C1.2709 8.4304 0.914742 8.4304 0.695039 8.65006L0.164742 9.18036C-0.0549141 9.40001 -0.0549141 9.75617 0.164742 9.97587L5.73321 15.5443C5.95287 15.764 6.30903 15.764 6.52873 15.5443L20.5825 1.4906C20.8021 1.27095 20.8021 0.914789 20.5825 0.695086L20.0521 0.164742C19.8325 -0.0549141 19.4763 -0.0549141 19.2567 0.164742Z\" fill=\"white\"><\/path><\/svg><\/div>\n<h4 class=\"has-text-align-center is-style-heading-h4 wp-block-heading\">3.<\/h4>\n\n\n\n<p class=\"has-text-align-center is-style-body-text\">Laske lahusel 1-2 minutit kuivada.<\/p>\n<\/section>\n\n\n\n<section class=\"wp-block-karopharma-usp-single usp-single undefined\"><div class=\"icon\"><svg width=\"21\" height=\"16\" viewbox=\"0 0 21 16\" fill=\"none\" xmlns=\"http:\/\/www.w3.org\/2000\/svg\"><path d=\"M19.2567 0.164742L6.13095 13.2905L1.49056 8.65006C1.2709 8.4304 0.914742 8.4304 0.695039 8.65006L0.164742 9.18036C-0.0549141 9.40001 -0.0549141 9.75617 0.164742 9.97587L5.73321 15.5443C5.95287 15.764 6.30903 15.764 6.52873 15.5443L20.5825 1.4906C20.8021 1.27095 20.8021 0.914789 20.5825 0.695086L20.0521 0.164742C19.8325 -0.0549141 19.4763 -0.0549141 19.2567 0.164742Z\" fill=\"white\"><\/path><\/svg><\/div>\n<h4 class=\"has-text-align-center is-style-heading-h4 wp-block-heading\">4.<\/h4>\n\n\n\n<p class=\"has-text-align-center is-style-body-text\">Lakkige k\u00fc\u00fcned Nailner \u00f5hku l\u00e4bilaskva k\u00fc\u00fcnelakiga ja laske kuivada (umbes 2-3 minutit). N\u00fc\u00fcd v\u00f5ib lakkida k\u00f5ik k\u00fc\u00fcned.<\/p>\n<\/section>\n<\/div><\/section>\n\n\n\n<div class=\"wp-block-karopharma-free-text pt-small pb-large bg-center bg-cover bg-no-repeat  is-style-secondary\" style=\"background-image:url()\"><div class=\"free-text-wrapper container max-w-medium text-center\">\n<p>Enne j\u00e4rgmist m\u00e4\u00e4rimist eemaldage ravi vajavatelt k\u00fc\u00fcntelt lakk lakipuhastusvahendiga (parim on atsetoonivaba) ja korrake eelpool kirjeldatud protseduuri. Terved k\u00fc\u00fcned v\u00f5ivad j\u00e4\u00e4da lakitud (k\u00fc\u00fcned soovitatakse puhastada ja lasta neil hingata iga 2 n\u00e4dala j\u00e4rel).<\/p>\n<\/div><\/div>\n","protected":false},"excerpt":{"rendered":"<p>Ravi + k\u00fc\u00fcnelakk<\/p>\n","protected":false},"featured_media":302,"comment_status":"closed","ping_status":"closed","template":"","meta":{"_acf_changed":false,"footnotes":""},"product_brand":[],"product_cat":[],"product_tag":[],"class_list":{"0":"post-286","1":"product","2":"type-product","3":"status-publish","4":"has-post-thumbnail","7":"first","8":"instock","9":"shipping-taxable","10":"product-type-simple"},"acf":[],"yoast_head":"<!-- This site is optimized with the Yoast SEO plugin v26.6 - https:\/\/yoast.com\/wordpress\/plugins\/seo\/ -->\n<title>Nailner Treat &amp; Colour - Nailner<\/title>\n<meta name=\"description\" content=\"\u00d5hku l\u00e4bilaskev k\u00fc\u00fcnelakk ei takista k\u00fc\u00fcne paranemist, aga Treat &amp; Color v\u00f5ib kasutada k\u00f5ikidel k\u00fc\u00fcntel - nii kahjustatud kuid tervetel.\" \/>\n<meta name=\"robots\" content=\"index, follow, max-snippet:-1, max-image-preview:large, max-video-preview:-1\" \/>\n<link rel=\"canonical\" href=\"https:\/\/nailner.com\/ee\/toode\/nailner-treat-colour\/\" \/>\n<meta property=\"og:locale\" content=\"et_EE\" \/>\n<meta property=\"og:type\" content=\"article\" \/>\n<meta property=\"og:title\" content=\"Nailner Treat &amp; Colour - Nailner\" \/>\n<meta property=\"og:description\" content=\"\u00d5hku l\u00e4bilaskev k\u00fc\u00fcnelakk ei takista k\u00fc\u00fcne paranemist, aga Treat &amp; Color v\u00f5ib kasutada k\u00f5ikidel k\u00fc\u00fcntel - nii kahjustatud kuid tervetel.\" \/>\n<meta property=\"og:url\" content=\"https:\/\/nailner.com\/ee\/toode\/nailner-treat-colour\/\" \/>\n<meta property=\"og:site_name\" content=\"Nailner\" \/>\n<meta property=\"article:modified_time\" content=\"2025-09-19T13:23:13+00:00\" \/>\n<meta property=\"og:image\" content=\"https:\/\/nailner.com\/app\/uploads\/sites\/12\/2022\/10\/treat-and-colour.png\" \/>\n\t<meta property=\"og:image:width\" content=\"600\" \/>\n\t<meta property=\"og:image:height\" content=\"600\" \/>\n\t<meta property=\"og:image:type\" content=\"image\/png\" \/>\n<meta name=\"twitter:card\" content=\"summary_large_image\" \/>\n<meta name=\"twitter:label1\" content=\"Est. reading time\" \/>\n\t<meta name=\"twitter:data1\" content=\"1 minute\" \/>\n<script type=\"application\/ld+json\" class=\"yoast-schema-graph\">{\"@context\":\"https:\/\/schema.org\",\"@graph\":[{\"@type\":\"WebPage\",\"@id\":\"https:\/\/nailner.com\/ee\/toode\/nailner-treat-colour\/\",\"url\":\"https:\/\/nailner.com\/ee\/toode\/nailner-treat-colour\/\",\"name\":\"Nailner Treat & Colour - Nailner\",\"isPartOf\":{\"@id\":\"https:\/\/nailner.com\/ee\/#website\"},\"primaryImageOfPage\":{\"@id\":\"https:\/\/nailner.com\/ee\/toode\/nailner-treat-colour\/#primaryimage\"},\"image\":{\"@id\":\"https:\/\/nailner.com\/ee\/toode\/nailner-treat-colour\/#primaryimage\"},\"thumbnailUrl\":\"https:\/\/nailner.com\/app\/uploads\/sites\/12\/2022\/10\/treat-and-colour.png\",\"datePublished\":\"2022-10-18T08:32:23+00:00\",\"dateModified\":\"2025-09-19T13:23:13+00:00\",\"description\":\"\u00d5hku l\u00e4bilaskev k\u00fc\u00fcnelakk ei takista k\u00fc\u00fcne paranemist, aga Treat & Color v\u00f5ib kasutada k\u00f5ikidel k\u00fc\u00fcntel - nii kahjustatud kuid tervetel.\",\"breadcrumb\":{\"@id\":\"https:\/\/nailner.com\/ee\/toode\/nailner-treat-colour\/#breadcrumb\"},\"inLanguage\":\"et-EE\",\"potentialAction\":[{\"@type\":\"ReadAction\",\"target\":[\"https:\/\/nailner.com\/ee\/toode\/nailner-treat-colour\/\"]}]},{\"@type\":\"ImageObject\",\"inLanguage\":\"et-EE\",\"@id\":\"https:\/\/nailner.com\/ee\/toode\/nailner-treat-colour\/#primaryimage\",\"url\":\"https:\/\/nailner.com\/app\/uploads\/sites\/12\/2022\/10\/treat-and-colour.png\",\"contentUrl\":\"https:\/\/nailner.com\/app\/uploads\/sites\/12\/2022\/10\/treat-and-colour.png\",\"width\":600,\"height\":600,\"caption\":\"Nailner Treat & Colour\"},{\"@type\":\"BreadcrumbList\",\"@id\":\"https:\/\/nailner.com\/ee\/toode\/nailner-treat-colour\/#breadcrumb\",\"itemListElement\":[{\"@type\":\"ListItem\",\"position\":1,\"name\":\"Home\",\"item\":\"https:\/\/nailner.com\/ee\/\"},{\"@type\":\"ListItem\",\"position\":2,\"name\":\"Tooted\",\"item\":\"https:\/\/nailner.com\/ee\/tooted\/\"},{\"@type\":\"ListItem\",\"position\":3,\"name\":\"Nailner Treat &#038; Colour\"}]},{\"@type\":\"WebSite\",\"@id\":\"https:\/\/nailner.com\/ee\/#website\",\"url\":\"https:\/\/nailner.com\/ee\/\",\"name\":\"Nailner\",\"description\":\"\",\"publisher\":{\"@id\":\"https:\/\/nailner.com\/ee\/#organization\"},\"potentialAction\":[{\"@type\":\"SearchAction\",\"target\":{\"@type\":\"EntryPoint\",\"urlTemplate\":\"https:\/\/nailner.com\/ee\/?s={search_term_string}\"},\"query-input\":{\"@type\":\"PropertyValueSpecification\",\"valueRequired\":true,\"valueName\":\"search_term_string\"}}],\"inLanguage\":\"et-EE\"},{\"@type\":\"Organization\",\"@id\":\"https:\/\/nailner.com\/ee\/#organization\",\"name\":\"Nailner\",\"url\":\"https:\/\/nailner.com\/ee\/\",\"logo\":{\"@type\":\"ImageObject\",\"inLanguage\":\"et-EE\",\"@id\":\"https:\/\/nailner.com\/ee\/#\/schema\/logo\/image\/\",\"url\":\"https:\/\/nailner.com\/app\/uploads\/sites\/12\/2025\/04\/Nailner-logo.png\",\"contentUrl\":\"https:\/\/nailner.com\/app\/uploads\/sites\/12\/2025\/04\/Nailner-logo.png\",\"width\":134,\"height\":32,\"caption\":\"Nailner\"},\"image\":{\"@id\":\"https:\/\/nailner.com\/ee\/#\/schema\/logo\/image\/\"}}]}<\/script>\n<!-- \/ Yoast SEO plugin. -->","yoast_head_json":{"title":"Nailner Treat & Colour - Nailner","description":"\u00d5hku l\u00e4bilaskev k\u00fc\u00fcnelakk ei takista k\u00fc\u00fcne paranemist, aga Treat & Color v\u00f5ib kasutada k\u00f5ikidel k\u00fc\u00fcntel - nii kahjustatud kuid tervetel.","robots":{"index":"index","follow":"follow","max-snippet":"max-snippet:-1","max-image-preview":"max-image-preview:large","max-video-preview":"max-video-preview:-1"},"canonical":"https:\/\/nailner.com\/ee\/toode\/nailner-treat-colour\/","og_locale":"et_EE","og_type":"article","og_title":"Nailner Treat & Colour - Nailner","og_description":"\u00d5hku l\u00e4bilaskev k\u00fc\u00fcnelakk ei takista k\u00fc\u00fcne paranemist, aga Treat & Color v\u00f5ib kasutada k\u00f5ikidel k\u00fc\u00fcntel - nii kahjustatud kuid tervetel.","og_url":"https:\/\/nailner.com\/ee\/toode\/nailner-treat-colour\/","og_site_name":"Nailner","article_modified_time":"2025-09-19T13:23:13+00:00","og_image":[{"width":600,"height":600,"url":"https:\/\/nailner.com\/app\/uploads\/sites\/12\/2022\/10\/treat-and-colour.png","type":"image\/png"}],"twitter_card":"summary_large_image","twitter_misc":{"Est. reading time":"1 minute"},"schema":{"@context":"https:\/\/schema.org","@graph":[{"@type":"WebPage","@id":"https:\/\/nailner.com\/ee\/toode\/nailner-treat-colour\/","url":"https:\/\/nailner.com\/ee\/toode\/nailner-treat-colour\/","name":"Nailner Treat & Colour - Nailner","isPartOf":{"@id":"https:\/\/nailner.com\/ee\/#website"},"primaryImageOfPage":{"@id":"https:\/\/nailner.com\/ee\/toode\/nailner-treat-colour\/#primaryimage"},"image":{"@id":"https:\/\/nailner.com\/ee\/toode\/nailner-treat-colour\/#primaryimage"},"thumbnailUrl":"https:\/\/nailner.com\/app\/uploads\/sites\/12\/2022\/10\/treat-and-colour.png","datePublished":"2022-10-18T08:32:23+00:00","dateModified":"2025-09-19T13:23:13+00:00","description":"\u00d5hku l\u00e4bilaskev k\u00fc\u00fcnelakk ei takista k\u00fc\u00fcne paranemist, aga Treat & Color v\u00f5ib kasutada k\u00f5ikidel k\u00fc\u00fcntel - nii kahjustatud kuid tervetel.","breadcrumb":{"@id":"https:\/\/nailner.com\/ee\/toode\/nailner-treat-colour\/#breadcrumb"},"inLanguage":"et-EE","potentialAction":[{"@type":"ReadAction","target":["https:\/\/nailner.com\/ee\/toode\/nailner-treat-colour\/"]}]},{"@type":"ImageObject","inLanguage":"et-EE","@id":"https:\/\/nailner.com\/ee\/toode\/nailner-treat-colour\/#primaryimage","url":"https:\/\/nailner.com\/app\/uploads\/sites\/12\/2022\/10\/treat-and-colour.png","contentUrl":"https:\/\/nailner.com\/app\/uploads\/sites\/12\/2022\/10\/treat-and-colour.png","width":600,"height":600,"caption":"Nailner Treat & Colour"},{"@type":"BreadcrumbList","@id":"https:\/\/nailner.com\/ee\/toode\/nailner-treat-colour\/#breadcrumb","itemListElement":[{"@type":"ListItem","position":1,"name":"Home","item":"https:\/\/nailner.com\/ee\/"},{"@type":"ListItem","position":2,"name":"Tooted","item":"https:\/\/nailner.com\/ee\/tooted\/"},{"@type":"ListItem","position":3,"name":"Nailner Treat &#038; Colour"}]},{"@type":"WebSite","@id":"https:\/\/nailner.com\/ee\/#website","url":"https:\/\/nailner.com\/ee\/","name":"Nailner","description":"","publisher":{"@id":"https:\/\/nailner.com\/ee\/#organization"},"potentialAction":[{"@type":"SearchAction","target":{"@type":"EntryPoint","urlTemplate":"https:\/\/nailner.com\/ee\/?s={search_term_string}"},"query-input":{"@type":"PropertyValueSpecification","valueRequired":true,"valueName":"search_term_string"}}],"inLanguage":"et-EE"},{"@type":"Organization","@id":"https:\/\/nailner.com\/ee\/#organization","name":"Nailner","url":"https:\/\/nailner.com\/ee\/","logo":{"@type":"ImageObject","inLanguage":"et-EE","@id":"https:\/\/nailner.com\/ee\/#\/schema\/logo\/image\/","url":"https:\/\/nailner.com\/app\/uploads\/sites\/12\/2025\/04\/Nailner-logo.png","contentUrl":"https:\/\/nailner.com\/app\/uploads\/sites\/12\/2025\/04\/Nailner-logo.png","width":134,"height":32,"caption":"Nailner"},"image":{"@id":"https:\/\/nailner.com\/ee\/#\/schema\/logo\/image\/"}}]}},"_links":{"self":[{"href":"https:\/\/nailner.com\/ee\/wp-json\/wp\/v2\/product\/286","targetHints":{"allow":["GET"]}}],"collection":[{"href":"https:\/\/nailner.com\/ee\/wp-json\/wp\/v2\/product"}],"about":[{"href":"https:\/\/nailner.com\/ee\/wp-json\/wp\/v2\/types\/product"}],"replies":[{"embeddable":true,"href":"https:\/\/nailner.com\/ee\/wp-json\/wp\/v2\/comments?post=286"}],"version-history":[{"count":10,"href":"https:\/\/nailner.com\/ee\/wp-json\/wp\/v2\/product\/286\/revisions"}],"predecessor-version":[{"id":309,"href":"https:\/\/nailner.com\/ee\/wp-json\/wp\/v2\/product\/286\/revisions\/309"}],"wp:featuredmedia":[{"embeddable":true,"href":"https:\/\/nailner.com\/ee\/wp-json\/wp\/v2\/media\/302"}],"wp:attachment":[{"href":"https:\/\/nailner.com\/ee\/wp-json\/wp\/v2\/media?parent=286"}],"wp:term":[{"taxonomy":"product_brand","embeddable":true,"href":"https:\/\/nailner.com\/ee\/wp-json\/wp\/v2\/product_brand?post=286"},{"taxonomy":"product_cat","embeddable":true,"href":"https:\/\/nailner.com\/ee\/wp-json\/wp\/v2\/product_cat?post=286"},{"taxonomy":"product_tag","embeddable":true,"href":"https:\/\/nailner.com\/ee\/wp-json\/wp\/v2\/product_tag?post=286"}],"curies":[{"name":"wp","href":"https:\/\/api.w.org\/{rel}","templated":true}]}}