{"id":68,"date":"2022-08-25T16:20:40","date_gmt":"2022-08-25T13:20:40","guid":{"rendered":"https:\/\/nailner.com\/ee\/?post_type=product&#038;p=68"},"modified":"2025-09-19T16:23:17","modified_gmt":"2025-09-19T13:23:17","slug":"nailner-kuunepintsel-2-in-1","status":"publish","type":"product","link":"https:\/\/nailner.com\/ee\/toode\/nailner-kuunepintsel-2-in-1\/","title":{"rendered":"Nailner\u00a0K\u00fc\u00fcnepintsel 2 in 1"},"content":{"rendered":"\n<section class=\"wp-block-karopharma-usp is-style-secondary usp is-style-secondary\"><div class=\"usp-wrapper\">\n<section class=\"wp-block-karopharma-usp-single usp-single undefined\"><div class=\"icon\"><svg width=\"21\" height=\"16\" viewbox=\"0 0 21 16\" fill=\"none\" xmlns=\"http:\/\/www.w3.org\/2000\/svg\"><path d=\"M19.2567 0.164742L6.13095 13.2905L1.49056 8.65006C1.2709 8.4304 0.914742 8.4304 0.695039 8.65006L0.164742 9.18036C-0.0549141 9.40001 -0.0549141 9.75617 0.164742 9.97587L5.73321 15.5443C5.95287 15.764 6.30903 15.764 6.52873 15.5443L20.5825 1.4906C20.8021 1.27095 20.8021 0.914789 20.5825 0.695086L20.0521 0.164742C19.8325 -0.0549141 19.4763 -0.0549141 19.2567 0.164742Z\" fill=\"white\"><\/path><\/svg><\/div>\n<h4 class=\"has-text-align-center is-style-heading-h4 wp-block-heading\">1<\/h4>\n\n\n\n<p class=\"has-text-align-center is-style-body-text\">Enne igakordset kasutamist puhastage k\u00fc\u00fcs ja eemaldage k\u00fc\u00fcnelakk. K\u00fc\u00fcnt ei ole vaja eelnevalt viilida. Esimesel neljal kasutusn\u00e4dalal kandke lahust peale kaks korda p\u00e4evas.<\/p>\n<\/section>\n\n\n\n<section class=\"wp-block-karopharma-usp-single usp-single undefined\"><div class=\"icon\"><svg width=\"21\" height=\"16\" viewbox=\"0 0 21 16\" fill=\"none\" xmlns=\"http:\/\/www.w3.org\/2000\/svg\"><path d=\"M19.2567 0.164742L6.13095 13.2905L1.49056 8.65006C1.2709 8.4304 0.914742 8.4304 0.695039 8.65006L0.164742 9.18036C-0.0549141 9.40001 -0.0549141 9.75617 0.164742 9.97587L5.73321 15.5443C5.95287 15.764 6.30903 15.764 6.52873 15.5443L20.5825 1.4906C20.8021 1.27095 20.8021 0.914789 20.5825 0.695086L20.0521 0.164742C19.8325 -0.0549141 19.4763 -0.0549141 19.2567 0.164742Z\" fill=\"white\"><\/path><\/svg><\/div>\n<h4 class=\"has-text-align-center is-style-heading-h4 wp-block-heading\">2<\/h4>\n\n\n\n<p class=\"has-text-align-center is-style-body-text\">P\u00e4rast seda kasutage lahust \u00fcks kord p\u00e4evas, kuni kahjustatud k\u00fc\u00fcne asemele on tekkinud terve k\u00fc\u00fcs. Lahust tuleb kanda kogu k\u00fc\u00fcne pinnale, kaasa arvatud k\u00fc\u00fcne esiserva alla.<\/p>\n<\/section>\n\n\n\n<section class=\"wp-block-karopharma-usp-single usp-single undefined\"><div class=\"icon\"><svg width=\"21\" height=\"16\" viewbox=\"0 0 21 16\" fill=\"none\" xmlns=\"http:\/\/www.w3.org\/2000\/svg\"><path d=\"M19.2567 0.164742L6.13095 13.2905L1.49056 8.65006C1.2709 8.4304 0.914742 8.4304 0.695039 8.65006L0.164742 9.18036C-0.0549141 9.40001 -0.0549141 9.75617 0.164742 9.97587L5.73321 15.5443C5.95287 15.764 6.30903 15.764 6.52873 15.5443L20.5825 1.4906C20.8021 1.27095 20.8021 0.914789 20.5825 0.695086L20.0521 0.164742C19.8325 -0.0549141 19.4763 -0.0549141 19.2567 0.164742Z\" fill=\"white\"><\/path><\/svg><\/div>\n<h4 class=\"has-text-align-center is-style-heading-h4 wp-block-heading\">3<\/h4>\n\n\n\n<p class=\"has-text-align-center is-style-body-text\">P\u00e4rast igat kasutuskorda sulgege pudel tihedalt. K\u00fc\u00fcnepintselt Nailner 2 IN 1 sisaldab piisavalt lahust ligikaudu 300 kasutuskorraks.<\/p>\n<\/section>\n\n\n\n<section class=\"wp-block-karopharma-usp-single usp-single undefined\"><div class=\"icon\"><svg width=\"21\" height=\"16\" viewbox=\"0 0 21 16\" fill=\"none\" xmlns=\"http:\/\/www.w3.org\/2000\/svg\"><path d=\"M19.2567 0.164742L6.13095 13.2905L1.49056 8.65006C1.2709 8.4304 0.914742 8.4304 0.695039 8.65006L0.164742 9.18036C-0.0549141 9.40001 -0.0549141 9.75617 0.164742 9.97587L5.73321 15.5443C5.95287 15.764 6.30903 15.764 6.52873 15.5443L20.5825 1.4906C20.8021 1.27095 20.8021 0.914789 20.5825 0.695086L20.0521 0.164742C19.8325 -0.0549141 19.4763 -0.0549141 19.2567 0.164742Z\" fill=\"white\"><\/path><\/svg><\/div>\n<h4 class=\"has-text-align-center is-style-heading-h4 wp-block-heading\">4<\/h4>\n\n\n\n<p class=\"has-text-align-center is-style-body-text\">Toode sisaldab heledamaks muutvat koostisainet, mis aitab kiiresti parandada k\u00fc\u00fcne v\u00e4limust.<\/p>\n<\/section>\n<\/div><\/section>\n","protected":false},"excerpt":{"rendered":"<p>K\u00fc\u00fcnepintsel Nailner 2 IN 1 sisaldab koostisainet, mis aitab kiiresti parandada nakatunud k\u00fc\u00fcne v\u00e4limust juba 7 p\u00e4evaga.<\/p>\n","protected":false},"featured_media":321,"comment_status":"closed","ping_status":"closed","template":"","meta":{"_acf_changed":false,"footnotes":""},"product_brand":[],"product_cat":[16],"product_tag":[],"class_list":{"0":"post-68","1":"product","2":"type-product","3":"status-publish","4":"has-post-thumbnail","6":"product_cat-uncategorized","8":"first","9":"instock","10":"shipping-taxable","11":"product-type-simple"},"acf":[],"yoast_head":"<!-- This site is optimized with the Yoast SEO plugin v26.6 - https:\/\/yoast.com\/wordpress\/plugins\/seo\/ -->\n<title>Nailner\u00a0K\u00fc\u00fcnepintsel 2 in 1 - Nailner<\/title>\n<meta name=\"description\" content=\"Pole vaja viilida\u00a0- koostises on niisutavad komponendid, et hoolitseda ja parandada kahjustunud k\u00fc\u00fcne v\u00e4limust.\" \/>\n<meta name=\"robots\" content=\"index, follow, max-snippet:-1, max-image-preview:large, max-video-preview:-1\" \/>\n<link rel=\"canonical\" href=\"https:\/\/nailner.com\/ee\/toode\/nailner-kuunepintsel-2-in-1\/\" \/>\n<meta property=\"og:locale\" content=\"et_EE\" \/>\n<meta property=\"og:type\" content=\"article\" \/>\n<meta property=\"og:title\" content=\"Nailner\u00a0K\u00fc\u00fcnepintsel 2 in 1 - Nailner\" \/>\n<meta property=\"og:description\" content=\"Pole vaja viilida\u00a0- koostises on niisutavad komponendid, et hoolitseda ja parandada kahjustunud k\u00fc\u00fcne v\u00e4limust.\" \/>\n<meta property=\"og:url\" content=\"https:\/\/nailner.com\/ee\/toode\/nailner-kuunepintsel-2-in-1\/\" \/>\n<meta property=\"og:site_name\" content=\"Nailner\" \/>\n<meta property=\"article:modified_time\" content=\"2025-09-19T13:23:17+00:00\" \/>\n<meta property=\"og:image\" content=\"https:\/\/nailner.com\/app\/uploads\/sites\/12\/2022\/08\/nailner-brush-2in1-baltics.png\" \/>\n\t<meta property=\"og:image:width\" content=\"600\" \/>\n\t<meta property=\"og:image:height\" content=\"600\" \/>\n\t<meta property=\"og:image:type\" content=\"image\/png\" \/>\n<meta name=\"twitter:card\" content=\"summary_large_image\" \/>\n<meta name=\"twitter:label1\" content=\"Est. reading time\" \/>\n\t<meta name=\"twitter:data1\" content=\"1 minute\" \/>\n<script type=\"application\/ld+json\" class=\"yoast-schema-graph\">{\"@context\":\"https:\/\/schema.org\",\"@graph\":[{\"@type\":\"WebPage\",\"@id\":\"https:\/\/nailner.com\/ee\/toode\/nailner-kuunepintsel-2-in-1\/\",\"url\":\"https:\/\/nailner.com\/ee\/toode\/nailner-kuunepintsel-2-in-1\/\",\"name\":\"Nailner\u00a0K\u00fc\u00fcnepintsel 2 in 1 - Nailner\",\"isPartOf\":{\"@id\":\"https:\/\/nailner.com\/ee\/#website\"},\"primaryImageOfPage\":{\"@id\":\"https:\/\/nailner.com\/ee\/toode\/nailner-kuunepintsel-2-in-1\/#primaryimage\"},\"image\":{\"@id\":\"https:\/\/nailner.com\/ee\/toode\/nailner-kuunepintsel-2-in-1\/#primaryimage\"},\"thumbnailUrl\":\"https:\/\/nailner.com\/app\/uploads\/sites\/12\/2022\/08\/nailner-brush-2in1-baltics.png\",\"datePublished\":\"2022-08-25T13:20:40+00:00\",\"dateModified\":\"2025-09-19T13:23:17+00:00\",\"description\":\"Pole vaja viilida\u00a0- koostises on niisutavad komponendid, et hoolitseda ja parandada kahjustunud k\u00fc\u00fcne v\u00e4limust.\",\"breadcrumb\":{\"@id\":\"https:\/\/nailner.com\/ee\/toode\/nailner-kuunepintsel-2-in-1\/#breadcrumb\"},\"inLanguage\":\"et-EE\",\"potentialAction\":[{\"@type\":\"ReadAction\",\"target\":[\"https:\/\/nailner.com\/ee\/toode\/nailner-kuunepintsel-2-in-1\/\"]}]},{\"@type\":\"ImageObject\",\"inLanguage\":\"et-EE\",\"@id\":\"https:\/\/nailner.com\/ee\/toode\/nailner-kuunepintsel-2-in-1\/#primaryimage\",\"url\":\"https:\/\/nailner.com\/app\/uploads\/sites\/12\/2022\/08\/nailner-brush-2in1-baltics.png\",\"contentUrl\":\"https:\/\/nailner.com\/app\/uploads\/sites\/12\/2022\/08\/nailner-brush-2in1-baltics.png\",\"width\":600,\"height\":600,\"caption\":\"Nailner K\u00fc\u00fcnepintsel 2 in 1\"},{\"@type\":\"BreadcrumbList\",\"@id\":\"https:\/\/nailner.com\/ee\/toode\/nailner-kuunepintsel-2-in-1\/#breadcrumb\",\"itemListElement\":[{\"@type\":\"ListItem\",\"position\":1,\"name\":\"Home\",\"item\":\"https:\/\/nailner.com\/ee\/\"},{\"@type\":\"ListItem\",\"position\":2,\"name\":\"Tooted\",\"item\":\"https:\/\/nailner.com\/ee\/tooted\/\"},{\"@type\":\"ListItem\",\"position\":3,\"name\":\"Nailner\u00a0K\u00fc\u00fcnepintsel 2 in 1\"}]},{\"@type\":\"WebSite\",\"@id\":\"https:\/\/nailner.com\/ee\/#website\",\"url\":\"https:\/\/nailner.com\/ee\/\",\"name\":\"Nailner\",\"description\":\"\",\"publisher\":{\"@id\":\"https:\/\/nailner.com\/ee\/#organization\"},\"potentialAction\":[{\"@type\":\"SearchAction\",\"target\":{\"@type\":\"EntryPoint\",\"urlTemplate\":\"https:\/\/nailner.com\/ee\/?s={search_term_string}\"},\"query-input\":{\"@type\":\"PropertyValueSpecification\",\"valueRequired\":true,\"valueName\":\"search_term_string\"}}],\"inLanguage\":\"et-EE\"},{\"@type\":\"Organization\",\"@id\":\"https:\/\/nailner.com\/ee\/#organization\",\"name\":\"Nailner\",\"url\":\"https:\/\/nailner.com\/ee\/\",\"logo\":{\"@type\":\"ImageObject\",\"inLanguage\":\"et-EE\",\"@id\":\"https:\/\/nailner.com\/ee\/#\/schema\/logo\/image\/\",\"url\":\"https:\/\/nailner.com\/app\/uploads\/sites\/12\/2025\/04\/Nailner-logo.png\",\"contentUrl\":\"https:\/\/nailner.com\/app\/uploads\/sites\/12\/2025\/04\/Nailner-logo.png\",\"width\":134,\"height\":32,\"caption\":\"Nailner\"},\"image\":{\"@id\":\"https:\/\/nailner.com\/ee\/#\/schema\/logo\/image\/\"}}]}<\/script>\n<!-- \/ Yoast SEO plugin. -->","yoast_head_json":{"title":"Nailner\u00a0K\u00fc\u00fcnepintsel 2 in 1 - Nailner","description":"Pole vaja viilida\u00a0- koostises on niisutavad komponendid, et hoolitseda ja parandada kahjustunud k\u00fc\u00fcne v\u00e4limust.","robots":{"index":"index","follow":"follow","max-snippet":"max-snippet:-1","max-image-preview":"max-image-preview:large","max-video-preview":"max-video-preview:-1"},"canonical":"https:\/\/nailner.com\/ee\/toode\/nailner-kuunepintsel-2-in-1\/","og_locale":"et_EE","og_type":"article","og_title":"Nailner\u00a0K\u00fc\u00fcnepintsel 2 in 1 - Nailner","og_description":"Pole vaja viilida\u00a0- koostises on niisutavad komponendid, et hoolitseda ja parandada kahjustunud k\u00fc\u00fcne v\u00e4limust.","og_url":"https:\/\/nailner.com\/ee\/toode\/nailner-kuunepintsel-2-in-1\/","og_site_name":"Nailner","article_modified_time":"2025-09-19T13:23:17+00:00","og_image":[{"width":600,"height":600,"url":"https:\/\/nailner.com\/app\/uploads\/sites\/12\/2022\/08\/nailner-brush-2in1-baltics.png","type":"image\/png"}],"twitter_card":"summary_large_image","twitter_misc":{"Est. reading time":"1 minute"},"schema":{"@context":"https:\/\/schema.org","@graph":[{"@type":"WebPage","@id":"https:\/\/nailner.com\/ee\/toode\/nailner-kuunepintsel-2-in-1\/","url":"https:\/\/nailner.com\/ee\/toode\/nailner-kuunepintsel-2-in-1\/","name":"Nailner\u00a0K\u00fc\u00fcnepintsel 2 in 1 - Nailner","isPartOf":{"@id":"https:\/\/nailner.com\/ee\/#website"},"primaryImageOfPage":{"@id":"https:\/\/nailner.com\/ee\/toode\/nailner-kuunepintsel-2-in-1\/#primaryimage"},"image":{"@id":"https:\/\/nailner.com\/ee\/toode\/nailner-kuunepintsel-2-in-1\/#primaryimage"},"thumbnailUrl":"https:\/\/nailner.com\/app\/uploads\/sites\/12\/2022\/08\/nailner-brush-2in1-baltics.png","datePublished":"2022-08-25T13:20:40+00:00","dateModified":"2025-09-19T13:23:17+00:00","description":"Pole vaja viilida\u00a0- koostises on niisutavad komponendid, et hoolitseda ja parandada kahjustunud k\u00fc\u00fcne v\u00e4limust.","breadcrumb":{"@id":"https:\/\/nailner.com\/ee\/toode\/nailner-kuunepintsel-2-in-1\/#breadcrumb"},"inLanguage":"et-EE","potentialAction":[{"@type":"ReadAction","target":["https:\/\/nailner.com\/ee\/toode\/nailner-kuunepintsel-2-in-1\/"]}]},{"@type":"ImageObject","inLanguage":"et-EE","@id":"https:\/\/nailner.com\/ee\/toode\/nailner-kuunepintsel-2-in-1\/#primaryimage","url":"https:\/\/nailner.com\/app\/uploads\/sites\/12\/2022\/08\/nailner-brush-2in1-baltics.png","contentUrl":"https:\/\/nailner.com\/app\/uploads\/sites\/12\/2022\/08\/nailner-brush-2in1-baltics.png","width":600,"height":600,"caption":"Nailner K\u00fc\u00fcnepintsel 2 in 1"},{"@type":"BreadcrumbList","@id":"https:\/\/nailner.com\/ee\/toode\/nailner-kuunepintsel-2-in-1\/#breadcrumb","itemListElement":[{"@type":"ListItem","position":1,"name":"Home","item":"https:\/\/nailner.com\/ee\/"},{"@type":"ListItem","position":2,"name":"Tooted","item":"https:\/\/nailner.com\/ee\/tooted\/"},{"@type":"ListItem","position":3,"name":"Nailner\u00a0K\u00fc\u00fcnepintsel 2 in 1"}]},{"@type":"WebSite","@id":"https:\/\/nailner.com\/ee\/#website","url":"https:\/\/nailner.com\/ee\/","name":"Nailner","description":"","publisher":{"@id":"https:\/\/nailner.com\/ee\/#organization"},"potentialAction":[{"@type":"SearchAction","target":{"@type":"EntryPoint","urlTemplate":"https:\/\/nailner.com\/ee\/?s={search_term_string}"},"query-input":{"@type":"PropertyValueSpecification","valueRequired":true,"valueName":"search_term_string"}}],"inLanguage":"et-EE"},{"@type":"Organization","@id":"https:\/\/nailner.com\/ee\/#organization","name":"Nailner","url":"https:\/\/nailner.com\/ee\/","logo":{"@type":"ImageObject","inLanguage":"et-EE","@id":"https:\/\/nailner.com\/ee\/#\/schema\/logo\/image\/","url":"https:\/\/nailner.com\/app\/uploads\/sites\/12\/2025\/04\/Nailner-logo.png","contentUrl":"https:\/\/nailner.com\/app\/uploads\/sites\/12\/2025\/04\/Nailner-logo.png","width":134,"height":32,"caption":"Nailner"},"image":{"@id":"https:\/\/nailner.com\/ee\/#\/schema\/logo\/image\/"}}]}},"_links":{"self":[{"href":"https:\/\/nailner.com\/ee\/wp-json\/wp\/v2\/product\/68","targetHints":{"allow":["GET"]}}],"collection":[{"href":"https:\/\/nailner.com\/ee\/wp-json\/wp\/v2\/product"}],"about":[{"href":"https:\/\/nailner.com\/ee\/wp-json\/wp\/v2\/types\/product"}],"replies":[{"embeddable":true,"href":"https:\/\/nailner.com\/ee\/wp-json\/wp\/v2\/comments?post=68"}],"version-history":[{"count":6,"href":"https:\/\/nailner.com\/ee\/wp-json\/wp\/v2\/product\/68\/revisions"}],"predecessor-version":[{"id":360,"href":"https:\/\/nailner.com\/ee\/wp-json\/wp\/v2\/product\/68\/revisions\/360"}],"wp:featuredmedia":[{"embeddable":true,"href":"https:\/\/nailner.com\/ee\/wp-json\/wp\/v2\/media\/321"}],"wp:attachment":[{"href":"https:\/\/nailner.com\/ee\/wp-json\/wp\/v2\/media?parent=68"}],"wp:term":[{"taxonomy":"product_brand","embeddable":true,"href":"https:\/\/nailner.com\/ee\/wp-json\/wp\/v2\/product_brand?post=68"},{"taxonomy":"product_cat","embeddable":true,"href":"https:\/\/nailner.com\/ee\/wp-json\/wp\/v2\/product_cat?post=68"},{"taxonomy":"product_tag","embeddable":true,"href":"https:\/\/nailner.com\/ee\/wp-json\/wp\/v2\/product_tag?post=68"}],"curies":[{"name":"wp","href":"https:\/\/api.w.org\/{rel}","templated":true}]}}