{"id":10,"date":"2022-11-18T09:18:33","date_gmt":"2022-11-18T08:18:33","guid":{"rendered":"https:\/\/nailner.com\/es\/?page_id=10"},"modified":"2025-09-19T15:28:16","modified_gmt":"2025-09-19T13:28:16","slug":"faq","status":"publish","type":"page","link":"https:\/\/nailner.com\/es\/faq\/","title":{"rendered":"FAQ"},"content":{"rendered":"\n<div class=\"wp-block-karopharma-free-text pt-large pb-large bg-center bg-contain bg-no-repeat  undefined is-style-secondary\" style=\"background-image:url()\"><div class=\"free-text-wrapper container medium text-center\">\n<h1 class=\"is-style-heading-huge wp-block-heading\" id=\"frequently-asked-questions\">Preguntas frecuentes<\/h1>\n\n\n\n<p class=\"is-style-paragraph-preamble\">Estas son algunas preguntas frecuentes sobre los productos Nailner.<\/p>\n<\/div><\/div>\n\n\n\n<div class=\"wp-block-karopharma-accordions\"><div class=\"container\">\n<details class=\"wp-block-karopharma-accordion\"><summary><h2 class=\"accordion-title\">\u00bfC\u00f3mo funciona Nailner?<\/h2><\/summary><div class=\"accordion-content\">\n<p>Las f\u00f3rmulas de Nailner tratan y previenen eficazmente la infecci\u00f3n por hongos en las u\u00f1as de los pies y de las manos.<\/p>\n\n\n\n<p>Un sistema portador \u00fanico permite que los ingredientes saturen la u\u00f1a y combatan el hongo en su n\u00facleo alterando el nivel de PH en la u\u00f1a, lo que crea un entorno desfavorable para que los hongos sobrevivan.<\/p>\n<\/div><\/details>\n\n\n\n<details class=\"wp-block-karopharma-accordion\"><summary><h2 class=\"accordion-title\">\u00bfPueden utilizar Nailner los diab\u00e9ticos y las personas con circulaci\u00f3n sangu\u00ednea reducida?<\/h2><\/summary><div class=\"accordion-content\">\n<p>Consulte a un m\u00e9dico antes de utilizar los productos de tratamiento Nailner si es diab\u00e9tico o tiene una circulaci\u00f3n sangu\u00ednea reducida.<\/p>\n<\/div><\/details>\n\n\n\n<details class=\"wp-block-karopharma-accordion\"><summary><h2 class=\"accordion-title\">\u00bfSe puede utilizar Nailner durante el embarazo y la lactancia?<\/h2><\/summary><div class=\"accordion-content\">\n<p>No se ha comprobado espec\u00edficamente la seguridad de Nailner para las mujeres durante el embarazo o la lactancia. En general, las mujeres embarazadas y en per\u00edodo de lactancia que deseen tratar sus hongos en las u\u00f1as deben consultar a su m\u00e9dico antes de iniciar cualquier tratamiento.<\/p>\n<\/div><\/details>\n\n\n\n<details class=\"wp-block-karopharma-accordion\"><summary><h2 class=\"accordion-title\">\u00bfPueden utilizar los ni\u00f1os los productos Nailner?<\/h2><\/summary><div class=\"accordion-content\">\n<p>No hay limitaci\u00f3n de edad para utilizar los productos Nailner, pero consulte a un m\u00e9dico si el ni\u00f1o es menor de 16 a\u00f1os. Dado que los hongos en las u\u00f1as son poco frecuentes en los ni\u00f1os, recomendamos consultar a un m\u00e9dico antes de utilizarlos. Si el m\u00e9dico confirma que el ni\u00f1o tiene hongos en las u\u00f1as, puede utilizar Nailner.<\/p>\n<\/div><\/details>\n\n\n\n<details class=\"wp-block-karopharma-accordion\"><summary><h2 class=\"accordion-title\">\u00bfCuando se utiliza el tratamiento en m\u00e1s de una u\u00f1a, \u00bfpueden infectarse las otras u\u00f1as?<\/h2><\/summary><div class=\"accordion-content\">\n<p>Los tratamientos Nailner contienen ingredientes que luchan contra los hongos de las u\u00f1as, por lo que \u00e9stos no pueden propagarse e infectar otras u\u00f1as cuando se aplican.<\/p>\n<\/div><\/details>\n\n\n\n<details class=\"wp-block-karopharma-accordion\"><summary><h2 class=\"accordion-title\">\u00bfDurante cu\u00e1nto tiempo debo utilizar Nailner?<\/h2><\/summary><div class=\"accordion-content\">\n<p>Trate la(s) u\u00f1a(s) infectada(s) dos veces al d\u00eda durante las primeras cuatro semanas y una vez al d\u00eda despu\u00e9s, hasta que una u\u00f1a de aspecto sano haya sustituido a la u\u00f1a da\u00f1ada. Durante este tratamiento, utilice los productos Nailner de forma preventiva en las u\u00f1as sanas (una vez al d\u00eda es suficiente).<\/p>\n<\/div><\/details>\n\n\n\n<details class=\"wp-block-karopharma-accordion\"><summary><h2 class=\"accordion-title\">\u00bfCu\u00e1nto tiempo transcurre hasta que las u\u00f1as tienen un aspecto sano?<\/h2><\/summary><div class=\"accordion-content\">\n<p>Depende del producto Nailner que se utilice. Nailner 2en1 ofrece resultados visibles al cabo de 1 semana, ya que aclara el aspecto de la u\u00f1a. Para que la u\u00f1a est\u00e9 totalmente recuperada, la u\u00f1a vieja tiene que crecer y ser sustituida por una nueva u\u00f1a sana. El tiempo que tarda en crecer la u\u00f1a sana depende de la gravedad de la infecci\u00f3n, del grosor de la u\u00f1a y del tama\u00f1o de la infecci\u00f3n. Las u\u00f1as de los pies suelen tardar hasta 12 meses, mientras que las de las manos son m\u00e1s r\u00e1pidas.<\/p>\n<\/div><\/details>\n\n\n\n<details class=\"wp-block-karopharma-accordion\"><summary><h2 class=\"accordion-title\">\u00bfC\u00f3mo deben conservarse los productos Nailner?<\/h2><\/summary><div class=\"accordion-content\">\n<p>Los productos Nailner deben conservarse a temperatura ambiente y fuera del alcance de los ni\u00f1os.<\/p>\n<\/div><\/details>\n\n\n\n<details class=\"wp-block-karopharma-accordion\"><summary><h2 class=\"accordion-title\">\u00bfLos productos Nailner contienen aceite del \u00e1rbol del t\u00e9?<\/h2><\/summary><div class=\"accordion-content\">\n<p>Los productos Nailner no contienen aceite del \u00e1rbol del t\u00e9.<\/p>\n<\/div><\/details>\n<\/div><\/div>\n\n\n<div class=\"product-list wp-block-karopharma-product-list\" data-testid=\"product-list\">\n      <div class=\"swiper-container\">\n      <div class=\"swiper\">\n        <div class=\"swiper-wrapper\">\n                      <div class=\"swiper-slide\">\n              <div class=\"product-card\" data-testid=\"product-card\">\n  <a\n    href=https:\/\/nailner.com\/es\/producto\/nailner-ultimate-todo-en-uno\/\n    class=\"product-card-link\"\n    title=\"Nailner Ultimate Todo en Uno\"\n  >\n  <figure class=\"product-card-image\" data-testid=\"product-image\">\n                          <img decoding=\"async\" src=\"https:\/\/nailner.com\/cdn-cgi\/image\/width=700,format=auto\/app\/uploads\/sites\/16\/2024\/08\/Nailner-Ultimate-ALL-IN-ONE-ES-Amazon-v1-SKU-packshot.png\"\n        srcset=\"https:\/\/nailner.com\/cdn-cgi\/image\/width=250,format=auto\/app\/uploads\/sites\/16\/2024\/08\/Nailner-Ultimate-ALL-IN-ONE-ES-Amazon-v1-SKU-packshot.png 250w,\n                https:\/\/nailner.com\/cdn-cgi\/image\/width=500,format=auto\/app\/uploads\/sites\/16\/2024\/08\/Nailner-Ultimate-ALL-IN-ONE-ES-Amazon-v1-SKU-packshot.png 500w,\n                https:\/\/nailner.com\/cdn-cgi\/image\/width=700,format=auto\/app\/uploads\/sites\/16\/2024\/08\/Nailner-Ultimate-ALL-IN-ONE-ES-Amazon-v1-SKU-packshot.png 700w\"\n        sizes=\"(max-width: 400px) 250px, (max-width: 800px) 500px, 700px\"\n        alt=\"Nailner-Ultimate-ALL-IN-ONE-ES\"\n        class=\"img\">\n            <\/figure>\n    <div class=\"product-card-content\">\n      <div class=\"heading-wrapper\">\n        <h2 class=\"heading\">Nailner Ultimate Todo en Uno<\/h2>\n      <\/div>\n      <div class=\"product-card-description\">Tratamiento fortalecedor de u\u00f1as<\/div>\n                      <\/div>\n  <\/a>\n          <div class=\"button-wrapper buy-now no-resellers\" data-testid=\"buy-now\">\n          <div class=\"buy-now-container dropdown-container\">\n    <a\n      class=\"theme-button button-primary-color rounded-button\"\n      href=\"https:\/\/www.amazon.es\/Nailner-Ultimate-Tratamiento-endurecedor-u%C3%B1as\/dp\/B0CW1RKHCC\" onclick=\"dataLayer.push({'event':'ga_event', 'eventCategory':'Click on Reseller', 'eventAction':'Amazon', 'eventLabel':'Nailner Ultimate Todo en Uno', 'eventValue': undefined})\" rel=\"noopener\" target=\"_blank\" title=\"Amazon\"\n      data-testid=\"buy-now-reseller\">\n      Comprar ahora\n    <\/a>\n    <\/div>\n  <\/div>\n  <\/div>\n            <\/div>\n                      <div class=\"swiper-slide\">\n              <div class=\"product-card\" data-testid=\"product-card\">\n  <a\n    href=https:\/\/nailner.com\/es\/producto\/nailner-pincel-2-en-1\/\n    class=\"product-card-link\"\n    title=\"Nailner Pincel 2 en 1\"\n  >\n  <figure class=\"product-card-image\" data-testid=\"product-image\">\n                          <img decoding=\"async\" src=\"https:\/\/nailner.com\/cdn-cgi\/image\/width=700,format=auto\/app\/uploads\/sites\/16\/2022\/11\/nailner-brush-2in1_es.png\"\n        srcset=\"https:\/\/nailner.com\/cdn-cgi\/image\/width=250,format=auto\/app\/uploads\/sites\/16\/2022\/11\/nailner-brush-2in1_es.png 250w,\n                https:\/\/nailner.com\/cdn-cgi\/image\/width=500,format=auto\/app\/uploads\/sites\/16\/2022\/11\/nailner-brush-2in1_es.png 500w,\n                https:\/\/nailner.com\/cdn-cgi\/image\/width=700,format=auto\/app\/uploads\/sites\/16\/2022\/11\/nailner-brush-2in1_es.png 700w\"\n        sizes=\"(max-width: 400px) 250px, (max-width: 800px) 500px, 700px\"\n        alt=\"Nailner Pincel 2 EN 1\"\n        class=\"img\">\n            <\/figure>\n    <div class=\"product-card-content\">\n      <div class=\"heading-wrapper\">\n        <h2 class=\"heading\">Nailner Pincel 2 en 1<\/h2>\n      <\/div>\n      <div class=\"product-card-description\">Trata y da brillo a las u\u00f1as<\/div>\n                      <\/div>\n  <\/a>\n          <div class=\"button-wrapper buy-now no-resellers\" data-testid=\"buy-now\">\n          <div class=\"buy-now-container dropdown-container\">\n    <a\n      class=\"theme-button button-primary-color rounded-button\"\n      href=\"https:\/\/www.atida.com\/es-es\/nailner-pincel-2-en-1?utm_medium=shop_nailner&amp;utm_source=externo&amp;utm_campaign=web_nailner_buybutton\" onclick=\"dataLayer.push({'event':'ga_event', 'eventCategory':'Click on Reseller', 'eventAction':'Atida', 'eventLabel':'Nailner Pincel 2 en 1', 'eventValue': undefined})\" rel=\"noopener\" target=\"_blank\" title=\"Atida\"\n      data-testid=\"buy-now-reseller\">\n      Comprar ahora\n    <\/a>\n    <\/div>\n  <\/div>\n  <\/div>\n            <\/div>\n                      <div class=\"swiper-slide\">\n              <div class=\"product-card\" data-testid=\"product-card\">\n  <a\n    href=https:\/\/nailner.com\/es\/producto\/nailner-lapiz-2-en-1\/\n    class=\"product-card-link\"\n    title=\"Nailner L\u00e1piz 2 en 1\"\n  >\n  <figure class=\"product-card-image\" data-testid=\"product-image\">\n                          <img decoding=\"async\" src=\"https:\/\/nailner.com\/cdn-cgi\/image\/width=700,format=auto\/app\/uploads\/sites\/16\/2022\/11\/nailner-pen-2in1_es.png\"\n        srcset=\"https:\/\/nailner.com\/cdn-cgi\/image\/width=250,format=auto\/app\/uploads\/sites\/16\/2022\/11\/nailner-pen-2in1_es.png 250w,\n                https:\/\/nailner.com\/cdn-cgi\/image\/width=500,format=auto\/app\/uploads\/sites\/16\/2022\/11\/nailner-pen-2in1_es.png 500w,\n                https:\/\/nailner.com\/cdn-cgi\/image\/width=700,format=auto\/app\/uploads\/sites\/16\/2022\/11\/nailner-pen-2in1_es.png 700w\"\n        sizes=\"(max-width: 400px) 250px, (max-width: 800px) 500px, 700px\"\n        alt=\"Nailner L\u00e1piz 2 EN 1\"\n        class=\"img\">\n            <\/figure>\n    <div class=\"product-card-content\">\n      <div class=\"heading-wrapper\">\n        <h2 class=\"heading\">Nailner L\u00e1piz 2 en 1<\/h2>\n      <\/div>\n      <div class=\"product-card-description\">Trata y da brillo a las u\u00f1as<\/div>\n                      <\/div>\n  <\/a>\n          <div class=\"button-wrapper buy-now no-resellers\" data-testid=\"buy-now\">\n          <div class=\"buy-now-container dropdown-container\">\n    <a\n      class=\"theme-button button-primary-color rounded-button\"\n      href=\"https:\/\/www.atida.com\/es-es\/nailner-lapiz-2-en-1?utm_medium=shop_nailner&amp;utm_source=externo&amp;utm_campaign=web_nailner_buybutton\" onclick=\"dataLayer.push({'event':'ga_event', 'eventCategory':'Click on Reseller', 'eventAction':'Atida', 'eventLabel':'Nailner L\u00e1piz 2 en 1', 'eventValue': undefined})\" rel=\"noopener\" target=\"_blank\" title=\"Atida\"\n      data-testid=\"buy-now-reseller\">\n      Comprar ahora\n    <\/a>\n    <\/div>\n  <\/div>\n  <\/div>\n            <\/div>\n                  <\/div>\n        <div class=\"swiper-scrollbar\"><\/div>\n      <\/div>\n    <\/div>\n  <\/div>\n","protected":false},"excerpt":{"rendered":"","protected":false},"author":3,"featured_media":0,"parent":0,"menu_order":0,"comment_status":"closed","ping_status":"closed","template":"","meta":{"_acf_changed":false,"footnotes":""},"from-article-database":[],"class_list":["post-10","page","type-page","status-publish","hentry"],"acf":[],"yoast_head":"<!-- This site is optimized with the Yoast SEO plugin v26.6 - https:\/\/yoast.com\/wordpress\/plugins\/seo\/ -->\n<title>FAQ - Nailner<\/title>\n<meta name=\"description\" content=\"\u00bfC\u00f3mo funcionan los productos Nailner? \u00bfC\u00f3mo funciona Nailner 2 EN 1? \u00bfC\u00f3mo funciona Nailner Tratamiento y Color?\" \/>\n<meta name=\"robots\" content=\"index, follow, max-snippet:-1, max-image-preview:large, max-video-preview:-1\" \/>\n<link rel=\"canonical\" href=\"https:\/\/nailner.com\/es\/faq\/\" \/>\n<meta property=\"og:locale\" content=\"es_ES\" \/>\n<meta property=\"og:type\" content=\"article\" \/>\n<meta property=\"og:title\" content=\"FAQ - Nailner\" \/>\n<meta property=\"og:description\" content=\"\u00bfC\u00f3mo funcionan los productos Nailner? \u00bfC\u00f3mo funciona Nailner 2 EN 1? \u00bfC\u00f3mo funciona Nailner Tratamiento y Color?\" \/>\n<meta property=\"og:url\" content=\"https:\/\/nailner.com\/es\/faq\/\" \/>\n<meta property=\"og:site_name\" content=\"Nailner\" \/>\n<meta property=\"article:modified_time\" content=\"2025-09-19T13:28:16+00:00\" \/>\n<meta name=\"twitter:card\" content=\"summary_large_image\" \/>\n<meta name=\"twitter:label1\" content=\"Tiempo de lectura\" \/>\n\t<meta name=\"twitter:data1\" content=\"3 minutos\" \/>\n<script type=\"application\/ld+json\" class=\"yoast-schema-graph\">{\"@context\":\"https:\/\/schema.org\",\"@graph\":[{\"@type\":\"WebPage\",\"@id\":\"https:\/\/nailner.com\/es\/faq\/\",\"url\":\"https:\/\/nailner.com\/es\/faq\/\",\"name\":\"FAQ - Nailner\",\"isPartOf\":{\"@id\":\"https:\/\/nailner.com\/es\/#website\"},\"datePublished\":\"2022-11-18T08:18:33+00:00\",\"dateModified\":\"2025-09-19T13:28:16+00:00\",\"description\":\"\u00bfC\u00f3mo funcionan los productos Nailner? \u00bfC\u00f3mo funciona Nailner 2 EN 1? \u00bfC\u00f3mo funciona Nailner Tratamiento y Color?\",\"breadcrumb\":{\"@id\":\"https:\/\/nailner.com\/es\/faq\/#breadcrumb\"},\"inLanguage\":\"es\",\"potentialAction\":[{\"@type\":\"ReadAction\",\"target\":[\"https:\/\/nailner.com\/es\/faq\/\"]}]},{\"@type\":\"BreadcrumbList\",\"@id\":\"https:\/\/nailner.com\/es\/faq\/#breadcrumb\",\"itemListElement\":[{\"@type\":\"ListItem\",\"position\":1,\"name\":\"Home\",\"item\":\"https:\/\/nailner.com\/es\/\"},{\"@type\":\"ListItem\",\"position\":2,\"name\":\"FAQ\"}]},{\"@type\":\"WebSite\",\"@id\":\"https:\/\/nailner.com\/es\/#website\",\"url\":\"https:\/\/nailner.com\/es\/\",\"name\":\"Nailner\",\"description\":\"\",\"publisher\":{\"@id\":\"https:\/\/nailner.com\/es\/#organization\"},\"potentialAction\":[{\"@type\":\"SearchAction\",\"target\":{\"@type\":\"EntryPoint\",\"urlTemplate\":\"https:\/\/nailner.com\/es\/?s={search_term_string}\"},\"query-input\":{\"@type\":\"PropertyValueSpecification\",\"valueRequired\":true,\"valueName\":\"search_term_string\"}}],\"inLanguage\":\"es\"},{\"@type\":\"Organization\",\"@id\":\"https:\/\/nailner.com\/es\/#organization\",\"name\":\"Nailner\",\"url\":\"https:\/\/nailner.com\/es\/\",\"logo\":{\"@type\":\"ImageObject\",\"inLanguage\":\"es\",\"@id\":\"https:\/\/nailner.com\/es\/#\/schema\/logo\/image\/\",\"url\":\"https:\/\/nailner.com\/app\/uploads\/sites\/16\/2025\/04\/Nailner-logo.png\",\"contentUrl\":\"https:\/\/nailner.com\/app\/uploads\/sites\/16\/2025\/04\/Nailner-logo.png\",\"width\":134,\"height\":32,\"caption\":\"Nailner\"},\"image\":{\"@id\":\"https:\/\/nailner.com\/es\/#\/schema\/logo\/image\/\"}}]}<\/script>\n<!-- \/ Yoast SEO plugin. -->","yoast_head_json":{"title":"FAQ - Nailner","description":"\u00bfC\u00f3mo funcionan los productos Nailner? \u00bfC\u00f3mo funciona Nailner 2 EN 1? \u00bfC\u00f3mo funciona Nailner Tratamiento y Color?","robots":{"index":"index","follow":"follow","max-snippet":"max-snippet:-1","max-image-preview":"max-image-preview:large","max-video-preview":"max-video-preview:-1"},"canonical":"https:\/\/nailner.com\/es\/faq\/","og_locale":"es_ES","og_type":"article","og_title":"FAQ - Nailner","og_description":"\u00bfC\u00f3mo funcionan los productos Nailner? \u00bfC\u00f3mo funciona Nailner 2 EN 1? \u00bfC\u00f3mo funciona Nailner Tratamiento y Color?","og_url":"https:\/\/nailner.com\/es\/faq\/","og_site_name":"Nailner","article_modified_time":"2025-09-19T13:28:16+00:00","twitter_card":"summary_large_image","twitter_misc":{"Tiempo de lectura":"3 minutos"},"schema":{"@context":"https:\/\/schema.org","@graph":[{"@type":"WebPage","@id":"https:\/\/nailner.com\/es\/faq\/","url":"https:\/\/nailner.com\/es\/faq\/","name":"FAQ - Nailner","isPartOf":{"@id":"https:\/\/nailner.com\/es\/#website"},"datePublished":"2022-11-18T08:18:33+00:00","dateModified":"2025-09-19T13:28:16+00:00","description":"\u00bfC\u00f3mo funcionan los productos Nailner? \u00bfC\u00f3mo funciona Nailner 2 EN 1? \u00bfC\u00f3mo funciona Nailner Tratamiento y Color?","breadcrumb":{"@id":"https:\/\/nailner.com\/es\/faq\/#breadcrumb"},"inLanguage":"es","potentialAction":[{"@type":"ReadAction","target":["https:\/\/nailner.com\/es\/faq\/"]}]},{"@type":"BreadcrumbList","@id":"https:\/\/nailner.com\/es\/faq\/#breadcrumb","itemListElement":[{"@type":"ListItem","position":1,"name":"Home","item":"https:\/\/nailner.com\/es\/"},{"@type":"ListItem","position":2,"name":"FAQ"}]},{"@type":"WebSite","@id":"https:\/\/nailner.com\/es\/#website","url":"https:\/\/nailner.com\/es\/","name":"Nailner","description":"","publisher":{"@id":"https:\/\/nailner.com\/es\/#organization"},"potentialAction":[{"@type":"SearchAction","target":{"@type":"EntryPoint","urlTemplate":"https:\/\/nailner.com\/es\/?s={search_term_string}"},"query-input":{"@type":"PropertyValueSpecification","valueRequired":true,"valueName":"search_term_string"}}],"inLanguage":"es"},{"@type":"Organization","@id":"https:\/\/nailner.com\/es\/#organization","name":"Nailner","url":"https:\/\/nailner.com\/es\/","logo":{"@type":"ImageObject","inLanguage":"es","@id":"https:\/\/nailner.com\/es\/#\/schema\/logo\/image\/","url":"https:\/\/nailner.com\/app\/uploads\/sites\/16\/2025\/04\/Nailner-logo.png","contentUrl":"https:\/\/nailner.com\/app\/uploads\/sites\/16\/2025\/04\/Nailner-logo.png","width":134,"height":32,"caption":"Nailner"},"image":{"@id":"https:\/\/nailner.com\/es\/#\/schema\/logo\/image\/"}}]}},"_links":{"self":[{"href":"https:\/\/nailner.com\/es\/wp-json\/wp\/v2\/pages\/10","targetHints":{"allow":["GET"]}}],"collection":[{"href":"https:\/\/nailner.com\/es\/wp-json\/wp\/v2\/pages"}],"about":[{"href":"https:\/\/nailner.com\/es\/wp-json\/wp\/v2\/types\/page"}],"author":[{"embeddable":true,"href":"https:\/\/nailner.com\/es\/wp-json\/wp\/v2\/users\/3"}],"replies":[{"embeddable":true,"href":"https:\/\/nailner.com\/es\/wp-json\/wp\/v2\/comments?post=10"}],"version-history":[{"count":7,"href":"https:\/\/nailner.com\/es\/wp-json\/wp\/v2\/pages\/10\/revisions"}],"predecessor-version":[{"id":221,"href":"https:\/\/nailner.com\/es\/wp-json\/wp\/v2\/pages\/10\/revisions\/221"}],"wp:attachment":[{"href":"https:\/\/nailner.com\/es\/wp-json\/wp\/v2\/media?parent=10"}],"wp:term":[{"taxonomy":"from-article-database","embeddable":true,"href":"https:\/\/nailner.com\/es\/wp-json\/wp\/v2\/from-article-database?post=10"}],"curies":[{"name":"wp","href":"https:\/\/api.w.org\/{rel}","templated":true}]}}