{"id":17,"date":"2022-11-18T09:22:14","date_gmt":"2022-11-18T08:22:14","guid":{"rendered":"https:\/\/nailner.com\/es\/?page_id=17"},"modified":"2025-09-19T15:28:14","modified_gmt":"2025-09-19T13:28:14","slug":"acerca-de-nailner","status":"publish","type":"page","link":"https:\/\/nailner.com\/es\/acerca-de-nailner\/","title":{"rendered":"Acerca de Nailner"},"content":{"rendered":"\n<div class=\"wp-block-karopharma-background-image-with-text-v2 background-image-with-text-v2 undefined content-position-center fixed-height-layout\" datatest=\"root\"><div class=\"background-image-with-text-wrapper\"><picture class=\"background-image-with-text-image\"><source media=\"(max-width: 560px)\" srcset=\"https:\/\/nailner.com\/cdn-cgi\/image\/format=auto,width=560\/app\/uploads\/sites\/16\/2023\/09\/Assortment_Bathroom_ES.jpg\"\/><source media=\"(max-width: 800px)\" srcset=\"https:\/\/nailner.com\/cdn-cgi\/image\/format=auto,width=800\/app\/uploads\/sites\/16\/2023\/09\/Assortment_Bathroom_ES.jpg\"\/><source media=\"(max-width: 1920px)\" srcset=\"https:\/\/nailner.com\/cdn-cgi\/image\/format=auto,width=1920\/app\/uploads\/sites\/16\/2023\/09\/Assortment_Bathroom_ES.jpg\"\/><img decoding=\"async\" width=\"2000\" height=\"1333\" datatest=\"background-image\" loading=\"lazy\" class=\"object-center object-cover\" src=\"https:\/\/nailner.com\/cdn-cgi\/image\/format=auto\/app\/uploads\/sites\/16\/2023\/09\/Assortment_Bathroom_ES.jpg\" alt=\"Acerca de Nailner\"\/><\/picture><div datatest=\"content-wrapper\" class=\"background-image-with-text-content-wrapper container max-w-medium text-alignment-left  pt-large pb-large\"><div class=\"content\">\n<div class=\"wp-block-buttons is-layout-flex wp-block-buttons-is-layout-flex\"><\/div>\n<\/div><\/div><\/div><\/div>\n\n\n\n<div class=\"wp-block-karopharma-free-text pt-large pb-large bg-center bg-contain bg-no-repeat  undefined is-style-secondary\" style=\"background-image:url()\"><div class=\"free-text-wrapper container max-w-medium text-center\">\n<h1 class=\"is-style-heading-huge wp-block-heading\" id=\"about-nailner\">Acerca de Nailner<\/h1>\n\n\n\n<p class=\"is-style-paragraph-preamble\">En Nailner entendemos que cuando se sufren hongos en las u\u00f1as lo que m\u00e1s importa es deshacerse del problema de la forma m\u00e1s r\u00e1pida y c\u00f3moda posible, volviendo a tener unas u\u00f1as de aspecto saludable.<\/p>\n\n\n\n<p class=\"is-style-paragraph-body-text\">Por eso los productos Nailner para el tratamiento de hongos en las u\u00f1as penetran r\u00e1pidamente en la u\u00f1a y est\u00e1n cl\u00ednicamente probados y han demostrado su eficacia para tratar y prevenir los hongos en las u\u00f1as. Ofrecemos una gama de productos en la que algunos mejoran el aspecto de las u\u00f1as, con resultados visibles en 7 d\u00edas, y otros disimulan los hongos de las u\u00f1as con una cobertura inmediata de la decoloraci\u00f3n.<\/p>\n\n\n\n<p>Tanto si quiere unas u\u00f1as naturales o con color, unas u\u00f1as m\u00e1s sanas o simplemente tratar la infecci\u00f3n, Nailner tiene el producto para usted.<\/p>\n<\/div><\/div>\n\n\n\n<div class=\"wp-block-karopharma-accordions\"><div class=\"container\">\n<details class=\"wp-block-karopharma-accordion\"><summary><h2 class=\"accordion-title\">\u00bfCu\u00e1nto dura un tratamiento?<\/h2><\/summary><div class=\"accordion-content\">\n<p>El tratamiento de la infecci\u00f3n suele durar 12 semanas, pero la nueva u\u00f1a debe crecer completamente, lo que puede llevar hasta 12 meses.<\/p>\n<\/div><\/details>\n\n\n\n<details class=\"wp-block-karopharma-accordion\"><summary><h2 class=\"accordion-title\">\u00bfCu\u00e1ndo tendr\u00e1 la u\u00f1a un aspecto m\u00e1s bonito?<\/h2><\/summary><div class=\"accordion-content\">\n<p>A diferencia de muchos otros tratamientos, los productos Nailner mejoran el aspecto de la u\u00f1a r\u00e1pidamente o tratan y camuflan las u\u00f1as de aspecto antiest\u00e9tico, por lo que puede seguir teniendo unas u\u00f1as sanas y bonitas mientras trata.<\/p>\n<\/div><\/details>\n\n\n\n<details class=\"wp-block-karopharma-accordion\"><summary><h2 class=\"accordion-title\">\u00bfEs necesario las u\u00f1as para el tratamiento?<\/h2><\/summary><div class=\"accordion-content\">\n<p>Todos los productos Nailner son f\u00e1ciles y c\u00f3modos de aplicar. S\u00f3lo se tardan 1-2 minutos al d\u00eda y no es necesario limar la u\u00f1a antes de aplicarlos.<\/p>\n<\/div><\/details>\n\n\n\n<details class=\"wp-block-karopharma-accordion\"><summary><h2 class=\"accordion-title\">\u00bfC\u00f3mo act\u00faan los tratamientos de Nailner?<\/h2><\/summary><div class=\"accordion-content\">\n<p>Todos los productos Nailner act\u00faan penetrando profundamente en la capa de queratina de la u\u00f1a y reduciendo el nivel de pH de la u\u00f1a infectada. Esto crea un entorno desfavorable para el hongo que elimina la infecci\u00f3n y evita que se extienda a otras u\u00f1as y que vuelva. Los productos Nailner tambi\u00e9n contienen un ingrediente hidratante para acondicionar y mejorar las u\u00f1as da\u00f1adas. Basta con aplicar la soluci\u00f3n con el pincel o el lapiz suministrados y ya est\u00e1, y no es necesario limar la u\u00f1a antes de la aplicaci\u00f3n. En estudios cl\u00ednicos, todos los pacientes se curaron de los hongos de las u\u00f1as al utilizar Nailner todos los d\u00edas durante 12 semanas. Nailner utiliza ingredientes que no da\u00f1an la u\u00f1a y puede utilizarse para el tratamiento, as\u00ed como para la prevenci\u00f3n, de los hongos en las u\u00f1as.<\/p>\n<\/div><\/details>\n<\/div><\/div>\n\n\n\n<div class=\"wp-block-karopharma-free-text pt-small pb-medium bg-center bg-cover bg-no-repeat\" style=\"background-image:url()\"><div class=\"free-text-wrapper container max-w-medium text-left\">\n<div class=\"wp-block-karopharma-video\"><div class=\"video-wrapper\"><iframe loading=\"lazy\" frameborder=\"0\" allowfullscreen allow=\"accelerometer; encrypted-media; gyroscope; picture-in-picture\" data-src=\"https:\/\/www.youtube.com\/embed\/-_7fvAvli4E?autoplay=1\"><\/iframe><picture><source media=\"(max-width: 550px)\" srcset=\"https:\/\/img.youtube.com\/vi\/-_7fvAvli4E\/mqdefault.jpg\"\/><source media=\"(max-width: 800px)\" srcset=\"https:\/\/img.youtube.com\/vi\/-_7fvAvli4E\/hqdefault.jpg\"\/><img decoding=\"async\" width=\"1280\" height=\"720\" loading=\"lazy\" src=\"https:\/\/img.youtube.com\/vi\/-_7fvAvli4E\/maxresdefault.jpg\" alt=\"Embedded YouTube video player thumbnail\"\/><\/picture><div class=\"video-trigger group\"><div class=\"video-trigger__circle group-hover:opacity-[85%]\"><svg width=\"14\" height=\"16\" viewbox=\"0 0 14 16\" fill=\"none\" xmlns=\"http:\/\/www.w3.org\/2000\/svg\"><path d=\"M13.2625 6.70935L2.2625 0.206225C1.36875 -0.3219 0 0.1906 0 1.49685V14.5C0 15.6719 1.27188 16.3781 2.2625 15.7906L13.2625 9.2906C14.2437 8.71248 14.2469 7.28748 13.2625 6.70935V6.70935Z\" fill=\"white\"><\/path><\/svg><\/div><\/div><\/div><\/div>\n\n\n\n<h2 class=\"is-style-heading-h2 wp-block-heading\" id=\"nailner-treats-nail-fungus-through-two-crucial-actions\"><strong>Nailner trata los hongos en las u\u00f1as a trav\u00e9s de dos acciones cruciales:<\/strong><\/h2>\n\n\n\n<h3 class=\"is-style-heading-h4 wp-block-heading\" id=\"total-saturation-of-the-nail\">Saturaci\u00f3n total de la u\u00f1a:<\/h3>\n\n\n\n<p>Los hongos se asientan no s\u00f3lo en la superficie de la u\u00f1a, sino en toda su estructura. Nailner penetra en toda la u\u00f1a y elimina as\u00ed eficazmente cualquier hongo presente. De este modo, los ingredientes activos tratan tanto la superficie como las profundidades de la u\u00f1a.<\/p>\n\n\n\n<h3 class=\"is-style-heading-h4 wp-block-heading\" id=\"total-saturation-of-the-nail\">Reduce los valores de PH para eliminar los hongos:<\/h3>\n\n\n\n<p>Los hongos viven preferentemente en un entorno de pH alcalino, es decir, con un valor de pH elevado. Liberan sustancias que descomponen la queratina de la u\u00f1a y causan da\u00f1os visuales. Nailner contiene \u00e1cido l\u00e1ctico que reduce el valor del pH y crea un entorno desfavorable para la supervivencia de los hongos.<\/p>\n<\/div><\/div>\n\n\n<div class=\"product-list wp-block-karopharma-product-list\" data-testid=\"product-list\">\n      <div class=\"swiper-container\">\n      <div class=\"swiper\">\n        <div class=\"swiper-wrapper\">\n                      <div class=\"swiper-slide\">\n              <div class=\"product-card\" data-testid=\"product-card\">\n  <a\n    href=https:\/\/nailner.com\/es\/producto\/nailner-ultimate-todo-en-uno\/\n    class=\"product-card-link\"\n    title=\"Nailner Ultimate Todo en Uno\"\n  >\n  <figure class=\"product-card-image\" data-testid=\"product-image\">\n                          <img decoding=\"async\" src=\"https:\/\/nailner.com\/cdn-cgi\/image\/width=700,format=auto\/app\/uploads\/sites\/16\/2024\/08\/Nailner-Ultimate-ALL-IN-ONE-ES-Amazon-v1-SKU-packshot.png\"\n        srcset=\"https:\/\/nailner.com\/cdn-cgi\/image\/width=250,format=auto\/app\/uploads\/sites\/16\/2024\/08\/Nailner-Ultimate-ALL-IN-ONE-ES-Amazon-v1-SKU-packshot.png 250w,\n                https:\/\/nailner.com\/cdn-cgi\/image\/width=500,format=auto\/app\/uploads\/sites\/16\/2024\/08\/Nailner-Ultimate-ALL-IN-ONE-ES-Amazon-v1-SKU-packshot.png 500w,\n                https:\/\/nailner.com\/cdn-cgi\/image\/width=700,format=auto\/app\/uploads\/sites\/16\/2024\/08\/Nailner-Ultimate-ALL-IN-ONE-ES-Amazon-v1-SKU-packshot.png 700w\"\n        sizes=\"(max-width: 400px) 250px, (max-width: 800px) 500px, 700px\"\n        alt=\"Nailner-Ultimate-ALL-IN-ONE-ES\"\n        class=\"img\">\n            <\/figure>\n    <div class=\"product-card-content\">\n      <div class=\"heading-wrapper\">\n        <h2 class=\"heading\">Nailner Ultimate Todo en Uno<\/h2>\n      <\/div>\n      <div class=\"product-card-description\">Tratamiento fortalecedor de u\u00f1as<\/div>\n                      <\/div>\n  <\/a>\n          <div class=\"button-wrapper buy-now no-resellers\" data-testid=\"buy-now\">\n          <div class=\"buy-now-container dropdown-container\">\n    <a\n      class=\"theme-button button-primary-color rounded-button\"\n      href=\"https:\/\/www.amazon.es\/Nailner-Ultimate-Tratamiento-endurecedor-u%C3%B1as\/dp\/B0CW1RKHCC\" onclick=\"dataLayer.push({'event':'ga_event', 'eventCategory':'Click on Reseller', 'eventAction':'Amazon', 'eventLabel':'Nailner Ultimate Todo en Uno', 'eventValue': undefined})\" rel=\"noopener\" target=\"_blank\" title=\"Amazon\"\n      data-testid=\"buy-now-reseller\">\n      Comprar ahora\n    <\/a>\n    <\/div>\n  <\/div>\n  <\/div>\n            <\/div>\n                      <div class=\"swiper-slide\">\n              <div class=\"product-card\" data-testid=\"product-card\">\n  <a\n    href=https:\/\/nailner.com\/es\/producto\/nailner-pincel-2-en-1\/\n    class=\"product-card-link\"\n    title=\"Nailner Pincel 2 en 1\"\n  >\n  <figure class=\"product-card-image\" data-testid=\"product-image\">\n                          <img decoding=\"async\" src=\"https:\/\/nailner.com\/cdn-cgi\/image\/width=700,format=auto\/app\/uploads\/sites\/16\/2022\/11\/nailner-brush-2in1_es.png\"\n        srcset=\"https:\/\/nailner.com\/cdn-cgi\/image\/width=250,format=auto\/app\/uploads\/sites\/16\/2022\/11\/nailner-brush-2in1_es.png 250w,\n                https:\/\/nailner.com\/cdn-cgi\/image\/width=500,format=auto\/app\/uploads\/sites\/16\/2022\/11\/nailner-brush-2in1_es.png 500w,\n                https:\/\/nailner.com\/cdn-cgi\/image\/width=700,format=auto\/app\/uploads\/sites\/16\/2022\/11\/nailner-brush-2in1_es.png 700w\"\n        sizes=\"(max-width: 400px) 250px, (max-width: 800px) 500px, 700px\"\n        alt=\"Nailner Pincel 2 EN 1\"\n        class=\"img\">\n            <\/figure>\n    <div class=\"product-card-content\">\n      <div class=\"heading-wrapper\">\n        <h2 class=\"heading\">Nailner Pincel 2 en 1<\/h2>\n      <\/div>\n      <div class=\"product-card-description\">Trata y da brillo a las u\u00f1as<\/div>\n                      <\/div>\n  <\/a>\n          <div class=\"button-wrapper buy-now no-resellers\" data-testid=\"buy-now\">\n          <div class=\"buy-now-container dropdown-container\">\n    <a\n      class=\"theme-button button-primary-color rounded-button\"\n      href=\"https:\/\/www.atida.com\/es-es\/nailner-pincel-2-en-1?utm_medium=shop_nailner&amp;utm_source=externo&amp;utm_campaign=web_nailner_buybutton\" onclick=\"dataLayer.push({'event':'ga_event', 'eventCategory':'Click on Reseller', 'eventAction':'Atida', 'eventLabel':'Nailner Pincel 2 en 1', 'eventValue': undefined})\" rel=\"noopener\" target=\"_blank\" title=\"Atida\"\n      data-testid=\"buy-now-reseller\">\n      Comprar ahora\n    <\/a>\n    <\/div>\n  <\/div>\n  <\/div>\n            <\/div>\n                      <div class=\"swiper-slide\">\n              <div class=\"product-card\" data-testid=\"product-card\">\n  <a\n    href=https:\/\/nailner.com\/es\/producto\/nailner-lapiz-2-en-1\/\n    class=\"product-card-link\"\n    title=\"Nailner L\u00e1piz 2 en 1\"\n  >\n  <figure class=\"product-card-image\" data-testid=\"product-image\">\n                          <img decoding=\"async\" src=\"https:\/\/nailner.com\/cdn-cgi\/image\/width=700,format=auto\/app\/uploads\/sites\/16\/2022\/11\/nailner-pen-2in1_es.png\"\n        srcset=\"https:\/\/nailner.com\/cdn-cgi\/image\/width=250,format=auto\/app\/uploads\/sites\/16\/2022\/11\/nailner-pen-2in1_es.png 250w,\n                https:\/\/nailner.com\/cdn-cgi\/image\/width=500,format=auto\/app\/uploads\/sites\/16\/2022\/11\/nailner-pen-2in1_es.png 500w,\n                https:\/\/nailner.com\/cdn-cgi\/image\/width=700,format=auto\/app\/uploads\/sites\/16\/2022\/11\/nailner-pen-2in1_es.png 700w\"\n        sizes=\"(max-width: 400px) 250px, (max-width: 800px) 500px, 700px\"\n        alt=\"Nailner L\u00e1piz 2 EN 1\"\n        class=\"img\">\n            <\/figure>\n    <div class=\"product-card-content\">\n      <div class=\"heading-wrapper\">\n        <h2 class=\"heading\">Nailner L\u00e1piz 2 en 1<\/h2>\n      <\/div>\n      <div class=\"product-card-description\">Trata y da brillo a las u\u00f1as<\/div>\n                      <\/div>\n  <\/a>\n          <div class=\"button-wrapper buy-now no-resellers\" data-testid=\"buy-now\">\n          <div class=\"buy-now-container dropdown-container\">\n    <a\n      class=\"theme-button button-primary-color rounded-button\"\n      href=\"https:\/\/www.atida.com\/es-es\/nailner-lapiz-2-en-1?utm_medium=shop_nailner&amp;utm_source=externo&amp;utm_campaign=web_nailner_buybutton\" onclick=\"dataLayer.push({'event':'ga_event', 'eventCategory':'Click on Reseller', 'eventAction':'Atida', 'eventLabel':'Nailner L\u00e1piz 2 en 1', 'eventValue': undefined})\" rel=\"noopener\" target=\"_blank\" title=\"Atida\"\n      data-testid=\"buy-now-reseller\">\n      Comprar ahora\n    <\/a>\n    <\/div>\n  <\/div>\n  <\/div>\n            <\/div>\n                  <\/div>\n        <div class=\"swiper-scrollbar\"><\/div>\n      <\/div>\n    <\/div>\n  <\/div>\n","protected":false},"excerpt":{"rendered":"","protected":false},"author":3,"featured_media":0,"parent":0,"menu_order":0,"comment_status":"closed","ping_status":"closed","template":"","meta":{"_acf_changed":false,"footnotes":""},"from-article-database":[],"class_list":["post-17","page","type-page","status-publish","hentry"],"acf":[],"yoast_head":"<!-- This site is optimized with the Yoast SEO plugin v26.6 - https:\/\/yoast.com\/wordpress\/plugins\/seo\/ -->\n<title>Acerca de Nailner - Nailner<\/title>\n<meta name=\"description\" content=\"Los productos Nailner tambi\u00e9n se enfocan en mejorar la apariencia de la u\u00f1a. Ya sea que quieras tener u\u00f1as naturales o de color, u\u00f1as con un aspecto m\u00e1s saludable o simplemente quieras tratar la infecci\u00f3n o el hongo. Nailner tiene el producto que se adapta a ti, de f\u00e1cil y r\u00e1pido uso.\" \/>\n<meta name=\"robots\" content=\"index, follow, max-snippet:-1, max-image-preview:large, max-video-preview:-1\" \/>\n<link rel=\"canonical\" href=\"https:\/\/nailner.com\/es\/acerca-de-nailner\/\" \/>\n<meta property=\"og:locale\" content=\"es_ES\" \/>\n<meta property=\"og:type\" content=\"article\" \/>\n<meta property=\"og:title\" content=\"Acerca de Nailner - Nailner\" \/>\n<meta property=\"og:description\" content=\"Los productos Nailner tambi\u00e9n se enfocan en mejorar la apariencia de la u\u00f1a. Ya sea que quieras tener u\u00f1as naturales o de color, u\u00f1as con un aspecto m\u00e1s saludable o simplemente quieras tratar la infecci\u00f3n o el hongo. Nailner tiene el producto que se adapta a ti, de f\u00e1cil y r\u00e1pido uso.\" \/>\n<meta property=\"og:url\" content=\"https:\/\/nailner.com\/es\/acerca-de-nailner\/\" \/>\n<meta property=\"og:site_name\" content=\"Nailner\" \/>\n<meta property=\"article:modified_time\" content=\"2025-09-19T13:28:14+00:00\" \/>\n<meta property=\"og:image\" content=\"https:\/\/nailner.com\/cdn-cgi\/image\/format=auto\/app\/uploads\/sites\/16\/2023\/09\/Assortment_Bathroom_ES.jpg\" \/>\n<meta name=\"twitter:card\" content=\"summary_large_image\" \/>\n<meta name=\"twitter:label1\" content=\"Tiempo de lectura\" \/>\n\t<meta name=\"twitter:data1\" content=\"3 minutos\" \/>\n<script type=\"application\/ld+json\" class=\"yoast-schema-graph\">{\"@context\":\"https:\/\/schema.org\",\"@graph\":[{\"@type\":\"WebPage\",\"@id\":\"https:\/\/nailner.com\/es\/acerca-de-nailner\/\",\"url\":\"https:\/\/nailner.com\/es\/acerca-de-nailner\/\",\"name\":\"Acerca de Nailner - Nailner\",\"isPartOf\":{\"@id\":\"https:\/\/nailner.com\/es\/#website\"},\"primaryImageOfPage\":{\"@id\":\"https:\/\/nailner.com\/es\/acerca-de-nailner\/#primaryimage\"},\"image\":{\"@id\":\"https:\/\/nailner.com\/es\/acerca-de-nailner\/#primaryimage\"},\"thumbnailUrl\":\"https:\/\/nailner.com\/cdn-cgi\/image\/format=auto\/app\/uploads\/sites\/16\/2023\/09\/Assortment_Bathroom_ES.jpg\",\"datePublished\":\"2022-11-18T08:22:14+00:00\",\"dateModified\":\"2025-09-19T13:28:14+00:00\",\"description\":\"Los productos Nailner tambi\u00e9n se enfocan en mejorar la apariencia de la u\u00f1a. Ya sea que quieras tener u\u00f1as naturales o de color, u\u00f1as con un aspecto m\u00e1s saludable o simplemente quieras tratar la infecci\u00f3n o el hongo. Nailner tiene el producto que se adapta a ti, de f\u00e1cil y r\u00e1pido uso.\",\"breadcrumb\":{\"@id\":\"https:\/\/nailner.com\/es\/acerca-de-nailner\/#breadcrumb\"},\"inLanguage\":\"es\",\"potentialAction\":[{\"@type\":\"ReadAction\",\"target\":[\"https:\/\/nailner.com\/es\/acerca-de-nailner\/\"]}]},{\"@type\":\"ImageObject\",\"inLanguage\":\"es\",\"@id\":\"https:\/\/nailner.com\/es\/acerca-de-nailner\/#primaryimage\",\"url\":\"https:\/\/nailner.com\/cdn-cgi\/image\/format=auto\/app\/uploads\/sites\/16\/2023\/09\/Assortment_Bathroom_ES.jpg\",\"contentUrl\":\"https:\/\/nailner.com\/cdn-cgi\/image\/format=auto\/app\/uploads\/sites\/16\/2023\/09\/Assortment_Bathroom_ES.jpg\"},{\"@type\":\"BreadcrumbList\",\"@id\":\"https:\/\/nailner.com\/es\/acerca-de-nailner\/#breadcrumb\",\"itemListElement\":[{\"@type\":\"ListItem\",\"position\":1,\"name\":\"Home\",\"item\":\"https:\/\/nailner.com\/es\/\"},{\"@type\":\"ListItem\",\"position\":2,\"name\":\"Acerca de Nailner\"}]},{\"@type\":\"WebSite\",\"@id\":\"https:\/\/nailner.com\/es\/#website\",\"url\":\"https:\/\/nailner.com\/es\/\",\"name\":\"Nailner\",\"description\":\"\",\"publisher\":{\"@id\":\"https:\/\/nailner.com\/es\/#organization\"},\"potentialAction\":[{\"@type\":\"SearchAction\",\"target\":{\"@type\":\"EntryPoint\",\"urlTemplate\":\"https:\/\/nailner.com\/es\/?s={search_term_string}\"},\"query-input\":{\"@type\":\"PropertyValueSpecification\",\"valueRequired\":true,\"valueName\":\"search_term_string\"}}],\"inLanguage\":\"es\"},{\"@type\":\"Organization\",\"@id\":\"https:\/\/nailner.com\/es\/#organization\",\"name\":\"Nailner\",\"url\":\"https:\/\/nailner.com\/es\/\",\"logo\":{\"@type\":\"ImageObject\",\"inLanguage\":\"es\",\"@id\":\"https:\/\/nailner.com\/es\/#\/schema\/logo\/image\/\",\"url\":\"https:\/\/nailner.com\/app\/uploads\/sites\/16\/2025\/04\/Nailner-logo.png\",\"contentUrl\":\"https:\/\/nailner.com\/app\/uploads\/sites\/16\/2025\/04\/Nailner-logo.png\",\"width\":134,\"height\":32,\"caption\":\"Nailner\"},\"image\":{\"@id\":\"https:\/\/nailner.com\/es\/#\/schema\/logo\/image\/\"}}]}<\/script>\n<!-- \/ Yoast SEO plugin. -->","yoast_head_json":{"title":"Acerca de Nailner - Nailner","description":"Los productos Nailner tambi\u00e9n se enfocan en mejorar la apariencia de la u\u00f1a. Ya sea que quieras tener u\u00f1as naturales o de color, u\u00f1as con un aspecto m\u00e1s saludable o simplemente quieras tratar la infecci\u00f3n o el hongo. Nailner tiene el producto que se adapta a ti, de f\u00e1cil y r\u00e1pido uso.","robots":{"index":"index","follow":"follow","max-snippet":"max-snippet:-1","max-image-preview":"max-image-preview:large","max-video-preview":"max-video-preview:-1"},"canonical":"https:\/\/nailner.com\/es\/acerca-de-nailner\/","og_locale":"es_ES","og_type":"article","og_title":"Acerca de Nailner - Nailner","og_description":"Los productos Nailner tambi\u00e9n se enfocan en mejorar la apariencia de la u\u00f1a. Ya sea que quieras tener u\u00f1as naturales o de color, u\u00f1as con un aspecto m\u00e1s saludable o simplemente quieras tratar la infecci\u00f3n o el hongo. Nailner tiene el producto que se adapta a ti, de f\u00e1cil y r\u00e1pido uso.","og_url":"https:\/\/nailner.com\/es\/acerca-de-nailner\/","og_site_name":"Nailner","article_modified_time":"2025-09-19T13:28:14+00:00","og_image":[{"url":"https:\/\/nailner.com\/cdn-cgi\/image\/format=auto\/app\/uploads\/sites\/16\/2023\/09\/Assortment_Bathroom_ES.jpg","type":"","width":"","height":""}],"twitter_card":"summary_large_image","twitter_misc":{"Tiempo de lectura":"3 minutos"},"schema":{"@context":"https:\/\/schema.org","@graph":[{"@type":"WebPage","@id":"https:\/\/nailner.com\/es\/acerca-de-nailner\/","url":"https:\/\/nailner.com\/es\/acerca-de-nailner\/","name":"Acerca de Nailner - Nailner","isPartOf":{"@id":"https:\/\/nailner.com\/es\/#website"},"primaryImageOfPage":{"@id":"https:\/\/nailner.com\/es\/acerca-de-nailner\/#primaryimage"},"image":{"@id":"https:\/\/nailner.com\/es\/acerca-de-nailner\/#primaryimage"},"thumbnailUrl":"https:\/\/nailner.com\/cdn-cgi\/image\/format=auto\/app\/uploads\/sites\/16\/2023\/09\/Assortment_Bathroom_ES.jpg","datePublished":"2022-11-18T08:22:14+00:00","dateModified":"2025-09-19T13:28:14+00:00","description":"Los productos Nailner tambi\u00e9n se enfocan en mejorar la apariencia de la u\u00f1a. Ya sea que quieras tener u\u00f1as naturales o de color, u\u00f1as con un aspecto m\u00e1s saludable o simplemente quieras tratar la infecci\u00f3n o el hongo. Nailner tiene el producto que se adapta a ti, de f\u00e1cil y r\u00e1pido uso.","breadcrumb":{"@id":"https:\/\/nailner.com\/es\/acerca-de-nailner\/#breadcrumb"},"inLanguage":"es","potentialAction":[{"@type":"ReadAction","target":["https:\/\/nailner.com\/es\/acerca-de-nailner\/"]}]},{"@type":"ImageObject","inLanguage":"es","@id":"https:\/\/nailner.com\/es\/acerca-de-nailner\/#primaryimage","url":"https:\/\/nailner.com\/cdn-cgi\/image\/format=auto\/app\/uploads\/sites\/16\/2023\/09\/Assortment_Bathroom_ES.jpg","contentUrl":"https:\/\/nailner.com\/cdn-cgi\/image\/format=auto\/app\/uploads\/sites\/16\/2023\/09\/Assortment_Bathroom_ES.jpg"},{"@type":"BreadcrumbList","@id":"https:\/\/nailner.com\/es\/acerca-de-nailner\/#breadcrumb","itemListElement":[{"@type":"ListItem","position":1,"name":"Home","item":"https:\/\/nailner.com\/es\/"},{"@type":"ListItem","position":2,"name":"Acerca de Nailner"}]},{"@type":"WebSite","@id":"https:\/\/nailner.com\/es\/#website","url":"https:\/\/nailner.com\/es\/","name":"Nailner","description":"","publisher":{"@id":"https:\/\/nailner.com\/es\/#organization"},"potentialAction":[{"@type":"SearchAction","target":{"@type":"EntryPoint","urlTemplate":"https:\/\/nailner.com\/es\/?s={search_term_string}"},"query-input":{"@type":"PropertyValueSpecification","valueRequired":true,"valueName":"search_term_string"}}],"inLanguage":"es"},{"@type":"Organization","@id":"https:\/\/nailner.com\/es\/#organization","name":"Nailner","url":"https:\/\/nailner.com\/es\/","logo":{"@type":"ImageObject","inLanguage":"es","@id":"https:\/\/nailner.com\/es\/#\/schema\/logo\/image\/","url":"https:\/\/nailner.com\/app\/uploads\/sites\/16\/2025\/04\/Nailner-logo.png","contentUrl":"https:\/\/nailner.com\/app\/uploads\/sites\/16\/2025\/04\/Nailner-logo.png","width":134,"height":32,"caption":"Nailner"},"image":{"@id":"https:\/\/nailner.com\/es\/#\/schema\/logo\/image\/"}}]}},"_links":{"self":[{"href":"https:\/\/nailner.com\/es\/wp-json\/wp\/v2\/pages\/17","targetHints":{"allow":["GET"]}}],"collection":[{"href":"https:\/\/nailner.com\/es\/wp-json\/wp\/v2\/pages"}],"about":[{"href":"https:\/\/nailner.com\/es\/wp-json\/wp\/v2\/types\/page"}],"author":[{"embeddable":true,"href":"https:\/\/nailner.com\/es\/wp-json\/wp\/v2\/users\/3"}],"replies":[{"embeddable":true,"href":"https:\/\/nailner.com\/es\/wp-json\/wp\/v2\/comments?post=17"}],"version-history":[{"count":9,"href":"https:\/\/nailner.com\/es\/wp-json\/wp\/v2\/pages\/17\/revisions"}],"predecessor-version":[{"id":230,"href":"https:\/\/nailner.com\/es\/wp-json\/wp\/v2\/pages\/17\/revisions\/230"}],"wp:attachment":[{"href":"https:\/\/nailner.com\/es\/wp-json\/wp\/v2\/media?parent=17"}],"wp:term":[{"taxonomy":"from-article-database","embeddable":true,"href":"https:\/\/nailner.com\/es\/wp-json\/wp\/v2\/from-article-database?post=17"}],"curies":[{"name":"wp","href":"https:\/\/api.w.org\/{rel}","templated":true}]}}