{"id":7,"date":"2022-11-18T08:52:22","date_gmt":"2022-11-18T07:52:22","guid":{"rendered":"https:\/\/nailner.com\/es\/?page_id=7"},"modified":"2025-09-19T15:28:18","modified_gmt":"2025-09-19T13:28:18","slug":"nailner","status":"publish","type":"page","link":"https:\/\/nailner.com\/es\/","title":{"rendered":"Nailner"},"content":{"rendered":"\n\n\n\n\n<div class=\"wp-block-karopharma-free-text pt-large pb-large bg-center bg-cover bg-no-repeat\" style=\"background-image:url()\"><div class=\"free-text-wrapper container max-w-medium text-left\">\n<p class=\"is-style-paragraph-preamble\">En Nailner entendemos que cuando se sufren hongos en las u\u00f1as solo importa deshacerse del problema de la forma m\u00e1s r\u00e1pida y c\u00f3moda posible, volviendo a tener unas u\u00f1as de aspecto saludable. Por eso los productos Nailner para el tratamiento de hongos en las u\u00f1as penetran r\u00e1pidamente en la u\u00f1a y est\u00e1n cl\u00ednicamente probados y han demostrado su eficacia para tratar y prevenir los hongos en las u\u00f1as.<\/p>\n\n\n\n<p class=\"is-style-paragraph-preamble\">Ofrecemos una gama de productos en la que algunos mejoran el aspecto de las u\u00f1as, con resultados visibles en 7 d\u00edas, y otros disimulan los hongos de las u\u00f1as cubriendo inmediatamente la decoloraci\u00f3n. Tanto si desea unas u\u00f1as naturales o con color, unas u\u00f1as de aspecto m\u00e1s saludable o simplemente quiere tratar la infecci\u00f3n, Nailner tiene el producto para usted.<\/p>\n<\/div><\/div>\n\n\n<div class=\"product-list wp-block-karopharma-product-list\" data-testid=\"product-list\">\n      <div class=\"swiper-container\">\n      <div class=\"swiper\">\n        <div class=\"swiper-wrapper\">\n                      <div class=\"swiper-slide\">\n              <div class=\"product-card\" data-testid=\"product-card\">\n  <a\n    href=https:\/\/nailner.com\/es\/producto\/nailner-ultimate-todo-en-uno\/\n    class=\"product-card-link\"\n    title=\"Nailner Ultimate Todo en Uno\"\n  >\n  <figure class=\"product-card-image\" data-testid=\"product-image\">\n                          <img decoding=\"async\" src=\"https:\/\/nailner.com\/cdn-cgi\/image\/width=700,format=auto\/app\/uploads\/sites\/16\/2024\/08\/Nailner-Ultimate-ALL-IN-ONE-ES-Amazon-v1-SKU-packshot.png\"\n        srcset=\"https:\/\/nailner.com\/cdn-cgi\/image\/width=250,format=auto\/app\/uploads\/sites\/16\/2024\/08\/Nailner-Ultimate-ALL-IN-ONE-ES-Amazon-v1-SKU-packshot.png 250w,\n                https:\/\/nailner.com\/cdn-cgi\/image\/width=500,format=auto\/app\/uploads\/sites\/16\/2024\/08\/Nailner-Ultimate-ALL-IN-ONE-ES-Amazon-v1-SKU-packshot.png 500w,\n                https:\/\/nailner.com\/cdn-cgi\/image\/width=700,format=auto\/app\/uploads\/sites\/16\/2024\/08\/Nailner-Ultimate-ALL-IN-ONE-ES-Amazon-v1-SKU-packshot.png 700w\"\n        sizes=\"(max-width: 400px) 250px, (max-width: 800px) 500px, 700px\"\n        alt=\"Nailner-Ultimate-ALL-IN-ONE-ES\"\n        class=\"img\">\n            <\/figure>\n    <div class=\"product-card-content\">\n      <div class=\"heading-wrapper\">\n        <h2 class=\"heading\">Nailner Ultimate Todo en Uno<\/h2>\n      <\/div>\n      <div class=\"product-card-description\">Tratamiento fortalecedor de u\u00f1as<\/div>\n                      <\/div>\n  <\/a>\n          <div class=\"button-wrapper buy-now no-resellers\" data-testid=\"buy-now\">\n          <div class=\"buy-now-container dropdown-container\">\n    <a\n      class=\"theme-button button-primary-color rounded-button\"\n      href=\"https:\/\/www.amazon.es\/Nailner-Ultimate-Tratamiento-endurecedor-u%C3%B1as\/dp\/B0CW1RKHCC\" onclick=\"dataLayer.push({'event':'ga_event', 'eventCategory':'Click on Reseller', 'eventAction':'Amazon', 'eventLabel':'Nailner Ultimate Todo en Uno', 'eventValue': undefined})\" rel=\"noopener\" target=\"_blank\" title=\"Amazon\"\n      data-testid=\"buy-now-reseller\">\n      Comprar ahora\n    <\/a>\n    <\/div>\n  <\/div>\n  <\/div>\n            <\/div>\n                      <div class=\"swiper-slide\">\n              <div class=\"product-card\" data-testid=\"product-card\">\n  <a\n    href=https:\/\/nailner.com\/es\/producto\/nailner-pincel-2-en-1\/\n    class=\"product-card-link\"\n    title=\"Nailner Pincel 2 en 1\"\n  >\n  <figure class=\"product-card-image\" data-testid=\"product-image\">\n                          <img decoding=\"async\" src=\"https:\/\/nailner.com\/cdn-cgi\/image\/width=700,format=auto\/app\/uploads\/sites\/16\/2022\/11\/nailner-brush-2in1_es.png\"\n        srcset=\"https:\/\/nailner.com\/cdn-cgi\/image\/width=250,format=auto\/app\/uploads\/sites\/16\/2022\/11\/nailner-brush-2in1_es.png 250w,\n                https:\/\/nailner.com\/cdn-cgi\/image\/width=500,format=auto\/app\/uploads\/sites\/16\/2022\/11\/nailner-brush-2in1_es.png 500w,\n                https:\/\/nailner.com\/cdn-cgi\/image\/width=700,format=auto\/app\/uploads\/sites\/16\/2022\/11\/nailner-brush-2in1_es.png 700w\"\n        sizes=\"(max-width: 400px) 250px, (max-width: 800px) 500px, 700px\"\n        alt=\"Nailner Pincel 2 EN 1\"\n        class=\"img\">\n            <\/figure>\n    <div class=\"product-card-content\">\n      <div class=\"heading-wrapper\">\n        <h2 class=\"heading\">Nailner Pincel 2 en 1<\/h2>\n      <\/div>\n      <div class=\"product-card-description\">Trata y da brillo a las u\u00f1as<\/div>\n                      <\/div>\n  <\/a>\n          <div class=\"button-wrapper buy-now no-resellers\" data-testid=\"buy-now\">\n          <div class=\"buy-now-container dropdown-container\">\n    <a\n      class=\"theme-button button-primary-color rounded-button\"\n      href=\"https:\/\/www.atida.com\/es-es\/nailner-pincel-2-en-1?utm_medium=shop_nailner&amp;utm_source=externo&amp;utm_campaign=web_nailner_buybutton\" onclick=\"dataLayer.push({'event':'ga_event', 'eventCategory':'Click on Reseller', 'eventAction':'Atida', 'eventLabel':'Nailner Pincel 2 en 1', 'eventValue': undefined})\" rel=\"noopener\" target=\"_blank\" title=\"Atida\"\n      data-testid=\"buy-now-reseller\">\n      Comprar ahora\n    <\/a>\n    <\/div>\n  <\/div>\n  <\/div>\n            <\/div>\n                      <div class=\"swiper-slide\">\n              <div class=\"product-card\" data-testid=\"product-card\">\n  <a\n    href=https:\/\/nailner.com\/es\/producto\/nailner-lapiz-2-en-1\/\n    class=\"product-card-link\"\n    title=\"Nailner L\u00e1piz 2 en 1\"\n  >\n  <figure class=\"product-card-image\" data-testid=\"product-image\">\n                          <img decoding=\"async\" src=\"https:\/\/nailner.com\/cdn-cgi\/image\/width=700,format=auto\/app\/uploads\/sites\/16\/2022\/11\/nailner-pen-2in1_es.png\"\n        srcset=\"https:\/\/nailner.com\/cdn-cgi\/image\/width=250,format=auto\/app\/uploads\/sites\/16\/2022\/11\/nailner-pen-2in1_es.png 250w,\n                https:\/\/nailner.com\/cdn-cgi\/image\/width=500,format=auto\/app\/uploads\/sites\/16\/2022\/11\/nailner-pen-2in1_es.png 500w,\n                https:\/\/nailner.com\/cdn-cgi\/image\/width=700,format=auto\/app\/uploads\/sites\/16\/2022\/11\/nailner-pen-2in1_es.png 700w\"\n        sizes=\"(max-width: 400px) 250px, (max-width: 800px) 500px, 700px\"\n        alt=\"Nailner L\u00e1piz 2 EN 1\"\n        class=\"img\">\n            <\/figure>\n    <div class=\"product-card-content\">\n      <div class=\"heading-wrapper\">\n        <h2 class=\"heading\">Nailner L\u00e1piz 2 en 1<\/h2>\n      <\/div>\n      <div class=\"product-card-description\">Trata y da brillo a las u\u00f1as<\/div>\n                      <\/div>\n  <\/a>\n          <div class=\"button-wrapper buy-now no-resellers\" data-testid=\"buy-now\">\n          <div class=\"buy-now-container dropdown-container\">\n    <a\n      class=\"theme-button button-primary-color rounded-button\"\n      href=\"https:\/\/www.atida.com\/es-es\/nailner-lapiz-2-en-1?utm_medium=shop_nailner&amp;utm_source=externo&amp;utm_campaign=web_nailner_buybutton\" onclick=\"dataLayer.push({'event':'ga_event', 'eventCategory':'Click on Reseller', 'eventAction':'Atida', 'eventLabel':'Nailner L\u00e1piz 2 en 1', 'eventValue': undefined})\" rel=\"noopener\" target=\"_blank\" title=\"Atida\"\n      data-testid=\"buy-now-reseller\">\n      Comprar ahora\n    <\/a>\n    <\/div>\n  <\/div>\n  <\/div>\n            <\/div>\n                  <\/div>\n        <div class=\"swiper-scrollbar\"><\/div>\n      <\/div>\n    <\/div>\n  <\/div>\n\n\n\n<div class=\"wp-block-karopharma-free-text pt-large pb-large bg-center bg-cover bg-no-repeat  is-style-secondary\" style=\"background-image:url()\"><div class=\"free-text-wrapper container max-w-small text-center\">\n<h2 class=\"is-style-heading-huge wp-block-heading\">Leer la Gu\u00eda Nailner para unas u\u00f1as sanas<\/h2>\n\n\n\n<p class=\"is-style-paragraph-preamble\">Los hongos en las u\u00f1as son un problema frecuente que puede causar preocupaci\u00f3n y angustia. Lea los consejos de un experto sobre el cuidado de las u\u00f1as en nuestra gu\u00eda.<\/p>\n\n\n\n<div class=\"wp-block-buttons is-layout-flex wp-block-buttons-is-layout-flex\">\n<div class=\"wp-block-button\"><a class=\"wp-block-button__link\" href=\"https:\/\/nailner.com\/es\/guia-nailner-para-unas-unas-sanas\/\">Leer m\u00e1s<\/a><\/div>\n<\/div>\n<\/div><\/div>\n","protected":false},"excerpt":{"rendered":"","protected":false},"author":3,"featured_media":91,"parent":0,"menu_order":0,"comment_status":"closed","ping_status":"closed","template":"","meta":{"_acf_changed":false,"footnotes":""},"from-article-database":[],"class_list":["post-7","page","type-page","status-publish","has-post-thumbnail","hentry"],"acf":[],"yoast_head":"<!-- This site is optimized with the Yoast SEO plugin v26.6 - https:\/\/yoast.com\/wordpress\/plugins\/seo\/ -->\n<title>Nailner - Nailner<\/title>\n<meta name=\"description\" content=\"En Nailner entendemos que cuando se sufren hongos en las u\u00f1as solo importa deshacerse del problema de la forma m\u00e1s r\u00e1pida y c\u00f3moda posible, volviendo a tener unas u\u00f1as de aspecto saludable.\" \/>\n<meta name=\"robots\" content=\"index, follow, max-snippet:-1, max-image-preview:large, max-video-preview:-1\" \/>\n<link rel=\"canonical\" href=\"https:\/\/nailner.com\/es\/\" \/>\n<meta property=\"og:locale\" content=\"es_ES\" \/>\n<meta property=\"og:type\" content=\"article\" \/>\n<meta property=\"og:title\" content=\"Nailner - Nailner\" \/>\n<meta property=\"og:description\" content=\"En Nailner entendemos que cuando se sufren hongos en las u\u00f1as solo importa deshacerse del problema de la forma m\u00e1s r\u00e1pida y c\u00f3moda posible, volviendo a tener unas u\u00f1as de aspecto saludable.\" \/>\n<meta property=\"og:url\" content=\"https:\/\/nailner.com\/es\/\" \/>\n<meta property=\"og:site_name\" content=\"Nailner\" \/>\n<meta property=\"article:modified_time\" content=\"2025-09-19T13:28:18+00:00\" \/>\n<meta property=\"og:image\" content=\"https:\/\/nailner.com\/app\/uploads\/sites\/16\/2022\/11\/2-in-1.png\" \/>\n\t<meta property=\"og:image:width\" content=\"815\" \/>\n\t<meta property=\"og:image:height\" content=\"815\" \/>\n\t<meta property=\"og:image:type\" content=\"image\/png\" \/>\n<meta name=\"twitter:card\" content=\"summary_large_image\" \/>\n<meta name=\"twitter:label1\" content=\"Tiempo de lectura\" \/>\n\t<meta name=\"twitter:data1\" content=\"1 minuto\" \/>\n<script type=\"application\/ld+json\" class=\"yoast-schema-graph\">{\"@context\":\"https:\/\/schema.org\",\"@graph\":[{\"@type\":\"WebPage\",\"@id\":\"https:\/\/nailner.com\/es\/\",\"url\":\"https:\/\/nailner.com\/es\/\",\"name\":\"Nailner - Nailner\",\"isPartOf\":{\"@id\":\"https:\/\/nailner.com\/es\/#website\"},\"primaryImageOfPage\":{\"@id\":\"https:\/\/nailner.com\/es\/#primaryimage\"},\"image\":{\"@id\":\"https:\/\/nailner.com\/es\/#primaryimage\"},\"thumbnailUrl\":\"https:\/\/nailner.com\/app\/uploads\/sites\/16\/2022\/11\/2-in-1.png\",\"datePublished\":\"2022-11-18T07:52:22+00:00\",\"dateModified\":\"2025-09-19T13:28:18+00:00\",\"description\":\"En Nailner entendemos que cuando se sufren hongos en las u\u00f1as solo importa deshacerse del problema de la forma m\u00e1s r\u00e1pida y c\u00f3moda posible, volviendo a tener unas u\u00f1as de aspecto saludable.\",\"breadcrumb\":{\"@id\":\"https:\/\/nailner.com\/es\/#breadcrumb\"},\"inLanguage\":\"es\",\"potentialAction\":[{\"@type\":\"ReadAction\",\"target\":[\"https:\/\/nailner.com\/es\/\"]}]},{\"@type\":\"ImageObject\",\"inLanguage\":\"es\",\"@id\":\"https:\/\/nailner.com\/es\/#primaryimage\",\"url\":\"https:\/\/nailner.com\/app\/uploads\/sites\/16\/2022\/11\/2-in-1.png\",\"contentUrl\":\"https:\/\/nailner.com\/app\/uploads\/sites\/16\/2022\/11\/2-in-1.png\",\"width\":815,\"height\":815,\"caption\":\"2-in-1\"},{\"@type\":\"BreadcrumbList\",\"@id\":\"https:\/\/nailner.com\/es\/#breadcrumb\",\"itemListElement\":[{\"@type\":\"ListItem\",\"position\":1,\"name\":\"Home\",\"item\":\"https:\/\/nailner.com\/es\/\"},{\"@type\":\"ListItem\",\"position\":2,\"name\":\"Nailner\"}]},{\"@type\":\"WebSite\",\"@id\":\"https:\/\/nailner.com\/es\/#website\",\"url\":\"https:\/\/nailner.com\/es\/\",\"name\":\"Nailner\",\"description\":\"\",\"publisher\":{\"@id\":\"https:\/\/nailner.com\/es\/#organization\"},\"potentialAction\":[{\"@type\":\"SearchAction\",\"target\":{\"@type\":\"EntryPoint\",\"urlTemplate\":\"https:\/\/nailner.com\/es\/?s={search_term_string}\"},\"query-input\":{\"@type\":\"PropertyValueSpecification\",\"valueRequired\":true,\"valueName\":\"search_term_string\"}}],\"inLanguage\":\"es\"},{\"@type\":\"Organization\",\"@id\":\"https:\/\/nailner.com\/es\/#organization\",\"name\":\"Nailner\",\"url\":\"https:\/\/nailner.com\/es\/\",\"logo\":{\"@type\":\"ImageObject\",\"inLanguage\":\"es\",\"@id\":\"https:\/\/nailner.com\/es\/#\/schema\/logo\/image\/\",\"url\":\"https:\/\/nailner.com\/app\/uploads\/sites\/16\/2025\/04\/Nailner-logo.png\",\"contentUrl\":\"https:\/\/nailner.com\/app\/uploads\/sites\/16\/2025\/04\/Nailner-logo.png\",\"width\":134,\"height\":32,\"caption\":\"Nailner\"},\"image\":{\"@id\":\"https:\/\/nailner.com\/es\/#\/schema\/logo\/image\/\"}}]}<\/script>\n<!-- \/ Yoast SEO plugin. -->","yoast_head_json":{"title":"Nailner - Nailner","description":"En Nailner entendemos que cuando se sufren hongos en las u\u00f1as solo importa deshacerse del problema de la forma m\u00e1s r\u00e1pida y c\u00f3moda posible, volviendo a tener unas u\u00f1as de aspecto saludable.","robots":{"index":"index","follow":"follow","max-snippet":"max-snippet:-1","max-image-preview":"max-image-preview:large","max-video-preview":"max-video-preview:-1"},"canonical":"https:\/\/nailner.com\/es\/","og_locale":"es_ES","og_type":"article","og_title":"Nailner - Nailner","og_description":"En Nailner entendemos que cuando se sufren hongos en las u\u00f1as solo importa deshacerse del problema de la forma m\u00e1s r\u00e1pida y c\u00f3moda posible, volviendo a tener unas u\u00f1as de aspecto saludable.","og_url":"https:\/\/nailner.com\/es\/","og_site_name":"Nailner","article_modified_time":"2025-09-19T13:28:18+00:00","og_image":[{"width":815,"height":815,"url":"https:\/\/nailner.com\/app\/uploads\/sites\/16\/2022\/11\/2-in-1.png","type":"image\/png"}],"twitter_card":"summary_large_image","twitter_misc":{"Tiempo de lectura":"1 minuto"},"schema":{"@context":"https:\/\/schema.org","@graph":[{"@type":"WebPage","@id":"https:\/\/nailner.com\/es\/","url":"https:\/\/nailner.com\/es\/","name":"Nailner - Nailner","isPartOf":{"@id":"https:\/\/nailner.com\/es\/#website"},"primaryImageOfPage":{"@id":"https:\/\/nailner.com\/es\/#primaryimage"},"image":{"@id":"https:\/\/nailner.com\/es\/#primaryimage"},"thumbnailUrl":"https:\/\/nailner.com\/app\/uploads\/sites\/16\/2022\/11\/2-in-1.png","datePublished":"2022-11-18T07:52:22+00:00","dateModified":"2025-09-19T13:28:18+00:00","description":"En Nailner entendemos que cuando se sufren hongos en las u\u00f1as solo importa deshacerse del problema de la forma m\u00e1s r\u00e1pida y c\u00f3moda posible, volviendo a tener unas u\u00f1as de aspecto saludable.","breadcrumb":{"@id":"https:\/\/nailner.com\/es\/#breadcrumb"},"inLanguage":"es","potentialAction":[{"@type":"ReadAction","target":["https:\/\/nailner.com\/es\/"]}]},{"@type":"ImageObject","inLanguage":"es","@id":"https:\/\/nailner.com\/es\/#primaryimage","url":"https:\/\/nailner.com\/app\/uploads\/sites\/16\/2022\/11\/2-in-1.png","contentUrl":"https:\/\/nailner.com\/app\/uploads\/sites\/16\/2022\/11\/2-in-1.png","width":815,"height":815,"caption":"2-in-1"},{"@type":"BreadcrumbList","@id":"https:\/\/nailner.com\/es\/#breadcrumb","itemListElement":[{"@type":"ListItem","position":1,"name":"Home","item":"https:\/\/nailner.com\/es\/"},{"@type":"ListItem","position":2,"name":"Nailner"}]},{"@type":"WebSite","@id":"https:\/\/nailner.com\/es\/#website","url":"https:\/\/nailner.com\/es\/","name":"Nailner","description":"","publisher":{"@id":"https:\/\/nailner.com\/es\/#organization"},"potentialAction":[{"@type":"SearchAction","target":{"@type":"EntryPoint","urlTemplate":"https:\/\/nailner.com\/es\/?s={search_term_string}"},"query-input":{"@type":"PropertyValueSpecification","valueRequired":true,"valueName":"search_term_string"}}],"inLanguage":"es"},{"@type":"Organization","@id":"https:\/\/nailner.com\/es\/#organization","name":"Nailner","url":"https:\/\/nailner.com\/es\/","logo":{"@type":"ImageObject","inLanguage":"es","@id":"https:\/\/nailner.com\/es\/#\/schema\/logo\/image\/","url":"https:\/\/nailner.com\/app\/uploads\/sites\/16\/2025\/04\/Nailner-logo.png","contentUrl":"https:\/\/nailner.com\/app\/uploads\/sites\/16\/2025\/04\/Nailner-logo.png","width":134,"height":32,"caption":"Nailner"},"image":{"@id":"https:\/\/nailner.com\/es\/#\/schema\/logo\/image\/"}}]}},"_links":{"self":[{"href":"https:\/\/nailner.com\/es\/wp-json\/wp\/v2\/pages\/7","targetHints":{"allow":["GET"]}}],"collection":[{"href":"https:\/\/nailner.com\/es\/wp-json\/wp\/v2\/pages"}],"about":[{"href":"https:\/\/nailner.com\/es\/wp-json\/wp\/v2\/types\/page"}],"author":[{"embeddable":true,"href":"https:\/\/nailner.com\/es\/wp-json\/wp\/v2\/users\/3"}],"replies":[{"embeddable":true,"href":"https:\/\/nailner.com\/es\/wp-json\/wp\/v2\/comments?post=7"}],"version-history":[{"count":10,"href":"https:\/\/nailner.com\/es\/wp-json\/wp\/v2\/pages\/7\/revisions"}],"predecessor-version":[{"id":247,"href":"https:\/\/nailner.com\/es\/wp-json\/wp\/v2\/pages\/7\/revisions\/247"}],"wp:featuredmedia":[{"embeddable":true,"href":"https:\/\/nailner.com\/es\/wp-json\/wp\/v2\/media\/91"}],"wp:attachment":[{"href":"https:\/\/nailner.com\/es\/wp-json\/wp\/v2\/media?parent=7"}],"wp:term":[{"taxonomy":"from-article-database","embeddable":true,"href":"https:\/\/nailner.com\/es\/wp-json\/wp\/v2\/from-article-database?post=7"}],"curies":[{"name":"wp","href":"https:\/\/api.w.org\/{rel}","templated":true}]}}