{"id":249,"date":"2024-08-19T10:50:25","date_gmt":"2024-08-19T08:50:25","guid":{"rendered":"https:\/\/nailner.com\/es\/?post_type=product&#038;p=249"},"modified":"2025-09-30T07:21:20","modified_gmt":"2025-09-30T05:21:20","slug":"nailner-ultimate-todo-en-uno","status":"publish","type":"product","link":"https:\/\/nailner.com\/es\/producto\/nailner-ultimate-todo-en-uno\/","title":{"rendered":"Nailner Ultimate Todo en Uno"},"content":{"rendered":"\n<div class=\"wp-block-karopharma-accordions is-style-transparent\"><div class=\"container\">\n<details class=\"wp-block-karopharma-accordion\"><summary><h2 class=\"accordion-title\">Modo de empleo<\/h2><\/summary><div class=\"accordion-content\">\n<p>Aplicar 1-2 capas sobre las u\u00f1as limpias dos veces por semana para mantener su tratamiento fortalecedor.<\/p>\n<\/div><\/details>\n<\/div><\/div>\n","protected":false},"excerpt":{"rendered":"<p>Tratamiento fortalecedor de u\u00f1as<\/p>\n","protected":false},"featured_media":250,"comment_status":"closed","ping_status":"closed","template":"","meta":{"_acf_changed":false,"footnotes":""},"product_brand":[],"product_cat":[],"product_tag":[],"class_list":{"0":"post-249","1":"product","2":"type-product","3":"status-publish","4":"has-post-thumbnail","7":"first","8":"instock","9":"shipping-taxable","10":"product-type-simple"},"acf":[],"yoast_head":"<!-- This site is optimized with the Yoast SEO plugin v26.6 - https:\/\/yoast.com\/wordpress\/plugins\/seo\/ -->\n<title>Nailner Ultimate Todo en Uno - Nailner<\/title>\n<meta name=\"description\" content=\"El tratamiento fortalecedor de u\u00f1as Nailner Ultimate Todo en Uno le proporcionar\u00e1 unas u\u00f1as m\u00e1s fuertes, duras y sanas en tan solo 3 semanas. Compuesto por un 81% de ingredientes de origen natural y formulado\" \/>\n<meta name=\"robots\" content=\"index, follow, max-snippet:-1, max-image-preview:large, max-video-preview:-1\" \/>\n<link rel=\"canonical\" href=\"https:\/\/nailner.com\/es\/producto\/nailner-ultimate-todo-en-uno\/\" \/>\n<meta property=\"og:locale\" content=\"es_ES\" \/>\n<meta property=\"og:type\" content=\"article\" \/>\n<meta property=\"og:title\" content=\"Nailner Ultimate Todo en Uno - Nailner\" \/>\n<meta property=\"og:description\" content=\"El tratamiento fortalecedor de u\u00f1as Nailner Ultimate Todo en Uno le proporcionar\u00e1 unas u\u00f1as m\u00e1s fuertes, duras y sanas en tan solo 3 semanas. Compuesto por un 81% de ingredientes de origen natural y formulado\" \/>\n<meta property=\"og:url\" content=\"https:\/\/nailner.com\/es\/producto\/nailner-ultimate-todo-en-uno\/\" \/>\n<meta property=\"og:site_name\" content=\"Nailner\" \/>\n<meta property=\"article:modified_time\" content=\"2025-09-30T05:21:20+00:00\" \/>\n<meta property=\"og:image\" content=\"https:\/\/nailner.com\/app\/uploads\/sites\/16\/2024\/08\/Nailner-Ultimate-ALL-IN-ONE-ES-Amazon-v1-SKU-packshot.png\" \/>\n\t<meta property=\"og:image:width\" content=\"800\" \/>\n\t<meta property=\"og:image:height\" content=\"800\" \/>\n\t<meta property=\"og:image:type\" content=\"image\/png\" \/>\n<meta name=\"twitter:card\" content=\"summary_large_image\" \/>\n<meta name=\"twitter:label1\" content=\"Tiempo de lectura\" \/>\n\t<meta name=\"twitter:data1\" content=\"1 minuto\" \/>\n<script type=\"application\/ld+json\" class=\"yoast-schema-graph\">{\"@context\":\"https:\/\/schema.org\",\"@graph\":[{\"@type\":\"WebPage\",\"@id\":\"https:\/\/nailner.com\/es\/producto\/nailner-ultimate-todo-en-uno\/\",\"url\":\"https:\/\/nailner.com\/es\/producto\/nailner-ultimate-todo-en-uno\/\",\"name\":\"Nailner Ultimate Todo en Uno - Nailner\",\"isPartOf\":{\"@id\":\"https:\/\/nailner.com\/es\/#website\"},\"primaryImageOfPage\":{\"@id\":\"https:\/\/nailner.com\/es\/producto\/nailner-ultimate-todo-en-uno\/#primaryimage\"},\"image\":{\"@id\":\"https:\/\/nailner.com\/es\/producto\/nailner-ultimate-todo-en-uno\/#primaryimage\"},\"thumbnailUrl\":\"https:\/\/nailner.com\/app\/uploads\/sites\/16\/2024\/08\/Nailner-Ultimate-ALL-IN-ONE-ES-Amazon-v1-SKU-packshot.png\",\"datePublished\":\"2024-08-19T08:50:25+00:00\",\"dateModified\":\"2025-09-30T05:21:20+00:00\",\"description\":\"El tratamiento fortalecedor de u\u00f1as Nailner Ultimate Todo en Uno le proporcionar\u00e1 unas u\u00f1as m\u00e1s fuertes, duras y sanas en tan solo 3 semanas. Compuesto por un 81% de ingredientes de origen natural y formulado\",\"breadcrumb\":{\"@id\":\"https:\/\/nailner.com\/es\/producto\/nailner-ultimate-todo-en-uno\/#breadcrumb\"},\"inLanguage\":\"es\",\"potentialAction\":[{\"@type\":\"ReadAction\",\"target\":[\"https:\/\/nailner.com\/es\/producto\/nailner-ultimate-todo-en-uno\/\"]}]},{\"@type\":\"ImageObject\",\"inLanguage\":\"es\",\"@id\":\"https:\/\/nailner.com\/es\/producto\/nailner-ultimate-todo-en-uno\/#primaryimage\",\"url\":\"https:\/\/nailner.com\/app\/uploads\/sites\/16\/2024\/08\/Nailner-Ultimate-ALL-IN-ONE-ES-Amazon-v1-SKU-packshot.png\",\"contentUrl\":\"https:\/\/nailner.com\/app\/uploads\/sites\/16\/2024\/08\/Nailner-Ultimate-ALL-IN-ONE-ES-Amazon-v1-SKU-packshot.png\",\"width\":800,\"height\":800,\"caption\":\"Nailner-Ultimate-ALL-IN-ONE-ES\"},{\"@type\":\"BreadcrumbList\",\"@id\":\"https:\/\/nailner.com\/es\/producto\/nailner-ultimate-todo-en-uno\/#breadcrumb\",\"itemListElement\":[{\"@type\":\"ListItem\",\"position\":1,\"name\":\"Home\",\"item\":\"https:\/\/nailner.com\/es\/\"},{\"@type\":\"ListItem\",\"position\":2,\"name\":\"Productos\",\"item\":\"https:\/\/nailner.com\/es\/productos\/\"},{\"@type\":\"ListItem\",\"position\":3,\"name\":\"Nailner Ultimate Todo en Uno\"}]},{\"@type\":\"WebSite\",\"@id\":\"https:\/\/nailner.com\/es\/#website\",\"url\":\"https:\/\/nailner.com\/es\/\",\"name\":\"Nailner\",\"description\":\"\",\"publisher\":{\"@id\":\"https:\/\/nailner.com\/es\/#organization\"},\"potentialAction\":[{\"@type\":\"SearchAction\",\"target\":{\"@type\":\"EntryPoint\",\"urlTemplate\":\"https:\/\/nailner.com\/es\/?s={search_term_string}\"},\"query-input\":{\"@type\":\"PropertyValueSpecification\",\"valueRequired\":true,\"valueName\":\"search_term_string\"}}],\"inLanguage\":\"es\"},{\"@type\":\"Organization\",\"@id\":\"https:\/\/nailner.com\/es\/#organization\",\"name\":\"Nailner\",\"url\":\"https:\/\/nailner.com\/es\/\",\"logo\":{\"@type\":\"ImageObject\",\"inLanguage\":\"es\",\"@id\":\"https:\/\/nailner.com\/es\/#\/schema\/logo\/image\/\",\"url\":\"https:\/\/nailner.com\/app\/uploads\/sites\/16\/2025\/04\/Nailner-logo.png\",\"contentUrl\":\"https:\/\/nailner.com\/app\/uploads\/sites\/16\/2025\/04\/Nailner-logo.png\",\"width\":134,\"height\":32,\"caption\":\"Nailner\"},\"image\":{\"@id\":\"https:\/\/nailner.com\/es\/#\/schema\/logo\/image\/\"}}]}<\/script>\n<!-- \/ Yoast SEO plugin. -->","yoast_head_json":{"title":"Nailner Ultimate Todo en Uno - Nailner","description":"El tratamiento fortalecedor de u\u00f1as Nailner Ultimate Todo en Uno le proporcionar\u00e1 unas u\u00f1as m\u00e1s fuertes, duras y sanas en tan solo 3 semanas. Compuesto por un 81% de ingredientes de origen natural y formulado","robots":{"index":"index","follow":"follow","max-snippet":"max-snippet:-1","max-image-preview":"max-image-preview:large","max-video-preview":"max-video-preview:-1"},"canonical":"https:\/\/nailner.com\/es\/producto\/nailner-ultimate-todo-en-uno\/","og_locale":"es_ES","og_type":"article","og_title":"Nailner Ultimate Todo en Uno - Nailner","og_description":"El tratamiento fortalecedor de u\u00f1as Nailner Ultimate Todo en Uno le proporcionar\u00e1 unas u\u00f1as m\u00e1s fuertes, duras y sanas en tan solo 3 semanas. Compuesto por un 81% de ingredientes de origen natural y formulado","og_url":"https:\/\/nailner.com\/es\/producto\/nailner-ultimate-todo-en-uno\/","og_site_name":"Nailner","article_modified_time":"2025-09-30T05:21:20+00:00","og_image":[{"width":800,"height":800,"url":"https:\/\/nailner.com\/app\/uploads\/sites\/16\/2024\/08\/Nailner-Ultimate-ALL-IN-ONE-ES-Amazon-v1-SKU-packshot.png","type":"image\/png"}],"twitter_card":"summary_large_image","twitter_misc":{"Tiempo de lectura":"1 minuto"},"schema":{"@context":"https:\/\/schema.org","@graph":[{"@type":"WebPage","@id":"https:\/\/nailner.com\/es\/producto\/nailner-ultimate-todo-en-uno\/","url":"https:\/\/nailner.com\/es\/producto\/nailner-ultimate-todo-en-uno\/","name":"Nailner Ultimate Todo en Uno - Nailner","isPartOf":{"@id":"https:\/\/nailner.com\/es\/#website"},"primaryImageOfPage":{"@id":"https:\/\/nailner.com\/es\/producto\/nailner-ultimate-todo-en-uno\/#primaryimage"},"image":{"@id":"https:\/\/nailner.com\/es\/producto\/nailner-ultimate-todo-en-uno\/#primaryimage"},"thumbnailUrl":"https:\/\/nailner.com\/app\/uploads\/sites\/16\/2024\/08\/Nailner-Ultimate-ALL-IN-ONE-ES-Amazon-v1-SKU-packshot.png","datePublished":"2024-08-19T08:50:25+00:00","dateModified":"2025-09-30T05:21:20+00:00","description":"El tratamiento fortalecedor de u\u00f1as Nailner Ultimate Todo en Uno le proporcionar\u00e1 unas u\u00f1as m\u00e1s fuertes, duras y sanas en tan solo 3 semanas. Compuesto por un 81% de ingredientes de origen natural y formulado","breadcrumb":{"@id":"https:\/\/nailner.com\/es\/producto\/nailner-ultimate-todo-en-uno\/#breadcrumb"},"inLanguage":"es","potentialAction":[{"@type":"ReadAction","target":["https:\/\/nailner.com\/es\/producto\/nailner-ultimate-todo-en-uno\/"]}]},{"@type":"ImageObject","inLanguage":"es","@id":"https:\/\/nailner.com\/es\/producto\/nailner-ultimate-todo-en-uno\/#primaryimage","url":"https:\/\/nailner.com\/app\/uploads\/sites\/16\/2024\/08\/Nailner-Ultimate-ALL-IN-ONE-ES-Amazon-v1-SKU-packshot.png","contentUrl":"https:\/\/nailner.com\/app\/uploads\/sites\/16\/2024\/08\/Nailner-Ultimate-ALL-IN-ONE-ES-Amazon-v1-SKU-packshot.png","width":800,"height":800,"caption":"Nailner-Ultimate-ALL-IN-ONE-ES"},{"@type":"BreadcrumbList","@id":"https:\/\/nailner.com\/es\/producto\/nailner-ultimate-todo-en-uno\/#breadcrumb","itemListElement":[{"@type":"ListItem","position":1,"name":"Home","item":"https:\/\/nailner.com\/es\/"},{"@type":"ListItem","position":2,"name":"Productos","item":"https:\/\/nailner.com\/es\/productos\/"},{"@type":"ListItem","position":3,"name":"Nailner Ultimate Todo en Uno"}]},{"@type":"WebSite","@id":"https:\/\/nailner.com\/es\/#website","url":"https:\/\/nailner.com\/es\/","name":"Nailner","description":"","publisher":{"@id":"https:\/\/nailner.com\/es\/#organization"},"potentialAction":[{"@type":"SearchAction","target":{"@type":"EntryPoint","urlTemplate":"https:\/\/nailner.com\/es\/?s={search_term_string}"},"query-input":{"@type":"PropertyValueSpecification","valueRequired":true,"valueName":"search_term_string"}}],"inLanguage":"es"},{"@type":"Organization","@id":"https:\/\/nailner.com\/es\/#organization","name":"Nailner","url":"https:\/\/nailner.com\/es\/","logo":{"@type":"ImageObject","inLanguage":"es","@id":"https:\/\/nailner.com\/es\/#\/schema\/logo\/image\/","url":"https:\/\/nailner.com\/app\/uploads\/sites\/16\/2025\/04\/Nailner-logo.png","contentUrl":"https:\/\/nailner.com\/app\/uploads\/sites\/16\/2025\/04\/Nailner-logo.png","width":134,"height":32,"caption":"Nailner"},"image":{"@id":"https:\/\/nailner.com\/es\/#\/schema\/logo\/image\/"}}]}},"_links":{"self":[{"href":"https:\/\/nailner.com\/es\/wp-json\/wp\/v2\/product\/249","targetHints":{"allow":["GET"]}}],"collection":[{"href":"https:\/\/nailner.com\/es\/wp-json\/wp\/v2\/product"}],"about":[{"href":"https:\/\/nailner.com\/es\/wp-json\/wp\/v2\/types\/product"}],"replies":[{"embeddable":true,"href":"https:\/\/nailner.com\/es\/wp-json\/wp\/v2\/comments?post=249"}],"version-history":[{"count":3,"href":"https:\/\/nailner.com\/es\/wp-json\/wp\/v2\/product\/249\/revisions"}],"predecessor-version":[{"id":381,"href":"https:\/\/nailner.com\/es\/wp-json\/wp\/v2\/product\/249\/revisions\/381"}],"wp:featuredmedia":[{"embeddable":true,"href":"https:\/\/nailner.com\/es\/wp-json\/wp\/v2\/media\/250"}],"wp:attachment":[{"href":"https:\/\/nailner.com\/es\/wp-json\/wp\/v2\/media?parent=249"}],"wp:term":[{"taxonomy":"product_brand","embeddable":true,"href":"https:\/\/nailner.com\/es\/wp-json\/wp\/v2\/product_brand?post=249"},{"taxonomy":"product_cat","embeddable":true,"href":"https:\/\/nailner.com\/es\/wp-json\/wp\/v2\/product_cat?post=249"},{"taxonomy":"product_tag","embeddable":true,"href":"https:\/\/nailner.com\/es\/wp-json\/wp\/v2\/product_tag?post=249"}],"curies":[{"name":"wp","href":"https:\/\/api.w.org\/{rel}","templated":true}]}}