{"id":54,"date":"2022-11-18T09:35:20","date_gmt":"2022-11-18T08:35:20","guid":{"rendered":"https:\/\/nailner.com\/es\/?post_type=product&#038;p=54"},"modified":"2025-09-30T07:21:00","modified_gmt":"2025-09-30T05:21:00","slug":"nailner-pincel-2-en-1","status":"publish","type":"product","link":"https:\/\/nailner.com\/es\/producto\/nailner-pincel-2-en-1\/","title":{"rendered":"Nailner Pincel 2 en 1"},"content":{"rendered":"\n<section class=\"wp-block-karopharma-usp is-style-transparent usp is-style-transparent\"><div class=\"usp-wrapper\">\n<section class=\"wp-block-karopharma-usp-single usp-single undefined\"><div class=\"icon\"><svg width=\"21\" height=\"16\" viewBox=\"0 0 21 16\" fill=\"none\" xmlns=\"http:\/\/www.w3.org\/2000\/svg\"><path d=\"M19.2567 0.164742L6.13095 13.2905L1.49056 8.65006C1.2709 8.4304 0.914742 8.4304 0.695039 8.65006L0.164742 9.18036C-0.0549141 9.40001 -0.0549141 9.75617 0.164742 9.97587L5.73321 15.5443C5.95287 15.764 6.30903 15.764 6.52873 15.5443L20.5825 1.4906C20.8021 1.27095 20.8021 0.914789 20.5825 0.695086L20.0521 0.164742C19.8325 -0.0549141 19.4763 -0.0549141 19.2567 0.164742Z\" fill=\"white\"><\/path><\/svg><\/div>\n<h4 class=\"wp-block-heading has-text-align-center is-style-heading-h4\" id=\"step-1\">Paso 1<\/h4>\n\n\n\n<p class=\"has-text-align-center is-style-body-text\">Limpie la u\u00f1a y elimine el esmalte antes de cada aplicaci\u00f3n. No es necesario limar la u\u00f1a antes de su uso. Aplicar dos veces al d\u00eda durante las primeras cuatro semanas de uso.<\/p>\n<\/section>\n\n\n\n<section class=\"wp-block-karopharma-usp-single usp-single undefined\"><div class=\"icon\"><svg width=\"21\" height=\"16\" viewBox=\"0 0 21 16\" fill=\"none\" xmlns=\"http:\/\/www.w3.org\/2000\/svg\"><path d=\"M19.2567 0.164742L6.13095 13.2905L1.49056 8.65006C1.2709 8.4304 0.914742 8.4304 0.695039 8.65006L0.164742 9.18036C-0.0549141 9.40001 -0.0549141 9.75617 0.164742 9.97587L5.73321 15.5443C5.95287 15.764 6.30903 15.764 6.52873 15.5443L20.5825 1.4906C20.8021 1.27095 20.8021 0.914789 20.5825 0.695086L20.0521 0.164742C19.8325 -0.0549141 19.4763 -0.0549141 19.2567 0.164742Z\" fill=\"white\"><\/path><\/svg><\/div>\n<h4 class=\"wp-block-heading has-text-align-center is-style-heading-h4\" id=\"step-2\">Paso 2<\/h4>\n\n\n\n<p class=\"has-text-align-center is-style-body-text\">A continuaci\u00f3n, aplicar una vez al d\u00eda hasta que la u\u00f1a da\u00f1ada haya sido sustituida por una u\u00f1a sana. La soluci\u00f3n debe aplicarse en toda la superficie de la u\u00f1a, incluida la parte inferior del borde m\u00e1s anterior.<\/p>\n<\/section>\n\n\n\n<section class=\"wp-block-karopharma-usp-single usp-single undefined\"><div class=\"icon\"><svg width=\"21\" height=\"16\" viewBox=\"0 0 21 16\" fill=\"none\" xmlns=\"http:\/\/www.w3.org\/2000\/svg\"><path d=\"M19.2567 0.164742L6.13095 13.2905L1.49056 8.65006C1.2709 8.4304 0.914742 8.4304 0.695039 8.65006L0.164742 9.18036C-0.0549141 9.40001 -0.0549141 9.75617 0.164742 9.97587L5.73321 15.5443C5.95287 15.764 6.30903 15.764 6.52873 15.5443L20.5825 1.4906C20.8021 1.27095 20.8021 0.914789 20.5825 0.695086L20.0521 0.164742C19.8325 -0.0549141 19.4763 -0.0549141 19.2567 0.164742Z\" fill=\"white\"><\/path><\/svg><\/div>\n<h4 class=\"wp-block-heading has-text-align-center is-style-heading-h4\" id=\"step-1-2\">Paso 3<\/h4>\n\n\n\n<p class=\"has-text-align-center is-style-body-text\">Vuelva a tapar bien el frasco despu\u00e9s de cada uso. Nailner Pincel tambi\u00e9n puede utilizarse de forma preventiva. Aplique Nailner Pincel una vez al d\u00eda para prevenir la infecci\u00f3n de las u\u00f1as por hongos.<\/p>\n<\/section>\n<\/div><\/section>\n","protected":false},"excerpt":{"rendered":"<p>Trata y da brillo a las u\u00f1as<\/p>\n","protected":false},"featured_media":76,"comment_status":"closed","ping_status":"closed","template":"","meta":{"_acf_changed":false,"footnotes":""},"product_brand":[],"product_cat":[17],"product_tag":[],"class_list":{"0":"post-54","1":"product","2":"type-product","3":"status-publish","4":"has-post-thumbnail","6":"product_cat-uncategorized","8":"first","9":"instock","10":"shipping-taxable","11":"product-type-simple"},"acf":[],"yoast_head":"<!-- This site is optimized with the Yoast SEO plugin v26.6 - https:\/\/yoast.com\/wordpress\/plugins\/seo\/ -->\n<title>Nailner Pincel 2 en 1 - Nailner<\/title>\n<meta name=\"description\" content=\"U\u00f1as brillantes en 7 d\u00edas - Nailner Pincel 2 en 1 contiene un ingrediente que aporta brillo y ayuda a mejorar el aspecto de la u\u00f1a infectada tras solo 7 d\u00edas.\" \/>\n<meta name=\"robots\" content=\"index, follow, max-snippet:-1, max-image-preview:large, max-video-preview:-1\" \/>\n<link rel=\"canonical\" href=\"https:\/\/nailner.com\/es\/producto\/nailner-pincel-2-en-1\/\" \/>\n<meta property=\"og:locale\" content=\"es_ES\" \/>\n<meta property=\"og:type\" content=\"article\" \/>\n<meta property=\"og:title\" content=\"Nailner Pincel 2 en 1 - Nailner\" \/>\n<meta property=\"og:description\" content=\"U\u00f1as brillantes en 7 d\u00edas - Nailner Pincel 2 en 1 contiene un ingrediente que aporta brillo y ayuda a mejorar el aspecto de la u\u00f1a infectada tras solo 7 d\u00edas.\" \/>\n<meta property=\"og:url\" content=\"https:\/\/nailner.com\/es\/producto\/nailner-pincel-2-en-1\/\" \/>\n<meta property=\"og:site_name\" content=\"Nailner\" \/>\n<meta property=\"article:modified_time\" content=\"2025-09-30T05:21:00+00:00\" \/>\n<meta property=\"og:image\" content=\"https:\/\/nailner.com\/app\/uploads\/sites\/16\/2022\/11\/nailner-brush-2in1_es.png\" \/>\n\t<meta property=\"og:image:width\" content=\"800\" \/>\n\t<meta property=\"og:image:height\" content=\"800\" \/>\n\t<meta property=\"og:image:type\" content=\"image\/png\" \/>\n<meta name=\"twitter:card\" content=\"summary_large_image\" \/>\n<meta name=\"twitter:label1\" content=\"Tiempo de lectura\" \/>\n\t<meta name=\"twitter:data1\" content=\"1 minuto\" \/>\n<script type=\"application\/ld+json\" class=\"yoast-schema-graph\">{\"@context\":\"https:\/\/schema.org\",\"@graph\":[{\"@type\":\"WebPage\",\"@id\":\"https:\/\/nailner.com\/es\/producto\/nailner-pincel-2-en-1\/\",\"url\":\"https:\/\/nailner.com\/es\/producto\/nailner-pincel-2-en-1\/\",\"name\":\"Nailner Pincel 2 en 1 - Nailner\",\"isPartOf\":{\"@id\":\"https:\/\/nailner.com\/es\/#website\"},\"primaryImageOfPage\":{\"@id\":\"https:\/\/nailner.com\/es\/producto\/nailner-pincel-2-en-1\/#primaryimage\"},\"image\":{\"@id\":\"https:\/\/nailner.com\/es\/producto\/nailner-pincel-2-en-1\/#primaryimage\"},\"thumbnailUrl\":\"https:\/\/nailner.com\/app\/uploads\/sites\/16\/2022\/11\/nailner-brush-2in1_es.png\",\"datePublished\":\"2022-11-18T08:35:20+00:00\",\"dateModified\":\"2025-09-30T05:21:00+00:00\",\"description\":\"U\u00f1as brillantes en 7 d\u00edas - Nailner Pincel 2 en 1 contiene un ingrediente que aporta brillo y ayuda a mejorar el aspecto de la u\u00f1a infectada tras solo 7 d\u00edas.\",\"breadcrumb\":{\"@id\":\"https:\/\/nailner.com\/es\/producto\/nailner-pincel-2-en-1\/#breadcrumb\"},\"inLanguage\":\"es\",\"potentialAction\":[{\"@type\":\"ReadAction\",\"target\":[\"https:\/\/nailner.com\/es\/producto\/nailner-pincel-2-en-1\/\"]}]},{\"@type\":\"ImageObject\",\"inLanguage\":\"es\",\"@id\":\"https:\/\/nailner.com\/es\/producto\/nailner-pincel-2-en-1\/#primaryimage\",\"url\":\"https:\/\/nailner.com\/app\/uploads\/sites\/16\/2022\/11\/nailner-brush-2in1_es.png\",\"contentUrl\":\"https:\/\/nailner.com\/app\/uploads\/sites\/16\/2022\/11\/nailner-brush-2in1_es.png\",\"width\":800,\"height\":800,\"caption\":\"Nailner Pincel 2 EN 1\"},{\"@type\":\"BreadcrumbList\",\"@id\":\"https:\/\/nailner.com\/es\/producto\/nailner-pincel-2-en-1\/#breadcrumb\",\"itemListElement\":[{\"@type\":\"ListItem\",\"position\":1,\"name\":\"Home\",\"item\":\"https:\/\/nailner.com\/es\/\"},{\"@type\":\"ListItem\",\"position\":2,\"name\":\"Productos\",\"item\":\"https:\/\/nailner.com\/es\/productos\/\"},{\"@type\":\"ListItem\",\"position\":3,\"name\":\"Nailner Pincel 2 en 1\"}]},{\"@type\":\"WebSite\",\"@id\":\"https:\/\/nailner.com\/es\/#website\",\"url\":\"https:\/\/nailner.com\/es\/\",\"name\":\"Nailner\",\"description\":\"\",\"publisher\":{\"@id\":\"https:\/\/nailner.com\/es\/#organization\"},\"potentialAction\":[{\"@type\":\"SearchAction\",\"target\":{\"@type\":\"EntryPoint\",\"urlTemplate\":\"https:\/\/nailner.com\/es\/?s={search_term_string}\"},\"query-input\":{\"@type\":\"PropertyValueSpecification\",\"valueRequired\":true,\"valueName\":\"search_term_string\"}}],\"inLanguage\":\"es\"},{\"@type\":\"Organization\",\"@id\":\"https:\/\/nailner.com\/es\/#organization\",\"name\":\"Nailner\",\"url\":\"https:\/\/nailner.com\/es\/\",\"logo\":{\"@type\":\"ImageObject\",\"inLanguage\":\"es\",\"@id\":\"https:\/\/nailner.com\/es\/#\/schema\/logo\/image\/\",\"url\":\"https:\/\/nailner.com\/app\/uploads\/sites\/16\/2025\/04\/Nailner-logo.png\",\"contentUrl\":\"https:\/\/nailner.com\/app\/uploads\/sites\/16\/2025\/04\/Nailner-logo.png\",\"width\":134,\"height\":32,\"caption\":\"Nailner\"},\"image\":{\"@id\":\"https:\/\/nailner.com\/es\/#\/schema\/logo\/image\/\"}}]}<\/script>\n<!-- \/ Yoast SEO plugin. -->","yoast_head_json":{"title":"Nailner Pincel 2 en 1 - Nailner","description":"U\u00f1as brillantes en 7 d\u00edas - Nailner Pincel 2 en 1 contiene un ingrediente que aporta brillo y ayuda a mejorar el aspecto de la u\u00f1a infectada tras solo 7 d\u00edas.","robots":{"index":"index","follow":"follow","max-snippet":"max-snippet:-1","max-image-preview":"max-image-preview:large","max-video-preview":"max-video-preview:-1"},"canonical":"https:\/\/nailner.com\/es\/producto\/nailner-pincel-2-en-1\/","og_locale":"es_ES","og_type":"article","og_title":"Nailner Pincel 2 en 1 - Nailner","og_description":"U\u00f1as brillantes en 7 d\u00edas - Nailner Pincel 2 en 1 contiene un ingrediente que aporta brillo y ayuda a mejorar el aspecto de la u\u00f1a infectada tras solo 7 d\u00edas.","og_url":"https:\/\/nailner.com\/es\/producto\/nailner-pincel-2-en-1\/","og_site_name":"Nailner","article_modified_time":"2025-09-30T05:21:00+00:00","og_image":[{"width":800,"height":800,"url":"https:\/\/nailner.com\/app\/uploads\/sites\/16\/2022\/11\/nailner-brush-2in1_es.png","type":"image\/png"}],"twitter_card":"summary_large_image","twitter_misc":{"Tiempo de lectura":"1 minuto"},"schema":{"@context":"https:\/\/schema.org","@graph":[{"@type":"WebPage","@id":"https:\/\/nailner.com\/es\/producto\/nailner-pincel-2-en-1\/","url":"https:\/\/nailner.com\/es\/producto\/nailner-pincel-2-en-1\/","name":"Nailner Pincel 2 en 1 - Nailner","isPartOf":{"@id":"https:\/\/nailner.com\/es\/#website"},"primaryImageOfPage":{"@id":"https:\/\/nailner.com\/es\/producto\/nailner-pincel-2-en-1\/#primaryimage"},"image":{"@id":"https:\/\/nailner.com\/es\/producto\/nailner-pincel-2-en-1\/#primaryimage"},"thumbnailUrl":"https:\/\/nailner.com\/app\/uploads\/sites\/16\/2022\/11\/nailner-brush-2in1_es.png","datePublished":"2022-11-18T08:35:20+00:00","dateModified":"2025-09-30T05:21:00+00:00","description":"U\u00f1as brillantes en 7 d\u00edas - Nailner Pincel 2 en 1 contiene un ingrediente que aporta brillo y ayuda a mejorar el aspecto de la u\u00f1a infectada tras solo 7 d\u00edas.","breadcrumb":{"@id":"https:\/\/nailner.com\/es\/producto\/nailner-pincel-2-en-1\/#breadcrumb"},"inLanguage":"es","potentialAction":[{"@type":"ReadAction","target":["https:\/\/nailner.com\/es\/producto\/nailner-pincel-2-en-1\/"]}]},{"@type":"ImageObject","inLanguage":"es","@id":"https:\/\/nailner.com\/es\/producto\/nailner-pincel-2-en-1\/#primaryimage","url":"https:\/\/nailner.com\/app\/uploads\/sites\/16\/2022\/11\/nailner-brush-2in1_es.png","contentUrl":"https:\/\/nailner.com\/app\/uploads\/sites\/16\/2022\/11\/nailner-brush-2in1_es.png","width":800,"height":800,"caption":"Nailner Pincel 2 EN 1"},{"@type":"BreadcrumbList","@id":"https:\/\/nailner.com\/es\/producto\/nailner-pincel-2-en-1\/#breadcrumb","itemListElement":[{"@type":"ListItem","position":1,"name":"Home","item":"https:\/\/nailner.com\/es\/"},{"@type":"ListItem","position":2,"name":"Productos","item":"https:\/\/nailner.com\/es\/productos\/"},{"@type":"ListItem","position":3,"name":"Nailner Pincel 2 en 1"}]},{"@type":"WebSite","@id":"https:\/\/nailner.com\/es\/#website","url":"https:\/\/nailner.com\/es\/","name":"Nailner","description":"","publisher":{"@id":"https:\/\/nailner.com\/es\/#organization"},"potentialAction":[{"@type":"SearchAction","target":{"@type":"EntryPoint","urlTemplate":"https:\/\/nailner.com\/es\/?s={search_term_string}"},"query-input":{"@type":"PropertyValueSpecification","valueRequired":true,"valueName":"search_term_string"}}],"inLanguage":"es"},{"@type":"Organization","@id":"https:\/\/nailner.com\/es\/#organization","name":"Nailner","url":"https:\/\/nailner.com\/es\/","logo":{"@type":"ImageObject","inLanguage":"es","@id":"https:\/\/nailner.com\/es\/#\/schema\/logo\/image\/","url":"https:\/\/nailner.com\/app\/uploads\/sites\/16\/2025\/04\/Nailner-logo.png","contentUrl":"https:\/\/nailner.com\/app\/uploads\/sites\/16\/2025\/04\/Nailner-logo.png","width":134,"height":32,"caption":"Nailner"},"image":{"@id":"https:\/\/nailner.com\/es\/#\/schema\/logo\/image\/"}}]}},"_links":{"self":[{"href":"https:\/\/nailner.com\/es\/wp-json\/wp\/v2\/product\/54","targetHints":{"allow":["GET"]}}],"collection":[{"href":"https:\/\/nailner.com\/es\/wp-json\/wp\/v2\/product"}],"about":[{"href":"https:\/\/nailner.com\/es\/wp-json\/wp\/v2\/types\/product"}],"replies":[{"embeddable":true,"href":"https:\/\/nailner.com\/es\/wp-json\/wp\/v2\/comments?post=54"}],"version-history":[{"count":10,"href":"https:\/\/nailner.com\/es\/wp-json\/wp\/v2\/product\/54\/revisions"}],"predecessor-version":[{"id":379,"href":"https:\/\/nailner.com\/es\/wp-json\/wp\/v2\/product\/54\/revisions\/379"}],"wp:featuredmedia":[{"embeddable":true,"href":"https:\/\/nailner.com\/es\/wp-json\/wp\/v2\/media\/76"}],"wp:attachment":[{"href":"https:\/\/nailner.com\/es\/wp-json\/wp\/v2\/media?parent=54"}],"wp:term":[{"taxonomy":"product_brand","embeddable":true,"href":"https:\/\/nailner.com\/es\/wp-json\/wp\/v2\/product_brand?post=54"},{"taxonomy":"product_cat","embeddable":true,"href":"https:\/\/nailner.com\/es\/wp-json\/wp\/v2\/product_cat?post=54"},{"taxonomy":"product_tag","embeddable":true,"href":"https:\/\/nailner.com\/es\/wp-json\/wp\/v2\/product_tag?post=54"}],"curies":[{"name":"wp","href":"https:\/\/api.w.org\/{rel}","templated":true}]}}