{"id":99,"date":"2022-05-23T15:11:02","date_gmt":"2022-05-23T13:11:02","guid":{"rendered":"https:\/\/nailner.com\/fi\/?page_id=99"},"modified":"2026-01-02T13:07:43","modified_gmt":"2026-01-02T11:07:43","slug":"usein-kysyttya","status":"publish","type":"page","link":"https:\/\/nailner.com\/fi\/usein-kysyttya\/","title":{"rendered":"Usein kysytty\u00e4"},"content":{"rendered":"\n<div class=\"wp-block-karopharma-free-text pt-large pb-large bg-center bg-contain bg-no-repeat  undefined is-style-secondary\" style=\"background-image:url()\"><div class=\"free-text-wrapper container max-w-medium text-center\">\n<h1 class=\"is-style-heading-huge wp-block-heading\" id=\"frequently-asked-questions\">Usein kysytty\u00e4<\/h1>\n\n\n\n<p class=\"is-style-paragraph-preamble\">N\u00e4m\u00e4 ovat yleisimmin kysyttyj\u00e4 kysymyksi\u00e4 Nailner-tuotteista.<\/p>\n<\/div><\/div>\n\n\n\n<div class=\"wp-block-karopharma-accordions\"><div class=\"container\">\n<details class=\"wp-block-karopharma-accordion\"><summary><h2 class=\"accordion-title\">Mill\u00e4 tavoin Nailner vaikuttaa?<\/h2><\/summary><div class=\"accordion-content\">\n<p>Nailnerin sis\u00e4lt\u00e4m\u00e4t aineet hoitavat tehokkaasti sieni-infektiota ja ehk\u00e4isev\u00e4t niiden synty\u00e4 sek\u00e4 varpaiden ett\u00e4 sormien kynsiss\u00e4. Ainutlaatuisen kuljettajaj\u00e4rjestelm\u00e4n ansiosta Nailnerin ainesosat kyll\u00e4st\u00e4v\u00e4t kynnen ja taistelevat sient\u00e4 vastaan muuttamalla kynnen pH-arvon sienelle ep\u00e4suotuisaksi.<\/p>\n<\/div><\/details>\n\n\n\n<details class=\"wp-block-karopharma-accordion\"><summary><h2 class=\"accordion-title\">Voiko Nailner-hoitoaineita levitt\u00e4\u00e4 lakattuihin kynsiin?<\/h2><\/summary><div class=\"accordion-content\">\n<p>Ei, Nailner-hoitoaineita ei pid\u00e4 levitt\u00e4\u00e4 lakattuihin kynsiin. Kynsilakka on poistettava ennen hoitoaineen levitt\u00e4mist\u00e4. Nailner Hoida &amp; Lakkaa sis\u00e4lt\u00e4\u00e4 hengitt\u00e4v\u00e4n kynsilakan, jota voidaan levitt\u00e4\u00e4 hoitoaineen p\u00e4\u00e4lle.<\/p>\n<\/div><\/details>\n\n\n\n<details class=\"wp-block-karopharma-accordion\"><summary><h2 class=\"accordion-title\">Voivatko diabeetikot ja heikosta verenkierrosta k\u00e4rsiv\u00e4t k\u00e4ytt\u00e4\u00e4 Nailneria?<\/h2><\/summary><div class=\"accordion-content\">\n<p>Jos olet diabeetikko tai jos verenkiertosi on heikentynyt, kysy l\u00e4\u00e4k\u00e4rilt\u00e4 neuvoa ennen Nailner-tuotteiden k\u00e4ytt\u00f6\u00e4.<\/p>\n<\/div><\/details>\n\n\n\n<details class=\"wp-block-karopharma-accordion\"><summary><h2 class=\"accordion-title\">Voiko Nailneria k\u00e4ytt\u00e4\u00e4, jos on raskaana tai imett\u00e4\u00e4?<\/h2><\/summary><div class=\"accordion-content\">\n<p>Nailnerin turvallisuutta raskaana olevilla tai imett\u00e4vill\u00e4 naisilla ei ole erityisesti testattu. Yleisesti ottaen raskaana olevien ja imett\u00e4vien \u00e4itien, jotka haluavat hoitaa kynsisient\u00e4, pit\u00e4\u00e4 kysy\u00e4 l\u00e4\u00e4k\u00e4rilt\u00e4 neuvoa ennen hoidon aloittamista.<\/p>\n<\/div><\/details>\n\n\n\n<details class=\"wp-block-karopharma-accordion\"><summary><h2 class=\"accordion-title\">Voivatko lapset k\u00e4ytt\u00e4\u00e4 Nailner-tuotteita?<\/h2><\/summary><div class=\"accordion-content\">\n<p>Nailner-tuotteiden k\u00e4yt\u00f6lle ei ole ik\u00e4rajaa, mutta jos lapsi on alle 16-vuotias, kysy neuvoa l\u00e4\u00e4k\u00e4rilt\u00e4. Koska kynsisieni lapsilla on harvinainen, suosittelemme keskustelua l\u00e4\u00e4k\u00e4rin kanssa ennen k\u00e4ytt\u00f6\u00e4. Jos l\u00e4\u00e4k\u00e4ri vahvistaa, ett\u00e4 lapsella on kynsisieni, Nailneria voi k\u00e4ytt\u00e4\u00e4.<\/p>\n<\/div><\/details>\n\n\n\n<details class=\"wp-block-karopharma-accordion\"><summary><h2 class=\"accordion-title\">Kun hoidetaan useampaa kuin yht\u00e4 kyntt\u00e4, voivatko muut kynnet saada infektion?<\/h2><\/summary><div class=\"accordion-content\">\n<p>Nailner-hoitoaineet sis\u00e4lt\u00e4v\u00e4t ainesosia, jotka est\u00e4v\u00e4t kynsisient\u00e4 vaikuttamasta, mink\u00e4 vuoksi hoitoainetta k\u00e4ytett\u00e4ess\u00e4 sieni ei voi levit\u00e4 muihin kynsiin.<\/p>\n<\/div><\/details>\n\n\n\n<details class=\"wp-block-karopharma-accordion\"><summary><h2 class=\"accordion-title\">Kuinka pitk\u00e4\u00e4n minun pit\u00e4\u00e4 k\u00e4ytt\u00e4\u00e4 Nailneria?<\/h2><\/summary><div class=\"accordion-content\">\n<p>Hoida infektoitunutta kyntt\u00e4 (kynsi\u00e4) kahdesti vuorokaudessa ensimm\u00e4isen 4 viikon ajan, ja sen j\u00e4lkeen k\u00e4yt\u00e4 ainetta kerran p\u00e4iv\u00e4ss\u00e4, kunnes vaurioituneen kynnen tilalle on kasvanut terve kynsi. K\u00e4yt\u00e4 Nailner-tuotteita hoidon aikana ennaltaehk\u00e4isev\u00e4sti terveisiin kynsiin (kerran p\u00e4iv\u00e4ss\u00e4 riitt\u00e4\u00e4).<\/p>\n<\/div><\/details>\n\n\n\n<details class=\"wp-block-karopharma-accordion\"><summary><h2 class=\"accordion-title\">Kuinka kauan kest\u00e4\u00e4 ennen kuin kynnet n\u00e4ytt\u00e4v\u00e4t terveilt\u00e4?<\/h2><\/summary><div class=\"accordion-content\">\n<p>T\u00e4m\u00e4 riippuu siit\u00e4, mit\u00e4 Nailner-tuotetta k\u00e4ytet\u00e4\u00e4n. Nailner 2 in 1 antaa n\u00e4kyvi\u00e4 tuloksia 2 viikossa, koska se tekee kynnest\u00e4 kirkkaamman n\u00e4k\u00f6isen. Muut Nailner-tuotteet, kuten esimerkiksi Hoida &amp; Lakkaa, antavat v\u00e4litt\u00f6mi\u00e4 tuloksia, koska ne peitt\u00e4v\u00e4t infektion vaurioittaman kynnen pinnan.<\/p>\n<\/div><\/details>\n\n\n\n<details class=\"wp-block-karopharma-accordion\"><summary><h2 class=\"accordion-title\">Miten Nailner-tuotteita pit\u00e4\u00e4 s\u00e4ilytt\u00e4\u00e4?<\/h2><\/summary><div class=\"accordion-content\">\n<p>Nailner-tuotteet pit\u00e4\u00e4 s\u00e4ilytt\u00e4\u00e4 huoneenl\u00e4mm\u00f6ss\u00e4 ja pois lasten ulottuvilta.<\/p>\n<\/div><\/details>\n\n\n\n<details class=\"wp-block-karopharma-accordion\"><summary><h2 class=\"accordion-title\">Sis\u00e4lt\u00e4v\u00e4tk\u00f6 Nailner-tuotteet teepuu\u00f6ljy\u00e4?<\/h2><\/summary><div class=\"accordion-content\">\n<p>Nailner-tuotteet eiv\u00e4t sis\u00e4ll\u00e4 teepuu\u00f6ljy\u00e4.<\/p>\n<\/div><\/details>\n<\/div><\/div>\n","protected":false},"excerpt":{"rendered":"","protected":false},"author":3,"featured_media":0,"parent":0,"menu_order":0,"comment_status":"closed","ping_status":"closed","template":"","meta":{"_acf_changed":false,"footnotes":""},"from-article-database":[],"class_list":["post-99","page","type-page","status-publish","hentry"],"acf":[],"yoast_head":"<!-- This site is optimized with the Yoast SEO plugin v26.6 - https:\/\/yoast.com\/wordpress\/plugins\/seo\/ -->\n<title>Usein kysytty\u00e4 - Nailner<\/title>\n<meta name=\"description\" content=\"N\u00e4m\u00e4 ovat yleisimmin kysyttyj\u00e4 kysymyksi\u00e4 Nailner-tuotteista.\" \/>\n<meta name=\"robots\" content=\"index, follow, max-snippet:-1, max-image-preview:large, max-video-preview:-1\" \/>\n<link rel=\"canonical\" href=\"https:\/\/nailner.com\/fi\/usein-kysyttya\/\" \/>\n<meta property=\"og:locale\" content=\"fi_FI\" \/>\n<meta property=\"og:type\" content=\"article\" \/>\n<meta property=\"og:title\" content=\"Usein kysytty\u00e4 - Nailner\" \/>\n<meta property=\"og:description\" content=\"N\u00e4m\u00e4 ovat yleisimmin kysyttyj\u00e4 kysymyksi\u00e4 Nailner-tuotteista.\" \/>\n<meta property=\"og:url\" content=\"https:\/\/nailner.com\/fi\/usein-kysyttya\/\" \/>\n<meta property=\"og:site_name\" content=\"Nailner\" \/>\n<meta property=\"article:modified_time\" content=\"2026-01-02T11:07:43+00:00\" \/>\n<meta name=\"twitter:card\" content=\"summary_large_image\" \/>\n<meta name=\"twitter:label1\" content=\"Est. reading time\" \/>\n\t<meta name=\"twitter:data1\" content=\"2 minutes\" \/>\n<script type=\"application\/ld+json\" class=\"yoast-schema-graph\">{\"@context\":\"https:\/\/schema.org\",\"@graph\":[{\"@type\":\"WebPage\",\"@id\":\"https:\/\/nailner.com\/fi\/usein-kysyttya\/\",\"url\":\"https:\/\/nailner.com\/fi\/usein-kysyttya\/\",\"name\":\"Usein kysytty\u00e4 - Nailner\",\"isPartOf\":{\"@id\":\"https:\/\/multisite.nailner.com\/fi\/#website\"},\"datePublished\":\"2022-05-23T13:11:02+00:00\",\"dateModified\":\"2026-01-02T11:07:43+00:00\",\"description\":\"N\u00e4m\u00e4 ovat yleisimmin kysyttyj\u00e4 kysymyksi\u00e4 Nailner-tuotteista.\",\"breadcrumb\":{\"@id\":\"https:\/\/nailner.com\/fi\/usein-kysyttya\/#breadcrumb\"},\"inLanguage\":\"fi-FI\",\"potentialAction\":[{\"@type\":\"ReadAction\",\"target\":[\"https:\/\/nailner.com\/fi\/usein-kysyttya\/\"]}]},{\"@type\":\"BreadcrumbList\",\"@id\":\"https:\/\/nailner.com\/fi\/usein-kysyttya\/#breadcrumb\",\"itemListElement\":[{\"@type\":\"ListItem\",\"position\":1,\"name\":\"Home\",\"item\":\"https:\/\/nailner.com\/fi\/\"},{\"@type\":\"ListItem\",\"position\":2,\"name\":\"Usein kysytty\u00e4\"}]},{\"@type\":\"WebSite\",\"@id\":\"https:\/\/multisite.nailner.com\/fi\/#website\",\"url\":\"https:\/\/multisite.nailner.com\/fi\/\",\"name\":\"Nailner\",\"description\":\"\",\"publisher\":{\"@id\":\"https:\/\/multisite.nailner.com\/fi\/#organization\"},\"potentialAction\":[{\"@type\":\"SearchAction\",\"target\":{\"@type\":\"EntryPoint\",\"urlTemplate\":\"https:\/\/multisite.nailner.com\/fi\/?s={search_term_string}\"},\"query-input\":{\"@type\":\"PropertyValueSpecification\",\"valueRequired\":true,\"valueName\":\"search_term_string\"}}],\"inLanguage\":\"fi-FI\"},{\"@type\":\"Organization\",\"@id\":\"https:\/\/multisite.nailner.com\/fi\/#organization\",\"name\":\"Nailner\",\"url\":\"https:\/\/multisite.nailner.com\/fi\/\",\"logo\":{\"@type\":\"ImageObject\",\"inLanguage\":\"fi-FI\",\"@id\":\"https:\/\/multisite.nailner.com\/fi\/#\/schema\/logo\/image\/\",\"url\":\"https:\/\/nailner.com\/app\/uploads\/sites\/7\/2025\/09\/Nailner-logo.png\",\"contentUrl\":\"https:\/\/nailner.com\/app\/uploads\/sites\/7\/2025\/09\/Nailner-logo.png\",\"width\":134,\"height\":32,\"caption\":\"Nailner\"},\"image\":{\"@id\":\"https:\/\/multisite.nailner.com\/fi\/#\/schema\/logo\/image\/\"}}]}<\/script>\n<!-- \/ Yoast SEO plugin. -->","yoast_head_json":{"title":"Usein kysytty\u00e4 - Nailner","description":"N\u00e4m\u00e4 ovat yleisimmin kysyttyj\u00e4 kysymyksi\u00e4 Nailner-tuotteista.","robots":{"index":"index","follow":"follow","max-snippet":"max-snippet:-1","max-image-preview":"max-image-preview:large","max-video-preview":"max-video-preview:-1"},"canonical":"https:\/\/nailner.com\/fi\/usein-kysyttya\/","og_locale":"fi_FI","og_type":"article","og_title":"Usein kysytty\u00e4 - Nailner","og_description":"N\u00e4m\u00e4 ovat yleisimmin kysyttyj\u00e4 kysymyksi\u00e4 Nailner-tuotteista.","og_url":"https:\/\/nailner.com\/fi\/usein-kysyttya\/","og_site_name":"Nailner","article_modified_time":"2026-01-02T11:07:43+00:00","twitter_card":"summary_large_image","twitter_misc":{"Est. reading time":"2 minutes"},"schema":{"@context":"https:\/\/schema.org","@graph":[{"@type":"WebPage","@id":"https:\/\/nailner.com\/fi\/usein-kysyttya\/","url":"https:\/\/nailner.com\/fi\/usein-kysyttya\/","name":"Usein kysytty\u00e4 - Nailner","isPartOf":{"@id":"https:\/\/multisite.nailner.com\/fi\/#website"},"datePublished":"2022-05-23T13:11:02+00:00","dateModified":"2026-01-02T11:07:43+00:00","description":"N\u00e4m\u00e4 ovat yleisimmin kysyttyj\u00e4 kysymyksi\u00e4 Nailner-tuotteista.","breadcrumb":{"@id":"https:\/\/nailner.com\/fi\/usein-kysyttya\/#breadcrumb"},"inLanguage":"fi-FI","potentialAction":[{"@type":"ReadAction","target":["https:\/\/nailner.com\/fi\/usein-kysyttya\/"]}]},{"@type":"BreadcrumbList","@id":"https:\/\/nailner.com\/fi\/usein-kysyttya\/#breadcrumb","itemListElement":[{"@type":"ListItem","position":1,"name":"Home","item":"https:\/\/nailner.com\/fi\/"},{"@type":"ListItem","position":2,"name":"Usein kysytty\u00e4"}]},{"@type":"WebSite","@id":"https:\/\/multisite.nailner.com\/fi\/#website","url":"https:\/\/multisite.nailner.com\/fi\/","name":"Nailner","description":"","publisher":{"@id":"https:\/\/multisite.nailner.com\/fi\/#organization"},"potentialAction":[{"@type":"SearchAction","target":{"@type":"EntryPoint","urlTemplate":"https:\/\/multisite.nailner.com\/fi\/?s={search_term_string}"},"query-input":{"@type":"PropertyValueSpecification","valueRequired":true,"valueName":"search_term_string"}}],"inLanguage":"fi-FI"},{"@type":"Organization","@id":"https:\/\/multisite.nailner.com\/fi\/#organization","name":"Nailner","url":"https:\/\/multisite.nailner.com\/fi\/","logo":{"@type":"ImageObject","inLanguage":"fi-FI","@id":"https:\/\/multisite.nailner.com\/fi\/#\/schema\/logo\/image\/","url":"https:\/\/nailner.com\/app\/uploads\/sites\/7\/2025\/09\/Nailner-logo.png","contentUrl":"https:\/\/nailner.com\/app\/uploads\/sites\/7\/2025\/09\/Nailner-logo.png","width":134,"height":32,"caption":"Nailner"},"image":{"@id":"https:\/\/multisite.nailner.com\/fi\/#\/schema\/logo\/image\/"}}]}},"_links":{"self":[{"href":"https:\/\/nailner.com\/fi\/wp-json\/wp\/v2\/pages\/99","targetHints":{"allow":["GET"]}}],"collection":[{"href":"https:\/\/nailner.com\/fi\/wp-json\/wp\/v2\/pages"}],"about":[{"href":"https:\/\/nailner.com\/fi\/wp-json\/wp\/v2\/types\/page"}],"author":[{"embeddable":true,"href":"https:\/\/nailner.com\/fi\/wp-json\/wp\/v2\/users\/3"}],"replies":[{"embeddable":true,"href":"https:\/\/nailner.com\/fi\/wp-json\/wp\/v2\/comments?post=99"}],"version-history":[{"count":1,"href":"https:\/\/nailner.com\/fi\/wp-json\/wp\/v2\/pages\/99\/revisions"}],"predecessor-version":[{"id":101,"href":"https:\/\/nailner.com\/fi\/wp-json\/wp\/v2\/pages\/99\/revisions\/101"}],"wp:attachment":[{"href":"https:\/\/nailner.com\/fi\/wp-json\/wp\/v2\/media?parent=99"}],"wp:term":[{"taxonomy":"from-article-database","embeddable":true,"href":"https:\/\/nailner.com\/fi\/wp-json\/wp\/v2\/from-article-database?post=99"}],"curies":[{"name":"wp","href":"https:\/\/api.w.org\/{rel}","templated":true}]}}