{"id":106,"date":"2022-05-23T15:14:43","date_gmt":"2022-05-23T13:14:43","guid":{"rendered":"https:\/\/nailner.com\/fi\/?post_type=product&#038;p=106"},"modified":"2026-02-16T16:40:39","modified_gmt":"2026-02-16T14:40:39","slug":"nailner-active-cover","status":"publish","type":"product","link":"https:\/\/nailner.com\/fi\/tuote\/nailner-active-cover\/","title":{"rendered":"Nailner Active Cover"},"content":{"rendered":"\n<section class=\"wp-block-karopharma-usp is-style-transparent usp is-style-transparent\"><div class=\"usp-wrapper\">\n<section class=\"wp-block-karopharma-usp-single usp-single undefined\"><div class=\"icon\"><svg width=\"21\" height=\"16\" viewBox=\"0 0 21 16\" fill=\"none\" xmlns=\"http:\/\/www.w3.org\/2000\/svg\"><path d=\"M19.2567 0.164742L6.13095 13.2905L1.49056 8.65006C1.2709 8.4304 0.914742 8.4304 0.695039 8.65006L0.164742 9.18036C-0.0549141 9.40001 -0.0549141 9.75617 0.164742 9.97587L5.73321 15.5443C5.95287 15.764 6.30903 15.764 6.52873 15.5443L20.5825 1.4906C20.8021 1.27095 20.8021 0.914789 20.5825 0.695086L20.0521 0.164742C19.8325 -0.0549141 19.4763 -0.0549141 19.2567 0.164742Z\" fill=\"white\"><\/path><\/svg><\/div>\n<h4 class=\"wp-block-heading has-text-align-center is-style-heading-h4\" id=\"step-1\">Vaihe 1<\/h4>\n\n\n\n<p class=\"has-text-align-center is-style-body-text\">Ravista pulloa huolellisesti ennen valmisteen k\u00e4ytt\u00f6\u00e4. K\u00e4yt\u00e4 valmistetta kerran vuorokaudessa mieluiten suihkun j\u00e4lkeen. Se kuivuu muutamassa minuutissa.<\/p>\n<\/section>\n\n\n\n<section class=\"wp-block-karopharma-usp-single usp-single undefined\"><div class=\"icon\"><svg width=\"21\" height=\"16\" viewBox=\"0 0 21 16\" fill=\"none\" xmlns=\"http:\/\/www.w3.org\/2000\/svg\"><path d=\"M19.2567 0.164742L6.13095 13.2905L1.49056 8.65006C1.2709 8.4304 0.914742 8.4304 0.695039 8.65006L0.164742 9.18036C-0.0549141 9.40001 -0.0549141 9.75617 0.164742 9.97587L5.73321 15.5443C5.95287 15.764 6.30903 15.764 6.52873 15.5443L20.5825 1.4906C20.8021 1.27095 20.8021 0.914789 20.5825 0.695086L20.0521 0.164742C19.8325 -0.0549141 19.4763 -0.0549141 19.2567 0.164742Z\" fill=\"white\"><\/path><\/svg><\/div>\n<h4 class=\"wp-block-heading has-text-align-center is-style-heading-h4\" id=\"step-2\">Vaihe 2<\/h4>\n\n\n\n<p class=\"has-text-align-center is-style-body-text\">Edellinen kerros poistetaan ennen uuden kerroksen levitt\u00e4mist\u00e4. Aloita irrottaminen kulmasta ja rullaa koko kerros varovasti irti. T\u00e4m\u00e4 onnistuu helpoimmin l\u00e4mpim\u00e4ss\u00e4 vedess\u00e4 tai suihkussa. <\/p>\n<\/section>\n\n\n\n<section class=\"wp-block-karopharma-usp-single usp-single undefined\"><div class=\"icon\"><svg width=\"21\" height=\"16\" viewBox=\"0 0 21 16\" fill=\"none\" xmlns=\"http:\/\/www.w3.org\/2000\/svg\"><path d=\"M19.2567 0.164742L6.13095 13.2905L1.49056 8.65006C1.2709 8.4304 0.914742 8.4304 0.695039 8.65006L0.164742 9.18036C-0.0549141 9.40001 -0.0549141 9.75617 0.164742 9.97587L5.73321 15.5443C5.95287 15.764 6.30903 15.764 6.52873 15.5443L20.5825 1.4906C20.8021 1.27095 20.8021 0.914789 20.5825 0.695086L20.0521 0.164742C19.8325 -0.0549141 19.4763 -0.0549141 19.2567 0.164742Z\" fill=\"white\"><\/path><\/svg><\/div>\n<h4 class=\"wp-block-heading has-text-align-center is-style-heading-h4\" id=\"step-3\">Vaihe 3<\/h4>\n\n\n\n<p class=\"has-text-align-center is-style-body-text\">Levit\u00e4 sitten uusi kerros. Se kuivuu muutamassa minuutissa.<\/p>\n<\/section>\n<\/div><\/section>\n\n\n\n<div class=\"wp-block-karopharma-accordions is-style-secondary\"><div class=\"container\">\n<details class=\"wp-block-karopharma-accordion\"><summary><h2 class=\"accordion-title\">Kuinka moneen k\u00e4ytt\u00f6kertaan Nailner Active Cover riitt\u00e4\u00e4?<\/h2><\/summary><div class=\"accordion-content\">\n<p>Noin 540 k\u00e4ytt\u00f6kertaa yhdelle kynnelle.<\/p>\n<\/div><\/details>\n\n\n\n<details class=\"wp-block-karopharma-accordion\"><summary><h2 class=\"accordion-title\">Mit\u00e4 Nailner Active Cover sis\u00e4lt\u00e4\u00e4?<\/h2><\/summary><div class=\"accordion-content\">\n<p>Vesi, polyuretaani, etikkahappo, polysorbaatti 80, setyyliasetaatti, asetyloidut lanoliinialkoholit, pehmennysaineet, viskositeettia muokkaava aine, v\u00e4riaineet, bentsyylialkoholi ja muut s\u00e4il\u00f6nt\u00e4aineet, m\u00e4nnynneulas\u00f6ljyn biotiini.<\/p>\n<\/div><\/details>\n<\/div><\/div>\n","protected":false},"excerpt":{"rendered":"<p>Hoitolakka peitt\u00e4\u00e4 v\u00e4rj\u00e4ym\u00e4t &amp; parantaa<\/p>\n","protected":false},"featured_media":107,"comment_status":"closed","ping_status":"closed","template":"","meta":{"_acf_changed":false,"footnotes":""},"product_brand":[],"product_cat":[],"product_tag":[],"class_list":{"0":"post-106","1":"product","2":"type-product","3":"status-publish","4":"has-post-thumbnail","7":"first","8":"instock","9":"shipping-taxable","10":"product-type-simple"},"acf":[],"yoast_head":"<!-- This site is optimized with the Yoast SEO plugin v26.6 - https:\/\/yoast.com\/wordpress\/plugins\/seo\/ -->\n<title>Nailner Active Cover - Nailner<\/title>\n<meta name=\"description\" content=\"Uudenlainen, k\u00e4\u00e4nteentekev\u00e4 menetelm\u00e4 \u2013 hoitoaine ja kynsilakka samassa pullossa\" \/>\n<meta name=\"robots\" content=\"index, follow, max-snippet:-1, max-image-preview:large, max-video-preview:-1\" \/>\n<link rel=\"canonical\" href=\"https:\/\/nailner.com\/fi\/tuote\/nailner-active-cover\/\" \/>\n<meta property=\"og:locale\" content=\"fi_FI\" \/>\n<meta property=\"og:type\" content=\"article\" \/>\n<meta property=\"og:title\" content=\"Nailner Active Cover - Nailner\" \/>\n<meta property=\"og:description\" content=\"Uudenlainen, k\u00e4\u00e4nteentekev\u00e4 menetelm\u00e4 \u2013 hoitoaine ja kynsilakka samassa pullossa\" \/>\n<meta property=\"og:url\" content=\"https:\/\/nailner.com\/fi\/tuote\/nailner-active-cover\/\" \/>\n<meta property=\"og:site_name\" content=\"Nailner\" \/>\n<meta property=\"article:modified_time\" content=\"2026-02-16T14:40:39+00:00\" \/>\n<meta property=\"og:image\" content=\"https:\/\/nailner.com\/app\/uploads\/sites\/7\/2022\/05\/NailnerActiveCoverFI.png\" \/>\n\t<meta property=\"og:image:width\" content=\"1000\" \/>\n\t<meta property=\"og:image:height\" content=\"1000\" \/>\n\t<meta property=\"og:image:type\" content=\"image\/png\" \/>\n<meta name=\"twitter:card\" content=\"summary_large_image\" \/>\n<meta name=\"twitter:label1\" content=\"Est. reading time\" \/>\n\t<meta name=\"twitter:data1\" content=\"1 minute\" \/>\n<script type=\"application\/ld+json\" class=\"yoast-schema-graph\">{\"@context\":\"https:\/\/schema.org\",\"@graph\":[{\"@type\":\"WebPage\",\"@id\":\"https:\/\/nailner.com\/fi\/tuote\/nailner-active-cover\/\",\"url\":\"https:\/\/nailner.com\/fi\/tuote\/nailner-active-cover\/\",\"name\":\"Nailner Active Cover - Nailner\",\"isPartOf\":{\"@id\":\"https:\/\/multisite.nailner.com\/fi\/#website\"},\"primaryImageOfPage\":{\"@id\":\"https:\/\/nailner.com\/fi\/tuote\/nailner-active-cover\/#primaryimage\"},\"image\":{\"@id\":\"https:\/\/nailner.com\/fi\/tuote\/nailner-active-cover\/#primaryimage\"},\"thumbnailUrl\":\"https:\/\/nailner.com\/app\/uploads\/sites\/7\/2022\/05\/NailnerActiveCoverFI.png\",\"datePublished\":\"2022-05-23T13:14:43+00:00\",\"dateModified\":\"2026-02-16T14:40:39+00:00\",\"description\":\"Uudenlainen, k\u00e4\u00e4nteentekev\u00e4 menetelm\u00e4 \u2013 hoitoaine ja kynsilakka samassa pullossa\",\"breadcrumb\":{\"@id\":\"https:\/\/nailner.com\/fi\/tuote\/nailner-active-cover\/#breadcrumb\"},\"inLanguage\":\"fi-FI\",\"potentialAction\":[{\"@type\":\"ReadAction\",\"target\":[\"https:\/\/nailner.com\/fi\/tuote\/nailner-active-cover\/\"]}]},{\"@type\":\"ImageObject\",\"inLanguage\":\"fi-FI\",\"@id\":\"https:\/\/nailner.com\/fi\/tuote\/nailner-active-cover\/#primaryimage\",\"url\":\"https:\/\/nailner.com\/app\/uploads\/sites\/7\/2022\/05\/NailnerActiveCoverFI.png\",\"contentUrl\":\"https:\/\/nailner.com\/app\/uploads\/sites\/7\/2022\/05\/NailnerActiveCoverFI.png\",\"width\":1000,\"height\":1000,\"caption\":\"Nailner Active Cover\"},{\"@type\":\"BreadcrumbList\",\"@id\":\"https:\/\/nailner.com\/fi\/tuote\/nailner-active-cover\/#breadcrumb\",\"itemListElement\":[{\"@type\":\"ListItem\",\"position\":1,\"name\":\"Home\",\"item\":\"https:\/\/nailner.com\/fi\/\"},{\"@type\":\"ListItem\",\"position\":2,\"name\":\"Tuotteet\",\"item\":\"https:\/\/nailner.com\/fi\/tuotteet\/\"},{\"@type\":\"ListItem\",\"position\":3,\"name\":\"Nailner Active Cover\"}]},{\"@type\":\"WebSite\",\"@id\":\"https:\/\/multisite.nailner.com\/fi\/#website\",\"url\":\"https:\/\/multisite.nailner.com\/fi\/\",\"name\":\"Nailner\",\"description\":\"\",\"publisher\":{\"@id\":\"https:\/\/multisite.nailner.com\/fi\/#organization\"},\"potentialAction\":[{\"@type\":\"SearchAction\",\"target\":{\"@type\":\"EntryPoint\",\"urlTemplate\":\"https:\/\/multisite.nailner.com\/fi\/?s={search_term_string}\"},\"query-input\":{\"@type\":\"PropertyValueSpecification\",\"valueRequired\":true,\"valueName\":\"search_term_string\"}}],\"inLanguage\":\"fi-FI\"},{\"@type\":\"Organization\",\"@id\":\"https:\/\/multisite.nailner.com\/fi\/#organization\",\"name\":\"Nailner\",\"url\":\"https:\/\/multisite.nailner.com\/fi\/\",\"logo\":{\"@type\":\"ImageObject\",\"inLanguage\":\"fi-FI\",\"@id\":\"https:\/\/multisite.nailner.com\/fi\/#\/schema\/logo\/image\/\",\"url\":\"https:\/\/nailner.com\/app\/uploads\/sites\/7\/2025\/09\/Nailner-logo.png\",\"contentUrl\":\"https:\/\/nailner.com\/app\/uploads\/sites\/7\/2025\/09\/Nailner-logo.png\",\"width\":134,\"height\":32,\"caption\":\"Nailner\"},\"image\":{\"@id\":\"https:\/\/multisite.nailner.com\/fi\/#\/schema\/logo\/image\/\"}}]}<\/script>\n<!-- \/ Yoast SEO plugin. -->","yoast_head_json":{"title":"Nailner Active Cover - Nailner","description":"Uudenlainen, k\u00e4\u00e4nteentekev\u00e4 menetelm\u00e4 \u2013 hoitoaine ja kynsilakka samassa pullossa","robots":{"index":"index","follow":"follow","max-snippet":"max-snippet:-1","max-image-preview":"max-image-preview:large","max-video-preview":"max-video-preview:-1"},"canonical":"https:\/\/nailner.com\/fi\/tuote\/nailner-active-cover\/","og_locale":"fi_FI","og_type":"article","og_title":"Nailner Active Cover - Nailner","og_description":"Uudenlainen, k\u00e4\u00e4nteentekev\u00e4 menetelm\u00e4 \u2013 hoitoaine ja kynsilakka samassa pullossa","og_url":"https:\/\/nailner.com\/fi\/tuote\/nailner-active-cover\/","og_site_name":"Nailner","article_modified_time":"2026-02-16T14:40:39+00:00","og_image":[{"width":1000,"height":1000,"url":"https:\/\/nailner.com\/app\/uploads\/sites\/7\/2022\/05\/NailnerActiveCoverFI.png","type":"image\/png"}],"twitter_card":"summary_large_image","twitter_misc":{"Est. reading time":"1 minute"},"schema":{"@context":"https:\/\/schema.org","@graph":[{"@type":"WebPage","@id":"https:\/\/nailner.com\/fi\/tuote\/nailner-active-cover\/","url":"https:\/\/nailner.com\/fi\/tuote\/nailner-active-cover\/","name":"Nailner Active Cover - Nailner","isPartOf":{"@id":"https:\/\/multisite.nailner.com\/fi\/#website"},"primaryImageOfPage":{"@id":"https:\/\/nailner.com\/fi\/tuote\/nailner-active-cover\/#primaryimage"},"image":{"@id":"https:\/\/nailner.com\/fi\/tuote\/nailner-active-cover\/#primaryimage"},"thumbnailUrl":"https:\/\/nailner.com\/app\/uploads\/sites\/7\/2022\/05\/NailnerActiveCoverFI.png","datePublished":"2022-05-23T13:14:43+00:00","dateModified":"2026-02-16T14:40:39+00:00","description":"Uudenlainen, k\u00e4\u00e4nteentekev\u00e4 menetelm\u00e4 \u2013 hoitoaine ja kynsilakka samassa pullossa","breadcrumb":{"@id":"https:\/\/nailner.com\/fi\/tuote\/nailner-active-cover\/#breadcrumb"},"inLanguage":"fi-FI","potentialAction":[{"@type":"ReadAction","target":["https:\/\/nailner.com\/fi\/tuote\/nailner-active-cover\/"]}]},{"@type":"ImageObject","inLanguage":"fi-FI","@id":"https:\/\/nailner.com\/fi\/tuote\/nailner-active-cover\/#primaryimage","url":"https:\/\/nailner.com\/app\/uploads\/sites\/7\/2022\/05\/NailnerActiveCoverFI.png","contentUrl":"https:\/\/nailner.com\/app\/uploads\/sites\/7\/2022\/05\/NailnerActiveCoverFI.png","width":1000,"height":1000,"caption":"Nailner Active Cover"},{"@type":"BreadcrumbList","@id":"https:\/\/nailner.com\/fi\/tuote\/nailner-active-cover\/#breadcrumb","itemListElement":[{"@type":"ListItem","position":1,"name":"Home","item":"https:\/\/nailner.com\/fi\/"},{"@type":"ListItem","position":2,"name":"Tuotteet","item":"https:\/\/nailner.com\/fi\/tuotteet\/"},{"@type":"ListItem","position":3,"name":"Nailner Active Cover"}]},{"@type":"WebSite","@id":"https:\/\/multisite.nailner.com\/fi\/#website","url":"https:\/\/multisite.nailner.com\/fi\/","name":"Nailner","description":"","publisher":{"@id":"https:\/\/multisite.nailner.com\/fi\/#organization"},"potentialAction":[{"@type":"SearchAction","target":{"@type":"EntryPoint","urlTemplate":"https:\/\/multisite.nailner.com\/fi\/?s={search_term_string}"},"query-input":{"@type":"PropertyValueSpecification","valueRequired":true,"valueName":"search_term_string"}}],"inLanguage":"fi-FI"},{"@type":"Organization","@id":"https:\/\/multisite.nailner.com\/fi\/#organization","name":"Nailner","url":"https:\/\/multisite.nailner.com\/fi\/","logo":{"@type":"ImageObject","inLanguage":"fi-FI","@id":"https:\/\/multisite.nailner.com\/fi\/#\/schema\/logo\/image\/","url":"https:\/\/nailner.com\/app\/uploads\/sites\/7\/2025\/09\/Nailner-logo.png","contentUrl":"https:\/\/nailner.com\/app\/uploads\/sites\/7\/2025\/09\/Nailner-logo.png","width":134,"height":32,"caption":"Nailner"},"image":{"@id":"https:\/\/multisite.nailner.com\/fi\/#\/schema\/logo\/image\/"}}]}},"_links":{"self":[{"href":"https:\/\/nailner.com\/fi\/wp-json\/wp\/v2\/product\/106","targetHints":{"allow":["GET"]}}],"collection":[{"href":"https:\/\/nailner.com\/fi\/wp-json\/wp\/v2\/product"}],"about":[{"href":"https:\/\/nailner.com\/fi\/wp-json\/wp\/v2\/types\/product"}],"replies":[{"embeddable":true,"href":"https:\/\/nailner.com\/fi\/wp-json\/wp\/v2\/comments?post=106"}],"version-history":[{"count":10,"href":"https:\/\/nailner.com\/fi\/wp-json\/wp\/v2\/product\/106\/revisions"}],"predecessor-version":[{"id":651,"href":"https:\/\/nailner.com\/fi\/wp-json\/wp\/v2\/product\/106\/revisions\/651"}],"wp:featuredmedia":[{"embeddable":true,"href":"https:\/\/nailner.com\/fi\/wp-json\/wp\/v2\/media\/107"}],"wp:attachment":[{"href":"https:\/\/nailner.com\/fi\/wp-json\/wp\/v2\/media?parent=106"}],"wp:term":[{"taxonomy":"product_brand","embeddable":true,"href":"https:\/\/nailner.com\/fi\/wp-json\/wp\/v2\/product_brand?post=106"},{"taxonomy":"product_cat","embeddable":true,"href":"https:\/\/nailner.com\/fi\/wp-json\/wp\/v2\/product_cat?post=106"},{"taxonomy":"product_tag","embeddable":true,"href":"https:\/\/nailner.com\/fi\/wp-json\/wp\/v2\/product_tag?post=106"}],"curies":[{"name":"wp","href":"https:\/\/api.w.org\/{rel}","templated":true}]}}