{"id":110,"date":"2022-05-23T15:15:53","date_gmt":"2022-05-23T13:15:53","guid":{"rendered":"https:\/\/nailner.com\/fi\/?post_type=product&#038;p=110"},"modified":"2026-02-16T16:41:06","modified_gmt":"2026-02-16T14:41:06","slug":"nailner-hoida-lakkaa","status":"publish","type":"product","link":"https:\/\/nailner.com\/fi\/tuote\/nailner-hoida-lakkaa\/","title":{"rendered":"Nailner Hoida &#038; Lakkaa"},"content":{"rendered":"\n<section class=\"wp-block-karopharma-usp is-style-transparent usp is-style-transparent\"><div class=\"usp-wrapper\">\n<section class=\"wp-block-karopharma-usp-single usp-single undefined\"><div class=\"icon\"><svg width=\"21\" height=\"16\" viewBox=\"0 0 21 16\" fill=\"none\" xmlns=\"http:\/\/www.w3.org\/2000\/svg\"><path d=\"M19.2567 0.164742L6.13095 13.2905L1.49056 8.65006C1.2709 8.4304 0.914742 8.4304 0.695039 8.65006L0.164742 9.18036C-0.0549141 9.40001 -0.0549141 9.75617 0.164742 9.97587L5.73321 15.5443C5.95287 15.764 6.30903 15.764 6.52873 15.5443L20.5825 1.4906C20.8021 1.27095 20.8021 0.914789 20.5825 0.695086L20.0521 0.164742C19.8325 -0.0549141 19.4763 -0.0549141 19.2567 0.164742Z\" fill=\"white\"><\/path><\/svg><\/div>\n<h4 class=\"wp-block-heading has-text-align-center is-style-heading-h4\" id=\"step-1\">Vaihe 1<\/h4>\n\n\n\n<p class=\"has-text-align-center is-style-body-text\">Puhdista hoidettavat kynnet ja poista kynsilakka ennen jokaista hoitokertaa.<\/p>\n<\/section>\n\n\n\n<section class=\"wp-block-karopharma-usp-single usp-single undefined\"><div class=\"icon\"><svg width=\"21\" height=\"16\" viewBox=\"0 0 21 16\" fill=\"none\" xmlns=\"http:\/\/www.w3.org\/2000\/svg\"><path d=\"M19.2567 0.164742L6.13095 13.2905L1.49056 8.65006C1.2709 8.4304 0.914742 8.4304 0.695039 8.65006L0.164742 9.18036C-0.0549141 9.40001 -0.0549141 9.75617 0.164742 9.97587L5.73321 15.5443C5.95287 15.764 6.30903 15.764 6.52873 15.5443L20.5825 1.4906C20.8021 1.27095 20.8021 0.914789 20.5825 0.695086L20.0521 0.164742C19.8325 -0.0549141 19.4763 -0.0549141 19.2567 0.164742Z\" fill=\"white\"><\/path><\/svg><\/div>\n<h4 class=\"wp-block-heading has-text-align-center is-style-heading-h4\" id=\"step-2\">Vaihe 2<\/h4>\n\n\n\n<p class=\"has-text-align-center is-style-body-text\">Levit\u00e4 Nailner-hoitoainetta (l\u00e4pin\u00e4kyv\u00e4 neste) siveltimell\u00e4 tulehtuneen kynnen koko ulkopinnalle sek\u00e4 n\u00e4kyviss\u00e4 olevalle kynnen alapinnalle.<\/p>\n<\/section>\n\n\n\n<section class=\"wp-block-karopharma-usp-single usp-single undefined\"><div class=\"icon\"><svg width=\"21\" height=\"16\" viewBox=\"0 0 21 16\" fill=\"none\" xmlns=\"http:\/\/www.w3.org\/2000\/svg\"><path d=\"M19.2567 0.164742L6.13095 13.2905L1.49056 8.65006C1.2709 8.4304 0.914742 8.4304 0.695039 8.65006L0.164742 9.18036C-0.0549141 9.40001 -0.0549141 9.75617 0.164742 9.97587L5.73321 15.5443C5.95287 15.764 6.30903 15.764 6.52873 15.5443L20.5825 1.4906C20.8021 1.27095 20.8021 0.914789 20.5825 0.695086L20.0521 0.164742C19.8325 -0.0549141 19.4763 -0.0549141 19.2567 0.164742Z\" fill=\"white\"><\/path><\/svg><\/div>\n<h4 class=\"wp-block-heading has-text-align-center is-style-heading-h4\" id=\"step-1-2\">Vaihe 3<\/h4>\n\n\n\n<p class=\"has-text-align-center is-style-body-text\">Anna liuoksen kuivua 1-2 minuutin ajan.<\/p>\n<\/section>\n\n\n\n<section class=\"wp-block-karopharma-usp-single usp-single undefined\"><div class=\"icon\"><svg width=\"21\" height=\"16\" viewBox=\"0 0 21 16\" fill=\"none\" xmlns=\"http:\/\/www.w3.org\/2000\/svg\"><path d=\"M19.2567 0.164742L6.13095 13.2905L1.49056 8.65006C1.2709 8.4304 0.914742 8.4304 0.695039 8.65006L0.164742 9.18036C-0.0549141 9.40001 -0.0549141 9.75617 0.164742 9.97587L5.73321 15.5443C5.95287 15.764 6.30903 15.764 6.52873 15.5443L20.5825 1.4906C20.8021 1.27095 20.8021 0.914789 20.5825 0.695086L20.0521 0.164742C19.8325 -0.0549141 19.4763 -0.0549141 19.2567 0.164742Z\" fill=\"white\"><\/path><\/svg><\/div>\n<h4 class=\"wp-block-heading has-text-align-center is-style-heading-h4\" id=\"step-4\">Vaihe 4<\/h4>\n\n\n\n<p class=\"has-text-align-center is-style-body-text\">Lakkaa kynnet Nailner Hengitt\u00e4v\u00e4ll\u00e4 kynsilakalla ja anna kuivua (normaalisti 2-3 minuuttia). Voit lakata kaikki kynnet.<\/p>\n<\/section>\n<\/div><\/section>\n\n\n\n<div class=\"wp-block-karopharma-free-text pt-medium pb-medium bg-center bg-cover bg-no-repeat  is-style-secondary\" style=\"background-image:url()\"><div class=\"free-text-wrapper container max-w-medium text-left\">\n<p>Poista ennen seuraavaa hoitokertaa kynsilakka hoidettavista kynsist\u00e4 kynsilakan poistoaineella (mieluiten asetonittomalla) ja toista yll\u00e4 kuvatut vaiheet. Kynsilakkaa ei tarvitse poistaa terveist\u00e4 kynsist\u00e4 (on suositeltavaa poistaa lakka ja antaa kynsien hengitt\u00e4\u00e4 aina kahden viikon v\u00e4lein).<\/p>\n<\/div><\/div>\n\n\n\n<div class=\"wp-block-karopharma-accordions is-style-transparent\"><div class=\"container\">\n<details class=\"wp-block-karopharma-accordion\"><summary><h2 class=\"accordion-title\">Mit\u00e4 Nailner Hoida &amp; Lakkaa sis\u00e4lt\u00e4\u00e4?<\/h2><\/summary><div class=\"accordion-content\">\n<p>Etyylilaktaatti, glyseriini, vesi, maitohappo, sitruunahappo.<\/p>\n<\/div><\/details>\n<\/div><\/div>\n","protected":false},"excerpt":{"rendered":"<p>Hoitoaine + v\u00e4rillinen kynsilakka<\/p>\n","protected":false},"featured_media":111,"comment_status":"closed","ping_status":"closed","template":"","meta":{"_acf_changed":false,"footnotes":""},"product_brand":[],"product_cat":[],"product_tag":[],"class_list":{"0":"post-110","1":"product","2":"type-product","3":"status-publish","4":"has-post-thumbnail","7":"first","8":"instock","9":"shipping-taxable","10":"product-type-simple"},"acf":[],"yoast_head":"<!-- This site is optimized with the Yoast SEO plugin v26.6 - https:\/\/yoast.com\/wordpress\/plugins\/seo\/ -->\n<title>Nailner Hoida &amp; Lakkaa - Nailner<\/title>\n<meta name=\"description\" content=\"Kynsilakka on hengitt\u00e4v\u00e4\u00e4, joten voit sek\u00e4 hoitaa kynsi\u00e4 ett\u00e4 lakata ne\" \/>\n<meta name=\"robots\" content=\"index, follow, max-snippet:-1, max-image-preview:large, max-video-preview:-1\" \/>\n<link rel=\"canonical\" href=\"https:\/\/nailner.com\/fi\/tuote\/nailner-hoida-lakkaa\/\" \/>\n<meta property=\"og:locale\" content=\"fi_FI\" \/>\n<meta property=\"og:type\" content=\"article\" \/>\n<meta property=\"og:title\" content=\"Nailner Hoida &amp; Lakkaa - Nailner\" \/>\n<meta property=\"og:description\" content=\"Kynsilakka on hengitt\u00e4v\u00e4\u00e4, joten voit sek\u00e4 hoitaa kynsi\u00e4 ett\u00e4 lakata ne\" \/>\n<meta property=\"og:url\" content=\"https:\/\/nailner.com\/fi\/tuote\/nailner-hoida-lakkaa\/\" \/>\n<meta property=\"og:site_name\" content=\"Nailner\" \/>\n<meta property=\"article:modified_time\" content=\"2026-02-16T14:41:06+00:00\" \/>\n<meta property=\"og:image\" content=\"https:\/\/nailner.com\/app\/uploads\/sites\/7\/2022\/05\/hoidalakkaa.png\" \/>\n\t<meta property=\"og:image:width\" content=\"900\" \/>\n\t<meta property=\"og:image:height\" content=\"900\" \/>\n\t<meta property=\"og:image:type\" content=\"image\/png\" \/>\n<meta name=\"twitter:card\" content=\"summary_large_image\" \/>\n<meta name=\"twitter:label1\" content=\"Est. reading time\" \/>\n\t<meta name=\"twitter:data1\" content=\"1 minute\" \/>\n<script type=\"application\/ld+json\" class=\"yoast-schema-graph\">{\"@context\":\"https:\/\/schema.org\",\"@graph\":[{\"@type\":\"WebPage\",\"@id\":\"https:\/\/nailner.com\/fi\/tuote\/nailner-hoida-lakkaa\/\",\"url\":\"https:\/\/nailner.com\/fi\/tuote\/nailner-hoida-lakkaa\/\",\"name\":\"Nailner Hoida & Lakkaa - Nailner\",\"isPartOf\":{\"@id\":\"https:\/\/multisite.nailner.com\/fi\/#website\"},\"primaryImageOfPage\":{\"@id\":\"https:\/\/nailner.com\/fi\/tuote\/nailner-hoida-lakkaa\/#primaryimage\"},\"image\":{\"@id\":\"https:\/\/nailner.com\/fi\/tuote\/nailner-hoida-lakkaa\/#primaryimage\"},\"thumbnailUrl\":\"https:\/\/nailner.com\/app\/uploads\/sites\/7\/2022\/05\/hoidalakkaa.png\",\"datePublished\":\"2022-05-23T13:15:53+00:00\",\"dateModified\":\"2026-02-16T14:41:06+00:00\",\"description\":\"Kynsilakka on hengitt\u00e4v\u00e4\u00e4, joten voit sek\u00e4 hoitaa kynsi\u00e4 ett\u00e4 lakata ne\",\"breadcrumb\":{\"@id\":\"https:\/\/nailner.com\/fi\/tuote\/nailner-hoida-lakkaa\/#breadcrumb\"},\"inLanguage\":\"fi-FI\",\"potentialAction\":[{\"@type\":\"ReadAction\",\"target\":[\"https:\/\/nailner.com\/fi\/tuote\/nailner-hoida-lakkaa\/\"]}]},{\"@type\":\"ImageObject\",\"inLanguage\":\"fi-FI\",\"@id\":\"https:\/\/nailner.com\/fi\/tuote\/nailner-hoida-lakkaa\/#primaryimage\",\"url\":\"https:\/\/nailner.com\/app\/uploads\/sites\/7\/2022\/05\/hoidalakkaa.png\",\"contentUrl\":\"https:\/\/nailner.com\/app\/uploads\/sites\/7\/2022\/05\/hoidalakkaa.png\",\"width\":900,\"height\":900,\"caption\":\"Nailner Hoida & Lakkaa\"},{\"@type\":\"BreadcrumbList\",\"@id\":\"https:\/\/nailner.com\/fi\/tuote\/nailner-hoida-lakkaa\/#breadcrumb\",\"itemListElement\":[{\"@type\":\"ListItem\",\"position\":1,\"name\":\"Home\",\"item\":\"https:\/\/nailner.com\/fi\/\"},{\"@type\":\"ListItem\",\"position\":2,\"name\":\"Tuotteet\",\"item\":\"https:\/\/nailner.com\/fi\/tuotteet\/\"},{\"@type\":\"ListItem\",\"position\":3,\"name\":\"Nailner Hoida &#038; Lakkaa\"}]},{\"@type\":\"WebSite\",\"@id\":\"https:\/\/multisite.nailner.com\/fi\/#website\",\"url\":\"https:\/\/multisite.nailner.com\/fi\/\",\"name\":\"Nailner\",\"description\":\"\",\"publisher\":{\"@id\":\"https:\/\/multisite.nailner.com\/fi\/#organization\"},\"potentialAction\":[{\"@type\":\"SearchAction\",\"target\":{\"@type\":\"EntryPoint\",\"urlTemplate\":\"https:\/\/multisite.nailner.com\/fi\/?s={search_term_string}\"},\"query-input\":{\"@type\":\"PropertyValueSpecification\",\"valueRequired\":true,\"valueName\":\"search_term_string\"}}],\"inLanguage\":\"fi-FI\"},{\"@type\":\"Organization\",\"@id\":\"https:\/\/multisite.nailner.com\/fi\/#organization\",\"name\":\"Nailner\",\"url\":\"https:\/\/multisite.nailner.com\/fi\/\",\"logo\":{\"@type\":\"ImageObject\",\"inLanguage\":\"fi-FI\",\"@id\":\"https:\/\/multisite.nailner.com\/fi\/#\/schema\/logo\/image\/\",\"url\":\"https:\/\/nailner.com\/app\/uploads\/sites\/7\/2025\/09\/Nailner-logo.png\",\"contentUrl\":\"https:\/\/nailner.com\/app\/uploads\/sites\/7\/2025\/09\/Nailner-logo.png\",\"width\":134,\"height\":32,\"caption\":\"Nailner\"},\"image\":{\"@id\":\"https:\/\/multisite.nailner.com\/fi\/#\/schema\/logo\/image\/\"}}]}<\/script>\n<!-- \/ Yoast SEO plugin. -->","yoast_head_json":{"title":"Nailner Hoida & Lakkaa - Nailner","description":"Kynsilakka on hengitt\u00e4v\u00e4\u00e4, joten voit sek\u00e4 hoitaa kynsi\u00e4 ett\u00e4 lakata ne","robots":{"index":"index","follow":"follow","max-snippet":"max-snippet:-1","max-image-preview":"max-image-preview:large","max-video-preview":"max-video-preview:-1"},"canonical":"https:\/\/nailner.com\/fi\/tuote\/nailner-hoida-lakkaa\/","og_locale":"fi_FI","og_type":"article","og_title":"Nailner Hoida & Lakkaa - Nailner","og_description":"Kynsilakka on hengitt\u00e4v\u00e4\u00e4, joten voit sek\u00e4 hoitaa kynsi\u00e4 ett\u00e4 lakata ne","og_url":"https:\/\/nailner.com\/fi\/tuote\/nailner-hoida-lakkaa\/","og_site_name":"Nailner","article_modified_time":"2026-02-16T14:41:06+00:00","og_image":[{"width":900,"height":900,"url":"https:\/\/nailner.com\/app\/uploads\/sites\/7\/2022\/05\/hoidalakkaa.png","type":"image\/png"}],"twitter_card":"summary_large_image","twitter_misc":{"Est. reading time":"1 minute"},"schema":{"@context":"https:\/\/schema.org","@graph":[{"@type":"WebPage","@id":"https:\/\/nailner.com\/fi\/tuote\/nailner-hoida-lakkaa\/","url":"https:\/\/nailner.com\/fi\/tuote\/nailner-hoida-lakkaa\/","name":"Nailner Hoida & Lakkaa - Nailner","isPartOf":{"@id":"https:\/\/multisite.nailner.com\/fi\/#website"},"primaryImageOfPage":{"@id":"https:\/\/nailner.com\/fi\/tuote\/nailner-hoida-lakkaa\/#primaryimage"},"image":{"@id":"https:\/\/nailner.com\/fi\/tuote\/nailner-hoida-lakkaa\/#primaryimage"},"thumbnailUrl":"https:\/\/nailner.com\/app\/uploads\/sites\/7\/2022\/05\/hoidalakkaa.png","datePublished":"2022-05-23T13:15:53+00:00","dateModified":"2026-02-16T14:41:06+00:00","description":"Kynsilakka on hengitt\u00e4v\u00e4\u00e4, joten voit sek\u00e4 hoitaa kynsi\u00e4 ett\u00e4 lakata ne","breadcrumb":{"@id":"https:\/\/nailner.com\/fi\/tuote\/nailner-hoida-lakkaa\/#breadcrumb"},"inLanguage":"fi-FI","potentialAction":[{"@type":"ReadAction","target":["https:\/\/nailner.com\/fi\/tuote\/nailner-hoida-lakkaa\/"]}]},{"@type":"ImageObject","inLanguage":"fi-FI","@id":"https:\/\/nailner.com\/fi\/tuote\/nailner-hoida-lakkaa\/#primaryimage","url":"https:\/\/nailner.com\/app\/uploads\/sites\/7\/2022\/05\/hoidalakkaa.png","contentUrl":"https:\/\/nailner.com\/app\/uploads\/sites\/7\/2022\/05\/hoidalakkaa.png","width":900,"height":900,"caption":"Nailner Hoida & Lakkaa"},{"@type":"BreadcrumbList","@id":"https:\/\/nailner.com\/fi\/tuote\/nailner-hoida-lakkaa\/#breadcrumb","itemListElement":[{"@type":"ListItem","position":1,"name":"Home","item":"https:\/\/nailner.com\/fi\/"},{"@type":"ListItem","position":2,"name":"Tuotteet","item":"https:\/\/nailner.com\/fi\/tuotteet\/"},{"@type":"ListItem","position":3,"name":"Nailner Hoida &#038; Lakkaa"}]},{"@type":"WebSite","@id":"https:\/\/multisite.nailner.com\/fi\/#website","url":"https:\/\/multisite.nailner.com\/fi\/","name":"Nailner","description":"","publisher":{"@id":"https:\/\/multisite.nailner.com\/fi\/#organization"},"potentialAction":[{"@type":"SearchAction","target":{"@type":"EntryPoint","urlTemplate":"https:\/\/multisite.nailner.com\/fi\/?s={search_term_string}"},"query-input":{"@type":"PropertyValueSpecification","valueRequired":true,"valueName":"search_term_string"}}],"inLanguage":"fi-FI"},{"@type":"Organization","@id":"https:\/\/multisite.nailner.com\/fi\/#organization","name":"Nailner","url":"https:\/\/multisite.nailner.com\/fi\/","logo":{"@type":"ImageObject","inLanguage":"fi-FI","@id":"https:\/\/multisite.nailner.com\/fi\/#\/schema\/logo\/image\/","url":"https:\/\/nailner.com\/app\/uploads\/sites\/7\/2025\/09\/Nailner-logo.png","contentUrl":"https:\/\/nailner.com\/app\/uploads\/sites\/7\/2025\/09\/Nailner-logo.png","width":134,"height":32,"caption":"Nailner"},"image":{"@id":"https:\/\/multisite.nailner.com\/fi\/#\/schema\/logo\/image\/"}}]}},"_links":{"self":[{"href":"https:\/\/nailner.com\/fi\/wp-json\/wp\/v2\/product\/110","targetHints":{"allow":["GET"]}}],"collection":[{"href":"https:\/\/nailner.com\/fi\/wp-json\/wp\/v2\/product"}],"about":[{"href":"https:\/\/nailner.com\/fi\/wp-json\/wp\/v2\/types\/product"}],"replies":[{"embeddable":true,"href":"https:\/\/nailner.com\/fi\/wp-json\/wp\/v2\/comments?post=110"}],"version-history":[{"count":10,"href":"https:\/\/nailner.com\/fi\/wp-json\/wp\/v2\/product\/110\/revisions"}],"predecessor-version":[{"id":652,"href":"https:\/\/nailner.com\/fi\/wp-json\/wp\/v2\/product\/110\/revisions\/652"}],"wp:featuredmedia":[{"embeddable":true,"href":"https:\/\/nailner.com\/fi\/wp-json\/wp\/v2\/media\/111"}],"wp:attachment":[{"href":"https:\/\/nailner.com\/fi\/wp-json\/wp\/v2\/media?parent=110"}],"wp:term":[{"taxonomy":"product_brand","embeddable":true,"href":"https:\/\/nailner.com\/fi\/wp-json\/wp\/v2\/product_brand?post=110"},{"taxonomy":"product_cat","embeddable":true,"href":"https:\/\/nailner.com\/fi\/wp-json\/wp\/v2\/product_cat?post=110"},{"taxonomy":"product_tag","embeddable":true,"href":"https:\/\/nailner.com\/fi\/wp-json\/wp\/v2\/product_tag?post=110"}],"curies":[{"name":"wp","href":"https:\/\/api.w.org\/{rel}","templated":true}]}}