{"id":456,"date":"2024-03-27T12:44:52","date_gmt":"2024-03-27T10:44:52","guid":{"rendered":"https:\/\/nailner.com\/fi\/?post_type=product&#038;p=456"},"modified":"2026-02-16T16:42:42","modified_gmt":"2026-02-16T14:42:42","slug":"nailner-2-in-1-hoitoaine-xl","status":"publish","type":"product","link":"https:\/\/nailner.com\/fi\/tuote\/nailner-2-in-1-hoitoaine-xl\/","title":{"rendered":"Nailner 2 in 1 -hoitoaine XL"},"content":{"rendered":"\n<section class=\"wp-block-karopharma-usp is-style-transparent usp is-style-transparent\"><div class=\"usp-wrapper\">\n<section class=\"wp-block-karopharma-usp-single usp-single undefined\"><div class=\"icon\"><svg width=\"21\" height=\"16\" viewBox=\"0 0 21 16\" fill=\"none\" xmlns=\"http:\/\/www.w3.org\/2000\/svg\"><path d=\"M19.2567 0.164742L6.13095 13.2905L1.49056 8.65006C1.2709 8.4304 0.914742 8.4304 0.695039 8.65006L0.164742 9.18036C-0.0549141 9.40001 -0.0549141 9.75617 0.164742 9.97587L5.73321 15.5443C5.95287 15.764 6.30903 15.764 6.52873 15.5443L20.5825 1.4906C20.8021 1.27095 20.8021 0.914789 20.5825 0.695086L20.0521 0.164742C19.8325 -0.0549141 19.4763 -0.0549141 19.2567 0.164742Z\" fill=\"white\"><\/path><\/svg><\/div>\n<h4 class=\"wp-block-heading has-text-align-center is-style-heading-h4\" id=\"step-1\">Vaihe 1<\/h4>\n\n\n\n<p class=\"has-text-align-center is-style-body-text\">Puhdista kynsi ja poista mahdollinen kynsilakka ennen jokaista hoitokertaa. Kynsi\u00e4 ei tarvitse viilata ennen hoitoa. Levit\u00e4 liuos kynnen koko ulkopinnalle sek\u00e4 n\u00e4kyviss\u00e4 olevalle kynnen alapinnalle.<\/p>\n<\/section>\n\n\n\n<section class=\"wp-block-karopharma-usp-single usp-single undefined\"><div class=\"icon\"><svg width=\"21\" height=\"16\" viewBox=\"0 0 21 16\" fill=\"none\" xmlns=\"http:\/\/www.w3.org\/2000\/svg\"><path d=\"M19.2567 0.164742L6.13095 13.2905L1.49056 8.65006C1.2709 8.4304 0.914742 8.4304 0.695039 8.65006L0.164742 9.18036C-0.0549141 9.40001 -0.0549141 9.75617 0.164742 9.97587L5.73321 15.5443C5.95287 15.764 6.30903 15.764 6.52873 15.5443L20.5825 1.4906C20.8021 1.27095 20.8021 0.914789 20.5825 0.695086L20.0521 0.164742C19.8325 -0.0549141 19.4763 -0.0549141 19.2567 0.164742Z\" fill=\"white\"><\/path><\/svg><\/div>\n<h4 class=\"wp-block-heading has-text-align-center is-style-heading-h4\" id=\"step-2\">Vaihe 2<\/h4>\n\n\n\n<p class=\"has-text-align-center is-style-body-text\">Levit\u00e4 liuosta 2 kertaa p\u00e4iv\u00e4ss\u00e4 4 ensimm\u00e4isen viikon ajan. T\u00e4m\u00e4n j\u00e4lkeen levit\u00e4 kerran p\u00e4iv\u00e4ss\u00e4, kunnes vaurioituneen kynnen tilalle on kasvanut terve kynsi.<\/p>\n<\/section>\n\n\n\n<section class=\"wp-block-karopharma-usp-single usp-single undefined\"><div class=\"icon\"><svg width=\"21\" height=\"16\" viewBox=\"0 0 21 16\" fill=\"none\" xmlns=\"http:\/\/www.w3.org\/2000\/svg\"><path d=\"M19.2567 0.164742L6.13095 13.2905L1.49056 8.65006C1.2709 8.4304 0.914742 8.4304 0.695039 8.65006L0.164742 9.18036C-0.0549141 9.40001 -0.0549141 9.75617 0.164742 9.97587L5.73321 15.5443C5.95287 15.764 6.30903 15.764 6.52873 15.5443L20.5825 1.4906C20.8021 1.27095 20.8021 0.914789 20.5825 0.695086L20.0521 0.164742C19.8325 -0.0549141 19.4763 -0.0549141 19.2567 0.164742Z\" fill=\"white\"><\/path><\/svg><\/div>\n<h4 class=\"wp-block-heading has-text-align-center is-style-heading-h4\" id=\"step-3\">Vaihe 3<\/h4>\n\n\n\n<p class=\"has-text-align-center is-style-body-text\">Sulje pullon tai kyn\u00e4n korkki huolellisesti k\u00e4yt\u00f6n j\u00e4lkeen. Nailner 2 in 1 -hoitoaineita voidaan k\u00e4ytt\u00e4\u00e4 my\u00f6s ennaltaehk\u00e4isev\u00e4sti. Levit\u00e4 Nailner 2 in 1 -hoitoainetta kerran p\u00e4iv\u00e4ss\u00e4 kynsien sieni-infektion ehk\u00e4isemiseksi.<\/p>\n<\/section>\n<\/div><\/section>\n\n\n\n<div class=\"wp-block-karopharma-accordions is-style-secondary\"><div class=\"container\">\n<details class=\"wp-block-karopharma-accordion\"><summary><h2 class=\"accordion-title\">Kuinka moneen k\u00e4ytt\u00f6kertaan Nailner 2 in 1 XL -hoitoaine riitt\u00e4\u00e4?<\/h2><\/summary><div class=\"accordion-content\">\n<p>Nailner 2 in 1 XL -hoitoaine sis\u00e4lt\u00e4\u00e4 14 ml ainetta, mik\u00e4 riitt\u00e4\u00e4 noin 800 k\u00e4ytt\u00f6kertaan. Ihanteellinen useiden kynsien hoitoon.<\/p>\n<\/div><\/details>\n\n\n\n<details class=\"wp-block-karopharma-accordion\"><summary><h2 class=\"accordion-title\">Mit\u00e4 Nailner 2 in 1 XL -hoitoaine sis\u00e4lt\u00e4\u00e4?<\/h2><\/summary><div class=\"accordion-content\">\n<p>Etyylilaktaatti, vesi, glyseriini, maitohappo, sitruunahappo, resasetofenoni.<\/p>\n<\/div><\/details>\n<\/div><\/div>\n","protected":false},"excerpt":{"rendered":"<p>Hoitaa ja kirkastaa kynsi\u00e4<\/p>\n","protected":false},"featured_media":459,"comment_status":"closed","ping_status":"closed","template":"","meta":{"_acf_changed":false,"footnotes":""},"product_brand":[],"product_cat":[16],"product_tag":[],"class_list":{"0":"post-456","1":"product","2":"type-product","3":"status-publish","4":"has-post-thumbnail","6":"product_cat-uncategorized","8":"first","9":"instock","10":"shipping-taxable","11":"product-type-simple"},"acf":[],"yoast_head":"<!-- This site is optimized with the Yoast SEO plugin v26.6 - https:\/\/yoast.com\/wordpress\/plugins\/seo\/ -->\n<title>Nailner 2 in 1 -hoitoaine XL - Nailner<\/title>\n<meta name=\"description\" content=\"Hoitaa kynsi\u00e4 ja kirkastaa niiden ulkon\u00e4\u00f6n nopeasti jo 7 p\u00e4iv\u00e4ss\u00e4. Kliinisesti tutkittu kynsisienen hoitoon ja ennaltaehk\u00e4isyyn.\" \/>\n<meta name=\"robots\" content=\"index, follow, max-snippet:-1, max-image-preview:large, max-video-preview:-1\" \/>\n<link rel=\"canonical\" href=\"https:\/\/nailner.com\/fi\/tuote\/nailner-2-in-1-hoitoaine-xl\/\" \/>\n<meta property=\"og:locale\" content=\"fi_FI\" \/>\n<meta property=\"og:type\" content=\"article\" \/>\n<meta property=\"og:title\" content=\"Nailner 2 in 1 -hoitoaine XL - Nailner\" \/>\n<meta property=\"og:description\" content=\"Hoitaa kynsi\u00e4 ja kirkastaa niiden ulkon\u00e4\u00f6n nopeasti jo 7 p\u00e4iv\u00e4ss\u00e4. Kliinisesti tutkittu kynsisienen hoitoon ja ennaltaehk\u00e4isyyn.\" \/>\n<meta property=\"og:url\" content=\"https:\/\/nailner.com\/fi\/tuote\/nailner-2-in-1-hoitoaine-xl\/\" \/>\n<meta property=\"og:site_name\" content=\"Nailner\" \/>\n<meta property=\"article:modified_time\" content=\"2026-02-16T14:42:42+00:00\" \/>\n<meta property=\"og:image\" content=\"https:\/\/nailner.com\/app\/uploads\/sites\/7\/2024\/03\/Nailner-2in1-Brush-XL.png\" \/>\n\t<meta property=\"og:image:width\" content=\"800\" \/>\n\t<meta property=\"og:image:height\" content=\"800\" \/>\n\t<meta property=\"og:image:type\" content=\"image\/png\" \/>\n<meta name=\"twitter:card\" content=\"summary_large_image\" \/>\n<meta name=\"twitter:label1\" content=\"Est. reading time\" \/>\n\t<meta name=\"twitter:data1\" content=\"1 minute\" \/>\n<script type=\"application\/ld+json\" class=\"yoast-schema-graph\">{\"@context\":\"https:\/\/schema.org\",\"@graph\":[{\"@type\":\"WebPage\",\"@id\":\"https:\/\/nailner.com\/fi\/tuote\/nailner-2-in-1-hoitoaine-xl\/\",\"url\":\"https:\/\/nailner.com\/fi\/tuote\/nailner-2-in-1-hoitoaine-xl\/\",\"name\":\"Nailner 2 in 1 -hoitoaine XL - Nailner\",\"isPartOf\":{\"@id\":\"https:\/\/multisite.nailner.com\/fi\/#website\"},\"primaryImageOfPage\":{\"@id\":\"https:\/\/nailner.com\/fi\/tuote\/nailner-2-in-1-hoitoaine-xl\/#primaryimage\"},\"image\":{\"@id\":\"https:\/\/nailner.com\/fi\/tuote\/nailner-2-in-1-hoitoaine-xl\/#primaryimage\"},\"thumbnailUrl\":\"https:\/\/nailner.com\/app\/uploads\/sites\/7\/2024\/03\/Nailner-2in1-Brush-XL.png\",\"datePublished\":\"2024-03-27T10:44:52+00:00\",\"dateModified\":\"2026-02-16T14:42:42+00:00\",\"description\":\"Hoitaa kynsi\u00e4 ja kirkastaa niiden ulkon\u00e4\u00f6n nopeasti jo 7 p\u00e4iv\u00e4ss\u00e4. Kliinisesti tutkittu kynsisienen hoitoon ja ennaltaehk\u00e4isyyn.\",\"breadcrumb\":{\"@id\":\"https:\/\/nailner.com\/fi\/tuote\/nailner-2-in-1-hoitoaine-xl\/#breadcrumb\"},\"inLanguage\":\"fi-FI\",\"potentialAction\":[{\"@type\":\"ReadAction\",\"target\":[\"https:\/\/nailner.com\/fi\/tuote\/nailner-2-in-1-hoitoaine-xl\/\"]}]},{\"@type\":\"ImageObject\",\"inLanguage\":\"fi-FI\",\"@id\":\"https:\/\/nailner.com\/fi\/tuote\/nailner-2-in-1-hoitoaine-xl\/#primaryimage\",\"url\":\"https:\/\/nailner.com\/app\/uploads\/sites\/7\/2024\/03\/Nailner-2in1-Brush-XL.png\",\"contentUrl\":\"https:\/\/nailner.com\/app\/uploads\/sites\/7\/2024\/03\/Nailner-2in1-Brush-XL.png\",\"width\":800,\"height\":800,\"caption\":\"Nailner 2 in 1 -hoitoaine XL\"},{\"@type\":\"BreadcrumbList\",\"@id\":\"https:\/\/nailner.com\/fi\/tuote\/nailner-2-in-1-hoitoaine-xl\/#breadcrumb\",\"itemListElement\":[{\"@type\":\"ListItem\",\"position\":1,\"name\":\"Home\",\"item\":\"https:\/\/nailner.com\/fi\/\"},{\"@type\":\"ListItem\",\"position\":2,\"name\":\"Tuotteet\",\"item\":\"https:\/\/nailner.com\/fi\/tuotteet\/\"},{\"@type\":\"ListItem\",\"position\":3,\"name\":\"Nailner 2 in 1 -hoitoaine XL\"}]},{\"@type\":\"WebSite\",\"@id\":\"https:\/\/multisite.nailner.com\/fi\/#website\",\"url\":\"https:\/\/multisite.nailner.com\/fi\/\",\"name\":\"Nailner\",\"description\":\"\",\"publisher\":{\"@id\":\"https:\/\/multisite.nailner.com\/fi\/#organization\"},\"potentialAction\":[{\"@type\":\"SearchAction\",\"target\":{\"@type\":\"EntryPoint\",\"urlTemplate\":\"https:\/\/multisite.nailner.com\/fi\/?s={search_term_string}\"},\"query-input\":{\"@type\":\"PropertyValueSpecification\",\"valueRequired\":true,\"valueName\":\"search_term_string\"}}],\"inLanguage\":\"fi-FI\"},{\"@type\":\"Organization\",\"@id\":\"https:\/\/multisite.nailner.com\/fi\/#organization\",\"name\":\"Nailner\",\"url\":\"https:\/\/multisite.nailner.com\/fi\/\",\"logo\":{\"@type\":\"ImageObject\",\"inLanguage\":\"fi-FI\",\"@id\":\"https:\/\/multisite.nailner.com\/fi\/#\/schema\/logo\/image\/\",\"url\":\"https:\/\/nailner.com\/app\/uploads\/sites\/7\/2025\/09\/Nailner-logo.png\",\"contentUrl\":\"https:\/\/nailner.com\/app\/uploads\/sites\/7\/2025\/09\/Nailner-logo.png\",\"width\":134,\"height\":32,\"caption\":\"Nailner\"},\"image\":{\"@id\":\"https:\/\/multisite.nailner.com\/fi\/#\/schema\/logo\/image\/\"}}]}<\/script>\n<!-- \/ Yoast SEO plugin. -->","yoast_head_json":{"title":"Nailner 2 in 1 -hoitoaine XL - Nailner","description":"Hoitaa kynsi\u00e4 ja kirkastaa niiden ulkon\u00e4\u00f6n nopeasti jo 7 p\u00e4iv\u00e4ss\u00e4. Kliinisesti tutkittu kynsisienen hoitoon ja ennaltaehk\u00e4isyyn.","robots":{"index":"index","follow":"follow","max-snippet":"max-snippet:-1","max-image-preview":"max-image-preview:large","max-video-preview":"max-video-preview:-1"},"canonical":"https:\/\/nailner.com\/fi\/tuote\/nailner-2-in-1-hoitoaine-xl\/","og_locale":"fi_FI","og_type":"article","og_title":"Nailner 2 in 1 -hoitoaine XL - Nailner","og_description":"Hoitaa kynsi\u00e4 ja kirkastaa niiden ulkon\u00e4\u00f6n nopeasti jo 7 p\u00e4iv\u00e4ss\u00e4. Kliinisesti tutkittu kynsisienen hoitoon ja ennaltaehk\u00e4isyyn.","og_url":"https:\/\/nailner.com\/fi\/tuote\/nailner-2-in-1-hoitoaine-xl\/","og_site_name":"Nailner","article_modified_time":"2026-02-16T14:42:42+00:00","og_image":[{"width":800,"height":800,"url":"https:\/\/nailner.com\/app\/uploads\/sites\/7\/2024\/03\/Nailner-2in1-Brush-XL.png","type":"image\/png"}],"twitter_card":"summary_large_image","twitter_misc":{"Est. reading time":"1 minute"},"schema":{"@context":"https:\/\/schema.org","@graph":[{"@type":"WebPage","@id":"https:\/\/nailner.com\/fi\/tuote\/nailner-2-in-1-hoitoaine-xl\/","url":"https:\/\/nailner.com\/fi\/tuote\/nailner-2-in-1-hoitoaine-xl\/","name":"Nailner 2 in 1 -hoitoaine XL - Nailner","isPartOf":{"@id":"https:\/\/multisite.nailner.com\/fi\/#website"},"primaryImageOfPage":{"@id":"https:\/\/nailner.com\/fi\/tuote\/nailner-2-in-1-hoitoaine-xl\/#primaryimage"},"image":{"@id":"https:\/\/nailner.com\/fi\/tuote\/nailner-2-in-1-hoitoaine-xl\/#primaryimage"},"thumbnailUrl":"https:\/\/nailner.com\/app\/uploads\/sites\/7\/2024\/03\/Nailner-2in1-Brush-XL.png","datePublished":"2024-03-27T10:44:52+00:00","dateModified":"2026-02-16T14:42:42+00:00","description":"Hoitaa kynsi\u00e4 ja kirkastaa niiden ulkon\u00e4\u00f6n nopeasti jo 7 p\u00e4iv\u00e4ss\u00e4. Kliinisesti tutkittu kynsisienen hoitoon ja ennaltaehk\u00e4isyyn.","breadcrumb":{"@id":"https:\/\/nailner.com\/fi\/tuote\/nailner-2-in-1-hoitoaine-xl\/#breadcrumb"},"inLanguage":"fi-FI","potentialAction":[{"@type":"ReadAction","target":["https:\/\/nailner.com\/fi\/tuote\/nailner-2-in-1-hoitoaine-xl\/"]}]},{"@type":"ImageObject","inLanguage":"fi-FI","@id":"https:\/\/nailner.com\/fi\/tuote\/nailner-2-in-1-hoitoaine-xl\/#primaryimage","url":"https:\/\/nailner.com\/app\/uploads\/sites\/7\/2024\/03\/Nailner-2in1-Brush-XL.png","contentUrl":"https:\/\/nailner.com\/app\/uploads\/sites\/7\/2024\/03\/Nailner-2in1-Brush-XL.png","width":800,"height":800,"caption":"Nailner 2 in 1 -hoitoaine XL"},{"@type":"BreadcrumbList","@id":"https:\/\/nailner.com\/fi\/tuote\/nailner-2-in-1-hoitoaine-xl\/#breadcrumb","itemListElement":[{"@type":"ListItem","position":1,"name":"Home","item":"https:\/\/nailner.com\/fi\/"},{"@type":"ListItem","position":2,"name":"Tuotteet","item":"https:\/\/nailner.com\/fi\/tuotteet\/"},{"@type":"ListItem","position":3,"name":"Nailner 2 in 1 -hoitoaine XL"}]},{"@type":"WebSite","@id":"https:\/\/multisite.nailner.com\/fi\/#website","url":"https:\/\/multisite.nailner.com\/fi\/","name":"Nailner","description":"","publisher":{"@id":"https:\/\/multisite.nailner.com\/fi\/#organization"},"potentialAction":[{"@type":"SearchAction","target":{"@type":"EntryPoint","urlTemplate":"https:\/\/multisite.nailner.com\/fi\/?s={search_term_string}"},"query-input":{"@type":"PropertyValueSpecification","valueRequired":true,"valueName":"search_term_string"}}],"inLanguage":"fi-FI"},{"@type":"Organization","@id":"https:\/\/multisite.nailner.com\/fi\/#organization","name":"Nailner","url":"https:\/\/multisite.nailner.com\/fi\/","logo":{"@type":"ImageObject","inLanguage":"fi-FI","@id":"https:\/\/multisite.nailner.com\/fi\/#\/schema\/logo\/image\/","url":"https:\/\/nailner.com\/app\/uploads\/sites\/7\/2025\/09\/Nailner-logo.png","contentUrl":"https:\/\/nailner.com\/app\/uploads\/sites\/7\/2025\/09\/Nailner-logo.png","width":134,"height":32,"caption":"Nailner"},"image":{"@id":"https:\/\/multisite.nailner.com\/fi\/#\/schema\/logo\/image\/"}}]}},"_links":{"self":[{"href":"https:\/\/nailner.com\/fi\/wp-json\/wp\/v2\/product\/456","targetHints":{"allow":["GET"]}}],"collection":[{"href":"https:\/\/nailner.com\/fi\/wp-json\/wp\/v2\/product"}],"about":[{"href":"https:\/\/nailner.com\/fi\/wp-json\/wp\/v2\/types\/product"}],"replies":[{"embeddable":true,"href":"https:\/\/nailner.com\/fi\/wp-json\/wp\/v2\/comments?post=456"}],"version-history":[{"count":10,"href":"https:\/\/nailner.com\/fi\/wp-json\/wp\/v2\/product\/456\/revisions"}],"predecessor-version":[{"id":654,"href":"https:\/\/nailner.com\/fi\/wp-json\/wp\/v2\/product\/456\/revisions\/654"}],"wp:featuredmedia":[{"embeddable":true,"href":"https:\/\/nailner.com\/fi\/wp-json\/wp\/v2\/media\/459"}],"wp:attachment":[{"href":"https:\/\/nailner.com\/fi\/wp-json\/wp\/v2\/media?parent=456"}],"wp:term":[{"taxonomy":"product_brand","embeddable":true,"href":"https:\/\/nailner.com\/fi\/wp-json\/wp\/v2\/product_brand?post=456"},{"taxonomy":"product_cat","embeddable":true,"href":"https:\/\/nailner.com\/fi\/wp-json\/wp\/v2\/product_cat?post=456"},{"taxonomy":"product_tag","embeddable":true,"href":"https:\/\/nailner.com\/fi\/wp-json\/wp\/v2\/product_tag?post=456"}],"curies":[{"name":"wp","href":"https:\/\/api.w.org\/{rel}","templated":true}]}}