{"id":35,"date":"2022-08-25T13:57:12","date_gmt":"2022-08-25T11:57:12","guid":{"rendered":"https:\/\/nailner.com\/fr\/?page_id=35"},"modified":"2025-09-22T10:13:03","modified_gmt":"2025-09-22T08:13:03","slug":"a-propos-de-nailner","status":"publish","type":"page","link":"https:\/\/nailner.com\/fr\/a-propos-de-nailner\/","title":{"rendered":"\u00c0 propos de Nailner"},"content":{"rendered":"\n<div class=\"wp-block-karopharma-background-image-with-text-v2 background-image-with-text-v2 undefined content-position-center fixed-height-layout\" datatest=\"root\"><div class=\"background-image-with-text-wrapper\"><picture class=\"background-image-with-text-image\"><source media=\"(max-width: 560px)\" srcset=\"https:\/\/nailner.com\/cdn-cgi\/image\/format=auto,width=560\/app\/uploads\/sites\/13\/2022\/08\/about-nailner-1.jpg\"\/><source media=\"(max-width: 800px)\" srcset=\"https:\/\/nailner.com\/cdn-cgi\/image\/format=auto,width=800\/app\/uploads\/sites\/13\/2022\/08\/about-nailner-1.jpg\"\/><source media=\"(max-width: 1920px)\" srcset=\"https:\/\/nailner.com\/cdn-cgi\/image\/format=auto,width=1920\/app\/uploads\/sites\/13\/2022\/08\/about-nailner-1.jpg\"\/><img decoding=\"async\" width=\"2000\" height=\"1333\" datatest=\"background-image\" loading=\"lazy\" class=\"object-center object-cover\" src=\"https:\/\/nailner.com\/cdn-cgi\/image\/format=auto\/app\/uploads\/sites\/13\/2022\/08\/about-nailner-1.jpg\" alt=\"about-nailner\"\/><\/picture><div datatest=\"content-wrapper\" class=\"background-image-with-text-content-wrapper container max-w-medium text-alignment-left  pt-large pb-large\"><div class=\"content\">\n<div class=\"wp-block-buttons is-layout-flex wp-block-buttons-is-layout-flex\"><\/div>\n<\/div><\/div><\/div><\/div>\n\n\n\n<div class=\"wp-block-karopharma-free-text pt-large pb-large bg-center bg-contain bg-no-repeat  undefined is-style-secondary\" style=\"background-image:url()\"><div class=\"free-text-wrapper container max-w-medium text-center\">\n<h1 class=\"is-style-heading-huge wp-block-heading\" id=\"about-nailner\">\u00c0 propos de Nailner<\/h1>\n\n\n\n<p class=\"is-style-paragraph-preamble\">Chez Nailner, nous comprenons que lorsque vous souffrez d&rsquo;une mycose de l&rsquo;ongle, vous souhaitez vous en d\u00e9barrasser aussi rapidement et facilement que possible, pour retrouver des ongles d&rsquo;apparence saine.<\/p>\n\n\n\n<p>C&rsquo;est la raison pour laquelle les produits Nailner p\u00e9n\u00e8trent rapidement dans l&rsquo;ongle. Ils ont \u00e9t\u00e9 cliniquement test\u00e9s et ont prouv\u00e9 leur efficacit\u00e9 dans le traitement et la pr\u00e9vention des mycoses de l&rsquo;ongle. Nous proposons une gamme de produits dont certains am\u00e9liorent l&rsquo;apparence de l&rsquo;ongle, avec des r\u00e9sultats visibles en 7 jours, et d&rsquo;autres masquent la mycose de l&rsquo;ongle en couvrant la d\u00e9coloration.<\/p>\n\n\n\n<p>Que vous souhaitiez des ongles naturels ou color\u00e9s, des ongles d&rsquo;apparence plus saine ou simplement traiter l&rsquo;infection, Nailner a le produit qu&rsquo;il vous faut.<\/p>\n<\/div><\/div>\n\n\n\n<div class=\"wp-block-karopharma-accordions\"><div class=\"container\">\n<details class=\"wp-block-karopharma-accordion\"><summary><h2 class=\"accordion-title\">Pendant combien de temps et \u00e0 quelle fr\u00e9quence dois-je utiliser les produits Nailner ?<\/h2><\/summary><div class=\"accordion-content\">\n<p>Vous devez traiter le ou les ongles infect\u00e9s deux fois par jour pendant les quatre premi\u00e8res semaines d\u2019utilisation, puis une fois par jour, jusqu\u2019\u00e0 ce qu\u2019un ongle sain ait pouss\u00e9 \u00e0 la place de l\u2019ongle affect\u00e9. Pendant le traitement, utilisez les produits Nailner \u00e0 titre pr\u00e9ventif sur vos ongles sains (une fois par jour suffit) pour emp\u00eacher que l\u2019infection fongique ne se propage aux autres ongles. Apr\u00e8s la gu\u00e9rison, vous pourrez continuer \u00e0 utiliser les produits Nailner \u00e0 titre pr\u00e9ventif. Veuillez consulter les instructions d\u2019utilisation fournies sur ce site Web, sur l\u2019emballage ou sur la notice.<\/p>\n<\/div><\/details>\n\n\n\n<details class=\"wp-block-karopharma-accordion\"><summary><h2 class=\"accordion-title\">J\u2019utilise Nailner. Dans combien de temps mes ongles auront-ils retrouv\u00e9 un aspect normal ?<\/h2><\/summary><div class=\"accordion-content\">\n<p>La gamme Nailner permet d\u2019\u00e9liminer compl\u00e8tement l\u2019infection fongique dans un d\u00e9lai d\u2019environ 12 semaines. Vous constaterez une am\u00e9lioration au bout d\u2019\u00e0 peine quelques semaines de traitement. Cependant, m\u00eame une fois gu\u00e9ri, il faudra peut-\u00eatre du temps avant que l\u2019ongle reprenne un aspect normal, car l\u2019ongle endommag\u00e9 doit \u00eatre remplac\u00e9 par un ongle sain. Ce processus prend plus ou moins de temps selon la taille de l\u2019ongle et le stade de l\u2019infection avant le d\u00e9but du traitement. Pour les ongles des orteils, la repousse peut prendre jusqu\u2019\u00e0 12 mois<\/p>\n<\/div><\/details>\n<\/div><\/div>\n\n\n\n<div class=\"wp-block-karopharma-free-text pt-large pb-large bg-center bg-contain bg-no-repeat  undefined\" style=\"background-image:url()\"><div class=\"free-text-wrapper container max-w-medium text-left\">\n<h2 class=\"is-style-heading-h2 wp-block-heading\" id=\"nailner-treats-nail-fungus-through-two-crucial-actions\"><strong>Nailner traite la mycose des ongles gr\u00e2ce \u00e0 2 m\u00e9canismes d\u2019action :<\/strong><\/h2>\n\n\n\n<h3 class=\"is-style-heading-h4 wp-block-heading\" id=\"total-saturation-of-the-nail\">Saturation total de l\u2019ongle<\/h3>\n\n\n\n<p>Le champignon ne se d\u00e9veloppe pas uniquement \u00e0 la surface de l\u2019ongle mais dans toute la structure de l\u2019ongle. Nailner a le pouvoir de saturer la tablette ungu\u00e9ale afin de combattre la mycose. Les actifs permettent d\u2019agir en surface mais \u00e9galement en profondeur.<\/p>\n\n\n\n<h3 class=\"is-style-heading-h4 wp-block-heading\" id=\"total-saturation-of-the-nail\">Abaissement du pH pour combattre la mycose au c\u0153ur de l\u2019ongle<\/h3>\n\n\n\n<p>Selon certaines \u00e9tudes, les champignons \u00e0 l\u2019origine de la mycose des ongles se d\u00e9velopperaient plus facilement en milieu alcalin (pH basique). Ils s\u00e9cr\u00e8tent des enzymes qui d\u00e9gradent la k\u00e9ratine et provoquent les dommages visuels associ\u00e9s aux infections ungu\u00e9ales. Nailner contient de l\u2019acide lactique qui r\u00e9duit le pH et cr\u00e9e un environnement d\u00e9favorable \u00e0 la survie des champignons.<\/p>\n<\/div><\/div>\n\n\n<div class=\"product-list wp-block-karopharma-product-list\" data-testid=\"product-list\">\n      <div class=\"swiper-container\">\n      <div class=\"swiper\">\n        <div class=\"swiper-wrapper\">\n                      <div class=\"swiper-slide\">\n              <div class=\"product-card\" data-testid=\"product-card\">\n  <a\n    href=https:\/\/nailner.com\/fr\/produit\/nailner-traite-colore\/\n    class=\"product-card-link\"\n    title=\"Nailner Traite &#038; Colore\"\n  >\n  <figure class=\"product-card-image\" data-testid=\"product-image\">\n                          <img decoding=\"async\" src=\"https:\/\/nailner.com\/cdn-cgi\/image\/width=700,format=auto\/app\/uploads\/sites\/13\/2022\/08\/17i1-box-nailner-brush-treat-and-colour-fr-packshot.png\"\n        srcset=\"https:\/\/nailner.com\/cdn-cgi\/image\/width=250,format=auto\/app\/uploads\/sites\/13\/2022\/08\/17i1-box-nailner-brush-treat-and-colour-fr-packshot.png 250w,\n                https:\/\/nailner.com\/cdn-cgi\/image\/width=500,format=auto\/app\/uploads\/sites\/13\/2022\/08\/17i1-box-nailner-brush-treat-and-colour-fr-packshot.png 500w,\n                https:\/\/nailner.com\/cdn-cgi\/image\/width=700,format=auto\/app\/uploads\/sites\/13\/2022\/08\/17i1-box-nailner-brush-treat-and-colour-fr-packshot.png 700w\"\n        sizes=\"(max-width: 400px) 250px, (max-width: 800px) 500px, 700px\"\n        alt=\"Nailner Traite &#038; Colore\"\n        class=\"img\">\n            <\/figure>\n    <div class=\"product-card-content\">\n      <div class=\"heading-wrapper\">\n        <h2 class=\"heading\">Nailner Traite &#038; Colore<\/h2>\n      <\/div>\n      <div class=\"product-card-description\">Nailner Traite &#038; Colore combine le traitement et un vernis color\u00e9 perm\u00e9able \u00e0 l\u2019air pour des ongles sains et beaux tout au long de l\u2019ann\u00e9e.<\/div>\n                      <\/div>\n  <\/a>\n      <div class=\"button-wrapper\">\n    <a\n      href=https:\/\/nailner.com\/fr\/produit\/nailner-traite-colore\/\n      target=_self\n      class=\"theme-button button-primary-color rounded-button\"\n      rel=\"noopener\"\n      title=\"En savoir plus\"\n    >\n       En savoir plus\n    <\/a>\n<\/div>  <\/div>\n            <\/div>\n                      <div class=\"swiper-slide\">\n              <div class=\"product-card\" data-testid=\"product-card\">\n  <a\n    href=https:\/\/nailner.com\/fr\/produit\/nailner-pinceau-vernis-2-en-1\/\n    class=\"product-card-link\"\n    title=\"Nailner Pinceau (vernis) 2 en 1\"\n  >\n  <figure class=\"product-card-image\" data-testid=\"product-image\">\n                          <img decoding=\"async\" src=\"https:\/\/nailner.com\/cdn-cgi\/image\/width=700,format=auto\/app\/uploads\/sites\/13\/2022\/08\/pos_nailner_2_brush_2in1_box_fr.png\"\n        srcset=\"https:\/\/nailner.com\/cdn-cgi\/image\/width=250,format=auto\/app\/uploads\/sites\/13\/2022\/08\/pos_nailner_2_brush_2in1_box_fr.png 250w,\n                https:\/\/nailner.com\/cdn-cgi\/image\/width=500,format=auto\/app\/uploads\/sites\/13\/2022\/08\/pos_nailner_2_brush_2in1_box_fr.png 500w,\n                https:\/\/nailner.com\/cdn-cgi\/image\/width=700,format=auto\/app\/uploads\/sites\/13\/2022\/08\/pos_nailner_2_brush_2in1_box_fr.png 700w\"\n        sizes=\"(max-width: 400px) 250px, (max-width: 800px) 500px, 700px\"\n        alt=\"Nailner Pinceau (vernis) 2 en 1\"\n        class=\"img\">\n            <\/figure>\n    <div class=\"product-card-content\">\n      <div class=\"heading-wrapper\">\n        <h2 class=\"heading\">Nailner Pinceau (vernis) 2 en 1<\/h2>\n      <\/div>\n      <div class=\"product-card-description\">Am\u00e9lioration esth\u00e9tique des ongles d\u00e8s 7 jours \u2013 Nailner Pinceau 2en1 contient un actif permettant d\u2019am\u00e9liorer l\u2019apparence de l\u2019ongle d\u00e8s 7 jours.<\/div>\n                      <\/div>\n  <\/a>\n      <div class=\"button-wrapper\">\n    <a\n      href=https:\/\/nailner.com\/fr\/produit\/nailner-pinceau-vernis-2-en-1\/\n      target=_self\n      class=\"theme-button button-primary-color rounded-button\"\n      rel=\"noopener\"\n      title=\"En savoir plus\"\n    >\n       En savoir plus\n    <\/a>\n<\/div>  <\/div>\n            <\/div>\n                      <div class=\"swiper-slide\">\n              <div class=\"product-card\" data-testid=\"product-card\">\n  <a\n    href=https:\/\/nailner.com\/fr\/produit\/nailner-stylo-2-en-1\/\n    class=\"product-card-link\"\n    title=\"Nailner Stylo 2 en 1\"\n  >\n  <figure class=\"product-card-image\" data-testid=\"product-image\">\n                          <img decoding=\"async\" src=\"https:\/\/nailner.com\/cdn-cgi\/image\/width=700,format=auto\/app\/uploads\/sites\/13\/2022\/08\/pos_nailner_2_pen_2in1_box_fr.png\"\n        srcset=\"https:\/\/nailner.com\/cdn-cgi\/image\/width=250,format=auto\/app\/uploads\/sites\/13\/2022\/08\/pos_nailner_2_pen_2in1_box_fr.png 250w,\n                https:\/\/nailner.com\/cdn-cgi\/image\/width=500,format=auto\/app\/uploads\/sites\/13\/2022\/08\/pos_nailner_2_pen_2in1_box_fr.png 500w,\n                https:\/\/nailner.com\/cdn-cgi\/image\/width=700,format=auto\/app\/uploads\/sites\/13\/2022\/08\/pos_nailner_2_pen_2in1_box_fr.png 700w\"\n        sizes=\"(max-width: 400px) 250px, (max-width: 800px) 500px, 700px\"\n        alt=\"Nailner Stylo 2 en 1\"\n        class=\"img\">\n            <\/figure>\n    <div class=\"product-card-content\">\n      <div class=\"heading-wrapper\">\n        <h2 class=\"heading\">Nailner Stylo 2 en 1<\/h2>\n      <\/div>\n      <div class=\"product-card-description\">Am\u00e9lioration esth\u00e9tique des ongles d\u00e8s 7 jours \u2013 Nailner Stylo 2 en 1 contient un actif permettant d\u2019am\u00e9liorer l\u2019apparence de l\u2019ongle d\u00e8s 7 jours.<\/div>\n                      <\/div>\n  <\/a>\n      <div class=\"button-wrapper\">\n    <a\n      href=https:\/\/nailner.com\/fr\/produit\/nailner-stylo-2-en-1\/\n      target=_self\n      class=\"theme-button button-primary-color rounded-button\"\n      rel=\"noopener\"\n      title=\"En savoir plus\"\n    >\n       En savoir plus\n    <\/a>\n<\/div>  <\/div>\n            <\/div>\n                      <div class=\"swiper-slide\">\n              <div class=\"product-card\" data-testid=\"product-card\">\n  <a\n    href=https:\/\/nailner.com\/fr\/produit\/nailner-stylo\/\n    class=\"product-card-link\"\n    title=\"Nailner Stylo\"\n  >\n  <figure class=\"product-card-image\" data-testid=\"product-image\">\n                          <img decoding=\"async\" src=\"https:\/\/nailner.com\/cdn-cgi\/image\/width=700,format=auto\/app\/uploads\/sites\/13\/2022\/08\/pos_nailner_2_pen_box_fr.png\"\n        srcset=\"https:\/\/nailner.com\/cdn-cgi\/image\/width=250,format=auto\/app\/uploads\/sites\/13\/2022\/08\/pos_nailner_2_pen_box_fr.png 250w,\n                https:\/\/nailner.com\/cdn-cgi\/image\/width=500,format=auto\/app\/uploads\/sites\/13\/2022\/08\/pos_nailner_2_pen_box_fr.png 500w,\n                https:\/\/nailner.com\/cdn-cgi\/image\/width=700,format=auto\/app\/uploads\/sites\/13\/2022\/08\/pos_nailner_2_pen_box_fr.png 700w\"\n        sizes=\"(max-width: 400px) 250px, (max-width: 800px) 500px, 700px\"\n        alt=\"Nailner Stylo\"\n        class=\"img\">\n            <\/figure>\n    <div class=\"product-card-content\">\n      <div class=\"heading-wrapper\">\n        <h2 class=\"heading\">Nailner Stylo<\/h2>\n      <\/div>\n      <div class=\"product-card-description\">Le Stylo est maniable et permet une application facile et rapide. Chaque stylo contient environ 400 applications.<\/div>\n                      <\/div>\n  <\/a>\n      <div class=\"button-wrapper\">\n    <a\n      href=https:\/\/nailner.com\/fr\/produit\/nailner-stylo\/\n      target=_self\n      class=\"theme-button button-primary-color rounded-button\"\n      rel=\"noopener\"\n      title=\"En savoir plus\"\n    >\n       En savoir plus\n    <\/a>\n<\/div>  <\/div>\n            <\/div>\n                      <div class=\"swiper-slide\">\n              <div class=\"product-card\" data-testid=\"product-card\">\n  <a\n    href=https:\/\/nailner.com\/fr\/produit\/nailner-spray-35-ml\/\n    class=\"product-card-link\"\n    title=\"Nailner Spray\"\n  >\n  <figure class=\"product-card-image\" data-testid=\"product-image\">\n                          <img decoding=\"async\" src=\"https:\/\/nailner.com\/cdn-cgi\/image\/width=700,format=auto\/app\/uploads\/sites\/13\/2022\/08\/pos_nailner_2_sprayxxl_box_fr.png\"\n        srcset=\"https:\/\/nailner.com\/cdn-cgi\/image\/width=250,format=auto\/app\/uploads\/sites\/13\/2022\/08\/pos_nailner_2_sprayxxl_box_fr.png 250w,\n                https:\/\/nailner.com\/cdn-cgi\/image\/width=500,format=auto\/app\/uploads\/sites\/13\/2022\/08\/pos_nailner_2_sprayxxl_box_fr.png 500w,\n                https:\/\/nailner.com\/cdn-cgi\/image\/width=700,format=auto\/app\/uploads\/sites\/13\/2022\/08\/pos_nailner_2_sprayxxl_box_fr.png 700w\"\n        sizes=\"(max-width: 400px) 250px, (max-width: 800px) 500px, 700px\"\n        alt=\"Nailner Spray 35 ml\"\n        class=\"img\">\n            <\/figure>\n    <div class=\"product-card-content\">\n      <div class=\"heading-wrapper\">\n        <h2 class=\"heading\">Nailner Spray<\/h2>\n      <\/div>\n      <div class=\"product-card-description\">Nailner Spray 35 ml Facile d\u2019utilisation pour combattre la mycose des ongles<\/div>\n                      <\/div>\n  <\/a>\n      <div class=\"button-wrapper\">\n    <a\n      href=https:\/\/nailner.com\/fr\/produit\/nailner-spray-35-ml\/\n      target=_self\n      class=\"theme-button button-primary-color rounded-button\"\n      rel=\"noopener\"\n      title=\"En savoir plus\"\n    >\n       En savoir plus\n    <\/a>\n<\/div>  <\/div>\n            <\/div>\n                  <\/div>\n        <div class=\"swiper-scrollbar\"><\/div>\n      <\/div>\n    <\/div>\n  <\/div>\n","protected":false},"excerpt":{"rendered":"","protected":false},"author":3,"featured_media":0,"parent":0,"menu_order":0,"comment_status":"closed","ping_status":"closed","template":"","meta":{"_acf_changed":false,"footnotes":""},"from-article-database":[],"class_list":["post-35","page","type-page","status-publish","hentry"],"acf":[],"yoast_head":"<!-- This site is optimized with the Yoast SEO plugin v26.6 - https:\/\/yoast.com\/wordpress\/plugins\/seo\/ -->\n<title>\u00c0 propos de Nailner - Nailner<\/title>\n<meta name=\"description\" content=\"Les produits Nailner renforcent \u00e9galement la beaut\u00e9 des ongles. Vous optez pour des ongles \u00e0 l\u2019aspect naturel ou vernis, ou pour des ongles d\u2019apparence plus saine, ou vous voulez plut\u00f4t soigner une infection ?\" \/>\n<meta name=\"robots\" content=\"index, follow, max-snippet:-1, max-image-preview:large, max-video-preview:-1\" \/>\n<link rel=\"canonical\" href=\"https:\/\/nailner.com\/fr\/a-propos-de-nailner\/\" \/>\n<meta property=\"og:locale\" content=\"fr_FR\" \/>\n<meta property=\"og:type\" content=\"article\" \/>\n<meta property=\"og:title\" content=\"\u00c0 propos de Nailner - Nailner\" \/>\n<meta property=\"og:description\" content=\"Les produits Nailner renforcent \u00e9galement la beaut\u00e9 des ongles. Vous optez pour des ongles \u00e0 l\u2019aspect naturel ou vernis, ou pour des ongles d\u2019apparence plus saine, ou vous voulez plut\u00f4t soigner une infection ?\" \/>\n<meta property=\"og:url\" content=\"https:\/\/nailner.com\/fr\/a-propos-de-nailner\/\" \/>\n<meta property=\"og:site_name\" content=\"Nailner\" \/>\n<meta property=\"article:modified_time\" content=\"2025-09-22T08:13:03+00:00\" \/>\n<meta property=\"og:image\" content=\"https:\/\/nailner.com\/cdn-cgi\/image\/format=auto\/app\/uploads\/sites\/13\/2022\/08\/about-nailner-1.jpg\" \/>\n<meta name=\"twitter:card\" content=\"summary_large_image\" \/>\n<meta name=\"twitter:label1\" content=\"Dur\u00e9e de lecture estim\u00e9e\" \/>\n\t<meta name=\"twitter:data1\" content=\"3 minutes\" \/>\n<script type=\"application\/ld+json\" class=\"yoast-schema-graph\">{\"@context\":\"https:\/\/schema.org\",\"@graph\":[{\"@type\":\"WebPage\",\"@id\":\"https:\/\/nailner.com\/fr\/a-propos-de-nailner\/\",\"url\":\"https:\/\/nailner.com\/fr\/a-propos-de-nailner\/\",\"name\":\"\u00c0 propos de Nailner - Nailner\",\"isPartOf\":{\"@id\":\"https:\/\/nailner.com\/fr\/#website\"},\"primaryImageOfPage\":{\"@id\":\"https:\/\/nailner.com\/fr\/a-propos-de-nailner\/#primaryimage\"},\"image\":{\"@id\":\"https:\/\/nailner.com\/fr\/a-propos-de-nailner\/#primaryimage\"},\"thumbnailUrl\":\"https:\/\/nailner.com\/cdn-cgi\/image\/format=auto\/app\/uploads\/sites\/13\/2022\/08\/about-nailner-1.jpg\",\"datePublished\":\"2022-08-25T11:57:12+00:00\",\"dateModified\":\"2025-09-22T08:13:03+00:00\",\"description\":\"Les produits Nailner renforcent \u00e9galement la beaut\u00e9 des ongles. Vous optez pour des ongles \u00e0 l\u2019aspect naturel ou vernis, ou pour des ongles d\u2019apparence plus saine, ou vous voulez plut\u00f4t soigner une infection ?\",\"breadcrumb\":{\"@id\":\"https:\/\/nailner.com\/fr\/a-propos-de-nailner\/#breadcrumb\"},\"inLanguage\":\"fr-FR\",\"potentialAction\":[{\"@type\":\"ReadAction\",\"target\":[\"https:\/\/nailner.com\/fr\/a-propos-de-nailner\/\"]}]},{\"@type\":\"ImageObject\",\"inLanguage\":\"fr-FR\",\"@id\":\"https:\/\/nailner.com\/fr\/a-propos-de-nailner\/#primaryimage\",\"url\":\"https:\/\/nailner.com\/cdn-cgi\/image\/format=auto\/app\/uploads\/sites\/13\/2022\/08\/about-nailner-1.jpg\",\"contentUrl\":\"https:\/\/nailner.com\/cdn-cgi\/image\/format=auto\/app\/uploads\/sites\/13\/2022\/08\/about-nailner-1.jpg\"},{\"@type\":\"BreadcrumbList\",\"@id\":\"https:\/\/nailner.com\/fr\/a-propos-de-nailner\/#breadcrumb\",\"itemListElement\":[{\"@type\":\"ListItem\",\"position\":1,\"name\":\"Home\",\"item\":\"https:\/\/nailner.com\/fr\/\"},{\"@type\":\"ListItem\",\"position\":2,\"name\":\"\u00c0 propos de Nailner\"}]},{\"@type\":\"WebSite\",\"@id\":\"https:\/\/nailner.com\/fr\/#website\",\"url\":\"https:\/\/nailner.com\/fr\/\",\"name\":\"Nailner\",\"description\":\"\",\"publisher\":{\"@id\":\"https:\/\/nailner.com\/fr\/#organization\"},\"potentialAction\":[{\"@type\":\"SearchAction\",\"target\":{\"@type\":\"EntryPoint\",\"urlTemplate\":\"https:\/\/nailner.com\/fr\/?s={search_term_string}\"},\"query-input\":{\"@type\":\"PropertyValueSpecification\",\"valueRequired\":true,\"valueName\":\"search_term_string\"}}],\"inLanguage\":\"fr-FR\"},{\"@type\":\"Organization\",\"@id\":\"https:\/\/nailner.com\/fr\/#organization\",\"name\":\"Nailner\",\"url\":\"https:\/\/nailner.com\/fr\/\",\"logo\":{\"@type\":\"ImageObject\",\"inLanguage\":\"fr-FR\",\"@id\":\"https:\/\/nailner.com\/fr\/#\/schema\/logo\/image\/\",\"url\":\"https:\/\/nailner.com\/app\/uploads\/sites\/13\/2025\/04\/Nailner-logo.png\",\"contentUrl\":\"https:\/\/nailner.com\/app\/uploads\/sites\/13\/2025\/04\/Nailner-logo.png\",\"width\":134,\"height\":32,\"caption\":\"Nailner\"},\"image\":{\"@id\":\"https:\/\/nailner.com\/fr\/#\/schema\/logo\/image\/\"}}]}<\/script>\n<!-- \/ Yoast SEO plugin. -->","yoast_head_json":{"title":"\u00c0 propos de Nailner - Nailner","description":"Les produits Nailner renforcent \u00e9galement la beaut\u00e9 des ongles. Vous optez pour des ongles \u00e0 l\u2019aspect naturel ou vernis, ou pour des ongles d\u2019apparence plus saine, ou vous voulez plut\u00f4t soigner une infection ?","robots":{"index":"index","follow":"follow","max-snippet":"max-snippet:-1","max-image-preview":"max-image-preview:large","max-video-preview":"max-video-preview:-1"},"canonical":"https:\/\/nailner.com\/fr\/a-propos-de-nailner\/","og_locale":"fr_FR","og_type":"article","og_title":"\u00c0 propos de Nailner - Nailner","og_description":"Les produits Nailner renforcent \u00e9galement la beaut\u00e9 des ongles. Vous optez pour des ongles \u00e0 l\u2019aspect naturel ou vernis, ou pour des ongles d\u2019apparence plus saine, ou vous voulez plut\u00f4t soigner une infection ?","og_url":"https:\/\/nailner.com\/fr\/a-propos-de-nailner\/","og_site_name":"Nailner","article_modified_time":"2025-09-22T08:13:03+00:00","og_image":[{"url":"https:\/\/nailner.com\/cdn-cgi\/image\/format=auto\/app\/uploads\/sites\/13\/2022\/08\/about-nailner-1.jpg","type":"","width":"","height":""}],"twitter_card":"summary_large_image","twitter_misc":{"Dur\u00e9e de lecture estim\u00e9e":"3 minutes"},"schema":{"@context":"https:\/\/schema.org","@graph":[{"@type":"WebPage","@id":"https:\/\/nailner.com\/fr\/a-propos-de-nailner\/","url":"https:\/\/nailner.com\/fr\/a-propos-de-nailner\/","name":"\u00c0 propos de Nailner - Nailner","isPartOf":{"@id":"https:\/\/nailner.com\/fr\/#website"},"primaryImageOfPage":{"@id":"https:\/\/nailner.com\/fr\/a-propos-de-nailner\/#primaryimage"},"image":{"@id":"https:\/\/nailner.com\/fr\/a-propos-de-nailner\/#primaryimage"},"thumbnailUrl":"https:\/\/nailner.com\/cdn-cgi\/image\/format=auto\/app\/uploads\/sites\/13\/2022\/08\/about-nailner-1.jpg","datePublished":"2022-08-25T11:57:12+00:00","dateModified":"2025-09-22T08:13:03+00:00","description":"Les produits Nailner renforcent \u00e9galement la beaut\u00e9 des ongles. Vous optez pour des ongles \u00e0 l\u2019aspect naturel ou vernis, ou pour des ongles d\u2019apparence plus saine, ou vous voulez plut\u00f4t soigner une infection ?","breadcrumb":{"@id":"https:\/\/nailner.com\/fr\/a-propos-de-nailner\/#breadcrumb"},"inLanguage":"fr-FR","potentialAction":[{"@type":"ReadAction","target":["https:\/\/nailner.com\/fr\/a-propos-de-nailner\/"]}]},{"@type":"ImageObject","inLanguage":"fr-FR","@id":"https:\/\/nailner.com\/fr\/a-propos-de-nailner\/#primaryimage","url":"https:\/\/nailner.com\/cdn-cgi\/image\/format=auto\/app\/uploads\/sites\/13\/2022\/08\/about-nailner-1.jpg","contentUrl":"https:\/\/nailner.com\/cdn-cgi\/image\/format=auto\/app\/uploads\/sites\/13\/2022\/08\/about-nailner-1.jpg"},{"@type":"BreadcrumbList","@id":"https:\/\/nailner.com\/fr\/a-propos-de-nailner\/#breadcrumb","itemListElement":[{"@type":"ListItem","position":1,"name":"Home","item":"https:\/\/nailner.com\/fr\/"},{"@type":"ListItem","position":2,"name":"\u00c0 propos de Nailner"}]},{"@type":"WebSite","@id":"https:\/\/nailner.com\/fr\/#website","url":"https:\/\/nailner.com\/fr\/","name":"Nailner","description":"","publisher":{"@id":"https:\/\/nailner.com\/fr\/#organization"},"potentialAction":[{"@type":"SearchAction","target":{"@type":"EntryPoint","urlTemplate":"https:\/\/nailner.com\/fr\/?s={search_term_string}"},"query-input":{"@type":"PropertyValueSpecification","valueRequired":true,"valueName":"search_term_string"}}],"inLanguage":"fr-FR"},{"@type":"Organization","@id":"https:\/\/nailner.com\/fr\/#organization","name":"Nailner","url":"https:\/\/nailner.com\/fr\/","logo":{"@type":"ImageObject","inLanguage":"fr-FR","@id":"https:\/\/nailner.com\/fr\/#\/schema\/logo\/image\/","url":"https:\/\/nailner.com\/app\/uploads\/sites\/13\/2025\/04\/Nailner-logo.png","contentUrl":"https:\/\/nailner.com\/app\/uploads\/sites\/13\/2025\/04\/Nailner-logo.png","width":134,"height":32,"caption":"Nailner"},"image":{"@id":"https:\/\/nailner.com\/fr\/#\/schema\/logo\/image\/"}}]}},"_links":{"self":[{"href":"https:\/\/nailner.com\/fr\/wp-json\/wp\/v2\/pages\/35","targetHints":{"allow":["GET"]}}],"collection":[{"href":"https:\/\/nailner.com\/fr\/wp-json\/wp\/v2\/pages"}],"about":[{"href":"https:\/\/nailner.com\/fr\/wp-json\/wp\/v2\/types\/page"}],"author":[{"embeddable":true,"href":"https:\/\/nailner.com\/fr\/wp-json\/wp\/v2\/users\/3"}],"replies":[{"embeddable":true,"href":"https:\/\/nailner.com\/fr\/wp-json\/wp\/v2\/comments?post=35"}],"version-history":[{"count":7,"href":"https:\/\/nailner.com\/fr\/wp-json\/wp\/v2\/pages\/35\/revisions"}],"predecessor-version":[{"id":338,"href":"https:\/\/nailner.com\/fr\/wp-json\/wp\/v2\/pages\/35\/revisions\/338"}],"wp:attachment":[{"href":"https:\/\/nailner.com\/fr\/wp-json\/wp\/v2\/media?parent=35"}],"wp:term":[{"taxonomy":"from-article-database","embeddable":true,"href":"https:\/\/nailner.com\/fr\/wp-json\/wp\/v2\/from-article-database?post=35"}],"curies":[{"name":"wp","href":"https:\/\/api.w.org\/{rel}","templated":true}]}}