{"id":43,"date":"2022-08-25T14:12:44","date_gmt":"2022-08-25T12:12:44","guid":{"rendered":"https:\/\/nailner.com\/fr\/?page_id=43"},"modified":"2025-09-22T10:13:01","modified_gmt":"2025-09-22T08:13:01","slug":"faq","status":"publish","type":"page","link":"https:\/\/nailner.com\/fr\/faq\/","title":{"rendered":"FAQ"},"content":{"rendered":"\n<div class=\"wp-block-karopharma-free-text pt-medium pb-medium bg-center bg-contain bg-no-repeat  pt-large pb-large undefined is-style-secondary\" style=\"background-image:url()\"><div class=\"free-text-wrapper container medium text-center\">\n<h1 class=\"is-style-heading-h1 wp-block-heading\" id=\"frequently-asked-questions\">Questions fr\u00e9quemment pos\u00e9es<\/h1>\n<\/div><\/div>\n\n\n\n<div class=\"wp-block-karopharma-accordions\"><div class=\"container\">\n<details class=\"wp-block-karopharma-accordion\"><summary><h2 class=\"accordion-title\">Quel est le m\u00e9canisme d\u2019action des produits Nailner ?<\/h2><\/summary><div class=\"accordion-content\">\n<p>La gamme Nailner a \u00e9t\u00e9 con\u00e7ue pour traiter l\u2019onychomycose (mycose des ongles). Tous les produits contiennent un syst\u00e8me brevet\u00e9 permettant \u00e0 la solution de saturer la tablette ungu\u00e9ale, couche \u00e9paisse de k\u00e9ratine composant l\u2019ongle. En abaissant le pH, ils \u00e9liminent l\u2019infection fongique en cr\u00e9ant un environnement d\u00e9favorable \u00e0 la prolif\u00e9ration du champignon.<\/p>\n<\/div><\/details>\n\n\n\n<details class=\"wp-block-karopharma-accordion\"><summary><h2 class=\"accordion-title\">Quel est le m\u00e9canisme d\u2019action des produits Nailner 2 en 1 ?<\/h2><\/summary><div class=\"accordion-content\">\n<p>Nailner 2 en 1 est indiqu\u00e9 dans le traitement de la mycose des ongles et am\u00e9liore l\u2019apparence de l\u2019ongle.<\/p>\n\n\n\n<p>Un syst\u00e8me unique qui permet la saturation de la tablette ungu\u00e9ale pour traiter la mycose en cr\u00e9ant un environnement d\u00e9favorable au d\u00e9veloppement du champignon responsable<br>Nailner 2 en 1 contient un actif brillant qui restaure la beaut\u00e9 de l\u2019ongle en 7 jours seulement.<br>Prot\u00e8ge de l\u2019infection, l\u2019ongle sain nouvellement pouss\u00e9<\/p>\n<\/div><\/details>\n\n\n\n<details class=\"wp-block-karopharma-accordion\"><summary><h2 class=\"accordion-title\">Quel est le mode d\u2019action de Nailner Traite &#038; Colore ?<\/h2><\/summary><div class=\"accordion-content\">\n<p>L\u2019efficacit\u00e9 pour traiter et pr\u00e9venir la mycose des ongles de la formule de Nailner vernis antimycosique est cliniquement prouv\u00e9e gr\u00e2ce \u00e0 la combinaison unique des ingr\u00e9dients.<\/p>\n\n\n\n<p><strong>Nailner vernis antimycosique traite la mycose de 3 fa\u00e7ons :<\/strong><\/p>\n\n\n\n<p>1\/ P\u00e9n\u00e8tre au coeur de l\u2019ongle : sa formule unique sature la tablette ungu\u00e9ale pour agir contre l\u2019infection en profondeur.<\/p>\n\n\n\n<p>2\/ Elimination de l\u2019infection mycosique : en abaissant le pH de l\u2019ongle, Nailner restaure un environnement favorable \u00e0 celui-ci, au d\u00e9triment de la mycose.<\/p>\n\n\n\n<p>3\/ Pr\u00e9vention d\u2019une r\u00e9cidive : appliqu\u00e9 au quotidien en entretien, il prot\u00e8ge durablement l\u2019ongle en pr\u00e9venant l\u2019infection tout au long de la repousse.<\/p>\n\n\n\n<p><strong>Nailner vernis color\u00e9<\/strong> dissimule les imperfections gr\u00e2ce \u00e0 sa couleur \u00e0 la fois naturelle et \u00e9l\u00e9gante, ce qui en fait une solution id\u00e9ale pour porter des chaussures ouvertes. Sa formule perm\u00e9able permet une application sur ongles infect\u00e9s ou sains.<\/p>\n<\/div><\/details>\n\n\n\n<details class=\"wp-block-karopharma-accordion\"><summary><h2 class=\"accordion-title\">Comment utiliser Nailner Traite &#038; Colore?<\/h2><\/summary><div class=\"accordion-content\">\n<p>Nailner traite&amp;colore doit \u00eatre appliqu\u00e9 en respectant scrupuleusement l\u2019ensemble des \u00e9tapes suivantes :<\/p>\n\n\n\n<ol class=\"is-style-default wp-block-list\"><li>Avant chaque application, retirez tout r\u00e9sidu de vernis sur les ongles \u00e0 traiter<\/li><li>Appliquez le Nailner vernis antimycosique (solution transparente) sur toute la surface de l\u2019ongle infect\u00e9, y compris sous l\u2019extr\u00e9mit\u00e9 de l\u2019ongle.<\/li><li>Laissez s\u00e9cher 1 \u00e0 2 minutes.<\/li><li>Appliquez le Nailner vernis color\u00e9 et laissez s\u00e9cher (2 \u00e0 3 minutes environ). Tous les ongles peuvent \u00eatre vernis.<\/li><li>Avant l\u2019application suivante, retirez tout r\u00e9sidu de vernis sur les ongles \u00e0 traiter avec un dissolvant (de pr\u00e9f\u00e9rence sans ac\u00e9tone) et r\u00e9p\u00e9tez les \u00e9tapes d\u00e9taill\u00e9es pr\u00e9c\u00e9demment.<\/li><\/ol>\n\n\n\n<p>Il est recommand\u00e9 de retirer le vernis color\u00e9 sur les ongles sains toutes les 2 semaines.<\/p>\n<\/div><\/details>\n\n\n\n<details class=\"wp-block-karopharma-accordion\"><summary><h2 class=\"accordion-title\">Quels sont les ingredients des produits Nailner Traite &#038; Colore ?<\/h2><\/summary><div class=\"accordion-content\">\n<p>INCI Nailner vernis antimycosique (Dispositif M\u00e9dical) : Ethyl Lactate, Glycerin, Aqua, Lactic Acid, Citric Acid.<\/p>\n\n\n\n<p>INCI Nailner vernis color\u00e9 perm\u00e9able \u00e0 l\u2019air (cosm\u00e9tique) : Butyl Acetate, Ethyl Acetate, Nitrocellulose, Acetyl Tributyl Citrate, Isopropyl Alcohol, Adipic Acid\/Neopentyl Glycol\/Trimellitic Anhydride Copolymer, CI 77891, Polyethylmethacrylate, Sucrose Acetate Isobutyrate, Stearalkonium Bentonite, Silica, Diacetone Alcohol, Benzophenone-1, CI 77491, CI 77499, N-Butyl Alcohol, Trimethylpentanediyl Dibenzoate, CI 19140, Polyurethane-67, Dimethicone, Methoxyisopropyl Acetate,<\/p>\n\n\n\n<p>Trimethylsiloxysilicate, Decyl Alcohol, Phosphoric Acid.<\/p>\n<\/div><\/details>\n\n\n\n<details class=\"wp-block-karopharma-accordion\"><summary><h2 class=\"accordion-title\">Quels sont les ingredients des produits Nailner<\/h2><\/summary><div class=\"accordion-content\">\n<p><strong>Nailner stylo :<\/strong><br>Ethyl Lactate, Aqua, Glycerin, Lactic Acid, Citric Acid.<\/p>\n\n\n\n<p><strong>Nailner stylo 2en1 et pinceau (vernis) 2en1 :<\/strong><br>Ethyl Lactate, Glycerin, Aqua, Lactic Acid, Resacetophenone, Citric Acid<\/p>\n<\/div><\/details>\n\n\n\n<details class=\"wp-block-karopharma-accordion\"><summary><h2 class=\"accordion-title\">Les produits Nailner peuvent-ils \u00eatre utilis\u00e9s en toute s\u00e9curit\u00e9 chez l\u2019enfant ?<\/h2><\/summary><div class=\"accordion-content\">\n<p>Il est rare que les enfants souffrent de mycose des ongles. En effet, leurs ongles tr\u00e8s flexibles ne se fissurent pas facilement et les champignons ne peuvent donc pas y p\u00e9n\u00e9trer. Chez l\u2019enfant, un changement de couleur des ongles peut \u00eatre d\u00fb \u00e0 un psoriasis, \u00e0 un choc ou \u00e0 une carence en vitamines, acides amin\u00e9s et\/ou calcium. Nous vous recommandons de consulter votre m\u00e9decin g\u00e9n\u00e9raliste avant de traiter une anomalie de l\u2019ongle chez un enfant. Si votre g\u00e9n\u00e9raliste diagnostique une mycose, vous pouvez alors utiliser les produits Nailner pour traiter l\u2019infection. La tol\u00e9rance des produits Nailner n\u2019a pas fait l\u2019objet de tests sp\u00e9cifiques chez l\u2019enfant. Nous vous conseillons donc de faire un essai sur un seul ongle dans un premier temps. Les enfants sont g\u00e9n\u00e9ralement plus sujets aux allergies \u00e0 certains composants, notamment parce que leur peau est tr\u00e8s sensible.<\/p>\n<\/div><\/details>\n\n\n\n<details class=\"wp-block-karopharma-accordion\"><summary><h2 class=\"accordion-title\">Comment puis-je savoir si le Stylo Nailner est vide ?<\/h2><\/summary><div class=\"accordion-content\">\n<p>L\u2019application du produit laisse une fine couche de liquide brillante \u00e0 la surface de l\u2019ongle. Le liquide p\u00e9n\u00e8tre rapidement dans l\u2019ongle, qui retrouve son aspect ant\u00e9rieur. Tant que vous voyez cette fine couche, cela signifie que le stylo contient encore du liquide. Vous pouvez aussi faire un test sur du papier : si le stylo laisse une trace humide, c\u2019est qu\u2019il n\u2019est pas encore vide.<\/p>\n<\/div><\/details>\n<\/div><\/div>\n","protected":false},"excerpt":{"rendered":"","protected":false},"author":3,"featured_media":0,"parent":0,"menu_order":0,"comment_status":"closed","ping_status":"closed","template":"","meta":{"_acf_changed":false,"footnotes":""},"from-article-database":[],"class_list":["post-43","page","type-page","status-publish","hentry"],"acf":[],"yoast_head":"<!-- This site is optimized with the Yoast SEO plugin v26.6 - https:\/\/yoast.com\/wordpress\/plugins\/seo\/ -->\n<title>FAQ - Nailner<\/title>\n<meta name=\"description\" content=\"Quel est le m\u00e9canisme d\u2019action des produits Nailner ? Quel est le m\u00e9canisme d\u2019action des produits Nailner 2 en 1 ?\" \/>\n<meta name=\"robots\" content=\"index, follow, max-snippet:-1, max-image-preview:large, max-video-preview:-1\" \/>\n<link rel=\"canonical\" href=\"https:\/\/nailner.com\/fr\/faq\/\" \/>\n<meta property=\"og:locale\" content=\"fr_FR\" \/>\n<meta property=\"og:type\" content=\"article\" \/>\n<meta property=\"og:title\" content=\"FAQ - Nailner\" \/>\n<meta property=\"og:description\" content=\"Quel est le m\u00e9canisme d\u2019action des produits Nailner ? Quel est le m\u00e9canisme d\u2019action des produits Nailner 2 en 1 ?\" \/>\n<meta property=\"og:url\" content=\"https:\/\/nailner.com\/fr\/faq\/\" \/>\n<meta property=\"og:site_name\" content=\"Nailner\" \/>\n<meta property=\"article:modified_time\" content=\"2025-09-22T08:13:01+00:00\" \/>\n<meta name=\"twitter:card\" content=\"summary_large_image\" \/>\n<meta name=\"twitter:label1\" content=\"Dur\u00e9e de lecture estim\u00e9e\" \/>\n\t<meta name=\"twitter:data1\" content=\"4 minutes\" \/>\n<script type=\"application\/ld+json\" class=\"yoast-schema-graph\">{\"@context\":\"https:\/\/schema.org\",\"@graph\":[{\"@type\":\"WebPage\",\"@id\":\"https:\/\/nailner.com\/fr\/faq\/\",\"url\":\"https:\/\/nailner.com\/fr\/faq\/\",\"name\":\"FAQ - Nailner\",\"isPartOf\":{\"@id\":\"https:\/\/nailner.com\/fr\/#website\"},\"datePublished\":\"2022-08-25T12:12:44+00:00\",\"dateModified\":\"2025-09-22T08:13:01+00:00\",\"description\":\"Quel est le m\u00e9canisme d\u2019action des produits Nailner ? Quel est le m\u00e9canisme d\u2019action des produits Nailner 2 en 1 ?\",\"breadcrumb\":{\"@id\":\"https:\/\/nailner.com\/fr\/faq\/#breadcrumb\"},\"inLanguage\":\"fr-FR\",\"potentialAction\":[{\"@type\":\"ReadAction\",\"target\":[\"https:\/\/nailner.com\/fr\/faq\/\"]}]},{\"@type\":\"BreadcrumbList\",\"@id\":\"https:\/\/nailner.com\/fr\/faq\/#breadcrumb\",\"itemListElement\":[{\"@type\":\"ListItem\",\"position\":1,\"name\":\"Home\",\"item\":\"https:\/\/nailner.com\/fr\/\"},{\"@type\":\"ListItem\",\"position\":2,\"name\":\"FAQ\"}]},{\"@type\":\"WebSite\",\"@id\":\"https:\/\/nailner.com\/fr\/#website\",\"url\":\"https:\/\/nailner.com\/fr\/\",\"name\":\"Nailner\",\"description\":\"\",\"publisher\":{\"@id\":\"https:\/\/nailner.com\/fr\/#organization\"},\"potentialAction\":[{\"@type\":\"SearchAction\",\"target\":{\"@type\":\"EntryPoint\",\"urlTemplate\":\"https:\/\/nailner.com\/fr\/?s={search_term_string}\"},\"query-input\":{\"@type\":\"PropertyValueSpecification\",\"valueRequired\":true,\"valueName\":\"search_term_string\"}}],\"inLanguage\":\"fr-FR\"},{\"@type\":\"Organization\",\"@id\":\"https:\/\/nailner.com\/fr\/#organization\",\"name\":\"Nailner\",\"url\":\"https:\/\/nailner.com\/fr\/\",\"logo\":{\"@type\":\"ImageObject\",\"inLanguage\":\"fr-FR\",\"@id\":\"https:\/\/nailner.com\/fr\/#\/schema\/logo\/image\/\",\"url\":\"https:\/\/nailner.com\/app\/uploads\/sites\/13\/2025\/04\/Nailner-logo.png\",\"contentUrl\":\"https:\/\/nailner.com\/app\/uploads\/sites\/13\/2025\/04\/Nailner-logo.png\",\"width\":134,\"height\":32,\"caption\":\"Nailner\"},\"image\":{\"@id\":\"https:\/\/nailner.com\/fr\/#\/schema\/logo\/image\/\"}}]}<\/script>\n<!-- \/ Yoast SEO plugin. -->","yoast_head_json":{"title":"FAQ - Nailner","description":"Quel est le m\u00e9canisme d\u2019action des produits Nailner ? Quel est le m\u00e9canisme d\u2019action des produits Nailner 2 en 1 ?","robots":{"index":"index","follow":"follow","max-snippet":"max-snippet:-1","max-image-preview":"max-image-preview:large","max-video-preview":"max-video-preview:-1"},"canonical":"https:\/\/nailner.com\/fr\/faq\/","og_locale":"fr_FR","og_type":"article","og_title":"FAQ - Nailner","og_description":"Quel est le m\u00e9canisme d\u2019action des produits Nailner ? Quel est le m\u00e9canisme d\u2019action des produits Nailner 2 en 1 ?","og_url":"https:\/\/nailner.com\/fr\/faq\/","og_site_name":"Nailner","article_modified_time":"2025-09-22T08:13:01+00:00","twitter_card":"summary_large_image","twitter_misc":{"Dur\u00e9e de lecture estim\u00e9e":"4 minutes"},"schema":{"@context":"https:\/\/schema.org","@graph":[{"@type":"WebPage","@id":"https:\/\/nailner.com\/fr\/faq\/","url":"https:\/\/nailner.com\/fr\/faq\/","name":"FAQ - Nailner","isPartOf":{"@id":"https:\/\/nailner.com\/fr\/#website"},"datePublished":"2022-08-25T12:12:44+00:00","dateModified":"2025-09-22T08:13:01+00:00","description":"Quel est le m\u00e9canisme d\u2019action des produits Nailner ? Quel est le m\u00e9canisme d\u2019action des produits Nailner 2 en 1 ?","breadcrumb":{"@id":"https:\/\/nailner.com\/fr\/faq\/#breadcrumb"},"inLanguage":"fr-FR","potentialAction":[{"@type":"ReadAction","target":["https:\/\/nailner.com\/fr\/faq\/"]}]},{"@type":"BreadcrumbList","@id":"https:\/\/nailner.com\/fr\/faq\/#breadcrumb","itemListElement":[{"@type":"ListItem","position":1,"name":"Home","item":"https:\/\/nailner.com\/fr\/"},{"@type":"ListItem","position":2,"name":"FAQ"}]},{"@type":"WebSite","@id":"https:\/\/nailner.com\/fr\/#website","url":"https:\/\/nailner.com\/fr\/","name":"Nailner","description":"","publisher":{"@id":"https:\/\/nailner.com\/fr\/#organization"},"potentialAction":[{"@type":"SearchAction","target":{"@type":"EntryPoint","urlTemplate":"https:\/\/nailner.com\/fr\/?s={search_term_string}"},"query-input":{"@type":"PropertyValueSpecification","valueRequired":true,"valueName":"search_term_string"}}],"inLanguage":"fr-FR"},{"@type":"Organization","@id":"https:\/\/nailner.com\/fr\/#organization","name":"Nailner","url":"https:\/\/nailner.com\/fr\/","logo":{"@type":"ImageObject","inLanguage":"fr-FR","@id":"https:\/\/nailner.com\/fr\/#\/schema\/logo\/image\/","url":"https:\/\/nailner.com\/app\/uploads\/sites\/13\/2025\/04\/Nailner-logo.png","contentUrl":"https:\/\/nailner.com\/app\/uploads\/sites\/13\/2025\/04\/Nailner-logo.png","width":134,"height":32,"caption":"Nailner"},"image":{"@id":"https:\/\/nailner.com\/fr\/#\/schema\/logo\/image\/"}}]}},"_links":{"self":[{"href":"https:\/\/nailner.com\/fr\/wp-json\/wp\/v2\/pages\/43","targetHints":{"allow":["GET"]}}],"collection":[{"href":"https:\/\/nailner.com\/fr\/wp-json\/wp\/v2\/pages"}],"about":[{"href":"https:\/\/nailner.com\/fr\/wp-json\/wp\/v2\/types\/page"}],"author":[{"embeddable":true,"href":"https:\/\/nailner.com\/fr\/wp-json\/wp\/v2\/users\/3"}],"replies":[{"embeddable":true,"href":"https:\/\/nailner.com\/fr\/wp-json\/wp\/v2\/comments?post=43"}],"version-history":[{"count":4,"href":"https:\/\/nailner.com\/fr\/wp-json\/wp\/v2\/pages\/43\/revisions"}],"predecessor-version":[{"id":82,"href":"https:\/\/nailner.com\/fr\/wp-json\/wp\/v2\/pages\/43\/revisions\/82"}],"wp:attachment":[{"href":"https:\/\/nailner.com\/fr\/wp-json\/wp\/v2\/media?parent=43"}],"wp:term":[{"taxonomy":"from-article-database","embeddable":true,"href":"https:\/\/nailner.com\/fr\/wp-json\/wp\/v2\/from-article-database?post=43"}],"curies":[{"name":"wp","href":"https:\/\/api.w.org\/{rel}","templated":true}]}}