{"id":6,"date":"2022-08-25T11:42:22","date_gmt":"2022-08-25T11:42:22","guid":{"rendered":"https:\/\/nailner.com\/fr\/?page_id=6"},"modified":"2025-09-22T10:13:09","modified_gmt":"2025-09-22T08:13:09","slug":"nailner","status":"publish","type":"page","link":"https:\/\/nailner.com\/fr\/","title":{"rendered":"Nailner"},"content":{"rendered":"\n\n\n\n\n<div class=\"wp-block-karopharma-free-text pt-large pb-none bg-center bg-cover bg-no-repeat\" style=\"background-image:url()\"><div class=\"free-text-wrapper container max-w-medium text-left\">\n<p class=\"is-style-paragraph-preamble\">Nous proposons une gamme de produits dont certains am\u00e9liorent l&rsquo;apparence de l&rsquo;ongle, avec des r\u00e9sultats visibles en 7 jours, et d&rsquo;autres masquent la mycose de l&rsquo;ongle en couvrant la d\u00e9coloration. Que vous souhaitiez des ongles naturels ou color\u00e9s, des ongles d&rsquo;apparence plus saine ou simplement traiter l&rsquo;infection, Nailner a le produit qu&rsquo;il vous faut.<\/p>\n<\/div><\/div>\n\n\n<div class=\"product-list wp-block-karopharma-product-list\" data-testid=\"product-list\">\n      <div class=\"swiper-container\">\n      <div class=\"swiper\">\n        <div class=\"swiper-wrapper\">\n                      <div class=\"swiper-slide\">\n              <div class=\"product-card\" data-testid=\"product-card\">\n  <a\n    href=https:\/\/nailner.com\/fr\/produit\/nailner-traite-colore\/\n    class=\"product-card-link\"\n    title=\"Nailner Traite &#038; Colore\"\n  >\n  <figure class=\"product-card-image\" data-testid=\"product-image\">\n                          <img decoding=\"async\" src=\"https:\/\/nailner.com\/cdn-cgi\/image\/width=700,format=auto\/app\/uploads\/sites\/13\/2022\/08\/17i1-box-nailner-brush-treat-and-colour-fr-packshot.png\"\n        srcset=\"https:\/\/nailner.com\/cdn-cgi\/image\/width=250,format=auto\/app\/uploads\/sites\/13\/2022\/08\/17i1-box-nailner-brush-treat-and-colour-fr-packshot.png 250w,\n                https:\/\/nailner.com\/cdn-cgi\/image\/width=500,format=auto\/app\/uploads\/sites\/13\/2022\/08\/17i1-box-nailner-brush-treat-and-colour-fr-packshot.png 500w,\n                https:\/\/nailner.com\/cdn-cgi\/image\/width=700,format=auto\/app\/uploads\/sites\/13\/2022\/08\/17i1-box-nailner-brush-treat-and-colour-fr-packshot.png 700w\"\n        sizes=\"(max-width: 400px) 250px, (max-width: 800px) 500px, 700px\"\n        alt=\"Nailner Traite &#038; Colore\"\n        class=\"img\">\n            <\/figure>\n    <div class=\"product-card-content\">\n      <div class=\"heading-wrapper\">\n        <h2 class=\"heading\">Nailner Traite &#038; Colore<\/h2>\n      <\/div>\n      <div class=\"product-card-description\">Nailner Traite &#038; Colore combine le traitement et un vernis color\u00e9 perm\u00e9able \u00e0 l\u2019air pour des ongles sains et beaux tout au long de l\u2019ann\u00e9e.<\/div>\n                      <\/div>\n  <\/a>\n      <div class=\"button-wrapper\">\n    <a\n      href=https:\/\/nailner.com\/fr\/produit\/nailner-traite-colore\/\n      target=_self\n      class=\"theme-button button-primary-color rounded-button\"\n      rel=\"noopener\"\n      title=\"En savoir plus\"\n    >\n       En savoir plus\n    <\/a>\n<\/div>  <\/div>\n            <\/div>\n                      <div class=\"swiper-slide\">\n              <div class=\"product-card\" data-testid=\"product-card\">\n  <a\n    href=https:\/\/nailner.com\/fr\/produit\/nailner-pinceau-vernis-2-en-1\/\n    class=\"product-card-link\"\n    title=\"Nailner Pinceau (vernis) 2 en 1\"\n  >\n  <figure class=\"product-card-image\" data-testid=\"product-image\">\n                          <img decoding=\"async\" src=\"https:\/\/nailner.com\/cdn-cgi\/image\/width=700,format=auto\/app\/uploads\/sites\/13\/2022\/08\/pos_nailner_2_brush_2in1_box_fr.png\"\n        srcset=\"https:\/\/nailner.com\/cdn-cgi\/image\/width=250,format=auto\/app\/uploads\/sites\/13\/2022\/08\/pos_nailner_2_brush_2in1_box_fr.png 250w,\n                https:\/\/nailner.com\/cdn-cgi\/image\/width=500,format=auto\/app\/uploads\/sites\/13\/2022\/08\/pos_nailner_2_brush_2in1_box_fr.png 500w,\n                https:\/\/nailner.com\/cdn-cgi\/image\/width=700,format=auto\/app\/uploads\/sites\/13\/2022\/08\/pos_nailner_2_brush_2in1_box_fr.png 700w\"\n        sizes=\"(max-width: 400px) 250px, (max-width: 800px) 500px, 700px\"\n        alt=\"Nailner Pinceau (vernis) 2 en 1\"\n        class=\"img\">\n            <\/figure>\n    <div class=\"product-card-content\">\n      <div class=\"heading-wrapper\">\n        <h2 class=\"heading\">Nailner Pinceau (vernis) 2 en 1<\/h2>\n      <\/div>\n      <div class=\"product-card-description\">Am\u00e9lioration esth\u00e9tique des ongles d\u00e8s 7 jours \u2013 Nailner Pinceau 2en1 contient un actif permettant d\u2019am\u00e9liorer l\u2019apparence de l\u2019ongle d\u00e8s 7 jours.<\/div>\n                      <\/div>\n  <\/a>\n      <div class=\"button-wrapper\">\n    <a\n      href=https:\/\/nailner.com\/fr\/produit\/nailner-pinceau-vernis-2-en-1\/\n      target=_self\n      class=\"theme-button button-primary-color rounded-button\"\n      rel=\"noopener\"\n      title=\"En savoir plus\"\n    >\n       En savoir plus\n    <\/a>\n<\/div>  <\/div>\n            <\/div>\n                      <div class=\"swiper-slide\">\n              <div class=\"product-card\" data-testid=\"product-card\">\n  <a\n    href=https:\/\/nailner.com\/fr\/produit\/nailner-stylo-2-en-1\/\n    class=\"product-card-link\"\n    title=\"Nailner Stylo 2 en 1\"\n  >\n  <figure class=\"product-card-image\" data-testid=\"product-image\">\n                          <img decoding=\"async\" src=\"https:\/\/nailner.com\/cdn-cgi\/image\/width=700,format=auto\/app\/uploads\/sites\/13\/2022\/08\/pos_nailner_2_pen_2in1_box_fr.png\"\n        srcset=\"https:\/\/nailner.com\/cdn-cgi\/image\/width=250,format=auto\/app\/uploads\/sites\/13\/2022\/08\/pos_nailner_2_pen_2in1_box_fr.png 250w,\n                https:\/\/nailner.com\/cdn-cgi\/image\/width=500,format=auto\/app\/uploads\/sites\/13\/2022\/08\/pos_nailner_2_pen_2in1_box_fr.png 500w,\n                https:\/\/nailner.com\/cdn-cgi\/image\/width=700,format=auto\/app\/uploads\/sites\/13\/2022\/08\/pos_nailner_2_pen_2in1_box_fr.png 700w\"\n        sizes=\"(max-width: 400px) 250px, (max-width: 800px) 500px, 700px\"\n        alt=\"Nailner Stylo 2 en 1\"\n        class=\"img\">\n            <\/figure>\n    <div class=\"product-card-content\">\n      <div class=\"heading-wrapper\">\n        <h2 class=\"heading\">Nailner Stylo 2 en 1<\/h2>\n      <\/div>\n      <div class=\"product-card-description\">Am\u00e9lioration esth\u00e9tique des ongles d\u00e8s 7 jours \u2013 Nailner Stylo 2 en 1 contient un actif permettant d\u2019am\u00e9liorer l\u2019apparence de l\u2019ongle d\u00e8s 7 jours.<\/div>\n                      <\/div>\n  <\/a>\n      <div class=\"button-wrapper\">\n    <a\n      href=https:\/\/nailner.com\/fr\/produit\/nailner-stylo-2-en-1\/\n      target=_self\n      class=\"theme-button button-primary-color rounded-button\"\n      rel=\"noopener\"\n      title=\"En savoir plus\"\n    >\n       En savoir plus\n    <\/a>\n<\/div>  <\/div>\n            <\/div>\n                      <div class=\"swiper-slide\">\n              <div class=\"product-card\" data-testid=\"product-card\">\n  <a\n    href=https:\/\/nailner.com\/fr\/produit\/nailner-stylo\/\n    class=\"product-card-link\"\n    title=\"Nailner Stylo\"\n  >\n  <figure class=\"product-card-image\" data-testid=\"product-image\">\n                          <img decoding=\"async\" src=\"https:\/\/nailner.com\/cdn-cgi\/image\/width=700,format=auto\/app\/uploads\/sites\/13\/2022\/08\/pos_nailner_2_pen_box_fr.png\"\n        srcset=\"https:\/\/nailner.com\/cdn-cgi\/image\/width=250,format=auto\/app\/uploads\/sites\/13\/2022\/08\/pos_nailner_2_pen_box_fr.png 250w,\n                https:\/\/nailner.com\/cdn-cgi\/image\/width=500,format=auto\/app\/uploads\/sites\/13\/2022\/08\/pos_nailner_2_pen_box_fr.png 500w,\n                https:\/\/nailner.com\/cdn-cgi\/image\/width=700,format=auto\/app\/uploads\/sites\/13\/2022\/08\/pos_nailner_2_pen_box_fr.png 700w\"\n        sizes=\"(max-width: 400px) 250px, (max-width: 800px) 500px, 700px\"\n        alt=\"Nailner Stylo\"\n        class=\"img\">\n            <\/figure>\n    <div class=\"product-card-content\">\n      <div class=\"heading-wrapper\">\n        <h2 class=\"heading\">Nailner Stylo<\/h2>\n      <\/div>\n      <div class=\"product-card-description\">Le Stylo est maniable et permet une application facile et rapide. Chaque stylo contient environ 400 applications.<\/div>\n                      <\/div>\n  <\/a>\n      <div class=\"button-wrapper\">\n    <a\n      href=https:\/\/nailner.com\/fr\/produit\/nailner-stylo\/\n      target=_self\n      class=\"theme-button button-primary-color rounded-button\"\n      rel=\"noopener\"\n      title=\"En savoir plus\"\n    >\n       En savoir plus\n    <\/a>\n<\/div>  <\/div>\n            <\/div>\n                      <div class=\"swiper-slide\">\n              <div class=\"product-card\" data-testid=\"product-card\">\n  <a\n    href=https:\/\/nailner.com\/fr\/produit\/nailner-spray-35-ml\/\n    class=\"product-card-link\"\n    title=\"Nailner Spray\"\n  >\n  <figure class=\"product-card-image\" data-testid=\"product-image\">\n                          <img decoding=\"async\" src=\"https:\/\/nailner.com\/cdn-cgi\/image\/width=700,format=auto\/app\/uploads\/sites\/13\/2022\/08\/pos_nailner_2_sprayxxl_box_fr.png\"\n        srcset=\"https:\/\/nailner.com\/cdn-cgi\/image\/width=250,format=auto\/app\/uploads\/sites\/13\/2022\/08\/pos_nailner_2_sprayxxl_box_fr.png 250w,\n                https:\/\/nailner.com\/cdn-cgi\/image\/width=500,format=auto\/app\/uploads\/sites\/13\/2022\/08\/pos_nailner_2_sprayxxl_box_fr.png 500w,\n                https:\/\/nailner.com\/cdn-cgi\/image\/width=700,format=auto\/app\/uploads\/sites\/13\/2022\/08\/pos_nailner_2_sprayxxl_box_fr.png 700w\"\n        sizes=\"(max-width: 400px) 250px, (max-width: 800px) 500px, 700px\"\n        alt=\"Nailner Spray 35 ml\"\n        class=\"img\">\n            <\/figure>\n    <div class=\"product-card-content\">\n      <div class=\"heading-wrapper\">\n        <h2 class=\"heading\">Nailner Spray<\/h2>\n      <\/div>\n      <div class=\"product-card-description\">Nailner Spray 35 ml Facile d\u2019utilisation pour combattre la mycose des ongles<\/div>\n                      <\/div>\n  <\/a>\n      <div class=\"button-wrapper\">\n    <a\n      href=https:\/\/nailner.com\/fr\/produit\/nailner-spray-35-ml\/\n      target=_self\n      class=\"theme-button button-primary-color rounded-button\"\n      rel=\"noopener\"\n      title=\"En savoir plus\"\n    >\n       En savoir plus\n    <\/a>\n<\/div>  <\/div>\n            <\/div>\n                  <\/div>\n        <div class=\"swiper-scrollbar\"><\/div>\n      <\/div>\n    <\/div>\n  <\/div>\n","protected":false},"excerpt":{"rendered":"","protected":false},"author":3,"featured_media":69,"parent":0,"menu_order":0,"comment_status":"closed","ping_status":"closed","template":"","meta":{"_acf_changed":false,"footnotes":""},"from-article-database":[],"class_list":["post-6","page","type-page","status-publish","has-post-thumbnail","hentry"],"acf":[],"yoast_head":"<!-- This site is optimized with the Yoast SEO plugin v26.6 - https:\/\/yoast.com\/wordpress\/plugins\/seo\/ -->\n<title>Nailner - Nailner<\/title>\n<meta name=\"description\" content=\"roposons une gamme de produits dont certains am\u00e9liorent l&#039;apparence de l&#039;ongle, avec des r\u00e9sultats visibles en 7 jours, et d&#039;autres masquent la mycose de l&#039;ongle en couvrant la d\u00e9coloration.\" \/>\n<meta name=\"robots\" content=\"index, follow, max-snippet:-1, max-image-preview:large, max-video-preview:-1\" \/>\n<link rel=\"canonical\" href=\"https:\/\/nailner.com\/fr\/\" \/>\n<meta property=\"og:locale\" content=\"fr_FR\" \/>\n<meta property=\"og:type\" content=\"article\" \/>\n<meta property=\"og:title\" content=\"Nailner - Nailner\" \/>\n<meta property=\"og:description\" content=\"roposons une gamme de produits dont certains am\u00e9liorent l&#039;apparence de l&#039;ongle, avec des r\u00e9sultats visibles en 7 jours, et d&#039;autres masquent la mycose de l&#039;ongle en couvrant la d\u00e9coloration.\" \/>\n<meta property=\"og:url\" content=\"https:\/\/nailner.com\/fr\/\" \/>\n<meta property=\"og:site_name\" content=\"Nailner\" \/>\n<meta property=\"article:modified_time\" content=\"2025-09-22T08:13:09+00:00\" \/>\n<meta property=\"og:image\" content=\"https:\/\/nailner.com\/app\/uploads\/sites\/13\/2022\/08\/about-nailner.jpg\" \/>\n\t<meta property=\"og:image:width\" content=\"2000\" \/>\n\t<meta property=\"og:image:height\" content=\"1333\" \/>\n\t<meta property=\"og:image:type\" content=\"image\/jpeg\" \/>\n<meta name=\"twitter:card\" content=\"summary_large_image\" \/>\n<meta name=\"twitter:label1\" content=\"Dur\u00e9e de lecture estim\u00e9e\" \/>\n\t<meta name=\"twitter:data1\" content=\"1 minute\" \/>\n<script type=\"application\/ld+json\" class=\"yoast-schema-graph\">{\"@context\":\"https:\/\/schema.org\",\"@graph\":[{\"@type\":\"WebPage\",\"@id\":\"https:\/\/nailner.com\/fr\/\",\"url\":\"https:\/\/nailner.com\/fr\/\",\"name\":\"Nailner - Nailner\",\"isPartOf\":{\"@id\":\"https:\/\/nailner.com\/fr\/#website\"},\"primaryImageOfPage\":{\"@id\":\"https:\/\/nailner.com\/fr\/#primaryimage\"},\"image\":{\"@id\":\"https:\/\/nailner.com\/fr\/#primaryimage\"},\"thumbnailUrl\":\"https:\/\/nailner.com\/app\/uploads\/sites\/13\/2022\/08\/about-nailner.jpg\",\"datePublished\":\"2022-08-25T11:42:22+00:00\",\"dateModified\":\"2025-09-22T08:13:09+00:00\",\"description\":\"roposons une gamme de produits dont certains am\u00e9liorent l'apparence de l'ongle, avec des r\u00e9sultats visibles en 7 jours, et d'autres masquent la mycose de l'ongle en couvrant la d\u00e9coloration.\",\"breadcrumb\":{\"@id\":\"https:\/\/nailner.com\/fr\/#breadcrumb\"},\"inLanguage\":\"fr-FR\",\"potentialAction\":[{\"@type\":\"ReadAction\",\"target\":[\"https:\/\/nailner.com\/fr\/\"]}]},{\"@type\":\"ImageObject\",\"inLanguage\":\"fr-FR\",\"@id\":\"https:\/\/nailner.com\/fr\/#primaryimage\",\"url\":\"https:\/\/nailner.com\/app\/uploads\/sites\/13\/2022\/08\/about-nailner.jpg\",\"contentUrl\":\"https:\/\/nailner.com\/app\/uploads\/sites\/13\/2022\/08\/about-nailner.jpg\",\"width\":2000,\"height\":1333,\"caption\":\"about-nailner\"},{\"@type\":\"BreadcrumbList\",\"@id\":\"https:\/\/nailner.com\/fr\/#breadcrumb\",\"itemListElement\":[{\"@type\":\"ListItem\",\"position\":1,\"name\":\"Home\",\"item\":\"https:\/\/nailner.com\/fr\/\"},{\"@type\":\"ListItem\",\"position\":2,\"name\":\"Nailner\"}]},{\"@type\":\"WebSite\",\"@id\":\"https:\/\/nailner.com\/fr\/#website\",\"url\":\"https:\/\/nailner.com\/fr\/\",\"name\":\"Nailner\",\"description\":\"\",\"publisher\":{\"@id\":\"https:\/\/nailner.com\/fr\/#organization\"},\"potentialAction\":[{\"@type\":\"SearchAction\",\"target\":{\"@type\":\"EntryPoint\",\"urlTemplate\":\"https:\/\/nailner.com\/fr\/?s={search_term_string}\"},\"query-input\":{\"@type\":\"PropertyValueSpecification\",\"valueRequired\":true,\"valueName\":\"search_term_string\"}}],\"inLanguage\":\"fr-FR\"},{\"@type\":\"Organization\",\"@id\":\"https:\/\/nailner.com\/fr\/#organization\",\"name\":\"Nailner\",\"url\":\"https:\/\/nailner.com\/fr\/\",\"logo\":{\"@type\":\"ImageObject\",\"inLanguage\":\"fr-FR\",\"@id\":\"https:\/\/nailner.com\/fr\/#\/schema\/logo\/image\/\",\"url\":\"https:\/\/nailner.com\/app\/uploads\/sites\/13\/2025\/04\/Nailner-logo.png\",\"contentUrl\":\"https:\/\/nailner.com\/app\/uploads\/sites\/13\/2025\/04\/Nailner-logo.png\",\"width\":134,\"height\":32,\"caption\":\"Nailner\"},\"image\":{\"@id\":\"https:\/\/nailner.com\/fr\/#\/schema\/logo\/image\/\"}}]}<\/script>\n<!-- \/ Yoast SEO plugin. -->","yoast_head_json":{"title":"Nailner - Nailner","description":"roposons une gamme de produits dont certains am\u00e9liorent l'apparence de l'ongle, avec des r\u00e9sultats visibles en 7 jours, et d'autres masquent la mycose de l'ongle en couvrant la d\u00e9coloration.","robots":{"index":"index","follow":"follow","max-snippet":"max-snippet:-1","max-image-preview":"max-image-preview:large","max-video-preview":"max-video-preview:-1"},"canonical":"https:\/\/nailner.com\/fr\/","og_locale":"fr_FR","og_type":"article","og_title":"Nailner - Nailner","og_description":"roposons une gamme de produits dont certains am\u00e9liorent l'apparence de l'ongle, avec des r\u00e9sultats visibles en 7 jours, et d'autres masquent la mycose de l'ongle en couvrant la d\u00e9coloration.","og_url":"https:\/\/nailner.com\/fr\/","og_site_name":"Nailner","article_modified_time":"2025-09-22T08:13:09+00:00","og_image":[{"width":2000,"height":1333,"url":"https:\/\/nailner.com\/app\/uploads\/sites\/13\/2022\/08\/about-nailner.jpg","type":"image\/jpeg"}],"twitter_card":"summary_large_image","twitter_misc":{"Dur\u00e9e de lecture estim\u00e9e":"1 minute"},"schema":{"@context":"https:\/\/schema.org","@graph":[{"@type":"WebPage","@id":"https:\/\/nailner.com\/fr\/","url":"https:\/\/nailner.com\/fr\/","name":"Nailner - Nailner","isPartOf":{"@id":"https:\/\/nailner.com\/fr\/#website"},"primaryImageOfPage":{"@id":"https:\/\/nailner.com\/fr\/#primaryimage"},"image":{"@id":"https:\/\/nailner.com\/fr\/#primaryimage"},"thumbnailUrl":"https:\/\/nailner.com\/app\/uploads\/sites\/13\/2022\/08\/about-nailner.jpg","datePublished":"2022-08-25T11:42:22+00:00","dateModified":"2025-09-22T08:13:09+00:00","description":"roposons une gamme de produits dont certains am\u00e9liorent l'apparence de l'ongle, avec des r\u00e9sultats visibles en 7 jours, et d'autres masquent la mycose de l'ongle en couvrant la d\u00e9coloration.","breadcrumb":{"@id":"https:\/\/nailner.com\/fr\/#breadcrumb"},"inLanguage":"fr-FR","potentialAction":[{"@type":"ReadAction","target":["https:\/\/nailner.com\/fr\/"]}]},{"@type":"ImageObject","inLanguage":"fr-FR","@id":"https:\/\/nailner.com\/fr\/#primaryimage","url":"https:\/\/nailner.com\/app\/uploads\/sites\/13\/2022\/08\/about-nailner.jpg","contentUrl":"https:\/\/nailner.com\/app\/uploads\/sites\/13\/2022\/08\/about-nailner.jpg","width":2000,"height":1333,"caption":"about-nailner"},{"@type":"BreadcrumbList","@id":"https:\/\/nailner.com\/fr\/#breadcrumb","itemListElement":[{"@type":"ListItem","position":1,"name":"Home","item":"https:\/\/nailner.com\/fr\/"},{"@type":"ListItem","position":2,"name":"Nailner"}]},{"@type":"WebSite","@id":"https:\/\/nailner.com\/fr\/#website","url":"https:\/\/nailner.com\/fr\/","name":"Nailner","description":"","publisher":{"@id":"https:\/\/nailner.com\/fr\/#organization"},"potentialAction":[{"@type":"SearchAction","target":{"@type":"EntryPoint","urlTemplate":"https:\/\/nailner.com\/fr\/?s={search_term_string}"},"query-input":{"@type":"PropertyValueSpecification","valueRequired":true,"valueName":"search_term_string"}}],"inLanguage":"fr-FR"},{"@type":"Organization","@id":"https:\/\/nailner.com\/fr\/#organization","name":"Nailner","url":"https:\/\/nailner.com\/fr\/","logo":{"@type":"ImageObject","inLanguage":"fr-FR","@id":"https:\/\/nailner.com\/fr\/#\/schema\/logo\/image\/","url":"https:\/\/nailner.com\/app\/uploads\/sites\/13\/2025\/04\/Nailner-logo.png","contentUrl":"https:\/\/nailner.com\/app\/uploads\/sites\/13\/2025\/04\/Nailner-logo.png","width":134,"height":32,"caption":"Nailner"},"image":{"@id":"https:\/\/nailner.com\/fr\/#\/schema\/logo\/image\/"}}]}},"_links":{"self":[{"href":"https:\/\/nailner.com\/fr\/wp-json\/wp\/v2\/pages\/6","targetHints":{"allow":["GET"]}}],"collection":[{"href":"https:\/\/nailner.com\/fr\/wp-json\/wp\/v2\/pages"}],"about":[{"href":"https:\/\/nailner.com\/fr\/wp-json\/wp\/v2\/types\/page"}],"author":[{"embeddable":true,"href":"https:\/\/nailner.com\/fr\/wp-json\/wp\/v2\/users\/3"}],"replies":[{"embeddable":true,"href":"https:\/\/nailner.com\/fr\/wp-json\/wp\/v2\/comments?post=6"}],"version-history":[{"count":10,"href":"https:\/\/nailner.com\/fr\/wp-json\/wp\/v2\/pages\/6\/revisions"}],"predecessor-version":[{"id":362,"href":"https:\/\/nailner.com\/fr\/wp-json\/wp\/v2\/pages\/6\/revisions\/362"}],"wp:featuredmedia":[{"embeddable":true,"href":"https:\/\/nailner.com\/fr\/wp-json\/wp\/v2\/media\/69"}],"wp:attachment":[{"href":"https:\/\/nailner.com\/fr\/wp-json\/wp\/v2\/media?parent=6"}],"wp:term":[{"taxonomy":"from-article-database","embeddable":true,"href":"https:\/\/nailner.com\/fr\/wp-json\/wp\/v2\/from-article-database?post=6"}],"curies":[{"name":"wp","href":"https:\/\/api.w.org\/{rel}","templated":true}]}}