{"id":54,"date":"2022-08-25T14:42:03","date_gmt":"2022-08-25T12:42:03","guid":{"rendered":"https:\/\/nailner.com\/fr\/?post_type=product&#038;p=54"},"modified":"2025-09-30T07:23:14","modified_gmt":"2025-09-30T05:23:14","slug":"nailner-traite-colore","status":"publish","type":"product","link":"https:\/\/nailner.com\/fr\/produit\/nailner-traite-colore\/","title":{"rendered":"Nailner Traite &#038; Colore"},"content":{"rendered":"\n<div class=\"wp-block-karopharma-accordions is-style-transparent\"><div class=\"container\">\n<details class=\"wp-block-karopharma-accordion\"><summary><h2 class=\"accordion-title\">Instructions<\/h2><\/summary><div class=\"accordion-content\">\n<p>Nailner Tratamento &amp; Cor deve ser aplicado do seguinte modo:<\/p>\n\n\n\n<ol class=\"wp-block-list is-style-icon\">\n<li>Antes de cada aplica\u00e7\u00e3o remover o verniz das unhas que necessitam tratamento<\/li>\n\n\n\n<li>Aplicar Nailner Pincel Antif\u00fangico (l\u00edquido transparente) em toda superf\u00edcie da unha infectada, incluindo a parte distal.<\/li>\n\n\n\n<li>Deixar a solu\u00e7\u00e3o secar 1-2 minutos<\/li>\n\n\n\n<li>Pintar as unhas com Nailner Verniz Respir\u00e1vel e deixar secar (normalmente 2-3 minutos). Pode pintar todas as unhas.<\/li>\n<\/ol>\n\n\n\n<p>Antes da aplica\u00e7\u00e3o seguinte remover o verniz da unha a tratar com produto pr\u00f3prio (de prefer\u00eancia sem acetona) e repetir o processo acima. As unhas saud\u00e1veis podem permanecer pintadas (recomenda-se, no entanto, limpar e deixar respirar as unhas de duas em duas semanas)<\/p>\n<\/div><\/details>\n\n\n\n<details class=\"wp-block-karopharma-accordion\"><summary><h2 class=\"accordion-title\">Como funciona Nailner tratamento &amp; Cor?<\/h2><\/summary><div class=\"accordion-content\">\n<p>A efic\u00e1cia da f\u00f3rmula de Nailner Tratamento &amp; Cor est\u00e1 clinicamente comprovada para o tratamento e preven\u00e7\u00e3o da infe\u00e7\u00e3o f\u00fangica das unhas devido a uma combina\u00e7\u00e3o \u00fanica de ingredientes.<\/p>\n\n\n\n<p>Nailner Pincel Antif\u00fangico combate a infe\u00e7\u00e3o f\u00fangica de tr\u00eas maneiras:<\/p>\n\n\n\n<p>&#8211; Impregna\u00e7\u00e3o da unha: ingredientes \u00fanicos penetram por completo a unha e combatem o fungo no seu \u00e2mago<\/p>\n\n\n\n<p>&#8211; Remo\u00e7\u00e3o da infe\u00e7\u00e3o: ao diminuir o pH da unha, Nailner restaura o seu ambiente saud\u00e1vel e mata os fungos.<\/p>\n\n\n\n<p>&#8211; Preven\u00e7\u00e3o de uma nova infe\u00e7\u00e3o: Nailner protege a nova unha da infe\u00e7\u00e3o quando aplicado diariamente como manuten\u00e7\u00e3o.<\/p>\n\n\n\n<p>Nailner Verniz Respir\u00e1vel disfar\u00e7a danos inest\u00e9ticos com uma cor natural atrativa. \u00c9 a solu\u00e7\u00e3o ideal para utilizar sapatos abertos. Esta f\u00f3rmula respir\u00e1vel pode ser utilizada em todas as unhas, infetadas ou saud\u00e1veis.<\/p>\n<\/div><\/details>\n\n\n\n<details class=\"wp-block-karopharma-accordion\"><summary><h2 class=\"accordion-title\">Quais os ingredients de Nailner Tratamento &amp; Cor?<\/h2><\/summary><div class=\"accordion-content\">\n<p><strong>Lista de ingredientes de Nailner Pincel Antif\u00fangico (Dispositivo M\u00e9dico):&nbsp;<\/strong><\/p>\n\n\n\n<p>Lactato de etilo, Glicerina, \u00c1gua, \u00c1cido l\u00e1ctico, \u00c1cido c\u00edtrico.<\/p>\n\n\n\n<p><strong>Lista de ingredientes de Nailner Verniz Respir\u00e1vel (Produto Cosm\u00e9tico):<\/strong><\/p>\n\n\n\n<p>Butyl Acetate, Ethyl Acetate, Nitrocellulose, Acetyl Tributyl Citrate, Isopropyl Alcohol, Adipic Acid\/Neopentyl Glycol\/Trimellitic Anhydride&nbsp; Copolymer, CI 77891, Polyethylmethacrylate, Sucrose Acetate Isobutyrate,&nbsp; Stearalkonium Bentonite, Silica, Diacetone Alcohol, Benzophenone-1,&nbsp; CI 77491, CI 77499, N-Butyl Alcohol, Trimethylpentanediyl Dibenzoate,&nbsp; CI 19140, Polyurethane-67, Dimethicone, Methoxyisopropyl Acetate, Trimethylsiloxysilicate, Decyl Alcohol, Phosphoric Acid.<\/p>\n<\/div><\/details>\n<\/div><\/div>\n","protected":false},"excerpt":{"rendered":"<p>Nailner Traite &#038; Colore combine le traitement et un vernis color\u00e9 perm\u00e9able \u00e0 l\u2019air pour des ongles sains et beaux tout au long de l\u2019ann\u00e9e.<\/p>\n","protected":false},"featured_media":71,"comment_status":"closed","ping_status":"closed","template":"","meta":{"_acf_changed":false,"footnotes":""},"product_brand":[],"product_cat":[],"product_tag":[],"class_list":{"0":"post-54","1":"product","2":"type-product","3":"status-publish","4":"has-post-thumbnail","7":"first","8":"instock","9":"shipping-taxable","10":"product-type-simple"},"acf":[],"yoast_head":"<!-- This site is optimized with the Yoast SEO plugin v26.6 - https:\/\/yoast.com\/wordpress\/plugins\/seo\/ -->\n<title>Nailner Traite &amp; Colore - Nailner<\/title>\n<meta name=\"description\" content=\"Nailner Traite &amp; Colore combine le traitement et un vernis color\u00e9 perm\u00e9able \u00e0 l\u2019air pour des ongles sains et beaux tout au long de l\u2019ann\u00e9e.\" \/>\n<meta name=\"robots\" content=\"index, follow, max-snippet:-1, max-image-preview:large, max-video-preview:-1\" \/>\n<link rel=\"canonical\" href=\"https:\/\/nailner.com\/fr\/produit\/nailner-traite-colore\/\" \/>\n<meta property=\"og:locale\" content=\"fr_FR\" \/>\n<meta property=\"og:type\" content=\"article\" \/>\n<meta property=\"og:title\" content=\"Nailner Traite &amp; Colore - Nailner\" \/>\n<meta property=\"og:description\" content=\"Nailner Traite &amp; Colore combine le traitement et un vernis color\u00e9 perm\u00e9able \u00e0 l\u2019air pour des ongles sains et beaux tout au long de l\u2019ann\u00e9e.\" \/>\n<meta property=\"og:url\" content=\"https:\/\/nailner.com\/fr\/produit\/nailner-traite-colore\/\" \/>\n<meta property=\"og:site_name\" content=\"Nailner\" \/>\n<meta property=\"article:modified_time\" content=\"2025-09-30T05:23:14+00:00\" \/>\n<meta property=\"og:image\" content=\"https:\/\/nailner.com\/app\/uploads\/sites\/13\/2022\/08\/17i1-box-nailner-brush-treat-and-colour-fr-packshot.png\" \/>\n\t<meta property=\"og:image:width\" content=\"900\" \/>\n\t<meta property=\"og:image:height\" content=\"900\" \/>\n\t<meta property=\"og:image:type\" content=\"image\/png\" \/>\n<meta name=\"twitter:card\" content=\"summary_large_image\" \/>\n<meta name=\"twitter:label1\" content=\"Dur\u00e9e de lecture estim\u00e9e\" \/>\n\t<meta name=\"twitter:data1\" content=\"2 minutes\" \/>\n<script type=\"application\/ld+json\" class=\"yoast-schema-graph\">{\"@context\":\"https:\/\/schema.org\",\"@graph\":[{\"@type\":\"WebPage\",\"@id\":\"https:\/\/nailner.com\/fr\/produit\/nailner-traite-colore\/\",\"url\":\"https:\/\/nailner.com\/fr\/produit\/nailner-traite-colore\/\",\"name\":\"Nailner Traite & Colore - Nailner\",\"isPartOf\":{\"@id\":\"https:\/\/nailner.com\/fr\/#website\"},\"primaryImageOfPage\":{\"@id\":\"https:\/\/nailner.com\/fr\/produit\/nailner-traite-colore\/#primaryimage\"},\"image\":{\"@id\":\"https:\/\/nailner.com\/fr\/produit\/nailner-traite-colore\/#primaryimage\"},\"thumbnailUrl\":\"https:\/\/nailner.com\/app\/uploads\/sites\/13\/2022\/08\/17i1-box-nailner-brush-treat-and-colour-fr-packshot.png\",\"datePublished\":\"2022-08-25T12:42:03+00:00\",\"dateModified\":\"2025-09-30T05:23:14+00:00\",\"description\":\"Nailner Traite & Colore combine le traitement et un vernis color\u00e9 perm\u00e9able \u00e0 l\u2019air pour des ongles sains et beaux tout au long de l\u2019ann\u00e9e.\",\"breadcrumb\":{\"@id\":\"https:\/\/nailner.com\/fr\/produit\/nailner-traite-colore\/#breadcrumb\"},\"inLanguage\":\"fr-FR\",\"potentialAction\":[{\"@type\":\"ReadAction\",\"target\":[\"https:\/\/nailner.com\/fr\/produit\/nailner-traite-colore\/\"]}]},{\"@type\":\"ImageObject\",\"inLanguage\":\"fr-FR\",\"@id\":\"https:\/\/nailner.com\/fr\/produit\/nailner-traite-colore\/#primaryimage\",\"url\":\"https:\/\/nailner.com\/app\/uploads\/sites\/13\/2022\/08\/17i1-box-nailner-brush-treat-and-colour-fr-packshot.png\",\"contentUrl\":\"https:\/\/nailner.com\/app\/uploads\/sites\/13\/2022\/08\/17i1-box-nailner-brush-treat-and-colour-fr-packshot.png\",\"width\":900,\"height\":900,\"caption\":\"Nailner Traite & Colore\"},{\"@type\":\"BreadcrumbList\",\"@id\":\"https:\/\/nailner.com\/fr\/produit\/nailner-traite-colore\/#breadcrumb\",\"itemListElement\":[{\"@type\":\"ListItem\",\"position\":1,\"name\":\"Home\",\"item\":\"https:\/\/nailner.com\/fr\/\"},{\"@type\":\"ListItem\",\"position\":2,\"name\":\"Les produits\",\"item\":\"https:\/\/nailner.com\/fr\/les-produits\/\"},{\"@type\":\"ListItem\",\"position\":3,\"name\":\"Nailner Traite &#038; Colore\"}]},{\"@type\":\"WebSite\",\"@id\":\"https:\/\/nailner.com\/fr\/#website\",\"url\":\"https:\/\/nailner.com\/fr\/\",\"name\":\"Nailner\",\"description\":\"\",\"publisher\":{\"@id\":\"https:\/\/nailner.com\/fr\/#organization\"},\"potentialAction\":[{\"@type\":\"SearchAction\",\"target\":{\"@type\":\"EntryPoint\",\"urlTemplate\":\"https:\/\/nailner.com\/fr\/?s={search_term_string}\"},\"query-input\":{\"@type\":\"PropertyValueSpecification\",\"valueRequired\":true,\"valueName\":\"search_term_string\"}}],\"inLanguage\":\"fr-FR\"},{\"@type\":\"Organization\",\"@id\":\"https:\/\/nailner.com\/fr\/#organization\",\"name\":\"Nailner\",\"url\":\"https:\/\/nailner.com\/fr\/\",\"logo\":{\"@type\":\"ImageObject\",\"inLanguage\":\"fr-FR\",\"@id\":\"https:\/\/nailner.com\/fr\/#\/schema\/logo\/image\/\",\"url\":\"https:\/\/nailner.com\/app\/uploads\/sites\/13\/2025\/04\/Nailner-logo.png\",\"contentUrl\":\"https:\/\/nailner.com\/app\/uploads\/sites\/13\/2025\/04\/Nailner-logo.png\",\"width\":134,\"height\":32,\"caption\":\"Nailner\"},\"image\":{\"@id\":\"https:\/\/nailner.com\/fr\/#\/schema\/logo\/image\/\"}}]}<\/script>\n<!-- \/ Yoast SEO plugin. -->","yoast_head_json":{"title":"Nailner Traite & Colore - Nailner","description":"Nailner Traite & Colore combine le traitement et un vernis color\u00e9 perm\u00e9able \u00e0 l\u2019air pour des ongles sains et beaux tout au long de l\u2019ann\u00e9e.","robots":{"index":"index","follow":"follow","max-snippet":"max-snippet:-1","max-image-preview":"max-image-preview:large","max-video-preview":"max-video-preview:-1"},"canonical":"https:\/\/nailner.com\/fr\/produit\/nailner-traite-colore\/","og_locale":"fr_FR","og_type":"article","og_title":"Nailner Traite & Colore - Nailner","og_description":"Nailner Traite & Colore combine le traitement et un vernis color\u00e9 perm\u00e9able \u00e0 l\u2019air pour des ongles sains et beaux tout au long de l\u2019ann\u00e9e.","og_url":"https:\/\/nailner.com\/fr\/produit\/nailner-traite-colore\/","og_site_name":"Nailner","article_modified_time":"2025-09-30T05:23:14+00:00","og_image":[{"width":900,"height":900,"url":"https:\/\/nailner.com\/app\/uploads\/sites\/13\/2022\/08\/17i1-box-nailner-brush-treat-and-colour-fr-packshot.png","type":"image\/png"}],"twitter_card":"summary_large_image","twitter_misc":{"Dur\u00e9e de lecture estim\u00e9e":"2 minutes"},"schema":{"@context":"https:\/\/schema.org","@graph":[{"@type":"WebPage","@id":"https:\/\/nailner.com\/fr\/produit\/nailner-traite-colore\/","url":"https:\/\/nailner.com\/fr\/produit\/nailner-traite-colore\/","name":"Nailner Traite & Colore - Nailner","isPartOf":{"@id":"https:\/\/nailner.com\/fr\/#website"},"primaryImageOfPage":{"@id":"https:\/\/nailner.com\/fr\/produit\/nailner-traite-colore\/#primaryimage"},"image":{"@id":"https:\/\/nailner.com\/fr\/produit\/nailner-traite-colore\/#primaryimage"},"thumbnailUrl":"https:\/\/nailner.com\/app\/uploads\/sites\/13\/2022\/08\/17i1-box-nailner-brush-treat-and-colour-fr-packshot.png","datePublished":"2022-08-25T12:42:03+00:00","dateModified":"2025-09-30T05:23:14+00:00","description":"Nailner Traite & Colore combine le traitement et un vernis color\u00e9 perm\u00e9able \u00e0 l\u2019air pour des ongles sains et beaux tout au long de l\u2019ann\u00e9e.","breadcrumb":{"@id":"https:\/\/nailner.com\/fr\/produit\/nailner-traite-colore\/#breadcrumb"},"inLanguage":"fr-FR","potentialAction":[{"@type":"ReadAction","target":["https:\/\/nailner.com\/fr\/produit\/nailner-traite-colore\/"]}]},{"@type":"ImageObject","inLanguage":"fr-FR","@id":"https:\/\/nailner.com\/fr\/produit\/nailner-traite-colore\/#primaryimage","url":"https:\/\/nailner.com\/app\/uploads\/sites\/13\/2022\/08\/17i1-box-nailner-brush-treat-and-colour-fr-packshot.png","contentUrl":"https:\/\/nailner.com\/app\/uploads\/sites\/13\/2022\/08\/17i1-box-nailner-brush-treat-and-colour-fr-packshot.png","width":900,"height":900,"caption":"Nailner Traite & Colore"},{"@type":"BreadcrumbList","@id":"https:\/\/nailner.com\/fr\/produit\/nailner-traite-colore\/#breadcrumb","itemListElement":[{"@type":"ListItem","position":1,"name":"Home","item":"https:\/\/nailner.com\/fr\/"},{"@type":"ListItem","position":2,"name":"Les produits","item":"https:\/\/nailner.com\/fr\/les-produits\/"},{"@type":"ListItem","position":3,"name":"Nailner Traite &#038; Colore"}]},{"@type":"WebSite","@id":"https:\/\/nailner.com\/fr\/#website","url":"https:\/\/nailner.com\/fr\/","name":"Nailner","description":"","publisher":{"@id":"https:\/\/nailner.com\/fr\/#organization"},"potentialAction":[{"@type":"SearchAction","target":{"@type":"EntryPoint","urlTemplate":"https:\/\/nailner.com\/fr\/?s={search_term_string}"},"query-input":{"@type":"PropertyValueSpecification","valueRequired":true,"valueName":"search_term_string"}}],"inLanguage":"fr-FR"},{"@type":"Organization","@id":"https:\/\/nailner.com\/fr\/#organization","name":"Nailner","url":"https:\/\/nailner.com\/fr\/","logo":{"@type":"ImageObject","inLanguage":"fr-FR","@id":"https:\/\/nailner.com\/fr\/#\/schema\/logo\/image\/","url":"https:\/\/nailner.com\/app\/uploads\/sites\/13\/2025\/04\/Nailner-logo.png","contentUrl":"https:\/\/nailner.com\/app\/uploads\/sites\/13\/2025\/04\/Nailner-logo.png","width":134,"height":32,"caption":"Nailner"},"image":{"@id":"https:\/\/nailner.com\/fr\/#\/schema\/logo\/image\/"}}]}},"_links":{"self":[{"href":"https:\/\/nailner.com\/fr\/wp-json\/wp\/v2\/product\/54","targetHints":{"allow":["GET"]}}],"collection":[{"href":"https:\/\/nailner.com\/fr\/wp-json\/wp\/v2\/product"}],"about":[{"href":"https:\/\/nailner.com\/fr\/wp-json\/wp\/v2\/types\/product"}],"replies":[{"embeddable":true,"href":"https:\/\/nailner.com\/fr\/wp-json\/wp\/v2\/comments?post=54"}],"version-history":[{"count":10,"href":"https:\/\/nailner.com\/fr\/wp-json\/wp\/v2\/product\/54\/revisions"}],"predecessor-version":[{"id":464,"href":"https:\/\/nailner.com\/fr\/wp-json\/wp\/v2\/product\/54\/revisions\/464"}],"wp:featuredmedia":[{"embeddable":true,"href":"https:\/\/nailner.com\/fr\/wp-json\/wp\/v2\/media\/71"}],"wp:attachment":[{"href":"https:\/\/nailner.com\/fr\/wp-json\/wp\/v2\/media?parent=54"}],"wp:term":[{"taxonomy":"product_brand","embeddable":true,"href":"https:\/\/nailner.com\/fr\/wp-json\/wp\/v2\/product_brand?post=54"},{"taxonomy":"product_cat","embeddable":true,"href":"https:\/\/nailner.com\/fr\/wp-json\/wp\/v2\/product_cat?post=54"},{"taxonomy":"product_tag","embeddable":true,"href":"https:\/\/nailner.com\/fr\/wp-json\/wp\/v2\/product_tag?post=54"}],"curies":[{"name":"wp","href":"https:\/\/api.w.org\/{rel}","templated":true}]}}