{"id":58,"date":"2022-08-25T14:42:53","date_gmt":"2022-08-25T12:42:53","guid":{"rendered":"https:\/\/nailner.com\/fr\/?post_type=product&#038;p=58"},"modified":"2025-09-30T07:23:27","modified_gmt":"2025-09-30T05:23:27","slug":"nailner-stylo-2-en-1","status":"publish","type":"product","link":"https:\/\/nailner.com\/fr\/produit\/nailner-stylo-2-en-1\/","title":{"rendered":"Nailner Stylo 2 en 1"},"content":{"rendered":"\n<div class=\"wp-block-karopharma-accordions is-style-transparent\"><div class=\"container\">\n<details class=\"wp-block-karopharma-accordion\"><summary><h2 class=\"accordion-title\">Instructions<\/h2><\/summary><div class=\"accordion-content\">\n<ol class=\"wp-block-list is-style-default\">\n<li>Avant chaque application, retirez tout r\u00e9sidu de vernis sur les ongles \u00e0 traiter avec un dissolvant (de pr\u00e9f\u00e9rence sans ac\u00e9tone). Il n\u2019est pas n\u00e9cessaire de limer l\u2019ongle atteint avant utilisation du produit Nailner.<\/li>\n\n\n\n<li>Appliquer deux fois par jour pendant les quatre premi\u00e8res semaines de traitement. puis une fois par jour jusqu\u2019\u00e0 ce que l\u2019ongle sain ait enti\u00e8rement remplac\u00e9 l\u2019ongle infect\u00e9. La solution doit \u00eatre appliqu\u00e9e sur toute la surface de l&rsquo;ongle affect\u00e9, y compris la partie inf\u00e9rieure du bord le plus en avant.<\/li>\n\n\n\n<li>Refermer le stylo apr\u00e8s chaque utilisation. Nailner Stylo 2 en 1permet environ 400 applications.<\/li>\n\n\n\n<li>Le produit contient un actif brillant qui restaure rapidement la beaut\u00e9 de l\u2019ongle.<\/li>\n<\/ol>\n<\/div><\/details>\n<\/div><\/div>\n","protected":false},"excerpt":{"rendered":"<p>Am\u00e9lioration esth\u00e9tique des ongles d\u00e8s 7 jours \u2013 Nailner Stylo 2 en 1 contient un actif permettant d\u2019am\u00e9liorer l\u2019apparence de l\u2019ongle d\u00e8s 7 jours.<\/p>\n","protected":false},"featured_media":73,"comment_status":"closed","ping_status":"closed","template":"","meta":{"_acf_changed":false,"footnotes":""},"product_brand":[],"product_cat":[],"product_tag":[],"class_list":{"0":"post-58","1":"product","2":"type-product","3":"status-publish","4":"has-post-thumbnail","7":"first","8":"instock","9":"shipping-taxable","10":"product-type-simple"},"acf":[],"yoast_head":"<!-- This site is optimized with the Yoast SEO plugin v26.6 - https:\/\/yoast.com\/wordpress\/plugins\/seo\/ -->\n<title>Nailner Stylo 2 en 1 - Nailner<\/title>\n<meta name=\"description\" content=\"Restaure la brillance de l\u2019ongle d\u00e8s 7 jours : Nailner Stylo 2 en 1 contient un actif brillant qui restaure la beaut\u00e9 de l\u2019ongle en 7 jours seulement.\" \/>\n<meta name=\"robots\" content=\"index, follow, max-snippet:-1, max-image-preview:large, max-video-preview:-1\" \/>\n<link rel=\"canonical\" href=\"https:\/\/nailner.com\/fr\/produit\/nailner-stylo-2-en-1\/\" \/>\n<meta property=\"og:locale\" content=\"fr_FR\" \/>\n<meta property=\"og:type\" content=\"article\" \/>\n<meta property=\"og:title\" content=\"Nailner Stylo 2 en 1 - Nailner\" \/>\n<meta property=\"og:description\" content=\"Restaure la brillance de l\u2019ongle d\u00e8s 7 jours : Nailner Stylo 2 en 1 contient un actif brillant qui restaure la beaut\u00e9 de l\u2019ongle en 7 jours seulement.\" \/>\n<meta property=\"og:url\" content=\"https:\/\/nailner.com\/fr\/produit\/nailner-stylo-2-en-1\/\" \/>\n<meta property=\"og:site_name\" content=\"Nailner\" \/>\n<meta property=\"article:modified_time\" content=\"2025-09-30T05:23:27+00:00\" \/>\n<meta property=\"og:image\" content=\"https:\/\/nailner.com\/app\/uploads\/sites\/13\/2022\/08\/pos_nailner_2_pen_2in1_box_fr.png\" \/>\n\t<meta property=\"og:image:width\" content=\"900\" \/>\n\t<meta property=\"og:image:height\" content=\"900\" \/>\n\t<meta property=\"og:image:type\" content=\"image\/png\" \/>\n<meta name=\"twitter:card\" content=\"summary_large_image\" \/>\n<meta name=\"twitter:label1\" content=\"Dur\u00e9e de lecture estim\u00e9e\" \/>\n\t<meta name=\"twitter:data1\" content=\"1 minute\" \/>\n<script type=\"application\/ld+json\" class=\"yoast-schema-graph\">{\"@context\":\"https:\/\/schema.org\",\"@graph\":[{\"@type\":\"WebPage\",\"@id\":\"https:\/\/nailner.com\/fr\/produit\/nailner-stylo-2-en-1\/\",\"url\":\"https:\/\/nailner.com\/fr\/produit\/nailner-stylo-2-en-1\/\",\"name\":\"Nailner Stylo 2 en 1 - Nailner\",\"isPartOf\":{\"@id\":\"https:\/\/nailner.com\/fr\/#website\"},\"primaryImageOfPage\":{\"@id\":\"https:\/\/nailner.com\/fr\/produit\/nailner-stylo-2-en-1\/#primaryimage\"},\"image\":{\"@id\":\"https:\/\/nailner.com\/fr\/produit\/nailner-stylo-2-en-1\/#primaryimage\"},\"thumbnailUrl\":\"https:\/\/nailner.com\/app\/uploads\/sites\/13\/2022\/08\/pos_nailner_2_pen_2in1_box_fr.png\",\"datePublished\":\"2022-08-25T12:42:53+00:00\",\"dateModified\":\"2025-09-30T05:23:27+00:00\",\"description\":\"Restaure la brillance de l\u2019ongle d\u00e8s 7 jours : Nailner Stylo 2 en 1 contient un actif brillant qui restaure la beaut\u00e9 de l\u2019ongle en 7 jours seulement.\",\"breadcrumb\":{\"@id\":\"https:\/\/nailner.com\/fr\/produit\/nailner-stylo-2-en-1\/#breadcrumb\"},\"inLanguage\":\"fr-FR\",\"potentialAction\":[{\"@type\":\"ReadAction\",\"target\":[\"https:\/\/nailner.com\/fr\/produit\/nailner-stylo-2-en-1\/\"]}]},{\"@type\":\"ImageObject\",\"inLanguage\":\"fr-FR\",\"@id\":\"https:\/\/nailner.com\/fr\/produit\/nailner-stylo-2-en-1\/#primaryimage\",\"url\":\"https:\/\/nailner.com\/app\/uploads\/sites\/13\/2022\/08\/pos_nailner_2_pen_2in1_box_fr.png\",\"contentUrl\":\"https:\/\/nailner.com\/app\/uploads\/sites\/13\/2022\/08\/pos_nailner_2_pen_2in1_box_fr.png\",\"width\":900,\"height\":900,\"caption\":\"Nailner Stylo 2 en 1\"},{\"@type\":\"BreadcrumbList\",\"@id\":\"https:\/\/nailner.com\/fr\/produit\/nailner-stylo-2-en-1\/#breadcrumb\",\"itemListElement\":[{\"@type\":\"ListItem\",\"position\":1,\"name\":\"Home\",\"item\":\"https:\/\/nailner.com\/fr\/\"},{\"@type\":\"ListItem\",\"position\":2,\"name\":\"Les produits\",\"item\":\"https:\/\/nailner.com\/fr\/les-produits\/\"},{\"@type\":\"ListItem\",\"position\":3,\"name\":\"Nailner Stylo 2 en 1\"}]},{\"@type\":\"WebSite\",\"@id\":\"https:\/\/nailner.com\/fr\/#website\",\"url\":\"https:\/\/nailner.com\/fr\/\",\"name\":\"Nailner\",\"description\":\"\",\"publisher\":{\"@id\":\"https:\/\/nailner.com\/fr\/#organization\"},\"potentialAction\":[{\"@type\":\"SearchAction\",\"target\":{\"@type\":\"EntryPoint\",\"urlTemplate\":\"https:\/\/nailner.com\/fr\/?s={search_term_string}\"},\"query-input\":{\"@type\":\"PropertyValueSpecification\",\"valueRequired\":true,\"valueName\":\"search_term_string\"}}],\"inLanguage\":\"fr-FR\"},{\"@type\":\"Organization\",\"@id\":\"https:\/\/nailner.com\/fr\/#organization\",\"name\":\"Nailner\",\"url\":\"https:\/\/nailner.com\/fr\/\",\"logo\":{\"@type\":\"ImageObject\",\"inLanguage\":\"fr-FR\",\"@id\":\"https:\/\/nailner.com\/fr\/#\/schema\/logo\/image\/\",\"url\":\"https:\/\/nailner.com\/app\/uploads\/sites\/13\/2025\/04\/Nailner-logo.png\",\"contentUrl\":\"https:\/\/nailner.com\/app\/uploads\/sites\/13\/2025\/04\/Nailner-logo.png\",\"width\":134,\"height\":32,\"caption\":\"Nailner\"},\"image\":{\"@id\":\"https:\/\/nailner.com\/fr\/#\/schema\/logo\/image\/\"}}]}<\/script>\n<!-- \/ Yoast SEO plugin. -->","yoast_head_json":{"title":"Nailner Stylo 2 en 1 - Nailner","description":"Restaure la brillance de l\u2019ongle d\u00e8s 7 jours : Nailner Stylo 2 en 1 contient un actif brillant qui restaure la beaut\u00e9 de l\u2019ongle en 7 jours seulement.","robots":{"index":"index","follow":"follow","max-snippet":"max-snippet:-1","max-image-preview":"max-image-preview:large","max-video-preview":"max-video-preview:-1"},"canonical":"https:\/\/nailner.com\/fr\/produit\/nailner-stylo-2-en-1\/","og_locale":"fr_FR","og_type":"article","og_title":"Nailner Stylo 2 en 1 - Nailner","og_description":"Restaure la brillance de l\u2019ongle d\u00e8s 7 jours : Nailner Stylo 2 en 1 contient un actif brillant qui restaure la beaut\u00e9 de l\u2019ongle en 7 jours seulement.","og_url":"https:\/\/nailner.com\/fr\/produit\/nailner-stylo-2-en-1\/","og_site_name":"Nailner","article_modified_time":"2025-09-30T05:23:27+00:00","og_image":[{"width":900,"height":900,"url":"https:\/\/nailner.com\/app\/uploads\/sites\/13\/2022\/08\/pos_nailner_2_pen_2in1_box_fr.png","type":"image\/png"}],"twitter_card":"summary_large_image","twitter_misc":{"Dur\u00e9e de lecture estim\u00e9e":"1 minute"},"schema":{"@context":"https:\/\/schema.org","@graph":[{"@type":"WebPage","@id":"https:\/\/nailner.com\/fr\/produit\/nailner-stylo-2-en-1\/","url":"https:\/\/nailner.com\/fr\/produit\/nailner-stylo-2-en-1\/","name":"Nailner Stylo 2 en 1 - Nailner","isPartOf":{"@id":"https:\/\/nailner.com\/fr\/#website"},"primaryImageOfPage":{"@id":"https:\/\/nailner.com\/fr\/produit\/nailner-stylo-2-en-1\/#primaryimage"},"image":{"@id":"https:\/\/nailner.com\/fr\/produit\/nailner-stylo-2-en-1\/#primaryimage"},"thumbnailUrl":"https:\/\/nailner.com\/app\/uploads\/sites\/13\/2022\/08\/pos_nailner_2_pen_2in1_box_fr.png","datePublished":"2022-08-25T12:42:53+00:00","dateModified":"2025-09-30T05:23:27+00:00","description":"Restaure la brillance de l\u2019ongle d\u00e8s 7 jours : Nailner Stylo 2 en 1 contient un actif brillant qui restaure la beaut\u00e9 de l\u2019ongle en 7 jours seulement.","breadcrumb":{"@id":"https:\/\/nailner.com\/fr\/produit\/nailner-stylo-2-en-1\/#breadcrumb"},"inLanguage":"fr-FR","potentialAction":[{"@type":"ReadAction","target":["https:\/\/nailner.com\/fr\/produit\/nailner-stylo-2-en-1\/"]}]},{"@type":"ImageObject","inLanguage":"fr-FR","@id":"https:\/\/nailner.com\/fr\/produit\/nailner-stylo-2-en-1\/#primaryimage","url":"https:\/\/nailner.com\/app\/uploads\/sites\/13\/2022\/08\/pos_nailner_2_pen_2in1_box_fr.png","contentUrl":"https:\/\/nailner.com\/app\/uploads\/sites\/13\/2022\/08\/pos_nailner_2_pen_2in1_box_fr.png","width":900,"height":900,"caption":"Nailner Stylo 2 en 1"},{"@type":"BreadcrumbList","@id":"https:\/\/nailner.com\/fr\/produit\/nailner-stylo-2-en-1\/#breadcrumb","itemListElement":[{"@type":"ListItem","position":1,"name":"Home","item":"https:\/\/nailner.com\/fr\/"},{"@type":"ListItem","position":2,"name":"Les produits","item":"https:\/\/nailner.com\/fr\/les-produits\/"},{"@type":"ListItem","position":3,"name":"Nailner Stylo 2 en 1"}]},{"@type":"WebSite","@id":"https:\/\/nailner.com\/fr\/#website","url":"https:\/\/nailner.com\/fr\/","name":"Nailner","description":"","publisher":{"@id":"https:\/\/nailner.com\/fr\/#organization"},"potentialAction":[{"@type":"SearchAction","target":{"@type":"EntryPoint","urlTemplate":"https:\/\/nailner.com\/fr\/?s={search_term_string}"},"query-input":{"@type":"PropertyValueSpecification","valueRequired":true,"valueName":"search_term_string"}}],"inLanguage":"fr-FR"},{"@type":"Organization","@id":"https:\/\/nailner.com\/fr\/#organization","name":"Nailner","url":"https:\/\/nailner.com\/fr\/","logo":{"@type":"ImageObject","inLanguage":"fr-FR","@id":"https:\/\/nailner.com\/fr\/#\/schema\/logo\/image\/","url":"https:\/\/nailner.com\/app\/uploads\/sites\/13\/2025\/04\/Nailner-logo.png","contentUrl":"https:\/\/nailner.com\/app\/uploads\/sites\/13\/2025\/04\/Nailner-logo.png","width":134,"height":32,"caption":"Nailner"},"image":{"@id":"https:\/\/nailner.com\/fr\/#\/schema\/logo\/image\/"}}]}},"_links":{"self":[{"href":"https:\/\/nailner.com\/fr\/wp-json\/wp\/v2\/product\/58","targetHints":{"allow":["GET"]}}],"collection":[{"href":"https:\/\/nailner.com\/fr\/wp-json\/wp\/v2\/product"}],"about":[{"href":"https:\/\/nailner.com\/fr\/wp-json\/wp\/v2\/types\/product"}],"replies":[{"embeddable":true,"href":"https:\/\/nailner.com\/fr\/wp-json\/wp\/v2\/comments?post=58"}],"version-history":[{"count":7,"href":"https:\/\/nailner.com\/fr\/wp-json\/wp\/v2\/product\/58\/revisions"}],"predecessor-version":[{"id":466,"href":"https:\/\/nailner.com\/fr\/wp-json\/wp\/v2\/product\/58\/revisions\/466"}],"wp:featuredmedia":[{"embeddable":true,"href":"https:\/\/nailner.com\/fr\/wp-json\/wp\/v2\/media\/73"}],"wp:attachment":[{"href":"https:\/\/nailner.com\/fr\/wp-json\/wp\/v2\/media?parent=58"}],"wp:term":[{"taxonomy":"product_brand","embeddable":true,"href":"https:\/\/nailner.com\/fr\/wp-json\/wp\/v2\/product_brand?post=58"},{"taxonomy":"product_cat","embeddable":true,"href":"https:\/\/nailner.com\/fr\/wp-json\/wp\/v2\/product_cat?post=58"},{"taxonomy":"product_tag","embeddable":true,"href":"https:\/\/nailner.com\/fr\/wp-json\/wp\/v2\/product_tag?post=58"}],"curies":[{"name":"wp","href":"https:\/\/api.w.org\/{rel}","templated":true}]}}