{"id":60,"date":"2022-08-25T14:43:20","date_gmt":"2022-08-25T12:43:20","guid":{"rendered":"https:\/\/nailner.com\/fr\/?post_type=product&#038;p=60"},"modified":"2025-09-30T07:23:35","modified_gmt":"2025-09-30T05:23:35","slug":"nailner-stylo","status":"publish","type":"product","link":"https:\/\/nailner.com\/fr\/produit\/nailner-stylo\/","title":{"rendered":"Nailner Stylo"},"content":{"rendered":"\n<div class=\"wp-block-karopharma-accordions is-style-transparent\"><div class=\"container\">\n<details class=\"wp-block-karopharma-accordion\"><summary><h2 class=\"accordion-title\">Instructions<\/h2><\/summary><div class=\"accordion-content\">\n<ol class=\"wp-block-list is-style-default\">\n<li>Avant chaque application, retirez tout r\u00e9sidu de vernis sur les ongles \u00e0 traiter avec un dissolvant (de pr\u00e9f\u00e9rence sans ac\u00e9tone). Il n\u2019est pas n\u00e9cessaire de limer l\u2019ongle atteint avant utilisation.<\/li>\n\n\n\n<li>Appliquer deux fois par jour pendant les quatre premi\u00e8res semaines de traitement puis une fois par jour jusqu\u2019\u00e0 ce que l\u2019ongle sain ait enti\u00e8rement remplac\u00e9 l\u2019ongle infect\u00e9.<\/li>\n\n\n\n<li>La solution doit \u00eatre appliqu\u00e9e sur toute la surface de l&rsquo;ongle affect\u00e9, y compris la partie inf\u00e9rieure du bord le plus en avant. Il n&rsquo;est pas n\u00e9cessaire d&rsquo;exercer une pression particuli\u00e8re lors de l&rsquo;application.<\/li>\n\n\n\n<li>Refermer le stylo apr\u00e8s chaque utilisation. Nailner Stylo permet environ 400 applications.<\/li>\n\n\n\n<li>Nailner Stylo peut \u00eatre utiliser en pr\u00e9vention. une application quotidienne permet de pr\u00e9venir les onychomycose.<\/li>\n<\/ol>\n<\/div><\/details>\n\n\n\n<details class=\"wp-block-karopharma-accordion\"><summary><h2 class=\"accordion-title\">Comment fonctionne Nailner Stylo?<\/h2><\/summary><div class=\"accordion-content\">\n<p>Le stylo est maniable et permet une application facile et rapide. Chaque stylo contient environ 400 applications.<\/p>\n<\/div><\/details>\n<\/div><\/div>\n","protected":false},"excerpt":{"rendered":"<p>Le Stylo est maniable et permet une application facile et rapide. Chaque stylo contient environ 400 applications.<\/p>\n","protected":false},"featured_media":74,"comment_status":"closed","ping_status":"closed","template":"","meta":{"_acf_changed":false,"footnotes":""},"product_brand":[],"product_cat":[],"product_tag":[],"class_list":{"0":"post-60","1":"product","2":"type-product","3":"status-publish","4":"has-post-thumbnail","7":"first","8":"instock","9":"shipping-taxable","10":"product-type-simple"},"acf":[],"yoast_head":"<!-- This site is optimized with the Yoast SEO plugin v26.6 - https:\/\/yoast.com\/wordpress\/plugins\/seo\/ -->\n<title>Nailner Stylo - Nailner<\/title>\n<meta name=\"description\" content=\"Traite la mycose des ongles en saturant la tablette ungu\u00e9ale et en abaissant le pH de l\u2019ongle infect\u00e9. Nailner cr\u00e9e un environnement d\u00e9favorable au d\u00e9veloppement du champignon responsable pour traiter ainsi la mycose.\" \/>\n<meta name=\"robots\" content=\"index, follow, max-snippet:-1, max-image-preview:large, max-video-preview:-1\" \/>\n<link rel=\"canonical\" href=\"https:\/\/nailner.com\/fr\/produit\/nailner-stylo\/\" \/>\n<meta property=\"og:locale\" content=\"fr_FR\" \/>\n<meta property=\"og:type\" content=\"article\" \/>\n<meta property=\"og:title\" content=\"Nailner Stylo - Nailner\" \/>\n<meta property=\"og:description\" content=\"Traite la mycose des ongles en saturant la tablette ungu\u00e9ale et en abaissant le pH de l\u2019ongle infect\u00e9. Nailner cr\u00e9e un environnement d\u00e9favorable au d\u00e9veloppement du champignon responsable pour traiter ainsi la mycose.\" \/>\n<meta property=\"og:url\" content=\"https:\/\/nailner.com\/fr\/produit\/nailner-stylo\/\" \/>\n<meta property=\"og:site_name\" content=\"Nailner\" \/>\n<meta property=\"article:modified_time\" content=\"2025-09-30T05:23:35+00:00\" \/>\n<meta property=\"og:image\" content=\"https:\/\/nailner.com\/app\/uploads\/sites\/13\/2022\/08\/pos_nailner_2_pen_box_fr.png\" \/>\n\t<meta property=\"og:image:width\" content=\"900\" \/>\n\t<meta property=\"og:image:height\" content=\"900\" \/>\n\t<meta property=\"og:image:type\" content=\"image\/png\" \/>\n<meta name=\"twitter:card\" content=\"summary_large_image\" \/>\n<meta name=\"twitter:label1\" content=\"Dur\u00e9e de lecture estim\u00e9e\" \/>\n\t<meta name=\"twitter:data1\" content=\"1 minute\" \/>\n<script type=\"application\/ld+json\" class=\"yoast-schema-graph\">{\"@context\":\"https:\/\/schema.org\",\"@graph\":[{\"@type\":\"WebPage\",\"@id\":\"https:\/\/nailner.com\/fr\/produit\/nailner-stylo\/\",\"url\":\"https:\/\/nailner.com\/fr\/produit\/nailner-stylo\/\",\"name\":\"Nailner Stylo - Nailner\",\"isPartOf\":{\"@id\":\"https:\/\/nailner.com\/fr\/#website\"},\"primaryImageOfPage\":{\"@id\":\"https:\/\/nailner.com\/fr\/produit\/nailner-stylo\/#primaryimage\"},\"image\":{\"@id\":\"https:\/\/nailner.com\/fr\/produit\/nailner-stylo\/#primaryimage\"},\"thumbnailUrl\":\"https:\/\/nailner.com\/app\/uploads\/sites\/13\/2022\/08\/pos_nailner_2_pen_box_fr.png\",\"datePublished\":\"2022-08-25T12:43:20+00:00\",\"dateModified\":\"2025-09-30T05:23:35+00:00\",\"description\":\"Traite la mycose des ongles en saturant la tablette ungu\u00e9ale et en abaissant le pH de l\u2019ongle infect\u00e9. Nailner cr\u00e9e un environnement d\u00e9favorable au d\u00e9veloppement du champignon responsable pour traiter ainsi la mycose.\",\"breadcrumb\":{\"@id\":\"https:\/\/nailner.com\/fr\/produit\/nailner-stylo\/#breadcrumb\"},\"inLanguage\":\"fr-FR\",\"potentialAction\":[{\"@type\":\"ReadAction\",\"target\":[\"https:\/\/nailner.com\/fr\/produit\/nailner-stylo\/\"]}]},{\"@type\":\"ImageObject\",\"inLanguage\":\"fr-FR\",\"@id\":\"https:\/\/nailner.com\/fr\/produit\/nailner-stylo\/#primaryimage\",\"url\":\"https:\/\/nailner.com\/app\/uploads\/sites\/13\/2022\/08\/pos_nailner_2_pen_box_fr.png\",\"contentUrl\":\"https:\/\/nailner.com\/app\/uploads\/sites\/13\/2022\/08\/pos_nailner_2_pen_box_fr.png\",\"width\":900,\"height\":900,\"caption\":\"Nailner Stylo\"},{\"@type\":\"BreadcrumbList\",\"@id\":\"https:\/\/nailner.com\/fr\/produit\/nailner-stylo\/#breadcrumb\",\"itemListElement\":[{\"@type\":\"ListItem\",\"position\":1,\"name\":\"Home\",\"item\":\"https:\/\/nailner.com\/fr\/\"},{\"@type\":\"ListItem\",\"position\":2,\"name\":\"Les produits\",\"item\":\"https:\/\/nailner.com\/fr\/les-produits\/\"},{\"@type\":\"ListItem\",\"position\":3,\"name\":\"Nailner Stylo\"}]},{\"@type\":\"WebSite\",\"@id\":\"https:\/\/nailner.com\/fr\/#website\",\"url\":\"https:\/\/nailner.com\/fr\/\",\"name\":\"Nailner\",\"description\":\"\",\"publisher\":{\"@id\":\"https:\/\/nailner.com\/fr\/#organization\"},\"potentialAction\":[{\"@type\":\"SearchAction\",\"target\":{\"@type\":\"EntryPoint\",\"urlTemplate\":\"https:\/\/nailner.com\/fr\/?s={search_term_string}\"},\"query-input\":{\"@type\":\"PropertyValueSpecification\",\"valueRequired\":true,\"valueName\":\"search_term_string\"}}],\"inLanguage\":\"fr-FR\"},{\"@type\":\"Organization\",\"@id\":\"https:\/\/nailner.com\/fr\/#organization\",\"name\":\"Nailner\",\"url\":\"https:\/\/nailner.com\/fr\/\",\"logo\":{\"@type\":\"ImageObject\",\"inLanguage\":\"fr-FR\",\"@id\":\"https:\/\/nailner.com\/fr\/#\/schema\/logo\/image\/\",\"url\":\"https:\/\/nailner.com\/app\/uploads\/sites\/13\/2025\/04\/Nailner-logo.png\",\"contentUrl\":\"https:\/\/nailner.com\/app\/uploads\/sites\/13\/2025\/04\/Nailner-logo.png\",\"width\":134,\"height\":32,\"caption\":\"Nailner\"},\"image\":{\"@id\":\"https:\/\/nailner.com\/fr\/#\/schema\/logo\/image\/\"}}]}<\/script>\n<!-- \/ Yoast SEO plugin. -->","yoast_head_json":{"title":"Nailner Stylo - Nailner","description":"Traite la mycose des ongles en saturant la tablette ungu\u00e9ale et en abaissant le pH de l\u2019ongle infect\u00e9. Nailner cr\u00e9e un environnement d\u00e9favorable au d\u00e9veloppement du champignon responsable pour traiter ainsi la mycose.","robots":{"index":"index","follow":"follow","max-snippet":"max-snippet:-1","max-image-preview":"max-image-preview:large","max-video-preview":"max-video-preview:-1"},"canonical":"https:\/\/nailner.com\/fr\/produit\/nailner-stylo\/","og_locale":"fr_FR","og_type":"article","og_title":"Nailner Stylo - Nailner","og_description":"Traite la mycose des ongles en saturant la tablette ungu\u00e9ale et en abaissant le pH de l\u2019ongle infect\u00e9. Nailner cr\u00e9e un environnement d\u00e9favorable au d\u00e9veloppement du champignon responsable pour traiter ainsi la mycose.","og_url":"https:\/\/nailner.com\/fr\/produit\/nailner-stylo\/","og_site_name":"Nailner","article_modified_time":"2025-09-30T05:23:35+00:00","og_image":[{"width":900,"height":900,"url":"https:\/\/nailner.com\/app\/uploads\/sites\/13\/2022\/08\/pos_nailner_2_pen_box_fr.png","type":"image\/png"}],"twitter_card":"summary_large_image","twitter_misc":{"Dur\u00e9e de lecture estim\u00e9e":"1 minute"},"schema":{"@context":"https:\/\/schema.org","@graph":[{"@type":"WebPage","@id":"https:\/\/nailner.com\/fr\/produit\/nailner-stylo\/","url":"https:\/\/nailner.com\/fr\/produit\/nailner-stylo\/","name":"Nailner Stylo - Nailner","isPartOf":{"@id":"https:\/\/nailner.com\/fr\/#website"},"primaryImageOfPage":{"@id":"https:\/\/nailner.com\/fr\/produit\/nailner-stylo\/#primaryimage"},"image":{"@id":"https:\/\/nailner.com\/fr\/produit\/nailner-stylo\/#primaryimage"},"thumbnailUrl":"https:\/\/nailner.com\/app\/uploads\/sites\/13\/2022\/08\/pos_nailner_2_pen_box_fr.png","datePublished":"2022-08-25T12:43:20+00:00","dateModified":"2025-09-30T05:23:35+00:00","description":"Traite la mycose des ongles en saturant la tablette ungu\u00e9ale et en abaissant le pH de l\u2019ongle infect\u00e9. Nailner cr\u00e9e un environnement d\u00e9favorable au d\u00e9veloppement du champignon responsable pour traiter ainsi la mycose.","breadcrumb":{"@id":"https:\/\/nailner.com\/fr\/produit\/nailner-stylo\/#breadcrumb"},"inLanguage":"fr-FR","potentialAction":[{"@type":"ReadAction","target":["https:\/\/nailner.com\/fr\/produit\/nailner-stylo\/"]}]},{"@type":"ImageObject","inLanguage":"fr-FR","@id":"https:\/\/nailner.com\/fr\/produit\/nailner-stylo\/#primaryimage","url":"https:\/\/nailner.com\/app\/uploads\/sites\/13\/2022\/08\/pos_nailner_2_pen_box_fr.png","contentUrl":"https:\/\/nailner.com\/app\/uploads\/sites\/13\/2022\/08\/pos_nailner_2_pen_box_fr.png","width":900,"height":900,"caption":"Nailner Stylo"},{"@type":"BreadcrumbList","@id":"https:\/\/nailner.com\/fr\/produit\/nailner-stylo\/#breadcrumb","itemListElement":[{"@type":"ListItem","position":1,"name":"Home","item":"https:\/\/nailner.com\/fr\/"},{"@type":"ListItem","position":2,"name":"Les produits","item":"https:\/\/nailner.com\/fr\/les-produits\/"},{"@type":"ListItem","position":3,"name":"Nailner Stylo"}]},{"@type":"WebSite","@id":"https:\/\/nailner.com\/fr\/#website","url":"https:\/\/nailner.com\/fr\/","name":"Nailner","description":"","publisher":{"@id":"https:\/\/nailner.com\/fr\/#organization"},"potentialAction":[{"@type":"SearchAction","target":{"@type":"EntryPoint","urlTemplate":"https:\/\/nailner.com\/fr\/?s={search_term_string}"},"query-input":{"@type":"PropertyValueSpecification","valueRequired":true,"valueName":"search_term_string"}}],"inLanguage":"fr-FR"},{"@type":"Organization","@id":"https:\/\/nailner.com\/fr\/#organization","name":"Nailner","url":"https:\/\/nailner.com\/fr\/","logo":{"@type":"ImageObject","inLanguage":"fr-FR","@id":"https:\/\/nailner.com\/fr\/#\/schema\/logo\/image\/","url":"https:\/\/nailner.com\/app\/uploads\/sites\/13\/2025\/04\/Nailner-logo.png","contentUrl":"https:\/\/nailner.com\/app\/uploads\/sites\/13\/2025\/04\/Nailner-logo.png","width":134,"height":32,"caption":"Nailner"},"image":{"@id":"https:\/\/nailner.com\/fr\/#\/schema\/logo\/image\/"}}]}},"_links":{"self":[{"href":"https:\/\/nailner.com\/fr\/wp-json\/wp\/v2\/product\/60","targetHints":{"allow":["GET"]}}],"collection":[{"href":"https:\/\/nailner.com\/fr\/wp-json\/wp\/v2\/product"}],"about":[{"href":"https:\/\/nailner.com\/fr\/wp-json\/wp\/v2\/types\/product"}],"replies":[{"embeddable":true,"href":"https:\/\/nailner.com\/fr\/wp-json\/wp\/v2\/comments?post=60"}],"version-history":[{"count":6,"href":"https:\/\/nailner.com\/fr\/wp-json\/wp\/v2\/product\/60\/revisions"}],"predecessor-version":[{"id":467,"href":"https:\/\/nailner.com\/fr\/wp-json\/wp\/v2\/product\/60\/revisions\/467"}],"wp:featuredmedia":[{"embeddable":true,"href":"https:\/\/nailner.com\/fr\/wp-json\/wp\/v2\/media\/74"}],"wp:attachment":[{"href":"https:\/\/nailner.com\/fr\/wp-json\/wp\/v2\/media?parent=60"}],"wp:term":[{"taxonomy":"product_brand","embeddable":true,"href":"https:\/\/nailner.com\/fr\/wp-json\/wp\/v2\/product_brand?post=60"},{"taxonomy":"product_cat","embeddable":true,"href":"https:\/\/nailner.com\/fr\/wp-json\/wp\/v2\/product_cat?post=60"},{"taxonomy":"product_tag","embeddable":true,"href":"https:\/\/nailner.com\/fr\/wp-json\/wp\/v2\/product_tag?post=60"}],"curies":[{"name":"wp","href":"https:\/\/api.w.org\/{rel}","templated":true}]}}