{"id":62,"date":"2022-08-25T14:43:45","date_gmt":"2022-08-25T12:43:45","guid":{"rendered":"https:\/\/nailner.com\/fr\/?post_type=product&#038;p=62"},"modified":"2025-09-30T07:23:43","modified_gmt":"2025-09-30T05:23:43","slug":"nailner-spray-35-ml","status":"publish","type":"product","link":"https:\/\/nailner.com\/fr\/produit\/nailner-spray-35-ml\/","title":{"rendered":"Nailner Spray"},"content":{"rendered":"\n<div class=\"wp-block-karopharma-accordions is-style-transparent\"><div class=\"container\">\n<details class=\"wp-block-karopharma-accordion\"><summary><h2 class=\"accordion-title\">Instructions<\/h2><\/summary><div class=\"accordion-content\">\n<ol class=\"wp-block-list is-style-default\">\n<li>Avant chaque application, retirez tout r\u00e9sidu de vernis sur les ongles \u00e0 traiter avec un dissolvant (de pr\u00e9f\u00e9rence sans ac\u00e9tone).<\/li>\n\n\n\n<li>Avant l\u2019application, poser votre pied ou votre main sur un tissu protecteur afin d\u2019\u00e9viter les projections du produit.<\/li>\n\n\n\n<li>Vaporisez le spray \u00e0 une distance de 10-15 cm, en vous assurant que la solution couvre la totalit\u00e9 de l&rsquo;ongle affect\u00e9. Laissez s\u00e9cher l\u2019ongle pendant au moins 1 \u00e0 2 minutes avant d&rsquo;enfiler des chaussettes ou des chaussures.<\/li>\n\n\n\n<li>Vaporisez le spray \u00e0 une distance de 10-15 cm, en vous assurant que la solution couvre la totalit\u00e9 de l&rsquo;ongle affect\u00e9. Laissez s\u00e9cher l\u2019ongle pendant au moins 1 \u00e0 2 minutes avant d&rsquo;enfiler des chaussettes ou des chaussures. Vaporisez le spray \u00e0 une distance de 10-15 cm, en vous assurant que la solution couvre la totalit\u00e9 de l&rsquo;ongle affect\u00e9. Laissez s\u00e9cher l\u2019ongle pendant au moins 1 \u00e0 2 minutes avant d&rsquo;enfiler des chaussettes ou des chaussures.<\/li>\n\n\n\n<li>Nailner Spray peut \u00eatre utilis\u00e9 en pr\u00e9vention. une application quotidienne permet de pr\u00e9venir les onychomycoses.<\/li>\n<\/ol>\n<\/div><\/details>\n\n\n\n<details class=\"wp-block-karopharma-accordion\"><summary><h2 class=\"accordion-title\">Comment fonctionne Nailner Spray 35 ml?<\/h2><\/summary><div class=\"accordion-content\">\n<p>Le spray, maniable permet une application facile et rapide. Nailner spray permet environ 400 applications.<\/p>\n<\/div><\/details>\n<\/div><\/div>\n","protected":false},"excerpt":{"rendered":"<p>Nailner Spray 35 ml Facile d\u2019utilisation pour combattre la mycose des ongles<\/p>\n","protected":false},"featured_media":75,"comment_status":"closed","ping_status":"closed","template":"","meta":{"_acf_changed":false,"footnotes":""},"product_brand":[],"product_cat":[],"product_tag":[],"class_list":{"0":"post-62","1":"product","2":"type-product","3":"status-publish","4":"has-post-thumbnail","7":"first","8":"instock","9":"shipping-taxable","10":"product-type-simple"},"acf":[],"yoast_head":"<!-- This site is optimized with the Yoast SEO plugin v26.6 - https:\/\/yoast.com\/wordpress\/plugins\/seo\/ -->\n<title>Nailner Spray - Nailner<\/title>\n<meta name=\"description\" content=\"Traite la mycose des ongles en saturant la tablette ungu\u00e9ale et en abaissant le pH de l\u2019ongle infect\u00e9. Nailner cr\u00e9e un environnement d\u00e9favorable au d\u00e9veloppement du champignon responsable pour traiter ainsi la mycose.\" \/>\n<meta name=\"robots\" content=\"index, follow, max-snippet:-1, max-image-preview:large, max-video-preview:-1\" \/>\n<link rel=\"canonical\" href=\"https:\/\/nailner.com\/fr\/produit\/nailner-spray-35-ml\/\" \/>\n<meta property=\"og:locale\" content=\"fr_FR\" \/>\n<meta property=\"og:type\" content=\"article\" \/>\n<meta property=\"og:title\" content=\"Nailner Spray - Nailner\" \/>\n<meta property=\"og:description\" content=\"Traite la mycose des ongles en saturant la tablette ungu\u00e9ale et en abaissant le pH de l\u2019ongle infect\u00e9. Nailner cr\u00e9e un environnement d\u00e9favorable au d\u00e9veloppement du champignon responsable pour traiter ainsi la mycose.\" \/>\n<meta property=\"og:url\" content=\"https:\/\/nailner.com\/fr\/produit\/nailner-spray-35-ml\/\" \/>\n<meta property=\"og:site_name\" content=\"Nailner\" \/>\n<meta property=\"article:modified_time\" content=\"2025-09-30T05:23:43+00:00\" \/>\n<meta property=\"og:image\" content=\"https:\/\/nailner.com\/app\/uploads\/sites\/13\/2022\/08\/pos_nailner_2_sprayxxl_box_fr.png\" \/>\n\t<meta property=\"og:image:width\" content=\"900\" \/>\n\t<meta property=\"og:image:height\" content=\"900\" \/>\n\t<meta property=\"og:image:type\" content=\"image\/png\" \/>\n<meta name=\"twitter:card\" content=\"summary_large_image\" \/>\n<meta name=\"twitter:label1\" content=\"Dur\u00e9e de lecture estim\u00e9e\" \/>\n\t<meta name=\"twitter:data1\" content=\"2 minutes\" \/>\n<script type=\"application\/ld+json\" class=\"yoast-schema-graph\">{\"@context\":\"https:\/\/schema.org\",\"@graph\":[{\"@type\":\"WebPage\",\"@id\":\"https:\/\/nailner.com\/fr\/produit\/nailner-spray-35-ml\/\",\"url\":\"https:\/\/nailner.com\/fr\/produit\/nailner-spray-35-ml\/\",\"name\":\"Nailner Spray - Nailner\",\"isPartOf\":{\"@id\":\"https:\/\/nailner.com\/fr\/#website\"},\"primaryImageOfPage\":{\"@id\":\"https:\/\/nailner.com\/fr\/produit\/nailner-spray-35-ml\/#primaryimage\"},\"image\":{\"@id\":\"https:\/\/nailner.com\/fr\/produit\/nailner-spray-35-ml\/#primaryimage\"},\"thumbnailUrl\":\"https:\/\/nailner.com\/app\/uploads\/sites\/13\/2022\/08\/pos_nailner_2_sprayxxl_box_fr.png\",\"datePublished\":\"2022-08-25T12:43:45+00:00\",\"dateModified\":\"2025-09-30T05:23:43+00:00\",\"description\":\"Traite la mycose des ongles en saturant la tablette ungu\u00e9ale et en abaissant le pH de l\u2019ongle infect\u00e9. Nailner cr\u00e9e un environnement d\u00e9favorable au d\u00e9veloppement du champignon responsable pour traiter ainsi la mycose.\",\"breadcrumb\":{\"@id\":\"https:\/\/nailner.com\/fr\/produit\/nailner-spray-35-ml\/#breadcrumb\"},\"inLanguage\":\"fr-FR\",\"potentialAction\":[{\"@type\":\"ReadAction\",\"target\":[\"https:\/\/nailner.com\/fr\/produit\/nailner-spray-35-ml\/\"]}]},{\"@type\":\"ImageObject\",\"inLanguage\":\"fr-FR\",\"@id\":\"https:\/\/nailner.com\/fr\/produit\/nailner-spray-35-ml\/#primaryimage\",\"url\":\"https:\/\/nailner.com\/app\/uploads\/sites\/13\/2022\/08\/pos_nailner_2_sprayxxl_box_fr.png\",\"contentUrl\":\"https:\/\/nailner.com\/app\/uploads\/sites\/13\/2022\/08\/pos_nailner_2_sprayxxl_box_fr.png\",\"width\":900,\"height\":900,\"caption\":\"Nailner Spray 35 ml\"},{\"@type\":\"BreadcrumbList\",\"@id\":\"https:\/\/nailner.com\/fr\/produit\/nailner-spray-35-ml\/#breadcrumb\",\"itemListElement\":[{\"@type\":\"ListItem\",\"position\":1,\"name\":\"Home\",\"item\":\"https:\/\/nailner.com\/fr\/\"},{\"@type\":\"ListItem\",\"position\":2,\"name\":\"Les produits\",\"item\":\"https:\/\/nailner.com\/fr\/les-produits\/\"},{\"@type\":\"ListItem\",\"position\":3,\"name\":\"Nailner Spray\"}]},{\"@type\":\"WebSite\",\"@id\":\"https:\/\/nailner.com\/fr\/#website\",\"url\":\"https:\/\/nailner.com\/fr\/\",\"name\":\"Nailner\",\"description\":\"\",\"publisher\":{\"@id\":\"https:\/\/nailner.com\/fr\/#organization\"},\"potentialAction\":[{\"@type\":\"SearchAction\",\"target\":{\"@type\":\"EntryPoint\",\"urlTemplate\":\"https:\/\/nailner.com\/fr\/?s={search_term_string}\"},\"query-input\":{\"@type\":\"PropertyValueSpecification\",\"valueRequired\":true,\"valueName\":\"search_term_string\"}}],\"inLanguage\":\"fr-FR\"},{\"@type\":\"Organization\",\"@id\":\"https:\/\/nailner.com\/fr\/#organization\",\"name\":\"Nailner\",\"url\":\"https:\/\/nailner.com\/fr\/\",\"logo\":{\"@type\":\"ImageObject\",\"inLanguage\":\"fr-FR\",\"@id\":\"https:\/\/nailner.com\/fr\/#\/schema\/logo\/image\/\",\"url\":\"https:\/\/nailner.com\/app\/uploads\/sites\/13\/2025\/04\/Nailner-logo.png\",\"contentUrl\":\"https:\/\/nailner.com\/app\/uploads\/sites\/13\/2025\/04\/Nailner-logo.png\",\"width\":134,\"height\":32,\"caption\":\"Nailner\"},\"image\":{\"@id\":\"https:\/\/nailner.com\/fr\/#\/schema\/logo\/image\/\"}}]}<\/script>\n<!-- \/ Yoast SEO plugin. -->","yoast_head_json":{"title":"Nailner Spray - Nailner","description":"Traite la mycose des ongles en saturant la tablette ungu\u00e9ale et en abaissant le pH de l\u2019ongle infect\u00e9. Nailner cr\u00e9e un environnement d\u00e9favorable au d\u00e9veloppement du champignon responsable pour traiter ainsi la mycose.","robots":{"index":"index","follow":"follow","max-snippet":"max-snippet:-1","max-image-preview":"max-image-preview:large","max-video-preview":"max-video-preview:-1"},"canonical":"https:\/\/nailner.com\/fr\/produit\/nailner-spray-35-ml\/","og_locale":"fr_FR","og_type":"article","og_title":"Nailner Spray - Nailner","og_description":"Traite la mycose des ongles en saturant la tablette ungu\u00e9ale et en abaissant le pH de l\u2019ongle infect\u00e9. Nailner cr\u00e9e un environnement d\u00e9favorable au d\u00e9veloppement du champignon responsable pour traiter ainsi la mycose.","og_url":"https:\/\/nailner.com\/fr\/produit\/nailner-spray-35-ml\/","og_site_name":"Nailner","article_modified_time":"2025-09-30T05:23:43+00:00","og_image":[{"width":900,"height":900,"url":"https:\/\/nailner.com\/app\/uploads\/sites\/13\/2022\/08\/pos_nailner_2_sprayxxl_box_fr.png","type":"image\/png"}],"twitter_card":"summary_large_image","twitter_misc":{"Dur\u00e9e de lecture estim\u00e9e":"2 minutes"},"schema":{"@context":"https:\/\/schema.org","@graph":[{"@type":"WebPage","@id":"https:\/\/nailner.com\/fr\/produit\/nailner-spray-35-ml\/","url":"https:\/\/nailner.com\/fr\/produit\/nailner-spray-35-ml\/","name":"Nailner Spray - Nailner","isPartOf":{"@id":"https:\/\/nailner.com\/fr\/#website"},"primaryImageOfPage":{"@id":"https:\/\/nailner.com\/fr\/produit\/nailner-spray-35-ml\/#primaryimage"},"image":{"@id":"https:\/\/nailner.com\/fr\/produit\/nailner-spray-35-ml\/#primaryimage"},"thumbnailUrl":"https:\/\/nailner.com\/app\/uploads\/sites\/13\/2022\/08\/pos_nailner_2_sprayxxl_box_fr.png","datePublished":"2022-08-25T12:43:45+00:00","dateModified":"2025-09-30T05:23:43+00:00","description":"Traite la mycose des ongles en saturant la tablette ungu\u00e9ale et en abaissant le pH de l\u2019ongle infect\u00e9. Nailner cr\u00e9e un environnement d\u00e9favorable au d\u00e9veloppement du champignon responsable pour traiter ainsi la mycose.","breadcrumb":{"@id":"https:\/\/nailner.com\/fr\/produit\/nailner-spray-35-ml\/#breadcrumb"},"inLanguage":"fr-FR","potentialAction":[{"@type":"ReadAction","target":["https:\/\/nailner.com\/fr\/produit\/nailner-spray-35-ml\/"]}]},{"@type":"ImageObject","inLanguage":"fr-FR","@id":"https:\/\/nailner.com\/fr\/produit\/nailner-spray-35-ml\/#primaryimage","url":"https:\/\/nailner.com\/app\/uploads\/sites\/13\/2022\/08\/pos_nailner_2_sprayxxl_box_fr.png","contentUrl":"https:\/\/nailner.com\/app\/uploads\/sites\/13\/2022\/08\/pos_nailner_2_sprayxxl_box_fr.png","width":900,"height":900,"caption":"Nailner Spray 35 ml"},{"@type":"BreadcrumbList","@id":"https:\/\/nailner.com\/fr\/produit\/nailner-spray-35-ml\/#breadcrumb","itemListElement":[{"@type":"ListItem","position":1,"name":"Home","item":"https:\/\/nailner.com\/fr\/"},{"@type":"ListItem","position":2,"name":"Les produits","item":"https:\/\/nailner.com\/fr\/les-produits\/"},{"@type":"ListItem","position":3,"name":"Nailner Spray"}]},{"@type":"WebSite","@id":"https:\/\/nailner.com\/fr\/#website","url":"https:\/\/nailner.com\/fr\/","name":"Nailner","description":"","publisher":{"@id":"https:\/\/nailner.com\/fr\/#organization"},"potentialAction":[{"@type":"SearchAction","target":{"@type":"EntryPoint","urlTemplate":"https:\/\/nailner.com\/fr\/?s={search_term_string}"},"query-input":{"@type":"PropertyValueSpecification","valueRequired":true,"valueName":"search_term_string"}}],"inLanguage":"fr-FR"},{"@type":"Organization","@id":"https:\/\/nailner.com\/fr\/#organization","name":"Nailner","url":"https:\/\/nailner.com\/fr\/","logo":{"@type":"ImageObject","inLanguage":"fr-FR","@id":"https:\/\/nailner.com\/fr\/#\/schema\/logo\/image\/","url":"https:\/\/nailner.com\/app\/uploads\/sites\/13\/2025\/04\/Nailner-logo.png","contentUrl":"https:\/\/nailner.com\/app\/uploads\/sites\/13\/2025\/04\/Nailner-logo.png","width":134,"height":32,"caption":"Nailner"},"image":{"@id":"https:\/\/nailner.com\/fr\/#\/schema\/logo\/image\/"}}]}},"_links":{"self":[{"href":"https:\/\/nailner.com\/fr\/wp-json\/wp\/v2\/product\/62","targetHints":{"allow":["GET"]}}],"collection":[{"href":"https:\/\/nailner.com\/fr\/wp-json\/wp\/v2\/product"}],"about":[{"href":"https:\/\/nailner.com\/fr\/wp-json\/wp\/v2\/types\/product"}],"replies":[{"embeddable":true,"href":"https:\/\/nailner.com\/fr\/wp-json\/wp\/v2\/comments?post=62"}],"version-history":[{"count":7,"href":"https:\/\/nailner.com\/fr\/wp-json\/wp\/v2\/product\/62\/revisions"}],"predecessor-version":[{"id":468,"href":"https:\/\/nailner.com\/fr\/wp-json\/wp\/v2\/product\/62\/revisions\/468"}],"wp:featuredmedia":[{"embeddable":true,"href":"https:\/\/nailner.com\/fr\/wp-json\/wp\/v2\/media\/75"}],"wp:attachment":[{"href":"https:\/\/nailner.com\/fr\/wp-json\/wp\/v2\/media?parent=62"}],"wp:term":[{"taxonomy":"product_brand","embeddable":true,"href":"https:\/\/nailner.com\/fr\/wp-json\/wp\/v2\/product_brand?post=62"},{"taxonomy":"product_cat","embeddable":true,"href":"https:\/\/nailner.com\/fr\/wp-json\/wp\/v2\/product_cat?post=62"},{"taxonomy":"product_tag","embeddable":true,"href":"https:\/\/nailner.com\/fr\/wp-json\/wp\/v2\/product_tag?post=62"}],"curies":[{"name":"wp","href":"https:\/\/api.w.org\/{rel}","templated":true}]}}