{"id":5,"date":"2022-08-16T12:30:10","date_gmt":"2022-08-16T09:30:10","guid":{"rendered":"https:\/\/nailner.com\/lt\/?page_id=5"},"modified":"2025-04-30T10:50:54","modified_gmt":"2025-04-30T07:50:54","slug":"nailner","status":"publish","type":"page","link":"https:\/\/nailner.com\/lt\/","title":{"rendered":"Nailner"},"content":{"rendered":"\n\n\n\n\n<div class=\"wp-block-karopharma-free-text pt-large pb-none bg-center bg-cover bg-no-repeat\" style=\"background-image:url()\"><div class=\"free-text-wrapper container max-w-medium text-left\">\n<p class=\"is-style-paragraph-preamble\">Atsiradus nag\u0173 grybeliui norisi kuo grei\u010diau ir papras\u010diau atsikratyti \u0161ios problemos ir v\u0117l tur\u0117ti sveikai atrodan\u010dius nagus. D\u0117l \u0161ios prie\u017easties &#8222;Nailner&#8221; nag\u0173 grybelio gydymo priemon\u0117s greitai \u012fsiskverbia \u012f nag\u0105, o klini\u0161kai \u012frodytas j\u0173 veiksmingumas padeda gydant ir apsaugant nagus nuo nag\u0173 grybelio.<\/p>\n\n\n\n<p class=\"is-style-paragraph-preamble\">Si\u016blome produktus gerinan\u010dius nag\u0173 i\u0161vaizd\u0105 vos per 7 dienas bei padedan\u010dius pasl\u0117pti nag\u0173 grybel\u012f ir i\u0161 karto pa\u0161alinti pakitusi\u0105 nag\u0173 spalv\u0105. Visiems, norintiems nat\u016brali\u0173 ar spalvot\u0173, sveikiau atrodan\u010di\u0173 nag\u0173 ar tiesiog siekiantiems i\u0161gydyti sukelt\u0105 infekcij\u0105, &#8222;Nailner&#8221; turi b\u016btent tam skirt\u0105 produkt\u0105.<\/p>\n<\/div><\/div>\n\n\n<div class=\"product-list wp-block-karopharma-product-list\" data-testid=\"product-list\">\n      <div class=\"swiper-container\">\n      <div class=\"swiper\">\n        <div class=\"swiper-wrapper\">\n                      <div class=\"swiper-slide\">\n              <div class=\"product-card\" data-testid=\"product-card\">\n  <a\n    href=https:\/\/nailner.com\/lt\/produktas\/nailner-teptukas\/\n    class=\"product-card-link\"\n    title=\"\u201eNailner teptukas 2 in 1\u201c\"\n  >\n  <figure class=\"product-card-image\" data-testid=\"product-image\">\n                          <img decoding=\"async\" src=\"https:\/\/nailner.com\/cdn-cgi\/image\/width=700,format=auto\/app\/uploads\/sites\/11\/2022\/08\/nailner-brush-2in1-baltics.png\"\n        srcset=\"https:\/\/nailner.com\/cdn-cgi\/image\/width=250,format=auto\/app\/uploads\/sites\/11\/2022\/08\/nailner-brush-2in1-baltics.png 250w,\n                https:\/\/nailner.com\/cdn-cgi\/image\/width=500,format=auto\/app\/uploads\/sites\/11\/2022\/08\/nailner-brush-2in1-baltics.png 500w,\n                https:\/\/nailner.com\/cdn-cgi\/image\/width=700,format=auto\/app\/uploads\/sites\/11\/2022\/08\/nailner-brush-2in1-baltics.png 700w\"\n        sizes=\"(max-width: 400px) 250px, (max-width: 800px) 500px, 700px\"\n        alt=\"-nailner-brush-2in1-baltics\"\n        class=\"img\">\n            <\/figure>\n    <div class=\"product-card-content\">\n      <div class=\"heading-wrapper\">\n        <h2 class=\"heading\">\u201eNailner teptukas 2 in 1\u201c<\/h2>\n      <\/div>\n      <div class=\"product-card-description\">\u0160viesinamasis poveikis<\/div>\n                      <\/div>\n  <\/a>\n          <div class=\"button-wrapper buy-now \" data-testid=\"buy-now\">\n      <div class=\"buy-now-container dropdown-container\">\n      <div class=\"theme-button button-primary-color dropdown-link\" aria-label=\"Pirkti dabar\">\n          Pirkti dabar <i class=\"dropdown\"><\/i>\n      <\/div>\n      <ul class=\"reseller-list submenu\">\n                    <li>\n              <a\n                href=\"https:\/\/camelia.lt\/medicinos-priemone\/97159-teptukas-nailner-nagu-grybeliui-gydyti-5ml-8718053573960.html\" onclick=\"dataLayer.push({'event':'ga_event', 'eventCategory':'Click on Reseller', 'eventAction':'Camelia', 'eventLabel':'\u201eNailner teptukas 2 in 1\u201c', 'eventValue': undefined})\" rel=\"noopener\" target=\"_blank\" title=\"Camelia\"\n                data-testid=\"buy-now-reseller\">\n                <i class=\"fa-solid fa-arrow-right\"><\/i> Camelia\n              <\/a>\n          <\/li>\n                    <li>\n              <a\n                href=\"https:\/\/www.eurovaistine.lt\/nailner-teptukas-nagu-grybeliui-gydyti-5-ml\" onclick=\"dataLayer.push({'event':'ga_event', 'eventCategory':'Click on Reseller', 'eventAction':'Euro Vaistin\u00e8', 'eventLabel':'\u201eNailner teptukas 2 in 1\u201c', 'eventValue': undefined})\" rel=\"noopener\" target=\"_blank\" title=\"Euro Vaistin\u00e8\"\n                data-testid=\"buy-now-reseller\">\n                <i class=\"fa-solid fa-arrow-right\"><\/i> Euro Vaistin\u00e8\n              <\/a>\n          <\/li>\n                    <li>\n              <a\n                href=\"https:\/\/www.gintarine.lt\/nailner-2in1-teptukas-nuo-nagu-grybelio-5ml\" onclick=\"dataLayer.push({'event':'ga_event', 'eventCategory':'Click on Reseller', 'eventAction':'Gintarin\u0117 vaistin\u0117', 'eventLabel':'\u201eNailner teptukas 2 in 1\u201c', 'eventValue': undefined})\" rel=\"noopener\" target=\"_blank\" title=\"Gintarin\u0117 vaistin\u0117\"\n                data-testid=\"buy-now-reseller\">\n                <i class=\"fa-solid fa-arrow-right\"><\/i> Gintarin\u0117 vaistin\u0117\n              <\/a>\n          <\/li>\n                <\/ul>\n    <\/div>\n  <\/div>\n  <\/div>\n            <\/div>\n                      <div class=\"swiper-slide\">\n              <div class=\"product-card\" data-testid=\"product-card\">\n  <a\n    href=https:\/\/nailner.com\/lt\/produktas\/nailner-piestukas\/\n    class=\"product-card-link\"\n    title=\"\u201eNailner pie\u0161tukas 2 in 1\u201c\"\n  >\n  <figure class=\"product-card-image\" data-testid=\"product-image\">\n                          <img decoding=\"async\" src=\"https:\/\/nailner.com\/cdn-cgi\/image\/width=700,format=auto\/app\/uploads\/sites\/11\/2022\/08\/nailner-pen-2in1-baltics.png\"\n        srcset=\"https:\/\/nailner.com\/cdn-cgi\/image\/width=250,format=auto\/app\/uploads\/sites\/11\/2022\/08\/nailner-pen-2in1-baltics.png 250w,\n                https:\/\/nailner.com\/cdn-cgi\/image\/width=500,format=auto\/app\/uploads\/sites\/11\/2022\/08\/nailner-pen-2in1-baltics.png 500w,\n                https:\/\/nailner.com\/cdn-cgi\/image\/width=700,format=auto\/app\/uploads\/sites\/11\/2022\/08\/nailner-pen-2in1-baltics.png 700w\"\n        sizes=\"(max-width: 400px) 250px, (max-width: 800px) 500px, 700px\"\n        alt=\"nailner-pen-2in1-baltics\"\n        class=\"img\">\n            <\/figure>\n    <div class=\"product-card-content\">\n      <div class=\"heading-wrapper\">\n        <h2 class=\"heading\">\u201eNailner pie\u0161tukas 2 in 1\u201c<\/h2>\n      <\/div>\n      <div class=\"product-card-description\">Gydo ir akivaizd\u017eiai pa\u0161viesina nag\u0105 vos per 7 dienas<\/div>\n                      <\/div>\n  <\/a>\n          <div class=\"button-wrapper buy-now \" data-testid=\"buy-now\">\n      <div class=\"buy-now-container dropdown-container\">\n      <div class=\"theme-button button-primary-color dropdown-link\" aria-label=\"Pirkti dabar\">\n          Pirkti dabar <i class=\"dropdown\"><\/i>\n      <\/div>\n      <ul class=\"reseller-list submenu\">\n                    <li>\n              <a\n                href=\"https:\/\/www.eurovaistine.lt\/nailner-piestukas-nagu-grybeliui-gydyti-2-in-1-4-ml?c=3453\" onclick=\"dataLayer.push({'event':'ga_event', 'eventCategory':'Click on Reseller', 'eventAction':'Euro Vaistin\u00e9', 'eventLabel':'\u201eNailner pie\u0161tukas 2 in 1\u201c', 'eventValue': undefined})\" rel=\"noopener\" target=\"_blank\" title=\"Euro Vaistin\u00e9\"\n                data-testid=\"buy-now-reseller\">\n                <i class=\"fa-solid fa-arrow-right\"><\/i> Euro Vaistin\u00e9\n              <\/a>\n          <\/li>\n                    <li>\n              <a\n                href=\"https:\/\/www.gintarine.lt\/nailner-2in1-piestukas-nuo-nagu-grybelio-4-ml\" onclick=\"dataLayer.push({'event':'ga_event', 'eventCategory':'Click on Reseller', 'eventAction':'Gintarin\u0117 vaistin\u0117', 'eventLabel':'\u201eNailner pie\u0161tukas 2 in 1\u201c', 'eventValue': undefined})\" rel=\"noopener\" target=\"_blank\" title=\"Gintarin\u0117 vaistin\u0117\"\n                data-testid=\"buy-now-reseller\">\n                <i class=\"fa-solid fa-arrow-right\"><\/i> Gintarin\u0117 vaistin\u0117\n              <\/a>\n          <\/li>\n                <\/ul>\n    <\/div>\n  <\/div>\n  <\/div>\n            <\/div>\n                      <div class=\"swiper-slide\">\n              <div class=\"product-card\" data-testid=\"product-card\">\n  <a\n    href=https:\/\/nailner.com\/lt\/produktas\/nailner-treat-colour\/\n    class=\"product-card-link\"\n    title=\"\u201eNailner Treat &#038; Colour\u201c\"\n  >\n  <figure class=\"product-card-image\" data-testid=\"product-image\">\n                          <img decoding=\"async\" src=\"https:\/\/nailner.com\/cdn-cgi\/image\/width=700,format=auto\/app\/uploads\/sites\/11\/2022\/11\/treat-and-colour.png\"\n        srcset=\"https:\/\/nailner.com\/cdn-cgi\/image\/width=250,format=auto\/app\/uploads\/sites\/11\/2022\/11\/treat-and-colour.png 250w,\n                https:\/\/nailner.com\/cdn-cgi\/image\/width=500,format=auto\/app\/uploads\/sites\/11\/2022\/11\/treat-and-colour.png 500w,\n                https:\/\/nailner.com\/cdn-cgi\/image\/width=700,format=auto\/app\/uploads\/sites\/11\/2022\/11\/treat-and-colour.png 700w\"\n        sizes=\"(max-width: 400px) 250px, (max-width: 800px) 500px, 700px\"\n        alt=\"Nailner treat and colour\"\n        class=\"img\">\n            <\/figure>\n    <div class=\"product-card-content\">\n      <div class=\"heading-wrapper\">\n        <h2 class=\"heading\">\u201eNailner Treat &#038; Colour\u201c<\/h2>\n      <\/div>\n      <div class=\"product-card-description\">Gydymas + Nag\u0173 lakas<\/div>\n                      <\/div>\n  <\/a>\n          <div class=\"button-wrapper buy-now \" data-testid=\"buy-now\">\n      <div class=\"buy-now-container dropdown-container\">\n      <div class=\"theme-button button-primary-color dropdown-link\" aria-label=\"Pirkti dabar\">\n          Pirkti dabar <i class=\"dropdown\"><\/i>\n      <\/div>\n      <ul class=\"reseller-list submenu\">\n                    <li>\n              <a\n                href=\"https:\/\/camelia.lt\/medicinos-priemone\/107105-teptukas-ir-lakas-nailner-treatcolour-nagu-grybeliui-gydyti-5ml-5ml-8718053575513.html\" onclick=\"dataLayer.push({'event':'ga_event', 'eventCategory':'Click on Reseller', 'eventAction':'Camelia', 'eventLabel':'\u201eNailner Treat &amp; Colour\u201c', 'eventValue': undefined})\" rel=\"noopener\" target=\"_blank\" title=\"Camelia\"\n                data-testid=\"buy-now-reseller\">\n                <i class=\"fa-solid fa-arrow-right\"><\/i> Camelia\n              <\/a>\n          <\/li>\n                    <li>\n              <a\n                href=\"https:\/\/www.eurovaistine.lt\/nailner-teptukas-nagu-grybeliui-gydyti-treat-colour-5-ml?c=3453\" onclick=\"dataLayer.push({'event':'ga_event', 'eventCategory':'Click on Reseller', 'eventAction':'Euro Vaistin\u00e9', 'eventLabel':'\u201eNailner Treat &amp; Colour\u201c', 'eventValue': undefined})\" rel=\"noopener\" target=\"_blank\" title=\"Euro Vaistin\u00e9\"\n                data-testid=\"buy-now-reseller\">\n                <i class=\"fa-solid fa-arrow-right\"><\/i> Euro Vaistin\u00e9\n              <\/a>\n          <\/li>\n                    <li>\n              <a\n                href=\"https:\/\/www.gintarine.lt\/nailner-treatcolour-priemone-nuo-grybelio-infekcijos-su-orui-laidziu-nagu-laku-2x5-ml\" onclick=\"dataLayer.push({'event':'ga_event', 'eventCategory':'Click on Reseller', 'eventAction':'Gintarin\u0117 vaistin\u0117', 'eventLabel':'\u201eNailner Treat &amp; Colour\u201c', 'eventValue': undefined})\" rel=\"noopener\" target=\"_blank\" title=\"Gintarin\u0117 vaistin\u0117\"\n                data-testid=\"buy-now-reseller\">\n                <i class=\"fa-solid fa-arrow-right\"><\/i> Gintarin\u0117 vaistin\u0117\n              <\/a>\n          <\/li>\n                <\/ul>\n    <\/div>\n  <\/div>\n  <\/div>\n            <\/div>\n                  <\/div>\n        <div class=\"swiper-scrollbar\"><\/div>\n      <\/div>\n    <\/div>\n  <\/div>\n","protected":false},"excerpt":{"rendered":"","protected":false},"author":3,"featured_media":312,"parent":0,"menu_order":0,"comment_status":"closed","ping_status":"closed","template":"","meta":{"_acf_changed":false,"footnotes":""},"from-article-database":[],"class_list":["post-5","page","type-page","status-publish","has-post-thumbnail","hentry"],"acf":[],"yoast_head":"<!-- This site is optimized with the Yoast SEO plugin v26.6 - https:\/\/yoast.com\/wordpress\/plugins\/seo\/ -->\n<title>Nailner - Nailner<\/title>\n<meta name=\"description\" content=\"Atsiradus nag\u0173 grybeliui norisi kuo grei\u010diau ir papras\u010diau atsikratyti \u0161ios problemos ir v\u0117l tur\u0117ti sveikai atrodan\u010dius nagus. D\u0117l \u0161ios prie\u017easties \u201eNailner\u201c nag\u0173 grybelio gydymo priemon\u0117s greitai \u012fsiskverbia \u012f nag\u0105\" \/>\n<meta name=\"robots\" content=\"index, follow, max-snippet:-1, max-image-preview:large, max-video-preview:-1\" \/>\n<link rel=\"canonical\" href=\"https:\/\/nailner.com\/lt\/\" \/>\n<meta property=\"og:locale\" content=\"lt_LT\" \/>\n<meta property=\"og:type\" content=\"article\" \/>\n<meta property=\"og:title\" content=\"Nailner - Nailner\" \/>\n<meta property=\"og:description\" content=\"Atsiradus nag\u0173 grybeliui norisi kuo grei\u010diau ir papras\u010diau atsikratyti \u0161ios problemos ir v\u0117l tur\u0117ti sveikai atrodan\u010dius nagus. D\u0117l \u0161ios prie\u017easties \u201eNailner\u201c nag\u0173 grybelio gydymo priemon\u0117s greitai \u012fsiskverbia \u012f nag\u0105\" \/>\n<meta property=\"og:url\" content=\"https:\/\/nailner.com\/lt\/\" \/>\n<meta property=\"og:site_name\" content=\"Nailner\" \/>\n<meta property=\"article:modified_time\" content=\"2025-04-30T07:50:54+00:00\" \/>\n<meta property=\"og:image\" content=\"https:\/\/nailner.com\/app\/uploads\/sites\/11\/2022\/11\/Nailner-2-In-1-ee.png\" \/>\n\t<meta property=\"og:image:width\" content=\"758\" \/>\n\t<meta property=\"og:image:height\" content=\"736\" \/>\n\t<meta property=\"og:image:type\" content=\"image\/png\" \/>\n<meta name=\"twitter:card\" content=\"summary_large_image\" \/>\n<meta name=\"twitter:label1\" content=\"Est. reading time\" \/>\n\t<meta name=\"twitter:data1\" content=\"1 minut\u0117\" \/>\n<script type=\"application\/ld+json\" class=\"yoast-schema-graph\">{\"@context\":\"https:\/\/schema.org\",\"@graph\":[{\"@type\":\"WebPage\",\"@id\":\"https:\/\/nailner.com\/lt\/\",\"url\":\"https:\/\/nailner.com\/lt\/\",\"name\":\"Nailner - Nailner\",\"isPartOf\":{\"@id\":\"https:\/\/nailner.com\/lt\/#website\"},\"primaryImageOfPage\":{\"@id\":\"https:\/\/nailner.com\/lt\/#primaryimage\"},\"image\":{\"@id\":\"https:\/\/nailner.com\/lt\/#primaryimage\"},\"thumbnailUrl\":\"https:\/\/nailner.com\/app\/uploads\/sites\/11\/2022\/11\/Nailner-2-In-1-ee.png\",\"datePublished\":\"2022-08-16T09:30:10+00:00\",\"dateModified\":\"2025-04-30T07:50:54+00:00\",\"description\":\"Atsiradus nag\u0173 grybeliui norisi kuo grei\u010diau ir papras\u010diau atsikratyti \u0161ios problemos ir v\u0117l tur\u0117ti sveikai atrodan\u010dius nagus. D\u0117l \u0161ios prie\u017easties \u201eNailner\u201c nag\u0173 grybelio gydymo priemon\u0117s greitai \u012fsiskverbia \u012f nag\u0105\",\"breadcrumb\":{\"@id\":\"https:\/\/nailner.com\/lt\/#breadcrumb\"},\"inLanguage\":\"lt-LT\",\"potentialAction\":[{\"@type\":\"ReadAction\",\"target\":[\"https:\/\/nailner.com\/lt\/\"]}]},{\"@type\":\"ImageObject\",\"inLanguage\":\"lt-LT\",\"@id\":\"https:\/\/nailner.com\/lt\/#primaryimage\",\"url\":\"https:\/\/nailner.com\/app\/uploads\/sites\/11\/2022\/11\/Nailner-2-In-1-ee.png\",\"contentUrl\":\"https:\/\/nailner.com\/app\/uploads\/sites\/11\/2022\/11\/Nailner-2-In-1-ee.png\",\"width\":758,\"height\":736,\"caption\":\"Nailner-2-In-1\"},{\"@type\":\"BreadcrumbList\",\"@id\":\"https:\/\/nailner.com\/lt\/#breadcrumb\",\"itemListElement\":[{\"@type\":\"ListItem\",\"position\":1,\"name\":\"Home\",\"item\":\"https:\/\/nailner.com\/lt\/\"},{\"@type\":\"ListItem\",\"position\":2,\"name\":\"Nailner\"}]},{\"@type\":\"WebSite\",\"@id\":\"https:\/\/nailner.com\/lt\/#website\",\"url\":\"https:\/\/nailner.com\/lt\/\",\"name\":\"Nailner\",\"description\":\"\",\"publisher\":{\"@id\":\"https:\/\/nailner.com\/lt\/#organization\"},\"potentialAction\":[{\"@type\":\"SearchAction\",\"target\":{\"@type\":\"EntryPoint\",\"urlTemplate\":\"https:\/\/nailner.com\/lt\/?s={search_term_string}\"},\"query-input\":{\"@type\":\"PropertyValueSpecification\",\"valueRequired\":true,\"valueName\":\"search_term_string\"}}],\"inLanguage\":\"lt-LT\"},{\"@type\":\"Organization\",\"@id\":\"https:\/\/nailner.com\/lt\/#organization\",\"name\":\"Nailner\",\"url\":\"https:\/\/nailner.com\/lt\/\",\"logo\":{\"@type\":\"ImageObject\",\"inLanguage\":\"lt-LT\",\"@id\":\"https:\/\/nailner.com\/lt\/#\/schema\/logo\/image\/\",\"url\":\"https:\/\/nailner.com\/app\/uploads\/sites\/11\/2025\/04\/Nailner-logo.png\",\"contentUrl\":\"https:\/\/nailner.com\/app\/uploads\/sites\/11\/2025\/04\/Nailner-logo.png\",\"width\":134,\"height\":32,\"caption\":\"Nailner\"},\"image\":{\"@id\":\"https:\/\/nailner.com\/lt\/#\/schema\/logo\/image\/\"}}]}<\/script>\n<!-- \/ Yoast SEO plugin. -->","yoast_head_json":{"title":"Nailner - Nailner","description":"Atsiradus nag\u0173 grybeliui norisi kuo grei\u010diau ir papras\u010diau atsikratyti \u0161ios problemos ir v\u0117l tur\u0117ti sveikai atrodan\u010dius nagus. D\u0117l \u0161ios prie\u017easties \u201eNailner\u201c nag\u0173 grybelio gydymo priemon\u0117s greitai \u012fsiskverbia \u012f nag\u0105","robots":{"index":"index","follow":"follow","max-snippet":"max-snippet:-1","max-image-preview":"max-image-preview:large","max-video-preview":"max-video-preview:-1"},"canonical":"https:\/\/nailner.com\/lt\/","og_locale":"lt_LT","og_type":"article","og_title":"Nailner - Nailner","og_description":"Atsiradus nag\u0173 grybeliui norisi kuo grei\u010diau ir papras\u010diau atsikratyti \u0161ios problemos ir v\u0117l tur\u0117ti sveikai atrodan\u010dius nagus. D\u0117l \u0161ios prie\u017easties \u201eNailner\u201c nag\u0173 grybelio gydymo priemon\u0117s greitai \u012fsiskverbia \u012f nag\u0105","og_url":"https:\/\/nailner.com\/lt\/","og_site_name":"Nailner","article_modified_time":"2025-04-30T07:50:54+00:00","og_image":[{"width":758,"height":736,"url":"https:\/\/nailner.com\/app\/uploads\/sites\/11\/2022\/11\/Nailner-2-In-1-ee.png","type":"image\/png"}],"twitter_card":"summary_large_image","twitter_misc":{"Est. reading time":"1 minut\u0117"},"schema":{"@context":"https:\/\/schema.org","@graph":[{"@type":"WebPage","@id":"https:\/\/nailner.com\/lt\/","url":"https:\/\/nailner.com\/lt\/","name":"Nailner - Nailner","isPartOf":{"@id":"https:\/\/nailner.com\/lt\/#website"},"primaryImageOfPage":{"@id":"https:\/\/nailner.com\/lt\/#primaryimage"},"image":{"@id":"https:\/\/nailner.com\/lt\/#primaryimage"},"thumbnailUrl":"https:\/\/nailner.com\/app\/uploads\/sites\/11\/2022\/11\/Nailner-2-In-1-ee.png","datePublished":"2022-08-16T09:30:10+00:00","dateModified":"2025-04-30T07:50:54+00:00","description":"Atsiradus nag\u0173 grybeliui norisi kuo grei\u010diau ir papras\u010diau atsikratyti \u0161ios problemos ir v\u0117l tur\u0117ti sveikai atrodan\u010dius nagus. D\u0117l \u0161ios prie\u017easties \u201eNailner\u201c nag\u0173 grybelio gydymo priemon\u0117s greitai \u012fsiskverbia \u012f nag\u0105","breadcrumb":{"@id":"https:\/\/nailner.com\/lt\/#breadcrumb"},"inLanguage":"lt-LT","potentialAction":[{"@type":"ReadAction","target":["https:\/\/nailner.com\/lt\/"]}]},{"@type":"ImageObject","inLanguage":"lt-LT","@id":"https:\/\/nailner.com\/lt\/#primaryimage","url":"https:\/\/nailner.com\/app\/uploads\/sites\/11\/2022\/11\/Nailner-2-In-1-ee.png","contentUrl":"https:\/\/nailner.com\/app\/uploads\/sites\/11\/2022\/11\/Nailner-2-In-1-ee.png","width":758,"height":736,"caption":"Nailner-2-In-1"},{"@type":"BreadcrumbList","@id":"https:\/\/nailner.com\/lt\/#breadcrumb","itemListElement":[{"@type":"ListItem","position":1,"name":"Home","item":"https:\/\/nailner.com\/lt\/"},{"@type":"ListItem","position":2,"name":"Nailner"}]},{"@type":"WebSite","@id":"https:\/\/nailner.com\/lt\/#website","url":"https:\/\/nailner.com\/lt\/","name":"Nailner","description":"","publisher":{"@id":"https:\/\/nailner.com\/lt\/#organization"},"potentialAction":[{"@type":"SearchAction","target":{"@type":"EntryPoint","urlTemplate":"https:\/\/nailner.com\/lt\/?s={search_term_string}"},"query-input":{"@type":"PropertyValueSpecification","valueRequired":true,"valueName":"search_term_string"}}],"inLanguage":"lt-LT"},{"@type":"Organization","@id":"https:\/\/nailner.com\/lt\/#organization","name":"Nailner","url":"https:\/\/nailner.com\/lt\/","logo":{"@type":"ImageObject","inLanguage":"lt-LT","@id":"https:\/\/nailner.com\/lt\/#\/schema\/logo\/image\/","url":"https:\/\/nailner.com\/app\/uploads\/sites\/11\/2025\/04\/Nailner-logo.png","contentUrl":"https:\/\/nailner.com\/app\/uploads\/sites\/11\/2025\/04\/Nailner-logo.png","width":134,"height":32,"caption":"Nailner"},"image":{"@id":"https:\/\/nailner.com\/lt\/#\/schema\/logo\/image\/"}}]}},"_links":{"self":[{"href":"https:\/\/nailner.com\/lt\/wp-json\/wp\/v2\/pages\/5","targetHints":{"allow":["GET"]}}],"collection":[{"href":"https:\/\/nailner.com\/lt\/wp-json\/wp\/v2\/pages"}],"about":[{"href":"https:\/\/nailner.com\/lt\/wp-json\/wp\/v2\/types\/page"}],"author":[{"embeddable":true,"href":"https:\/\/nailner.com\/lt\/wp-json\/wp\/v2\/users\/3"}],"replies":[{"embeddable":true,"href":"https:\/\/nailner.com\/lt\/wp-json\/wp\/v2\/comments?post=5"}],"version-history":[{"count":10,"href":"https:\/\/nailner.com\/lt\/wp-json\/wp\/v2\/pages\/5\/revisions"}],"predecessor-version":[{"id":337,"href":"https:\/\/nailner.com\/lt\/wp-json\/wp\/v2\/pages\/5\/revisions\/337"}],"wp:featuredmedia":[{"embeddable":true,"href":"https:\/\/nailner.com\/lt\/wp-json\/wp\/v2\/media\/312"}],"wp:attachment":[{"href":"https:\/\/nailner.com\/lt\/wp-json\/wp\/v2\/media?parent=5"}],"wp:term":[{"taxonomy":"from-article-database","embeddable":true,"href":"https:\/\/nailner.com\/lt\/wp-json\/wp\/v2\/from-article-database?post=5"}],"curies":[{"name":"wp","href":"https:\/\/api.w.org\/{rel}","templated":true}]}}