{"id":50,"date":"2022-08-16T15:02:13","date_gmt":"2022-08-16T12:02:13","guid":{"rendered":"https:\/\/nailner.com\/lt\/?page_id=50"},"modified":"2025-04-30T10:50:48","modified_gmt":"2025-04-30T07:50:48","slug":"apie-nailner","status":"publish","type":"page","link":"https:\/\/nailner.com\/lt\/apie-nailner\/","title":{"rendered":"Apie \u201eNailner\u201c"},"content":{"rendered":"\n<div class=\"wp-block-karopharma-background-image-with-text-v2 background-image-with-text-v2 undefined content-position-center fixed-height-layout\" datatest=\"root\"><div class=\"background-image-with-text-wrapper\"><picture class=\"background-image-with-text-image\"><source media=\"(max-width: 560px)\" srcset=\"https:\/\/nailner.com\/cdn-cgi\/image\/format=auto,width=560\/app\/uploads\/sites\/11\/2022\/11\/Hero-Image-3.jpg\"\/><source media=\"(max-width: 800px)\" srcset=\"https:\/\/nailner.com\/cdn-cgi\/image\/format=auto,width=800\/app\/uploads\/sites\/11\/2022\/11\/Hero-Image-3.jpg\"\/><source media=\"(max-width: 1920px)\" srcset=\"https:\/\/nailner.com\/cdn-cgi\/image\/format=auto,width=1920\/app\/uploads\/sites\/11\/2022\/11\/Hero-Image-3.jpg\"\/><img decoding=\"async\" width=\"1920\" height=\"749\" datatest=\"background-image\" loading=\"lazy\" class=\"object-center object-cover\" src=\"https:\/\/nailner.com\/cdn-cgi\/image\/format=auto\/app\/uploads\/sites\/11\/2022\/11\/Hero-Image-3.jpg\" alt=\"Nailner\"\/><\/picture><div datatest=\"content-wrapper\" class=\"background-image-with-text-content-wrapper container max-w-medium text-alignment-left  pt-large pb-large\"><div class=\"content\">\n<div class=\"wp-block-buttons is-layout-flex wp-block-buttons-is-layout-flex\"><\/div>\n<\/div><\/div><\/div><\/div>\n\n\n\n<div class=\"wp-block-karopharma-free-text pt-large pb-large bg-center bg-contain bg-no-repeat  undefined is-style-secondary\" style=\"background-image:url()\"><div class=\"free-text-wrapper container max-w-medium text-center\">\n<h1 class=\"is-style-heading-huge wp-block-heading\" id=\"about-nailner\">Apie \u201eNailner\u201c<\/h1>\n\n\n\n<p class=\"is-style-paragraph-preamble\">Atsiradus nag\u0173 grybeliui norisi kuo grei\u010diau ir papras\u010diau atsikratyti \u0161ios problemos ir v\u0117l tur\u0117ti sveikai atrodan\u010dius nagus.<\/p>\n\n\n\n<p>&#8222;Nailner&#8221; nag\u0173 grybelio gydymo priemon\u0117s greitai \u012fsiskverbia \u012f nag\u0105, o klini\u0161kai \u012frodytas j\u0173 veiksmingumas padeda gydant ir apsaugant nagus nuo nag\u0173 grybelio. Si\u016blome produktus gerinan\u010dius nag\u0173 i\u0161vaizd\u0105 vos per 7 dienas bei padedan\u010dius pasl\u0117pti nag\u0173 grybel\u012f ir i\u0161 karto pa\u0161alinti pakitusi\u0105 nag\u0173 spalv\u0105.<\/p>\n\n\n\n<p>Visiems, norintiems nat\u016brali\u0173 ar spalvot\u0173, sveikiau atrodan\u010di\u0173 nag\u0173 ar tiesiog siekiantiems i\u0161gydyti sukelt\u0105 infekcij\u0105, &#8222;Nailner&#8221; turi b\u016btent tam skirt\u0105 produkt\u0105.<\/p>\n<\/div><\/div>\n\n\n\n<div class=\"wp-block-karopharma-accordions\"><div class=\"container\">\n<details class=\"wp-block-karopharma-accordion\"><summary><h2 class=\"accordion-title\">Kiek laiko trunka gydymas?<\/h2><\/summary><div class=\"accordion-content\">\n<p>Gydymo laikotarpis infekcijai i\u0161naikinti paprastai u\u017etrunka 12 savai\u010di\u0173, ta\u010diau naujas nagas dar tur\u0117s ataugti, o tai gali u\u017etrukti iki 12 m\u0117nesi\u0173.<\/p>\n<\/div><\/details>\n\n\n\n<details class=\"wp-block-karopharma-accordion\"><summary><h2 class=\"accordion-title\">Kada nagas prad\u0117s atrodyti sveikiau?<\/h2><\/summary><div class=\"accordion-content\">\n<p>Skirtingai nuo daugelio kit\u0173 gydymo b\u016bd\u0173, \u201eNailner\u201c produktai greitai pagerina nago i\u0161vaizd\u0105 arba gydo ir u\u017emaskuoja negra\u017eiai atrodan\u010dius nagus, kad dar gydymo metu gal\u0117tum\u0117te tur\u0117ti sveikai ir gra\u017eiai atrodan\u010dius nagus.<\/p>\n<\/div><\/details>\n\n\n\n<details class=\"wp-block-karopharma-accordion\"><summary><h2 class=\"accordion-title\">Ar prie\u0161 taikant gydym\u0105 reikia nudildyti nag\u0105?<\/h2><\/summary><div class=\"accordion-content\">\n<p>Visi \u201eNailner\u201c produktai yra lengvai ir paprastai naudojami. U\u017etruksite tik 1-2 minutes per dien\u0105, o prie\u0161 tepant produkt\u0105, nago dildyti nereik\u0117s.<\/p>\n<\/div><\/details>\n\n\n\n<details class=\"wp-block-karopharma-accordion\"><summary><h2 class=\"accordion-title\">Kaip veikia gydymas su \u201eNailner\u201c?<\/h2><\/summary><div class=\"accordion-content\">\n<p>Visi \u201eNailner\u201c produktai veikia giliai prasiskverbdami \u012f nago keratino sluoksn\u012f ir suma\u017eindami u\u017ekr\u0117sto nago pH lyg\u012f. Tai sukuria nepalanki\u0105 aplink\u0105 grybeliui, pa\u0161alina infekcij\u0105 ir neleid\u017eia jai plisti ant kit\u0173 nag\u0173 ar gr\u012f\u017eti atgal. \u201eNailner\u201c produktuose taip pat yra nag\u0105 dr\u0117kinan\u010di\u0173 komponent\u0173, kurie pagerina pa\u017eeist\u0173 nag\u0173 b\u016bkl\u0119. Papras\u010diausiai u\u017etepkite tirpal\u0105 pateiktu teptuku arba pie\u0161tuku ir viskas, prie\u0161 tepant produkt\u0105 net nereikia dildyti nago. Klinikini\u0173 tyrim\u0173 metu visi pacientai buvo i\u0161gydyti nuo nag\u0173 grybelio naudodami \u201eNailner\u201c kiekvien\u0105 dien\u0105 12 savai\u010di\u0173. \u201eNailner\u201c sud\u0117tyje yra komponent\u0173, kurie nepa\u017eeid\u017eia nago, tod\u0117l jis gali b\u016bti naudojamas tiek nag\u0173 grybelio gydymui, tiek profilakti\u0161kai.<\/p>\n<\/div><\/details>\n<\/div><\/div>\n\n\n\n<div class=\"wp-block-karopharma-free-text pt-large pb-large bg-center bg-contain bg-no-repeat  undefined\" style=\"background-image:url()\"><div class=\"free-text-wrapper container max-w-medium text-left\">\n<h2 class=\"is-style-heading-h2 wp-block-heading\" id=\"nailner-treats-nail-fungus-through-two-crucial-actions\"><strong>\u201eNailner\u201c nag\u0173 grybel\u012f gydo dviem esminiais b\u016bdais:<\/strong><\/h2>\n\n\n\n<h3 class=\"is-style-heading-h4 wp-block-heading\" id=\"total-saturation-of-the-nail\">Nago prisotinimas:<\/h3>\n\n\n\n<p>Grybelis laikosi ne tik nago pavir\u0161iuje, bet ir visoje nago strukt\u016broje. \u201eNailner\u201c veiksmingai \u012fsiskverbia \u012f nag\u0105 ir j\u012f prisotina, taip pa\u0161alindamas vis\u0105 jame esant\u012f grybel\u012f. Jo veikliosios med\u017eiagos palie\u010dia ne tik nago pavir\u0161i\u0173, bet \u012fsiskverbia giliai nag\u0105.<\/p>\n\n\n\n<h3 class=\"is-style-heading-h4 wp-block-heading\" id=\"total-saturation-of-the-nail\">pH lygio ma\u017einimas siekiant sunaikinti grybel\u012f:<\/h3>\n\n\n\n<p>Yra \u012frodyta, kad grybeliui labiau tinka \u0161armin\u0117 pH aplinka. Grybelis i\u0161skiria med\u017eiagas, kurios suskaido keratin\u0105 ir sukelia gerai matomus pa\u017eeidimus, siejamus su nag\u0173 infekcijomis. \u201eNailner\u201c sud\u0117tyje yra pieno r\u016bg\u0161ties, kuri ma\u017eina pH lyg\u012f ir sukuria nepalanki\u0105 aplink\u0105 grybeliams i\u0161gyventi.<\/p>\n<\/div><\/div>\n\n\n<div class=\"product-list wp-block-karopharma-product-list\" data-testid=\"product-list\">\n      <div class=\"swiper-container\">\n      <div class=\"swiper\">\n        <div class=\"swiper-wrapper\">\n                      <div class=\"swiper-slide\">\n              <div class=\"product-card\" data-testid=\"product-card\">\n  <a\n    href=https:\/\/nailner.com\/lt\/produktas\/nailner-teptukas\/\n    class=\"product-card-link\"\n    title=\"\u201eNailner teptukas 2 in 1\u201c\"\n  >\n  <figure class=\"product-card-image\" data-testid=\"product-image\">\n                          <img decoding=\"async\" src=\"https:\/\/nailner.com\/cdn-cgi\/image\/width=700,format=auto\/app\/uploads\/sites\/11\/2022\/08\/nailner-brush-2in1-baltics.png\"\n        srcset=\"https:\/\/nailner.com\/cdn-cgi\/image\/width=250,format=auto\/app\/uploads\/sites\/11\/2022\/08\/nailner-brush-2in1-baltics.png 250w,\n                https:\/\/nailner.com\/cdn-cgi\/image\/width=500,format=auto\/app\/uploads\/sites\/11\/2022\/08\/nailner-brush-2in1-baltics.png 500w,\n                https:\/\/nailner.com\/cdn-cgi\/image\/width=700,format=auto\/app\/uploads\/sites\/11\/2022\/08\/nailner-brush-2in1-baltics.png 700w\"\n        sizes=\"(max-width: 400px) 250px, (max-width: 800px) 500px, 700px\"\n        alt=\"-nailner-brush-2in1-baltics\"\n        class=\"img\">\n            <\/figure>\n    <div class=\"product-card-content\">\n      <div class=\"heading-wrapper\">\n        <h2 class=\"heading\">\u201eNailner teptukas 2 in 1\u201c<\/h2>\n      <\/div>\n      <div class=\"product-card-description\">\u0160viesinamasis poveikis<\/div>\n                      <\/div>\n  <\/a>\n          <div class=\"button-wrapper buy-now \" data-testid=\"buy-now\">\n      <div class=\"buy-now-container dropdown-container\">\n      <div class=\"theme-button button-primary-color dropdown-link\" aria-label=\"Pirkti dabar\">\n          Pirkti dabar <i class=\"dropdown\"><\/i>\n      <\/div>\n      <ul class=\"reseller-list submenu\">\n                    <li>\n              <a\n                href=\"https:\/\/camelia.lt\/medicinos-priemone\/97159-teptukas-nailner-nagu-grybeliui-gydyti-5ml-8718053573960.html\" onclick=\"dataLayer.push({'event':'ga_event', 'eventCategory':'Click on Reseller', 'eventAction':'Camelia', 'eventLabel':'\u201eNailner teptukas 2 in 1\u201c', 'eventValue': undefined})\" rel=\"noopener\" target=\"_blank\" title=\"Camelia\"\n                data-testid=\"buy-now-reseller\">\n                <i class=\"fa-solid fa-arrow-right\"><\/i> Camelia\n              <\/a>\n          <\/li>\n                    <li>\n              <a\n                href=\"https:\/\/www.eurovaistine.lt\/nailner-teptukas-nagu-grybeliui-gydyti-5-ml\" onclick=\"dataLayer.push({'event':'ga_event', 'eventCategory':'Click on Reseller', 'eventAction':'Euro Vaistin\u00e8', 'eventLabel':'\u201eNailner teptukas 2 in 1\u201c', 'eventValue': undefined})\" rel=\"noopener\" target=\"_blank\" title=\"Euro Vaistin\u00e8\"\n                data-testid=\"buy-now-reseller\">\n                <i class=\"fa-solid fa-arrow-right\"><\/i> Euro Vaistin\u00e8\n              <\/a>\n          <\/li>\n                    <li>\n              <a\n                href=\"https:\/\/www.gintarine.lt\/nailner-2in1-teptukas-nuo-nagu-grybelio-5ml\" onclick=\"dataLayer.push({'event':'ga_event', 'eventCategory':'Click on Reseller', 'eventAction':'Gintarin\u0117 vaistin\u0117', 'eventLabel':'\u201eNailner teptukas 2 in 1\u201c', 'eventValue': undefined})\" rel=\"noopener\" target=\"_blank\" title=\"Gintarin\u0117 vaistin\u0117\"\n                data-testid=\"buy-now-reseller\">\n                <i class=\"fa-solid fa-arrow-right\"><\/i> Gintarin\u0117 vaistin\u0117\n              <\/a>\n          <\/li>\n                <\/ul>\n    <\/div>\n  <\/div>\n  <\/div>\n            <\/div>\n                      <div class=\"swiper-slide\">\n              <div class=\"product-card\" data-testid=\"product-card\">\n  <a\n    href=https:\/\/nailner.com\/lt\/produktas\/nailner-piestukas\/\n    class=\"product-card-link\"\n    title=\"\u201eNailner pie\u0161tukas 2 in 1\u201c\"\n  >\n  <figure class=\"product-card-image\" data-testid=\"product-image\">\n                          <img decoding=\"async\" src=\"https:\/\/nailner.com\/cdn-cgi\/image\/width=700,format=auto\/app\/uploads\/sites\/11\/2022\/08\/nailner-pen-2in1-baltics.png\"\n        srcset=\"https:\/\/nailner.com\/cdn-cgi\/image\/width=250,format=auto\/app\/uploads\/sites\/11\/2022\/08\/nailner-pen-2in1-baltics.png 250w,\n                https:\/\/nailner.com\/cdn-cgi\/image\/width=500,format=auto\/app\/uploads\/sites\/11\/2022\/08\/nailner-pen-2in1-baltics.png 500w,\n                https:\/\/nailner.com\/cdn-cgi\/image\/width=700,format=auto\/app\/uploads\/sites\/11\/2022\/08\/nailner-pen-2in1-baltics.png 700w\"\n        sizes=\"(max-width: 400px) 250px, (max-width: 800px) 500px, 700px\"\n        alt=\"nailner-pen-2in1-baltics\"\n        class=\"img\">\n            <\/figure>\n    <div class=\"product-card-content\">\n      <div class=\"heading-wrapper\">\n        <h2 class=\"heading\">\u201eNailner pie\u0161tukas 2 in 1\u201c<\/h2>\n      <\/div>\n      <div class=\"product-card-description\">Gydo ir akivaizd\u017eiai pa\u0161viesina nag\u0105 vos per 7 dienas<\/div>\n                      <\/div>\n  <\/a>\n          <div class=\"button-wrapper buy-now \" data-testid=\"buy-now\">\n      <div class=\"buy-now-container dropdown-container\">\n      <div class=\"theme-button button-primary-color dropdown-link\" aria-label=\"Pirkti dabar\">\n          Pirkti dabar <i class=\"dropdown\"><\/i>\n      <\/div>\n      <ul class=\"reseller-list submenu\">\n                    <li>\n              <a\n                href=\"https:\/\/www.eurovaistine.lt\/nailner-piestukas-nagu-grybeliui-gydyti-2-in-1-4-ml?c=3453\" onclick=\"dataLayer.push({'event':'ga_event', 'eventCategory':'Click on Reseller', 'eventAction':'Euro Vaistin\u00e9', 'eventLabel':'\u201eNailner pie\u0161tukas 2 in 1\u201c', 'eventValue': undefined})\" rel=\"noopener\" target=\"_blank\" title=\"Euro Vaistin\u00e9\"\n                data-testid=\"buy-now-reseller\">\n                <i class=\"fa-solid fa-arrow-right\"><\/i> Euro Vaistin\u00e9\n              <\/a>\n          <\/li>\n                    <li>\n              <a\n                href=\"https:\/\/www.gintarine.lt\/nailner-2in1-piestukas-nuo-nagu-grybelio-4-ml\" onclick=\"dataLayer.push({'event':'ga_event', 'eventCategory':'Click on Reseller', 'eventAction':'Gintarin\u0117 vaistin\u0117', 'eventLabel':'\u201eNailner pie\u0161tukas 2 in 1\u201c', 'eventValue': undefined})\" rel=\"noopener\" target=\"_blank\" title=\"Gintarin\u0117 vaistin\u0117\"\n                data-testid=\"buy-now-reseller\">\n                <i class=\"fa-solid fa-arrow-right\"><\/i> Gintarin\u0117 vaistin\u0117\n              <\/a>\n          <\/li>\n                <\/ul>\n    <\/div>\n  <\/div>\n  <\/div>\n            <\/div>\n                      <div class=\"swiper-slide\">\n              <div class=\"product-card\" data-testid=\"product-card\">\n  <a\n    href=https:\/\/nailner.com\/lt\/produktas\/nailner-treat-colour\/\n    class=\"product-card-link\"\n    title=\"\u201eNailner Treat &#038; Colour\u201c\"\n  >\n  <figure class=\"product-card-image\" data-testid=\"product-image\">\n                          <img decoding=\"async\" src=\"https:\/\/nailner.com\/cdn-cgi\/image\/width=700,format=auto\/app\/uploads\/sites\/11\/2022\/11\/treat-and-colour.png\"\n        srcset=\"https:\/\/nailner.com\/cdn-cgi\/image\/width=250,format=auto\/app\/uploads\/sites\/11\/2022\/11\/treat-and-colour.png 250w,\n                https:\/\/nailner.com\/cdn-cgi\/image\/width=500,format=auto\/app\/uploads\/sites\/11\/2022\/11\/treat-and-colour.png 500w,\n                https:\/\/nailner.com\/cdn-cgi\/image\/width=700,format=auto\/app\/uploads\/sites\/11\/2022\/11\/treat-and-colour.png 700w\"\n        sizes=\"(max-width: 400px) 250px, (max-width: 800px) 500px, 700px\"\n        alt=\"Nailner treat and colour\"\n        class=\"img\">\n            <\/figure>\n    <div class=\"product-card-content\">\n      <div class=\"heading-wrapper\">\n        <h2 class=\"heading\">\u201eNailner Treat &#038; Colour\u201c<\/h2>\n      <\/div>\n      <div class=\"product-card-description\">Gydymas + Nag\u0173 lakas<\/div>\n                      <\/div>\n  <\/a>\n          <div class=\"button-wrapper buy-now \" data-testid=\"buy-now\">\n      <div class=\"buy-now-container dropdown-container\">\n      <div class=\"theme-button button-primary-color dropdown-link\" aria-label=\"Pirkti dabar\">\n          Pirkti dabar <i class=\"dropdown\"><\/i>\n      <\/div>\n      <ul class=\"reseller-list submenu\">\n                    <li>\n              <a\n                href=\"https:\/\/camelia.lt\/medicinos-priemone\/107105-teptukas-ir-lakas-nailner-treatcolour-nagu-grybeliui-gydyti-5ml-5ml-8718053575513.html\" onclick=\"dataLayer.push({'event':'ga_event', 'eventCategory':'Click on Reseller', 'eventAction':'Camelia', 'eventLabel':'\u201eNailner Treat &amp; Colour\u201c', 'eventValue': undefined})\" rel=\"noopener\" target=\"_blank\" title=\"Camelia\"\n                data-testid=\"buy-now-reseller\">\n                <i class=\"fa-solid fa-arrow-right\"><\/i> Camelia\n              <\/a>\n          <\/li>\n                    <li>\n              <a\n                href=\"https:\/\/www.eurovaistine.lt\/nailner-teptukas-nagu-grybeliui-gydyti-treat-colour-5-ml?c=3453\" onclick=\"dataLayer.push({'event':'ga_event', 'eventCategory':'Click on Reseller', 'eventAction':'Euro Vaistin\u00e9', 'eventLabel':'\u201eNailner Treat &amp; Colour\u201c', 'eventValue': undefined})\" rel=\"noopener\" target=\"_blank\" title=\"Euro Vaistin\u00e9\"\n                data-testid=\"buy-now-reseller\">\n                <i class=\"fa-solid fa-arrow-right\"><\/i> Euro Vaistin\u00e9\n              <\/a>\n          <\/li>\n                    <li>\n              <a\n                href=\"https:\/\/www.gintarine.lt\/nailner-treatcolour-priemone-nuo-grybelio-infekcijos-su-orui-laidziu-nagu-laku-2x5-ml\" onclick=\"dataLayer.push({'event':'ga_event', 'eventCategory':'Click on Reseller', 'eventAction':'Gintarin\u0117 vaistin\u0117', 'eventLabel':'\u201eNailner Treat &amp; Colour\u201c', 'eventValue': undefined})\" rel=\"noopener\" target=\"_blank\" title=\"Gintarin\u0117 vaistin\u0117\"\n                data-testid=\"buy-now-reseller\">\n                <i class=\"fa-solid fa-arrow-right\"><\/i> Gintarin\u0117 vaistin\u0117\n              <\/a>\n          <\/li>\n                <\/ul>\n    <\/div>\n  <\/div>\n  <\/div>\n            <\/div>\n                  <\/div>\n        <div class=\"swiper-scrollbar\"><\/div>\n      <\/div>\n    <\/div>\n  <\/div>\n","protected":false},"excerpt":{"rendered":"","protected":false},"author":3,"featured_media":0,"parent":0,"menu_order":0,"comment_status":"closed","ping_status":"closed","template":"","meta":{"_acf_changed":false,"footnotes":""},"from-article-database":[],"class_list":["post-50","page","type-page","status-publish","hentry"],"acf":[],"yoast_head":"<!-- This site is optimized with the Yoast SEO plugin v26.6 - https:\/\/yoast.com\/wordpress\/plugins\/seo\/ -->\n<title>Apie \u201eNailner\u201c - Nailner<\/title>\n<meta name=\"description\" content=\"Atsiradus nag\u0173 grybeliui norisi kuo grei\u010diau ir papras\u010diau atsikratyti \u0161ios problemos ir v\u0117l tur\u0117ti sveikai atrodan\u010dius nagus.\" \/>\n<meta name=\"robots\" content=\"index, follow, max-snippet:-1, max-image-preview:large, max-video-preview:-1\" \/>\n<link rel=\"canonical\" href=\"https:\/\/nailner.com\/lt\/apie-nailner\/\" \/>\n<meta property=\"og:locale\" content=\"lt_LT\" \/>\n<meta property=\"og:type\" content=\"article\" \/>\n<meta property=\"og:title\" content=\"Apie \u201eNailner\u201c - Nailner\" \/>\n<meta property=\"og:description\" content=\"Atsiradus nag\u0173 grybeliui norisi kuo grei\u010diau ir papras\u010diau atsikratyti \u0161ios problemos ir v\u0117l tur\u0117ti sveikai atrodan\u010dius nagus.\" \/>\n<meta property=\"og:url\" content=\"https:\/\/nailner.com\/lt\/apie-nailner\/\" \/>\n<meta property=\"og:site_name\" content=\"Nailner\" \/>\n<meta property=\"article:modified_time\" content=\"2025-04-30T07:50:48+00:00\" \/>\n<meta property=\"og:image\" content=\"https:\/\/nailner.com\/cdn-cgi\/image\/format=auto\/app\/uploads\/sites\/11\/2022\/11\/Hero-Image-3.jpg\" \/>\n<meta name=\"twitter:card\" content=\"summary_large_image\" \/>\n<meta name=\"twitter:label1\" content=\"Est. reading time\" \/>\n\t<meta name=\"twitter:data1\" content=\"3 minut\u0117s\" \/>\n<script type=\"application\/ld+json\" class=\"yoast-schema-graph\">{\"@context\":\"https:\/\/schema.org\",\"@graph\":[{\"@type\":\"WebPage\",\"@id\":\"https:\/\/nailner.com\/lt\/apie-nailner\/\",\"url\":\"https:\/\/nailner.com\/lt\/apie-nailner\/\",\"name\":\"Apie \u201eNailner\u201c - Nailner\",\"isPartOf\":{\"@id\":\"https:\/\/nailner.com\/lt\/#website\"},\"primaryImageOfPage\":{\"@id\":\"https:\/\/nailner.com\/lt\/apie-nailner\/#primaryimage\"},\"image\":{\"@id\":\"https:\/\/nailner.com\/lt\/apie-nailner\/#primaryimage\"},\"thumbnailUrl\":\"https:\/\/nailner.com\/cdn-cgi\/image\/format=auto\/app\/uploads\/sites\/11\/2022\/11\/Hero-Image-3.jpg\",\"datePublished\":\"2022-08-16T12:02:13+00:00\",\"dateModified\":\"2025-04-30T07:50:48+00:00\",\"description\":\"Atsiradus nag\u0173 grybeliui norisi kuo grei\u010diau ir papras\u010diau atsikratyti \u0161ios problemos ir v\u0117l tur\u0117ti sveikai atrodan\u010dius nagus.\",\"breadcrumb\":{\"@id\":\"https:\/\/nailner.com\/lt\/apie-nailner\/#breadcrumb\"},\"inLanguage\":\"lt-LT\",\"potentialAction\":[{\"@type\":\"ReadAction\",\"target\":[\"https:\/\/nailner.com\/lt\/apie-nailner\/\"]}]},{\"@type\":\"ImageObject\",\"inLanguage\":\"lt-LT\",\"@id\":\"https:\/\/nailner.com\/lt\/apie-nailner\/#primaryimage\",\"url\":\"https:\/\/nailner.com\/cdn-cgi\/image\/format=auto\/app\/uploads\/sites\/11\/2022\/11\/Hero-Image-3.jpg\",\"contentUrl\":\"https:\/\/nailner.com\/cdn-cgi\/image\/format=auto\/app\/uploads\/sites\/11\/2022\/11\/Hero-Image-3.jpg\"},{\"@type\":\"BreadcrumbList\",\"@id\":\"https:\/\/nailner.com\/lt\/apie-nailner\/#breadcrumb\",\"itemListElement\":[{\"@type\":\"ListItem\",\"position\":1,\"name\":\"Home\",\"item\":\"https:\/\/nailner.com\/lt\/\"},{\"@type\":\"ListItem\",\"position\":2,\"name\":\"Apie \u201eNailner\u201c\"}]},{\"@type\":\"WebSite\",\"@id\":\"https:\/\/nailner.com\/lt\/#website\",\"url\":\"https:\/\/nailner.com\/lt\/\",\"name\":\"Nailner\",\"description\":\"\",\"publisher\":{\"@id\":\"https:\/\/nailner.com\/lt\/#organization\"},\"potentialAction\":[{\"@type\":\"SearchAction\",\"target\":{\"@type\":\"EntryPoint\",\"urlTemplate\":\"https:\/\/nailner.com\/lt\/?s={search_term_string}\"},\"query-input\":{\"@type\":\"PropertyValueSpecification\",\"valueRequired\":true,\"valueName\":\"search_term_string\"}}],\"inLanguage\":\"lt-LT\"},{\"@type\":\"Organization\",\"@id\":\"https:\/\/nailner.com\/lt\/#organization\",\"name\":\"Nailner\",\"url\":\"https:\/\/nailner.com\/lt\/\",\"logo\":{\"@type\":\"ImageObject\",\"inLanguage\":\"lt-LT\",\"@id\":\"https:\/\/nailner.com\/lt\/#\/schema\/logo\/image\/\",\"url\":\"https:\/\/nailner.com\/app\/uploads\/sites\/11\/2025\/04\/Nailner-logo.png\",\"contentUrl\":\"https:\/\/nailner.com\/app\/uploads\/sites\/11\/2025\/04\/Nailner-logo.png\",\"width\":134,\"height\":32,\"caption\":\"Nailner\"},\"image\":{\"@id\":\"https:\/\/nailner.com\/lt\/#\/schema\/logo\/image\/\"}}]}<\/script>\n<!-- \/ Yoast SEO plugin. -->","yoast_head_json":{"title":"Apie \u201eNailner\u201c - Nailner","description":"Atsiradus nag\u0173 grybeliui norisi kuo grei\u010diau ir papras\u010diau atsikratyti \u0161ios problemos ir v\u0117l tur\u0117ti sveikai atrodan\u010dius nagus.","robots":{"index":"index","follow":"follow","max-snippet":"max-snippet:-1","max-image-preview":"max-image-preview:large","max-video-preview":"max-video-preview:-1"},"canonical":"https:\/\/nailner.com\/lt\/apie-nailner\/","og_locale":"lt_LT","og_type":"article","og_title":"Apie \u201eNailner\u201c - Nailner","og_description":"Atsiradus nag\u0173 grybeliui norisi kuo grei\u010diau ir papras\u010diau atsikratyti \u0161ios problemos ir v\u0117l tur\u0117ti sveikai atrodan\u010dius nagus.","og_url":"https:\/\/nailner.com\/lt\/apie-nailner\/","og_site_name":"Nailner","article_modified_time":"2025-04-30T07:50:48+00:00","og_image":[{"url":"https:\/\/nailner.com\/cdn-cgi\/image\/format=auto\/app\/uploads\/sites\/11\/2022\/11\/Hero-Image-3.jpg","type":"","width":"","height":""}],"twitter_card":"summary_large_image","twitter_misc":{"Est. reading time":"3 minut\u0117s"},"schema":{"@context":"https:\/\/schema.org","@graph":[{"@type":"WebPage","@id":"https:\/\/nailner.com\/lt\/apie-nailner\/","url":"https:\/\/nailner.com\/lt\/apie-nailner\/","name":"Apie \u201eNailner\u201c - Nailner","isPartOf":{"@id":"https:\/\/nailner.com\/lt\/#website"},"primaryImageOfPage":{"@id":"https:\/\/nailner.com\/lt\/apie-nailner\/#primaryimage"},"image":{"@id":"https:\/\/nailner.com\/lt\/apie-nailner\/#primaryimage"},"thumbnailUrl":"https:\/\/nailner.com\/cdn-cgi\/image\/format=auto\/app\/uploads\/sites\/11\/2022\/11\/Hero-Image-3.jpg","datePublished":"2022-08-16T12:02:13+00:00","dateModified":"2025-04-30T07:50:48+00:00","description":"Atsiradus nag\u0173 grybeliui norisi kuo grei\u010diau ir papras\u010diau atsikratyti \u0161ios problemos ir v\u0117l tur\u0117ti sveikai atrodan\u010dius nagus.","breadcrumb":{"@id":"https:\/\/nailner.com\/lt\/apie-nailner\/#breadcrumb"},"inLanguage":"lt-LT","potentialAction":[{"@type":"ReadAction","target":["https:\/\/nailner.com\/lt\/apie-nailner\/"]}]},{"@type":"ImageObject","inLanguage":"lt-LT","@id":"https:\/\/nailner.com\/lt\/apie-nailner\/#primaryimage","url":"https:\/\/nailner.com\/cdn-cgi\/image\/format=auto\/app\/uploads\/sites\/11\/2022\/11\/Hero-Image-3.jpg","contentUrl":"https:\/\/nailner.com\/cdn-cgi\/image\/format=auto\/app\/uploads\/sites\/11\/2022\/11\/Hero-Image-3.jpg"},{"@type":"BreadcrumbList","@id":"https:\/\/nailner.com\/lt\/apie-nailner\/#breadcrumb","itemListElement":[{"@type":"ListItem","position":1,"name":"Home","item":"https:\/\/nailner.com\/lt\/"},{"@type":"ListItem","position":2,"name":"Apie \u201eNailner\u201c"}]},{"@type":"WebSite","@id":"https:\/\/nailner.com\/lt\/#website","url":"https:\/\/nailner.com\/lt\/","name":"Nailner","description":"","publisher":{"@id":"https:\/\/nailner.com\/lt\/#organization"},"potentialAction":[{"@type":"SearchAction","target":{"@type":"EntryPoint","urlTemplate":"https:\/\/nailner.com\/lt\/?s={search_term_string}"},"query-input":{"@type":"PropertyValueSpecification","valueRequired":true,"valueName":"search_term_string"}}],"inLanguage":"lt-LT"},{"@type":"Organization","@id":"https:\/\/nailner.com\/lt\/#organization","name":"Nailner","url":"https:\/\/nailner.com\/lt\/","logo":{"@type":"ImageObject","inLanguage":"lt-LT","@id":"https:\/\/nailner.com\/lt\/#\/schema\/logo\/image\/","url":"https:\/\/nailner.com\/app\/uploads\/sites\/11\/2025\/04\/Nailner-logo.png","contentUrl":"https:\/\/nailner.com\/app\/uploads\/sites\/11\/2025\/04\/Nailner-logo.png","width":134,"height":32,"caption":"Nailner"},"image":{"@id":"https:\/\/nailner.com\/lt\/#\/schema\/logo\/image\/"}}]}},"_links":{"self":[{"href":"https:\/\/nailner.com\/lt\/wp-json\/wp\/v2\/pages\/50","targetHints":{"allow":["GET"]}}],"collection":[{"href":"https:\/\/nailner.com\/lt\/wp-json\/wp\/v2\/pages"}],"about":[{"href":"https:\/\/nailner.com\/lt\/wp-json\/wp\/v2\/types\/page"}],"author":[{"embeddable":true,"href":"https:\/\/nailner.com\/lt\/wp-json\/wp\/v2\/users\/3"}],"replies":[{"embeddable":true,"href":"https:\/\/nailner.com\/lt\/wp-json\/wp\/v2\/comments?post=50"}],"version-history":[{"count":6,"href":"https:\/\/nailner.com\/lt\/wp-json\/wp\/v2\/pages\/50\/revisions"}],"predecessor-version":[{"id":329,"href":"https:\/\/nailner.com\/lt\/wp-json\/wp\/v2\/pages\/50\/revisions\/329"}],"wp:attachment":[{"href":"https:\/\/nailner.com\/lt\/wp-json\/wp\/v2\/media?parent=50"}],"wp:term":[{"taxonomy":"from-article-database","embeddable":true,"href":"https:\/\/nailner.com\/lt\/wp-json\/wp\/v2\/from-article-database?post=50"}],"curies":[{"name":"wp","href":"https:\/\/api.w.org\/{rel}","templated":true}]}}