{"id":57,"date":"2022-08-16T15:14:31","date_gmt":"2022-08-16T12:14:31","guid":{"rendered":"https:\/\/nailner.com\/lt\/?page_id=57"},"modified":"2025-04-30T10:50:46","modified_gmt":"2025-04-30T07:50:46","slug":"dazniausiai-uzduodami-klausimai","status":"publish","type":"page","link":"https:\/\/nailner.com\/lt\/dazniausiai-uzduodami-klausimai\/","title":{"rendered":"DUK"},"content":{"rendered":"\n<div class=\"wp-block-karopharma-free-text pt-medium pb-medium bg-center bg-contain bg-no-repeat  pt-large pb-large undefined is-style-secondary\" style=\"background-image:url()\"><div class=\"free-text-wrapper container max-w-medium text-center\">\n<h1 class=\"is-style-heading-huge wp-block-heading\" id=\"frequently-asked-questions\">DUK<\/h1>\n\n\n\n<p class=\"is-style-paragraph-preamble\" id=\"frequently-asked-questions\"><strong>Da\u017eniausiai u\u017eduodami klausimai<\/strong><\/p>\n<\/div><\/div>\n\n\n\n<div class=\"wp-block-karopharma-accordions\"><div class=\"container\">\n<details class=\"wp-block-karopharma-accordion\"><summary><h2 class=\"accordion-title\">Kaip veikia \u201eNailner\u201c?<\/h2><\/summary><div class=\"accordion-content\">\n<p>\u201eNailner\u201c formul\u0117 veiksmingai gydo ir u\u017ekerta keli\u0105 atsirasti grybelinei nag\u0173 infekcijai tiek ant koj\u0173, tiek ant rank\u0173 nag\u0173.<br>Unikali laikomoji sistema leid\u017eia komponentams prisotinti nag\u0105 ir kovoti su grybeliu i\u0161 pagrind\u0173, pakeisdami nago pH lyg\u012f ir sukurdami nepalanki\u0105 aplink\u0105 grybeliui i\u0161gyventi.<\/p>\n<\/div><\/details>\n\n\n\n<details class=\"wp-block-karopharma-accordion\"><summary><h2 class=\"accordion-title\">Ar \u201eNailner\u201c gydom\u0105j\u0105 priemon\u0119 galima tepti ant lakuot\u0173 nag\u0173?<\/h2><\/summary><div class=\"accordion-content\">\n<p>Ne \u2013 \u201eNailner\u201c gydomosios priemon\u0117s negalima tepti ant lakuot\u0173 nag\u0173. Prie\u0161 pradedant gydym\u0105, nag\u0173 lakas turi b\u016bti pa\u0161alintas.<\/p>\n\n\n\n<p>\u201eNailner Treat and Color\u201c sud\u0117tyje yra orui laidus nag\u0173 lakas, kur\u012f galima tepti gydymo metu, ta\u010diau j\u012f reikia pa\u0161alinti prie\u0161 tepant gydom\u0105j\u0105 priemon\u0119.<\/p>\n<\/div><\/details>\n\n\n\n<details class=\"wp-block-karopharma-accordion\"><summary><h2 class=\"accordion-title\">Keliems kartams u\u017etenka \u201eNailner 2 in 1\u201c?<\/h2><\/summary><div class=\"accordion-content\">\n<p>\u201eNailner\u201c buteliuko su teptuku yra 5 ml, ma\u017edaug 300 tepim\u0173.<br>\u201eNailner\u201c pie\u0161tuke yra 4 ml, ma\u017edaug 400 tepim\u0173.<\/p>\n<\/div><\/details>\n\n\n\n<details class=\"wp-block-karopharma-accordion\"><summary><h2 class=\"accordion-title\">Kokia yra \u201eNailner 2 in 1\u201c teptuko ir pie\u0161tuko sud\u0117tis?<\/h2><\/summary><div class=\"accordion-content\">\n<p>Etilo laktatas, vanduo, glicerinas, pieno r\u016bg\u0161tis, citrin\u0173 r\u016bg\u0161tis, rezacetofenonas.<\/p>\n<\/div><\/details>\n\n\n\n<details class=\"wp-block-karopharma-accordion\"><summary><h2 class=\"accordion-title\">Kokia yra \u201eNailner Treat &amp; Color\u201c sud\u0117tis?<\/h2><\/summary><div class=\"accordion-content\">\n<p>Etilo laktatas, glicerinas, vanduo, pieno r\u016bg\u0161tis, citrin\u0173 r\u016bg\u0161tis.<\/p>\n<\/div><\/details>\n\n\n\n<details class=\"wp-block-karopharma-accordion\"><summary><h2 class=\"accordion-title\">Ar gali \u201eNailner\u201c produktus naudoti diabetikai ir tie, kuri\u0173 kraujotaka sutrikusi?<\/h2><\/summary><div class=\"accordion-content\">\n<p>Jei sergate cukriniu diabetu arba yra sutrikusi kraujotaka, prie\u0161 naudodami \u201eNailner\u201c gydymo priemones pasitarkite su gydytoju.<\/p>\n<\/div><\/details>\n\n\n\n<details class=\"wp-block-karopharma-accordion\"><summary><h2 class=\"accordion-title\">Ar galima \u201eNailner\u201c produktus naudoti n\u0117\u0161tumo ir \u017eindymo laikotarpiu?<\/h2><\/summary><div class=\"accordion-content\">\n<p>\u201eNailner\u201c naudojimo saugumas moterims n\u0117\u0161tumo ar \u017eindymo laikotarpiu nebuvo specialiai i\u0161bandytas. Paprastai n\u0117\u0161\u010dios ir \u017eindan\u010dios moterys, kurios nor\u0117t\u0173 gydyti nag\u0173 grybel\u012f, prie\u0161 prad\u0117damos gydym\u0105 tur\u0117t\u0173 pasitarti su gydytoju.<\/p>\n<\/div><\/details>\n\n\n\n<details class=\"wp-block-karopharma-accordion\"><summary><h2 class=\"accordion-title\">Ar vaikai gali naudoti \u201eNailner\u201c produktus?<\/h2><\/summary><div class=\"accordion-content\">\n<p>\u201eNailner\u201c produkt\u0173 naudojimui n\u0117ra am\u017eiaus apribojim\u0173, ta\u010diau pasitarkite su gydytoju, jei vaikas jaunesnis nei 16 met\u0173. Kadangi nag\u0173 grybelis vaikams pasirei\u0161kia retai, rekomenduojame prie\u0161 naudojant pasitarti su gydytoju. Jei gydytojas patvirtina, kad vaikas turi nag\u0173 grybel\u012f, galima naudoti \u201eNailner\u201c produkt\u0105.<\/p>\n<\/div><\/details>\n\n\n\n<details class=\"wp-block-karopharma-accordion\"><summary><h2 class=\"accordion-title\">Ar naudojant gydymo priemon\u0119 daugiau nei ant vieno nago, gali u\u017esikr\u0117sti ir kiti nagai?<\/h2><\/summary><div class=\"accordion-content\">\n<p>\u201eNailner\u201c gydymo priemon\u0117se yra komponent\u0173, kurie kovoja su nag\u0173 grybeliu, tod\u0117l tepant grybelis negali plisti ir u\u017ekr\u0117sti kitus nagus.<\/p>\n<\/div><\/details>\n\n\n\n<details class=\"wp-block-karopharma-accordion\"><summary><h2 class=\"accordion-title\">Kiek laiko man reikia naudoti \u201eNailner\u201c?<\/h2><\/summary><div class=\"accordion-content\">\n<p>Pirm\u0105sias keturias savaites gydykite u\u017ekr\u0117st\u0105 (-us) nag\u0105 (-us) du kartus per dien\u0105, o v\u0117liau \u2013 vien\u0105 kart\u0105 per dien\u0105, kol pa\u017eeist\u0105 nag\u0105 pakeis sveikai atrodantis nagas. Gydimo metu ir sveikiems nagams profilakti\u0161kai naudokite \u201eNailner\u201c priemones (pakanka kart\u0105 per dien\u0105).<\/p>\n<\/div><\/details>\n\n\n\n<details class=\"wp-block-karopharma-accordion\"><summary><h2 class=\"accordion-title\">Kiek laiko u\u017etrunka, kol nagai v\u0117l atrodo sveiki?<\/h2><\/summary><div class=\"accordion-content\">\n<p>Tai priklauso nuo to, kuris \u201eNailner\u201c produktas yra naudojamas. Nailner 2in1 matomi rezultatai pasirodo po 1 savait\u0117s, nes pa\u0161viesina nag\u0105. Kad nagas visi\u0161kai atsigaut\u0173, senas nagas turi nuaugti ir b\u016bti pakeistas nauju sveiku nagu. Laikas, per kur\u012f u\u017eauga sveikas nagas, priklauso nuo infekcijos sunkumo, nago storio ir infekcijos i\u0161plitimo. Koj\u0173 nag\u0173 ataugimas paprastai gali u\u017etrukti iki 12 m\u0117nesi\u0173, rank\u0173 nag\u0173\u2013 grei\u010diau.<\/p>\n<\/div><\/details>\n\n\n\n<details class=\"wp-block-karopharma-accordion\"><summary><h2 class=\"accordion-title\">Kaip su\u017einoti, kada pie\u0161tukas yra tu\u0161\u010dias?<\/h2><\/summary><div class=\"accordion-content\">\n<p>Tepant priemon\u0119 ant nago, prie\u0161 jam \u012fsigeriant \u012f nag\u0105, turi atsirasti plonas blizgus sluoksnis. Taip pat galite i\u0161bandyti pie\u0161tuk\u0105 ant popieriaus lapo, jei jis palieka \u0161lapi\u0105 linij\u0105 ant popieriaus, tai rei\u0161kia, kad dar yra lik\u0119 tirpalo pie\u0161tuke.<\/p>\n<\/div><\/details>\n\n\n\n<details class=\"wp-block-karopharma-accordion\"><summary><h2 class=\"accordion-title\">Kaip tur\u0117t\u0173 b\u016bti laikomi \u201eNailner\u201c produktai?<\/h2><\/summary><div class=\"accordion-content\">\n<p>\u201eNailner\u201c produktai turi b\u016bti laikomi kambario temperat\u016broje ir vaikams nepasiekiamoje vietoje.<\/p>\n<\/div><\/details>\n\n\n\n<details class=\"wp-block-karopharma-accordion\"><summary><h2 class=\"accordion-title\">Ar \u201eNailner\u201c produktuose yra arbatmed\u017eio aliejaus?<\/h2><\/summary><div class=\"accordion-content\">\n<p>\u201eNailner\u201c produktuose n\u0117ra arbatmed\u017eio aliejaus.<\/p>\n<\/div><\/details>\n<\/div><\/div>\n","protected":false},"excerpt":{"rendered":"","protected":false},"author":3,"featured_media":0,"parent":0,"menu_order":0,"comment_status":"closed","ping_status":"closed","template":"","meta":{"_acf_changed":false,"footnotes":""},"from-article-database":[],"class_list":["post-57","page","type-page","status-publish","hentry"],"acf":[],"yoast_head":"<!-- This site is optimized with the Yoast SEO plugin v26.6 - https:\/\/yoast.com\/wordpress\/plugins\/seo\/ -->\n<title>DUK - Nailner<\/title>\n<meta name=\"description\" content=\"Kaip veikia \u201eNailner\u201c? Ar \u201eNailner\u201c gydom\u0105j\u0105 priemon\u0119 galima tepti ant lakuot\u0173 nag\u0173? Keliems kartams u\u017etenka \u201eNailner 2 in 1\u201c?\" \/>\n<meta name=\"robots\" content=\"index, follow, max-snippet:-1, max-image-preview:large, max-video-preview:-1\" \/>\n<link rel=\"canonical\" href=\"https:\/\/nailner.com\/lt\/dazniausiai-uzduodami-klausimai\/\" \/>\n<meta property=\"og:locale\" content=\"lt_LT\" \/>\n<meta property=\"og:type\" content=\"article\" \/>\n<meta property=\"og:title\" content=\"DUK - Nailner\" \/>\n<meta property=\"og:description\" content=\"Kaip veikia \u201eNailner\u201c? Ar \u201eNailner\u201c gydom\u0105j\u0105 priemon\u0119 galima tepti ant lakuot\u0173 nag\u0173? Keliems kartams u\u017etenka \u201eNailner 2 in 1\u201c?\" \/>\n<meta property=\"og:url\" content=\"https:\/\/nailner.com\/lt\/dazniausiai-uzduodami-klausimai\/\" \/>\n<meta property=\"og:site_name\" content=\"Nailner\" \/>\n<meta property=\"article:modified_time\" content=\"2025-04-30T07:50:46+00:00\" \/>\n<meta name=\"twitter:card\" content=\"summary_large_image\" \/>\n<meta name=\"twitter:label1\" content=\"Est. reading time\" \/>\n\t<meta name=\"twitter:data1\" content=\"3 minut\u0117s\" \/>\n<script type=\"application\/ld+json\" class=\"yoast-schema-graph\">{\"@context\":\"https:\/\/schema.org\",\"@graph\":[{\"@type\":\"WebPage\",\"@id\":\"https:\/\/nailner.com\/lt\/dazniausiai-uzduodami-klausimai\/\",\"url\":\"https:\/\/nailner.com\/lt\/dazniausiai-uzduodami-klausimai\/\",\"name\":\"DUK - Nailner\",\"isPartOf\":{\"@id\":\"https:\/\/nailner.com\/lt\/#website\"},\"datePublished\":\"2022-08-16T12:14:31+00:00\",\"dateModified\":\"2025-04-30T07:50:46+00:00\",\"description\":\"Kaip veikia \u201eNailner\u201c? Ar \u201eNailner\u201c gydom\u0105j\u0105 priemon\u0119 galima tepti ant lakuot\u0173 nag\u0173? Keliems kartams u\u017etenka \u201eNailner 2 in 1\u201c?\",\"breadcrumb\":{\"@id\":\"https:\/\/nailner.com\/lt\/dazniausiai-uzduodami-klausimai\/#breadcrumb\"},\"inLanguage\":\"lt-LT\",\"potentialAction\":[{\"@type\":\"ReadAction\",\"target\":[\"https:\/\/nailner.com\/lt\/dazniausiai-uzduodami-klausimai\/\"]}]},{\"@type\":\"BreadcrumbList\",\"@id\":\"https:\/\/nailner.com\/lt\/dazniausiai-uzduodami-klausimai\/#breadcrumb\",\"itemListElement\":[{\"@type\":\"ListItem\",\"position\":1,\"name\":\"Home\",\"item\":\"https:\/\/nailner.com\/lt\/\"},{\"@type\":\"ListItem\",\"position\":2,\"name\":\"DUK\"}]},{\"@type\":\"WebSite\",\"@id\":\"https:\/\/nailner.com\/lt\/#website\",\"url\":\"https:\/\/nailner.com\/lt\/\",\"name\":\"Nailner\",\"description\":\"\",\"publisher\":{\"@id\":\"https:\/\/nailner.com\/lt\/#organization\"},\"potentialAction\":[{\"@type\":\"SearchAction\",\"target\":{\"@type\":\"EntryPoint\",\"urlTemplate\":\"https:\/\/nailner.com\/lt\/?s={search_term_string}\"},\"query-input\":{\"@type\":\"PropertyValueSpecification\",\"valueRequired\":true,\"valueName\":\"search_term_string\"}}],\"inLanguage\":\"lt-LT\"},{\"@type\":\"Organization\",\"@id\":\"https:\/\/nailner.com\/lt\/#organization\",\"name\":\"Nailner\",\"url\":\"https:\/\/nailner.com\/lt\/\",\"logo\":{\"@type\":\"ImageObject\",\"inLanguage\":\"lt-LT\",\"@id\":\"https:\/\/nailner.com\/lt\/#\/schema\/logo\/image\/\",\"url\":\"https:\/\/nailner.com\/app\/uploads\/sites\/11\/2025\/04\/Nailner-logo.png\",\"contentUrl\":\"https:\/\/nailner.com\/app\/uploads\/sites\/11\/2025\/04\/Nailner-logo.png\",\"width\":134,\"height\":32,\"caption\":\"Nailner\"},\"image\":{\"@id\":\"https:\/\/nailner.com\/lt\/#\/schema\/logo\/image\/\"}}]}<\/script>\n<!-- \/ Yoast SEO plugin. -->","yoast_head_json":{"title":"DUK - Nailner","description":"Kaip veikia \u201eNailner\u201c? Ar \u201eNailner\u201c gydom\u0105j\u0105 priemon\u0119 galima tepti ant lakuot\u0173 nag\u0173? Keliems kartams u\u017etenka \u201eNailner 2 in 1\u201c?","robots":{"index":"index","follow":"follow","max-snippet":"max-snippet:-1","max-image-preview":"max-image-preview:large","max-video-preview":"max-video-preview:-1"},"canonical":"https:\/\/nailner.com\/lt\/dazniausiai-uzduodami-klausimai\/","og_locale":"lt_LT","og_type":"article","og_title":"DUK - Nailner","og_description":"Kaip veikia \u201eNailner\u201c? Ar \u201eNailner\u201c gydom\u0105j\u0105 priemon\u0119 galima tepti ant lakuot\u0173 nag\u0173? Keliems kartams u\u017etenka \u201eNailner 2 in 1\u201c?","og_url":"https:\/\/nailner.com\/lt\/dazniausiai-uzduodami-klausimai\/","og_site_name":"Nailner","article_modified_time":"2025-04-30T07:50:46+00:00","twitter_card":"summary_large_image","twitter_misc":{"Est. reading time":"3 minut\u0117s"},"schema":{"@context":"https:\/\/schema.org","@graph":[{"@type":"WebPage","@id":"https:\/\/nailner.com\/lt\/dazniausiai-uzduodami-klausimai\/","url":"https:\/\/nailner.com\/lt\/dazniausiai-uzduodami-klausimai\/","name":"DUK - Nailner","isPartOf":{"@id":"https:\/\/nailner.com\/lt\/#website"},"datePublished":"2022-08-16T12:14:31+00:00","dateModified":"2025-04-30T07:50:46+00:00","description":"Kaip veikia \u201eNailner\u201c? Ar \u201eNailner\u201c gydom\u0105j\u0105 priemon\u0119 galima tepti ant lakuot\u0173 nag\u0173? Keliems kartams u\u017etenka \u201eNailner 2 in 1\u201c?","breadcrumb":{"@id":"https:\/\/nailner.com\/lt\/dazniausiai-uzduodami-klausimai\/#breadcrumb"},"inLanguage":"lt-LT","potentialAction":[{"@type":"ReadAction","target":["https:\/\/nailner.com\/lt\/dazniausiai-uzduodami-klausimai\/"]}]},{"@type":"BreadcrumbList","@id":"https:\/\/nailner.com\/lt\/dazniausiai-uzduodami-klausimai\/#breadcrumb","itemListElement":[{"@type":"ListItem","position":1,"name":"Home","item":"https:\/\/nailner.com\/lt\/"},{"@type":"ListItem","position":2,"name":"DUK"}]},{"@type":"WebSite","@id":"https:\/\/nailner.com\/lt\/#website","url":"https:\/\/nailner.com\/lt\/","name":"Nailner","description":"","publisher":{"@id":"https:\/\/nailner.com\/lt\/#organization"},"potentialAction":[{"@type":"SearchAction","target":{"@type":"EntryPoint","urlTemplate":"https:\/\/nailner.com\/lt\/?s={search_term_string}"},"query-input":{"@type":"PropertyValueSpecification","valueRequired":true,"valueName":"search_term_string"}}],"inLanguage":"lt-LT"},{"@type":"Organization","@id":"https:\/\/nailner.com\/lt\/#organization","name":"Nailner","url":"https:\/\/nailner.com\/lt\/","logo":{"@type":"ImageObject","inLanguage":"lt-LT","@id":"https:\/\/nailner.com\/lt\/#\/schema\/logo\/image\/","url":"https:\/\/nailner.com\/app\/uploads\/sites\/11\/2025\/04\/Nailner-logo.png","contentUrl":"https:\/\/nailner.com\/app\/uploads\/sites\/11\/2025\/04\/Nailner-logo.png","width":134,"height":32,"caption":"Nailner"},"image":{"@id":"https:\/\/nailner.com\/lt\/#\/schema\/logo\/image\/"}}]}},"_links":{"self":[{"href":"https:\/\/nailner.com\/lt\/wp-json\/wp\/v2\/pages\/57","targetHints":{"allow":["GET"]}}],"collection":[{"href":"https:\/\/nailner.com\/lt\/wp-json\/wp\/v2\/pages"}],"about":[{"href":"https:\/\/nailner.com\/lt\/wp-json\/wp\/v2\/types\/page"}],"author":[{"embeddable":true,"href":"https:\/\/nailner.com\/lt\/wp-json\/wp\/v2\/users\/3"}],"replies":[{"embeddable":true,"href":"https:\/\/nailner.com\/lt\/wp-json\/wp\/v2\/comments?post=57"}],"version-history":[{"count":4,"href":"https:\/\/nailner.com\/lt\/wp-json\/wp\/v2\/pages\/57\/revisions"}],"predecessor-version":[{"id":292,"href":"https:\/\/nailner.com\/lt\/wp-json\/wp\/v2\/pages\/57\/revisions\/292"}],"wp:attachment":[{"href":"https:\/\/nailner.com\/lt\/wp-json\/wp\/v2\/media?parent=57"}],"wp:term":[{"taxonomy":"from-article-database","embeddable":true,"href":"https:\/\/nailner.com\/lt\/wp-json\/wp\/v2\/from-article-database?post=57"}],"curies":[{"name":"wp","href":"https:\/\/api.w.org\/{rel}","templated":true}]}}