{"id":286,"date":"2022-11-10T16:14:37","date_gmt":"2022-11-10T14:14:37","guid":{"rendered":"https:\/\/nailner.com\/lt\/?post_type=product&#038;p=286"},"modified":"2025-04-30T10:50:39","modified_gmt":"2025-04-30T07:50:39","slug":"nailner-treat-colour","status":"publish","type":"product","link":"https:\/\/nailner.com\/lt\/produktas\/nailner-treat-colour\/","title":{"rendered":"\u201eNailner Treat &#038; Colour\u201c"},"content":{"rendered":"\n<section class=\"wp-block-karopharma-usp is-style-secondary usp is-style-secondary\"><div class=\"usp-wrapper\">\n<section class=\"wp-block-karopharma-usp-single usp-single undefined\"><div class=\"icon\"><svg width=\"21\" height=\"16\" viewbox=\"0 0 21 16\" fill=\"none\" xmlns=\"http:\/\/www.w3.org\/2000\/svg\"><path d=\"M19.2567 0.164742L6.13095 13.2905L1.49056 8.65006C1.2709 8.4304 0.914742 8.4304 0.695039 8.65006L0.164742 9.18036C-0.0549141 9.40001 -0.0549141 9.75617 0.164742 9.97587L5.73321 15.5443C5.95287 15.764 6.30903 15.764 6.52873 15.5443L20.5825 1.4906C20.8021 1.27095 20.8021 0.914789 20.5825 0.695086L20.0521 0.164742C19.8325 -0.0549141 19.4763 -0.0549141 19.2567 0.164742Z\" fill=\"white\"><\/path><\/svg><\/div>\n<h4 class=\"has-text-align-center is-style-heading-h4 wp-block-heading\">1.<\/h4>\n\n\n\n<p class=\"has-text-align-center is-style-body-text\">Prie\u0161 kiekvien\u0105 naudojim\u0105 pa\u0161alinkite nag\u0173 lak\u0105 nuo nag\u0173, kuriuos reikia gydyti.<\/p>\n<\/section>\n\n\n\n<section class=\"wp-block-karopharma-usp-single usp-single undefined\"><div class=\"icon\"><svg width=\"21\" height=\"16\" viewbox=\"0 0 21 16\" fill=\"none\" xmlns=\"http:\/\/www.w3.org\/2000\/svg\"><path d=\"M19.2567 0.164742L6.13095 13.2905L1.49056 8.65006C1.2709 8.4304 0.914742 8.4304 0.695039 8.65006L0.164742 9.18036C-0.0549141 9.40001 -0.0549141 9.75617 0.164742 9.97587L5.73321 15.5443C5.95287 15.764 6.30903 15.764 6.52873 15.5443L20.5825 1.4906C20.8021 1.27095 20.8021 0.914789 20.5825 0.695086L20.0521 0.164742C19.8325 -0.0549141 19.4763 -0.0549141 19.2567 0.164742Z\" fill=\"white\"><\/path><\/svg><\/div>\n<h4 class=\"has-text-align-center is-style-heading-h4 wp-block-heading\">2.<\/h4>\n\n\n\n<p class=\"has-text-align-center is-style-body-text\">U\u017etepkite \u201eNailner Brush\u201c (skaidrus skystis) ant viso pa\u017eeisto nago pavir\u0161iaus, \u012fskaitant ir panages.<\/p>\n<\/section>\n\n\n\n<section class=\"wp-block-karopharma-usp-single usp-single undefined\"><div class=\"icon\"><svg width=\"21\" height=\"16\" viewbox=\"0 0 21 16\" fill=\"none\" xmlns=\"http:\/\/www.w3.org\/2000\/svg\"><path d=\"M19.2567 0.164742L6.13095 13.2905L1.49056 8.65006C1.2709 8.4304 0.914742 8.4304 0.695039 8.65006L0.164742 9.18036C-0.0549141 9.40001 -0.0549141 9.75617 0.164742 9.97587L5.73321 15.5443C5.95287 15.764 6.30903 15.764 6.52873 15.5443L20.5825 1.4906C20.8021 1.27095 20.8021 0.914789 20.5825 0.695086L20.0521 0.164742C19.8325 -0.0549141 19.4763 -0.0549141 19.2567 0.164742Z\" fill=\"white\"><\/path><\/svg><\/div>\n<h4 class=\"has-text-align-center is-style-heading-h4 wp-block-heading\">3.<\/h4>\n\n\n\n<p class=\"has-text-align-center is-style-body-text\">Leiskite tirpalui nud\u017ei\u016bti apie 1-2 minutes.<\/p>\n<\/section>\n\n\n\n<section class=\"wp-block-karopharma-usp-single usp-single undefined\"><div class=\"icon\"><svg width=\"21\" height=\"16\" viewbox=\"0 0 21 16\" fill=\"none\" xmlns=\"http:\/\/www.w3.org\/2000\/svg\"><path d=\"M19.2567 0.164742L6.13095 13.2905L1.49056 8.65006C1.2709 8.4304 0.914742 8.4304 0.695039 8.65006L0.164742 9.18036C-0.0549141 9.40001 -0.0549141 9.75617 0.164742 9.97587L5.73321 15.5443C5.95287 15.764 6.30903 15.764 6.52873 15.5443L20.5825 1.4906C20.8021 1.27095 20.8021 0.914789 20.5825 0.695086L20.0521 0.164742C19.8325 -0.0549141 19.4763 -0.0549141 19.2567 0.164742Z\" fill=\"white\"><\/path><\/svg><\/div>\n<h4 class=\"has-text-align-center is-style-heading-h4 wp-block-heading\">4.<\/h4>\n\n\n\n<p class=\"has-text-align-center is-style-body-text\">Nulakuokite nagus su \u201eNailner\u201c orui laid\u017eiu nag\u0173 laku ir leiskite nud\u017ei\u016bti (ma\u017edaug 2-3 minutes). Dabar galima lakuoti visus nagus.<\/p>\n<\/section>\n<\/div><\/section>\n\n\n\n<div class=\"wp-block-karopharma-free-text pt-small pb-large bg-center bg-cover bg-no-repeat  is-style-secondary\" style=\"background-image:url()\"><div class=\"free-text-wrapper container max-w-medium text-center\">\n<p>Prie\u0161 kit\u0105 u\u017etepim\u0105, nuo nag\u0173, kuriuos reikia gydyti, nuvalykite nag\u0173 lak\u0105 nag\u0173 lako valikliu (geriausia be acetono) ir pakartokite auk\u0161\u010diau apra\u0161yt\u0105 proced\u016br\u0105. Sveiki nagai gali likti nulakuoti (rekomenduojama nuvalyti ir leisti nagams pakv\u0117puoti kas 2 savaites).<\/p>\n<\/div><\/div>\n","protected":false},"excerpt":{"rendered":"<p>Gydymas + Nag\u0173 lakas<\/p>\n","protected":false},"featured_media":288,"comment_status":"closed","ping_status":"closed","template":"","meta":{"_acf_changed":false,"footnotes":""},"product_brand":[],"product_cat":[],"product_tag":[],"class_list":{"0":"post-286","1":"product","2":"type-product","3":"status-publish","4":"has-post-thumbnail","7":"first","8":"instock","9":"shipping-taxable","10":"product-type-simple"},"acf":[],"yoast_head":"<!-- This site is optimized with the Yoast SEO plugin v26.6 - https:\/\/yoast.com\/wordpress\/plugins\/seo\/ -->\n<title>\u201eNailner Treat &amp; Colour\u201c - Nailner<\/title>\n<meta name=\"description\" content=\"Kai norisi nusilakuoti nagus \u2013 gydo infekcij\u0105 ir taip pat nulakuoja nagus orui laid\u017eiu nag\u0173 laku.\" \/>\n<meta name=\"robots\" content=\"index, follow, max-snippet:-1, max-image-preview:large, max-video-preview:-1\" \/>\n<link rel=\"canonical\" href=\"https:\/\/nailner.com\/lt\/produktas\/nailner-treat-colour\/\" \/>\n<meta property=\"og:locale\" content=\"lt_LT\" \/>\n<meta property=\"og:type\" content=\"article\" \/>\n<meta property=\"og:title\" content=\"\u201eNailner Treat &amp; Colour\u201c - Nailner\" \/>\n<meta property=\"og:description\" content=\"Kai norisi nusilakuoti nagus \u2013 gydo infekcij\u0105 ir taip pat nulakuoja nagus orui laid\u017eiu nag\u0173 laku.\" \/>\n<meta property=\"og:url\" content=\"https:\/\/nailner.com\/lt\/produktas\/nailner-treat-colour\/\" \/>\n<meta property=\"og:site_name\" content=\"Nailner\" \/>\n<meta property=\"article:modified_time\" content=\"2025-04-30T07:50:39+00:00\" \/>\n<meta property=\"og:image\" content=\"https:\/\/nailner.com\/app\/uploads\/sites\/11\/2022\/11\/treat-and-colour.png\" \/>\n\t<meta property=\"og:image:width\" content=\"600\" \/>\n\t<meta property=\"og:image:height\" content=\"600\" \/>\n\t<meta property=\"og:image:type\" content=\"image\/png\" \/>\n<meta name=\"twitter:card\" content=\"summary_large_image\" \/>\n<meta name=\"twitter:label1\" content=\"Est. reading time\" \/>\n\t<meta name=\"twitter:data1\" content=\"1 minut\u0117\" \/>\n<script type=\"application\/ld+json\" class=\"yoast-schema-graph\">{\"@context\":\"https:\/\/schema.org\",\"@graph\":[{\"@type\":\"WebPage\",\"@id\":\"https:\/\/nailner.com\/lt\/produktas\/nailner-treat-colour\/\",\"url\":\"https:\/\/nailner.com\/lt\/produktas\/nailner-treat-colour\/\",\"name\":\"\u201eNailner Treat & Colour\u201c - Nailner\",\"isPartOf\":{\"@id\":\"https:\/\/nailner.com\/lt\/#website\"},\"primaryImageOfPage\":{\"@id\":\"https:\/\/nailner.com\/lt\/produktas\/nailner-treat-colour\/#primaryimage\"},\"image\":{\"@id\":\"https:\/\/nailner.com\/lt\/produktas\/nailner-treat-colour\/#primaryimage\"},\"thumbnailUrl\":\"https:\/\/nailner.com\/app\/uploads\/sites\/11\/2022\/11\/treat-and-colour.png\",\"datePublished\":\"2022-11-10T14:14:37+00:00\",\"dateModified\":\"2025-04-30T07:50:39+00:00\",\"description\":\"Kai norisi nusilakuoti nagus \u2013 gydo infekcij\u0105 ir taip pat nulakuoja nagus orui laid\u017eiu nag\u0173 laku.\",\"breadcrumb\":{\"@id\":\"https:\/\/nailner.com\/lt\/produktas\/nailner-treat-colour\/#breadcrumb\"},\"inLanguage\":\"lt-LT\",\"potentialAction\":[{\"@type\":\"ReadAction\",\"target\":[\"https:\/\/nailner.com\/lt\/produktas\/nailner-treat-colour\/\"]}]},{\"@type\":\"ImageObject\",\"inLanguage\":\"lt-LT\",\"@id\":\"https:\/\/nailner.com\/lt\/produktas\/nailner-treat-colour\/#primaryimage\",\"url\":\"https:\/\/nailner.com\/app\/uploads\/sites\/11\/2022\/11\/treat-and-colour.png\",\"contentUrl\":\"https:\/\/nailner.com\/app\/uploads\/sites\/11\/2022\/11\/treat-and-colour.png\",\"width\":600,\"height\":600,\"caption\":\"Nailner treat and colour\"},{\"@type\":\"BreadcrumbList\",\"@id\":\"https:\/\/nailner.com\/lt\/produktas\/nailner-treat-colour\/#breadcrumb\",\"itemListElement\":[{\"@type\":\"ListItem\",\"position\":1,\"name\":\"Home\",\"item\":\"https:\/\/nailner.com\/lt\/\"},{\"@type\":\"ListItem\",\"position\":2,\"name\":\"Produktai\",\"item\":\"https:\/\/nailner.com\/lt\/produktai\/\"},{\"@type\":\"ListItem\",\"position\":3,\"name\":\"\u201eNailner Treat &#038; Colour\u201c\"}]},{\"@type\":\"WebSite\",\"@id\":\"https:\/\/nailner.com\/lt\/#website\",\"url\":\"https:\/\/nailner.com\/lt\/\",\"name\":\"Nailner\",\"description\":\"\",\"publisher\":{\"@id\":\"https:\/\/nailner.com\/lt\/#organization\"},\"potentialAction\":[{\"@type\":\"SearchAction\",\"target\":{\"@type\":\"EntryPoint\",\"urlTemplate\":\"https:\/\/nailner.com\/lt\/?s={search_term_string}\"},\"query-input\":{\"@type\":\"PropertyValueSpecification\",\"valueRequired\":true,\"valueName\":\"search_term_string\"}}],\"inLanguage\":\"lt-LT\"},{\"@type\":\"Organization\",\"@id\":\"https:\/\/nailner.com\/lt\/#organization\",\"name\":\"Nailner\",\"url\":\"https:\/\/nailner.com\/lt\/\",\"logo\":{\"@type\":\"ImageObject\",\"inLanguage\":\"lt-LT\",\"@id\":\"https:\/\/nailner.com\/lt\/#\/schema\/logo\/image\/\",\"url\":\"https:\/\/nailner.com\/app\/uploads\/sites\/11\/2025\/04\/Nailner-logo.png\",\"contentUrl\":\"https:\/\/nailner.com\/app\/uploads\/sites\/11\/2025\/04\/Nailner-logo.png\",\"width\":134,\"height\":32,\"caption\":\"Nailner\"},\"image\":{\"@id\":\"https:\/\/nailner.com\/lt\/#\/schema\/logo\/image\/\"}}]}<\/script>\n<!-- \/ Yoast SEO plugin. -->","yoast_head_json":{"title":"\u201eNailner Treat & Colour\u201c - Nailner","description":"Kai norisi nusilakuoti nagus \u2013 gydo infekcij\u0105 ir taip pat nulakuoja nagus orui laid\u017eiu nag\u0173 laku.","robots":{"index":"index","follow":"follow","max-snippet":"max-snippet:-1","max-image-preview":"max-image-preview:large","max-video-preview":"max-video-preview:-1"},"canonical":"https:\/\/nailner.com\/lt\/produktas\/nailner-treat-colour\/","og_locale":"lt_LT","og_type":"article","og_title":"\u201eNailner Treat & Colour\u201c - Nailner","og_description":"Kai norisi nusilakuoti nagus \u2013 gydo infekcij\u0105 ir taip pat nulakuoja nagus orui laid\u017eiu nag\u0173 laku.","og_url":"https:\/\/nailner.com\/lt\/produktas\/nailner-treat-colour\/","og_site_name":"Nailner","article_modified_time":"2025-04-30T07:50:39+00:00","og_image":[{"width":600,"height":600,"url":"https:\/\/nailner.com\/app\/uploads\/sites\/11\/2022\/11\/treat-and-colour.png","type":"image\/png"}],"twitter_card":"summary_large_image","twitter_misc":{"Est. reading time":"1 minut\u0117"},"schema":{"@context":"https:\/\/schema.org","@graph":[{"@type":"WebPage","@id":"https:\/\/nailner.com\/lt\/produktas\/nailner-treat-colour\/","url":"https:\/\/nailner.com\/lt\/produktas\/nailner-treat-colour\/","name":"\u201eNailner Treat & Colour\u201c - Nailner","isPartOf":{"@id":"https:\/\/nailner.com\/lt\/#website"},"primaryImageOfPage":{"@id":"https:\/\/nailner.com\/lt\/produktas\/nailner-treat-colour\/#primaryimage"},"image":{"@id":"https:\/\/nailner.com\/lt\/produktas\/nailner-treat-colour\/#primaryimage"},"thumbnailUrl":"https:\/\/nailner.com\/app\/uploads\/sites\/11\/2022\/11\/treat-and-colour.png","datePublished":"2022-11-10T14:14:37+00:00","dateModified":"2025-04-30T07:50:39+00:00","description":"Kai norisi nusilakuoti nagus \u2013 gydo infekcij\u0105 ir taip pat nulakuoja nagus orui laid\u017eiu nag\u0173 laku.","breadcrumb":{"@id":"https:\/\/nailner.com\/lt\/produktas\/nailner-treat-colour\/#breadcrumb"},"inLanguage":"lt-LT","potentialAction":[{"@type":"ReadAction","target":["https:\/\/nailner.com\/lt\/produktas\/nailner-treat-colour\/"]}]},{"@type":"ImageObject","inLanguage":"lt-LT","@id":"https:\/\/nailner.com\/lt\/produktas\/nailner-treat-colour\/#primaryimage","url":"https:\/\/nailner.com\/app\/uploads\/sites\/11\/2022\/11\/treat-and-colour.png","contentUrl":"https:\/\/nailner.com\/app\/uploads\/sites\/11\/2022\/11\/treat-and-colour.png","width":600,"height":600,"caption":"Nailner treat and colour"},{"@type":"BreadcrumbList","@id":"https:\/\/nailner.com\/lt\/produktas\/nailner-treat-colour\/#breadcrumb","itemListElement":[{"@type":"ListItem","position":1,"name":"Home","item":"https:\/\/nailner.com\/lt\/"},{"@type":"ListItem","position":2,"name":"Produktai","item":"https:\/\/nailner.com\/lt\/produktai\/"},{"@type":"ListItem","position":3,"name":"\u201eNailner Treat &#038; Colour\u201c"}]},{"@type":"WebSite","@id":"https:\/\/nailner.com\/lt\/#website","url":"https:\/\/nailner.com\/lt\/","name":"Nailner","description":"","publisher":{"@id":"https:\/\/nailner.com\/lt\/#organization"},"potentialAction":[{"@type":"SearchAction","target":{"@type":"EntryPoint","urlTemplate":"https:\/\/nailner.com\/lt\/?s={search_term_string}"},"query-input":{"@type":"PropertyValueSpecification","valueRequired":true,"valueName":"search_term_string"}}],"inLanguage":"lt-LT"},{"@type":"Organization","@id":"https:\/\/nailner.com\/lt\/#organization","name":"Nailner","url":"https:\/\/nailner.com\/lt\/","logo":{"@type":"ImageObject","inLanguage":"lt-LT","@id":"https:\/\/nailner.com\/lt\/#\/schema\/logo\/image\/","url":"https:\/\/nailner.com\/app\/uploads\/sites\/11\/2025\/04\/Nailner-logo.png","contentUrl":"https:\/\/nailner.com\/app\/uploads\/sites\/11\/2025\/04\/Nailner-logo.png","width":134,"height":32,"caption":"Nailner"},"image":{"@id":"https:\/\/nailner.com\/lt\/#\/schema\/logo\/image\/"}}]}},"_links":{"self":[{"href":"https:\/\/nailner.com\/lt\/wp-json\/wp\/v2\/product\/286","targetHints":{"allow":["GET"]}}],"collection":[{"href":"https:\/\/nailner.com\/lt\/wp-json\/wp\/v2\/product"}],"about":[{"href":"https:\/\/nailner.com\/lt\/wp-json\/wp\/v2\/types\/product"}],"replies":[{"embeddable":true,"href":"https:\/\/nailner.com\/lt\/wp-json\/wp\/v2\/comments?post=286"}],"version-history":[{"count":5,"href":"https:\/\/nailner.com\/lt\/wp-json\/wp\/v2\/product\/286\/revisions"}],"predecessor-version":[{"id":325,"href":"https:\/\/nailner.com\/lt\/wp-json\/wp\/v2\/product\/286\/revisions\/325"}],"wp:featuredmedia":[{"embeddable":true,"href":"https:\/\/nailner.com\/lt\/wp-json\/wp\/v2\/media\/288"}],"wp:attachment":[{"href":"https:\/\/nailner.com\/lt\/wp-json\/wp\/v2\/media?parent=286"}],"wp:term":[{"taxonomy":"product_brand","embeddable":true,"href":"https:\/\/nailner.com\/lt\/wp-json\/wp\/v2\/product_brand?post=286"},{"taxonomy":"product_cat","embeddable":true,"href":"https:\/\/nailner.com\/lt\/wp-json\/wp\/v2\/product_cat?post=286"},{"taxonomy":"product_tag","embeddable":true,"href":"https:\/\/nailner.com\/lt\/wp-json\/wp\/v2\/product_tag?post=286"}],"curies":[{"name":"wp","href":"https:\/\/api.w.org\/{rel}","templated":true}]}}