{"id":67,"date":"2022-08-16T15:37:00","date_gmt":"2022-08-16T12:37:00","guid":{"rendered":"https:\/\/nailner.com\/lt\/?post_type=product&#038;p=67"},"modified":"2025-04-30T10:50:44","modified_gmt":"2025-04-30T07:50:44","slug":"nailner-piestukas","status":"publish","type":"product","link":"https:\/\/nailner.com\/lt\/produktas\/nailner-piestukas\/","title":{"rendered":"\u201eNailner pie\u0161tukas 2 in 1\u201c"},"content":{"rendered":"\n<div class=\"wp-block-karopharma-accordions is-style-secondary\"><div class=\"container\">\n<details class=\"wp-block-karopharma-accordion\"><summary><h2 class=\"accordion-title\">Patogus ir tikslus pie\u0161tukas<\/h2><\/summary><div class=\"accordion-content\">\n<p>Patogus ir tikslus pie\u0161tukas leid\u017eia paprastai ir greitai u\u017etepti priemon\u0119. Vienu pie\u0161tuku galima tepti apie 400 kart\u0173.<\/p>\n\n\n\n<ul class=\"is-style-default wp-block-list\"><li><strong>Nag\u0173 grybelio gydymas<\/strong> &#8211; Prisotindamas nago keratino sluoksn\u012f ir suma\u017eindamas u\u017ekr\u0117sto nago pH, NAILNER sukuria grybeliui nepalanki\u0105 terp\u0119 ir kartu gydo onichomikoz\u0119.<\/li><li><strong>Neleid\u017eia atsirasti nag\u0173 grybeliui<\/strong> &#8211; Naudojant kasdien, i\u0161vengiama nag\u0173 grybelio infekcijos.<\/li><li><strong>Atlikti klinikiniai tyrimai <\/strong>ir nustatyta, kad:<br>naudojamas 12 savai\u010di\u0173, NAILNER u\u017etikrina 95 % efektyvum\u0105 gydant nag\u0173 grybelio infekcij\u0105;<br>pager\u0117jimas matomas jau po 2 gydymo savai\u010di\u0173.<\/li><\/ul>\n\n\n\n<figure class=\"wp-block-image size-full\"><img loading=\"lazy\" decoding=\"async\" width=\"375\" height=\"375\" src=\"https:\/\/nailner.com\/app\/uploads\/sites\/11\/2022\/08\/1466523011_productpage_nailner_tripleaction_button_lt.png\" alt=\"1466523011_productpage_nailner_tripleaction_button_lt\" class=\"wp-image-79\" srcset=\"https:\/\/nailner.com\/app\/uploads\/sites\/11\/2022\/08\/1466523011_productpage_nailner_tripleaction_button_lt.png 375w, https:\/\/nailner.com\/app\/uploads\/sites\/11\/2022\/08\/1466523011_productpage_nailner_tripleaction_button_lt-320x320.png 320w, https:\/\/nailner.com\/app\/uploads\/sites\/11\/2022\/08\/1466523011_productpage_nailner_tripleaction_button_lt-150x150.png 150w, https:\/\/nailner.com\/app\/uploads\/sites\/11\/2022\/08\/1466523011_productpage_nailner_tripleaction_button_lt-300x300.png 300w, https:\/\/nailner.com\/app\/uploads\/sites\/11\/2022\/08\/1466523011_productpage_nailner_tripleaction_button_lt-100x100.png 100w\" sizes=\"auto, (max-width: 375px) 100vw, 375px\" \/><\/figure>\n<\/div><\/details>\n\n\n\n<details class=\"wp-block-karopharma-accordion\"><summary><h2 class=\"accordion-title\">Kaip naudoti<\/h2><\/summary><div class=\"accordion-content\">\n<p>Prie\u0161 kiekvien\u0105 naudojim\u0105 nuvalykite nagus ir pa\u0161alinkite nag\u0173 lak\u0105. Prie\u0161 naudojim\u0105 nag\u0173 nereikia dildyti. Pirmas keturias naudojimo savaites tepkite nagus du kartus per dien\u0105. V\u0117liau tepkite kart\u0105 per dien\u0105, iki sveikai atrodantis nagas visi\u0161kai pakeis pa\u017eeist\u0105. Tirpalu turi b\u016bti tepamas visas nago pavir\u0161ius, \u012fskaitant nago vir\u0161\u016bn\u0117s apatin\u0119 dal\u012f. Tepimo metu pie\u0161tuko nereikia smarkiai spausti. Po kiekvieno naudojimo pie\u0161tuk\u0105 sandariai u\u017edenkite. Pie\u0161tuke esan\u010diu tirpalu galima tepti apie 400 kart\u0173.<\/p>\n\n\n\n<p>Nailner pie\u0161tukas taip pat gali b\u016bti naudojamas kaip prevencin\u0117 priemon\u0117. Nor\u0117dami apsaugoti nagus nuo nag\u0173 grybelio, naudokite Nailner pie\u0161tuk\u0105 vien\u0105 kart\u0105 per dien\u0105.<\/p>\n<\/div><\/details>\n<\/div><\/div>\n","protected":false},"excerpt":{"rendered":"<p>Gydo ir akivaizd\u017eiai pa\u0161viesina nag\u0105 vos per 7 dienas<\/p>\n","protected":false},"featured_media":303,"comment_status":"closed","ping_status":"closed","template":"","meta":{"_acf_changed":false,"footnotes":""},"product_brand":[],"product_cat":[16],"product_tag":[],"class_list":{"0":"post-67","1":"product","2":"type-product","3":"status-publish","4":"has-post-thumbnail","6":"product_cat-uncategorized","8":"first","9":"instock","10":"shipping-taxable","11":"product-type-simple"},"acf":[],"yoast_head":"<!-- This site is optimized with the Yoast SEO plugin v26.6 - https:\/\/yoast.com\/wordpress\/plugins\/seo\/ -->\n<title>\u201eNailner pie\u0161tukas 2 in 1\u201c - Nailner<\/title>\n<meta name=\"description\" content=\"Patvirtinto efektyvumo patogus naudoti pie\u0161tukas\" \/>\n<meta name=\"robots\" content=\"index, follow, max-snippet:-1, max-image-preview:large, max-video-preview:-1\" \/>\n<link rel=\"canonical\" href=\"https:\/\/nailner.com\/lt\/produktas\/nailner-piestukas\/\" \/>\n<meta property=\"og:locale\" content=\"lt_LT\" \/>\n<meta property=\"og:type\" content=\"article\" \/>\n<meta property=\"og:title\" content=\"\u201eNailner pie\u0161tukas 2 in 1\u201c - Nailner\" \/>\n<meta property=\"og:description\" content=\"Patvirtinto efektyvumo patogus naudoti pie\u0161tukas\" \/>\n<meta property=\"og:url\" content=\"https:\/\/nailner.com\/lt\/produktas\/nailner-piestukas\/\" \/>\n<meta property=\"og:site_name\" content=\"Nailner\" \/>\n<meta property=\"article:modified_time\" content=\"2025-04-30T07:50:44+00:00\" \/>\n<meta property=\"og:image\" content=\"https:\/\/nailner.com\/app\/uploads\/sites\/11\/2022\/08\/nailner-pen-2in1-baltics.png\" \/>\n\t<meta property=\"og:image:width\" content=\"600\" \/>\n\t<meta property=\"og:image:height\" content=\"600\" \/>\n\t<meta property=\"og:image:type\" content=\"image\/png\" \/>\n<meta name=\"twitter:card\" content=\"summary_large_image\" \/>\n<meta name=\"twitter:label1\" content=\"Est. reading time\" \/>\n\t<meta name=\"twitter:data1\" content=\"2 minut\u0117s\" \/>\n<script type=\"application\/ld+json\" class=\"yoast-schema-graph\">{\"@context\":\"https:\/\/schema.org\",\"@graph\":[{\"@type\":\"WebPage\",\"@id\":\"https:\/\/nailner.com\/lt\/produktas\/nailner-piestukas\/\",\"url\":\"https:\/\/nailner.com\/lt\/produktas\/nailner-piestukas\/\",\"name\":\"\u201eNailner pie\u0161tukas 2 in 1\u201c - Nailner\",\"isPartOf\":{\"@id\":\"https:\/\/nailner.com\/lt\/#website\"},\"primaryImageOfPage\":{\"@id\":\"https:\/\/nailner.com\/lt\/produktas\/nailner-piestukas\/#primaryimage\"},\"image\":{\"@id\":\"https:\/\/nailner.com\/lt\/produktas\/nailner-piestukas\/#primaryimage\"},\"thumbnailUrl\":\"https:\/\/nailner.com\/app\/uploads\/sites\/11\/2022\/08\/nailner-pen-2in1-baltics.png\",\"datePublished\":\"2022-08-16T12:37:00+00:00\",\"dateModified\":\"2025-04-30T07:50:44+00:00\",\"description\":\"Patvirtinto efektyvumo patogus naudoti pie\u0161tukas\",\"breadcrumb\":{\"@id\":\"https:\/\/nailner.com\/lt\/produktas\/nailner-piestukas\/#breadcrumb\"},\"inLanguage\":\"lt-LT\",\"potentialAction\":[{\"@type\":\"ReadAction\",\"target\":[\"https:\/\/nailner.com\/lt\/produktas\/nailner-piestukas\/\"]}]},{\"@type\":\"ImageObject\",\"inLanguage\":\"lt-LT\",\"@id\":\"https:\/\/nailner.com\/lt\/produktas\/nailner-piestukas\/#primaryimage\",\"url\":\"https:\/\/nailner.com\/app\/uploads\/sites\/11\/2022\/08\/nailner-pen-2in1-baltics.png\",\"contentUrl\":\"https:\/\/nailner.com\/app\/uploads\/sites\/11\/2022\/08\/nailner-pen-2in1-baltics.png\",\"width\":600,\"height\":600,\"caption\":\"nailner-pen-2in1-baltics\"},{\"@type\":\"BreadcrumbList\",\"@id\":\"https:\/\/nailner.com\/lt\/produktas\/nailner-piestukas\/#breadcrumb\",\"itemListElement\":[{\"@type\":\"ListItem\",\"position\":1,\"name\":\"Home\",\"item\":\"https:\/\/nailner.com\/lt\/\"},{\"@type\":\"ListItem\",\"position\":2,\"name\":\"Produktai\",\"item\":\"https:\/\/nailner.com\/lt\/produktai\/\"},{\"@type\":\"ListItem\",\"position\":3,\"name\":\"\u201eNailner pie\u0161tukas 2 in 1\u201c\"}]},{\"@type\":\"WebSite\",\"@id\":\"https:\/\/nailner.com\/lt\/#website\",\"url\":\"https:\/\/nailner.com\/lt\/\",\"name\":\"Nailner\",\"description\":\"\",\"publisher\":{\"@id\":\"https:\/\/nailner.com\/lt\/#organization\"},\"potentialAction\":[{\"@type\":\"SearchAction\",\"target\":{\"@type\":\"EntryPoint\",\"urlTemplate\":\"https:\/\/nailner.com\/lt\/?s={search_term_string}\"},\"query-input\":{\"@type\":\"PropertyValueSpecification\",\"valueRequired\":true,\"valueName\":\"search_term_string\"}}],\"inLanguage\":\"lt-LT\"},{\"@type\":\"Organization\",\"@id\":\"https:\/\/nailner.com\/lt\/#organization\",\"name\":\"Nailner\",\"url\":\"https:\/\/nailner.com\/lt\/\",\"logo\":{\"@type\":\"ImageObject\",\"inLanguage\":\"lt-LT\",\"@id\":\"https:\/\/nailner.com\/lt\/#\/schema\/logo\/image\/\",\"url\":\"https:\/\/nailner.com\/app\/uploads\/sites\/11\/2025\/04\/Nailner-logo.png\",\"contentUrl\":\"https:\/\/nailner.com\/app\/uploads\/sites\/11\/2025\/04\/Nailner-logo.png\",\"width\":134,\"height\":32,\"caption\":\"Nailner\"},\"image\":{\"@id\":\"https:\/\/nailner.com\/lt\/#\/schema\/logo\/image\/\"}}]}<\/script>\n<!-- \/ Yoast SEO plugin. -->","yoast_head_json":{"title":"\u201eNailner pie\u0161tukas 2 in 1\u201c - Nailner","description":"Patvirtinto efektyvumo patogus naudoti pie\u0161tukas","robots":{"index":"index","follow":"follow","max-snippet":"max-snippet:-1","max-image-preview":"max-image-preview:large","max-video-preview":"max-video-preview:-1"},"canonical":"https:\/\/nailner.com\/lt\/produktas\/nailner-piestukas\/","og_locale":"lt_LT","og_type":"article","og_title":"\u201eNailner pie\u0161tukas 2 in 1\u201c - Nailner","og_description":"Patvirtinto efektyvumo patogus naudoti pie\u0161tukas","og_url":"https:\/\/nailner.com\/lt\/produktas\/nailner-piestukas\/","og_site_name":"Nailner","article_modified_time":"2025-04-30T07:50:44+00:00","og_image":[{"width":600,"height":600,"url":"https:\/\/nailner.com\/app\/uploads\/sites\/11\/2022\/08\/nailner-pen-2in1-baltics.png","type":"image\/png"}],"twitter_card":"summary_large_image","twitter_misc":{"Est. reading time":"2 minut\u0117s"},"schema":{"@context":"https:\/\/schema.org","@graph":[{"@type":"WebPage","@id":"https:\/\/nailner.com\/lt\/produktas\/nailner-piestukas\/","url":"https:\/\/nailner.com\/lt\/produktas\/nailner-piestukas\/","name":"\u201eNailner pie\u0161tukas 2 in 1\u201c - Nailner","isPartOf":{"@id":"https:\/\/nailner.com\/lt\/#website"},"primaryImageOfPage":{"@id":"https:\/\/nailner.com\/lt\/produktas\/nailner-piestukas\/#primaryimage"},"image":{"@id":"https:\/\/nailner.com\/lt\/produktas\/nailner-piestukas\/#primaryimage"},"thumbnailUrl":"https:\/\/nailner.com\/app\/uploads\/sites\/11\/2022\/08\/nailner-pen-2in1-baltics.png","datePublished":"2022-08-16T12:37:00+00:00","dateModified":"2025-04-30T07:50:44+00:00","description":"Patvirtinto efektyvumo patogus naudoti pie\u0161tukas","breadcrumb":{"@id":"https:\/\/nailner.com\/lt\/produktas\/nailner-piestukas\/#breadcrumb"},"inLanguage":"lt-LT","potentialAction":[{"@type":"ReadAction","target":["https:\/\/nailner.com\/lt\/produktas\/nailner-piestukas\/"]}]},{"@type":"ImageObject","inLanguage":"lt-LT","@id":"https:\/\/nailner.com\/lt\/produktas\/nailner-piestukas\/#primaryimage","url":"https:\/\/nailner.com\/app\/uploads\/sites\/11\/2022\/08\/nailner-pen-2in1-baltics.png","contentUrl":"https:\/\/nailner.com\/app\/uploads\/sites\/11\/2022\/08\/nailner-pen-2in1-baltics.png","width":600,"height":600,"caption":"nailner-pen-2in1-baltics"},{"@type":"BreadcrumbList","@id":"https:\/\/nailner.com\/lt\/produktas\/nailner-piestukas\/#breadcrumb","itemListElement":[{"@type":"ListItem","position":1,"name":"Home","item":"https:\/\/nailner.com\/lt\/"},{"@type":"ListItem","position":2,"name":"Produktai","item":"https:\/\/nailner.com\/lt\/produktai\/"},{"@type":"ListItem","position":3,"name":"\u201eNailner pie\u0161tukas 2 in 1\u201c"}]},{"@type":"WebSite","@id":"https:\/\/nailner.com\/lt\/#website","url":"https:\/\/nailner.com\/lt\/","name":"Nailner","description":"","publisher":{"@id":"https:\/\/nailner.com\/lt\/#organization"},"potentialAction":[{"@type":"SearchAction","target":{"@type":"EntryPoint","urlTemplate":"https:\/\/nailner.com\/lt\/?s={search_term_string}"},"query-input":{"@type":"PropertyValueSpecification","valueRequired":true,"valueName":"search_term_string"}}],"inLanguage":"lt-LT"},{"@type":"Organization","@id":"https:\/\/nailner.com\/lt\/#organization","name":"Nailner","url":"https:\/\/nailner.com\/lt\/","logo":{"@type":"ImageObject","inLanguage":"lt-LT","@id":"https:\/\/nailner.com\/lt\/#\/schema\/logo\/image\/","url":"https:\/\/nailner.com\/app\/uploads\/sites\/11\/2025\/04\/Nailner-logo.png","contentUrl":"https:\/\/nailner.com\/app\/uploads\/sites\/11\/2025\/04\/Nailner-logo.png","width":134,"height":32,"caption":"Nailner"},"image":{"@id":"https:\/\/nailner.com\/lt\/#\/schema\/logo\/image\/"}}]}},"_links":{"self":[{"href":"https:\/\/nailner.com\/lt\/wp-json\/wp\/v2\/product\/67","targetHints":{"allow":["GET"]}}],"collection":[{"href":"https:\/\/nailner.com\/lt\/wp-json\/wp\/v2\/product"}],"about":[{"href":"https:\/\/nailner.com\/lt\/wp-json\/wp\/v2\/types\/product"}],"replies":[{"embeddable":true,"href":"https:\/\/nailner.com\/lt\/wp-json\/wp\/v2\/comments?post=67"}],"version-history":[{"count":10,"href":"https:\/\/nailner.com\/lt\/wp-json\/wp\/v2\/product\/67\/revisions"}],"predecessor-version":[{"id":349,"href":"https:\/\/nailner.com\/lt\/wp-json\/wp\/v2\/product\/67\/revisions\/349"}],"wp:featuredmedia":[{"embeddable":true,"href":"https:\/\/nailner.com\/lt\/wp-json\/wp\/v2\/media\/303"}],"wp:attachment":[{"href":"https:\/\/nailner.com\/lt\/wp-json\/wp\/v2\/media?parent=67"}],"wp:term":[{"taxonomy":"product_brand","embeddable":true,"href":"https:\/\/nailner.com\/lt\/wp-json\/wp\/v2\/product_brand?post=67"},{"taxonomy":"product_cat","embeddable":true,"href":"https:\/\/nailner.com\/lt\/wp-json\/wp\/v2\/product_cat?post=67"},{"taxonomy":"product_tag","embeddable":true,"href":"https:\/\/nailner.com\/lt\/wp-json\/wp\/v2\/product_tag?post=67"}],"curies":[{"name":"wp","href":"https:\/\/api.w.org\/{rel}","templated":true}]}}