{"id":40,"date":"2022-10-18T09:59:36","date_gmt":"2022-10-18T06:59:36","guid":{"rendered":"https:\/\/nailner.com\/lv\/?page_id=40"},"modified":"2025-04-30T10:23:48","modified_gmt":"2025-04-30T07:23:48","slug":"buj","status":"publish","type":"page","link":"https:\/\/nailner.com\/lv\/buj\/","title":{"rendered":"BUJ"},"content":{"rendered":"\n<div class=\"wp-block-karopharma-free-text undefined bg-center bg-contain bg-no-repeat  is-style-secondary\" style=\"background-image:url()\"><div class=\"free-text-wrapper container max-w-medium text-center\">\n<h1 class=\"is-style-heading-huge wp-block-heading\">Korduma kippuvad k\u00fcsimused<\/h1>\n\n\n\n<p class=\"is-style-paragraph-preamble\">Siit leiate m\u00f5ned k\u00f5ige sagedamini esitatavad k\u00fcsimused Nailneri toodete kohta.<\/p>\n<\/div><\/div>\n\n\n\n<div class=\"wp-block-karopharma-accordions\"><div class=\"container\">\n<details class=\"wp-block-karopharma-accordion\"><summary><h2 class=\"accordion-title\">K\u0101 darbojas Nailner?<\/h2><\/summary><div class=\"accordion-content\">\n<p>Nailner formula efekt\u012bvi \u0101rst\u0113 un nov\u0113r\u0161 nagu s\u0113n\u012btes infekcijas iesp\u0113ju gan k\u0101ju, gan roku nagiem. Unik\u0101l\u0101 nes\u0113jviela \u013cauj sast\u0101vda\u013c\u0101m pies\u0101tin\u0101t nagu un c\u012bn\u012bties ar s\u0113n\u012bti t\u0101s sakn\u0113, mainot naga pH l\u012bmeni un radot nelabv\u0113l\u012bgu vidi s\u0113n\u012btes izdz\u012bvo\u0161anai.<\/p>\n<\/div><\/details>\n\n\n\n<details class=\"wp-block-karopharma-accordion\"><summary><h2 class=\"accordion-title\">Vai Nailner \u0101rst\u0113jo\u0161o l\u012bdzekli dr\u012bkst kl\u0101t uz lakotiem nagiem?<\/h2><\/summary><div class=\"accordion-content\">\n<p>N\u0113, Nailner \u0101rstnieciskos l\u012bdzek\u013cus nedr\u012bkst uzkl\u0101t lakotiem nagiem. Pirms \u0101rst\u0113\u0161anas uzs\u0101k\u0161anas nagu laka j\u0101no\u0146em.&nbsp;<\/p>\n\n\n\n<p>Nailner Treat and Color sast\u0101v\u0101 ir gaisa caurlaid\u012bga nagu laka, kuru dr\u012bkst uzkl\u0101t \u0101rst\u0113\u0161anas laik\u0101, ta\u010du t\u0101 ir j\u0101no\u0146em pirms \u0101rstniecisk\u0101 l\u012bdzek\u013ca uzkl\u0101\u0161anas.<\/p>\n<\/div><\/details>\n\n\n\n<details class=\"wp-block-karopharma-accordion\"><summary><h2 class=\"accordion-title\">Cik reiz\u0113m pietiek ar Nailner 2 in 1?<\/h2><\/summary><div class=\"accordion-content\">\n<p>Nailner pudel\u012bt\u0113 ar oti\u0146u ir 5 ml, aptuveni \u2013 300 reiz\u0113m.<\/p>\n\n\n\n<p>Nailner z\u012bmul\u012b ir 4 ml, aptuveni \u2013 400 reiz\u0113m.<\/p>\n<\/div><\/details>\n\n\n\n<details class=\"wp-block-karopharma-accordion\"><summary><h2 class=\"accordion-title\">Cik reiz\u0113m pietiek ar Nailner Regular?<\/h2><\/summary><div class=\"accordion-content\">\n<p>Taj\u0101 ir 5 ml, aptuveni \u2013 300 reiz\u0113m.<\/p>\n<\/div><\/details>\n\n\n\n<details class=\"wp-block-karopharma-accordion\"><summary><h2 class=\"accordion-title\">Cik reiz\u0113m pietiek ar Nailner Active Cover?<\/h2><\/summary><div class=\"accordion-content\">\n<p>Aptuveni 540 reiz\u0113m.<\/p>\n<\/div><\/details>\n\n\n\n<details class=\"wp-block-karopharma-accordion\"><summary><h2 class=\"accordion-title\">Cik reiz\u0113m pietiek ar Nailner gaisa caurlaid\u012bgo nagu laku?<\/h2><\/summary><div class=\"accordion-content\">\n<p>Taj\u0101 ir 5 ml, aptuveni \u2013 250 reiz\u0113m.&nbsp;<\/p>\n<\/div><\/details>\n\n\n\n<details class=\"wp-block-karopharma-accordion\"><summary><h2 class=\"accordion-title\">K\u0101ds ir Nailner Regular sast\u0101vs?<\/h2><\/summary><div class=\"accordion-content\">\n<p>Etillakt\u0101ts, \u016bdens, glicer\u012bns, piensk\u0101be, citronsk\u0101be.<\/p>\n<\/div><\/details>\n\n\n\n<details class=\"wp-block-karopharma-accordion\"><summary><h2 class=\"accordion-title\">K\u0101ds ir Nailner 2 in 1 oti\u0146as un z\u012bmu\u013ca sast\u0101vs?<\/h2><\/summary><div class=\"accordion-content\">\n<p>Etillakt\u0101ts, \u016bdens, glicer\u012bns, piensk\u0101be, citronsk\u0101be, rezacetofenons.<\/p>\n<\/div><\/details>\n\n\n\n<details class=\"wp-block-karopharma-accordion\"><summary><h2 class=\"accordion-title\">K\u0101ds ir Nailner Active Cover sast\u0101vs?<\/h2><\/summary><div class=\"accordion-content\">\n<p>\u016adens, poliuret\u0101ns, eti\u0137sk\u0101be, polisorb\u0101ts 80, cetilacet\u0101ts, acetil\u0113ta lanol\u012bna alkoholi, m\u012bkstino\u0161\u0101s vielas, viskozit\u0101tes modific\u0113t\u0101js, kr\u0101svielas, benzilspirts un citi konservanti, prie\u017eu skuju e\u013c\u013ca biot\u012bns.<\/p>\n<\/div><\/details>\n\n\n\n<details class=\"wp-block-karopharma-accordion\"><summary><h2 class=\"accordion-title\">K\u0101ds ir Nailner Treat &#038; Color sast\u0101vs?<\/h2><\/summary><div class=\"accordion-content\">\n<p>Etillakt\u0101ts, glicer\u012bns, \u016bdens, piensk\u0101be, citronsk\u0101be.<\/p>\n<\/div><\/details>\n\n\n\n<details class=\"wp-block-karopharma-accordion\"><summary><h2 class=\"accordion-title\">K\u0101ds ir Nailner Breathable Nail Polish sast\u0101vs?<\/h2><\/summary><div class=\"accordion-content\">\n<p>Butilacet\u0101ts, etilacet\u0101ts, nitroceluloze, acetiltributilcitr\u0101ts, izopropilspirts, adip\u012bnsk\u0101be\/neopentilglikols\/trimelitsk\u0101bes anhidr\u012bda kopolim\u0113rs, CI 77891, polietilmetakril\u0101ts, saharozes acet\u0101ta izobutir\u0101ts, stearalkonium benton\u012bts, sil\u012bcija oks\u012bds, diacetona spirts, benzofenons-1, Cl 77491, CI 77499, n-butilspirts, trimetilpent\u0101ndi\u0101la dibenzo\u0101ts, CI 19140, poliuret\u0101ns-67, dimetikons, metoksiizopropila acet\u0101ts, trimetilsiloksisilik\u0101ts, decilspirts, fosforsk\u0101be.<\/p>\n<\/div><\/details>\n\n\n\n<details class=\"wp-block-karopharma-accordion\"><summary><h2 class=\"accordion-title\">Vai Nailner produktus var izmantot cilv\u0113ki ar cukura diab\u0113tu un tie, kuriem ir asinsrites trauc\u0113jumi?<\/h2><\/summary><div class=\"accordion-content\">\n<p>Ja slimojat ar cukura diab\u0113tu vai jums ir asinsrites trauc\u0113jumi, pirms Nailner lieto\u0161anas konsult\u0113jieties ar \u0101rstu.<\/p>\n<\/div><\/details>\n\n\n\n<details class=\"wp-block-karopharma-accordion\"><summary><h2 class=\"accordion-title\">Vai Nailner produktus var lietot gr\u016btniec\u012bbas un baro\u0161anas ar kr\u016bti period\u0101?<\/h2><\/summary><div class=\"accordion-content\">\n<p>Nailner dro\u0161\u012bba lieto\u0161an\u0101 sieviet\u0113m gr\u016btniec\u012bbas un baro\u0161anas ar kr\u016bti period\u0101 nav speci\u0101li p\u0113t\u012bta. Parasti gr\u016btniec\u0113m un z\u012bdo\u0161\u0101m sieviet\u0113m, kuras grib\u0113tu \u0101rst\u0113t nagu s\u0113n\u012bti, pirms \u0101rst\u0113\u0161anas s\u0101k\u0161anas vajadz\u0113tu konsult\u0113ties ar \u0101rstu.<\/p>\n<\/div><\/details>\n\n\n\n<details class=\"wp-block-karopharma-accordion\"><summary><h2 class=\"accordion-title\">Vai b\u0113rni var lietot Nailner produktus?<\/h2><\/summary><div class=\"accordion-content\">\n<p>Nailner produktu lieto\u0161anai nav vecuma ierobe\u017eojumu, tom\u0113r konsult\u0113jieties ar \u0101rstu, ja b\u0113rns ir jaun\u0101ks par 16 gadu vecumu. T\u0101p\u0113c ka nagu s\u0113n\u012bte b\u0113rniem par\u0101d\u0101s reti, iesak\u0101m pirms lieto\u0161anas konsult\u0113ties ar \u0101rstu. Ja \u0101rsts apstiprina, ka b\u0113rnam ir nagu s\u0113n\u012bte, var lietot Nailner produktu.<\/p>\n<\/div><\/details>\n\n\n\n<details class=\"wp-block-karopharma-accordion\"><summary><h2 class=\"accordion-title\">Vai izmantojot \u0101rstniecisko l\u012bdzekli vair\u0101k nek\u0101 vienam nagam, var infic\u0113t ar\u012b p\u0101r\u0113jos nagus?<\/h2><\/summary><div class=\"accordion-content\">\n<p>Nailner \u0101rstnieciskajos l\u012bdzek\u013cos ir sast\u0101vda\u013cas, kuras c\u012bn\u0101s ar nagu s\u0113n\u012bti, t\u0101p\u0113c uzkl\u0101\u0161anas laik\u0101 s\u0113n\u012bte nevar izplat\u012bties un infic\u0113t citus nagus.<\/p>\n<\/div><\/details>\n\n\n\n<details class=\"wp-block-karopharma-accordion\"><summary><h2 class=\"accordion-title\">Cik ilgi man j\u0101lieto Nailner<\/h2><\/summary><div class=\"accordion-content\">\n<p>Pirm\u0101s \u010detras ned\u0113\u013cas \u0101rst\u0113jiet infic\u0113to (-os) nagu (-us) divreiz dien\u0101, bet v\u0113l\u0101k \u2013 vienreiz dien\u0101, l\u012bdz kam\u0113r boj\u0101to nagu nomain\u012bs vesel\u012bga izskata nags. \u0100rst\u0113\u0161anas laik\u0101 ar\u012b uz veselajiem nagiem profilaktiski izmantojiet Nailner l\u012bdzek\u013cus (pietiek vienreiz dien\u0101).<\/p>\n<\/div><\/details>\n\n\n\n<details class=\"wp-block-karopharma-accordion\"><summary><h2 class=\"accordion-title\">Cik ilgs laiks paiet, l\u012bdz kam\u0113r nagi atkal izskat\u0101s veseli?<\/h2><\/summary><div class=\"accordion-content\">\n<p>Tas ir atkar\u012bgs no t\u0101, kur\u0161 Nailner produkts tiek izmantots. Nailner 2in1 ac\u012bmredzami rezult\u0101ti par\u0101d\u0101s p\u0113c 1 ned\u0113\u013cas, jo l\u012bdzeklis nagu padara gai\u0161\u0101ku. Lai nags piln\u012bb\u0101 atg\u016btos, vecajam nagam j\u0101noaug un to j\u0101nomaina jaunam, veselam nagam. Laiks, kur\u0101 izaug vesels nags, ir atkar\u012bgs no infekcijas smaguma pak\u0101pes, naga biezuma un infekcijas izplat\u012bbas. K\u0101ju nagu ataug\u0161ana parasti var aiz\u0146emt laiku l\u012bdz 12 m\u0113ne\u0161iem, roku nagu \u2013 \u0101tr\u0101k.<\/p>\n<\/div><\/details>\n\n\n\n<details class=\"wp-block-karopharma-accordion\"><summary><h2 class=\"accordion-title\">K\u0101 zin\u0101t, kad z\u012bmulis ir tuk\u0161s?<\/h2><\/summary><div class=\"accordion-content\">\n<p>Uzkl\u0101jot l\u012bdzekli uz naga, pirms l\u012bdzeklis ies\u016bcas nag\u0101, uz t\u0101 j\u0101izveidojas pl\u0101nai sp\u012bd\u012bgai k\u0101rti\u0146ai. T\u0101pat z\u012bmuli varat izm\u0113\u0123in\u0101t uz pap\u012bra lapas, ja t\u0101 z\u012bmulis uz pap\u012bra atst\u0101j slapju l\u012bniju, tas noz\u012bm\u0113, ka z\u012bmul\u012b v\u0113l ir atlicis \u0161\u0137\u012bdums.<\/p>\n<\/div><\/details>\n\n\n\n<details class=\"wp-block-karopharma-accordion\"><summary><h2 class=\"accordion-title\">K\u0101 b\u016btu j\u0101uzglab\u0101 Nailner produktus?<\/h2><\/summary><div class=\"accordion-content\">\n<p>Nailner produkti j\u0101uzglab\u0101 istabas temperat\u016br\u0101 un b\u0113rniem nepieejam\u0101 viet\u0101.<\/p>\n<\/div><\/details>\n\n\n\n<details class=\"wp-block-karopharma-accordion\"><summary><h2 class=\"accordion-title\">Vai Nailner produkti satur t\u0113jas koka e\u013c\u013cu?<\/h2><\/summary><div class=\"accordion-content\">\n<p>Nailner produktos nav t\u0113jas koka e\u013c\u013cas.<\/p>\n<\/div><\/details>\n<\/div><\/div>\n","protected":false},"excerpt":{"rendered":"","protected":false},"author":3,"featured_media":0,"parent":0,"menu_order":0,"comment_status":"closed","ping_status":"closed","template":"","meta":{"_acf_changed":false,"footnotes":""},"from-article-database":[],"class_list":["post-40","page","type-page","status-publish","hentry"],"acf":[],"yoast_head":"<!-- This site is optimized with the Yoast SEO plugin v26.6 - https:\/\/yoast.com\/wordpress\/plugins\/seo\/ -->\n<title>BUJ - Nailner<\/title>\n<meta name=\"description\" content=\"Nailner formula efekt\u012bvi \u0101rst\u0113 un nov\u0113r\u0161 nagu s\u0113n\u012btes infekcijas iesp\u0113ju gan k\u0101ju, gan roku nagiem.Unik\u0101l\u0101 nes\u0113jviela \u013cauj sast\u0101vda\u013c\u0101m pies\u0101tin\u0101t nagu un c\u012bn\u012bties ar s\u0113n\u012bti t\u0101s sakn\u0113, mainot naga pH l\u012bmeni un radot nelabv\u0113l\u012bgu vidi s\u0113n\u012btes izdz\u012bvo\u0161anai.\" \/>\n<meta name=\"robots\" content=\"index, follow, max-snippet:-1, max-image-preview:large, max-video-preview:-1\" \/>\n<link rel=\"canonical\" href=\"https:\/\/nailner.com\/lv\/buj\/\" \/>\n<meta property=\"og:locale\" content=\"lv_LV\" \/>\n<meta property=\"og:type\" content=\"article\" \/>\n<meta property=\"og:title\" content=\"BUJ - Nailner\" \/>\n<meta property=\"og:description\" content=\"Nailner formula efekt\u012bvi \u0101rst\u0113 un nov\u0113r\u0161 nagu s\u0113n\u012btes infekcijas iesp\u0113ju gan k\u0101ju, gan roku nagiem.Unik\u0101l\u0101 nes\u0113jviela \u013cauj sast\u0101vda\u013c\u0101m pies\u0101tin\u0101t nagu un c\u012bn\u012bties ar s\u0113n\u012bti t\u0101s sakn\u0113, mainot naga pH l\u012bmeni un radot nelabv\u0113l\u012bgu vidi s\u0113n\u012btes izdz\u012bvo\u0161anai.\" \/>\n<meta property=\"og:url\" content=\"https:\/\/nailner.com\/lv\/buj\/\" \/>\n<meta property=\"og:site_name\" content=\"Nailner\" \/>\n<meta property=\"article:modified_time\" content=\"2025-04-30T07:23:48+00:00\" \/>\n<meta name=\"twitter:card\" content=\"summary_large_image\" \/>\n<meta name=\"twitter:label1\" content=\"Est. reading time\" \/>\n\t<meta name=\"twitter:data1\" content=\"4 minutes\" \/>\n<script type=\"application\/ld+json\" class=\"yoast-schema-graph\">{\"@context\":\"https:\/\/schema.org\",\"@graph\":[{\"@type\":\"WebPage\",\"@id\":\"https:\/\/nailner.com\/lv\/buj\/\",\"url\":\"https:\/\/nailner.com\/lv\/buj\/\",\"name\":\"BUJ - Nailner\",\"isPartOf\":{\"@id\":\"https:\/\/nailner.com\/lv\/#website\"},\"datePublished\":\"2022-10-18T06:59:36+00:00\",\"dateModified\":\"2025-04-30T07:23:48+00:00\",\"description\":\"Nailner formula efekt\u012bvi \u0101rst\u0113 un nov\u0113r\u0161 nagu s\u0113n\u012btes infekcijas iesp\u0113ju gan k\u0101ju, gan roku nagiem.Unik\u0101l\u0101 nes\u0113jviela \u013cauj sast\u0101vda\u013c\u0101m pies\u0101tin\u0101t nagu un c\u012bn\u012bties ar s\u0113n\u012bti t\u0101s sakn\u0113, mainot naga pH l\u012bmeni un radot nelabv\u0113l\u012bgu vidi s\u0113n\u012btes izdz\u012bvo\u0161anai.\",\"breadcrumb\":{\"@id\":\"https:\/\/nailner.com\/lv\/buj\/#breadcrumb\"},\"inLanguage\":\"lv-LV\",\"potentialAction\":[{\"@type\":\"ReadAction\",\"target\":[\"https:\/\/nailner.com\/lv\/buj\/\"]}]},{\"@type\":\"BreadcrumbList\",\"@id\":\"https:\/\/nailner.com\/lv\/buj\/#breadcrumb\",\"itemListElement\":[{\"@type\":\"ListItem\",\"position\":1,\"name\":\"Home\",\"item\":\"https:\/\/nailner.com\/lv\/\"},{\"@type\":\"ListItem\",\"position\":2,\"name\":\"BUJ\"}]},{\"@type\":\"WebSite\",\"@id\":\"https:\/\/nailner.com\/lv\/#website\",\"url\":\"https:\/\/nailner.com\/lv\/\",\"name\":\"Nailner\",\"description\":\"\",\"publisher\":{\"@id\":\"https:\/\/nailner.com\/lv\/#organization\"},\"potentialAction\":[{\"@type\":\"SearchAction\",\"target\":{\"@type\":\"EntryPoint\",\"urlTemplate\":\"https:\/\/nailner.com\/lv\/?s={search_term_string}\"},\"query-input\":{\"@type\":\"PropertyValueSpecification\",\"valueRequired\":true,\"valueName\":\"search_term_string\"}}],\"inLanguage\":\"lv-LV\"},{\"@type\":\"Organization\",\"@id\":\"https:\/\/nailner.com\/lv\/#organization\",\"name\":\"Nailner\",\"url\":\"https:\/\/nailner.com\/lv\/\",\"logo\":{\"@type\":\"ImageObject\",\"inLanguage\":\"lv-LV\",\"@id\":\"https:\/\/nailner.com\/lv\/#\/schema\/logo\/image\/\",\"url\":\"https:\/\/nailner.com\/app\/uploads\/sites\/14\/2025\/04\/Nailner-logo.png\",\"contentUrl\":\"https:\/\/nailner.com\/app\/uploads\/sites\/14\/2025\/04\/Nailner-logo.png\",\"width\":134,\"height\":32,\"caption\":\"Nailner\"},\"image\":{\"@id\":\"https:\/\/nailner.com\/lv\/#\/schema\/logo\/image\/\"}}]}<\/script>\n<!-- \/ Yoast SEO plugin. -->","yoast_head_json":{"title":"BUJ - Nailner","description":"Nailner formula efekt\u012bvi \u0101rst\u0113 un nov\u0113r\u0161 nagu s\u0113n\u012btes infekcijas iesp\u0113ju gan k\u0101ju, gan roku nagiem.Unik\u0101l\u0101 nes\u0113jviela \u013cauj sast\u0101vda\u013c\u0101m pies\u0101tin\u0101t nagu un c\u012bn\u012bties ar s\u0113n\u012bti t\u0101s sakn\u0113, mainot naga pH l\u012bmeni un radot nelabv\u0113l\u012bgu vidi s\u0113n\u012btes izdz\u012bvo\u0161anai.","robots":{"index":"index","follow":"follow","max-snippet":"max-snippet:-1","max-image-preview":"max-image-preview:large","max-video-preview":"max-video-preview:-1"},"canonical":"https:\/\/nailner.com\/lv\/buj\/","og_locale":"lv_LV","og_type":"article","og_title":"BUJ - Nailner","og_description":"Nailner formula efekt\u012bvi \u0101rst\u0113 un nov\u0113r\u0161 nagu s\u0113n\u012btes infekcijas iesp\u0113ju gan k\u0101ju, gan roku nagiem.Unik\u0101l\u0101 nes\u0113jviela \u013cauj sast\u0101vda\u013c\u0101m pies\u0101tin\u0101t nagu un c\u012bn\u012bties ar s\u0113n\u012bti t\u0101s sakn\u0113, mainot naga pH l\u012bmeni un radot nelabv\u0113l\u012bgu vidi s\u0113n\u012btes izdz\u012bvo\u0161anai.","og_url":"https:\/\/nailner.com\/lv\/buj\/","og_site_name":"Nailner","article_modified_time":"2025-04-30T07:23:48+00:00","twitter_card":"summary_large_image","twitter_misc":{"Est. reading time":"4 minutes"},"schema":{"@context":"https:\/\/schema.org","@graph":[{"@type":"WebPage","@id":"https:\/\/nailner.com\/lv\/buj\/","url":"https:\/\/nailner.com\/lv\/buj\/","name":"BUJ - Nailner","isPartOf":{"@id":"https:\/\/nailner.com\/lv\/#website"},"datePublished":"2022-10-18T06:59:36+00:00","dateModified":"2025-04-30T07:23:48+00:00","description":"Nailner formula efekt\u012bvi \u0101rst\u0113 un nov\u0113r\u0161 nagu s\u0113n\u012btes infekcijas iesp\u0113ju gan k\u0101ju, gan roku nagiem.Unik\u0101l\u0101 nes\u0113jviela \u013cauj sast\u0101vda\u013c\u0101m pies\u0101tin\u0101t nagu un c\u012bn\u012bties ar s\u0113n\u012bti t\u0101s sakn\u0113, mainot naga pH l\u012bmeni un radot nelabv\u0113l\u012bgu vidi s\u0113n\u012btes izdz\u012bvo\u0161anai.","breadcrumb":{"@id":"https:\/\/nailner.com\/lv\/buj\/#breadcrumb"},"inLanguage":"lv-LV","potentialAction":[{"@type":"ReadAction","target":["https:\/\/nailner.com\/lv\/buj\/"]}]},{"@type":"BreadcrumbList","@id":"https:\/\/nailner.com\/lv\/buj\/#breadcrumb","itemListElement":[{"@type":"ListItem","position":1,"name":"Home","item":"https:\/\/nailner.com\/lv\/"},{"@type":"ListItem","position":2,"name":"BUJ"}]},{"@type":"WebSite","@id":"https:\/\/nailner.com\/lv\/#website","url":"https:\/\/nailner.com\/lv\/","name":"Nailner","description":"","publisher":{"@id":"https:\/\/nailner.com\/lv\/#organization"},"potentialAction":[{"@type":"SearchAction","target":{"@type":"EntryPoint","urlTemplate":"https:\/\/nailner.com\/lv\/?s={search_term_string}"},"query-input":{"@type":"PropertyValueSpecification","valueRequired":true,"valueName":"search_term_string"}}],"inLanguage":"lv-LV"},{"@type":"Organization","@id":"https:\/\/nailner.com\/lv\/#organization","name":"Nailner","url":"https:\/\/nailner.com\/lv\/","logo":{"@type":"ImageObject","inLanguage":"lv-LV","@id":"https:\/\/nailner.com\/lv\/#\/schema\/logo\/image\/","url":"https:\/\/nailner.com\/app\/uploads\/sites\/14\/2025\/04\/Nailner-logo.png","contentUrl":"https:\/\/nailner.com\/app\/uploads\/sites\/14\/2025\/04\/Nailner-logo.png","width":134,"height":32,"caption":"Nailner"},"image":{"@id":"https:\/\/nailner.com\/lv\/#\/schema\/logo\/image\/"}}]}},"_links":{"self":[{"href":"https:\/\/nailner.com\/lv\/wp-json\/wp\/v2\/pages\/40","targetHints":{"allow":["GET"]}}],"collection":[{"href":"https:\/\/nailner.com\/lv\/wp-json\/wp\/v2\/pages"}],"about":[{"href":"https:\/\/nailner.com\/lv\/wp-json\/wp\/v2\/types\/page"}],"author":[{"embeddable":true,"href":"https:\/\/nailner.com\/lv\/wp-json\/wp\/v2\/users\/3"}],"replies":[{"embeddable":true,"href":"https:\/\/nailner.com\/lv\/wp-json\/wp\/v2\/comments?post=40"}],"version-history":[{"count":7,"href":"https:\/\/nailner.com\/lv\/wp-json\/wp\/v2\/pages\/40\/revisions"}],"predecessor-version":[{"id":154,"href":"https:\/\/nailner.com\/lv\/wp-json\/wp\/v2\/pages\/40\/revisions\/154"}],"wp:attachment":[{"href":"https:\/\/nailner.com\/lv\/wp-json\/wp\/v2\/media?parent=40"}],"wp:term":[{"taxonomy":"from-article-database","embeddable":true,"href":"https:\/\/nailner.com\/lv\/wp-json\/wp\/v2\/from-article-database?post=40"}],"curies":[{"name":"wp","href":"https:\/\/api.w.org\/{rel}","templated":true}]}}