{"id":48,"date":"2022-10-18T11:16:54","date_gmt":"2022-10-18T08:16:54","guid":{"rendered":"https:\/\/nailner.com\/lv\/?page_id=48"},"modified":"2025-04-30T10:23:47","modified_gmt":"2025-04-30T07:23:47","slug":"par-nailner","status":"publish","type":"page","link":"https:\/\/nailner.com\/lv\/par-nailner\/","title":{"rendered":"Par Nailner\u00a0"},"content":{"rendered":"\n<div class=\"wp-block-karopharma-background-image-with-text-v2 background-image-with-text-v2 undefined content-position-center fixed-height-layout\" datatest=\"root\"><div class=\"background-image-with-text-wrapper\"><picture class=\"background-image-with-text-image\"><source media=\"(max-width: 560px)\" srcset=\"https:\/\/nailner.com\/cdn-cgi\/image\/format=auto,width=560\/app\/uploads\/sites\/14\/2023\/12\/Hero-Image-3.jpg\"\/><source media=\"(max-width: 800px)\" srcset=\"https:\/\/nailner.com\/cdn-cgi\/image\/format=auto,width=800\/app\/uploads\/sites\/14\/2023\/12\/Hero-Image-3.jpg\"\/><source media=\"(max-width: 1920px)\" srcset=\"https:\/\/nailner.com\/cdn-cgi\/image\/format=auto,width=1920\/app\/uploads\/sites\/14\/2023\/12\/Hero-Image-3.jpg\"\/><img decoding=\"async\" width=\"2560\" height=\"999\" datatest=\"background-image\" loading=\"lazy\" class=\"object-center object-cover\" src=\"https:\/\/nailner.com\/cdn-cgi\/image\/format=auto\/app\/uploads\/sites\/14\/2023\/12\/Hero-Image-3.jpg\" alt=\"Hero-Image-3\"\/><\/picture><div datatest=\"content-wrapper\" class=\"background-image-with-text-content-wrapper container max-w-medium text-alignment-left  pt-large pb-large\"><div class=\"content\">\n<div class=\"wp-block-buttons is-layout-flex wp-block-buttons-is-layout-flex\"><\/div>\n<\/div><\/div><\/div><\/div>\n\n\n\n<div class=\"wp-block-karopharma-free-text undefined bg-center bg-contain bg-no-repeat  is-style-secondary\" style=\"background-image:url()\"><div class=\"free-text-wrapper container max-w-medium text-center\">\n<h1 class=\"is-style-heading-huge wp-block-heading\">Par \u201eNailner\u201d<\/h1>\n\n\n\n<p class=\"is-style-paragraph-preamble\">Ja par\u0101d\u0101s nagu s\u0113n\u012bte, j\u016bs v\u0113laties p\u0113c iesp\u0113jas \u0101tr\u0101k un vienk\u0101r\u0161\u0101k atbr\u012bvoties \u0161\u012bs probl\u0113mas, lai jums atkal b\u016btu vesel\u012bgi nagi.<\/p>\n\n\n\n<p>T\u0101p\u0113c \u201eNailner\u201d nagu s\u0113n\u012btes \u0101rst\u0113\u0161anas l\u012bdzek\u013ci \u0101tri ies\u016bcas nag\u0101, un to kl\u012bniski pier\u0101d\u012bt\u0101 efektivit\u0101te pal\u012bdz \u0101rst\u0113t un pasarg\u0101t nagus no nagu s\u0113n\u012btes. M\u0113s pied\u0101v\u0101jam produktus, kas uzlabo nagu izskatu jau 7 dienu laik\u0101, pal\u012bdz nosl\u0113pt nagu s\u0113n\u012bti un nekav\u0113joties nov\u0113rst nagu kr\u0101sas izmai\u0146as.<\/p>\n\n\n\n<p>Visiem, kas v\u0113las dabiskus vai kr\u0101sotus, vesel\u012bg\u0101ka izskata nagus vai vienk\u0101r\u0161i v\u0113las iz\u0101rst\u0113t infekciju, \u201eNailner\u201d pied\u0101v\u0101 tie\u0161i \u0161im m\u0113r\u0137im paredz\u0113tu produktu.<\/p>\n<\/div><\/div>\n\n\n\n<div class=\"wp-block-karopharma-accordions\"><div class=\"container\">\n<details class=\"wp-block-karopharma-accordion\"><summary><h2 class=\"accordion-title\">Cik ilgi ilgst \u0101rst\u0113\u0161ana?<\/h2><\/summary><div class=\"accordion-content\">\n<p>\u0100rst\u0113\u0161anas periods infekcijas izn\u012bcin\u0101\u0161anai parasti ilgst 12 ned\u0113\u013cas, ta\u010du jaunajam nagam v\u0113l vajadz\u0113s ataugt, bet tas var aiz\u0146emt laiku l\u012bdz 12 m\u0113ne\u0161iem.<\/p>\n<\/div><\/details>\n\n\n\n<details class=\"wp-block-karopharma-accordion\"><summary><h2 class=\"accordion-title\">Kad nags s\u0101ks izskat\u012bties vesel\u012bg\u0101k?<\/h2><\/summary><div class=\"accordion-content\">\n<p>At\u0161\u0137ir\u012bgi no liel\u0101k\u0101s da\u013cas \u0101rst\u0113\u0161anas meto\u017eu, Nailner produkti \u0101tri uzlabo naga izskatu vai \u0101rst\u0113 un mask\u0113 nagus, kuri neizskat\u0101s skaisti, lai jau \u0101rst\u0113\u0161anas laik\u0101 jums b\u016btu nagi, kas izskat\u0101s veseli un skaisti.<\/p>\n<\/div><\/details>\n\n\n\n<details class=\"wp-block-karopharma-accordion\"><summary><h2 class=\"accordion-title\">Vai pirms \u0101rst\u0113\u0161anas j\u0101nov\u012bl\u0113 nags?<\/h2><\/summary><div class=\"accordion-content\">\n<p>Visi Nailner produkti ir viegli un vienk\u0101r\u0161i lietojami. Tas aiz\u0146ems tikai 1\u20132 min\u016btes dien\u0101, bet pirms produkta uzkl\u0101\u0161anas nagu v\u012bl\u0113t nevajadz\u0113s.&nbsp;<\/p>\n<\/div><\/details>\n\n\n\n<details class=\"wp-block-karopharma-accordion\"><summary><h2 class=\"accordion-title\">K\u0101 darbojas \u0101rst\u0113\u0161ana ar Nailner?<\/h2><\/summary><div class=\"accordion-content\">\n<p>Visi Nailner produkti darbojas, dzi\u013ci ies\u016bcoties naga kerat\u012bna sl\u0101n\u012b un samazinot infic\u0113t\u0101 naga pH l\u012bmeni. Tas rada s\u0113n\u012btei nelabv\u0113l\u012bgu vidi, nov\u0113r\u0161 infekciju un ne\u013cauj tai izplat\u012bties uz citiem nagiem vai atk\u0101rtoti atgriezties. Nailner produktos ir ar\u012b nagu mitrino\u0161as sast\u0101vda\u013cas, kuras uzlabo boj\u0101to nagu st\u0101vokli. Vienk\u0101r\u0161i uzkl\u0101jiet \u0161\u0137\u012bdumu ar pievienoto oti\u0146u vai z\u012bmuli un viss, pirms produkta uzkl\u0101\u0161anas nags pat nav j\u0101v\u012bl\u0113. Kl\u012bnisko p\u0113t\u012bjumu laik\u0101 visiem pacientiem tika iz\u0101rst\u0113ta nagu s\u0113n\u012bte, izmantojot Nailner katru dienu 12 ned\u0113\u013cas. Nailner sast\u0101v\u0101 ir sast\u0101vda\u013cas, kuras neboj\u0101 nagu, t\u0101p\u0113c Nailner var izmantot gan nagu s\u0113n\u012btes \u0101rst\u0113\u0161an\u0101, gan profilaktisk\u0101 nol\u016bk\u0101.&nbsp;<br><\/p>\n<\/div><\/details>\n<\/div><\/div>\n\n\n\n<div class=\"wp-block-karopharma-free-text undefined bg-center bg-contain bg-no-repeat\" style=\"background-image:url()\"><div class=\"free-text-wrapper container max-w-medium text-left\">\n<h2 class=\"is-style-heading-h2 wp-block-heading\">Nailner nagu s\u0113n\u012bti \u0101rst\u0113 ar diviem b\u016btiskiem veidiem:<\/h2>\n\n\n\n<h3 class=\"is-style-heading-h3 wp-block-heading\">Naga pies\u0101tin\u0101\u0161ana:&nbsp;<\/h3>\n\n\n\n<p>S\u0113n\u012bte ir ne tikai naga virspus\u0113, bet gan vis\u0101 naga strukt\u016br\u0101. Nailner efekt\u012bvi ies\u016bcas nag\u0101 un pies\u0101tina to, izn\u012bcinot visu taj\u0101 eso\u0161o s\u0113n\u012bti. Nailner akt\u012bv\u0101s vielas skar ne tikai naga virspusi, bet dzi\u013ci ies\u016bcas nag\u0101.<\/p>\n\n\n\n<h3 class=\"is-style-heading-h4 wp-block-heading\">pH l\u012bme\u0146a samazin\u0101\u0161ana, lai izn\u012bcin\u0101tu s\u0113n\u012bti:&nbsp;<\/h3>\n\n\n\n<p>Ir pier\u0101d\u012bts, ka s\u0113n\u012btei ir piem\u0113rot\u0101ka s\u0101rmaina pH vide. S\u0113n\u012bte izdala vielas, kuras sa\u0161\u0137e\u013c kerat\u012bnu un izraisa redzamus boj\u0101jumus, kuri saist\u012bti ar nagu infekcij\u0101m. Nailner satur piensk\u0101bi, kura mazina pH l\u012bmeni un rada nelabv\u0113l\u012bgu vidi s\u0113n\u012btes izdz\u012bvo\u0161anai.<\/p>\n<\/div><\/div>\n\n\n<div class=\"product-list wp-block-karopharma-product-list\" data-testid=\"product-list\">\n      <div class=\"swiper-container\">\n      <div class=\"swiper\">\n        <div class=\"swiper-wrapper\">\n                      <div class=\"swiper-slide\">\n              <div class=\"product-card\" data-testid=\"product-card\">\n  <a\n    href=https:\/\/nailner.com\/lv\/produkts\/nailner-2-in-1-brush\/\n    class=\"product-card-link\"\n    title=\"Nailner 2 in 1\"\n  >\n  <figure class=\"product-card-image\" data-testid=\"product-image\">\n                          <img decoding=\"async\" src=\"https:\/\/nailner.com\/cdn-cgi\/image\/width=700,format=auto\/app\/uploads\/sites\/14\/2022\/11\/nailner-brush-2in1-baltics.png\"\n        srcset=\"https:\/\/nailner.com\/cdn-cgi\/image\/width=250,format=auto\/app\/uploads\/sites\/14\/2022\/11\/nailner-brush-2in1-baltics.png 250w,\n                https:\/\/nailner.com\/cdn-cgi\/image\/width=500,format=auto\/app\/uploads\/sites\/14\/2022\/11\/nailner-brush-2in1-baltics.png 500w,\n                https:\/\/nailner.com\/cdn-cgi\/image\/width=700,format=auto\/app\/uploads\/sites\/14\/2022\/11\/nailner-brush-2in1-baltics.png 700w\"\n        sizes=\"(max-width: 400px) 250px, (max-width: 800px) 500px, 700px\"\n        alt=\"Nailner 2 in 1\"\n        class=\"img\">\n            <\/figure>\n    <div class=\"product-card-content\">\n      <div class=\"heading-wrapper\">\n        <h2 class=\"heading\">Nailner 2 in 1<\/h2>\n      <\/div>\n      <div class=\"product-card-description\"><\/div>\n                      <\/div>\n  <\/a>\n          <div class=\"button-wrapper buy-now \" data-testid=\"buy-now\">\n      <div class=\"buy-now-container dropdown-container\">\n      <div class=\"theme-button button-primary-color dropdown-link\" aria-label=\"Pirkt tagad\">\n          Pirkt tagad <i class=\"dropdown\"><\/i>\n      <\/div>\n      <ul class=\"reseller-list submenu\">\n                    <li>\n              <a\n                href=\"https:\/\/www.apotheka.lv\/nailner-otina-2in1-5ml-n1-pmm0140300lv\" onclick=\"dataLayer.push({'event':'ga_event', 'eventCategory':'Click on Reseller', 'eventAction':'Apotheka', 'eventLabel':'Nailner 2 in 1', 'eventValue': undefined})\" rel=\"noopener\" target=\"_blank\" title=\"Apotheka\"\n                data-testid=\"buy-now-reseller\">\n                <i class=\"fa-solid fa-arrow-right\"><\/i> Apotheka\n              <\/a>\n          <\/li>\n                    <li>\n              <a\n                href=\"https:\/\/www.benu.lv\/e-aptieka\/skaistums-un-adas-kopsana\/kermena-kopsana\/roku-un-nagu-kopsana\/nailner-2in1-otina-pret-nagu-seniti-5ml\" onclick=\"dataLayer.push({'event':'ga_event', 'eventCategory':'Click on Reseller', 'eventAction':'Benu', 'eventLabel':'Nailner 2 in 1', 'eventValue': undefined})\" rel=\"noopener\" target=\"_blank\" title=\"Benu\"\n                data-testid=\"buy-now-reseller\">\n                <i class=\"fa-solid fa-arrow-right\"><\/i> Benu\n              <\/a>\n          <\/li>\n                    <li>\n              <a\n                href=\"https:\/\/internetaptieka.lv\/nailner-brush-pretsenisu-laka-300-reizem\" onclick=\"dataLayer.push({'event':'ga_event', 'eventCategory':'Click on Reseller', 'eventAction':'Internet Aptieka', 'eventLabel':'Nailner 2 in 1', 'eventValue': undefined})\" rel=\"noopener\" target=\"_blank\" title=\"Internet Aptieka\"\n                data-testid=\"buy-now-reseller\">\n                <i class=\"fa-solid fa-arrow-right\"><\/i> Internet Aptieka\n              <\/a>\n          <\/li>\n                    <li>\n              <a\n                href=\"https:\/\/e-menessaptieka.lv\/p\/nailner-brush-otina-pret-nagu-seniti-5-ml-1142370\" onclick=\"dataLayer.push({'event':'ga_event', 'eventCategory':'Click on Reseller', 'eventAction':'Meness Aptieka', 'eventLabel':'Nailner 2 in 1', 'eventValue': undefined})\" rel=\"noopener\" target=\"_blank\" title=\"Meness Aptieka\"\n                data-testid=\"buy-now-reseller\">\n                <i class=\"fa-solid fa-arrow-right\"><\/i> Meness Aptieka\n              <\/a>\n          <\/li>\n                <\/ul>\n    <\/div>\n  <\/div>\n  <\/div>\n            <\/div>\n                      <div class=\"swiper-slide\">\n              <div class=\"product-card\" data-testid=\"product-card\">\n  <a\n    href=https:\/\/nailner.com\/lv\/produkts\/nailner-2-in-1\/\n    class=\"product-card-link\"\n    title=\"Nailner 2 in 1\"\n  >\n  <figure class=\"product-card-image\" data-testid=\"product-image\">\n                          <img decoding=\"async\" src=\"https:\/\/nailner.com\/cdn-cgi\/image\/width=700,format=auto\/app\/uploads\/sites\/14\/2022\/10\/nailner-pen-2in1-baltics.png\"\n        srcset=\"https:\/\/nailner.com\/cdn-cgi\/image\/width=250,format=auto\/app\/uploads\/sites\/14\/2022\/10\/nailner-pen-2in1-baltics.png 250w,\n                https:\/\/nailner.com\/cdn-cgi\/image\/width=500,format=auto\/app\/uploads\/sites\/14\/2022\/10\/nailner-pen-2in1-baltics.png 500w,\n                https:\/\/nailner.com\/cdn-cgi\/image\/width=700,format=auto\/app\/uploads\/sites\/14\/2022\/10\/nailner-pen-2in1-baltics.png 700w\"\n        sizes=\"(max-width: 400px) 250px, (max-width: 800px) 500px, 700px\"\n        alt=\"Nailner 2in1\"\n        class=\"img\">\n            <\/figure>\n    <div class=\"product-card-content\">\n      <div class=\"heading-wrapper\">\n        <h2 class=\"heading\">Nailner 2 in 1<\/h2>\n      <\/div>\n      <div class=\"product-card-description\"><\/div>\n                      <\/div>\n  <\/a>\n          <div class=\"button-wrapper buy-now \" data-testid=\"buy-now\">\n      <div class=\"buy-now-container dropdown-container\">\n      <div class=\"theme-button button-primary-color dropdown-link\" aria-label=\"Pirkt tagad\">\n          Pirkt tagad <i class=\"dropdown\"><\/i>\n      <\/div>\n      <ul class=\"reseller-list submenu\">\n                    <li>\n              <a\n                href=\"https:\/\/www.benu.lv\/e-aptieka\/skaistums-un-adas-kopsana\/kermena-kopsana\/roku-un-nagu-kopsana\/nailner-2in1-zimulis-pret-nagu-seniti-4ml\" onclick=\"dataLayer.push({'event':'ga_event', 'eventCategory':'Click on Reseller', 'eventAction':'Benu', 'eventLabel':'Nailner 2 in 1', 'eventValue': undefined})\" rel=\"noopener\" target=\"_blank\" title=\"Benu\"\n                data-testid=\"buy-now-reseller\">\n                <i class=\"fa-solid fa-arrow-right\"><\/i> Benu\n              <\/a>\n          <\/li>\n                    <li>\n              <a\n                href=\"https:\/\/internetaptieka.lv\/nailner-repair-nagu-pretsenisu-lidzeklis\" onclick=\"dataLayer.push({'event':'ga_event', 'eventCategory':'Click on Reseller', 'eventAction':'Internet Aptieka', 'eventLabel':'Nailner 2 in 1', 'eventValue': undefined})\" rel=\"noopener\" target=\"_blank\" title=\"Internet Aptieka\"\n                data-testid=\"buy-now-reseller\">\n                <i class=\"fa-solid fa-arrow-right\"><\/i> Internet Aptieka\n              <\/a>\n          <\/li>\n                <\/ul>\n    <\/div>\n  <\/div>\n  <\/div>\n            <\/div>\n                      <div class=\"swiper-slide\">\n              <div class=\"product-card\" data-testid=\"product-card\">\n  <a\n    href=https:\/\/nailner.com\/lv\/produkts\/nailner-treat-colour\/\n    class=\"product-card-link\"\n    title=\"Nailner Treat &#038; Colour\"\n  >\n  <figure class=\"product-card-image\" data-testid=\"product-image\">\n                          <img decoding=\"async\" src=\"https:\/\/nailner.com\/cdn-cgi\/image\/width=700,format=auto\/app\/uploads\/sites\/14\/2022\/10\/Nailner-treat-and-colour.png\"\n        srcset=\"https:\/\/nailner.com\/cdn-cgi\/image\/width=250,format=auto\/app\/uploads\/sites\/14\/2022\/10\/Nailner-treat-and-colour.png 250w,\n                https:\/\/nailner.com\/cdn-cgi\/image\/width=500,format=auto\/app\/uploads\/sites\/14\/2022\/10\/Nailner-treat-and-colour.png 500w,\n                https:\/\/nailner.com\/cdn-cgi\/image\/width=700,format=auto\/app\/uploads\/sites\/14\/2022\/10\/Nailner-treat-and-colour.png 700w\"\n        sizes=\"(max-width: 400px) 250px, (max-width: 800px) 500px, 700px\"\n        alt=\"Nailner-treat-and-colour\"\n        class=\"img\">\n            <\/figure>\n    <div class=\"product-card-content\">\n      <div class=\"heading-wrapper\">\n        <h2 class=\"heading\">Nailner Treat &#038; Colour<\/h2>\n      <\/div>\n      <div class=\"product-card-description\"><\/div>\n                      <\/div>\n  <\/a>\n          <div class=\"button-wrapper buy-now \" data-testid=\"buy-now\">\n      <div class=\"buy-now-container dropdown-container\">\n      <div class=\"theme-button button-primary-color dropdown-link\" aria-label=\"Pirkt tagad\">\n          Pirkt tagad <i class=\"dropdown\"><\/i>\n      <\/div>\n      <ul class=\"reseller-list submenu\">\n                    <li>\n              <a\n                href=\"https:\/\/www.benu.lv\/e-aptieka\/skaistums-un-adas-kopsana\/kermena-kopsana\/roku-un-nagu-kopsana\/nailner-treatcolour-nagu-lakas-pret-nagu-seniti-2x5ml\" onclick=\"dataLayer.push({'event':'ga_event', 'eventCategory':'Click on Reseller', 'eventAction':'Benu', 'eventLabel':'Nailner Treat &amp; Colour', 'eventValue': undefined})\" rel=\"noopener\" target=\"_blank\" title=\"Benu\"\n                data-testid=\"buy-now-reseller\">\n                <i class=\"fa-solid fa-arrow-right\"><\/i> Benu\n              <\/a>\n          <\/li>\n                    <li>\n              <a\n                href=\"https:\/\/internetaptieka.lv\/nailner-treatcolour-pretsenisu-nagu-laka\" onclick=\"dataLayer.push({'event':'ga_event', 'eventCategory':'Click on Reseller', 'eventAction':'Internet Aptieka', 'eventLabel':'Nailner Treat &amp; Colour', 'eventValue': undefined})\" rel=\"noopener\" target=\"_blank\" title=\"Internet Aptieka\"\n                data-testid=\"buy-now-reseller\">\n                <i class=\"fa-solid fa-arrow-right\"><\/i> Internet Aptieka\n              <\/a>\n          <\/li>\n                <\/ul>\n    <\/div>\n  <\/div>\n  <\/div>\n            <\/div>\n                  <\/div>\n        <div class=\"swiper-scrollbar\"><\/div>\n      <\/div>\n    <\/div>\n  <\/div>\n","protected":false},"excerpt":{"rendered":"","protected":false},"author":3,"featured_media":0,"parent":0,"menu_order":0,"comment_status":"closed","ping_status":"closed","template":"","meta":{"_acf_changed":false,"footnotes":""},"from-article-database":[],"class_list":["post-48","page","type-page","status-publish","hentry"],"acf":[],"yoast_head":"<!-- This site is optimized with the Yoast SEO plugin v26.6 - https:\/\/yoast.com\/wordpress\/plugins\/seo\/ -->\n<title>Par Nailner\u00a0 - Nailner<\/title>\n<meta name=\"description\" content=\"Ja par\u0101d\u0101s nagu s\u0113n\u012bte, j\u016bs v\u0113laties p\u0113c iesp\u0113jas \u0101tr\u0101k un vienk\u0101r\u0161\u0101k atbr\u012bvoties \u0161\u012bs probl\u0113mas, lai jums atkal b\u016btu vesel\u012bgi nagi.\" \/>\n<meta name=\"robots\" content=\"index, follow, max-snippet:-1, max-image-preview:large, max-video-preview:-1\" \/>\n<link rel=\"canonical\" href=\"https:\/\/nailner.com\/lv\/par-nailner\/\" \/>\n<meta property=\"og:locale\" content=\"lv_LV\" \/>\n<meta property=\"og:type\" content=\"article\" \/>\n<meta property=\"og:title\" content=\"Par Nailner\u00a0 - Nailner\" \/>\n<meta property=\"og:description\" content=\"Ja par\u0101d\u0101s nagu s\u0113n\u012bte, j\u016bs v\u0113laties p\u0113c iesp\u0113jas \u0101tr\u0101k un vienk\u0101r\u0161\u0101k atbr\u012bvoties \u0161\u012bs probl\u0113mas, lai jums atkal b\u016btu vesel\u012bgi nagi.\" \/>\n<meta property=\"og:url\" content=\"https:\/\/nailner.com\/lv\/par-nailner\/\" \/>\n<meta property=\"og:site_name\" content=\"Nailner\" \/>\n<meta property=\"article:modified_time\" content=\"2025-04-30T07:23:47+00:00\" \/>\n<meta property=\"og:image\" content=\"https:\/\/nailner.com\/cdn-cgi\/image\/format=auto\/app\/uploads\/sites\/14\/2023\/12\/Hero-Image-3.jpg\" \/>\n<meta name=\"twitter:card\" content=\"summary_large_image\" \/>\n<meta name=\"twitter:label1\" content=\"Est. reading time\" \/>\n\t<meta name=\"twitter:data1\" content=\"3 minutes\" \/>\n<script type=\"application\/ld+json\" class=\"yoast-schema-graph\">{\"@context\":\"https:\/\/schema.org\",\"@graph\":[{\"@type\":\"WebPage\",\"@id\":\"https:\/\/nailner.com\/lv\/par-nailner\/\",\"url\":\"https:\/\/nailner.com\/lv\/par-nailner\/\",\"name\":\"Par Nailner\u00a0 - Nailner\",\"isPartOf\":{\"@id\":\"https:\/\/nailner.com\/lv\/#website\"},\"primaryImageOfPage\":{\"@id\":\"https:\/\/nailner.com\/lv\/par-nailner\/#primaryimage\"},\"image\":{\"@id\":\"https:\/\/nailner.com\/lv\/par-nailner\/#primaryimage\"},\"thumbnailUrl\":\"https:\/\/nailner.com\/cdn-cgi\/image\/format=auto\/app\/uploads\/sites\/14\/2023\/12\/Hero-Image-3.jpg\",\"datePublished\":\"2022-10-18T08:16:54+00:00\",\"dateModified\":\"2025-04-30T07:23:47+00:00\",\"description\":\"Ja par\u0101d\u0101s nagu s\u0113n\u012bte, j\u016bs v\u0113laties p\u0113c iesp\u0113jas \u0101tr\u0101k un vienk\u0101r\u0161\u0101k atbr\u012bvoties \u0161\u012bs probl\u0113mas, lai jums atkal b\u016btu vesel\u012bgi nagi.\",\"breadcrumb\":{\"@id\":\"https:\/\/nailner.com\/lv\/par-nailner\/#breadcrumb\"},\"inLanguage\":\"lv-LV\",\"potentialAction\":[{\"@type\":\"ReadAction\",\"target\":[\"https:\/\/nailner.com\/lv\/par-nailner\/\"]}]},{\"@type\":\"ImageObject\",\"inLanguage\":\"lv-LV\",\"@id\":\"https:\/\/nailner.com\/lv\/par-nailner\/#primaryimage\",\"url\":\"https:\/\/nailner.com\/cdn-cgi\/image\/format=auto\/app\/uploads\/sites\/14\/2023\/12\/Hero-Image-3.jpg\",\"contentUrl\":\"https:\/\/nailner.com\/cdn-cgi\/image\/format=auto\/app\/uploads\/sites\/14\/2023\/12\/Hero-Image-3.jpg\"},{\"@type\":\"BreadcrumbList\",\"@id\":\"https:\/\/nailner.com\/lv\/par-nailner\/#breadcrumb\",\"itemListElement\":[{\"@type\":\"ListItem\",\"position\":1,\"name\":\"Home\",\"item\":\"https:\/\/nailner.com\/lv\/\"},{\"@type\":\"ListItem\",\"position\":2,\"name\":\"Par Nailner\u00a0\"}]},{\"@type\":\"WebSite\",\"@id\":\"https:\/\/nailner.com\/lv\/#website\",\"url\":\"https:\/\/nailner.com\/lv\/\",\"name\":\"Nailner\",\"description\":\"\",\"publisher\":{\"@id\":\"https:\/\/nailner.com\/lv\/#organization\"},\"potentialAction\":[{\"@type\":\"SearchAction\",\"target\":{\"@type\":\"EntryPoint\",\"urlTemplate\":\"https:\/\/nailner.com\/lv\/?s={search_term_string}\"},\"query-input\":{\"@type\":\"PropertyValueSpecification\",\"valueRequired\":true,\"valueName\":\"search_term_string\"}}],\"inLanguage\":\"lv-LV\"},{\"@type\":\"Organization\",\"@id\":\"https:\/\/nailner.com\/lv\/#organization\",\"name\":\"Nailner\",\"url\":\"https:\/\/nailner.com\/lv\/\",\"logo\":{\"@type\":\"ImageObject\",\"inLanguage\":\"lv-LV\",\"@id\":\"https:\/\/nailner.com\/lv\/#\/schema\/logo\/image\/\",\"url\":\"https:\/\/nailner.com\/app\/uploads\/sites\/14\/2025\/04\/Nailner-logo.png\",\"contentUrl\":\"https:\/\/nailner.com\/app\/uploads\/sites\/14\/2025\/04\/Nailner-logo.png\",\"width\":134,\"height\":32,\"caption\":\"Nailner\"},\"image\":{\"@id\":\"https:\/\/nailner.com\/lv\/#\/schema\/logo\/image\/\"}}]}<\/script>\n<!-- \/ Yoast SEO plugin. -->","yoast_head_json":{"title":"Par Nailner\u00a0 - Nailner","description":"Ja par\u0101d\u0101s nagu s\u0113n\u012bte, j\u016bs v\u0113laties p\u0113c iesp\u0113jas \u0101tr\u0101k un vienk\u0101r\u0161\u0101k atbr\u012bvoties \u0161\u012bs probl\u0113mas, lai jums atkal b\u016btu vesel\u012bgi nagi.","robots":{"index":"index","follow":"follow","max-snippet":"max-snippet:-1","max-image-preview":"max-image-preview:large","max-video-preview":"max-video-preview:-1"},"canonical":"https:\/\/nailner.com\/lv\/par-nailner\/","og_locale":"lv_LV","og_type":"article","og_title":"Par Nailner\u00a0 - Nailner","og_description":"Ja par\u0101d\u0101s nagu s\u0113n\u012bte, j\u016bs v\u0113laties p\u0113c iesp\u0113jas \u0101tr\u0101k un vienk\u0101r\u0161\u0101k atbr\u012bvoties \u0161\u012bs probl\u0113mas, lai jums atkal b\u016btu vesel\u012bgi nagi.","og_url":"https:\/\/nailner.com\/lv\/par-nailner\/","og_site_name":"Nailner","article_modified_time":"2025-04-30T07:23:47+00:00","og_image":[{"url":"https:\/\/nailner.com\/cdn-cgi\/image\/format=auto\/app\/uploads\/sites\/14\/2023\/12\/Hero-Image-3.jpg","type":"","width":"","height":""}],"twitter_card":"summary_large_image","twitter_misc":{"Est. reading time":"3 minutes"},"schema":{"@context":"https:\/\/schema.org","@graph":[{"@type":"WebPage","@id":"https:\/\/nailner.com\/lv\/par-nailner\/","url":"https:\/\/nailner.com\/lv\/par-nailner\/","name":"Par Nailner\u00a0 - Nailner","isPartOf":{"@id":"https:\/\/nailner.com\/lv\/#website"},"primaryImageOfPage":{"@id":"https:\/\/nailner.com\/lv\/par-nailner\/#primaryimage"},"image":{"@id":"https:\/\/nailner.com\/lv\/par-nailner\/#primaryimage"},"thumbnailUrl":"https:\/\/nailner.com\/cdn-cgi\/image\/format=auto\/app\/uploads\/sites\/14\/2023\/12\/Hero-Image-3.jpg","datePublished":"2022-10-18T08:16:54+00:00","dateModified":"2025-04-30T07:23:47+00:00","description":"Ja par\u0101d\u0101s nagu s\u0113n\u012bte, j\u016bs v\u0113laties p\u0113c iesp\u0113jas \u0101tr\u0101k un vienk\u0101r\u0161\u0101k atbr\u012bvoties \u0161\u012bs probl\u0113mas, lai jums atkal b\u016btu vesel\u012bgi nagi.","breadcrumb":{"@id":"https:\/\/nailner.com\/lv\/par-nailner\/#breadcrumb"},"inLanguage":"lv-LV","potentialAction":[{"@type":"ReadAction","target":["https:\/\/nailner.com\/lv\/par-nailner\/"]}]},{"@type":"ImageObject","inLanguage":"lv-LV","@id":"https:\/\/nailner.com\/lv\/par-nailner\/#primaryimage","url":"https:\/\/nailner.com\/cdn-cgi\/image\/format=auto\/app\/uploads\/sites\/14\/2023\/12\/Hero-Image-3.jpg","contentUrl":"https:\/\/nailner.com\/cdn-cgi\/image\/format=auto\/app\/uploads\/sites\/14\/2023\/12\/Hero-Image-3.jpg"},{"@type":"BreadcrumbList","@id":"https:\/\/nailner.com\/lv\/par-nailner\/#breadcrumb","itemListElement":[{"@type":"ListItem","position":1,"name":"Home","item":"https:\/\/nailner.com\/lv\/"},{"@type":"ListItem","position":2,"name":"Par Nailner\u00a0"}]},{"@type":"WebSite","@id":"https:\/\/nailner.com\/lv\/#website","url":"https:\/\/nailner.com\/lv\/","name":"Nailner","description":"","publisher":{"@id":"https:\/\/nailner.com\/lv\/#organization"},"potentialAction":[{"@type":"SearchAction","target":{"@type":"EntryPoint","urlTemplate":"https:\/\/nailner.com\/lv\/?s={search_term_string}"},"query-input":{"@type":"PropertyValueSpecification","valueRequired":true,"valueName":"search_term_string"}}],"inLanguage":"lv-LV"},{"@type":"Organization","@id":"https:\/\/nailner.com\/lv\/#organization","name":"Nailner","url":"https:\/\/nailner.com\/lv\/","logo":{"@type":"ImageObject","inLanguage":"lv-LV","@id":"https:\/\/nailner.com\/lv\/#\/schema\/logo\/image\/","url":"https:\/\/nailner.com\/app\/uploads\/sites\/14\/2025\/04\/Nailner-logo.png","contentUrl":"https:\/\/nailner.com\/app\/uploads\/sites\/14\/2025\/04\/Nailner-logo.png","width":134,"height":32,"caption":"Nailner"},"image":{"@id":"https:\/\/nailner.com\/lv\/#\/schema\/logo\/image\/"}}]}},"_links":{"self":[{"href":"https:\/\/nailner.com\/lv\/wp-json\/wp\/v2\/pages\/48","targetHints":{"allow":["GET"]}}],"collection":[{"href":"https:\/\/nailner.com\/lv\/wp-json\/wp\/v2\/pages"}],"about":[{"href":"https:\/\/nailner.com\/lv\/wp-json\/wp\/v2\/types\/page"}],"author":[{"embeddable":true,"href":"https:\/\/nailner.com\/lv\/wp-json\/wp\/v2\/users\/3"}],"replies":[{"embeddable":true,"href":"https:\/\/nailner.com\/lv\/wp-json\/wp\/v2\/comments?post=48"}],"version-history":[{"count":9,"href":"https:\/\/nailner.com\/lv\/wp-json\/wp\/v2\/pages\/48\/revisions"}],"predecessor-version":[{"id":174,"href":"https:\/\/nailner.com\/lv\/wp-json\/wp\/v2\/pages\/48\/revisions\/174"}],"wp:attachment":[{"href":"https:\/\/nailner.com\/lv\/wp-json\/wp\/v2\/media?parent=48"}],"wp:term":[{"taxonomy":"from-article-database","embeddable":true,"href":"https:\/\/nailner.com\/lv\/wp-json\/wp\/v2\/from-article-database?post=48"}],"curies":[{"name":"wp","href":"https:\/\/api.w.org\/{rel}","templated":true}]}}