{"id":6,"date":"2022-10-14T13:02:04","date_gmt":"2022-10-14T13:02:04","guid":{"rendered":"https:\/\/nailner.com\/lv\/?page_id=6"},"modified":"2025-04-30T10:23:54","modified_gmt":"2025-04-30T07:23:54","slug":"nailner","status":"publish","type":"page","link":"https:\/\/nailner.com\/lv\/","title":{"rendered":"S\u0101kuma lapa"},"content":{"rendered":"\n\n\n\n\n<div class=\"wp-block-karopharma-free-text pt-large pb-none bg-center bg-cover bg-no-repeat\" style=\"background-image:url()\"><div class=\"free-text-wrapper container max-w-medium text-left\">\n<p class=\"is-style-paragraph-preamble\">Ja par\u0101d\u0101s nagu s\u0113n\u012bte, j\u016bs v\u0113laties p\u0113c iesp\u0113jas \u0101tr\u0101k un vienk\u0101r\u0161\u0101k atbr\u012bvoties \u0161\u012bs probl\u0113mas, lai jums atkal b\u016btu vesel\u012bgi nagi. T\u0101p\u0113c \u201eNailner\u201d nagu s\u0113n\u012btes \u0101rst\u0113\u0161anas l\u012bdzek\u013ci \u0101tri ies\u016bcas nag\u0101, un to kl\u012bniski pier\u0101d\u012bt\u0101 efektivit\u0101te pal\u012bdz \u0101rst\u0113t un pasarg\u0101t nagus no nagu s\u0113n\u012btes.<\/p>\n\n\n\n<p class=\"is-style-paragraph-preamble\">M\u0113s pied\u0101v\u0101jam produktus, kas uzlabo nagu izskatu jau 7 dienu laik\u0101, pal\u012bdz nosl\u0113pt nagu s\u0113n\u012bti un nekav\u0113joties nov\u0113rst nagu kr\u0101sas izmai\u0146as. Visiem, kas v\u0113las dabiskus vai kr\u0101sotus, vesel\u012bg\u0101ka izskata nagus vai vienk\u0101r\u0161i v\u0113las iz\u0101rst\u0113t infekciju, \u201eNailner\u201d pied\u0101v\u0101 tie\u0161i \u0161im m\u0113r\u0137im paredz\u0113tu produktu.<\/p>\n<\/div><\/div>\n\n\n<div class=\"product-list wp-block-karopharma-product-list\" data-testid=\"product-list\">\n      <div class=\"swiper-container\">\n      <div class=\"swiper\">\n        <div class=\"swiper-wrapper\">\n                      <div class=\"swiper-slide\">\n              <div class=\"product-card\" data-testid=\"product-card\">\n  <a\n    href=https:\/\/nailner.com\/lv\/produkts\/nailner-2-in-1-brush\/\n    class=\"product-card-link\"\n    title=\"Nailner 2 in 1\"\n  >\n  <figure class=\"product-card-image\" data-testid=\"product-image\">\n                          <img decoding=\"async\" src=\"https:\/\/nailner.com\/cdn-cgi\/image\/width=700,format=auto\/app\/uploads\/sites\/14\/2022\/11\/nailner-brush-2in1-baltics.png\"\n        srcset=\"https:\/\/nailner.com\/cdn-cgi\/image\/width=250,format=auto\/app\/uploads\/sites\/14\/2022\/11\/nailner-brush-2in1-baltics.png 250w,\n                https:\/\/nailner.com\/cdn-cgi\/image\/width=500,format=auto\/app\/uploads\/sites\/14\/2022\/11\/nailner-brush-2in1-baltics.png 500w,\n                https:\/\/nailner.com\/cdn-cgi\/image\/width=700,format=auto\/app\/uploads\/sites\/14\/2022\/11\/nailner-brush-2in1-baltics.png 700w\"\n        sizes=\"(max-width: 400px) 250px, (max-width: 800px) 500px, 700px\"\n        alt=\"Nailner 2 in 1\"\n        class=\"img\">\n            <\/figure>\n    <div class=\"product-card-content\">\n      <div class=\"heading-wrapper\">\n        <h2 class=\"heading\">Nailner 2 in 1<\/h2>\n      <\/div>\n      <div class=\"product-card-description\"><\/div>\n                      <\/div>\n  <\/a>\n          <div class=\"button-wrapper buy-now \" data-testid=\"buy-now\">\n      <div class=\"buy-now-container dropdown-container\">\n      <div class=\"theme-button button-primary-color dropdown-link\" aria-label=\"Pirkt tagad\">\n          Pirkt tagad <i class=\"dropdown\"><\/i>\n      <\/div>\n      <ul class=\"reseller-list submenu\">\n                    <li>\n              <a\n                href=\"https:\/\/www.apotheka.lv\/nailner-otina-2in1-5ml-n1-pmm0140300lv\" onclick=\"dataLayer.push({'event':'ga_event', 'eventCategory':'Click on Reseller', 'eventAction':'Apotheka', 'eventLabel':'Nailner 2 in 1', 'eventValue': undefined})\" rel=\"noopener\" target=\"_blank\" title=\"Apotheka\"\n                data-testid=\"buy-now-reseller\">\n                <i class=\"fa-solid fa-arrow-right\"><\/i> Apotheka\n              <\/a>\n          <\/li>\n                    <li>\n              <a\n                href=\"https:\/\/www.benu.lv\/e-aptieka\/skaistums-un-adas-kopsana\/kermena-kopsana\/roku-un-nagu-kopsana\/nailner-2in1-otina-pret-nagu-seniti-5ml\" onclick=\"dataLayer.push({'event':'ga_event', 'eventCategory':'Click on Reseller', 'eventAction':'Benu', 'eventLabel':'Nailner 2 in 1', 'eventValue': undefined})\" rel=\"noopener\" target=\"_blank\" title=\"Benu\"\n                data-testid=\"buy-now-reseller\">\n                <i class=\"fa-solid fa-arrow-right\"><\/i> Benu\n              <\/a>\n          <\/li>\n                    <li>\n              <a\n                href=\"https:\/\/internetaptieka.lv\/nailner-brush-pretsenisu-laka-300-reizem\" onclick=\"dataLayer.push({'event':'ga_event', 'eventCategory':'Click on Reseller', 'eventAction':'Internet Aptieka', 'eventLabel':'Nailner 2 in 1', 'eventValue': undefined})\" rel=\"noopener\" target=\"_blank\" title=\"Internet Aptieka\"\n                data-testid=\"buy-now-reseller\">\n                <i class=\"fa-solid fa-arrow-right\"><\/i> Internet Aptieka\n              <\/a>\n          <\/li>\n                    <li>\n              <a\n                href=\"https:\/\/e-menessaptieka.lv\/p\/nailner-brush-otina-pret-nagu-seniti-5-ml-1142370\" onclick=\"dataLayer.push({'event':'ga_event', 'eventCategory':'Click on Reseller', 'eventAction':'Meness Aptieka', 'eventLabel':'Nailner 2 in 1', 'eventValue': undefined})\" rel=\"noopener\" target=\"_blank\" title=\"Meness Aptieka\"\n                data-testid=\"buy-now-reseller\">\n                <i class=\"fa-solid fa-arrow-right\"><\/i> Meness Aptieka\n              <\/a>\n          <\/li>\n                <\/ul>\n    <\/div>\n  <\/div>\n  <\/div>\n            <\/div>\n                      <div class=\"swiper-slide\">\n              <div class=\"product-card\" data-testid=\"product-card\">\n  <a\n    href=https:\/\/nailner.com\/lv\/produkts\/nailner-2-in-1\/\n    class=\"product-card-link\"\n    title=\"Nailner 2 in 1\"\n  >\n  <figure class=\"product-card-image\" data-testid=\"product-image\">\n                          <img decoding=\"async\" src=\"https:\/\/nailner.com\/cdn-cgi\/image\/width=700,format=auto\/app\/uploads\/sites\/14\/2022\/10\/nailner-pen-2in1-baltics.png\"\n        srcset=\"https:\/\/nailner.com\/cdn-cgi\/image\/width=250,format=auto\/app\/uploads\/sites\/14\/2022\/10\/nailner-pen-2in1-baltics.png 250w,\n                https:\/\/nailner.com\/cdn-cgi\/image\/width=500,format=auto\/app\/uploads\/sites\/14\/2022\/10\/nailner-pen-2in1-baltics.png 500w,\n                https:\/\/nailner.com\/cdn-cgi\/image\/width=700,format=auto\/app\/uploads\/sites\/14\/2022\/10\/nailner-pen-2in1-baltics.png 700w\"\n        sizes=\"(max-width: 400px) 250px, (max-width: 800px) 500px, 700px\"\n        alt=\"Nailner 2in1\"\n        class=\"img\">\n            <\/figure>\n    <div class=\"product-card-content\">\n      <div class=\"heading-wrapper\">\n        <h2 class=\"heading\">Nailner 2 in 1<\/h2>\n      <\/div>\n      <div class=\"product-card-description\"><\/div>\n                      <\/div>\n  <\/a>\n          <div class=\"button-wrapper buy-now \" data-testid=\"buy-now\">\n      <div class=\"buy-now-container dropdown-container\">\n      <div class=\"theme-button button-primary-color dropdown-link\" aria-label=\"Pirkt tagad\">\n          Pirkt tagad <i class=\"dropdown\"><\/i>\n      <\/div>\n      <ul class=\"reseller-list submenu\">\n                    <li>\n              <a\n                href=\"https:\/\/www.benu.lv\/e-aptieka\/skaistums-un-adas-kopsana\/kermena-kopsana\/roku-un-nagu-kopsana\/nailner-2in1-zimulis-pret-nagu-seniti-4ml\" onclick=\"dataLayer.push({'event':'ga_event', 'eventCategory':'Click on Reseller', 'eventAction':'Benu', 'eventLabel':'Nailner 2 in 1', 'eventValue': undefined})\" rel=\"noopener\" target=\"_blank\" title=\"Benu\"\n                data-testid=\"buy-now-reseller\">\n                <i class=\"fa-solid fa-arrow-right\"><\/i> Benu\n              <\/a>\n          <\/li>\n                    <li>\n              <a\n                href=\"https:\/\/internetaptieka.lv\/nailner-repair-nagu-pretsenisu-lidzeklis\" onclick=\"dataLayer.push({'event':'ga_event', 'eventCategory':'Click on Reseller', 'eventAction':'Internet Aptieka', 'eventLabel':'Nailner 2 in 1', 'eventValue': undefined})\" rel=\"noopener\" target=\"_blank\" title=\"Internet Aptieka\"\n                data-testid=\"buy-now-reseller\">\n                <i class=\"fa-solid fa-arrow-right\"><\/i> Internet Aptieka\n              <\/a>\n          <\/li>\n                <\/ul>\n    <\/div>\n  <\/div>\n  <\/div>\n            <\/div>\n                      <div class=\"swiper-slide\">\n              <div class=\"product-card\" data-testid=\"product-card\">\n  <a\n    href=https:\/\/nailner.com\/lv\/produkts\/nailner-treat-colour\/\n    class=\"product-card-link\"\n    title=\"Nailner Treat &#038; Colour\"\n  >\n  <figure class=\"product-card-image\" data-testid=\"product-image\">\n                          <img decoding=\"async\" src=\"https:\/\/nailner.com\/cdn-cgi\/image\/width=700,format=auto\/app\/uploads\/sites\/14\/2022\/10\/Nailner-treat-and-colour.png\"\n        srcset=\"https:\/\/nailner.com\/cdn-cgi\/image\/width=250,format=auto\/app\/uploads\/sites\/14\/2022\/10\/Nailner-treat-and-colour.png 250w,\n                https:\/\/nailner.com\/cdn-cgi\/image\/width=500,format=auto\/app\/uploads\/sites\/14\/2022\/10\/Nailner-treat-and-colour.png 500w,\n                https:\/\/nailner.com\/cdn-cgi\/image\/width=700,format=auto\/app\/uploads\/sites\/14\/2022\/10\/Nailner-treat-and-colour.png 700w\"\n        sizes=\"(max-width: 400px) 250px, (max-width: 800px) 500px, 700px\"\n        alt=\"Nailner-treat-and-colour\"\n        class=\"img\">\n            <\/figure>\n    <div class=\"product-card-content\">\n      <div class=\"heading-wrapper\">\n        <h2 class=\"heading\">Nailner Treat &#038; Colour<\/h2>\n      <\/div>\n      <div class=\"product-card-description\"><\/div>\n                      <\/div>\n  <\/a>\n          <div class=\"button-wrapper buy-now \" data-testid=\"buy-now\">\n      <div class=\"buy-now-container dropdown-container\">\n      <div class=\"theme-button button-primary-color dropdown-link\" aria-label=\"Pirkt tagad\">\n          Pirkt tagad <i class=\"dropdown\"><\/i>\n      <\/div>\n      <ul class=\"reseller-list submenu\">\n                    <li>\n              <a\n                href=\"https:\/\/www.benu.lv\/e-aptieka\/skaistums-un-adas-kopsana\/kermena-kopsana\/roku-un-nagu-kopsana\/nailner-treatcolour-nagu-lakas-pret-nagu-seniti-2x5ml\" onclick=\"dataLayer.push({'event':'ga_event', 'eventCategory':'Click on Reseller', 'eventAction':'Benu', 'eventLabel':'Nailner Treat &amp; Colour', 'eventValue': undefined})\" rel=\"noopener\" target=\"_blank\" title=\"Benu\"\n                data-testid=\"buy-now-reseller\">\n                <i class=\"fa-solid fa-arrow-right\"><\/i> Benu\n              <\/a>\n          <\/li>\n                    <li>\n              <a\n                href=\"https:\/\/internetaptieka.lv\/nailner-treatcolour-pretsenisu-nagu-laka\" onclick=\"dataLayer.push({'event':'ga_event', 'eventCategory':'Click on Reseller', 'eventAction':'Internet Aptieka', 'eventLabel':'Nailner Treat &amp; Colour', 'eventValue': undefined})\" rel=\"noopener\" target=\"_blank\" title=\"Internet Aptieka\"\n                data-testid=\"buy-now-reseller\">\n                <i class=\"fa-solid fa-arrow-right\"><\/i> Internet Aptieka\n              <\/a>\n          <\/li>\n                <\/ul>\n    <\/div>\n  <\/div>\n  <\/div>\n            <\/div>\n                  <\/div>\n        <div class=\"swiper-scrollbar\"><\/div>\n      <\/div>\n    <\/div>\n  <\/div>\n\n\n\n<div class=\"wp-block-karopharma-free-text pt-large pb-large bg-center bg-cover bg-no-repeat bg-box undefined bg small is-style-transparent\" style=\"background-image:url(https:\/\/nailner.com\/cdn-cgi\/image\/format=auto\/app\/uploads\/sites\/14\/2023\/12\/Hero-Image-3.jpg)\"><div class=\"free-text-wrapper container small text-center\">\n<h2 class=\"is-style-heading-huge wp-block-heading\" id=\"active-cover\">Nailner 2 in 1<\/h2>\n\n\n\n<p class=\"is-style-paragraph-preamble\">Nailner produkti \u0101rst\u0113 infekcijas un uzlabo naga izskatu, t\u0101p\u0113c j\u016bsu nagi izskat\u012bsies skaist\u0101ki pat pa\u0161as \u0101rst\u0113\u0161anas laik\u0101.<\/p>\n\n\n\n<div class=\"wp-block-buttons is-layout-flex wp-block-buttons-is-layout-flex\">\n<div class=\"wp-block-button\"><a class=\"wp-block-button__link\" href=\"https:\/\/nailner.com\/lv\/product\/nailner-2-in-1\/\">Las\u012bt vair\u0101k<\/a><\/div>\n<\/div>\n<\/div><\/div>\n","protected":false},"excerpt":{"rendered":"","protected":false},"author":3,"featured_media":173,"parent":0,"menu_order":0,"comment_status":"closed","ping_status":"closed","template":"","meta":{"_acf_changed":false,"footnotes":""},"from-article-database":[],"class_list":["post-6","page","type-page","status-publish","has-post-thumbnail","hentry"],"acf":[],"yoast_head":"<!-- This site is optimized with the Yoast SEO plugin v26.6 - https:\/\/yoast.com\/wordpress\/plugins\/seo\/ -->\n<title>S\u0101kuma lapa - Nailner<\/title>\n<meta name=\"description\" content=\"Ja par\u0101d\u0101s nagu s\u0113n\u012bte, j\u016bs v\u0113laties p\u0113c iesp\u0113jas \u0101tr\u0101k un vienk\u0101r\u0161\u0101k atbr\u012bvoties \u0161\u012bs probl\u0113mas, lai jums atkal b\u016btu vesel\u012bgi nagi. T\u0101p\u0113c \u201eNailner\u201d nagu s\u0113n\u012btes \u0101rst\u0113\u0161anas l\u012bdzek\u013ci \u0101tri ies\u016bcas nag\u0101\" \/>\n<meta name=\"robots\" content=\"index, follow, max-snippet:-1, max-image-preview:large, max-video-preview:-1\" \/>\n<link rel=\"canonical\" href=\"https:\/\/nailner.com\/lv\/\" \/>\n<meta property=\"og:locale\" content=\"lv_LV\" \/>\n<meta property=\"og:type\" content=\"article\" \/>\n<meta property=\"og:title\" content=\"S\u0101kuma lapa - Nailner\" \/>\n<meta property=\"og:description\" content=\"Ja par\u0101d\u0101s nagu s\u0113n\u012bte, j\u016bs v\u0113laties p\u0113c iesp\u0113jas \u0101tr\u0101k un vienk\u0101r\u0161\u0101k atbr\u012bvoties \u0161\u012bs probl\u0113mas, lai jums atkal b\u016btu vesel\u012bgi nagi. T\u0101p\u0113c \u201eNailner\u201d nagu s\u0113n\u012btes \u0101rst\u0113\u0161anas l\u012bdzek\u013ci \u0101tri ies\u016bcas nag\u0101\" \/>\n<meta property=\"og:url\" content=\"https:\/\/nailner.com\/lv\/\" \/>\n<meta property=\"og:site_name\" content=\"Nailner\" \/>\n<meta property=\"article:modified_time\" content=\"2025-04-30T07:23:54+00:00\" \/>\n<meta property=\"og:image\" content=\"https:\/\/nailner.com\/app\/uploads\/sites\/14\/2023\/12\/Hero-Image-3.jpg\" \/>\n\t<meta property=\"og:image:width\" content=\"2560\" \/>\n\t<meta property=\"og:image:height\" content=\"999\" \/>\n\t<meta property=\"og:image:type\" content=\"image\/jpeg\" \/>\n<meta name=\"twitter:card\" content=\"summary_large_image\" \/>\n<meta name=\"twitter:label1\" content=\"Est. reading time\" \/>\n\t<meta name=\"twitter:data1\" content=\"1 minute\" \/>\n<script type=\"application\/ld+json\" class=\"yoast-schema-graph\">{\"@context\":\"https:\/\/schema.org\",\"@graph\":[{\"@type\":\"WebPage\",\"@id\":\"https:\/\/nailner.com\/lv\/\",\"url\":\"https:\/\/nailner.com\/lv\/\",\"name\":\"S\u0101kuma lapa - Nailner\",\"isPartOf\":{\"@id\":\"https:\/\/nailner.com\/lv\/#website\"},\"primaryImageOfPage\":{\"@id\":\"https:\/\/nailner.com\/lv\/#primaryimage\"},\"image\":{\"@id\":\"https:\/\/nailner.com\/lv\/#primaryimage\"},\"thumbnailUrl\":\"https:\/\/nailner.com\/app\/uploads\/sites\/14\/2023\/12\/Hero-Image-3.jpg\",\"datePublished\":\"2022-10-14T13:02:04+00:00\",\"dateModified\":\"2025-04-30T07:23:54+00:00\",\"description\":\"Ja par\u0101d\u0101s nagu s\u0113n\u012bte, j\u016bs v\u0113laties p\u0113c iesp\u0113jas \u0101tr\u0101k un vienk\u0101r\u0161\u0101k atbr\u012bvoties \u0161\u012bs probl\u0113mas, lai jums atkal b\u016btu vesel\u012bgi nagi. T\u0101p\u0113c \u201eNailner\u201d nagu s\u0113n\u012btes \u0101rst\u0113\u0161anas l\u012bdzek\u013ci \u0101tri ies\u016bcas nag\u0101\",\"breadcrumb\":{\"@id\":\"https:\/\/nailner.com\/lv\/#breadcrumb\"},\"inLanguage\":\"lv-LV\",\"potentialAction\":[{\"@type\":\"ReadAction\",\"target\":[\"https:\/\/nailner.com\/lv\/\"]}]},{\"@type\":\"ImageObject\",\"inLanguage\":\"lv-LV\",\"@id\":\"https:\/\/nailner.com\/lv\/#primaryimage\",\"url\":\"https:\/\/nailner.com\/app\/uploads\/sites\/14\/2023\/12\/Hero-Image-3.jpg\",\"contentUrl\":\"https:\/\/nailner.com\/app\/uploads\/sites\/14\/2023\/12\/Hero-Image-3.jpg\",\"width\":2560,\"height\":999,\"caption\":\"Hero-Image-3\"},{\"@type\":\"BreadcrumbList\",\"@id\":\"https:\/\/nailner.com\/lv\/#breadcrumb\",\"itemListElement\":[{\"@type\":\"ListItem\",\"position\":1,\"name\":\"Home\",\"item\":\"https:\/\/nailner.com\/lv\/\"},{\"@type\":\"ListItem\",\"position\":2,\"name\":\"S\u0101kuma lapa\"}]},{\"@type\":\"WebSite\",\"@id\":\"https:\/\/nailner.com\/lv\/#website\",\"url\":\"https:\/\/nailner.com\/lv\/\",\"name\":\"Nailner\",\"description\":\"\",\"publisher\":{\"@id\":\"https:\/\/nailner.com\/lv\/#organization\"},\"potentialAction\":[{\"@type\":\"SearchAction\",\"target\":{\"@type\":\"EntryPoint\",\"urlTemplate\":\"https:\/\/nailner.com\/lv\/?s={search_term_string}\"},\"query-input\":{\"@type\":\"PropertyValueSpecification\",\"valueRequired\":true,\"valueName\":\"search_term_string\"}}],\"inLanguage\":\"lv-LV\"},{\"@type\":\"Organization\",\"@id\":\"https:\/\/nailner.com\/lv\/#organization\",\"name\":\"Nailner\",\"url\":\"https:\/\/nailner.com\/lv\/\",\"logo\":{\"@type\":\"ImageObject\",\"inLanguage\":\"lv-LV\",\"@id\":\"https:\/\/nailner.com\/lv\/#\/schema\/logo\/image\/\",\"url\":\"https:\/\/nailner.com\/app\/uploads\/sites\/14\/2025\/04\/Nailner-logo.png\",\"contentUrl\":\"https:\/\/nailner.com\/app\/uploads\/sites\/14\/2025\/04\/Nailner-logo.png\",\"width\":134,\"height\":32,\"caption\":\"Nailner\"},\"image\":{\"@id\":\"https:\/\/nailner.com\/lv\/#\/schema\/logo\/image\/\"}}]}<\/script>\n<!-- \/ Yoast SEO plugin. -->","yoast_head_json":{"title":"S\u0101kuma lapa - Nailner","description":"Ja par\u0101d\u0101s nagu s\u0113n\u012bte, j\u016bs v\u0113laties p\u0113c iesp\u0113jas \u0101tr\u0101k un vienk\u0101r\u0161\u0101k atbr\u012bvoties \u0161\u012bs probl\u0113mas, lai jums atkal b\u016btu vesel\u012bgi nagi. T\u0101p\u0113c \u201eNailner\u201d nagu s\u0113n\u012btes \u0101rst\u0113\u0161anas l\u012bdzek\u013ci \u0101tri ies\u016bcas nag\u0101","robots":{"index":"index","follow":"follow","max-snippet":"max-snippet:-1","max-image-preview":"max-image-preview:large","max-video-preview":"max-video-preview:-1"},"canonical":"https:\/\/nailner.com\/lv\/","og_locale":"lv_LV","og_type":"article","og_title":"S\u0101kuma lapa - Nailner","og_description":"Ja par\u0101d\u0101s nagu s\u0113n\u012bte, j\u016bs v\u0113laties p\u0113c iesp\u0113jas \u0101tr\u0101k un vienk\u0101r\u0161\u0101k atbr\u012bvoties \u0161\u012bs probl\u0113mas, lai jums atkal b\u016btu vesel\u012bgi nagi. T\u0101p\u0113c \u201eNailner\u201d nagu s\u0113n\u012btes \u0101rst\u0113\u0161anas l\u012bdzek\u013ci \u0101tri ies\u016bcas nag\u0101","og_url":"https:\/\/nailner.com\/lv\/","og_site_name":"Nailner","article_modified_time":"2025-04-30T07:23:54+00:00","og_image":[{"width":2560,"height":999,"url":"https:\/\/nailner.com\/app\/uploads\/sites\/14\/2023\/12\/Hero-Image-3.jpg","type":"image\/jpeg"}],"twitter_card":"summary_large_image","twitter_misc":{"Est. reading time":"1 minute"},"schema":{"@context":"https:\/\/schema.org","@graph":[{"@type":"WebPage","@id":"https:\/\/nailner.com\/lv\/","url":"https:\/\/nailner.com\/lv\/","name":"S\u0101kuma lapa - Nailner","isPartOf":{"@id":"https:\/\/nailner.com\/lv\/#website"},"primaryImageOfPage":{"@id":"https:\/\/nailner.com\/lv\/#primaryimage"},"image":{"@id":"https:\/\/nailner.com\/lv\/#primaryimage"},"thumbnailUrl":"https:\/\/nailner.com\/app\/uploads\/sites\/14\/2023\/12\/Hero-Image-3.jpg","datePublished":"2022-10-14T13:02:04+00:00","dateModified":"2025-04-30T07:23:54+00:00","description":"Ja par\u0101d\u0101s nagu s\u0113n\u012bte, j\u016bs v\u0113laties p\u0113c iesp\u0113jas \u0101tr\u0101k un vienk\u0101r\u0161\u0101k atbr\u012bvoties \u0161\u012bs probl\u0113mas, lai jums atkal b\u016btu vesel\u012bgi nagi. T\u0101p\u0113c \u201eNailner\u201d nagu s\u0113n\u012btes \u0101rst\u0113\u0161anas l\u012bdzek\u013ci \u0101tri ies\u016bcas nag\u0101","breadcrumb":{"@id":"https:\/\/nailner.com\/lv\/#breadcrumb"},"inLanguage":"lv-LV","potentialAction":[{"@type":"ReadAction","target":["https:\/\/nailner.com\/lv\/"]}]},{"@type":"ImageObject","inLanguage":"lv-LV","@id":"https:\/\/nailner.com\/lv\/#primaryimage","url":"https:\/\/nailner.com\/app\/uploads\/sites\/14\/2023\/12\/Hero-Image-3.jpg","contentUrl":"https:\/\/nailner.com\/app\/uploads\/sites\/14\/2023\/12\/Hero-Image-3.jpg","width":2560,"height":999,"caption":"Hero-Image-3"},{"@type":"BreadcrumbList","@id":"https:\/\/nailner.com\/lv\/#breadcrumb","itemListElement":[{"@type":"ListItem","position":1,"name":"Home","item":"https:\/\/nailner.com\/lv\/"},{"@type":"ListItem","position":2,"name":"S\u0101kuma lapa"}]},{"@type":"WebSite","@id":"https:\/\/nailner.com\/lv\/#website","url":"https:\/\/nailner.com\/lv\/","name":"Nailner","description":"","publisher":{"@id":"https:\/\/nailner.com\/lv\/#organization"},"potentialAction":[{"@type":"SearchAction","target":{"@type":"EntryPoint","urlTemplate":"https:\/\/nailner.com\/lv\/?s={search_term_string}"},"query-input":{"@type":"PropertyValueSpecification","valueRequired":true,"valueName":"search_term_string"}}],"inLanguage":"lv-LV"},{"@type":"Organization","@id":"https:\/\/nailner.com\/lv\/#organization","name":"Nailner","url":"https:\/\/nailner.com\/lv\/","logo":{"@type":"ImageObject","inLanguage":"lv-LV","@id":"https:\/\/nailner.com\/lv\/#\/schema\/logo\/image\/","url":"https:\/\/nailner.com\/app\/uploads\/sites\/14\/2025\/04\/Nailner-logo.png","contentUrl":"https:\/\/nailner.com\/app\/uploads\/sites\/14\/2025\/04\/Nailner-logo.png","width":134,"height":32,"caption":"Nailner"},"image":{"@id":"https:\/\/nailner.com\/lv\/#\/schema\/logo\/image\/"}}]}},"_links":{"self":[{"href":"https:\/\/nailner.com\/lv\/wp-json\/wp\/v2\/pages\/6","targetHints":{"allow":["GET"]}}],"collection":[{"href":"https:\/\/nailner.com\/lv\/wp-json\/wp\/v2\/pages"}],"about":[{"href":"https:\/\/nailner.com\/lv\/wp-json\/wp\/v2\/types\/page"}],"author":[{"embeddable":true,"href":"https:\/\/nailner.com\/lv\/wp-json\/wp\/v2\/users\/3"}],"replies":[{"embeddable":true,"href":"https:\/\/nailner.com\/lv\/wp-json\/wp\/v2\/comments?post=6"}],"version-history":[{"count":10,"href":"https:\/\/nailner.com\/lv\/wp-json\/wp\/v2\/pages\/6\/revisions"}],"predecessor-version":[{"id":181,"href":"https:\/\/nailner.com\/lv\/wp-json\/wp\/v2\/pages\/6\/revisions\/181"}],"wp:featuredmedia":[{"embeddable":true,"href":"https:\/\/nailner.com\/lv\/wp-json\/wp\/v2\/media\/173"}],"wp:attachment":[{"href":"https:\/\/nailner.com\/lv\/wp-json\/wp\/v2\/media?parent=6"}],"wp:term":[{"taxonomy":"from-article-database","embeddable":true,"href":"https:\/\/nailner.com\/lv\/wp-json\/wp\/v2\/from-article-database?post=6"}],"curies":[{"name":"wp","href":"https:\/\/api.w.org\/{rel}","templated":true}]}}