{"id":152,"date":"2022-11-11T10:54:39","date_gmt":"2022-11-11T08:54:39","guid":{"rendered":"https:\/\/nailner.com\/lv\/?post_type=product&#038;p=152"},"modified":"2025-04-30T10:31:08","modified_gmt":"2025-04-30T07:31:08","slug":"nailner-2-in-1-brush","status":"publish","type":"product","link":"https:\/\/nailner.com\/lv\/produkts\/nailner-2-in-1-brush\/","title":{"rendered":"Nailner 2 in 1"},"content":{"rendered":"\n<section class=\"wp-block-karopharma-usp is-style-secondary usp is-style-secondary\"><div class=\"usp-wrapper\">\n<section class=\"wp-block-karopharma-usp-single usp-single undefined\"><div class=\"icon\"><svg width=\"21\" height=\"16\" viewbox=\"0 0 21 16\" fill=\"none\" xmlns=\"http:\/\/www.w3.org\/2000\/svg\"><path d=\"M19.2567 0.164742L6.13095 13.2905L1.49056 8.65006C1.2709 8.4304 0.914742 8.4304 0.695039 8.65006L0.164742 9.18036C-0.0549141 9.40001 -0.0549141 9.75617 0.164742 9.97587L5.73321 15.5443C5.95287 15.764 6.30903 15.764 6.52873 15.5443L20.5825 1.4906C20.8021 1.27095 20.8021 0.914789 20.5825 0.695086L20.0521 0.164742C19.8325 -0.0549141 19.4763 -0.0549141 19.2567 0.164742Z\" fill=\"white\"><\/path><\/svg><\/div>\n<h4 class=\"has-text-align-center is-style-heading-h4 wp-block-heading\" id=\"step-1\">Step 1<\/h4>\n\n\n\n<p class=\"has-text-align-center is-style-body-text\">Pirms katras lieto\u0161anas not\u012briet nagu un no\u0146emiet nagu laku. Pirms lieto\u0161anas nags nav j\u0101v\u012bl\u0113. Pirmo \u010detru lieto\u0161anas ned\u0113\u013cu laik\u0101 uzkl\u0101jiet divas reizes dien\u0101.<\/p>\n<\/section>\n\n\n\n<section class=\"wp-block-karopharma-usp-single usp-single undefined\"><div class=\"icon\"><svg width=\"21\" height=\"16\" viewbox=\"0 0 21 16\" fill=\"none\" xmlns=\"http:\/\/www.w3.org\/2000\/svg\"><path d=\"M19.2567 0.164742L6.13095 13.2905L1.49056 8.65006C1.2709 8.4304 0.914742 8.4304 0.695039 8.65006L0.164742 9.18036C-0.0549141 9.40001 -0.0549141 9.75617 0.164742 9.97587L5.73321 15.5443C5.95287 15.764 6.30903 15.764 6.52873 15.5443L20.5825 1.4906C20.8021 1.27095 20.8021 0.914789 20.5825 0.695086L20.0521 0.164742C19.8325 -0.0549141 19.4763 -0.0549141 19.2567 0.164742Z\" fill=\"white\"><\/path><\/svg><\/div>\n<h4 class=\"has-text-align-center is-style-heading-h4 wp-block-heading\" id=\"step-2\">Step 2<\/h4>\n\n\n\n<p class=\"has-text-align-center is-style-body-text\">P\u0113c tam uzkl\u0101jiet vienreiz dien\u0101, l\u012bdz kam\u0113r boj\u0101to nagu nomain\u012bs vesel\u012bga izskata nags. \u0160\u0137\u012bdums j\u0101uzkl\u0101j uz visas naga virsmas, ieskaitot ar\u012b panadzi<\/p>\n<\/section>\n\n\n\n<section class=\"wp-block-karopharma-usp-single usp-single undefined\"><div class=\"icon\"><svg width=\"21\" height=\"16\" viewbox=\"0 0 21 16\" fill=\"none\" xmlns=\"http:\/\/www.w3.org\/2000\/svg\"><path d=\"M19.2567 0.164742L6.13095 13.2905L1.49056 8.65006C1.2709 8.4304 0.914742 8.4304 0.695039 8.65006L0.164742 9.18036C-0.0549141 9.40001 -0.0549141 9.75617 0.164742 9.97587L5.73321 15.5443C5.95287 15.764 6.30903 15.764 6.52873 15.5443L20.5825 1.4906C20.8021 1.27095 20.8021 0.914789 20.5825 0.695086L20.0521 0.164742C19.8325 -0.0549141 19.4763 -0.0549141 19.2567 0.164742Z\" fill=\"white\"><\/path><\/svg><\/div>\n<h4 class=\"has-text-align-center is-style-heading-h4 wp-block-heading\" id=\"step-3\">Step 3<\/h4>\n\n\n\n<p class=\"has-text-align-center is-style-body-text\">P\u0113c katras lieto\u0161anas cie\u0161i aiztaisiet pudel\u012bti. <br>Nailner 2 in 1 t\u0101pat var izmantot profilaktiski. Ieziediet ar Nailner 2 in 1 vienreiz dien\u0101, lai nov\u0113rstu nagu s\u0113n\u012btes infekciju.<\/p>\n<\/section>\n<\/div><\/section>\n\n\n\n<div class=\"wp-block-karopharma-accordions is-style-secondary\"><div class=\"container\">\n<details class=\"wp-block-karopharma-accordion\"><summary><h2 class=\"accordion-title\">Cik reiz\u0113m pietiek ar Nailner 2 in 1?<\/h2><\/summary><div class=\"accordion-content\">\n<p>\u201eNailner\u201d pudel\u012bt\u0113 ar oti\u0146u ir 5 ml, aptuveni \u2013 300 reiz\u0113m.<br>\u201eNailner\u201d z\u012bmul\u012b ir 4 ml, aptuveni \u2013 400 reiz\u0113m.<\/p>\n<\/div><\/details>\n\n\n\n<details class=\"wp-block-karopharma-accordion\"><summary><h2 class=\"accordion-title\">K\u0101ds ir Nailner 2 in 1 oti\u0146as un z\u012bmu\u013ca sast\u0101vs?<\/h2><\/summary><div class=\"accordion-content\">\n<p>Etillakt\u0101ts, \u016bdens, glicer\u012bns, piensk\u0101be, citronsk\u0101be, rezacetofenons.<\/p>\n<\/div><\/details>\n\n\n\n<details class=\"wp-block-karopharma-accordion\"><summary><h2 class=\"accordion-title\">K\u0101 zin\u0101t, kad z\u012bmulis ir tuk\u0161s?<\/h2><\/summary><div class=\"accordion-content\">\n<p>When applying the solution on the nail a thin shiny layer should show before it is absorbed into the nail. One can also try the pUzkl\u0101jot l\u012bdzekli uz naga, pirms l\u012bdzeklis ies\u016bcas nag\u0101, uz t\u0101 j\u0101izveidojas pl\u0101nai sp\u012bd\u012bgai k\u0101rti\u0146ai. T\u0101pat z\u012bmuli varat izm\u0113\u0123in\u0101t uz pap\u012bra lapas, ja t\u0101 z\u012bmulis uz pap\u012bra atst\u0101j slapju l\u012bniju, tas noz\u012bm\u0113, ka z\u012bmul\u012b v\u0113l ir atlicis \u0161\u0137\u012bdums.<\/p>\n<\/div><\/details>\n<\/div><\/div>\n","protected":false},"excerpt":{"rendered":"","protected":false},"featured_media":183,"comment_status":"closed","ping_status":"closed","template":"","meta":{"_acf_changed":false,"footnotes":""},"product_brand":[],"product_cat":[16],"product_tag":[],"class_list":{"0":"post-152","1":"product","2":"type-product","3":"status-publish","4":"has-post-thumbnail","6":"product_cat-uncategorized","8":"first","9":"instock","10":"shipping-taxable","11":"product-type-simple"},"acf":[],"yoast_head":"<!-- This site is optimized with the Yoast SEO plugin v26.6 - https:\/\/yoast.com\/wordpress\/plugins\/seo\/ -->\n<title>Nailner 2 in 1 - Nailner<\/title>\n<meta name=\"description\" content=\"\u0100rst\u0113 un padara nagu ac\u012bmredzami gai\u0161\u0101ku 7 dienu laik\u0101, Ir pier\u0101d\u012bts, ka efekt\u012bvi \u0101rst\u0113 nagu s\u0113n\u012bti, \u0100rst\u0113 un aizsarg\u0101 no nagu s\u0113n\u012btes infekcijas\" \/>\n<meta name=\"robots\" content=\"index, follow, max-snippet:-1, max-image-preview:large, max-video-preview:-1\" \/>\n<link rel=\"canonical\" href=\"https:\/\/nailner.com\/lv\/produkts\/nailner-2-in-1-brush\/\" \/>\n<meta property=\"og:locale\" content=\"lv_LV\" \/>\n<meta property=\"og:type\" content=\"article\" \/>\n<meta property=\"og:title\" content=\"Nailner 2 in 1 - Nailner\" \/>\n<meta property=\"og:description\" content=\"\u0100rst\u0113 un padara nagu ac\u012bmredzami gai\u0161\u0101ku 7 dienu laik\u0101, Ir pier\u0101d\u012bts, ka efekt\u012bvi \u0101rst\u0113 nagu s\u0113n\u012bti, \u0100rst\u0113 un aizsarg\u0101 no nagu s\u0113n\u012btes infekcijas\" \/>\n<meta property=\"og:url\" content=\"https:\/\/nailner.com\/lv\/produkts\/nailner-2-in-1-brush\/\" \/>\n<meta property=\"og:site_name\" content=\"Nailner\" \/>\n<meta property=\"article:modified_time\" content=\"2025-04-30T07:31:08+00:00\" \/>\n<meta property=\"og:image\" content=\"https:\/\/nailner.com\/app\/uploads\/sites\/14\/2022\/11\/nailner-brush-2in1-baltics.png\" \/>\n\t<meta property=\"og:image:width\" content=\"800\" \/>\n\t<meta property=\"og:image:height\" content=\"800\" \/>\n\t<meta property=\"og:image:type\" content=\"image\/png\" \/>\n<meta name=\"twitter:card\" content=\"summary_large_image\" \/>\n<meta name=\"twitter:label1\" content=\"Est. reading time\" \/>\n\t<meta name=\"twitter:data1\" content=\"2 minutes\" \/>\n<script type=\"application\/ld+json\" class=\"yoast-schema-graph\">{\"@context\":\"https:\/\/schema.org\",\"@graph\":[{\"@type\":\"WebPage\",\"@id\":\"https:\/\/nailner.com\/lv\/produkts\/nailner-2-in-1-brush\/\",\"url\":\"https:\/\/nailner.com\/lv\/produkts\/nailner-2-in-1-brush\/\",\"name\":\"Nailner 2 in 1 - Nailner\",\"isPartOf\":{\"@id\":\"https:\/\/nailner.com\/lv\/#website\"},\"primaryImageOfPage\":{\"@id\":\"https:\/\/nailner.com\/lv\/produkts\/nailner-2-in-1-brush\/#primaryimage\"},\"image\":{\"@id\":\"https:\/\/nailner.com\/lv\/produkts\/nailner-2-in-1-brush\/#primaryimage\"},\"thumbnailUrl\":\"https:\/\/nailner.com\/app\/uploads\/sites\/14\/2022\/11\/nailner-brush-2in1-baltics.png\",\"datePublished\":\"2022-11-11T08:54:39+00:00\",\"dateModified\":\"2025-04-30T07:31:08+00:00\",\"description\":\"\u0100rst\u0113 un padara nagu ac\u012bmredzami gai\u0161\u0101ku 7 dienu laik\u0101, Ir pier\u0101d\u012bts, ka efekt\u012bvi \u0101rst\u0113 nagu s\u0113n\u012bti, \u0100rst\u0113 un aizsarg\u0101 no nagu s\u0113n\u012btes infekcijas\",\"breadcrumb\":{\"@id\":\"https:\/\/nailner.com\/lv\/produkts\/nailner-2-in-1-brush\/#breadcrumb\"},\"inLanguage\":\"lv-LV\",\"potentialAction\":[{\"@type\":\"ReadAction\",\"target\":[\"https:\/\/nailner.com\/lv\/produkts\/nailner-2-in-1-brush\/\"]}]},{\"@type\":\"ImageObject\",\"inLanguage\":\"lv-LV\",\"@id\":\"https:\/\/nailner.com\/lv\/produkts\/nailner-2-in-1-brush\/#primaryimage\",\"url\":\"https:\/\/nailner.com\/app\/uploads\/sites\/14\/2022\/11\/nailner-brush-2in1-baltics.png\",\"contentUrl\":\"https:\/\/nailner.com\/app\/uploads\/sites\/14\/2022\/11\/nailner-brush-2in1-baltics.png\",\"width\":800,\"height\":800,\"caption\":\"Nailner 2 in 1\"},{\"@type\":\"BreadcrumbList\",\"@id\":\"https:\/\/nailner.com\/lv\/produkts\/nailner-2-in-1-brush\/#breadcrumb\",\"itemListElement\":[{\"@type\":\"ListItem\",\"position\":1,\"name\":\"Home\",\"item\":\"https:\/\/nailner.com\/lv\/\"},{\"@type\":\"ListItem\",\"position\":2,\"name\":\"Produkti\",\"item\":\"https:\/\/nailner.com\/lv\/produkti\/\"},{\"@type\":\"ListItem\",\"position\":3,\"name\":\"Nailner 2 in 1\"}]},{\"@type\":\"WebSite\",\"@id\":\"https:\/\/nailner.com\/lv\/#website\",\"url\":\"https:\/\/nailner.com\/lv\/\",\"name\":\"Nailner\",\"description\":\"\",\"publisher\":{\"@id\":\"https:\/\/nailner.com\/lv\/#organization\"},\"potentialAction\":[{\"@type\":\"SearchAction\",\"target\":{\"@type\":\"EntryPoint\",\"urlTemplate\":\"https:\/\/nailner.com\/lv\/?s={search_term_string}\"},\"query-input\":{\"@type\":\"PropertyValueSpecification\",\"valueRequired\":true,\"valueName\":\"search_term_string\"}}],\"inLanguage\":\"lv-LV\"},{\"@type\":\"Organization\",\"@id\":\"https:\/\/nailner.com\/lv\/#organization\",\"name\":\"Nailner\",\"url\":\"https:\/\/nailner.com\/lv\/\",\"logo\":{\"@type\":\"ImageObject\",\"inLanguage\":\"lv-LV\",\"@id\":\"https:\/\/nailner.com\/lv\/#\/schema\/logo\/image\/\",\"url\":\"https:\/\/nailner.com\/app\/uploads\/sites\/14\/2025\/04\/Nailner-logo.png\",\"contentUrl\":\"https:\/\/nailner.com\/app\/uploads\/sites\/14\/2025\/04\/Nailner-logo.png\",\"width\":134,\"height\":32,\"caption\":\"Nailner\"},\"image\":{\"@id\":\"https:\/\/nailner.com\/lv\/#\/schema\/logo\/image\/\"}}]}<\/script>\n<!-- \/ Yoast SEO plugin. -->","yoast_head_json":{"title":"Nailner 2 in 1 - Nailner","description":"\u0100rst\u0113 un padara nagu ac\u012bmredzami gai\u0161\u0101ku 7 dienu laik\u0101, Ir pier\u0101d\u012bts, ka efekt\u012bvi \u0101rst\u0113 nagu s\u0113n\u012bti, \u0100rst\u0113 un aizsarg\u0101 no nagu s\u0113n\u012btes infekcijas","robots":{"index":"index","follow":"follow","max-snippet":"max-snippet:-1","max-image-preview":"max-image-preview:large","max-video-preview":"max-video-preview:-1"},"canonical":"https:\/\/nailner.com\/lv\/produkts\/nailner-2-in-1-brush\/","og_locale":"lv_LV","og_type":"article","og_title":"Nailner 2 in 1 - Nailner","og_description":"\u0100rst\u0113 un padara nagu ac\u012bmredzami gai\u0161\u0101ku 7 dienu laik\u0101, Ir pier\u0101d\u012bts, ka efekt\u012bvi \u0101rst\u0113 nagu s\u0113n\u012bti, \u0100rst\u0113 un aizsarg\u0101 no nagu s\u0113n\u012btes infekcijas","og_url":"https:\/\/nailner.com\/lv\/produkts\/nailner-2-in-1-brush\/","og_site_name":"Nailner","article_modified_time":"2025-04-30T07:31:08+00:00","og_image":[{"width":800,"height":800,"url":"https:\/\/nailner.com\/app\/uploads\/sites\/14\/2022\/11\/nailner-brush-2in1-baltics.png","type":"image\/png"}],"twitter_card":"summary_large_image","twitter_misc":{"Est. reading time":"2 minutes"},"schema":{"@context":"https:\/\/schema.org","@graph":[{"@type":"WebPage","@id":"https:\/\/nailner.com\/lv\/produkts\/nailner-2-in-1-brush\/","url":"https:\/\/nailner.com\/lv\/produkts\/nailner-2-in-1-brush\/","name":"Nailner 2 in 1 - Nailner","isPartOf":{"@id":"https:\/\/nailner.com\/lv\/#website"},"primaryImageOfPage":{"@id":"https:\/\/nailner.com\/lv\/produkts\/nailner-2-in-1-brush\/#primaryimage"},"image":{"@id":"https:\/\/nailner.com\/lv\/produkts\/nailner-2-in-1-brush\/#primaryimage"},"thumbnailUrl":"https:\/\/nailner.com\/app\/uploads\/sites\/14\/2022\/11\/nailner-brush-2in1-baltics.png","datePublished":"2022-11-11T08:54:39+00:00","dateModified":"2025-04-30T07:31:08+00:00","description":"\u0100rst\u0113 un padara nagu ac\u012bmredzami gai\u0161\u0101ku 7 dienu laik\u0101, Ir pier\u0101d\u012bts, ka efekt\u012bvi \u0101rst\u0113 nagu s\u0113n\u012bti, \u0100rst\u0113 un aizsarg\u0101 no nagu s\u0113n\u012btes infekcijas","breadcrumb":{"@id":"https:\/\/nailner.com\/lv\/produkts\/nailner-2-in-1-brush\/#breadcrumb"},"inLanguage":"lv-LV","potentialAction":[{"@type":"ReadAction","target":["https:\/\/nailner.com\/lv\/produkts\/nailner-2-in-1-brush\/"]}]},{"@type":"ImageObject","inLanguage":"lv-LV","@id":"https:\/\/nailner.com\/lv\/produkts\/nailner-2-in-1-brush\/#primaryimage","url":"https:\/\/nailner.com\/app\/uploads\/sites\/14\/2022\/11\/nailner-brush-2in1-baltics.png","contentUrl":"https:\/\/nailner.com\/app\/uploads\/sites\/14\/2022\/11\/nailner-brush-2in1-baltics.png","width":800,"height":800,"caption":"Nailner 2 in 1"},{"@type":"BreadcrumbList","@id":"https:\/\/nailner.com\/lv\/produkts\/nailner-2-in-1-brush\/#breadcrumb","itemListElement":[{"@type":"ListItem","position":1,"name":"Home","item":"https:\/\/nailner.com\/lv\/"},{"@type":"ListItem","position":2,"name":"Produkti","item":"https:\/\/nailner.com\/lv\/produkti\/"},{"@type":"ListItem","position":3,"name":"Nailner 2 in 1"}]},{"@type":"WebSite","@id":"https:\/\/nailner.com\/lv\/#website","url":"https:\/\/nailner.com\/lv\/","name":"Nailner","description":"","publisher":{"@id":"https:\/\/nailner.com\/lv\/#organization"},"potentialAction":[{"@type":"SearchAction","target":{"@type":"EntryPoint","urlTemplate":"https:\/\/nailner.com\/lv\/?s={search_term_string}"},"query-input":{"@type":"PropertyValueSpecification","valueRequired":true,"valueName":"search_term_string"}}],"inLanguage":"lv-LV"},{"@type":"Organization","@id":"https:\/\/nailner.com\/lv\/#organization","name":"Nailner","url":"https:\/\/nailner.com\/lv\/","logo":{"@type":"ImageObject","inLanguage":"lv-LV","@id":"https:\/\/nailner.com\/lv\/#\/schema\/logo\/image\/","url":"https:\/\/nailner.com\/app\/uploads\/sites\/14\/2025\/04\/Nailner-logo.png","contentUrl":"https:\/\/nailner.com\/app\/uploads\/sites\/14\/2025\/04\/Nailner-logo.png","width":134,"height":32,"caption":"Nailner"},"image":{"@id":"https:\/\/nailner.com\/lv\/#\/schema\/logo\/image\/"}}]}},"_links":{"self":[{"href":"https:\/\/nailner.com\/lv\/wp-json\/wp\/v2\/product\/152","targetHints":{"allow":["GET"]}}],"collection":[{"href":"https:\/\/nailner.com\/lv\/wp-json\/wp\/v2\/product"}],"about":[{"href":"https:\/\/nailner.com\/lv\/wp-json\/wp\/v2\/types\/product"}],"replies":[{"embeddable":true,"href":"https:\/\/nailner.com\/lv\/wp-json\/wp\/v2\/comments?post=152"}],"version-history":[{"count":4,"href":"https:\/\/nailner.com\/lv\/wp-json\/wp\/v2\/product\/152\/revisions"}],"predecessor-version":[{"id":208,"href":"https:\/\/nailner.com\/lv\/wp-json\/wp\/v2\/product\/152\/revisions\/208"}],"wp:featuredmedia":[{"embeddable":true,"href":"https:\/\/nailner.com\/lv\/wp-json\/wp\/v2\/media\/183"}],"wp:attachment":[{"href":"https:\/\/nailner.com\/lv\/wp-json\/wp\/v2\/media?parent=152"}],"wp:term":[{"taxonomy":"product_brand","embeddable":true,"href":"https:\/\/nailner.com\/lv\/wp-json\/wp\/v2\/product_brand?post=152"},{"taxonomy":"product_cat","embeddable":true,"href":"https:\/\/nailner.com\/lv\/wp-json\/wp\/v2\/product_cat?post=152"},{"taxonomy":"product_tag","embeddable":true,"href":"https:\/\/nailner.com\/lv\/wp-json\/wp\/v2\/product_tag?post=152"}],"curies":[{"name":"wp","href":"https:\/\/api.w.org\/{rel}","templated":true}]}}