{"id":83,"date":"2022-10-18T14:34:40","date_gmt":"2022-10-18T11:34:40","guid":{"rendered":"https:\/\/nailner.com\/lv\/?post_type=product&#038;p=83"},"modified":"2025-09-23T16:14:11","modified_gmt":"2025-09-23T13:14:11","slug":"nailner-treat-colour","status":"publish","type":"product","link":"https:\/\/nailner.com\/lv\/produkts\/nailner-treat-colour\/","title":{"rendered":"Nailner Treat &#038; Colour"},"content":{"rendered":"\n<section class=\"wp-block-karopharma-usp is-style-secondary usp is-style-secondary\"><div class=\"usp-wrapper\">\n<section class=\"wp-block-karopharma-usp-single usp-single undefined\"><div class=\"icon\"><svg width=\"21\" height=\"16\" viewBox=\"0 0 21 16\" fill=\"none\" xmlns=\"http:\/\/www.w3.org\/2000\/svg\"><path d=\"M19.2567 0.164742L6.13095 13.2905L1.49056 8.65006C1.2709 8.4304 0.914742 8.4304 0.695039 8.65006L0.164742 9.18036C-0.0549141 9.40001 -0.0549141 9.75617 0.164742 9.97587L5.73321 15.5443C5.95287 15.764 6.30903 15.764 6.52873 15.5443L20.5825 1.4906C20.8021 1.27095 20.8021 0.914789 20.5825 0.695086L20.0521 0.164742C19.8325 -0.0549141 19.4763 -0.0549141 19.2567 0.164742Z\" fill=\"white\"><\/path><\/svg><\/div>\n<h4 class=\"wp-block-heading has-text-align-center is-style-heading-h4\" id=\"step-1\">Step 1<\/h4>\n\n\n\n<p class=\"has-text-align-center is-style-body-text\">Pirms katras lieto\u0161anas not\u012briet nagu no nagiem, kuriem nepiecie\u0161ama \u0101rst\u0113\u0161ana.<\/p>\n<\/section>\n\n\n\n<section class=\"wp-block-karopharma-usp-single usp-single undefined\"><div class=\"icon\"><svg width=\"21\" height=\"16\" viewBox=\"0 0 21 16\" fill=\"none\" xmlns=\"http:\/\/www.w3.org\/2000\/svg\"><path d=\"M19.2567 0.164742L6.13095 13.2905L1.49056 8.65006C1.2709 8.4304 0.914742 8.4304 0.695039 8.65006L0.164742 9.18036C-0.0549141 9.40001 -0.0549141 9.75617 0.164742 9.97587L5.73321 15.5443C5.95287 15.764 6.30903 15.764 6.52873 15.5443L20.5825 1.4906C20.8021 1.27095 20.8021 0.914789 20.5825 0.695086L20.0521 0.164742C19.8325 -0.0549141 19.4763 -0.0549141 19.2567 0.164742Z\" fill=\"white\"><\/path><\/svg><\/div>\n<h4 class=\"wp-block-heading has-text-align-center is-style-heading-h4\" id=\"step-2\">Step 2<\/h4>\n\n\n\n<p class=\"has-text-align-center is-style-body-text\">Uzkl\u0101jiet Nailner Brush (caursp\u012bd\u012bgais \u0161\u0137idrums) uz visas boj\u0101t\u0101 naga virsmas, ieskaitot ar\u012b panadzi.<\/p>\n<\/section>\n\n\n\n<section class=\"wp-block-karopharma-usp-single usp-single undefined\"><div class=\"icon\"><svg width=\"21\" height=\"16\" viewBox=\"0 0 21 16\" fill=\"none\" xmlns=\"http:\/\/www.w3.org\/2000\/svg\"><path d=\"M19.2567 0.164742L6.13095 13.2905L1.49056 8.65006C1.2709 8.4304 0.914742 8.4304 0.695039 8.65006L0.164742 9.18036C-0.0549141 9.40001 -0.0549141 9.75617 0.164742 9.97587L5.73321 15.5443C5.95287 15.764 6.30903 15.764 6.52873 15.5443L20.5825 1.4906C20.8021 1.27095 20.8021 0.914789 20.5825 0.695086L20.0521 0.164742C19.8325 -0.0549141 19.4763 -0.0549141 19.2567 0.164742Z\" fill=\"white\"><\/path><\/svg><\/div>\n<h4 class=\"wp-block-heading has-text-align-center is-style-heading-h4\" id=\"step-1-2\">Step 3<\/h4>\n\n\n\n<p class=\"has-text-align-center is-style-body-text\">\u013baujiet \u0161\u0137\u012bdumam no\u017e\u016bt aptuveni 1\u20132 min\u016btes.<\/p>\n<\/section>\n\n\n\n<section class=\"wp-block-karopharma-usp-single usp-single undefined\"><div class=\"icon\"><svg width=\"21\" height=\"16\" viewBox=\"0 0 21 16\" fill=\"none\" xmlns=\"http:\/\/www.w3.org\/2000\/svg\"><path d=\"M19.2567 0.164742L6.13095 13.2905L1.49056 8.65006C1.2709 8.4304 0.914742 8.4304 0.695039 8.65006L0.164742 9.18036C-0.0549141 9.40001 -0.0549141 9.75617 0.164742 9.97587L5.73321 15.5443C5.95287 15.764 6.30903 15.764 6.52873 15.5443L20.5825 1.4906C20.8021 1.27095 20.8021 0.914789 20.5825 0.695086L20.0521 0.164742C19.8325 -0.0549141 19.4763 -0.0549141 19.2567 0.164742Z\" fill=\"white\"><\/path><\/svg><\/div>\n<h4 class=\"wp-block-heading has-text-align-center is-style-heading-h4\" id=\"step-4\">Step 4<\/h4>\n\n\n\n<p class=\"has-text-align-center is-style-body-text\">Nolakojiet nagus ar Nailner gaisa caurlaid\u012bgo nagu laku un \u013caujiet tai no\u017e\u016bt (aptuveni 2\u20133 min\u016btes). Tagad var lakot visus nagus.<\/p>\n<\/section>\n<\/div><\/section>\n\n\n\n<div class=\"wp-block-karopharma-free-text pt-small pb-small bg-center bg-contain bg-no-repeat  undefined is-style-secondary\" style=\"background-image:url()\"><div class=\"free-text-wrapper container max-w-medium text-left\">\n<p>Pirms n\u0101kam\u0101s uzkl\u0101\u0161anas no nagiem, kuriem nepiecie\u0161ama \u0101rst\u0113\u0161ana, not\u012briet nagu laku ar nagu lakas no\u0146\u0113m\u0113ju (vislab\u0101k bez acetona) un atk\u0101rtojiet iepriek\u0161 aprakst\u012bto proced\u016bru. Veselie nagi var palikt nolakoti (ieteicams not\u012br\u012bt un \u013caut nagiem paelpot ik 2 ned\u0113\u013cas).<\/p>\n<\/div><\/div>\n\n\n\n<div class=\"wp-block-karopharma-accordions is-style-secondary\"><div class=\"container\">\n<details class=\"wp-block-karopharma-accordion\"><summary><h2 class=\"accordion-title\">K\u0101ds ir Nailner Treat &amp; Color sast\u0101vs?<\/h2><\/summary><div class=\"accordion-content\">\n<p>Etillakt\u0101ts, glicer\u012bns, \u016bdens, piensk\u0101be, citronsk\u0101be.<\/p>\n<\/div><\/details>\n<\/div><\/div>\n","protected":false},"excerpt":{"rendered":"","protected":false},"featured_media":186,"comment_status":"closed","ping_status":"closed","template":"","meta":{"_acf_changed":false,"footnotes":""},"product_brand":[],"product_cat":[],"product_tag":[],"class_list":{"0":"post-83","1":"product","2":"type-product","3":"status-publish","4":"has-post-thumbnail","7":"first","8":"instock","9":"shipping-taxable","10":"product-type-simple"},"acf":[],"yoast_head":"<!-- This site is optimized with the Yoast SEO plugin v26.6 - https:\/\/yoast.com\/wordpress\/plugins\/seo\/ -->\n<title>Nailner Treat &amp; Colour - Nailner<\/title>\n<meta name=\"description\" content=\"Ar gaisu caurlaid\u012bgu nagu laiku, lai j\u016bs var\u0113tu \u0101rst\u0113t un taj\u0101 pa\u0161\u0101 laik\u0101 lakot nagus, Parast\u0101s nagu lakas var \u201eiesl\u0113gt\u201d s\u0113n\u012btes infekciju un pasliktin\u0101t situ\u0101ciju\" \/>\n<meta name=\"robots\" content=\"index, follow, max-snippet:-1, max-image-preview:large, max-video-preview:-1\" \/>\n<link rel=\"canonical\" href=\"https:\/\/nailner.com\/lv\/produkts\/nailner-treat-colour\/\" \/>\n<meta property=\"og:locale\" content=\"lv_LV\" \/>\n<meta property=\"og:type\" content=\"article\" \/>\n<meta property=\"og:title\" content=\"Nailner Treat &amp; Colour - Nailner\" \/>\n<meta property=\"og:description\" content=\"Ar gaisu caurlaid\u012bgu nagu laiku, lai j\u016bs var\u0113tu \u0101rst\u0113t un taj\u0101 pa\u0161\u0101 laik\u0101 lakot nagus, Parast\u0101s nagu lakas var \u201eiesl\u0113gt\u201d s\u0113n\u012btes infekciju un pasliktin\u0101t situ\u0101ciju\" \/>\n<meta property=\"og:url\" content=\"https:\/\/nailner.com\/lv\/produkts\/nailner-treat-colour\/\" \/>\n<meta property=\"og:site_name\" content=\"Nailner\" \/>\n<meta property=\"article:modified_time\" content=\"2025-09-23T13:14:11+00:00\" \/>\n<meta property=\"og:image\" content=\"https:\/\/nailner.com\/app\/uploads\/sites\/14\/2022\/10\/Nailner-treat-and-colour.png\" \/>\n\t<meta property=\"og:image:width\" content=\"720\" \/>\n\t<meta property=\"og:image:height\" content=\"720\" \/>\n\t<meta property=\"og:image:type\" content=\"image\/png\" \/>\n<meta name=\"twitter:card\" content=\"summary_large_image\" \/>\n<meta name=\"twitter:label1\" content=\"Est. reading time\" \/>\n\t<meta name=\"twitter:data1\" content=\"1 minute\" \/>\n<script type=\"application\/ld+json\" class=\"yoast-schema-graph\">{\"@context\":\"https:\/\/schema.org\",\"@graph\":[{\"@type\":\"WebPage\",\"@id\":\"https:\/\/nailner.com\/lv\/produkts\/nailner-treat-colour\/\",\"url\":\"https:\/\/nailner.com\/lv\/produkts\/nailner-treat-colour\/\",\"name\":\"Nailner Treat & Colour - Nailner\",\"isPartOf\":{\"@id\":\"https:\/\/nailner.com\/lv\/#website\"},\"primaryImageOfPage\":{\"@id\":\"https:\/\/nailner.com\/lv\/produkts\/nailner-treat-colour\/#primaryimage\"},\"image\":{\"@id\":\"https:\/\/nailner.com\/lv\/produkts\/nailner-treat-colour\/#primaryimage\"},\"thumbnailUrl\":\"https:\/\/nailner.com\/app\/uploads\/sites\/14\/2022\/10\/Nailner-treat-and-colour.png\",\"datePublished\":\"2022-10-18T11:34:40+00:00\",\"dateModified\":\"2025-09-23T13:14:11+00:00\",\"description\":\"Ar gaisu caurlaid\u012bgu nagu laiku, lai j\u016bs var\u0113tu \u0101rst\u0113t un taj\u0101 pa\u0161\u0101 laik\u0101 lakot nagus, Parast\u0101s nagu lakas var \u201eiesl\u0113gt\u201d s\u0113n\u012btes infekciju un pasliktin\u0101t situ\u0101ciju\",\"breadcrumb\":{\"@id\":\"https:\/\/nailner.com\/lv\/produkts\/nailner-treat-colour\/#breadcrumb\"},\"inLanguage\":\"lv-LV\",\"potentialAction\":[{\"@type\":\"ReadAction\",\"target\":[\"https:\/\/nailner.com\/lv\/produkts\/nailner-treat-colour\/\"]}]},{\"@type\":\"ImageObject\",\"inLanguage\":\"lv-LV\",\"@id\":\"https:\/\/nailner.com\/lv\/produkts\/nailner-treat-colour\/#primaryimage\",\"url\":\"https:\/\/nailner.com\/app\/uploads\/sites\/14\/2022\/10\/Nailner-treat-and-colour.png\",\"contentUrl\":\"https:\/\/nailner.com\/app\/uploads\/sites\/14\/2022\/10\/Nailner-treat-and-colour.png\",\"width\":720,\"height\":720,\"caption\":\"Nailner-treat-and-colour\"},{\"@type\":\"BreadcrumbList\",\"@id\":\"https:\/\/nailner.com\/lv\/produkts\/nailner-treat-colour\/#breadcrumb\",\"itemListElement\":[{\"@type\":\"ListItem\",\"position\":1,\"name\":\"Home\",\"item\":\"https:\/\/nailner.com\/lv\/\"},{\"@type\":\"ListItem\",\"position\":2,\"name\":\"Produkti\",\"item\":\"https:\/\/nailner.com\/lv\/produkti\/\"},{\"@type\":\"ListItem\",\"position\":3,\"name\":\"Nailner Treat &#038; Colour\"}]},{\"@type\":\"WebSite\",\"@id\":\"https:\/\/nailner.com\/lv\/#website\",\"url\":\"https:\/\/nailner.com\/lv\/\",\"name\":\"Nailner\",\"description\":\"\",\"publisher\":{\"@id\":\"https:\/\/nailner.com\/lv\/#organization\"},\"potentialAction\":[{\"@type\":\"SearchAction\",\"target\":{\"@type\":\"EntryPoint\",\"urlTemplate\":\"https:\/\/nailner.com\/lv\/?s={search_term_string}\"},\"query-input\":{\"@type\":\"PropertyValueSpecification\",\"valueRequired\":true,\"valueName\":\"search_term_string\"}}],\"inLanguage\":\"lv-LV\"},{\"@type\":\"Organization\",\"@id\":\"https:\/\/nailner.com\/lv\/#organization\",\"name\":\"Nailner\",\"url\":\"https:\/\/nailner.com\/lv\/\",\"logo\":{\"@type\":\"ImageObject\",\"inLanguage\":\"lv-LV\",\"@id\":\"https:\/\/nailner.com\/lv\/#\/schema\/logo\/image\/\",\"url\":\"https:\/\/nailner.com\/app\/uploads\/sites\/14\/2025\/04\/Nailner-logo.png\",\"contentUrl\":\"https:\/\/nailner.com\/app\/uploads\/sites\/14\/2025\/04\/Nailner-logo.png\",\"width\":134,\"height\":32,\"caption\":\"Nailner\"},\"image\":{\"@id\":\"https:\/\/nailner.com\/lv\/#\/schema\/logo\/image\/\"}}]}<\/script>\n<!-- \/ Yoast SEO plugin. -->","yoast_head_json":{"title":"Nailner Treat & Colour - Nailner","description":"Ar gaisu caurlaid\u012bgu nagu laiku, lai j\u016bs var\u0113tu \u0101rst\u0113t un taj\u0101 pa\u0161\u0101 laik\u0101 lakot nagus, Parast\u0101s nagu lakas var \u201eiesl\u0113gt\u201d s\u0113n\u012btes infekciju un pasliktin\u0101t situ\u0101ciju","robots":{"index":"index","follow":"follow","max-snippet":"max-snippet:-1","max-image-preview":"max-image-preview:large","max-video-preview":"max-video-preview:-1"},"canonical":"https:\/\/nailner.com\/lv\/produkts\/nailner-treat-colour\/","og_locale":"lv_LV","og_type":"article","og_title":"Nailner Treat & Colour - Nailner","og_description":"Ar gaisu caurlaid\u012bgu nagu laiku, lai j\u016bs var\u0113tu \u0101rst\u0113t un taj\u0101 pa\u0161\u0101 laik\u0101 lakot nagus, Parast\u0101s nagu lakas var \u201eiesl\u0113gt\u201d s\u0113n\u012btes infekciju un pasliktin\u0101t situ\u0101ciju","og_url":"https:\/\/nailner.com\/lv\/produkts\/nailner-treat-colour\/","og_site_name":"Nailner","article_modified_time":"2025-09-23T13:14:11+00:00","og_image":[{"width":720,"height":720,"url":"https:\/\/nailner.com\/app\/uploads\/sites\/14\/2022\/10\/Nailner-treat-and-colour.png","type":"image\/png"}],"twitter_card":"summary_large_image","twitter_misc":{"Est. reading time":"1 minute"},"schema":{"@context":"https:\/\/schema.org","@graph":[{"@type":"WebPage","@id":"https:\/\/nailner.com\/lv\/produkts\/nailner-treat-colour\/","url":"https:\/\/nailner.com\/lv\/produkts\/nailner-treat-colour\/","name":"Nailner Treat & Colour - Nailner","isPartOf":{"@id":"https:\/\/nailner.com\/lv\/#website"},"primaryImageOfPage":{"@id":"https:\/\/nailner.com\/lv\/produkts\/nailner-treat-colour\/#primaryimage"},"image":{"@id":"https:\/\/nailner.com\/lv\/produkts\/nailner-treat-colour\/#primaryimage"},"thumbnailUrl":"https:\/\/nailner.com\/app\/uploads\/sites\/14\/2022\/10\/Nailner-treat-and-colour.png","datePublished":"2022-10-18T11:34:40+00:00","dateModified":"2025-09-23T13:14:11+00:00","description":"Ar gaisu caurlaid\u012bgu nagu laiku, lai j\u016bs var\u0113tu \u0101rst\u0113t un taj\u0101 pa\u0161\u0101 laik\u0101 lakot nagus, Parast\u0101s nagu lakas var \u201eiesl\u0113gt\u201d s\u0113n\u012btes infekciju un pasliktin\u0101t situ\u0101ciju","breadcrumb":{"@id":"https:\/\/nailner.com\/lv\/produkts\/nailner-treat-colour\/#breadcrumb"},"inLanguage":"lv-LV","potentialAction":[{"@type":"ReadAction","target":["https:\/\/nailner.com\/lv\/produkts\/nailner-treat-colour\/"]}]},{"@type":"ImageObject","inLanguage":"lv-LV","@id":"https:\/\/nailner.com\/lv\/produkts\/nailner-treat-colour\/#primaryimage","url":"https:\/\/nailner.com\/app\/uploads\/sites\/14\/2022\/10\/Nailner-treat-and-colour.png","contentUrl":"https:\/\/nailner.com\/app\/uploads\/sites\/14\/2022\/10\/Nailner-treat-and-colour.png","width":720,"height":720,"caption":"Nailner-treat-and-colour"},{"@type":"BreadcrumbList","@id":"https:\/\/nailner.com\/lv\/produkts\/nailner-treat-colour\/#breadcrumb","itemListElement":[{"@type":"ListItem","position":1,"name":"Home","item":"https:\/\/nailner.com\/lv\/"},{"@type":"ListItem","position":2,"name":"Produkti","item":"https:\/\/nailner.com\/lv\/produkti\/"},{"@type":"ListItem","position":3,"name":"Nailner Treat &#038; Colour"}]},{"@type":"WebSite","@id":"https:\/\/nailner.com\/lv\/#website","url":"https:\/\/nailner.com\/lv\/","name":"Nailner","description":"","publisher":{"@id":"https:\/\/nailner.com\/lv\/#organization"},"potentialAction":[{"@type":"SearchAction","target":{"@type":"EntryPoint","urlTemplate":"https:\/\/nailner.com\/lv\/?s={search_term_string}"},"query-input":{"@type":"PropertyValueSpecification","valueRequired":true,"valueName":"search_term_string"}}],"inLanguage":"lv-LV"},{"@type":"Organization","@id":"https:\/\/nailner.com\/lv\/#organization","name":"Nailner","url":"https:\/\/nailner.com\/lv\/","logo":{"@type":"ImageObject","inLanguage":"lv-LV","@id":"https:\/\/nailner.com\/lv\/#\/schema\/logo\/image\/","url":"https:\/\/nailner.com\/app\/uploads\/sites\/14\/2025\/04\/Nailner-logo.png","contentUrl":"https:\/\/nailner.com\/app\/uploads\/sites\/14\/2025\/04\/Nailner-logo.png","width":134,"height":32,"caption":"Nailner"},"image":{"@id":"https:\/\/nailner.com\/lv\/#\/schema\/logo\/image\/"}}]}},"_links":{"self":[{"href":"https:\/\/nailner.com\/lv\/wp-json\/wp\/v2\/product\/83","targetHints":{"allow":["GET"]}}],"collection":[{"href":"https:\/\/nailner.com\/lv\/wp-json\/wp\/v2\/product"}],"about":[{"href":"https:\/\/nailner.com\/lv\/wp-json\/wp\/v2\/types\/product"}],"replies":[{"embeddable":true,"href":"https:\/\/nailner.com\/lv\/wp-json\/wp\/v2\/comments?post=83"}],"version-history":[{"count":9,"href":"https:\/\/nailner.com\/lv\/wp-json\/wp\/v2\/product\/83\/revisions"}],"predecessor-version":[{"id":218,"href":"https:\/\/nailner.com\/lv\/wp-json\/wp\/v2\/product\/83\/revisions\/218"}],"wp:featuredmedia":[{"embeddable":true,"href":"https:\/\/nailner.com\/lv\/wp-json\/wp\/v2\/media\/186"}],"wp:attachment":[{"href":"https:\/\/nailner.com\/lv\/wp-json\/wp\/v2\/media?parent=83"}],"wp:term":[{"taxonomy":"product_brand","embeddable":true,"href":"https:\/\/nailner.com\/lv\/wp-json\/wp\/v2\/product_brand?post=83"},{"taxonomy":"product_cat","embeddable":true,"href":"https:\/\/nailner.com\/lv\/wp-json\/wp\/v2\/product_cat?post=83"},{"taxonomy":"product_tag","embeddable":true,"href":"https:\/\/nailner.com\/lv\/wp-json\/wp\/v2\/product_tag?post=83"}],"curies":[{"name":"wp","href":"https:\/\/api.w.org\/{rel}","templated":true}]}}