{"id":404,"date":"2023-10-02T11:20:05","date_gmt":"2023-10-02T09:20:05","guid":{"rendered":"https:\/\/nailner.com\/no\/?page_id=404"},"modified":"2025-09-24T07:57:39","modified_gmt":"2025-09-24T05:57:39","slug":"nailners-guide-for-sunne-negler","status":"publish","type":"page","link":"https:\/\/nailner.com\/no\/nailners-guide-for-sunne-negler\/","title":{"rendered":"Nailners guide for sunne negler"},"content":{"rendered":"\n<div class=\"wp-block-karopharma-free-text undefined bg-center bg-contain bg-no-repeat  is-style-secondary\" style=\"background-image:url()\"><div class=\"free-text-wrapper container max-w-medium text-center\">\n<h1 class=\"is-style-heading-huge wp-block-heading\" id=\"nailner-healthy-nail-guide\">Nailners guide for sunne negler<\/h1>\n<\/div><\/div>\n\n\n\n<div class=\"wp-block-karopharma-free-text undefined bg-center bg-contain bg-no-repeat\" style=\"background-image:url()\"><div class=\"free-text-wrapper container max-w-medium text-left\">\n<p class=\"is-style-paragraph-preamble\">Neglesopp er et av de hyppigste problemene som p\u00e5virker neglene, og forskning tyder p\u00e5 at mange forbrukere finner det som et vanskelig problem \u00e5 behandle. Dette f\u00f8rer ofte til bekymring og stress. En ny unders\u00f8kelse viste at et stort antall &#8211; 67% &#8211; av folk ble trigget til \u00e5 finne en l\u00f8sning p\u00e5 deres soppinfiserte negl p\u00e5 grunn av neglens uheldige utseende. Overgangen til v\u00e5r og sommer fungerer som en naturlig motivasjon for behandling. Faktisk viste unders\u00f8kelsen at 41% av folk skammer seg over \u00e5 vise frem bare f\u00f8tter i de varmere m\u00e5nedene, mens 34% av folk misliker hvordan f\u00f8ttene deres ser ut gjennom hele \u00e5ret.<\/p>\n\n\n\n<p>Fotterapeut &amp; MD av DG Fotterapeut, Dina Gohil, er her for \u00e5 gi sin ekspertise og r\u00e5d om neglepleie for \u00e5 adressere dine bekymringer, for \u00e5 identifisere og behandle neglesopp raskt og trygt.<\/p>\n<\/div><\/div>\n\n\n\n<div class=\"wp-block-karopharma-several-images-with-text several-images-with-text\"><div class=\"container large col-1 content-align-none\" test-data=\"inner-content\">\n<section class=\"wp-block-karopharma-image-with-text image-with-text image-with-text__full-width\"><div class=\"image-with-text-container \"><div class=\"image-with-text-container-image-container\"><img decoding=\"async\" loading=\"lazy\" src=\"https:\/\/nailner.com\/cdn-cgi\/image\/format=auto\/app\/uploads\/sites\/6\/2023\/10\/34percent.png\" alt=\"34percent\"\/><\/div><div class=\"image-with-text-container-content\" style=\"text-align:left\" data-test=\"content\"><div class=\"content\"><p class=\"body\" data-test=\"body\">av folk skammer seg over \u00e5 vise frem bare f\u00f8tter i de varmere m\u00e5nedene.<\/p>\n<div class=\"wp-block-buttons is-layout-flex wp-block-buttons-is-layout-flex\"><\/div>\n<\/div><\/div><\/div><\/section>\n\n\n\n<section class=\"wp-block-karopharma-image-with-text image-with-text image-with-text__full-width\"><div class=\"image-with-text-container \"><div class=\"image-with-text-container-image-container\"><img decoding=\"async\" loading=\"lazy\" src=\"https:\/\/nailner.com\/cdn-cgi\/image\/format=auto\/app\/uploads\/sites\/6\/2023\/10\/41percent.png\" alt=\"41percent\"\/><\/div><div class=\"image-with-text-container-content\" style=\"text-align:left\" data-test=\"content\"><div class=\"content\"><p class=\"body\" data-test=\"body\">av folk misliker hvordan f\u00f8ttene deres ser ut gjennom hele \u00e5ret.<\/p>\n<div class=\"wp-block-buttons is-layout-flex wp-block-buttons-is-layout-flex\"><\/div>\n<\/div><\/div><\/div><\/section>\n\n\n\n<section class=\"wp-block-karopharma-image-with-text image-with-text image-with-text__full-width\"><div class=\"image-with-text-container \"><div class=\"image-with-text-container-image-container\"><img decoding=\"async\" loading=\"lazy\" src=\"https:\/\/nailner.com\/cdn-cgi\/image\/format=auto\/app\/uploads\/sites\/6\/2023\/10\/67percent.png\" alt=\"67percent\"\/><\/div><div class=\"image-with-text-container-content\" style=\"text-align:left\" data-test=\"content\"><div class=\"content\"><p class=\"body\" data-test=\"body\">av folk ble trigget til \u00e5 finne en l\u00f8sning p\u00e5 grunn av neglens uskj\u00f8nne utseende.<\/p>\n<div class=\"wp-block-buttons is-layout-flex wp-block-buttons-is-layout-flex\"><\/div>\n<\/div><\/div><\/div><\/section>\n<\/div><\/div>\n\n\n\n<div class=\"wp-block-karopharma-several-images-with-text several-images-with-text\"><div class=\"container large col-1 content-align-none\" test-data=\"inner-content\">\n<section class=\"wp-block-karopharma-image-with-text image-with-text image-with-text__full-width\"><div class=\"image-with-text-container \"><div class=\"image-with-text-container-image-container\"><img decoding=\"async\" loading=\"lazy\" src=\"https:\/\/nailner.com\/cdn-cgi\/image\/format=auto\/app\/uploads\/sites\/2\/2022\/05\/Nail1.png\" alt=\"Nail1\"\/><\/div><div class=\"image-with-text-container-content\" style=\"text-align:left\" data-test=\"content\"><div class=\"content\"><h2>Hva er neglesopp?<\/h2><p class=\"body\" data-test=\"body\">Den medisinske betegnelsen for en soppinfeksjon i neglen er \u2018onykomykose, tinea unguium\u2019. Det er en vanlig soppinfeksjon som p\u00e5virker neglene. Infeksjonen kan f\u00e5 neglen til \u00e5 endre farge og bli spr\u00f8, noe som gj\u00f8r dem lettere \u00e5 dele eller brekke. De kan ogs\u00e5 v\u00e6re smuldrete eller tykke. Av og til kan soppinfiserte negler for\u00e5rsake smerte i negleroten p\u00e5 grunn av fortykning.<\/p>\n<div class=\"wp-block-buttons is-layout-flex wp-block-buttons-is-layout-flex\"><\/div>\n<\/div><\/div><\/div><\/section>\n\n\n\n<section class=\"wp-block-karopharma-image-with-text image-with-text image-with-text__full-width\"><div class=\"image-with-text-container \"><div class=\"image-with-text-container-image-container\"><img decoding=\"async\" loading=\"lazy\" src=\"https:\/\/nailner.com\/cdn-cgi\/image\/format=auto\/app\/uploads\/sites\/2\/2022\/05\/Nail2.png\" alt=\"Nail2\"\/><\/div><div class=\"image-with-text-container-content\" style=\"text-align:left\" data-test=\"content\"><div class=\"content\"><h2>Hvordan ser neglesopp ut?<\/h2><p class=\"body\" data-test=\"body\">N\u00e5r en soppinfeksjon begynner, kan du begynne \u00e5 legge merke til misfarging p\u00e5 en liten del av neglen din som blir st\u00f8rre over tid. For kroniske tilfeller kan dette allerede ha spredt seg til mesteparten av neglen, om ikke hele neglen. Misfargingen kan v\u00e6re hvit, gul eller til og med m\u00f8rk brun avhengig av individet. N\u00e5r soppen sprer seg kan neglen bli spr\u00f8, &laquo;krittaktig&raquo;, og du kan legge merke til at den brekker lett. Ved kronisk infeksjon kan neglen bli tykkere og begynne \u00e5 l\u00f8sne fra negleroten.<\/p>\n<div class=\"wp-block-buttons is-layout-flex wp-block-buttons-is-layout-flex\"><\/div>\n<\/div><\/div><\/div><\/section>\n<\/div><\/div>\n\n\n\n<div class=\"wp-block-karopharma-free-text undefined bg-center bg-contain bg-no-repeat  is-style-primary\" style=\"background-image:url()\"><div class=\"free-text-wrapper container max-w-medium text-left\">\n<h2 class=\"wp-block-heading\" id=\"how-can-i-prevent-nail-fungus\">Hvordan kan jeg forhindre neglesopp?<\/h2>\n\n\n\n<h3 class=\"is-style-heading-h3 wp-block-heading\" id=\"hygiene\">Hygiene<\/h3>\n\n\n\n<p>Hygiene er sv\u00e6rt viktig for \u00e5 forebygge soppinfiserte negler og redusere spredning av infeksjonen til andre negler. S\u00f8rg for \u00e5 vaske f\u00f8ttene daglig med s\u00e5pe og vann. T\u00f8rk dem grundig med et h\u00e5ndkle, ogs\u00e5 mellom t\u00e6r.<\/p>\n\n\n\n<h3 class=\"is-style-heading-h3 wp-block-heading\" id=\"hygiene\">Neglepleie<\/h3>\n\n\n\n<p>For det andre, s\u00f8rg for at neglene dine klippes regelmessig og godt, ved bruk av neglesaks. N\u00e5r du klipper neglene, husk \u00e5 etterlate en liten hvit fri kant. S\u00f8rg for at verkt\u00f8yene du bruker er rene og dine egne. Unng\u00e5 \u00e5 dele neglesaks eller negleklipper.<\/p>\n\n\n\n<h3 class=\"is-style-heading-h3 wp-block-heading\" id=\"hygiene\">Fott\u00f8y<\/h3>\n\n\n\n<p>Sopp trives i fuktige milj\u00f8er, og f\u00f8ttene v\u00e5re har over 250 000 svettekjertler. Uavhengig av om du f\u00f8ler det eller ikke, svetter f\u00f8ttene og skaper et perfekt milj\u00f8 for neglesopp. Et skritt mot forebygging er alltid \u00e5 bruke sokker med fott\u00f8y. Det vil v\u00e6re ideelt \u00e5 bruke sokker som absorberer svette for \u00e5 holde f\u00f8ttene t\u00f8rre. Hvis du naturlig har en svett fottype, kan det v\u00e6re lurt \u00e5 bytte sokker i l\u00f8pet av dagen.<\/p>\n\n\n\n<p>Bytt fott\u00f8y regelmessig, la dem lufte ut, vask dem om n\u00f8dvendig og s\u00f8rg for at de er helt t\u00f8rre f\u00f8r du bruker dem igjen. Unng\u00e5 \u00e5 dele sokker og sko med andre.<\/p>\n<\/div><\/div>\n\n\n\n<div class=\"wp-block-karopharma-accordions\"><div class=\"container\">\n<details class=\"wp-block-karopharma-accordion\"><summary><h2 class=\"accordion-title\">Hva inneb\u00e6rer en sunn neglepleierutine?<\/h2><\/summary><div class=\"accordion-content\">\n<p>\u00c5 bade f\u00f8ttene i et fotbad best\u00e5ende av salt og varmt vann i 10-15 minutter er en flott start p\u00e5 en sunn neglepleierutine. Bruk et h\u00e5ndkle, t\u00f8rk f\u00f8ttene grundig etterp\u00e5. S\u00f8rg for at negleverkt\u00f8yene dine er rene og klare til bruk. Klipp neglene dine forsiktig og etterlat alltid en liten hvit fri kant. Unng\u00e5 \u00e5 klippe for dypt. F\u00f8lg formen p\u00e5 neglen og pr\u00f8v \u00e5 ikke klippe for dypt ned i hj\u00f8rnene. Det er alltid tilr\u00e5delig \u00e5 glatte ut skarpe hj\u00f8rner med en tynn fotfil. N\u00e5r du er ferdig, bruk en negleolje for \u00e5 opprettholde neglenes vitalitet og helse.<\/p>\n<\/div><\/details>\n\n\n\n<details class=\"wp-block-karopharma-accordion\"><summary><h2 class=\"accordion-title\">Hva er behandlingsalternativene?<\/h2><\/summary><div class=\"accordion-content\">\n<p>Soppinfeksjoner i neglene kan behandles med hjemmemedisiner og reseptfrie midler mot sopp. Hjemmemedisiner kan for eksempel v\u00e6re \u00e5 fortynne eddik i vann og bruke l\u00f8sningen til fotbad og tilsette tea tree-olje i l\u00f8sningen. Det finnes en rekke reseptfrie midler, for eksempel Nailner, som kan brukes til \u00e5 behandle neglesopp. Nailners utvalg av klinisk utpr\u00f8vde produkter tilbyr effektive behandlingsalternativer og s\u00f8rger for at neglene ser bedre ut under behandlingen. Produktutvalget omfatter Nailner Active Cover, Nailner Treat &amp; Colour og Nailner 2&amp;1 pensel eller penn. Disse produktene behandler ikke bare infeksjonen, men forbedrer ogs\u00e5 utseendet p\u00e5 den infiserte neglen. Nailner 2-i-1-produktene inneholder for eksempel en lysnende ingrediens som raskt forbedrer neglenes utseende og gir synlige resultater p\u00e5 bare 7 dager. Nailner Active Cover er en behandling med revolusjonerende ny teknologi som kombinerer en neglesoppbehandling og en nude, pustende neglelakk i \u00e9n og samme flaske. Ved kronisk soppinfeksjon kan du bli bedt av fastlegen din om \u00e5 ta en kur med soppdrepende tabletter.<\/p>\n<\/div><\/details>\n\n\n\n<details class=\"wp-block-karopharma-accordion\"><summary><h2 class=\"accordion-title\">Er disse behandlingene trygge \u00e5 bruke?<\/h2><\/summary><div class=\"accordion-content\">\n<p>Ja, for det meste er OTC soppdrepende behandlinger trygge \u00e5 bruke. S\u00f8rg for \u00e5 f\u00f8lge instruksjonene gitt med behandlingsmiddel\/salve\/lakk du bruker. Ikke bruk hvis du er gravid. Soppdrepende tabletter krever m\u00e5nedlige blodpr\u00f8ver for \u00e5 sikre at leveren fungerer optimalt.<\/p>\n<\/div><\/details>\n\n\n\n<details class=\"wp-block-karopharma-accordion\"><summary><h2 class=\"accordion-title\">Hvor lenge m\u00e5 jeg bruke behandlingen?<\/h2><\/summary><div class=\"accordion-content\">\n<p>Det er viktig \u00e5 fortsette behandlingsplanen til neglen er gjenopprettet til sin sunne tilstand. N\u00e5r neglen ser klar ut, er det spesielt viktig \u00e5 fortsette behandlingen i minst to uker til for \u00e5 sikre at den er helt klar.<\/p>\n<\/div><\/details>\n\n\n\n<details class=\"wp-block-karopharma-accordion\"><summary><h2 class=\"accordion-title\">Hvor lang tid tar det f\u00f8r neglene ser sunne ut?<\/h2><\/summary><div class=\"accordion-content\">\n<p>Behandlingsl\u00f8pet avhenger av stadiet av neglesoppinfeksjonen. For milde infeksjoner kan den minimale tiden til neglene dine er klare v\u00e6re omtrent 6-9 m\u00e5neder. For kroniske tilfeller kan det ta minst ett \u00e5r f\u00f8r det vises tegn til forbedring, og lengre tid for full klaring. S\u00e5 selv om mange kan f\u00f8le frustrasjon over at en behandling ikke fungerer umiddelbart, pr\u00f8v \u00e5 v\u00e6r t\u00e5lmodig og v\u00e6r trygg p\u00e5 at tilstanden vil forbedres med konsekvent og regelmessig behandling.<\/p>\n<\/div><\/details>\n\n\n\n<details class=\"wp-block-karopharma-accordion\"><summary><h2 class=\"accordion-title\">Kan jeg male eller dekke neglene mine mens jeg behandler dem\/n\u00e5r vil neglene mine begynne \u00e5 se bedre ut?<\/h2><\/summary><div class=\"accordion-content\">\n<p>Det er \u00e5 foretrekke \u00e5 la neglene v\u00e6re i sin naturlige tilstand, da neglelakk kan forverre neglinfeksjoner. Imidlertid har Nailner flere behandlingsalternativer som du kanskje vil vurdere ved anledninger der f\u00f8ttene dine vil v\u00e6re synlige. Nailner 2 i 1 kommer med b\u00e5de pensel- og pennapplikasjonsalternativer og inneholder en lysnende ingrediens som forbedrer neglens utseende mens behandlingen gj\u00f8r sitt arbeid, med synlige resultater p\u00e5 7 dager. Nailner Active Cover kombinerer behandling og en pustende naken neglelakk i en flaske, mens Nailner Treat &amp; Colour inkluderer behandlingsv\u00e6sken og en separat farget pustende neglelakk for \u00e5 skjule utseendet p\u00e5 den infiserte neglen. I motsetning til vanlig neglelakk, er pustende neglelakk trygt og enkelt \u00e5 bruke mens man behandler neglesopp.<\/p>\n<\/div><\/details>\n\n\n\n<details class=\"wp-block-karopharma-accordion\"><summary><h2 class=\"accordion-title\">Jeg f\u00f8ler meg flau og skamfull over neglene mine \u2013 er dette normalt?<\/h2><\/summary><div class=\"accordion-content\">\n<p>Selvf\u00f8lgelig er dette en vanlig f\u00f8lelse knyttet til sopppregede negler og oppleves likt av b\u00e5de kvinner og menn. Derfor kan Nailners behandlingsserie hjelpe folk til \u00e5 f\u00f8le seg mindre flau over tilstanden deres, da produktene deres kamuflerer neglens utseende mens de behandler.<\/p>\n\n\n\n<p>Det er viktig \u00e5 begynne \u00e5 behandle det s\u00e5 snart som mulig. Jeg oppdager ofte at klientene mine f\u00f8ler seg mindre flaue og mer myndiggjorte ved \u00e5 vite at de gj\u00f8r noe for \u00e5 bekjempe infeksjonen.<\/p>\n<\/div><\/details>\n\n\n\n<details class=\"wp-block-karopharma-accordion\"><summary><h2 class=\"accordion-title\">N\u00e5r b\u00f8r jeg s\u00f8ke profesjonell r\u00e5dgivning?<\/h2><\/summary><div class=\"accordion-content\">\n<p>Se listen nedenfor:<\/p>\n\n\n\n<ul class=\"is-style-default wp-block-list\"><li>Du er ikke sikker p\u00e5 om du har en soppinfeksjon og trenger diagnose<\/li><li>Du har pr\u00f8vd OTC-midler, og infeksjonen forbedres ikke<\/li><li>Hvis neglen kommer bort fra neglebedden og m\u00e5 fjernes profesjonelt<\/li><li>Hvis neglen er for tykk og du ikke kan klippe den<\/li><li>Hvis neglen din begynner \u00e5 gj\u00f8re vondt med soppinfeksjonen<\/li><li>Spre seg til andre negler<\/li><li>Spre soppinfeksjonen p\u00e5 huden<\/li><\/ul>\n<\/div><\/details>\n<\/div><\/div>\n\n\n\n<div class=\"wp-block-karopharma-free-text undefined bg-center bg-contain bg-no-repeat  is-style-secondary\" style=\"background-image:url()\"><div class=\"free-text-wrapper container max-w-medium text-center\">\n<div class=\"wp-block-image\"><figure class=\"aligncenter size-full\"><img decoding=\"async\" src=\"https:\/\/nailner.com\/app\/uploads\/sites\/2\/2022\/05\/DinaGohlilnailner-300x300-1.png\" alt=\"Dina Gohlil\" class=\"wp-image-92\"\/><\/figure><\/div>\n\n\n\n<h2 class=\"is-style-heading-h3 wp-block-heading\" id=\"dina-gohil\">Dina Gohil<\/h2>\n\n\n\n<p>Dina Gohil BSc (Hons) MChS, HCPC Reg \u2013 merkevare ambassad\u00f8r for Nailner og ekspert fotterapeut<\/p>\n\n\n\n<p>Ekspert fotterapeut Dina Gohil BSc (Hons) MRCPod, HCPC Reg, er merkevare ambassad\u00f8r for Nailner, og jobber ved DG Podiatrist i Mayfair, London. Hun er registrert hos HCPC og er medlem av The Royal College of Podiatry. Hun er lidenskapelig opptatt av \u00e5 opplyse folk om viktigheten av fotpleie, og bruker sin omfattende kliniske erfaring for \u00e5 hjelpe folk med \u00e5 forhindre vanlige fotproblemer. Hun \u00f8nsker spesielt \u00e5 redusere f\u00f8lelsen av skam knyttet til fotproblemer som t\u00f8rr, hard hud og neglesopp. Dette gj\u00f8r hun b\u00e5de i klinikken, utenfor, og p\u00e5 sin YouTube-kanal The Foot Scraper.<\/p>\n\n\n\n<p class=\"is-style-paragraph-preamble\"><em>\u00c5 ta vare p\u00e5 f\u00f8ttene v\u00e5re b\u00f8r v\u00e6re en del av v\u00e5r daglige helse- og skj\u00f8nnhetsrutine. Det \u00e5 s\u00f8rge for sunne f\u00f8tter kan ha en positiv effekt p\u00e5 den generelle trivselen og livsgleden v\u00e5r.<\/em><\/p>\n<\/div><\/div>\n","protected":false},"excerpt":{"rendered":"","protected":false},"author":3,"featured_media":0,"parent":0,"menu_order":0,"comment_status":"closed","ping_status":"closed","template":"","meta":{"_acf_changed":false,"footnotes":""},"from-article-database":[],"class_list":["post-404","page","type-page","status-publish","hentry"],"acf":[],"yoast_head":"<!-- This site is optimized with the Yoast SEO plugin v26.6 - https:\/\/yoast.com\/wordpress\/plugins\/seo\/ -->\n<title>Nailners guide for sunne negler - Nailner<\/title>\n<meta name=\"description\" content=\"Neglesopp er et av de hyppigste problemene som p\u00e5virker neglene, og forskning tyder p\u00e5 at mange forbrukere finner det som et vanskelig problem \u00e5 behandle.\" \/>\n<meta name=\"robots\" content=\"index, follow, max-snippet:-1, max-image-preview:large, max-video-preview:-1\" \/>\n<link rel=\"canonical\" href=\"https:\/\/nailner.com\/no\/nailners-guide-for-sunne-negler\/\" \/>\n<meta property=\"og:locale\" content=\"nb_NO\" \/>\n<meta property=\"og:type\" content=\"article\" \/>\n<meta property=\"og:title\" content=\"Nailners guide for sunne negler - Nailner\" \/>\n<meta property=\"og:description\" content=\"Neglesopp er et av de hyppigste problemene som p\u00e5virker neglene, og forskning tyder p\u00e5 at mange forbrukere finner det som et vanskelig problem \u00e5 behandle.\" \/>\n<meta property=\"og:url\" content=\"https:\/\/nailner.com\/no\/nailners-guide-for-sunne-negler\/\" \/>\n<meta property=\"og:site_name\" content=\"Nailner\" \/>\n<meta property=\"article:modified_time\" content=\"2025-09-24T05:57:39+00:00\" \/>\n<meta property=\"og:image\" content=\"https:\/\/nailner.com\/cdn-cgi\/image\/format=auto\/app\/uploads\/sites\/6\/2023\/10\/34percent.png\" \/>\n<meta name=\"twitter:card\" content=\"summary_large_image\" \/>\n<meta name=\"twitter:label1\" content=\"Ansl. lesetid\" \/>\n\t<meta name=\"twitter:data1\" content=\"9 minutter\" \/>\n<script type=\"application\/ld+json\" class=\"yoast-schema-graph\">{\"@context\":\"https:\/\/schema.org\",\"@graph\":[{\"@type\":\"WebPage\",\"@id\":\"https:\/\/nailner.com\/no\/nailners-guide-for-sunne-negler\/\",\"url\":\"https:\/\/nailner.com\/no\/nailners-guide-for-sunne-negler\/\",\"name\":\"Nailners guide for sunne negler - Nailner\",\"isPartOf\":{\"@id\":\"https:\/\/multisite.nailner.com\/no\/#website\"},\"primaryImageOfPage\":{\"@id\":\"https:\/\/nailner.com\/no\/nailners-guide-for-sunne-negler\/#primaryimage\"},\"image\":{\"@id\":\"https:\/\/nailner.com\/no\/nailners-guide-for-sunne-negler\/#primaryimage\"},\"thumbnailUrl\":\"https:\/\/nailner.com\/cdn-cgi\/image\/format=auto\/app\/uploads\/sites\/6\/2023\/10\/34percent.png\",\"datePublished\":\"2023-10-02T09:20:05+00:00\",\"dateModified\":\"2025-09-24T05:57:39+00:00\",\"description\":\"Neglesopp er et av de hyppigste problemene som p\u00e5virker neglene, og forskning tyder p\u00e5 at mange forbrukere finner det som et vanskelig problem \u00e5 behandle.\",\"breadcrumb\":{\"@id\":\"https:\/\/nailner.com\/no\/nailners-guide-for-sunne-negler\/#breadcrumb\"},\"inLanguage\":\"nb-NO\",\"potentialAction\":[{\"@type\":\"ReadAction\",\"target\":[\"https:\/\/nailner.com\/no\/nailners-guide-for-sunne-negler\/\"]}]},{\"@type\":\"ImageObject\",\"inLanguage\":\"nb-NO\",\"@id\":\"https:\/\/nailner.com\/no\/nailners-guide-for-sunne-negler\/#primaryimage\",\"url\":\"https:\/\/nailner.com\/cdn-cgi\/image\/format=auto\/app\/uploads\/sites\/6\/2023\/10\/34percent.png\",\"contentUrl\":\"https:\/\/nailner.com\/cdn-cgi\/image\/format=auto\/app\/uploads\/sites\/6\/2023\/10\/34percent.png\"},{\"@type\":\"BreadcrumbList\",\"@id\":\"https:\/\/nailner.com\/no\/nailners-guide-for-sunne-negler\/#breadcrumb\",\"itemListElement\":[{\"@type\":\"ListItem\",\"position\":1,\"name\":\"Home\",\"item\":\"https:\/\/nailner.com\/no\/\"},{\"@type\":\"ListItem\",\"position\":2,\"name\":\"Nailners guide for sunne negler\"}]},{\"@type\":\"WebSite\",\"@id\":\"https:\/\/multisite.nailner.com\/no\/#website\",\"url\":\"https:\/\/multisite.nailner.com\/no\/\",\"name\":\"Nailner\",\"description\":\"\",\"publisher\":{\"@id\":\"https:\/\/multisite.nailner.com\/no\/#organization\"},\"potentialAction\":[{\"@type\":\"SearchAction\",\"target\":{\"@type\":\"EntryPoint\",\"urlTemplate\":\"https:\/\/multisite.nailner.com\/no\/?s={search_term_string}\"},\"query-input\":{\"@type\":\"PropertyValueSpecification\",\"valueRequired\":true,\"valueName\":\"search_term_string\"}}],\"inLanguage\":\"nb-NO\"},{\"@type\":\"Organization\",\"@id\":\"https:\/\/multisite.nailner.com\/no\/#organization\",\"name\":\"Nailner\",\"url\":\"https:\/\/multisite.nailner.com\/no\/\",\"logo\":{\"@type\":\"ImageObject\",\"inLanguage\":\"nb-NO\",\"@id\":\"https:\/\/multisite.nailner.com\/no\/#\/schema\/logo\/image\/\",\"url\":\"https:\/\/nailner.com\/app\/uploads\/sites\/6\/2025\/09\/Nailner-logo.png\",\"contentUrl\":\"https:\/\/nailner.com\/app\/uploads\/sites\/6\/2025\/09\/Nailner-logo.png\",\"width\":134,\"height\":32,\"caption\":\"Nailner\"},\"image\":{\"@id\":\"https:\/\/multisite.nailner.com\/no\/#\/schema\/logo\/image\/\"}}]}<\/script>\n<!-- \/ Yoast SEO plugin. -->","yoast_head_json":{"title":"Nailners guide for sunne negler - Nailner","description":"Neglesopp er et av de hyppigste problemene som p\u00e5virker neglene, og forskning tyder p\u00e5 at mange forbrukere finner det som et vanskelig problem \u00e5 behandle.","robots":{"index":"index","follow":"follow","max-snippet":"max-snippet:-1","max-image-preview":"max-image-preview:large","max-video-preview":"max-video-preview:-1"},"canonical":"https:\/\/nailner.com\/no\/nailners-guide-for-sunne-negler\/","og_locale":"nb_NO","og_type":"article","og_title":"Nailners guide for sunne negler - Nailner","og_description":"Neglesopp er et av de hyppigste problemene som p\u00e5virker neglene, og forskning tyder p\u00e5 at mange forbrukere finner det som et vanskelig problem \u00e5 behandle.","og_url":"https:\/\/nailner.com\/no\/nailners-guide-for-sunne-negler\/","og_site_name":"Nailner","article_modified_time":"2025-09-24T05:57:39+00:00","og_image":[{"url":"https:\/\/nailner.com\/cdn-cgi\/image\/format=auto\/app\/uploads\/sites\/6\/2023\/10\/34percent.png","type":"","width":"","height":""}],"twitter_card":"summary_large_image","twitter_misc":{"Ansl. lesetid":"9 minutter"},"schema":{"@context":"https:\/\/schema.org","@graph":[{"@type":"WebPage","@id":"https:\/\/nailner.com\/no\/nailners-guide-for-sunne-negler\/","url":"https:\/\/nailner.com\/no\/nailners-guide-for-sunne-negler\/","name":"Nailners guide for sunne negler - Nailner","isPartOf":{"@id":"https:\/\/multisite.nailner.com\/no\/#website"},"primaryImageOfPage":{"@id":"https:\/\/nailner.com\/no\/nailners-guide-for-sunne-negler\/#primaryimage"},"image":{"@id":"https:\/\/nailner.com\/no\/nailners-guide-for-sunne-negler\/#primaryimage"},"thumbnailUrl":"https:\/\/nailner.com\/cdn-cgi\/image\/format=auto\/app\/uploads\/sites\/6\/2023\/10\/34percent.png","datePublished":"2023-10-02T09:20:05+00:00","dateModified":"2025-09-24T05:57:39+00:00","description":"Neglesopp er et av de hyppigste problemene som p\u00e5virker neglene, og forskning tyder p\u00e5 at mange forbrukere finner det som et vanskelig problem \u00e5 behandle.","breadcrumb":{"@id":"https:\/\/nailner.com\/no\/nailners-guide-for-sunne-negler\/#breadcrumb"},"inLanguage":"nb-NO","potentialAction":[{"@type":"ReadAction","target":["https:\/\/nailner.com\/no\/nailners-guide-for-sunne-negler\/"]}]},{"@type":"ImageObject","inLanguage":"nb-NO","@id":"https:\/\/nailner.com\/no\/nailners-guide-for-sunne-negler\/#primaryimage","url":"https:\/\/nailner.com\/cdn-cgi\/image\/format=auto\/app\/uploads\/sites\/6\/2023\/10\/34percent.png","contentUrl":"https:\/\/nailner.com\/cdn-cgi\/image\/format=auto\/app\/uploads\/sites\/6\/2023\/10\/34percent.png"},{"@type":"BreadcrumbList","@id":"https:\/\/nailner.com\/no\/nailners-guide-for-sunne-negler\/#breadcrumb","itemListElement":[{"@type":"ListItem","position":1,"name":"Home","item":"https:\/\/nailner.com\/no\/"},{"@type":"ListItem","position":2,"name":"Nailners guide for sunne negler"}]},{"@type":"WebSite","@id":"https:\/\/multisite.nailner.com\/no\/#website","url":"https:\/\/multisite.nailner.com\/no\/","name":"Nailner","description":"","publisher":{"@id":"https:\/\/multisite.nailner.com\/no\/#organization"},"potentialAction":[{"@type":"SearchAction","target":{"@type":"EntryPoint","urlTemplate":"https:\/\/multisite.nailner.com\/no\/?s={search_term_string}"},"query-input":{"@type":"PropertyValueSpecification","valueRequired":true,"valueName":"search_term_string"}}],"inLanguage":"nb-NO"},{"@type":"Organization","@id":"https:\/\/multisite.nailner.com\/no\/#organization","name":"Nailner","url":"https:\/\/multisite.nailner.com\/no\/","logo":{"@type":"ImageObject","inLanguage":"nb-NO","@id":"https:\/\/multisite.nailner.com\/no\/#\/schema\/logo\/image\/","url":"https:\/\/nailner.com\/app\/uploads\/sites\/6\/2025\/09\/Nailner-logo.png","contentUrl":"https:\/\/nailner.com\/app\/uploads\/sites\/6\/2025\/09\/Nailner-logo.png","width":134,"height":32,"caption":"Nailner"},"image":{"@id":"https:\/\/multisite.nailner.com\/no\/#\/schema\/logo\/image\/"}}]}},"_links":{"self":[{"href":"https:\/\/nailner.com\/no\/wp-json\/wp\/v2\/pages\/404","targetHints":{"allow":["GET"]}}],"collection":[{"href":"https:\/\/nailner.com\/no\/wp-json\/wp\/v2\/pages"}],"about":[{"href":"https:\/\/nailner.com\/no\/wp-json\/wp\/v2\/types\/page"}],"author":[{"embeddable":true,"href":"https:\/\/nailner.com\/no\/wp-json\/wp\/v2\/users\/3"}],"replies":[{"embeddable":true,"href":"https:\/\/nailner.com\/no\/wp-json\/wp\/v2\/comments?post=404"}],"version-history":[{"count":2,"href":"https:\/\/nailner.com\/no\/wp-json\/wp\/v2\/pages\/404\/revisions"}],"predecessor-version":[{"id":414,"href":"https:\/\/nailner.com\/no\/wp-json\/wp\/v2\/pages\/404\/revisions\/414"}],"wp:attachment":[{"href":"https:\/\/nailner.com\/no\/wp-json\/wp\/v2\/media?parent=404"}],"wp:term":[{"taxonomy":"from-article-database","embeddable":true,"href":"https:\/\/nailner.com\/no\/wp-json\/wp\/v2\/from-article-database?post=404"}],"curies":[{"name":"wp","href":"https:\/\/api.w.org\/{rel}","templated":true}]}}