{"id":5,"date":"2022-05-23T10:10:29","date_gmt":"2022-05-23T08:10:29","guid":{"rendered":"https:\/\/nailner.com\/no\/?page_id=5"},"modified":"2025-09-24T07:58:12","modified_gmt":"2025-09-24T05:58:12","slug":"nailner","status":"publish","type":"page","link":"https:\/\/nailner.com\/no\/","title":{"rendered":"Nailner"},"content":{"rendered":"\n\n\n\n\n<div class=\"wp-block-karopharma-free-text pt-large pb-small bg-center bg-cover bg-no-repeat\" style=\"background-image:url()\"><div class=\"free-text-wrapper container max-w-medium text-left\">\n<p class=\"is-style-paragraph-preamble\">Vi hos Nailner forst\u00e5r at du som lider av neglesopp \u00f8nsker \u00e5 kvitte deg med problemet s\u00e5 raskt som overhode mulig. Det er viktig for deg \u00e5 f\u00e5 de sunne og friske neglene tilbake. Nettopp dette er grunnen til at Nailners produkter penetrerer neglen raskt, er klinisk testet for \u00e5 bekjempe og forebygge neglesopp.<\/p>\n\n\n\n<p class=\"is-style-paragraph-preamble\">Vi tilbyr et utvalg av produkter hvor noen forbedrer neglenes utseende, med synlige resultater p\u00e5 7 dager, mens andre skjuler neglesopp ved umiddelbart \u00e5 dekke over misfargingen. Enten du \u00f8nsker naturlige eller fargede negler, sunnere utseende p\u00e5 neglene, eller bare \u00f8nsker \u00e5 behandle infeksjonen, har Nailner produktet for deg.<\/p>\n<\/div><\/div>\n\n\n<div class=\"product-list wp-block-karopharma-product-list\" data-testid=\"product-list\">\n      <div class=\"swiper-container\">\n      <div class=\"swiper\">\n        <div class=\"swiper-wrapper\">\n                      <div class=\"swiper-slide\">\n              <div class=\"product-card\" data-testid=\"product-card\">\n  <a\n    href=https:\/\/nailner.com\/no\/produkt\/nailner-2-in-1-penn\/\n    class=\"product-card-link\"\n    title=\"Nailner 2 In 1 Penn\"\n  >\n  <figure class=\"product-card-image\" data-testid=\"product-image\">\n                          <img decoding=\"async\" src=\"https:\/\/nailner.com\/cdn-cgi\/image\/width=700,format=auto\/app\/uploads\/sites\/6\/2023\/10\/Nailner_2in1Pen.png\"\n        srcset=\"https:\/\/nailner.com\/cdn-cgi\/image\/width=250,format=auto\/app\/uploads\/sites\/6\/2023\/10\/Nailner_2in1Pen.png 250w,\n                https:\/\/nailner.com\/cdn-cgi\/image\/width=500,format=auto\/app\/uploads\/sites\/6\/2023\/10\/Nailner_2in1Pen.png 500w,\n                https:\/\/nailner.com\/cdn-cgi\/image\/width=700,format=auto\/app\/uploads\/sites\/6\/2023\/10\/Nailner_2in1Pen.png 700w\"\n        sizes=\"(max-width: 400px) 250px, (max-width: 800px) 500px, 700px\"\n        alt=\"Nailner 2 In 1 Penn\"\n        class=\"img\">\n            <\/figure>\n    <div class=\"product-card-content\">\n      <div class=\"heading-wrapper\">\n        <h2 class=\"heading\">Nailner 2 In 1 Penn<\/h2>\n      <\/div>\n      <div class=\"product-card-description\">Behandler og forbedrer neglens utseende<\/div>\n                      <\/div>\n  <\/a>\n          <div class=\"button-wrapper buy-now \" data-testid=\"buy-now\">\n      <div class=\"buy-now-container dropdown-container\">\n      <div class=\"theme-button button-primary-color dropdown-link\" aria-label=\"Kj\u00f8p n\u00e5\">\n          Kj\u00f8p n\u00e5 <i class=\"dropdown\"><\/i>\n      <\/div>\n      <ul class=\"reseller-list submenu\">\n                    <li>\n              <a\n                href=\"https:\/\/apotekfordeg.no\/produkter\/nailner-2i1-penn-mot-neglesopp\/\" onclick=\"dataLayer.push({'event':'ga_event', 'eventCategory':'Click on Reseller', 'eventAction':'Apotek for deg', 'eventLabel':'Nailner 2 In 1 Penn', 'eventValue': undefined})\" rel=\"noopener\" target=\"_blank\" title=\"Apotek for deg\"\n                data-testid=\"buy-now-reseller\">\n                <i class=\"fa-solid fa-arrow-right\"><\/i> Apotek for deg\n              <\/a>\n          <\/li>\n                    <li>\n              <a\n                href=\"https:\/\/www.apotera.no\/nailner-penn-mot-neglesopp-4-ml\" onclick=\"dataLayer.push({'event':'ga_event', 'eventCategory':'Click on Reseller', 'eventAction':'Apotera', 'eventLabel':'Nailner 2 In 1 Penn', 'eventValue': undefined})\" rel=\"noopener\" target=\"_blank\" title=\"Apotera\"\n                data-testid=\"buy-now-reseller\">\n                <i class=\"fa-solid fa-arrow-right\"><\/i> Apotera\n              <\/a>\n          <\/li>\n                    <li>\n              <a\n                href=\"https:\/\/www.boots.no\/produkter\/nailner-2i1-pen-mot-neglesopp-987521\" onclick=\"dataLayer.push({'event':'ga_event', 'eventCategory':'Click on Reseller', 'eventAction':'Boots', 'eventLabel':'Nailner 2 In 1 Penn', 'eventValue': undefined})\" rel=\"noopener\" target=\"_blank\" title=\"Boots\"\n                data-testid=\"buy-now-reseller\">\n                <i class=\"fa-solid fa-arrow-right\"><\/i> Boots\n              <\/a>\n          <\/li>\n                    <li>\n              <a\n                href=\"https:\/\/www.farmasiet.no\/catalog\/hud-og-har\/fotpleie\/nailner-2-i-1-penn-mot-neglesopp,5008279?searchQuery=\" onclick=\"dataLayer.push({'event':'ga_event', 'eventCategory':'Click on Reseller', 'eventAction':'Farmasiet', 'eventLabel':'Nailner 2 In 1 Penn', 'eventValue': undefined})\" rel=\"noopener\" target=\"_blank\" title=\"Farmasiet\"\n                data-testid=\"buy-now-reseller\">\n                <i class=\"fa-solid fa-arrow-right\"><\/i> Farmasiet\n              <\/a>\n          <\/li>\n                    <li>\n              <a\n                href=\"https:\/\/www.vitusapotek.no\/fotpleie\/neglesopp\/nailner-2-i-1-pen-mot-neglesopp-1-stk\/p\/987521\" onclick=\"dataLayer.push({'event':'ga_event', 'eventCategory':'Click on Reseller', 'eventAction':'Vitusapotek', 'eventLabel':'Nailner 2 In 1 Penn', 'eventValue': undefined})\" rel=\"noopener\" target=\"_blank\" title=\"Vitusapotek\"\n                data-testid=\"buy-now-reseller\">\n                <i class=\"fa-solid fa-arrow-right\"><\/i> Vitusapotek\n              <\/a>\n          <\/li>\n                <\/ul>\n    <\/div>\n  <\/div>\n  <\/div>\n            <\/div>\n                      <div class=\"swiper-slide\">\n              <div class=\"product-card\" data-testid=\"product-card\">\n  <a\n    href=https:\/\/nailner.com\/no\/produkt\/nailner-2-in-1-pensel\/\n    class=\"product-card-link\"\n    title=\"Nailner 2 In 1 Pensel\"\n  >\n  <figure class=\"product-card-image\" data-testid=\"product-image\">\n                          <img decoding=\"async\" src=\"https:\/\/nailner.com\/cdn-cgi\/image\/width=700,format=auto\/app\/uploads\/sites\/6\/2022\/05\/Nailner_2in1Pensel.png\"\n        srcset=\"https:\/\/nailner.com\/cdn-cgi\/image\/width=250,format=auto\/app\/uploads\/sites\/6\/2022\/05\/Nailner_2in1Pensel.png 250w,\n                https:\/\/nailner.com\/cdn-cgi\/image\/width=500,format=auto\/app\/uploads\/sites\/6\/2022\/05\/Nailner_2in1Pensel.png 500w,\n                https:\/\/nailner.com\/cdn-cgi\/image\/width=700,format=auto\/app\/uploads\/sites\/6\/2022\/05\/Nailner_2in1Pensel.png 700w\"\n        sizes=\"(max-width: 400px) 250px, (max-width: 800px) 500px, 700px\"\n        alt=\"Nailner 2 in 1 Pensel\"\n        class=\"img\">\n            <\/figure>\n    <div class=\"product-card-content\">\n      <div class=\"heading-wrapper\">\n        <h2 class=\"heading\">Nailner 2 In 1 Pensel<\/h2>\n      <\/div>\n      <div class=\"product-card-description\">Behandler og forbedrer neglens utseende<\/div>\n                      <\/div>\n  <\/a>\n          <div class=\"button-wrapper buy-now \" data-testid=\"buy-now\">\n      <div class=\"buy-now-container dropdown-container\">\n      <div class=\"theme-button button-primary-color dropdown-link\" aria-label=\"Kj\u00f8p n\u00e5\">\n          Kj\u00f8p n\u00e5 <i class=\"dropdown\"><\/i>\n      <\/div>\n      <ul class=\"reseller-list submenu\">\n                    <li>\n              <a\n                href=\"https:\/\/www.apotek1.no\/produkter\/nailner-2-i-1-pensel-mot-neglesopp-5ml-805244p\" onclick=\"dataLayer.push({'event':'ga_event', 'eventCategory':'Click on Reseller', 'eventAction':'Apotek1', 'eventLabel':'Nailner 2 In 1 Pensel', 'eventValue': undefined})\" rel=\"noopener\" target=\"_blank\" title=\"Apotek1\"\n                data-testid=\"buy-now-reseller\">\n                <i class=\"fa-solid fa-arrow-right\"><\/i> Apotek1\n              <\/a>\n          <\/li>\n                    <li>\n              <a\n                href=\"https:\/\/apotekfordeg.no\/produkter\/nailner-2-i-1-pensel-mot-neglesopp-5ml\/\" onclick=\"dataLayer.push({'event':'ga_event', 'eventCategory':'Click on Reseller', 'eventAction':'Apotek For Deg', 'eventLabel':'Nailner 2 In 1 Pensel', 'eventValue': undefined})\" rel=\"noopener\" target=\"_blank\" title=\"Apotek For Deg\"\n                data-testid=\"buy-now-reseller\">\n                <i class=\"fa-solid fa-arrow-right\"><\/i> Apotek For Deg\n              <\/a>\n          <\/li>\n                    <li>\n              <a\n                href=\"https:\/\/www.apotera.no\/nailner-2-i-1-pensel-mot-neglesopp-5-ml\" onclick=\"dataLayer.push({'event':'ga_event', 'eventCategory':'Click on Reseller', 'eventAction':'Apotera', 'eventLabel':'Nailner 2 In 1 Pensel', 'eventValue': undefined})\" rel=\"noopener\" target=\"_blank\" title=\"Apotera\"\n                data-testid=\"buy-now-reseller\">\n                <i class=\"fa-solid fa-arrow-right\"><\/i> Apotera\n              <\/a>\n          <\/li>\n                    <li>\n              <a\n                href=\"https:\/\/www.boots.no\/nailner-pensel-mot-neglesopp-2-i-1-5-ml-805244\" onclick=\"dataLayer.push({'event':'ga_event', 'eventCategory':'Click on Reseller', 'eventAction':'Boots Apotek', 'eventLabel':'Nailner 2 In 1 Pensel', 'eventValue': undefined})\" rel=\"noopener\" target=\"_blank\" title=\"Boots Apotek\"\n                data-testid=\"buy-now-reseller\">\n                <i class=\"fa-solid fa-arrow-right\"><\/i> Boots Apotek\n              <\/a>\n          <\/li>\n                    <li>\n              <a\n                href=\"https:\/\/www.farmasiet.no\/catalog\/hud-og-har\/fotpleie\/nailner-pensel-mot-neglesopp-2-i-1,5007390?searchQuery=\" onclick=\"dataLayer.push({'event':'ga_event', 'eventCategory':'Click on Reseller', 'eventAction':'Farmasiet', 'eventLabel':'Nailner 2 In 1 Pensel', 'eventValue': undefined})\" rel=\"noopener\" target=\"_blank\" title=\"Farmasiet\"\n                data-testid=\"buy-now-reseller\">\n                <i class=\"fa-solid fa-arrow-right\"><\/i> Farmasiet\n              <\/a>\n          <\/li>\n                    <li>\n              <a\n                href=\"https:\/\/www.vitusapotek.no\/fotpleie\/neglesopp\/nailner-2-i-1-pensel-mot-neglesopp-5-ml\/p\/805244\" onclick=\"dataLayer.push({'event':'ga_event', 'eventCategory':'Click on Reseller', 'eventAction':'Vitusapotek', 'eventLabel':'Nailner 2 In 1 Pensel', 'eventValue': undefined})\" rel=\"noopener\" target=\"_blank\" title=\"Vitusapotek\"\n                data-testid=\"buy-now-reseller\">\n                <i class=\"fa-solid fa-arrow-right\"><\/i> Vitusapotek\n              <\/a>\n          <\/li>\n                <\/ul>\n    <\/div>\n  <\/div>\n  <\/div>\n            <\/div>\n                      <div class=\"swiper-slide\">\n              <div class=\"product-card\" data-testid=\"product-card\">\n  <a\n    href=https:\/\/nailner.com\/no\/produkt\/nailner-active-cover\/\n    class=\"product-card-link\"\n    title=\"Nailner Active Cover\"\n  >\n  <figure class=\"product-card-image\" data-testid=\"product-image\">\n                          <img decoding=\"async\" src=\"https:\/\/nailner.com\/cdn-cgi\/image\/width=700,format=auto\/app\/uploads\/sites\/6\/2022\/05\/nailneractivecover-1-1-1.png\"\n        srcset=\"https:\/\/nailner.com\/cdn-cgi\/image\/width=250,format=auto\/app\/uploads\/sites\/6\/2022\/05\/nailneractivecover-1-1-1.png 250w,\n                https:\/\/nailner.com\/cdn-cgi\/image\/width=500,format=auto\/app\/uploads\/sites\/6\/2022\/05\/nailneractivecover-1-1-1.png 500w,\n                https:\/\/nailner.com\/cdn-cgi\/image\/width=700,format=auto\/app\/uploads\/sites\/6\/2022\/05\/nailneractivecover-1-1-1.png 700w\"\n        sizes=\"(max-width: 400px) 250px, (max-width: 800px) 500px, 700px\"\n        alt=\"Nailner Active Cover\"\n        class=\"img\">\n            <\/figure>\n    <div class=\"product-card-content\">\n      <div class=\"heading-wrapper\">\n        <h2 class=\"heading\">Nailner Active Cover<\/h2>\n      <\/div>\n      <div class=\"product-card-description\">Behandler og dekker til misfarging<\/div>\n                      <\/div>\n  <\/a>\n          <div class=\"button-wrapper buy-now \" data-testid=\"buy-now\">\n      <div class=\"buy-now-container dropdown-container\">\n      <div class=\"theme-button button-primary-color dropdown-link\" aria-label=\"Kj\u00f8p n\u00e5\">\n          Kj\u00f8p n\u00e5 <i class=\"dropdown\"><\/i>\n      <\/div>\n      <ul class=\"reseller-list submenu\">\n                    <li>\n              <a\n                href=\"https:\/\/www.apotek1.no\/produkter\/nailner-active-cover-931854p\" onclick=\"dataLayer.push({'event':'ga_event', 'eventCategory':'Click on Reseller', 'eventAction':'Apotek1', 'eventLabel':'Nailner Active Cover', 'eventValue': undefined})\" rel=\"noopener\" target=\"_blank\" title=\"Apotek1\"\n                data-testid=\"buy-now-reseller\">\n                <i class=\"fa-solid fa-arrow-right\"><\/i> Apotek1\n              <\/a>\n          <\/li>\n                    <li>\n              <a\n                href=\"https:\/\/apotekfordeg.no\/produkter\/nailner-active-cover-mot-neglesopp-30ml\/\" onclick=\"dataLayer.push({'event':'ga_event', 'eventCategory':'Click on Reseller', 'eventAction':'Apotek For Deg', 'eventLabel':'Nailner Active Cover', 'eventValue': undefined})\" rel=\"noopener\" target=\"_blank\" title=\"Apotek For Deg\"\n                data-testid=\"buy-now-reseller\">\n                <i class=\"fa-solid fa-arrow-right\"><\/i> Apotek For Deg\n              <\/a>\n          <\/li>\n                    <li>\n              <a\n                href=\"https:\/\/www.apotera.no\/nailner-active-cover-30-ml\" onclick=\"dataLayer.push({'event':'ga_event', 'eventCategory':'Click on Reseller', 'eventAction':'Apotera', 'eventLabel':'Nailner Active Cover', 'eventValue': undefined})\" rel=\"noopener\" target=\"_blank\" title=\"Apotera\"\n                data-testid=\"buy-now-reseller\">\n                <i class=\"fa-solid fa-arrow-right\"><\/i> Apotera\n              <\/a>\n          <\/li>\n                    <li>\n              <a\n                href=\"https:\/\/www.boots.no\/produkter\/nailner-active-cover-neglesoppbehandling-931854\" onclick=\"dataLayer.push({'event':'ga_event', 'eventCategory':'Click on Reseller', 'eventAction':'Boots Apotek', 'eventLabel':'Nailner Active Cover', 'eventValue': undefined})\" rel=\"noopener\" target=\"_blank\" title=\"Boots Apotek\"\n                data-testid=\"buy-now-reseller\">\n                <i class=\"fa-solid fa-arrow-right\"><\/i> Boots Apotek\n              <\/a>\n          <\/li>\n                    <li>\n              <a\n                href=\"https:\/\/www.farmasiet.no\/catalog\/hud-og-har\/fotpleie\/nailner-nailner-active-cover\" onclick=\"dataLayer.push({'event':'ga_event', 'eventCategory':'Click on Reseller', 'eventAction':'Farmasiet', 'eventLabel':'Nailner Active Cover', 'eventValue': undefined})\" rel=\"noopener\" target=\"_blank\" title=\"Farmasiet\"\n                data-testid=\"buy-now-reseller\">\n                <i class=\"fa-solid fa-arrow-right\"><\/i> Farmasiet\n              <\/a>\n          <\/li>\n                    <li>\n              <a\n                href=\"https:\/\/www.vitusapotek.no\/30%25-pa-nailner-\/nailner-active-cover-mot-neglesopp-30-ml-\/p\/931854\" onclick=\"dataLayer.push({'event':'ga_event', 'eventCategory':'Click on Reseller', 'eventAction':'Vitusapotek', 'eventLabel':'Nailner Active Cover', 'eventValue': undefined})\" rel=\"noopener\" target=\"_blank\" title=\"Vitusapotek\"\n                data-testid=\"buy-now-reseller\">\n                <i class=\"fa-solid fa-arrow-right\"><\/i> Vitusapotek\n              <\/a>\n          <\/li>\n                <\/ul>\n    <\/div>\n  <\/div>\n  <\/div>\n            <\/div>\n                  <\/div>\n        <div class=\"swiper-scrollbar\"><\/div>\n      <\/div>\n    <\/div>\n  <\/div>\n\n\n\n<div class=\"wp-block-karopharma-free-text pt-large pb-large bg-center bg-cover bg-no-repeat  is-style-secondary\" style=\"background-image:url()\"><div class=\"free-text-wrapper container max-w-small text-center\">\n<h2 class=\"is-style-heading-huge wp-block-heading\">Les Nailner sin guide for sunne negler<\/h2>\n\n\n\n<p>Neglesopp er et vanlig problem, og kan for\u00e5rsake b\u00e5de bekymring og ubehag. Les ekspertens r\u00e5d og veiledning om neglepleie i v\u00e5r guide!<\/p>\n\n\n\n<div class=\"wp-block-buttons is-layout-flex wp-block-buttons-is-layout-flex\">\n<div class=\"wp-block-button\"><a class=\"wp-block-button__link\" href=\"https:\/\/nailner.com\/no\/nailners-guide-for-sunne-negler\/\">Les mer<\/a><\/div>\n<\/div>\n<\/div><\/div>\n\n\n\n<div class=\"wp-block-karopharma-free-text pt-large pb-large bg-center bg-cover bg-no-repeat bg-box undefined is-style-transparent\" style=\"background-image:url(https:\/\/nailner.com\/cdn-cgi\/image\/format=auto\/app\/uploads\/sites\/6\/2022\/05\/Active-Cover-scaled.jpg)\"><div class=\"free-text-wrapper container max-w-medium text-center\">\n<h2 class=\"is-style-heading-huge wp-block-heading\" id=\"active-cover\">Active Cover<\/h2>\n\n\n\n<p class=\"is-style-paragraph-preamble\">Active Cover kombinerer behandling og neglelakk i en flaske. Dekker misfarging umiddelbart og gir naturlig vakre negler.<\/p>\n\n\n\n<div class=\"wp-block-buttons is-layout-flex wp-block-buttons-is-layout-flex\">\n<div class=\"wp-block-button\"><a class=\"wp-block-button__link\" href=\"https:\/\/nailner.com\/no\/produkt\/nailner-active-cover\/\">Les mer<\/a><\/div>\n<\/div>\n<\/div><\/div>\n","protected":false},"excerpt":{"rendered":"","protected":false},"author":3,"featured_media":110,"parent":0,"menu_order":0,"comment_status":"closed","ping_status":"closed","template":"","meta":{"_acf_changed":false,"footnotes":""},"from-article-database":[],"class_list":["post-5","page","type-page","status-publish","has-post-thumbnail","hentry"],"acf":[],"yoast_head":"<!-- This site is optimized with the Yoast SEO plugin v26.6 - https:\/\/yoast.com\/wordpress\/plugins\/seo\/ -->\n<title>Nailner - Nailner<\/title>\n<meta name=\"description\" content=\"Du beh\u00f8ver ikke lenger skjule f\u00f8ttene n\u00e5r du har neglesopp \u2026 Produkter fra Nailner behandler infeksjonen og forbedrer neglens utseende. Slik at du kan ha negler som ser bra ut under behandling.\" \/>\n<meta name=\"robots\" content=\"index, follow, max-snippet:-1, max-image-preview:large, max-video-preview:-1\" \/>\n<link rel=\"canonical\" href=\"https:\/\/nailner.com\/no\/\" \/>\n<meta property=\"og:locale\" content=\"nb_NO\" \/>\n<meta property=\"og:type\" content=\"article\" \/>\n<meta property=\"og:title\" content=\"Nailner - Nailner\" \/>\n<meta property=\"og:description\" content=\"Du beh\u00f8ver ikke lenger skjule f\u00f8ttene n\u00e5r du har neglesopp \u2026 Produkter fra Nailner behandler infeksjonen og forbedrer neglens utseende. Slik at du kan ha negler som ser bra ut under behandling.\" \/>\n<meta property=\"og:url\" content=\"https:\/\/nailner.com\/no\/\" \/>\n<meta property=\"og:site_name\" content=\"Nailner\" \/>\n<meta property=\"article:modified_time\" content=\"2025-09-24T05:58:12+00:00\" \/>\n<meta property=\"og:image\" content=\"https:\/\/nailner.com\/app\/uploads\/sites\/6\/2022\/05\/nailner2in1brushpen-1.png\" \/>\n\t<meta property=\"og:image:width\" content=\"900\" \/>\n\t<meta property=\"og:image:height\" content=\"900\" \/>\n\t<meta property=\"og:image:type\" content=\"image\/png\" \/>\n<meta name=\"twitter:card\" content=\"summary_large_image\" \/>\n<meta name=\"twitter:label1\" content=\"Ansl. lesetid\" \/>\n\t<meta name=\"twitter:data1\" content=\"1 minutt\" \/>\n<script type=\"application\/ld+json\" class=\"yoast-schema-graph\">{\"@context\":\"https:\/\/schema.org\",\"@graph\":[{\"@type\":\"WebPage\",\"@id\":\"https:\/\/nailner.com\/no\/\",\"url\":\"https:\/\/nailner.com\/no\/\",\"name\":\"Nailner - Nailner\",\"isPartOf\":{\"@id\":\"https:\/\/multisite.nailner.com\/no\/#website\"},\"primaryImageOfPage\":{\"@id\":\"https:\/\/nailner.com\/no\/#primaryimage\"},\"image\":{\"@id\":\"https:\/\/nailner.com\/no\/#primaryimage\"},\"thumbnailUrl\":\"https:\/\/nailner.com\/app\/uploads\/sites\/6\/2022\/05\/nailner2in1brushpen-1.png\",\"datePublished\":\"2022-05-23T08:10:29+00:00\",\"dateModified\":\"2025-09-24T05:58:12+00:00\",\"description\":\"Du beh\u00f8ver ikke lenger skjule f\u00f8ttene n\u00e5r du har neglesopp \u2026 Produkter fra Nailner behandler infeksjonen og forbedrer neglens utseende. Slik at du kan ha negler som ser bra ut under behandling.\",\"breadcrumb\":{\"@id\":\"https:\/\/nailner.com\/no\/#breadcrumb\"},\"inLanguage\":\"nb-NO\",\"potentialAction\":[{\"@type\":\"ReadAction\",\"target\":[\"https:\/\/nailner.com\/no\/\"]}]},{\"@type\":\"ImageObject\",\"inLanguage\":\"nb-NO\",\"@id\":\"https:\/\/nailner.com\/no\/#primaryimage\",\"url\":\"https:\/\/nailner.com\/app\/uploads\/sites\/6\/2022\/05\/nailner2in1brushpen-1.png\",\"contentUrl\":\"https:\/\/nailner.com\/app\/uploads\/sites\/6\/2022\/05\/nailner2in1brushpen-1.png\",\"width\":900,\"height\":900,\"caption\":\"Nailner 2 In 1\"},{\"@type\":\"BreadcrumbList\",\"@id\":\"https:\/\/nailner.com\/no\/#breadcrumb\",\"itemListElement\":[{\"@type\":\"ListItem\",\"position\":1,\"name\":\"Home\",\"item\":\"https:\/\/nailner.com\/no\/\"},{\"@type\":\"ListItem\",\"position\":2,\"name\":\"Nailner\"}]},{\"@type\":\"WebSite\",\"@id\":\"https:\/\/multisite.nailner.com\/no\/#website\",\"url\":\"https:\/\/multisite.nailner.com\/no\/\",\"name\":\"Nailner\",\"description\":\"\",\"publisher\":{\"@id\":\"https:\/\/multisite.nailner.com\/no\/#organization\"},\"potentialAction\":[{\"@type\":\"SearchAction\",\"target\":{\"@type\":\"EntryPoint\",\"urlTemplate\":\"https:\/\/multisite.nailner.com\/no\/?s={search_term_string}\"},\"query-input\":{\"@type\":\"PropertyValueSpecification\",\"valueRequired\":true,\"valueName\":\"search_term_string\"}}],\"inLanguage\":\"nb-NO\"},{\"@type\":\"Organization\",\"@id\":\"https:\/\/multisite.nailner.com\/no\/#organization\",\"name\":\"Nailner\",\"url\":\"https:\/\/multisite.nailner.com\/no\/\",\"logo\":{\"@type\":\"ImageObject\",\"inLanguage\":\"nb-NO\",\"@id\":\"https:\/\/multisite.nailner.com\/no\/#\/schema\/logo\/image\/\",\"url\":\"https:\/\/nailner.com\/app\/uploads\/sites\/6\/2025\/09\/Nailner-logo.png\",\"contentUrl\":\"https:\/\/nailner.com\/app\/uploads\/sites\/6\/2025\/09\/Nailner-logo.png\",\"width\":134,\"height\":32,\"caption\":\"Nailner\"},\"image\":{\"@id\":\"https:\/\/multisite.nailner.com\/no\/#\/schema\/logo\/image\/\"}}]}<\/script>\n<!-- \/ Yoast SEO plugin. -->","yoast_head_json":{"title":"Nailner - Nailner","description":"Du beh\u00f8ver ikke lenger skjule f\u00f8ttene n\u00e5r du har neglesopp \u2026 Produkter fra Nailner behandler infeksjonen og forbedrer neglens utseende. Slik at du kan ha negler som ser bra ut under behandling.","robots":{"index":"index","follow":"follow","max-snippet":"max-snippet:-1","max-image-preview":"max-image-preview:large","max-video-preview":"max-video-preview:-1"},"canonical":"https:\/\/nailner.com\/no\/","og_locale":"nb_NO","og_type":"article","og_title":"Nailner - Nailner","og_description":"Du beh\u00f8ver ikke lenger skjule f\u00f8ttene n\u00e5r du har neglesopp \u2026 Produkter fra Nailner behandler infeksjonen og forbedrer neglens utseende. Slik at du kan ha negler som ser bra ut under behandling.","og_url":"https:\/\/nailner.com\/no\/","og_site_name":"Nailner","article_modified_time":"2025-09-24T05:58:12+00:00","og_image":[{"width":900,"height":900,"url":"https:\/\/nailner.com\/app\/uploads\/sites\/6\/2022\/05\/nailner2in1brushpen-1.png","type":"image\/png"}],"twitter_card":"summary_large_image","twitter_misc":{"Ansl. lesetid":"1 minutt"},"schema":{"@context":"https:\/\/schema.org","@graph":[{"@type":"WebPage","@id":"https:\/\/nailner.com\/no\/","url":"https:\/\/nailner.com\/no\/","name":"Nailner - Nailner","isPartOf":{"@id":"https:\/\/multisite.nailner.com\/no\/#website"},"primaryImageOfPage":{"@id":"https:\/\/nailner.com\/no\/#primaryimage"},"image":{"@id":"https:\/\/nailner.com\/no\/#primaryimage"},"thumbnailUrl":"https:\/\/nailner.com\/app\/uploads\/sites\/6\/2022\/05\/nailner2in1brushpen-1.png","datePublished":"2022-05-23T08:10:29+00:00","dateModified":"2025-09-24T05:58:12+00:00","description":"Du beh\u00f8ver ikke lenger skjule f\u00f8ttene n\u00e5r du har neglesopp \u2026 Produkter fra Nailner behandler infeksjonen og forbedrer neglens utseende. Slik at du kan ha negler som ser bra ut under behandling.","breadcrumb":{"@id":"https:\/\/nailner.com\/no\/#breadcrumb"},"inLanguage":"nb-NO","potentialAction":[{"@type":"ReadAction","target":["https:\/\/nailner.com\/no\/"]}]},{"@type":"ImageObject","inLanguage":"nb-NO","@id":"https:\/\/nailner.com\/no\/#primaryimage","url":"https:\/\/nailner.com\/app\/uploads\/sites\/6\/2022\/05\/nailner2in1brushpen-1.png","contentUrl":"https:\/\/nailner.com\/app\/uploads\/sites\/6\/2022\/05\/nailner2in1brushpen-1.png","width":900,"height":900,"caption":"Nailner 2 In 1"},{"@type":"BreadcrumbList","@id":"https:\/\/nailner.com\/no\/#breadcrumb","itemListElement":[{"@type":"ListItem","position":1,"name":"Home","item":"https:\/\/nailner.com\/no\/"},{"@type":"ListItem","position":2,"name":"Nailner"}]},{"@type":"WebSite","@id":"https:\/\/multisite.nailner.com\/no\/#website","url":"https:\/\/multisite.nailner.com\/no\/","name":"Nailner","description":"","publisher":{"@id":"https:\/\/multisite.nailner.com\/no\/#organization"},"potentialAction":[{"@type":"SearchAction","target":{"@type":"EntryPoint","urlTemplate":"https:\/\/multisite.nailner.com\/no\/?s={search_term_string}"},"query-input":{"@type":"PropertyValueSpecification","valueRequired":true,"valueName":"search_term_string"}}],"inLanguage":"nb-NO"},{"@type":"Organization","@id":"https:\/\/multisite.nailner.com\/no\/#organization","name":"Nailner","url":"https:\/\/multisite.nailner.com\/no\/","logo":{"@type":"ImageObject","inLanguage":"nb-NO","@id":"https:\/\/multisite.nailner.com\/no\/#\/schema\/logo\/image\/","url":"https:\/\/nailner.com\/app\/uploads\/sites\/6\/2025\/09\/Nailner-logo.png","contentUrl":"https:\/\/nailner.com\/app\/uploads\/sites\/6\/2025\/09\/Nailner-logo.png","width":134,"height":32,"caption":"Nailner"},"image":{"@id":"https:\/\/multisite.nailner.com\/no\/#\/schema\/logo\/image\/"}}]}},"_links":{"self":[{"href":"https:\/\/nailner.com\/no\/wp-json\/wp\/v2\/pages\/5","targetHints":{"allow":["GET"]}}],"collection":[{"href":"https:\/\/nailner.com\/no\/wp-json\/wp\/v2\/pages"}],"about":[{"href":"https:\/\/nailner.com\/no\/wp-json\/wp\/v2\/types\/page"}],"author":[{"embeddable":true,"href":"https:\/\/nailner.com\/no\/wp-json\/wp\/v2\/users\/3"}],"replies":[{"embeddable":true,"href":"https:\/\/nailner.com\/no\/wp-json\/wp\/v2\/comments?post=5"}],"version-history":[{"count":10,"href":"https:\/\/nailner.com\/no\/wp-json\/wp\/v2\/pages\/5\/revisions"}],"predecessor-version":[{"id":429,"href":"https:\/\/nailner.com\/no\/wp-json\/wp\/v2\/pages\/5\/revisions\/429"}],"wp:featuredmedia":[{"embeddable":true,"href":"https:\/\/nailner.com\/no\/wp-json\/wp\/v2\/media\/110"}],"wp:attachment":[{"href":"https:\/\/nailner.com\/no\/wp-json\/wp\/v2\/media?parent=5"}],"wp:term":[{"taxonomy":"from-article-database","embeddable":true,"href":"https:\/\/nailner.com\/no\/wp-json\/wp\/v2\/from-article-database?post=5"}],"curies":[{"name":"wp","href":"https:\/\/api.w.org\/{rel}","templated":true}]}}