{"id":67,"date":"2022-05-23T14:10:27","date_gmt":"2022-05-23T12:10:27","guid":{"rendered":"https:\/\/nailner.com\/no\/?page_id=67"},"modified":"2025-09-24T07:58:05","modified_gmt":"2025-09-24T05:58:05","slug":"faq","status":"publish","type":"page","link":"https:\/\/nailner.com\/no\/faq\/","title":{"rendered":"FAQ"},"content":{"rendered":"\n<div class=\"wp-block-karopharma-free-text undefined bg-center bg-contain bg-no-repeat  pt-large pb-large is-style-secondary\" style=\"background-image:url()\"><div class=\"free-text-wrapper container max-w-medium text-center\">\n<h1 class=\"is-style-heading-huge wp-block-heading\" id=\"frequently-asked-questions\">Ofte stilte sp\u00f8rsm\u00e5l<\/h1>\n\n\n\n<p class=\"is-style-paragraph-preamble\">Her er noen ofte stilte sp\u00f8rsm\u00e5l om v\u00e5re Nailner-produkter:<\/p>\n<\/div><\/div>\n\n\n\n<div class=\"wp-block-karopharma-accordions\"><div class=\"container\">\n<details class=\"wp-block-karopharma-accordion\"><summary><h2 class=\"accordion-title\">Hvordan fungerer Nailner?<\/h2><\/summary><div class=\"accordion-content\">\n<p>Nailners formulering behandler neglesopp effektivt og forhindrer soppinfeksjon i b\u00e5de t\u00e5negler og fingernegler. En unik formulering lar ingrediensene mette neglen og bekjempe soppen ved dens kjerne ved \u00e5 endre pH-niv\u00e5et i neglen, noe som skaper et ugunstig milj\u00f8 for sopp \u00e5 overleve.<\/p>\n<\/div><\/details>\n\n\n\n<details class=\"wp-block-karopharma-accordion\"><summary><h2 class=\"accordion-title\">Kan diabetikere og de med redusert blodsirkulasjon bruke Nailner?<\/h2><\/summary><div class=\"accordion-content\">\n<p>R\u00e5df\u00f8r deg med lege f\u00f8r du bruker Nailner behandlingsprodukter hvis du er diabetiker eller har redusert blodsirkulasjon.<\/p>\n<\/div><\/details>\n\n\n\n<details class=\"wp-block-karopharma-accordion\"><summary><h2 class=\"accordion-title\">Kan Nailner brukes n\u00e5r man er gravid og ammer?<\/h2><\/summary><div class=\"accordion-content\">\n<p>Nailner har ikke blitt spesifikt testet for sikkerheten hos kvinner under graviditet eller amming. Generelt b\u00f8r gravide og ammende kvinner som \u00f8nsker \u00e5 behandle neglesopp, r\u00e5df\u00f8re seg med legen f\u00f8r de starter en behandling.<\/p>\n<\/div><\/details>\n\n\n\n<details class=\"wp-block-karopharma-accordion\"><summary><h2 class=\"accordion-title\">Kan barn bruke Nailner-produkter?<\/h2><\/summary><div class=\"accordion-content\">\n<p>Det er ingen aldersbegrensning for bruk av Nailner-produkter, men r\u00e5df\u00f8r deg med lege hvis barnet er under 16 \u00e5r. Siden neglesopp er sjelden hos barn, anbefaler vi \u00e5 konsultere en lege f\u00f8r bruk. Hvis legen bekrefter at barnet har neglesopp, kan Nailner brukes.<\/p>\n<\/div><\/details>\n\n\n\n<details class=\"wp-block-karopharma-accordion\"><summary><h2 class=\"accordion-title\">N\u00e5r du bruker behandlingen p\u00e5 mer enn en negl, kan de andre neglene bli smittet?<\/h2><\/summary><div class=\"accordion-content\">\n<p>Nailner-behandlinger inneholder ingredienser som kjemper mot neglesopp, derfor kan ikke soppen spre seg og smitte andre negler n\u00e5r den p\u00e5f\u00f8res.<\/p>\n<\/div><\/details>\n\n\n\n<details class=\"wp-block-karopharma-accordion\"><summary><h2 class=\"accordion-title\">Hvor lenge m\u00e5 jeg bruke Nailner?<\/h2><\/summary><div class=\"accordion-content\">\n<p>Behandle den infiserte neglen(e) to ganger daglig de f\u00f8rste fire ukene, og en gang daglig deretter, til en sunn utseende negl har erstattet den skadede neglen. Bruk under denne behandlingen Nailner-produkter forebyggende p\u00e5 de sunne neglene (en gang om dagen er nok).<\/p>\n<\/div><\/details>\n\n\n\n<details class=\"wp-block-karopharma-accordion\"><summary><h2 class=\"accordion-title\">Hvor lang tid tar det f\u00f8r neglene ser sunne ut?<\/h2><\/summary><div class=\"accordion-content\">\n<p>Dette avhenger av hvilket Nailner-produkt som brukes. Nailner 2in1 gir synlige resultater etter 1 uke da det lyser opp neglens utseende. For en fullstendig gjenopprettet negl, m\u00e5 den gamle neglen vokse ut og erstattes med en ny sunn negl. Tiden det tar for den sunne neglen \u00e5 vokse, avhenger av hvor alvorlig infeksjonen er, tykkelsen p\u00e5 neglen og infeksjonsst\u00f8rrelsen. T\u00e5negler kan vanligvis ta opptil 12 m\u00e5neder, fingernegler er raskere.<\/p>\n<\/div><\/details>\n\n\n\n<details class=\"wp-block-karopharma-accordion\"><summary><h2 class=\"accordion-title\">Hvordan b\u00f8r Nailner-produkter lagres?<\/h2><\/summary><div class=\"accordion-content\">\n<p>Nailner-produkter b\u00f8r oppbevares ved romtemperatur og utilgjengelig for barn.<\/p>\n<\/div><\/details>\n\n\n\n<details class=\"wp-block-karopharma-accordion\"><summary><h2 class=\"accordion-title\">Inneholder Nailner-produkter Tea tree olje?<\/h2><\/summary><div class=\"accordion-content\">\n<p>Nailner-produkter inneholder ikke Tea tree olje.<\/p>\n<\/div><\/details>\n<\/div><\/div>\n","protected":false},"excerpt":{"rendered":"","protected":false},"author":3,"featured_media":0,"parent":0,"menu_order":0,"comment_status":"closed","ping_status":"closed","template":"","meta":{"_acf_changed":false,"footnotes":""},"from-article-database":[],"class_list":["post-67","page","type-page","status-publish","hentry"],"acf":[],"yoast_head":"<!-- This site is optimized with the Yoast SEO plugin v26.6 - https:\/\/yoast.com\/wordpress\/plugins\/seo\/ -->\n<title>FAQ - Nailner<\/title>\n<meta name=\"description\" content=\"Her er noen ofte stilte sp\u00f8rsm\u00e5l om v\u00e5re Nailner-produkter:\" \/>\n<meta name=\"robots\" content=\"index, follow, max-snippet:-1, max-image-preview:large, max-video-preview:-1\" \/>\n<link rel=\"canonical\" href=\"https:\/\/nailner.com\/no\/faq\/\" \/>\n<meta property=\"og:locale\" content=\"nb_NO\" \/>\n<meta property=\"og:type\" content=\"article\" \/>\n<meta property=\"og:title\" content=\"FAQ - Nailner\" \/>\n<meta property=\"og:description\" content=\"Her er noen ofte stilte sp\u00f8rsm\u00e5l om v\u00e5re Nailner-produkter:\" \/>\n<meta property=\"og:url\" content=\"https:\/\/nailner.com\/no\/faq\/\" \/>\n<meta property=\"og:site_name\" content=\"Nailner\" \/>\n<meta property=\"article:modified_time\" content=\"2025-09-24T05:58:05+00:00\" \/>\n<meta name=\"twitter:card\" content=\"summary_large_image\" \/>\n<meta name=\"twitter:label1\" content=\"Ansl. lesetid\" \/>\n\t<meta name=\"twitter:data1\" content=\"2 minutter\" \/>\n<script type=\"application\/ld+json\" class=\"yoast-schema-graph\">{\"@context\":\"https:\/\/schema.org\",\"@graph\":[{\"@type\":\"WebPage\",\"@id\":\"https:\/\/nailner.com\/no\/faq\/\",\"url\":\"https:\/\/nailner.com\/no\/faq\/\",\"name\":\"FAQ - Nailner\",\"isPartOf\":{\"@id\":\"https:\/\/multisite.nailner.com\/no\/#website\"},\"datePublished\":\"2022-05-23T12:10:27+00:00\",\"dateModified\":\"2025-09-24T05:58:05+00:00\",\"description\":\"Her er noen ofte stilte sp\u00f8rsm\u00e5l om v\u00e5re Nailner-produkter:\",\"breadcrumb\":{\"@id\":\"https:\/\/nailner.com\/no\/faq\/#breadcrumb\"},\"inLanguage\":\"nb-NO\",\"potentialAction\":[{\"@type\":\"ReadAction\",\"target\":[\"https:\/\/nailner.com\/no\/faq\/\"]}]},{\"@type\":\"BreadcrumbList\",\"@id\":\"https:\/\/nailner.com\/no\/faq\/#breadcrumb\",\"itemListElement\":[{\"@type\":\"ListItem\",\"position\":1,\"name\":\"Home\",\"item\":\"https:\/\/nailner.com\/no\/\"},{\"@type\":\"ListItem\",\"position\":2,\"name\":\"FAQ\"}]},{\"@type\":\"WebSite\",\"@id\":\"https:\/\/multisite.nailner.com\/no\/#website\",\"url\":\"https:\/\/multisite.nailner.com\/no\/\",\"name\":\"Nailner\",\"description\":\"\",\"publisher\":{\"@id\":\"https:\/\/multisite.nailner.com\/no\/#organization\"},\"potentialAction\":[{\"@type\":\"SearchAction\",\"target\":{\"@type\":\"EntryPoint\",\"urlTemplate\":\"https:\/\/multisite.nailner.com\/no\/?s={search_term_string}\"},\"query-input\":{\"@type\":\"PropertyValueSpecification\",\"valueRequired\":true,\"valueName\":\"search_term_string\"}}],\"inLanguage\":\"nb-NO\"},{\"@type\":\"Organization\",\"@id\":\"https:\/\/multisite.nailner.com\/no\/#organization\",\"name\":\"Nailner\",\"url\":\"https:\/\/multisite.nailner.com\/no\/\",\"logo\":{\"@type\":\"ImageObject\",\"inLanguage\":\"nb-NO\",\"@id\":\"https:\/\/multisite.nailner.com\/no\/#\/schema\/logo\/image\/\",\"url\":\"https:\/\/nailner.com\/app\/uploads\/sites\/6\/2025\/09\/Nailner-logo.png\",\"contentUrl\":\"https:\/\/nailner.com\/app\/uploads\/sites\/6\/2025\/09\/Nailner-logo.png\",\"width\":134,\"height\":32,\"caption\":\"Nailner\"},\"image\":{\"@id\":\"https:\/\/multisite.nailner.com\/no\/#\/schema\/logo\/image\/\"}}]}<\/script>\n<!-- \/ Yoast SEO plugin. -->","yoast_head_json":{"title":"FAQ - Nailner","description":"Her er noen ofte stilte sp\u00f8rsm\u00e5l om v\u00e5re Nailner-produkter:","robots":{"index":"index","follow":"follow","max-snippet":"max-snippet:-1","max-image-preview":"max-image-preview:large","max-video-preview":"max-video-preview:-1"},"canonical":"https:\/\/nailner.com\/no\/faq\/","og_locale":"nb_NO","og_type":"article","og_title":"FAQ - Nailner","og_description":"Her er noen ofte stilte sp\u00f8rsm\u00e5l om v\u00e5re Nailner-produkter:","og_url":"https:\/\/nailner.com\/no\/faq\/","og_site_name":"Nailner","article_modified_time":"2025-09-24T05:58:05+00:00","twitter_card":"summary_large_image","twitter_misc":{"Ansl. lesetid":"2 minutter"},"schema":{"@context":"https:\/\/schema.org","@graph":[{"@type":"WebPage","@id":"https:\/\/nailner.com\/no\/faq\/","url":"https:\/\/nailner.com\/no\/faq\/","name":"FAQ - Nailner","isPartOf":{"@id":"https:\/\/multisite.nailner.com\/no\/#website"},"datePublished":"2022-05-23T12:10:27+00:00","dateModified":"2025-09-24T05:58:05+00:00","description":"Her er noen ofte stilte sp\u00f8rsm\u00e5l om v\u00e5re Nailner-produkter:","breadcrumb":{"@id":"https:\/\/nailner.com\/no\/faq\/#breadcrumb"},"inLanguage":"nb-NO","potentialAction":[{"@type":"ReadAction","target":["https:\/\/nailner.com\/no\/faq\/"]}]},{"@type":"BreadcrumbList","@id":"https:\/\/nailner.com\/no\/faq\/#breadcrumb","itemListElement":[{"@type":"ListItem","position":1,"name":"Home","item":"https:\/\/nailner.com\/no\/"},{"@type":"ListItem","position":2,"name":"FAQ"}]},{"@type":"WebSite","@id":"https:\/\/multisite.nailner.com\/no\/#website","url":"https:\/\/multisite.nailner.com\/no\/","name":"Nailner","description":"","publisher":{"@id":"https:\/\/multisite.nailner.com\/no\/#organization"},"potentialAction":[{"@type":"SearchAction","target":{"@type":"EntryPoint","urlTemplate":"https:\/\/multisite.nailner.com\/no\/?s={search_term_string}"},"query-input":{"@type":"PropertyValueSpecification","valueRequired":true,"valueName":"search_term_string"}}],"inLanguage":"nb-NO"},{"@type":"Organization","@id":"https:\/\/multisite.nailner.com\/no\/#organization","name":"Nailner","url":"https:\/\/multisite.nailner.com\/no\/","logo":{"@type":"ImageObject","inLanguage":"nb-NO","@id":"https:\/\/multisite.nailner.com\/no\/#\/schema\/logo\/image\/","url":"https:\/\/nailner.com\/app\/uploads\/sites\/6\/2025\/09\/Nailner-logo.png","contentUrl":"https:\/\/nailner.com\/app\/uploads\/sites\/6\/2025\/09\/Nailner-logo.png","width":134,"height":32,"caption":"Nailner"},"image":{"@id":"https:\/\/multisite.nailner.com\/no\/#\/schema\/logo\/image\/"}}]}},"_links":{"self":[{"href":"https:\/\/nailner.com\/no\/wp-json\/wp\/v2\/pages\/67","targetHints":{"allow":["GET"]}}],"collection":[{"href":"https:\/\/nailner.com\/no\/wp-json\/wp\/v2\/pages"}],"about":[{"href":"https:\/\/nailner.com\/no\/wp-json\/wp\/v2\/types\/page"}],"author":[{"embeddable":true,"href":"https:\/\/nailner.com\/no\/wp-json\/wp\/v2\/users\/3"}],"replies":[{"embeddable":true,"href":"https:\/\/nailner.com\/no\/wp-json\/wp\/v2\/comments?post=67"}],"version-history":[{"count":2,"href":"https:\/\/nailner.com\/no\/wp-json\/wp\/v2\/pages\/67\/revisions"}],"predecessor-version":[{"id":400,"href":"https:\/\/nailner.com\/no\/wp-json\/wp\/v2\/pages\/67\/revisions\/400"}],"wp:attachment":[{"href":"https:\/\/nailner.com\/no\/wp-json\/wp\/v2\/media?parent=67"}],"wp:term":[{"taxonomy":"from-article-database","embeddable":true,"href":"https:\/\/nailner.com\/no\/wp-json\/wp\/v2\/from-article-database?post=67"}],"curies":[{"name":"wp","href":"https:\/\/api.w.org\/{rel}","templated":true}]}}