{"id":109,"date":"2022-05-23T14:25:21","date_gmt":"2022-05-23T12:25:21","guid":{"rendered":"https:\/\/nailner.com\/no\/?post_type=product&#038;p=109"},"modified":"2025-09-30T07:32:49","modified_gmt":"2025-09-30T05:32:49","slug":"nailner-2-in-1-pensel","status":"publish","type":"product","link":"https:\/\/nailner.com\/no\/produkt\/nailner-2-in-1-pensel\/","title":{"rendered":"Nailner 2 In 1 Pensel"},"content":{"rendered":"\n<section class=\"wp-block-karopharma-usp is-style-transparent usp is-style-transparent\"><div class=\"usp-wrapper\">\n<section class=\"wp-block-karopharma-usp-single usp-single undefined\"><div class=\"icon\"><svg width=\"21\" height=\"16\" viewBox=\"0 0 21 16\" fill=\"none\" xmlns=\"http:\/\/www.w3.org\/2000\/svg\"><path d=\"M19.2567 0.164742L6.13095 13.2905L1.49056 8.65006C1.2709 8.4304 0.914742 8.4304 0.695039 8.65006L0.164742 9.18036C-0.0549141 9.40001 -0.0549141 9.75617 0.164742 9.97587L5.73321 15.5443C5.95287 15.764 6.30903 15.764 6.52873 15.5443L20.5825 1.4906C20.8021 1.27095 20.8021 0.914789 20.5825 0.695086L20.0521 0.164742C19.8325 -0.0549141 19.4763 -0.0549141 19.2567 0.164742Z\" fill=\"white\"><\/path><\/svg><\/div>\n<h4 class=\"wp-block-heading has-text-align-center is-style-heading-h4\" id=\"step-1\">Trinn 1<\/h4>\n\n\n\n<p class=\"has-text-align-center is-style-body-text\">Rengj\u00f8r neglen og fjern neglelakk f\u00f8r hver applisering. Det er ikke n\u00f8dvendig med filing av neglen f\u00f8r bruk. P\u00e5f\u00f8r to ganger daglig de f\u00f8rste fire ukene.<\/p>\n<\/section>\n\n\n\n<section class=\"wp-block-karopharma-usp-single usp-single undefined\"><div class=\"icon\"><svg width=\"21\" height=\"16\" viewBox=\"0 0 21 16\" fill=\"none\" xmlns=\"http:\/\/www.w3.org\/2000\/svg\"><path d=\"M19.2567 0.164742L6.13095 13.2905L1.49056 8.65006C1.2709 8.4304 0.914742 8.4304 0.695039 8.65006L0.164742 9.18036C-0.0549141 9.40001 -0.0549141 9.75617 0.164742 9.97587L5.73321 15.5443C5.95287 15.764 6.30903 15.764 6.52873 15.5443L20.5825 1.4906C20.8021 1.27095 20.8021 0.914789 20.5825 0.695086L20.0521 0.164742C19.8325 -0.0549141 19.4763 -0.0549141 19.2567 0.164742Z\" fill=\"white\"><\/path><\/svg><\/div>\n<h4 class=\"wp-block-heading has-text-align-center is-style-heading-h4\" id=\"step-2\">Trinn 2<\/h4>\n\n\n\n<p class=\"has-text-align-center is-style-body-text\">P\u00e5f\u00f8r deretter en gang daglig til den sunne utseende neglen har erstattet den skadede neglen. L\u00f8sningen m\u00e5 p\u00e5f\u00f8res hele neglens overflate, inkludert undersiden av den fremste kanten.<\/p>\n<\/section>\n\n\n\n<section class=\"wp-block-karopharma-usp-single usp-single undefined\"><div class=\"icon\"><svg width=\"21\" height=\"16\" viewBox=\"0 0 21 16\" fill=\"none\" xmlns=\"http:\/\/www.w3.org\/2000\/svg\"><path d=\"M19.2567 0.164742L6.13095 13.2905L1.49056 8.65006C1.2709 8.4304 0.914742 8.4304 0.695039 8.65006L0.164742 9.18036C-0.0549141 9.40001 -0.0549141 9.75617 0.164742 9.97587L5.73321 15.5443C5.95287 15.764 6.30903 15.764 6.52873 15.5443L20.5825 1.4906C20.8021 1.27095 20.8021 0.914789 20.5825 0.695086L20.0521 0.164742C19.8325 -0.0549141 19.4763 -0.0549141 19.2567 0.164742Z\" fill=\"white\"><\/path><\/svg><\/div>\n<h4 class=\"wp-block-heading has-text-align-center is-style-heading-h4\" id=\"step-3\">Trinn 3<\/h4>\n\n\n\n<p class=\"has-text-align-center is-style-body-text\">Skru korken tett p\u00e5 flasken etter hver bruk. B\u00f8rsten inneholder nok l\u00f8sning for omtrent 300 applikasjoner. Nailner 2 in 1-produktene kan ogs\u00e5 brukes forebyggende. P\u00e5f\u00f8r Nailner 2 in 1-produktene en gang om dagen for \u00e5 forebygge soppinfeksjon p\u00e5 neglene.<\/p>\n<\/section>\n<\/div><\/section>\n\n\n\n<div class=\"wp-block-karopharma-accordions is-style-secondary\"><div class=\"container\">\n<details class=\"wp-block-karopharma-accordion\"><summary><h2 class=\"accordion-title\">Hvor mange applikasjoner inneholder Nailner Brush 2 in 1?<\/h2><\/summary><div class=\"accordion-content\">\n<p>Nailner Pensel inneholder 5 ml, ca 300 applikasjoner.<\/p>\n<\/div><\/details>\n\n\n\n<details class=\"wp-block-karopharma-accordion\"><summary><h2 class=\"accordion-title\">Hva inneholder Nailner 2 in 1 Brush ?<\/h2><\/summary><div class=\"accordion-content\">\n<p>Etyllaktat, vann, glyserin, melkesyre, sitronsyre, resacetophenone<\/p>\n<\/div><\/details>\n<\/div><\/div>\n","protected":false},"excerpt":{"rendered":"<p>Behandler og forbedrer neglens utseende<\/p>\n","protected":false},"featured_media":388,"comment_status":"closed","ping_status":"closed","template":"","meta":{"_acf_changed":false,"footnotes":""},"product_brand":[],"product_cat":[],"product_tag":[],"class_list":{"0":"post-109","1":"product","2":"type-product","3":"status-publish","4":"has-post-thumbnail","7":"first","8":"instock","9":"shipping-taxable","10":"product-type-simple"},"acf":[],"yoast_head":"<!-- This site is optimized with the Yoast SEO plugin v26.6 - https:\/\/yoast.com\/wordpress\/plugins\/seo\/ -->\n<title>Nailner 2 In 1 Pensel - Nailner<\/title>\n<meta name=\"description\" content=\"Nailner 2 In 1 Pensel - Behandler og gir synlige resulateter p\u00e5 neglens utseende p\u00e5 bare 7 dager\" \/>\n<meta name=\"robots\" content=\"index, follow, max-snippet:-1, max-image-preview:large, max-video-preview:-1\" \/>\n<link rel=\"canonical\" href=\"https:\/\/nailner.com\/no\/produkt\/nailner-2-in-1-pensel\/\" \/>\n<meta property=\"og:locale\" content=\"nb_NO\" \/>\n<meta property=\"og:type\" content=\"article\" \/>\n<meta property=\"og:title\" content=\"Nailner 2 In 1 Pensel - Nailner\" \/>\n<meta property=\"og:description\" content=\"Nailner 2 In 1 Pensel - Behandler og gir synlige resulateter p\u00e5 neglens utseende p\u00e5 bare 7 dager\" \/>\n<meta property=\"og:url\" content=\"https:\/\/nailner.com\/no\/produkt\/nailner-2-in-1-pensel\/\" \/>\n<meta property=\"og:site_name\" content=\"Nailner\" \/>\n<meta property=\"article:modified_time\" content=\"2025-09-30T05:32:49+00:00\" \/>\n<meta property=\"og:image\" content=\"https:\/\/nailner.com\/app\/uploads\/sites\/6\/2022\/05\/Nailner_2in1Pensel.png\" \/>\n\t<meta property=\"og:image:width\" content=\"700\" \/>\n\t<meta property=\"og:image:height\" content=\"700\" \/>\n\t<meta property=\"og:image:type\" content=\"image\/png\" \/>\n<meta name=\"twitter:card\" content=\"summary_large_image\" \/>\n<meta name=\"twitter:label1\" content=\"Ansl. lesetid\" \/>\n\t<meta name=\"twitter:data1\" content=\"1 minutt\" \/>\n<script type=\"application\/ld+json\" class=\"yoast-schema-graph\">{\"@context\":\"https:\/\/schema.org\",\"@graph\":[{\"@type\":\"WebPage\",\"@id\":\"https:\/\/nailner.com\/no\/produkt\/nailner-2-in-1-pensel\/\",\"url\":\"https:\/\/nailner.com\/no\/produkt\/nailner-2-in-1-pensel\/\",\"name\":\"Nailner 2 In 1 Pensel - Nailner\",\"isPartOf\":{\"@id\":\"https:\/\/multisite.nailner.com\/no\/#website\"},\"primaryImageOfPage\":{\"@id\":\"https:\/\/nailner.com\/no\/produkt\/nailner-2-in-1-pensel\/#primaryimage\"},\"image\":{\"@id\":\"https:\/\/nailner.com\/no\/produkt\/nailner-2-in-1-pensel\/#primaryimage\"},\"thumbnailUrl\":\"https:\/\/nailner.com\/app\/uploads\/sites\/6\/2022\/05\/Nailner_2in1Pensel.png\",\"datePublished\":\"2022-05-23T12:25:21+00:00\",\"dateModified\":\"2025-09-30T05:32:49+00:00\",\"description\":\"Nailner 2 In 1 Pensel - Behandler og gir synlige resulateter p\u00e5 neglens utseende p\u00e5 bare 7 dager\",\"breadcrumb\":{\"@id\":\"https:\/\/nailner.com\/no\/produkt\/nailner-2-in-1-pensel\/#breadcrumb\"},\"inLanguage\":\"nb-NO\",\"potentialAction\":[{\"@type\":\"ReadAction\",\"target\":[\"https:\/\/nailner.com\/no\/produkt\/nailner-2-in-1-pensel\/\"]}]},{\"@type\":\"ImageObject\",\"inLanguage\":\"nb-NO\",\"@id\":\"https:\/\/nailner.com\/no\/produkt\/nailner-2-in-1-pensel\/#primaryimage\",\"url\":\"https:\/\/nailner.com\/app\/uploads\/sites\/6\/2022\/05\/Nailner_2in1Pensel.png\",\"contentUrl\":\"https:\/\/nailner.com\/app\/uploads\/sites\/6\/2022\/05\/Nailner_2in1Pensel.png\",\"width\":700,\"height\":700,\"caption\":\"Nailner 2 in 1 Pensel\"},{\"@type\":\"BreadcrumbList\",\"@id\":\"https:\/\/nailner.com\/no\/produkt\/nailner-2-in-1-pensel\/#breadcrumb\",\"itemListElement\":[{\"@type\":\"ListItem\",\"position\":1,\"name\":\"Home\",\"item\":\"https:\/\/nailner.com\/no\/\"},{\"@type\":\"ListItem\",\"position\":2,\"name\":\"Produkter\",\"item\":\"https:\/\/nailner.com\/no\/produkter\/\"},{\"@type\":\"ListItem\",\"position\":3,\"name\":\"Nailner 2 In 1 Pensel\"}]},{\"@type\":\"WebSite\",\"@id\":\"https:\/\/multisite.nailner.com\/no\/#website\",\"url\":\"https:\/\/multisite.nailner.com\/no\/\",\"name\":\"Nailner\",\"description\":\"\",\"publisher\":{\"@id\":\"https:\/\/multisite.nailner.com\/no\/#organization\"},\"potentialAction\":[{\"@type\":\"SearchAction\",\"target\":{\"@type\":\"EntryPoint\",\"urlTemplate\":\"https:\/\/multisite.nailner.com\/no\/?s={search_term_string}\"},\"query-input\":{\"@type\":\"PropertyValueSpecification\",\"valueRequired\":true,\"valueName\":\"search_term_string\"}}],\"inLanguage\":\"nb-NO\"},{\"@type\":\"Organization\",\"@id\":\"https:\/\/multisite.nailner.com\/no\/#organization\",\"name\":\"Nailner\",\"url\":\"https:\/\/multisite.nailner.com\/no\/\",\"logo\":{\"@type\":\"ImageObject\",\"inLanguage\":\"nb-NO\",\"@id\":\"https:\/\/multisite.nailner.com\/no\/#\/schema\/logo\/image\/\",\"url\":\"https:\/\/nailner.com\/app\/uploads\/sites\/6\/2025\/09\/Nailner-logo.png\",\"contentUrl\":\"https:\/\/nailner.com\/app\/uploads\/sites\/6\/2025\/09\/Nailner-logo.png\",\"width\":134,\"height\":32,\"caption\":\"Nailner\"},\"image\":{\"@id\":\"https:\/\/multisite.nailner.com\/no\/#\/schema\/logo\/image\/\"}}]}<\/script>\n<!-- \/ Yoast SEO plugin. -->","yoast_head_json":{"title":"Nailner 2 In 1 Pensel - Nailner","description":"Nailner 2 In 1 Pensel - Behandler og gir synlige resulateter p\u00e5 neglens utseende p\u00e5 bare 7 dager","robots":{"index":"index","follow":"follow","max-snippet":"max-snippet:-1","max-image-preview":"max-image-preview:large","max-video-preview":"max-video-preview:-1"},"canonical":"https:\/\/nailner.com\/no\/produkt\/nailner-2-in-1-pensel\/","og_locale":"nb_NO","og_type":"article","og_title":"Nailner 2 In 1 Pensel - Nailner","og_description":"Nailner 2 In 1 Pensel - Behandler og gir synlige resulateter p\u00e5 neglens utseende p\u00e5 bare 7 dager","og_url":"https:\/\/nailner.com\/no\/produkt\/nailner-2-in-1-pensel\/","og_site_name":"Nailner","article_modified_time":"2025-09-30T05:32:49+00:00","og_image":[{"width":700,"height":700,"url":"https:\/\/nailner.com\/app\/uploads\/sites\/6\/2022\/05\/Nailner_2in1Pensel.png","type":"image\/png"}],"twitter_card":"summary_large_image","twitter_misc":{"Ansl. lesetid":"1 minutt"},"schema":{"@context":"https:\/\/schema.org","@graph":[{"@type":"WebPage","@id":"https:\/\/nailner.com\/no\/produkt\/nailner-2-in-1-pensel\/","url":"https:\/\/nailner.com\/no\/produkt\/nailner-2-in-1-pensel\/","name":"Nailner 2 In 1 Pensel - Nailner","isPartOf":{"@id":"https:\/\/multisite.nailner.com\/no\/#website"},"primaryImageOfPage":{"@id":"https:\/\/nailner.com\/no\/produkt\/nailner-2-in-1-pensel\/#primaryimage"},"image":{"@id":"https:\/\/nailner.com\/no\/produkt\/nailner-2-in-1-pensel\/#primaryimage"},"thumbnailUrl":"https:\/\/nailner.com\/app\/uploads\/sites\/6\/2022\/05\/Nailner_2in1Pensel.png","datePublished":"2022-05-23T12:25:21+00:00","dateModified":"2025-09-30T05:32:49+00:00","description":"Nailner 2 In 1 Pensel - Behandler og gir synlige resulateter p\u00e5 neglens utseende p\u00e5 bare 7 dager","breadcrumb":{"@id":"https:\/\/nailner.com\/no\/produkt\/nailner-2-in-1-pensel\/#breadcrumb"},"inLanguage":"nb-NO","potentialAction":[{"@type":"ReadAction","target":["https:\/\/nailner.com\/no\/produkt\/nailner-2-in-1-pensel\/"]}]},{"@type":"ImageObject","inLanguage":"nb-NO","@id":"https:\/\/nailner.com\/no\/produkt\/nailner-2-in-1-pensel\/#primaryimage","url":"https:\/\/nailner.com\/app\/uploads\/sites\/6\/2022\/05\/Nailner_2in1Pensel.png","contentUrl":"https:\/\/nailner.com\/app\/uploads\/sites\/6\/2022\/05\/Nailner_2in1Pensel.png","width":700,"height":700,"caption":"Nailner 2 in 1 Pensel"},{"@type":"BreadcrumbList","@id":"https:\/\/nailner.com\/no\/produkt\/nailner-2-in-1-pensel\/#breadcrumb","itemListElement":[{"@type":"ListItem","position":1,"name":"Home","item":"https:\/\/nailner.com\/no\/"},{"@type":"ListItem","position":2,"name":"Produkter","item":"https:\/\/nailner.com\/no\/produkter\/"},{"@type":"ListItem","position":3,"name":"Nailner 2 In 1 Pensel"}]},{"@type":"WebSite","@id":"https:\/\/multisite.nailner.com\/no\/#website","url":"https:\/\/multisite.nailner.com\/no\/","name":"Nailner","description":"","publisher":{"@id":"https:\/\/multisite.nailner.com\/no\/#organization"},"potentialAction":[{"@type":"SearchAction","target":{"@type":"EntryPoint","urlTemplate":"https:\/\/multisite.nailner.com\/no\/?s={search_term_string}"},"query-input":{"@type":"PropertyValueSpecification","valueRequired":true,"valueName":"search_term_string"}}],"inLanguage":"nb-NO"},{"@type":"Organization","@id":"https:\/\/multisite.nailner.com\/no\/#organization","name":"Nailner","url":"https:\/\/multisite.nailner.com\/no\/","logo":{"@type":"ImageObject","inLanguage":"nb-NO","@id":"https:\/\/multisite.nailner.com\/no\/#\/schema\/logo\/image\/","url":"https:\/\/nailner.com\/app\/uploads\/sites\/6\/2025\/09\/Nailner-logo.png","contentUrl":"https:\/\/nailner.com\/app\/uploads\/sites\/6\/2025\/09\/Nailner-logo.png","width":134,"height":32,"caption":"Nailner"},"image":{"@id":"https:\/\/multisite.nailner.com\/no\/#\/schema\/logo\/image\/"}}]}},"_links":{"self":[{"href":"https:\/\/nailner.com\/no\/wp-json\/wp\/v2\/product\/109","targetHints":{"allow":["GET"]}}],"collection":[{"href":"https:\/\/nailner.com\/no\/wp-json\/wp\/v2\/product"}],"about":[{"href":"https:\/\/nailner.com\/no\/wp-json\/wp\/v2\/types\/product"}],"replies":[{"embeddable":true,"href":"https:\/\/nailner.com\/no\/wp-json\/wp\/v2\/comments?post=109"}],"version-history":[{"count":8,"href":"https:\/\/nailner.com\/no\/wp-json\/wp\/v2\/product\/109\/revisions"}],"predecessor-version":[{"id":537,"href":"https:\/\/nailner.com\/no\/wp-json\/wp\/v2\/product\/109\/revisions\/537"}],"wp:featuredmedia":[{"embeddable":true,"href":"https:\/\/nailner.com\/no\/wp-json\/wp\/v2\/media\/388"}],"wp:attachment":[{"href":"https:\/\/nailner.com\/no\/wp-json\/wp\/v2\/media?parent=109"}],"wp:term":[{"taxonomy":"product_brand","embeddable":true,"href":"https:\/\/nailner.com\/no\/wp-json\/wp\/v2\/product_brand?post=109"},{"taxonomy":"product_cat","embeddable":true,"href":"https:\/\/nailner.com\/no\/wp-json\/wp\/v2\/product_cat?post=109"},{"taxonomy":"product_tag","embeddable":true,"href":"https:\/\/nailner.com\/no\/wp-json\/wp\/v2\/product_tag?post=109"}],"curies":[{"name":"wp","href":"https:\/\/api.w.org\/{rel}","templated":true}]}}