{"id":31,"date":"2022-05-23T14:40:55","date_gmt":"2022-05-23T12:40:55","guid":{"rendered":"https:\/\/nailner.com\/pl\/?page_id=31"},"modified":"2026-01-07T10:06:44","modified_gmt":"2026-01-07T09:06:44","slug":"faq","status":"publish","type":"page","link":"https:\/\/nailner.com\/pl\/faq\/","title":{"rendered":"FAQ"},"content":{"rendered":"\n<div class=\"wp-block-karopharma-free-text pt-large pb-large bg-center bg-cover bg-no-repeat  bg-contain undefined is-style-secondary\" style=\"background-image:url()\"><div class=\"free-text-wrapper container max-w-medium text-center\">\n<h1 class=\"is-style-heading-huge wp-block-heading\">Cz\u0119sto zadawane pytania<\/h1>\n<\/div><\/div>\n\n\n\n<div class=\"wp-block-karopharma-accordions\"><div class=\"container\">\n<details class=\"wp-block-karopharma-accordion\"><summary><h2 class=\"accordion-title\">Jak dzia\u0142a Nailner 2 w 1?<\/h2><\/summary><div class=\"accordion-content\">\n<p>Nailner 2 w 1 skutecznie leczy i zapobiega grzybicy paznokci st\u00f3p i d\u0142oni. Unikalny system no\u015bnik\u00f3w pozwala sk\u0142adnikom wysyci\u0107 p\u0142ytk\u0119 paznokciow\u0105 i zwalczy\u0107 grzybic\u0119 w jego \u0142o\u017cysku poprzez zmian\u0119 poziomu pH<\/p>\n<\/div><\/details>\n\n\n\n<details class=\"wp-block-karopharma-accordion\"><summary><h2 class=\"accordion-title\">Czy Nailner 2 w 1 mo\u017cna stosowa\u0107 na pomalowane paznokcie?<\/h2><\/summary><div class=\"accordion-content\">\n<p>Nie \u2013 preparat\u00f3w Nailner 2 w 1 nie nale\u017cy stosowa\u0107 na pomalowane paznokcie. Przed ka\u017cd\u0105 aplikacj\u0105 lakieru lub sztyftu Nailner 2 w 1 nale\u017cy zmy\u0107 lakier kosmetyczny i oczy\u015bci\u0107 paznokie\u0107.<\/p>\n<\/div><\/details>\n\n\n\n<details class=\"wp-block-karopharma-accordion\"><summary><h2 class=\"accordion-title\">Ile aplikacji zawiera Nailner 2 w 1?<\/h2><\/summary><div class=\"accordion-content\">\n<p>Nailner lakier 2 w 1 zawiera 5 ml, ok. 300 aplikacji.<br>Nailner szyft 2 w 1 zawiera 4 ml, ok. 400 aplikacji.<\/p>\n<\/div><\/details>\n\n\n\n<details class=\"wp-block-karopharma-accordion\"><summary><h2 class=\"accordion-title\">Jakie sk\u0142adniki zawieraj\u0105 lakier i sztyft Nailner 2 w 1?<\/h2><\/summary><div class=\"accordion-content\">\n<p>Mleczan etylu, wod\u0119, gliceryn\u0119, kwas mlekowy, kwas cytrynowy, resacetofenon.<\/p>\n<\/div><\/details>\n\n\n\n<details class=\"wp-block-karopharma-accordion\"><summary><h2 class=\"accordion-title\">Czy osoby chore na cukrzyc\u0119 i osoby z zaburzeniami kr\u0105\u017cenia obwodowego mog\u0105 u\u017cywa\u0107 preparat\u00f3w Nailner 2 w 1?<\/h2><\/summary><div class=\"accordion-content\">\n<p>W przypadku cukrzycy i zaburze\u0144 kr\u0105\u017cenia obwodowego przed zastosowaniem preparat\u00f3w Nailner 2 w 1 nale\u017cy skonsultowa\u0107 si\u0119 z lekarzem.<\/p>\n<\/div><\/details>\n\n\n\n<details class=\"wp-block-karopharma-accordion\"><summary><h2 class=\"accordion-title\">Czy Nailner 2 w 1 mo\u017cna stosowa\u0107 podczas ci\u0105\u017cy i karmienia piersi\u0105?<\/h2><\/summary><div class=\"accordion-content\">\n<p>Nailner 2 w 1 nie by\u0142 testowany pod k\u0105tem bezpiecze\u0144stwa u kobiet w ci\u0105\u017cy lub karmi\u0105cych piersi\u0105. Generalnie, kobiety w ci\u0105\u017cy i karmi\u0105ce piersi\u0105, kt\u00f3re chc\u0105 leczy\u0107 grzybic\u0119 paznokci, powinny skonsultowa\u0107 si\u0119 z lekarzem przed rozpocz\u0119ciem jakiegokolwiek leczenia.<\/p>\n<\/div><\/details>\n\n\n\n<details class=\"wp-block-karopharma-accordion\"><summary><h2 class=\"accordion-title\">Czy dzieci mog\u0105 u\u017cywa\u0107 produkt\u00f3w Nailner 2 w 1?<\/h2><\/summary><div class=\"accordion-content\">\n<p>Nie ma ogranicze\u0144 wiekowych w stosowaniu produkt\u00f3w Nailner 2 w 1, ale je\u015bli dziecko ma mniej ni\u017c 16 lat przed zastosowaniem preparatu nale\u017cy skonsultowa\u0107 si\u0119 z lekarzem, poniewa\u017c grzybica paznokci rzadko wyst\u0119puje u dzieci. Je\u015bli lekarz potwierdzi, \u017ce dziecko ma grzybic\u0119 paznokci, mo\u017cna zastosowa\u0107 preparaty Nailner 2 w 1.<\/p>\n<\/div><\/details>\n\n\n\n<details class=\"wp-block-karopharma-accordion\"><summary><h2 class=\"accordion-title\">Czy w przypadku stosowania preparatu na wi\u0119cej ni\u017c jednym paznokciu, inne paznokcie mog\u0105 ulec zaka\u017ceniu?<\/h2><\/summary><div class=\"accordion-content\">\n<p>Preparaty Nailner 2 w 1 zawieraj\u0105 sk\u0142adniki zwalczaj\u0105ce grzybic\u0119, dzi\u0119ki czemu grzyby nie mog\u0105 rozprzestrzenia\u0107 si\u0119 i zaka\u017ca\u0107 innych paznokci podczas aplikacji.<\/p>\n<\/div><\/details>\n\n\n\n<details class=\"wp-block-karopharma-accordion\"><summary><h2 class=\"accordion-title\">Jak d\u0142ugo nale\u017cy u\u017cywa\u0107 preparatu Nailner 2 w 1?<\/h2><\/summary><div class=\"accordion-content\">\n<p>Podczas leczenia zaka\u017conych paznokci nale\u017cy stosowa\u0107 Nailner 2 w 1 dwa razy dziennie przez pierwsze cztery tygodnie, a nast\u0119pnie jeden raz dziennie, do czasu, gdy zdrowy paznokie\u0107 wyro\u015bnie w miejsce uszkodzonego. W tym czasie rekomenduje si\u0119 stosowanie profilaktyczne preparatu Nailner 2 w 1 r\u00f3wnie\u017c na zdrowe paznokcie (wystarczy raz dziennie).<\/p>\n<\/div><\/details>\n\n\n\n<details class=\"wp-block-karopharma-accordion\"><summary><h2 class=\"accordion-title\">Po jakim czasie paznokcie odzyskuj\u0105 zdrowy wygl\u0105d?<\/h2><\/summary><div class=\"accordion-content\">\n<p>Nailner productNailner 2 w 1 daje widoczne efekty ju\u017c po 7 dniach stosowania, poniewa\u017c rozja\u015bnia p\u0142ytk\u0119 paznokcia, poprawiaj\u0105c jej wygl\u0105d.<\/p>\n<\/div><\/details>\n\n\n\n<details class=\"wp-block-karopharma-accordion\"><summary><h2 class=\"accordion-title\">Jak rozpozna\u0107, \u017ce sztyft jest pusty?<\/h2><\/summary><div class=\"accordion-content\">\n<p>Podczas nak\u0142adania roztworu na paznokie\u0107 powinna pojawi\u0107 si\u0119 cienka, b\u0142yszcz\u0105ca warstwa, zanim roztw\u00f3r wch\u0142onie si\u0119 w paznokie\u0107. Mo\u017cna r\u00f3wnie\u017c to sprawdzi\u0107 na kartce papieru, je\u015bli sztyft pozostawi mokr\u0105 lini\u0119 na papierze, oznacza to, \u017ce nadal zawiera roztw\u00f3r.<\/p>\n<\/div><\/details>\n\n\n\n<details class=\"wp-block-karopharma-accordion\"><summary><h2 class=\"accordion-title\">Jak nale\u017cy przechowywa\u0107 produkty Nailner 2 w 1?<\/h2><\/summary><div class=\"accordion-content\">\n<p>Preparaty Nailner 2 w 1 nale\u017cy przechowywa\u0107 w temperaturze pokojowej, w miejscu niedost\u0119pnym i niewidocznym dla dzieci.<\/p>\n<\/div><\/details>\n\n\n\n<details class=\"wp-block-karopharma-accordion\"><summary><h2 class=\"accordion-title\">Czy produkty Nailner 2 w 1 zawieraj\u0105 olejek z drzewa herbacianego?<\/h2><\/summary><div class=\"accordion-content\">\n<p>Preparaty Nailner 2 w 1 nie zawieraj\u0105 olejku z drzewa herbacianego.<\/p>\n<\/div><\/details>\n<\/div><\/div>\n\n\n<div class=\"product-list wp-block-karopharma-product-list\" data-testid=\"product-list\">\n      <div class=\"swiper-container\">\n      <div class=\"swiper\">\n        <div class=\"swiper-wrapper\">\n                      <div class=\"swiper-slide\">\n              <div class=\"product-card\" data-testid=\"product-card\">\n  <a\n    href=https:\/\/nailner.com\/pl\/product\/nailner-2-w-1-sztyft\/\n    class=\"product-card-link\"\n    title=\"Nailner 2 w 1 sztyft\"\n  >\n  <figure class=\"product-card-image\" data-testid=\"product-image\">\n                          <img decoding=\"async\" src=\"https:\/\/nailner.com\/cdn-cgi\/image\/width=700,format=auto\/app\/uploads\/sites\/9\/2024\/01\/Nailner-2-w-1-sztyft.png\"\n        srcset=\"https:\/\/nailner.com\/cdn-cgi\/image\/width=250,format=auto\/app\/uploads\/sites\/9\/2024\/01\/Nailner-2-w-1-sztyft.png 250w,\n                https:\/\/nailner.com\/cdn-cgi\/image\/width=500,format=auto\/app\/uploads\/sites\/9\/2024\/01\/Nailner-2-w-1-sztyft.png 500w,\n                https:\/\/nailner.com\/cdn-cgi\/image\/width=700,format=auto\/app\/uploads\/sites\/9\/2024\/01\/Nailner-2-w-1-sztyft.png 700w\"\n        sizes=\"(max-width: 400px) 250px, (max-width: 800px) 500px, 700px\"\n        alt=\"Nailner 2 w 1 sztyft\"\n        class=\"img\">\n            <\/figure>\n    <div class=\"product-card-content\">\n      <div class=\"heading-wrapper\">\n        <h2 class=\"heading\">Nailner 2 w 1 sztyft<\/h2>\n      <\/div>\n      <div class=\"product-card-description\">Leczy i rozja\u015bnia paznokcie<\/div>\n                      <\/div>\n  <\/a>\n      <div class=\"button-wrapper\">\n    <a\n      href=https:\/\/nailner.com\/pl\/product\/nailner-2-w-1-sztyft\/\n      target=_self\n      class=\"theme-button button-primary-color rounded-button\"\n      rel=\"noopener\"\n      title=\"Czytaj wi\u0119cej\"\n    >\n       Czytaj wi\u0119cej\n    <\/a>\n<\/div>  <\/div>\n            <\/div>\n                      <div class=\"swiper-slide\">\n              <div class=\"product-card\" data-testid=\"product-card\">\n  <a\n    href=https:\/\/nailner.com\/pl\/product\/nailner-2-w-1\/\n    class=\"product-card-link\"\n    title=\"Nailner 2 w 1 lakier\"\n  >\n  <figure class=\"product-card-image\" data-testid=\"product-image\">\n                          <img decoding=\"async\" src=\"https:\/\/nailner.com\/cdn-cgi\/image\/width=700,format=auto\/app\/uploads\/sites\/9\/2022\/05\/Nailner-2-w-1-lakier.png\"\n        srcset=\"https:\/\/nailner.com\/cdn-cgi\/image\/width=250,format=auto\/app\/uploads\/sites\/9\/2022\/05\/Nailner-2-w-1-lakier.png 250w,\n                https:\/\/nailner.com\/cdn-cgi\/image\/width=500,format=auto\/app\/uploads\/sites\/9\/2022\/05\/Nailner-2-w-1-lakier.png 500w,\n                https:\/\/nailner.com\/cdn-cgi\/image\/width=700,format=auto\/app\/uploads\/sites\/9\/2022\/05\/Nailner-2-w-1-lakier.png 700w\"\n        sizes=\"(max-width: 400px) 250px, (max-width: 800px) 500px, 700px\"\n        alt=\"Nailner 2 w 1 lakier\"\n        class=\"img\">\n            <\/figure>\n    <div class=\"product-card-content\">\n      <div class=\"heading-wrapper\">\n        <h2 class=\"heading\">Nailner 2 w 1 lakier<\/h2>\n      <\/div>\n      <div class=\"product-card-description\">Leczy i rozja\u015bnia paznokcie<\/div>\n                      <\/div>\n  <\/a>\n      <div class=\"button-wrapper\">\n    <a\n      href=https:\/\/nailner.com\/pl\/product\/nailner-2-w-1\/\n      target=_self\n      class=\"theme-button button-primary-color rounded-button\"\n      rel=\"noopener\"\n      title=\"Czytaj wi\u0119cej\"\n    >\n       Czytaj wi\u0119cej\n    <\/a>\n<\/div>  <\/div>\n            <\/div>\n                  <\/div>\n        <div class=\"swiper-scrollbar\"><\/div>\n      <\/div>\n    <\/div>\n  <\/div>\n","protected":false},"excerpt":{"rendered":"","protected":false},"author":1,"featured_media":0,"parent":0,"menu_order":30,"comment_status":"closed","ping_status":"closed","template":"","meta":{"_acf_changed":false,"footnotes":""},"from-article-database":[],"class_list":["post-31","page","type-page","status-publish","hentry"],"acf":[],"yoast_head":"<!-- This site is optimized with the Yoast SEO plugin v26.6 - https:\/\/yoast.com\/wordpress\/plugins\/seo\/ -->\n<title>FAQ - Nailner<\/title>\n<meta name=\"description\" content=\"Cz\u0119sto zadawane pytania: Jak dzia\u0142a Nailner 2 w 1? Czy Nailner 2 w 1 mo\u017cna stosowa\u0107 na pomalowane paznokcie?\" \/>\n<meta name=\"robots\" content=\"index, follow, max-snippet:-1, max-image-preview:large, max-video-preview:-1\" \/>\n<link rel=\"canonical\" href=\"https:\/\/nailner.com\/pl\/faq\/\" \/>\n<meta property=\"og:locale\" content=\"pl_PL\" \/>\n<meta property=\"og:type\" content=\"article\" \/>\n<meta property=\"og:title\" content=\"FAQ - Nailner\" \/>\n<meta property=\"og:description\" content=\"Cz\u0119sto zadawane pytania: Jak dzia\u0142a Nailner 2 w 1? Czy Nailner 2 w 1 mo\u017cna stosowa\u0107 na pomalowane paznokcie?\" \/>\n<meta property=\"og:url\" content=\"https:\/\/nailner.com\/pl\/faq\/\" \/>\n<meta property=\"og:site_name\" content=\"Nailner\" \/>\n<meta property=\"article:modified_time\" content=\"2026-01-07T09:06:44+00:00\" \/>\n<meta name=\"twitter:card\" content=\"summary_large_image\" \/>\n<meta name=\"twitter:label1\" content=\"Szacowany czas czytania\" \/>\n\t<meta name=\"twitter:data1\" content=\"3 minuty\" \/>\n<script type=\"application\/ld+json\" class=\"yoast-schema-graph\">{\"@context\":\"https:\/\/schema.org\",\"@graph\":[{\"@type\":\"WebPage\",\"@id\":\"https:\/\/nailner.com\/pl\/faq\/\",\"url\":\"https:\/\/nailner.com\/pl\/faq\/\",\"name\":\"FAQ - Nailner\",\"isPartOf\":{\"@id\":\"https:\/\/multisite.nailner.com\/pl\/#website\"},\"datePublished\":\"2022-05-23T12:40:55+00:00\",\"dateModified\":\"2026-01-07T09:06:44+00:00\",\"description\":\"Cz\u0119sto zadawane pytania: Jak dzia\u0142a Nailner 2 w 1? Czy Nailner 2 w 1 mo\u017cna stosowa\u0107 na pomalowane paznokcie?\",\"breadcrumb\":{\"@id\":\"https:\/\/nailner.com\/pl\/faq\/#breadcrumb\"},\"inLanguage\":\"pl-PL\",\"potentialAction\":[{\"@type\":\"ReadAction\",\"target\":[\"https:\/\/nailner.com\/pl\/faq\/\"]}]},{\"@type\":\"BreadcrumbList\",\"@id\":\"https:\/\/nailner.com\/pl\/faq\/#breadcrumb\",\"itemListElement\":[{\"@type\":\"ListItem\",\"position\":1,\"name\":\"Home\",\"item\":\"https:\/\/nailner.com\/pl\/\"},{\"@type\":\"ListItem\",\"position\":2,\"name\":\"FAQ\"}]},{\"@type\":\"WebSite\",\"@id\":\"https:\/\/multisite.nailner.com\/pl\/#website\",\"url\":\"https:\/\/multisite.nailner.com\/pl\/\",\"name\":\"Nailner\",\"description\":\"\",\"publisher\":{\"@id\":\"https:\/\/multisite.nailner.com\/pl\/#organization\"},\"potentialAction\":[{\"@type\":\"SearchAction\",\"target\":{\"@type\":\"EntryPoint\",\"urlTemplate\":\"https:\/\/multisite.nailner.com\/pl\/?s={search_term_string}\"},\"query-input\":{\"@type\":\"PropertyValueSpecification\",\"valueRequired\":true,\"valueName\":\"search_term_string\"}}],\"inLanguage\":\"pl-PL\"},{\"@type\":\"Organization\",\"@id\":\"https:\/\/multisite.nailner.com\/pl\/#organization\",\"name\":\"Nailner\",\"url\":\"https:\/\/multisite.nailner.com\/pl\/\",\"logo\":{\"@type\":\"ImageObject\",\"inLanguage\":\"pl-PL\",\"@id\":\"https:\/\/multisite.nailner.com\/pl\/#\/schema\/logo\/image\/\",\"url\":\"https:\/\/nailner.com\/app\/uploads\/sites\/9\/2025\/04\/Nailner-logo.png\",\"contentUrl\":\"https:\/\/nailner.com\/app\/uploads\/sites\/9\/2025\/04\/Nailner-logo.png\",\"width\":134,\"height\":32,\"caption\":\"Nailner\"},\"image\":{\"@id\":\"https:\/\/multisite.nailner.com\/pl\/#\/schema\/logo\/image\/\"}}]}<\/script>\n<!-- \/ Yoast SEO plugin. -->","yoast_head_json":{"title":"FAQ - Nailner","description":"Cz\u0119sto zadawane pytania: Jak dzia\u0142a Nailner 2 w 1? Czy Nailner 2 w 1 mo\u017cna stosowa\u0107 na pomalowane paznokcie?","robots":{"index":"index","follow":"follow","max-snippet":"max-snippet:-1","max-image-preview":"max-image-preview:large","max-video-preview":"max-video-preview:-1"},"canonical":"https:\/\/nailner.com\/pl\/faq\/","og_locale":"pl_PL","og_type":"article","og_title":"FAQ - Nailner","og_description":"Cz\u0119sto zadawane pytania: Jak dzia\u0142a Nailner 2 w 1? Czy Nailner 2 w 1 mo\u017cna stosowa\u0107 na pomalowane paznokcie?","og_url":"https:\/\/nailner.com\/pl\/faq\/","og_site_name":"Nailner","article_modified_time":"2026-01-07T09:06:44+00:00","twitter_card":"summary_large_image","twitter_misc":{"Szacowany czas czytania":"3 minuty"},"schema":{"@context":"https:\/\/schema.org","@graph":[{"@type":"WebPage","@id":"https:\/\/nailner.com\/pl\/faq\/","url":"https:\/\/nailner.com\/pl\/faq\/","name":"FAQ - Nailner","isPartOf":{"@id":"https:\/\/multisite.nailner.com\/pl\/#website"},"datePublished":"2022-05-23T12:40:55+00:00","dateModified":"2026-01-07T09:06:44+00:00","description":"Cz\u0119sto zadawane pytania: Jak dzia\u0142a Nailner 2 w 1? Czy Nailner 2 w 1 mo\u017cna stosowa\u0107 na pomalowane paznokcie?","breadcrumb":{"@id":"https:\/\/nailner.com\/pl\/faq\/#breadcrumb"},"inLanguage":"pl-PL","potentialAction":[{"@type":"ReadAction","target":["https:\/\/nailner.com\/pl\/faq\/"]}]},{"@type":"BreadcrumbList","@id":"https:\/\/nailner.com\/pl\/faq\/#breadcrumb","itemListElement":[{"@type":"ListItem","position":1,"name":"Home","item":"https:\/\/nailner.com\/pl\/"},{"@type":"ListItem","position":2,"name":"FAQ"}]},{"@type":"WebSite","@id":"https:\/\/multisite.nailner.com\/pl\/#website","url":"https:\/\/multisite.nailner.com\/pl\/","name":"Nailner","description":"","publisher":{"@id":"https:\/\/multisite.nailner.com\/pl\/#organization"},"potentialAction":[{"@type":"SearchAction","target":{"@type":"EntryPoint","urlTemplate":"https:\/\/multisite.nailner.com\/pl\/?s={search_term_string}"},"query-input":{"@type":"PropertyValueSpecification","valueRequired":true,"valueName":"search_term_string"}}],"inLanguage":"pl-PL"},{"@type":"Organization","@id":"https:\/\/multisite.nailner.com\/pl\/#organization","name":"Nailner","url":"https:\/\/multisite.nailner.com\/pl\/","logo":{"@type":"ImageObject","inLanguage":"pl-PL","@id":"https:\/\/multisite.nailner.com\/pl\/#\/schema\/logo\/image\/","url":"https:\/\/nailner.com\/app\/uploads\/sites\/9\/2025\/04\/Nailner-logo.png","contentUrl":"https:\/\/nailner.com\/app\/uploads\/sites\/9\/2025\/04\/Nailner-logo.png","width":134,"height":32,"caption":"Nailner"},"image":{"@id":"https:\/\/multisite.nailner.com\/pl\/#\/schema\/logo\/image\/"}}]}},"_links":{"self":[{"href":"https:\/\/nailner.com\/pl\/wp-json\/wp\/v2\/pages\/31","targetHints":{"allow":["GET"]}}],"collection":[{"href":"https:\/\/nailner.com\/pl\/wp-json\/wp\/v2\/pages"}],"about":[{"href":"https:\/\/nailner.com\/pl\/wp-json\/wp\/v2\/types\/page"}],"author":[{"embeddable":true,"href":"https:\/\/nailner.com\/pl\/wp-json\/wp\/v2\/users\/1"}],"replies":[{"embeddable":true,"href":"https:\/\/nailner.com\/pl\/wp-json\/wp\/v2\/comments?post=31"}],"version-history":[{"count":7,"href":"https:\/\/nailner.com\/pl\/wp-json\/wp\/v2\/pages\/31\/revisions"}],"predecessor-version":[{"id":303,"href":"https:\/\/nailner.com\/pl\/wp-json\/wp\/v2\/pages\/31\/revisions\/303"}],"wp:attachment":[{"href":"https:\/\/nailner.com\/pl\/wp-json\/wp\/v2\/media?parent=31"}],"wp:term":[{"taxonomy":"from-article-database","embeddable":true,"href":"https:\/\/nailner.com\/pl\/wp-json\/wp\/v2\/from-article-database?post=31"}],"curies":[{"name":"wp","href":"https:\/\/api.w.org\/{rel}","templated":true}]}}