{"id":6,"date":"2022-05-23T14:18:59","date_gmt":"2022-05-23T12:18:59","guid":{"rendered":"https:\/\/nailner.com\/pl\/?page_id=6"},"modified":"2026-01-07T10:06:44","modified_gmt":"2026-01-07T09:06:44","slug":"nailner","status":"publish","type":"page","link":"https:\/\/nailner.com\/pl\/","title":{"rendered":"Nailner"},"content":{"rendered":"\n\n\n\n\n<div class=\"wp-block-karopharma-free-text pt-large pb-none bg-center bg-cover bg-no-repeat\" style=\"background-image:url()\"><div class=\"free-text-wrapper container max-w-medium text-left\">\n<p class=\"is-style-paragraph-preamble\">W leczeniu grzybicy paznokci oczekujemy nie tylko skuteczno\u015bci i pozbycia si\u0119 problemu, ale jednocze\u015bnie szybkiej poprawy wygl\u0105du p\u0142ytki paznokciowej. Nailner 2 w 1 zawiera formu\u0142\u0119, kt\u00f3ra szybko wnika w g\u0142\u0105b p\u0142ytki ca\u0142ego paznokcia i skutecznie zwalcza grzybic\u0119, co zosta\u0142o potwierdzone badaniem klinicznym.<\/p>\n\n\n\n<p class=\"is-style-paragraph-preamble\">Nailner 2 w 1 nie tylko leczy grzybic\u0119, ale r\u00f3wnocze\u015bnie rozja\u015bnia p\u0142yt\u0119 paznokciow\u0105 i szybko poprawia wygl\u0105d paznokci, daj\u0105c widoczne efekty ju\u017c po 7 dniach. Nailner 2 w1 szybko przywraca paznokciom zdrowy wygl\u0105d.<\/p>\n<\/div><\/div>\n\n\n<div class=\"product-list wp-block-karopharma-product-list\" data-testid=\"product-list\">\n      <div class=\"swiper-container\">\n      <div class=\"swiper\">\n        <div class=\"swiper-wrapper\">\n                      <div class=\"swiper-slide\">\n              <div class=\"product-card\" data-testid=\"product-card\">\n  <a\n    href=https:\/\/nailner.com\/pl\/product\/nailner-2-w-1-sztyft\/\n    class=\"product-card-link\"\n    title=\"Nailner 2 w 1 sztyft\"\n  >\n  <figure class=\"product-card-image\" data-testid=\"product-image\">\n                          <img decoding=\"async\" src=\"https:\/\/nailner.com\/cdn-cgi\/image\/width=700,format=auto\/app\/uploads\/sites\/9\/2024\/01\/Nailner-2-w-1-sztyft.png\"\n        srcset=\"https:\/\/nailner.com\/cdn-cgi\/image\/width=250,format=auto\/app\/uploads\/sites\/9\/2024\/01\/Nailner-2-w-1-sztyft.png 250w,\n                https:\/\/nailner.com\/cdn-cgi\/image\/width=500,format=auto\/app\/uploads\/sites\/9\/2024\/01\/Nailner-2-w-1-sztyft.png 500w,\n                https:\/\/nailner.com\/cdn-cgi\/image\/width=700,format=auto\/app\/uploads\/sites\/9\/2024\/01\/Nailner-2-w-1-sztyft.png 700w\"\n        sizes=\"(max-width: 400px) 250px, (max-width: 800px) 500px, 700px\"\n        alt=\"Nailner 2 w 1 sztyft\"\n        class=\"img\">\n            <\/figure>\n    <div class=\"product-card-content\">\n      <div class=\"heading-wrapper\">\n        <h2 class=\"heading\">Nailner 2 w 1 sztyft<\/h2>\n      <\/div>\n      <div class=\"product-card-description\">Leczy i rozja\u015bnia paznokcie<\/div>\n                      <\/div>\n  <\/a>\n      <div class=\"button-wrapper\">\n    <a\n      href=https:\/\/nailner.com\/pl\/product\/nailner-2-w-1-sztyft\/\n      target=_self\n      class=\"theme-button button-primary-color rounded-button\"\n      rel=\"noopener\"\n      title=\"Czytaj wi\u0119cej\"\n    >\n       Czytaj wi\u0119cej\n    <\/a>\n<\/div>  <\/div>\n            <\/div>\n                      <div class=\"swiper-slide\">\n              <div class=\"product-card\" data-testid=\"product-card\">\n  <a\n    href=https:\/\/nailner.com\/pl\/product\/nailner-2-w-1\/\n    class=\"product-card-link\"\n    title=\"Nailner 2 w 1 lakier\"\n  >\n  <figure class=\"product-card-image\" data-testid=\"product-image\">\n                          <img decoding=\"async\" src=\"https:\/\/nailner.com\/cdn-cgi\/image\/width=700,format=auto\/app\/uploads\/sites\/9\/2022\/05\/Nailner-2-w-1-lakier.png\"\n        srcset=\"https:\/\/nailner.com\/cdn-cgi\/image\/width=250,format=auto\/app\/uploads\/sites\/9\/2022\/05\/Nailner-2-w-1-lakier.png 250w,\n                https:\/\/nailner.com\/cdn-cgi\/image\/width=500,format=auto\/app\/uploads\/sites\/9\/2022\/05\/Nailner-2-w-1-lakier.png 500w,\n                https:\/\/nailner.com\/cdn-cgi\/image\/width=700,format=auto\/app\/uploads\/sites\/9\/2022\/05\/Nailner-2-w-1-lakier.png 700w\"\n        sizes=\"(max-width: 400px) 250px, (max-width: 800px) 500px, 700px\"\n        alt=\"Nailner 2 w 1 lakier\"\n        class=\"img\">\n            <\/figure>\n    <div class=\"product-card-content\">\n      <div class=\"heading-wrapper\">\n        <h2 class=\"heading\">Nailner 2 w 1 lakier<\/h2>\n      <\/div>\n      <div class=\"product-card-description\">Leczy i rozja\u015bnia paznokcie<\/div>\n                      <\/div>\n  <\/a>\n      <div class=\"button-wrapper\">\n    <a\n      href=https:\/\/nailner.com\/pl\/product\/nailner-2-w-1\/\n      target=_self\n      class=\"theme-button button-primary-color rounded-button\"\n      rel=\"noopener\"\n      title=\"Czytaj wi\u0119cej\"\n    >\n       Czytaj wi\u0119cej\n    <\/a>\n<\/div>  <\/div>\n            <\/div>\n                  <\/div>\n        <div class=\"swiper-scrollbar\"><\/div>\n      <\/div>\n    <\/div>\n  <\/div>\n\n\n\n<div class=\"wp-block-karopharma-free-text pt-large pb-large bg-center bg-cover bg-no-repeat bg-box undefined bg small is-style-transparent\" style=\"background-image:url(https:\/\/nailner.com\/cdn-cgi\/image\/format=auto\/app\/uploads\/sites\/9\/2022\/05\/assortmentbathroompla01-1.jpeg)\"><div class=\"free-text-wrapper container small text-center\">\n<h2 class=\"is-style-heading-huge wp-block-heading\" id=\"active-cover\">Nailner 2 w 1<\/h2>\n\n\n\n<p class=\"is-style-paragraph-preamble\">Potwierdzono, \u017ce preparaty Nailner 2w1 lecz\u0105 i zapobiegaj\u0105 grzybicy paznokci oraz s\u0105 \u0142atwe i szybkie w u\u017cyciu.<\/p>\n\n\n\n<div class=\"wp-block-buttons is-layout-flex wp-block-buttons-is-layout-flex\">\n<div class=\"wp-block-button\"><a class=\"wp-block-button__link\" href=\"https:\/\/nailner.com\/pl\/produkty\/\">Dowiedz si\u0119 wi\u0119cej<\/a><\/div>\n<\/div>\n<\/div><\/div>\n","protected":false},"excerpt":{"rendered":"","protected":false},"author":1,"featured_media":45,"parent":0,"menu_order":0,"comment_status":"closed","ping_status":"closed","template":"","meta":{"_acf_changed":false,"footnotes":""},"from-article-database":[],"class_list":["post-6","page","type-page","status-publish","has-post-thumbnail","hentry"],"acf":[],"yoast_head":"<!-- This site is optimized with the Yoast SEO plugin v26.6 - https:\/\/yoast.com\/wordpress\/plugins\/seo\/ -->\n<title>Nailner - Nailner<\/title>\n<meta name=\"description\" content=\"Preparaty Nailner 2 w 1 lecz\u0105 infekcj\u0119 i poprawiaj\u0105 wygl\u0105d paznokci. Dzi\u0119ki temu Twoje paznokcie mog\u0105 wygl\u0105da\u0107 lepiej ju\u017c w trakcie leczenia.\" \/>\n<meta name=\"robots\" content=\"index, follow, max-snippet:-1, max-image-preview:large, max-video-preview:-1\" \/>\n<link rel=\"canonical\" href=\"https:\/\/nailner.com\/pl\/\" \/>\n<meta property=\"og:locale\" content=\"pl_PL\" \/>\n<meta property=\"og:type\" content=\"article\" \/>\n<meta property=\"og:title\" content=\"Nailner - Nailner\" \/>\n<meta property=\"og:description\" content=\"Preparaty Nailner 2 w 1 lecz\u0105 infekcj\u0119 i poprawiaj\u0105 wygl\u0105d paznokci. Dzi\u0119ki temu Twoje paznokcie mog\u0105 wygl\u0105da\u0107 lepiej ju\u017c w trakcie leczenia.\" \/>\n<meta property=\"og:url\" content=\"https:\/\/nailner.com\/pl\/\" \/>\n<meta property=\"og:site_name\" content=\"Nailner\" \/>\n<meta property=\"article:modified_time\" content=\"2026-01-07T09:06:44+00:00\" \/>\n<meta property=\"og:image\" content=\"https:\/\/nailner.com\/app\/uploads\/sites\/9\/2022\/05\/nailner2in1-front-page.png\" \/>\n\t<meta property=\"og:image:width\" content=\"1104\" \/>\n\t<meta property=\"og:image:height\" content=\"1104\" \/>\n\t<meta property=\"og:image:type\" content=\"image\/png\" \/>\n<meta name=\"twitter:card\" content=\"summary_large_image\" \/>\n<meta name=\"twitter:label1\" content=\"Szacowany czas czytania\" \/>\n\t<meta name=\"twitter:data1\" content=\"1 minuta\" \/>\n<script type=\"application\/ld+json\" class=\"yoast-schema-graph\">{\"@context\":\"https:\/\/schema.org\",\"@graph\":[{\"@type\":\"WebPage\",\"@id\":\"https:\/\/nailner.com\/pl\/\",\"url\":\"https:\/\/nailner.com\/pl\/\",\"name\":\"Nailner - Nailner\",\"isPartOf\":{\"@id\":\"https:\/\/multisite.nailner.com\/pl\/#website\"},\"primaryImageOfPage\":{\"@id\":\"https:\/\/nailner.com\/pl\/#primaryimage\"},\"image\":{\"@id\":\"https:\/\/nailner.com\/pl\/#primaryimage\"},\"thumbnailUrl\":\"https:\/\/nailner.com\/app\/uploads\/sites\/9\/2022\/05\/nailner2in1-front-page.png\",\"datePublished\":\"2022-05-23T12:18:59+00:00\",\"dateModified\":\"2026-01-07T09:06:44+00:00\",\"description\":\"Preparaty Nailner 2 w 1 lecz\u0105 infekcj\u0119 i poprawiaj\u0105 wygl\u0105d paznokci. Dzi\u0119ki temu Twoje paznokcie mog\u0105 wygl\u0105da\u0107 lepiej ju\u017c w trakcie leczenia.\",\"breadcrumb\":{\"@id\":\"https:\/\/nailner.com\/pl\/#breadcrumb\"},\"inLanguage\":\"pl-PL\",\"potentialAction\":[{\"@type\":\"ReadAction\",\"target\":[\"https:\/\/nailner.com\/pl\/\"]}]},{\"@type\":\"ImageObject\",\"inLanguage\":\"pl-PL\",\"@id\":\"https:\/\/nailner.com\/pl\/#primaryimage\",\"url\":\"https:\/\/nailner.com\/app\/uploads\/sites\/9\/2022\/05\/nailner2in1-front-page.png\",\"contentUrl\":\"https:\/\/nailner.com\/app\/uploads\/sites\/9\/2022\/05\/nailner2in1-front-page.png\",\"width\":1104,\"height\":1104,\"caption\":\"nailner2in1-front-page\"},{\"@type\":\"BreadcrumbList\",\"@id\":\"https:\/\/nailner.com\/pl\/#breadcrumb\",\"itemListElement\":[{\"@type\":\"ListItem\",\"position\":1,\"name\":\"Home\",\"item\":\"https:\/\/nailner.com\/pl\/\"},{\"@type\":\"ListItem\",\"position\":2,\"name\":\"Nailner\"}]},{\"@type\":\"WebSite\",\"@id\":\"https:\/\/multisite.nailner.com\/pl\/#website\",\"url\":\"https:\/\/multisite.nailner.com\/pl\/\",\"name\":\"Nailner\",\"description\":\"\",\"publisher\":{\"@id\":\"https:\/\/multisite.nailner.com\/pl\/#organization\"},\"potentialAction\":[{\"@type\":\"SearchAction\",\"target\":{\"@type\":\"EntryPoint\",\"urlTemplate\":\"https:\/\/multisite.nailner.com\/pl\/?s={search_term_string}\"},\"query-input\":{\"@type\":\"PropertyValueSpecification\",\"valueRequired\":true,\"valueName\":\"search_term_string\"}}],\"inLanguage\":\"pl-PL\"},{\"@type\":\"Organization\",\"@id\":\"https:\/\/multisite.nailner.com\/pl\/#organization\",\"name\":\"Nailner\",\"url\":\"https:\/\/multisite.nailner.com\/pl\/\",\"logo\":{\"@type\":\"ImageObject\",\"inLanguage\":\"pl-PL\",\"@id\":\"https:\/\/multisite.nailner.com\/pl\/#\/schema\/logo\/image\/\",\"url\":\"https:\/\/nailner.com\/app\/uploads\/sites\/9\/2025\/04\/Nailner-logo.png\",\"contentUrl\":\"https:\/\/nailner.com\/app\/uploads\/sites\/9\/2025\/04\/Nailner-logo.png\",\"width\":134,\"height\":32,\"caption\":\"Nailner\"},\"image\":{\"@id\":\"https:\/\/multisite.nailner.com\/pl\/#\/schema\/logo\/image\/\"}}]}<\/script>\n<!-- \/ Yoast SEO plugin. -->","yoast_head_json":{"title":"Nailner - Nailner","description":"Preparaty Nailner 2 w 1 lecz\u0105 infekcj\u0119 i poprawiaj\u0105 wygl\u0105d paznokci. Dzi\u0119ki temu Twoje paznokcie mog\u0105 wygl\u0105da\u0107 lepiej ju\u017c w trakcie leczenia.","robots":{"index":"index","follow":"follow","max-snippet":"max-snippet:-1","max-image-preview":"max-image-preview:large","max-video-preview":"max-video-preview:-1"},"canonical":"https:\/\/nailner.com\/pl\/","og_locale":"pl_PL","og_type":"article","og_title":"Nailner - Nailner","og_description":"Preparaty Nailner 2 w 1 lecz\u0105 infekcj\u0119 i poprawiaj\u0105 wygl\u0105d paznokci. Dzi\u0119ki temu Twoje paznokcie mog\u0105 wygl\u0105da\u0107 lepiej ju\u017c w trakcie leczenia.","og_url":"https:\/\/nailner.com\/pl\/","og_site_name":"Nailner","article_modified_time":"2026-01-07T09:06:44+00:00","og_image":[{"width":1104,"height":1104,"url":"https:\/\/nailner.com\/app\/uploads\/sites\/9\/2022\/05\/nailner2in1-front-page.png","type":"image\/png"}],"twitter_card":"summary_large_image","twitter_misc":{"Szacowany czas czytania":"1 minuta"},"schema":{"@context":"https:\/\/schema.org","@graph":[{"@type":"WebPage","@id":"https:\/\/nailner.com\/pl\/","url":"https:\/\/nailner.com\/pl\/","name":"Nailner - Nailner","isPartOf":{"@id":"https:\/\/multisite.nailner.com\/pl\/#website"},"primaryImageOfPage":{"@id":"https:\/\/nailner.com\/pl\/#primaryimage"},"image":{"@id":"https:\/\/nailner.com\/pl\/#primaryimage"},"thumbnailUrl":"https:\/\/nailner.com\/app\/uploads\/sites\/9\/2022\/05\/nailner2in1-front-page.png","datePublished":"2022-05-23T12:18:59+00:00","dateModified":"2026-01-07T09:06:44+00:00","description":"Preparaty Nailner 2 w 1 lecz\u0105 infekcj\u0119 i poprawiaj\u0105 wygl\u0105d paznokci. Dzi\u0119ki temu Twoje paznokcie mog\u0105 wygl\u0105da\u0107 lepiej ju\u017c w trakcie leczenia.","breadcrumb":{"@id":"https:\/\/nailner.com\/pl\/#breadcrumb"},"inLanguage":"pl-PL","potentialAction":[{"@type":"ReadAction","target":["https:\/\/nailner.com\/pl\/"]}]},{"@type":"ImageObject","inLanguage":"pl-PL","@id":"https:\/\/nailner.com\/pl\/#primaryimage","url":"https:\/\/nailner.com\/app\/uploads\/sites\/9\/2022\/05\/nailner2in1-front-page.png","contentUrl":"https:\/\/nailner.com\/app\/uploads\/sites\/9\/2022\/05\/nailner2in1-front-page.png","width":1104,"height":1104,"caption":"nailner2in1-front-page"},{"@type":"BreadcrumbList","@id":"https:\/\/nailner.com\/pl\/#breadcrumb","itemListElement":[{"@type":"ListItem","position":1,"name":"Home","item":"https:\/\/nailner.com\/pl\/"},{"@type":"ListItem","position":2,"name":"Nailner"}]},{"@type":"WebSite","@id":"https:\/\/multisite.nailner.com\/pl\/#website","url":"https:\/\/multisite.nailner.com\/pl\/","name":"Nailner","description":"","publisher":{"@id":"https:\/\/multisite.nailner.com\/pl\/#organization"},"potentialAction":[{"@type":"SearchAction","target":{"@type":"EntryPoint","urlTemplate":"https:\/\/multisite.nailner.com\/pl\/?s={search_term_string}"},"query-input":{"@type":"PropertyValueSpecification","valueRequired":true,"valueName":"search_term_string"}}],"inLanguage":"pl-PL"},{"@type":"Organization","@id":"https:\/\/multisite.nailner.com\/pl\/#organization","name":"Nailner","url":"https:\/\/multisite.nailner.com\/pl\/","logo":{"@type":"ImageObject","inLanguage":"pl-PL","@id":"https:\/\/multisite.nailner.com\/pl\/#\/schema\/logo\/image\/","url":"https:\/\/nailner.com\/app\/uploads\/sites\/9\/2025\/04\/Nailner-logo.png","contentUrl":"https:\/\/nailner.com\/app\/uploads\/sites\/9\/2025\/04\/Nailner-logo.png","width":134,"height":32,"caption":"Nailner"},"image":{"@id":"https:\/\/multisite.nailner.com\/pl\/#\/schema\/logo\/image\/"}}]}},"_links":{"self":[{"href":"https:\/\/nailner.com\/pl\/wp-json\/wp\/v2\/pages\/6","targetHints":{"allow":["GET"]}}],"collection":[{"href":"https:\/\/nailner.com\/pl\/wp-json\/wp\/v2\/pages"}],"about":[{"href":"https:\/\/nailner.com\/pl\/wp-json\/wp\/v2\/types\/page"}],"author":[{"embeddable":true,"href":"https:\/\/nailner.com\/pl\/wp-json\/wp\/v2\/users\/1"}],"replies":[{"embeddable":true,"href":"https:\/\/nailner.com\/pl\/wp-json\/wp\/v2\/comments?post=6"}],"version-history":[{"count":9,"href":"https:\/\/nailner.com\/pl\/wp-json\/wp\/v2\/pages\/6\/revisions"}],"predecessor-version":[{"id":343,"href":"https:\/\/nailner.com\/pl\/wp-json\/wp\/v2\/pages\/6\/revisions\/343"}],"wp:featuredmedia":[{"embeddable":true,"href":"https:\/\/nailner.com\/pl\/wp-json\/wp\/v2\/media\/45"}],"wp:attachment":[{"href":"https:\/\/nailner.com\/pl\/wp-json\/wp\/v2\/media?parent=6"}],"wp:term":[{"taxonomy":"from-article-database","embeddable":true,"href":"https:\/\/nailner.com\/pl\/wp-json\/wp\/v2\/from-article-database?post=6"}],"curies":[{"name":"wp","href":"https:\/\/api.w.org\/{rel}","templated":true}]}}